{"id":73617,"date":"2022-06-02T19:47:47","date_gmt":"2022-06-02T19:47:47","guid":{"rendered":"https:\/\/monatglobal.com\/au\/?page_id=69571"},"modified":"2026-02-25T17:54:41","modified_gmt":"2026-02-25T17:54:41","slug":"vinegar-rinse","status":"publish","type":"page","link":"https:\/\/monatglobal.com\/fr\/vinegar-rinse\/","title":{"rendered":"Purifying Vinegar Rinse"},"content":{"rendered":"\n\n\t<link rel=\"stylesheet\" href=\"https:\/\/unpkg.com\/swiper\/swiper-bundle.min.css\" \/>\n<link rel=\"stylesheet\" href=\"https:\/\/monatglobal.com\/wp-content\/creative_css\/product_styles_sheet.css\" \/>\n   <!--==================================================== ECOMM SECTION ====================================================-->\n      <!--==================================================== Ecomm image ====================================================-->\n      <img decoding=\"async\" src=\"https:\/\/monatglobal.com\/wp-content\/uploads\/2022\/04\/Purifying-Vinegar-Rinse-ecomm.png\" alt=\"Purifying Vinegar Rinse \" loading=\"lazy\"\/>\n      <!--==================================================== Ecomm information  ====================================================-->\n         \n           NOUVEAU\n         <h1>Soin rin\u00e7age purifiant au&nbsp;vinaigre <\/h1>\n         \n         <p>Un l\u00e9ger nettoyant semblable \u00e0 de l&#8217;eau qui nettoie et augmente&nbsp;l&#8217;\u00e9clat.<\/p>\n         <p>237 ml \u212e 8 oz liq.<\/p>\n      <!--==================================================== pricing box  ====================================================-->   \n         <p>Prix de d\u00e9tail<br \/>00.00 \u20ac<\/p>\n         <p>Prix de client VIP<br \/>00.00 \u20ac<\/p>\n       <!--==================================================== pricing box  ====================================================-->  \n         <p>Pour en savoir plus sur le Soin rin\u00e7age purifiant au vinaigre  , veuillez contacter votre Partenaire de March\u00e9 MONAT.<\/p> \n      <a href=\"\" target=\"_blank\" role=\"button\" aria-label=\"\" rel=\"noopener\"><\/a>\n   <!--==================================================== \/ECOMM SECTION  ====================================================-->\n   <!--==================================================== Benefits image ====================================================-->\n   \n      <source media=\"(max-width: 700px)\" srcset=\"https:\/\/monatglobal.com\/wp-content\/uploads\/2022\/04\/benefits-mobile-Purifying-Vinegar-rinse.jpg\" loading=\"lazy\"\/>\n      <img decoding=\"async\" alt=\"A brunette woman with curly hair smiling and looking to the side.\" src=\"https:\/\/monatglobal.com\/wp-content\/uploads\/2022\/04\/Purifying-Vinegar-rinse-benefits.jpg\" loading=\"lazy\"\/>\n   \n   <!--==================================================== Benefits text ====================================================-->\n         <h2>BIENFAITS<\/h2>\n         <h3>Ce nettoyant d&#8217;application facile nettoie en profondeur et purifie le cuir chevelu et les&nbsp;cheveux.<\/h3>\n         <p>Les \u00e9mollients naturels emprisonnent l&#8217;humidit\u00e9 dans les cheveux et le cuir chevelu tandis que les extraits de fruits aident \u00e0 augmenter la brillance. Id\u00e9al pour remplacer votre shampooing, laissant les cheveux propres les jours entre deux&nbsp;lavages!<\/p>\n         <!--==================================================== features image  ====================================================-->\n         <img decoding=\"async\" alt=\"Purifying Vinegar Rinse sitting on a wood block next to apples, aloe vera, ginger, \n         apple cider vinegar, a vase with pampas, and a wood muddler. \" src=\"https:\/\/monatglobal.com\/wp-content\/uploads\/2022\/04\/Purifying-Vinegar-rinse-features.jpg\" loading=\"lazy\"\/>\n      <!--==================================================== features text ====================================================-->\n            <h3>Contient des acides amin\u00e9s, des fruits et du vinaigre de cidre de pomme<\/h3>\n                <p>\/ Purifie pour retire les d\u00e9p\u00f4ts de produits, la salet\u00e9 et&nbsp;l&#8217;huile**<\/p>\n                <p>\/ 83 % des utilisatrices ont constat\u00e9 que leurs cheveux \u00e9taient plus doux et plus&nbsp;lisses*<\/p>\n                <p>\/ 80 % des utilisatrices ont constat\u00e9 que leur cuir chevelu \u00e9tait plus hydrat\u00e9 apr\u00e8s une&nbsp;utilisation**<\/p>\n                <p>\/ Augmente l&#8217;\u00e9clat de&nbsp;64&nbsp;%*<\/p> \n                <p>\/ Pr\u00e9serve les&nbsp;colorations<\/p>\n            <p>*Bas\u00e9 sur les tests instrumentaux men\u00e9s par un laboratoire&nbsp;tiers.<br \/> **Une \u00e9tude men\u00e9e par un dermatologue aupr\u00e8s de 35 femmes \u00e2g\u00e9es de 25 \u00e0 55&nbsp;ans.<\/p>\n            <br \/>\n            <p>Parfum \/ Un parfum tropical aux notes juteuses de figue, de fleurs blanches d\u00e9licates et de feuilles de violette, rehauss\u00e9 d&#8217;un soup\u00e7on de v\u00e9tiver, de c\u00e8dre et de&nbsp;mousse. <\/p>\n            <p> Texture \/ Liquide<\/p>\n   <!--==================================================== composition image mobile ====================================================-->\n   <img decoding=\"async\" alt=\"A bottle of Purifying Vinegar Rinse sitting on marble title, resting on a purple wall.\" \n   src=\"https:\/\/monatglobal.com\/wp-content\/uploads\/2022\/04\/Purifying-Vinegar-rinse-features.jpg\" loading=\"lazy\"\/>\n   <!--==================================================== Why it works text ====================================================-->\n      \n      <h3>L&#8217;extrait de vinaigre de cidre de pomme se m\u00e9lange au REJUVENIQE&nbsp;S\u2122 et \u00e0 d&#8217;autres actifs favorisant la sant\u00e9 des cheveux dans ce soin rin\u00e7age semblable \u00e0 l&#8217;eau pour nettoyer les cheveux et le cuir chevelu en profondeur tout en aidant \u00e0 retenir l&#8217;humidit\u00e9, \u00e0 conserver la couleur et \u00e0 augmenter la&nbsp;brillance.<\/h3>\n<!--==================================================== Composition section ====================================================-->\n      <img decoding=\"async\" alt=\"A bottle of Purifying Vinegar Rinse sitting on marble title, resting on a purple wall.\" \n      src=\"https:\/\/monatglobal.com\/wp-content\/uploads\/2022\/04\/Purifying-Vinegar-rinse-comp1.jpg\" loading=\"lazy\"\/>\n      <img decoding=\"async\" alt=\"A brunette woman with wet hair smiling and holding Purifying Vinegar Rinse, overlayed \n      on an image with different ingredients that are in Purifying Vinegar Rinse.\" \n      src=\"https:\/\/monatglobal.com\/wp-content\/uploads\/2022\/04\/Purifying-Vinegar-rinse-comp3.jpg\" loading=\"lazy\"\/>\n            <!--==================================================== Directions text ====================================================--> \n               <h3>Mode d&#8217;emploi<\/h3>\n                    <p>\/ Tourner l&#8217;embout pour&nbsp;l&#8217;ouvrir.<\/p>\n                    <p>\/ Appliquer sur les cheveux et le cuir chevelu&nbsp;mouill\u00e9s. <\/p>\n                    <p>\/ Masser pour faire mousser pendant 1 \u00e0 3&nbsp;minutes.<\/p>\n                    <p>\/ Rincer.<\/p>\n                    <p>\/ Utiliser ensuite votre revitalisant ou masque MONAT&nbsp;pr\u00e9f\u00e9r\u00e9. <\/p>\n            <!--==================================================== Directions video ====================================================-->\n      <p>Purifying Vinegar Rinse <br \/>0:00<\/p> \n  <a href=\"\" target=\"_blank\" role=\"button\" aria-label=\"\" rel=\"noopener\"><\/a>\n   <!--==================================================== Ingredients section  ====================================================-->\n      <h2>PRINCIPAUX INGR\u00c9DIENTS<\/h2>\n               <p>Vinaigre de cidre de pomme<\/p>\n               <p>REJUVENIQE S\u2122 <\/p>\n               <p>Jus de feuille d&#8217;aloe vera<\/p>\n               <p>Extrait de racine de gingembre<\/p>\n               <p>Extrait d&#8217;\u00e9corce d&#8217;\u00e9pinette noire<\/p>\n               <p>Squalane d&#8217;origine v\u00e9g\u00e9tale<\/p>\n        <button id=\"myBtn\" type=\"button\">LISTE D&#8217;INGR\u00c9DIENTS<\/button>\n      <!--==================================================== Modal content  ====================================================-->\n         &times;\n         Aqua\/Water\/Eau, Propanediol, Glycerin, Vinegar\/Acetum\/Vinaigre, Cetrimonium\n            Chloride, Pentylene Glycol, Sodium Cocoyl Glutamate, Adansonia Digitata Oil,\n            Caryocar Brasiliense Fruit Oil, Cocos Nucifera (Coconut) Oil, Gardenia Taitensis Flower\n            Extract, Helianthus Annuus (Sunflower) Seed Oil, Mauritia Flexuosa Fruit Oil, Moringa\n            Oleifera Seed Oil, Simmondsia Chinensis (Jojoba) Seed Extract, Citrus Aurantifolia\n            (Lime) Oil, Citrus Aurantium Bergamia (Bergamot) Fruit Oil, Zingiber Officinale (Ginger)\n            Root Extract, Camellia Oleifera Seed Oil, Olea Europaea (Olive) Fruit Oil, Citrus Limon\n            (Lemon) Peel Oil, Daucus Carota Sativa (Carrot) Seed Oil, Solanum Lycopersicum\n            (Tomato) Seed Oil, Picea Mariana Bark Extract, Crambe Abyssinica Seed Oil,\n            Hydrogenated Lecithin, Limnanthes Alba (Meadowfoam) Seed Oil, Bisabolol, Squalane,\n            Aloe Barbadensis Leaf Juice, Polyglyceryl-10 Oleate, Panthenol, Phenethyl Alcohol,\n            Polyquaternium-7, Fragrance\/Parfum, Polyglyceryl-10 Laurate, Citric Acid, Sodium\n            Benzoate, Potassium Sorbate, Caprylyl\/Capryl Glucoside.\n   <!--==================================================== You might also like section ====================================================-->\n      <h2>VOUS POURRIEZ AUSSI AIMER<\/h2>\n      <!--==================================================== Slider YOU MIGHT ALSO LIKE ====================================================-->\n         <!--==================================================== If we need navigation buttons  ====================================================-->\n         <!--==================================================== If we need paginations  ====================================================-->\n    <a href=\"\" aria-label=\"\"><\/a>\n<!--==================================================== this link has to go last for it to work   ====================================================-->\n\n","protected":false},"excerpt":{"rendered":"<p>NOUVEAU Soin rin\u00e7age purifiant au&nbsp;vinaigre Un l\u00e9ger nettoyant semblable \u00e0 de l&#8217;eau qui nettoie et augmente&nbsp;l&#8217;\u00e9clat. 237 ml \u212e 8 oz liq. Prix de d\u00e9tail00.00 \u20ac Prix de client VIP00.00 \u20ac Pour en savoir plus sur le Soin rin\u00e7age purifiant au vinaigre , veuillez contacter votre Partenaire de March\u00e9 MONAT. BIENFAITS Ce nettoyant d&#8217;application facile&hellip;<\/p>\n","protected":false},"author":31,"featured_media":109390,"parent":0,"menu_order":0,"comment_status":"closed","ping_status":"closed","template":"","meta":{"inline_featured_image":false,"om_disable_all_campaigns":false,"_monsterinsights_skip_tracking":false,"_monsterinsights_sitenote_active":false,"_monsterinsights_sitenote_note":"","_monsterinsights_sitenote_category":0,"footnotes":""},"categories":[20],"tags":[],"class_list":["post-73617","page","type-page","status-publish","has-post-thumbnail","hentry","category-product-fr"],"aioseo_notices":[],"aioseo_head":"\n\t\t<!-- All in One SEO Pro 4.9.5.2 - aioseo.com -->\n\t<meta name=\"description\" content=\"NOUVEAU Soin rin\u00e7age purifiant au vinaigre Un l\u00e9ger nettoyant semblable \u00e0 de l&#039;eau qui nettoie et augmente l&#039;\u00e9clat. 237 ml \u212e 8 oz liq. Prix de d\u00e9tail00.00 \u20ac Prix de client VIP00.00 \u20ac Pour en savoir plus sur le Soin rin\u00e7age purifiant au vinaigre , veuillez contacter votre Partenaire de March\u00e9 MONAT. BIENFAITS Ce nettoyant d&#039;application facile\" \/>\n\t<meta name=\"robots\" content=\"noindex, nofollow, max-image-preview:large\" \/>\n\t<link rel=\"canonical\" href=\"https:\/\/monatglobal.com\/fr\/vinegar-rinse\/\" \/>\n\t<meta name=\"generator\" content=\"All in One SEO Pro (AIOSEO) 4.9.5.2\" \/>\n\t\t<meta property=\"og:locale\" content=\"en_US\" \/>\n\t\t<meta property=\"og:site_name\" content=\"MONAT France - We Are Modern Nature\u2122\" \/>\n\t\t<meta property=\"og:type\" content=\"article\" \/>\n\t\t<meta property=\"og:title\" content=\"Purifying Vinegar Rinse - MONAT France\" \/>\n\t\t<meta property=\"og:description\" content=\"NOUVEAU Soin rin\u00e7age purifiant au vinaigre Un l\u00e9ger nettoyant semblable \u00e0 de l&#039;eau qui nettoie et augmente l&#039;\u00e9clat. 237 ml \u212e 8 oz liq. Prix de d\u00e9tail00.00 \u20ac Prix de client VIP00.00 \u20ac Pour en savoir plus sur le Soin rin\u00e7age purifiant au vinaigre , veuillez contacter votre Partenaire de March\u00e9 MONAT. BIENFAITS Ce nettoyant d&#039;application facile\" \/>\n\t\t<meta property=\"og:url\" content=\"https:\/\/monatglobal.com\/fr\/vinegar-rinse\/\" \/>\n\t\t<meta property=\"article:published_time\" content=\"2022-06-02T19:47:47+00:00\" \/>\n\t\t<meta property=\"article:modified_time\" content=\"2026-02-25T17:54:41+00:00\" \/>\n\t\t<meta name=\"twitter:card\" content=\"summary_large_image\" \/>\n\t\t<meta name=\"twitter:title\" content=\"Purifying Vinegar Rinse - MONAT France\" \/>\n\t\t<meta name=\"twitter:description\" content=\"NOUVEAU Soin rin\u00e7age purifiant au vinaigre Un l\u00e9ger nettoyant semblable \u00e0 de l&#039;eau qui nettoie et augmente l&#039;\u00e9clat. 237 ml \u212e 8 oz liq. Prix de d\u00e9tail00.00 \u20ac Prix de client VIP00.00 \u20ac Pour en savoir plus sur le Soin rin\u00e7age purifiant au vinaigre , veuillez contacter votre Partenaire de March\u00e9 MONAT. BIENFAITS Ce nettoyant d&#039;application facile\" \/>\n\t\t<script type=\"application\/ld+json\" class=\"aioseo-schema\">\n\t\t\t{\"@context\":\"https:\\\/\\\/schema.org\",\"@graph\":[{\"@type\":\"BreadcrumbList\",\"@id\":\"https:\\\/\\\/monatglobal.com\\\/fr\\\/vinegar-rinse\\\/#breadcrumblist\",\"itemListElement\":[{\"@type\":\"ListItem\",\"@id\":\"https:\\\/\\\/monatglobal.com\\\/fr#listItem\",\"position\":1,\"name\":\"Home\",\"item\":\"https:\\\/\\\/monatglobal.com\\\/fr\",\"nextItem\":{\"@type\":\"ListItem\",\"@id\":\"https:\\\/\\\/monatglobal.com\\\/fr\\\/vinegar-rinse\\\/#listItem\",\"name\":\"Purifying Vinegar Rinse\"}},{\"@type\":\"ListItem\",\"@id\":\"https:\\\/\\\/monatglobal.com\\\/fr\\\/vinegar-rinse\\\/#listItem\",\"position\":2,\"name\":\"Purifying Vinegar Rinse\",\"previousItem\":{\"@type\":\"ListItem\",\"@id\":\"https:\\\/\\\/monatglobal.com\\\/fr#listItem\",\"name\":\"Home\"}}]},{\"@type\":\"Organization\",\"@id\":\"https:\\\/\\\/monatglobal.com\\\/fr\\\/#organization\",\"name\":\"MONAT France\",\"description\":\"We Are Modern Nature\\u2122\",\"url\":\"https:\\\/\\\/monatglobal.com\\\/fr\\\/\"},{\"@type\":\"WebPage\",\"@id\":\"https:\\\/\\\/monatglobal.com\\\/fr\\\/vinegar-rinse\\\/#webpage\",\"url\":\"https:\\\/\\\/monatglobal.com\\\/fr\\\/vinegar-rinse\\\/\",\"name\":\"Purifying Vinegar Rinse - MONAT France\",\"description\":\"NOUVEAU Soin rin\\u00e7age purifiant au vinaigre Un l\\u00e9ger nettoyant semblable \\u00e0 de l'eau qui nettoie et augmente l'\\u00e9clat. 237 ml \\u212e 8 oz liq. Prix de d\\u00e9tail00.00 \\u20ac Prix de client VIP00.00 \\u20ac Pour en savoir plus sur le Soin rin\\u00e7age purifiant au vinaigre , veuillez contacter votre Partenaire de March\\u00e9 MONAT. BIENFAITS Ce nettoyant d'application facile\",\"inLanguage\":\"en-US\",\"isPartOf\":{\"@id\":\"https:\\\/\\\/monatglobal.com\\\/fr\\\/#website\"},\"breadcrumb\":{\"@id\":\"https:\\\/\\\/monatglobal.com\\\/fr\\\/vinegar-rinse\\\/#breadcrumblist\"},\"image\":{\"@type\":\"ImageObject\",\"url\":\"https:\\\/\\\/monatglobal.com\\\/fr\\\/wp-content\\\/uploads\\\/sites\\\/19\\\/2026\\\/02\\\/Purifying-Vinegar-Rinse-ecomm.png\",\"@id\":\"https:\\\/\\\/monatglobal.com\\\/fr\\\/vinegar-rinse\\\/#mainImage\",\"width\":641,\"height\":800},\"primaryImageOfPage\":{\"@id\":\"https:\\\/\\\/monatglobal.com\\\/fr\\\/vinegar-rinse\\\/#mainImage\"},\"datePublished\":\"2022-06-02T19:47:47+01:00\",\"dateModified\":\"2026-02-25T17:54:41+00:00\"},{\"@type\":\"WebSite\",\"@id\":\"https:\\\/\\\/monatglobal.com\\\/fr\\\/#website\",\"url\":\"https:\\\/\\\/monatglobal.com\\\/fr\\\/\",\"name\":\"MONAT France\",\"description\":\"We Are Modern Nature\\u2122\",\"inLanguage\":\"en-US\",\"publisher\":{\"@id\":\"https:\\\/\\\/monatglobal.com\\\/fr\\\/#organization\"}}]}\n\t\t<\/script>\n\t\t<!-- All in One SEO Pro -->\r\n\t\t<title>Purifying Vinegar Rinse - MONAT France<\/title>\n\n","aioseo_head_json":{"title":"Purifying Vinegar Rinse - MONAT France","description":"NOUVEAU Soin rin\u00e7age purifiant au vinaigre Un l\u00e9ger nettoyant semblable \u00e0 de l'eau qui nettoie et augmente l'\u00e9clat. 237 ml \u212e 8 oz liq. Prix de d\u00e9tail00.00 \u20ac Prix de client VIP00.00 \u20ac Pour en savoir plus sur le Soin rin\u00e7age purifiant au vinaigre , veuillez contacter votre Partenaire de March\u00e9 MONAT. BIENFAITS Ce nettoyant d'application facile","canonical_url":"https:\/\/monatglobal.com\/fr\/vinegar-rinse\/","robots":"noindex, nofollow, max-image-preview:large","keywords":"","webmasterTools":{"miscellaneous":""},"schema":{"@context":"https:\/\/schema.org","@graph":[{"@type":"BreadcrumbList","@id":"https:\/\/monatglobal.com\/fr\/vinegar-rinse\/#breadcrumblist","itemListElement":[{"@type":"ListItem","@id":"https:\/\/monatglobal.com\/fr#listItem","position":1,"name":"Home","item":"https:\/\/monatglobal.com\/fr","nextItem":{"@type":"ListItem","@id":"https:\/\/monatglobal.com\/fr\/vinegar-rinse\/#listItem","name":"Purifying Vinegar Rinse"}},{"@type":"ListItem","@id":"https:\/\/monatglobal.com\/fr\/vinegar-rinse\/#listItem","position":2,"name":"Purifying Vinegar Rinse","previousItem":{"@type":"ListItem","@id":"https:\/\/monatglobal.com\/fr#listItem","name":"Home"}}]},{"@type":"Organization","@id":"https:\/\/monatglobal.com\/fr\/#organization","name":"MONAT France","description":"We Are Modern Nature\u2122","url":"https:\/\/monatglobal.com\/fr\/"},{"@type":"WebPage","@id":"https:\/\/monatglobal.com\/fr\/vinegar-rinse\/#webpage","url":"https:\/\/monatglobal.com\/fr\/vinegar-rinse\/","name":"Purifying Vinegar Rinse - MONAT France","description":"NOUVEAU Soin rin\u00e7age purifiant au vinaigre Un l\u00e9ger nettoyant semblable \u00e0 de l'eau qui nettoie et augmente l'\u00e9clat. 237 ml \u212e 8 oz liq. Prix de d\u00e9tail00.00 \u20ac Prix de client VIP00.00 \u20ac Pour en savoir plus sur le Soin rin\u00e7age purifiant au vinaigre , veuillez contacter votre Partenaire de March\u00e9 MONAT. BIENFAITS Ce nettoyant d'application facile","inLanguage":"en-US","isPartOf":{"@id":"https:\/\/monatglobal.com\/fr\/#website"},"breadcrumb":{"@id":"https:\/\/monatglobal.com\/fr\/vinegar-rinse\/#breadcrumblist"},"image":{"@type":"ImageObject","url":"https:\/\/monatglobal.com\/fr\/wp-content\/uploads\/sites\/19\/2026\/02\/Purifying-Vinegar-Rinse-ecomm.png","@id":"https:\/\/monatglobal.com\/fr\/vinegar-rinse\/#mainImage","width":641,"height":800},"primaryImageOfPage":{"@id":"https:\/\/monatglobal.com\/fr\/vinegar-rinse\/#mainImage"},"datePublished":"2022-06-02T19:47:47+01:00","dateModified":"2026-02-25T17:54:41+00:00"},{"@type":"WebSite","@id":"https:\/\/monatglobal.com\/fr\/#website","url":"https:\/\/monatglobal.com\/fr\/","name":"MONAT France","description":"We Are Modern Nature\u2122","inLanguage":"en-US","publisher":{"@id":"https:\/\/monatglobal.com\/fr\/#organization"}}]},"og:locale":"en_US","og:site_name":"MONAT France - We Are Modern Nature\u2122","og:type":"article","og:title":"Purifying Vinegar Rinse - MONAT France","og:description":"NOUVEAU Soin rin\u00e7age purifiant au vinaigre Un l\u00e9ger nettoyant semblable \u00e0 de l'eau qui nettoie et augmente l'\u00e9clat. 237 ml \u212e 8 oz liq. Prix de d\u00e9tail00.00 \u20ac Prix de client VIP00.00 \u20ac Pour en savoir plus sur le Soin rin\u00e7age purifiant au vinaigre , veuillez contacter votre Partenaire de March\u00e9 MONAT. BIENFAITS Ce nettoyant d'application facile","og:url":"https:\/\/monatglobal.com\/fr\/vinegar-rinse\/","article:published_time":"2022-06-02T19:47:47+00:00","article:modified_time":"2026-02-25T17:54:41+00:00","twitter:card":"summary_large_image","twitter:title":"Purifying Vinegar Rinse - MONAT France","twitter:description":"NOUVEAU Soin rin\u00e7age purifiant au vinaigre Un l\u00e9ger nettoyant semblable \u00e0 de l'eau qui nettoie et augmente l'\u00e9clat. 237 ml \u212e 8 oz liq. Prix de d\u00e9tail00.00 \u20ac Prix de client VIP00.00 \u20ac Pour en savoir plus sur le Soin rin\u00e7age purifiant au vinaigre , veuillez contacter votre Partenaire de March\u00e9 MONAT. BIENFAITS Ce nettoyant d'application facile"},"aioseo_meta_data":{"post_id":"73617","title":null,"description":null,"keywords":[],"keyphrases":{"focus":{"keyphrase":"","score":0,"analysis":{"keyphraseInTitle":{"score":0,"maxScore":9,"error":1}}},"additional":[]},"primary_term":null,"canonical_url":null,"og_title":null,"og_description":null,"og_object_type":"default","og_image_type":"default","og_image_url":null,"og_image_width":null,"og_image_height":null,"og_image_custom_url":null,"og_image_custom_fields":null,"og_video":"","og_custom_url":null,"og_article_section":null,"og_article_tags":[],"twitter_use_og":false,"twitter_card":"default","twitter_image_type":"default","twitter_image_url":null,"twitter_image_custom_url":null,"twitter_image_custom_fields":null,"twitter_title":null,"twitter_description":null,"schema":{"blockGraphs":[],"customGraphs":[],"default":{"data":{"Article":[],"Course":[],"Dataset":[],"FAQPage":[],"Movie":[],"Person":[],"Product":[],"ProductReview":[],"Car":[],"Recipe":[],"Service":[],"SoftwareApplication":[],"WebPage":[]},"graphName":"WebPage","isEnabled":true},"graphs":[]},"schema_type":"default","schema_type_options":null,"pillar_content":false,"robots_default":true,"robots_noindex":false,"robots_noarchive":false,"robots_nosnippet":false,"robots_nofollow":false,"robots_noimageindex":false,"robots_noodp":false,"robots_notranslate":false,"robots_max_snippet":"-1","robots_max_videopreview":"-1","robots_max_imagepreview":"large","priority":null,"frequency":"default","local_seo":null,"seo_analyzer_scan_date":"2026-02-25 18:31:36","breadcrumb_settings":null,"limit_modified_date":false,"reviewed_by":null,"open_ai":null,"ai":null,"created":"2024-02-12 05:29:01","updated":"2026-02-25 18:49:42"},"aioseo_breadcrumb":"<div class=\"aioseo-breadcrumbs\"><span class=\"aioseo-breadcrumb\">\n\t<a href=\"https:\/\/monatglobal.com\/fr\" title=\"Home\">Home<\/a>\n<\/span><span class=\"aioseo-breadcrumb-separator\">&raquo;<\/span><span class=\"aioseo-breadcrumb\">\n\tPurifying Vinegar Rinse\n<\/span><\/div>","aioseo_breadcrumb_json":[{"label":"Home","link":"https:\/\/monatglobal.com\/fr"},{"label":"Purifying Vinegar Rinse","link":"https:\/\/monatglobal.com\/fr\/vinegar-rinse\/"}],"_links":{"self":[{"href":"https:\/\/monatglobal.com\/fr\/wp-json\/wp\/v2\/pages\/73617","targetHints":{"allow":["GET"]}}],"collection":[{"href":"https:\/\/monatglobal.com\/fr\/wp-json\/wp\/v2\/pages"}],"about":[{"href":"https:\/\/monatglobal.com\/fr\/wp-json\/wp\/v2\/types\/page"}],"author":[{"embeddable":true,"href":"https:\/\/monatglobal.com\/fr\/wp-json\/wp\/v2\/users\/31"}],"replies":[{"embeddable":true,"href":"https:\/\/monatglobal.com\/fr\/wp-json\/wp\/v2\/comments?post=73617"}],"version-history":[{"count":29,"href":"https:\/\/monatglobal.com\/fr\/wp-json\/wp\/v2\/pages\/73617\/revisions"}],"predecessor-version":[{"id":109391,"href":"https:\/\/monatglobal.com\/fr\/wp-json\/wp\/v2\/pages\/73617\/revisions\/109391"}],"wp:featuredmedia":[{"embeddable":true,"href":"https:\/\/monatglobal.com\/fr\/wp-json\/wp\/v2\/media\/109390"}],"wp:attachment":[{"href":"https:\/\/monatglobal.com\/fr\/wp-json\/wp\/v2\/media?parent=73617"}],"wp:term":[{"taxonomy":"category","embeddable":true,"href":"https:\/\/monatglobal.com\/fr\/wp-json\/wp\/v2\/categories?post=73617"},{"taxonomy":"post_tag","embeddable":true,"href":"https:\/\/monatglobal.com\/fr\/wp-json\/wp\/v2\/tags?post=73617"}],"curies":[{"name":"wp","href":"https:\/\/api.w.org\/{rel}","templated":true}]}}