{"id":73469,"date":"2022-07-28T15:47:31","date_gmt":"2022-07-28T15:47:31","guid":{"rendered":"https:\/\/monatglobal.com\/au\/?page_id=73469"},"modified":"2026-02-25T18:57:36","modified_gmt":"2026-02-25T18:57:36","slug":"volume-spray","status":"publish","type":"page","link":"https:\/\/monatglobal.com\/fr\/volume-spray\/","title":{"rendered":"Spray volumisant et amplifiant MONAT STUDIO ONE\u2122"},"content":{"rendered":"\n\n\t<link rel=\"stylesheet\" href=\"https:\/\/unpkg.com\/swiper\/swiper-bundle.min.css\" \/>\n<link rel=\"stylesheet\" href=\"https:\/\/monatglobal.com\/wp-content\/creative_css\/product_styles_sheet.css\" \/>\n    <!--==================================================== ECOMM SECTION ====================================================-->\n        <!--==================================================== Ecomm image ====================================================-->\n            \n                <img decoding=\"async\" src=\"https:\/\/monatglobal.com\/es\/wp-content\/uploads\/sites\/10\/2022\/03\/STUDIO-ONE-VOLUME-LIFT-SPRAY_-ecomm.png\" alt=\"\u201eBE PURIFIED\u2122 dr\u0117kinamasis kremas be aliejaus\" loading=\"lazy\"\/>\n            \n        <!--==================================================== Ecomm information  ====================================================-->\n            \n            <h1>Spray volumisant<br \/>et amplifiant<\/h1>\n            <p>MONAT STUDIO ONE\u2122<\/p>\n            <p>Un puissant vaporisateur liquide regorgeant d&#8217;ingr\u00e9dients actifs qui soul\u00e8ve les cheveux \u00e0 la racine, ajoutant corps, volume et rebond de longue dur\u00e9e aux cheveux fins et plats, sans les alourdir.<\/p>\n            <p>134 ml \u212e 4,5 oz liq<\/p>\n          <!--==================================================== pricing box  ====================================================-->  \n         <p>Prix de d\u00e9tail<br \/>00.00 \u20ac<\/p>\n         <p>Prix de client VIP<br \/>00.00 \u20ac<\/p>\n          <!--==================================================== pricing box  ====================================================-->  \n            <p>Pour en savoir plus sur le Spray volumisant et amplifiant MONAT STUDIO ONE\u2122, veuillez contacter votre Partenaire de March\u00e9 MONAT.<\/p>\n      <a href=\"\" target=\"_blank\" role=\"button\" aria-label=\"\" rel=\"noopener\"><\/a>\n    <!--==================================================== \/ECOMM SECTION  ====================================================-->\n    <!--==================================================== Benefits image ====================================================-->\n    \n        <source media=\"(max-width: 700px)\" srcset=\"https:\/\/monatglobal.com\/es\/wp-content\/uploads\/sites\/10\/2022\/03\/benefits-mobile-Volume-Lift-Spray.jpg\" loading=\"lazy\"\/>\n        <img decoding=\"async\" src=\"https:\/\/monatglobal.com\/es\/wp-content\/uploads\/sites\/10\/2022\/03\/Volume-Lift-Spray-benefits.jpg\" alt=\"\" loading=\"lazy\"\/>\n    \n    <!--==================================================== Benefits text ====================================================-->\n            <h2>Bienfaits<\/h2>\n            <h3>Transforme les cheveux plats et sans vie en crini\u00e8re volumineuse et luxueuse.<\/h3>\n            <p>Ce vaporisateur donne volume, corps et rebond sans alourdir les cheveux et sans rigidit\u00e9.<\/p>\n            <!--==================================================== features image  ====================================================-->\n            <img decoding=\"async\" alt=\"\" src=\"https:\/\/monatglobal.com\/es\/wp-content\/uploads\/sites\/10\/2022\/03\/Volume-Lift-Spray-.jpg\" loading=\"lazy\"\/>\n        <!--==================================================== features text ====================================================-->\n                <h3>Donne corps, volume et rebond instantan\u00e9s aux cheveux.<\/h3>\n                    <p>\/ Soul\u00e8ve les racines et donne un volume de longue dur\u00e9e<\/p>\n                    <p>\/ Offre corps et volume, emp\u00eachant la chevelure de s&#8217;aplatir au cours de la journ\u00e9e<\/p>\n                    <p>\/ Am\u00e9liore la densit\u00e9 et la force des cheveux<\/p>\n                    <p>\/ Ajoute du volume \u00e0 la racine<\/p>\n                    <p>\/ Laisse les cheveux doux et pr\u00eats \u00e0 \u00eatre coiff\u00e9s<\/p>\n                    <p>\/ Sans risque pour les cheveux color\u00e9s<\/p>\n                    <br \/>\n                <p>Fragrance<\/p>\n                <p> Texture<\/p>\n    <!--==================================================== composition image mobile ====================================================-->\n    <img decoding=\"async\" alt=\"\" src=\"https:\/\/monatglobal.com\/es\/wp-content\/uploads\/sites\/10\/2022\/03\/Volume-Lift-Spray_.jpg\" loading=\"lazy\"\/>\n    <!--==================================================== Why it works text ====================================================-->\n        <h2>Ce l\u00e9ger vaporisateur donne corps et volume de longue dur\u00e9e aux cheveux fins et plats.<\/h2>\n        <h3>Ce l\u00e9ger vaporisateur donne du volume et du corps aux cheveux sans les alourdir et sans rigidit\u00e9.<\/h3>\n        \n<!--==================================================== Composition section ====================================================-->\n        <img decoding=\"async\" alt=\"\" src=\"https:\/\/monatglobal.com\/es\/wp-content\/uploads\/sites\/10\/2022\/03\/Volume-Lift-Spray_.jpg\" loading=\"lazy\"\/>\n        <img decoding=\"async\" alt=\"\" src=\"https:\/\/monatglobal.com\/es\/wp-content\/uploads\/sites\/10\/2022\/03\/Volume-Lift-Spray-comp-3.jpg\" loading=\"lazy\"\/>\n                <!--==================================================== Directions text ====================================================--> \n                    <h3>Mode d&#8217;emploi<\/h3>\n                        <p>\/ Vaporiser sur cheveux humides, des racines jusqu&#8217;aux pointes. <\/p>\n                        <p>\/ Brosser pour assurer une distribution uniforme. <\/p>\n                        <p>\/ S\u00e9cher au s\u00e8che-cheveux et coiffer comme d&#8217;habitude.<\/p>\n                <!--==================================================== Directions video ====================================================-->\n        <p>Be Balanced\u2122 <br \/>Lightweight Moisturizer <br \/>0:35<\/p>\n  <a href=\"\" target=\"_blank\" role=\"button\" aria-label=\"\" rel=\"noopener\"><\/a>\n    <!--==================================================== Ingredients section  ====================================================-->\n        <h2>PRINCIPAUX INGR\u00c9DIENTS<\/h2>\n                <p>REJUVENIQE S\u2122 <\/p>\n                <p>KeraMatch\u2122<\/p>\n            <!---->\n            <!--    -->\n            <!--        -->\n            <!--    -->\n            <!--    <p>ANAGAIN\u2122<\/p>-->\n            <!---->\n                <p>Alo\u00e8s Panth\u00e9nol<\/p>\n                <p>Extrait de melon d&#8217;eau<\/p>\n        <button id=\"myBtn\" type=\"button\">LISTE D&#8217;INGR\u00c9DIENTS<\/button>\n        <!--==================================================== Modal content  ====================================================-->\n            &times;\n            <p>Alcohol Denat., Aqua\/Water\/Eau, Polyimide-1, Fragrance\/Parfum, Polyurethane-14, Citrus Limon (Lemon) Peel Oil, Citrus Aurantifolia (Lime) Oil, Citrus Aurantium Bergamia (Bergamot) Fruit Oil, Adansonia Digitata Oil, Mauritia Flexuosa Fruit Oil, Cocos Nucifera (Coconut) Oil, Gardenia Taitensis Flower Extract, Moringa Oleifera Seed Oil, Caryocar Brasiliense Fruit Oil, Helianthus Annuus (Sunflower) Seed Oil, Simmondsia Chinensis (Jojoba) Seed Extract, Daucus Carota Sativa (Carrot) Seed Oil, Olea Europaea (Olive) Fruit Oil, Camellia Oleifera Seed Oil, Solanum Lycopersicum (Tomato) Seed Oil, Crambe Abyssinica Seed Oil, Limnanthes Alba (Meadowfoam) Seed Oil, Pisum Sativum (Pea) Sprout Extract, Aminomethyl Propanol, AMP-Acrylates Copolymer, Cinnamidopropyltrimonium Chloride, Isomalt, PEG-8 Dimethicone, Aloe Barbadensis Leaf Juice, Citric Acid, Glycerin, Citrullus Lanatus (Watermelon) Fruit Extract, Hydrolyzed Pea Protein, Hydrolyzed Vegetable Protein, Panthenol, Potassium Sorbate, Sodium Benzoate.<\/p>\n    <!--==================================================== You might also like section ====================================================-->\n        <h2>VOUS POURRIEZ AUSSI AIMER<\/h2>\n        <!--==================================================== Slider YOU MIGHT ALSO LIKE ====================================================-->\n        <!---->\n        <!--    -->\n                <!-- Slides products-->\n        <!--        -->\n        <!--            <a href=\"https:\/\/monatglobal.com\/fr\/volumizing-revive-shampoo\" aria-label=\"Go to Shampooing volumisant Revive\u2122 page\">-->\n        <!--                <img decoding=\"async\" src=\"https:\/\/monatglobal.com\/nz\/wp-content\/uploads\/sites\/15\/2022\/10\/volumizing-revive-shampoo-ecomm.jpg\" alt=\"Shampooing volumisant Revive\u2122\" loading=\"lazy\"\/>-->\n        <!--                <p>Shampooing volumisant<br \/>Revive\u2122<\/p>-->\n        <!--            <\/a>-->\n        <!--        -->\n        <!--        -->\n        <!--            <a href=\"https:\/\/monatglobal.com\/fr\/volumizing-revitalize-conditioner\" aria-label=\"Go to Apr\u00e8s-shampooing volumisant Revitalize\u2122 page\">-->\n        <!--                <img decoding=\"async\" src=\"https:\/\/monatglobal.com\/wp-content\/uploads\/2022\/12\/Volumizing-revitalize-conditioner_Ecomm-min.png\" alt=\"Apr\u00e8s-shampooing volumisant Revitalize\u2122\" loading=\"lazy\"\/>-->\n        <!--                <p>Apr\u00e8s-shampooing volumisant<br \/>Revitalize\u2122<\/p>-->\n        <!--            <\/a>-->\n        <!--        -->\n        <!--        -->\n        <!--            <a href=\"https:\/\/monatglobal.com\/fr\/conditioning-dry-shampoo\/\" aria-label=\"Go to Shampooing sec The Champ\u2122 MONAT STUDIO ONE\u2122 page\">-->\n        <!--                <img decoding=\"async\" src=\"https:\/\/monatglobal.com\/wp-content\/uploads\/2022\/12\/CHAMPU-ACONDICIONADOR-EN-SECO-MONAT-STUDIO-ONE-THE-CHAMP-ecomm.png\" alt=\"Shampooing sec The Champ\u2122 MONAT STUDIO ONE\u2122\" loading=\"lazy\"\/>-->\n        <!--                <p>Shampooing sec The Champ\u2122<br \/>MONAT STUDIO ONE\u2122<\/p>-->\n        <!--            <\/a>-->\n        <!--        -->\n        <!--    -->\n            <!-- If we need navigation buttons -->\n        <!--    -->\n        <!--    -->\n            <!-- If we need paginations -->\n        <!--    -->\n        <!---->\n         <!--==================================================== If we need navigation buttons  ====================================================-->\n         <!--==================================================== If we need paginations  ====================================================-->\n    <a href=\"\" aria-label=\"\"><\/a>\n<!--================================================ this link has to go last for it to work   ================================================-->\n\n","protected":false},"excerpt":{"rendered":"<p>Spray volumisantet amplifiant MONAT STUDIO ONE\u2122 Un puissant vaporisateur liquide regorgeant d&#8217;ingr\u00e9dients actifs qui soul\u00e8ve les cheveux \u00e0 la racine, ajoutant corps, volume et rebond de longue dur\u00e9e aux cheveux fins et plats, sans les alourdir. 134 ml \u212e 4,5 oz liq Prix de d\u00e9tail00.00 \u20ac Prix de client VIP00.00 \u20ac Pour en savoir plus&hellip;<\/p>\n","protected":false},"author":31,"featured_media":109400,"parent":0,"menu_order":0,"comment_status":"closed","ping_status":"closed","template":"","meta":{"inline_featured_image":false,"om_disable_all_campaigns":false,"_monsterinsights_skip_tracking":false,"_monsterinsights_sitenote_active":false,"_monsterinsights_sitenote_note":"","_monsterinsights_sitenote_category":0,"footnotes":""},"categories":[20],"tags":[],"class_list":["post-73469","page","type-page","status-publish","has-post-thumbnail","hentry","category-product-fr"],"aioseo_notices":[],"aioseo_head":"\n\t\t<!-- All in One SEO Pro 4.9.5.2 - aioseo.com -->\n\t<meta name=\"description\" content=\"Spray volumisantet amplifiant MONAT STUDIO ONE\u2122 Un puissant vaporisateur liquide regorgeant d&#039;ingr\u00e9dients actifs qui soul\u00e8ve les cheveux \u00e0 la racine, ajoutant corps, volume et rebond de longue dur\u00e9e aux cheveux fins et plats, sans les alourdir. 134 ml \u212e 4,5 oz liq Prix de d\u00e9tail00.00 \u20ac Prix de client VIP00.00 \u20ac Pour en savoir plus\" \/>\n\t<meta name=\"robots\" content=\"noindex, nofollow, max-image-preview:large\" \/>\n\t<link rel=\"canonical\" href=\"https:\/\/monatglobal.com\/fr\/volume-spray\/\" \/>\n\t<meta name=\"generator\" content=\"All in One SEO Pro (AIOSEO) 4.9.5.2\" \/>\n\t\t<meta property=\"og:locale\" content=\"en_US\" \/>\n\t\t<meta property=\"og:site_name\" content=\"MONAT France - We Are Modern Nature\u2122\" \/>\n\t\t<meta property=\"og:type\" content=\"article\" \/>\n\t\t<meta property=\"og:title\" content=\"Spray volumisant et amplifiant MONAT STUDIO ONE\u2122 - MONAT France\" \/>\n\t\t<meta property=\"og:description\" content=\"Spray volumisantet amplifiant MONAT STUDIO ONE\u2122 Un puissant vaporisateur liquide regorgeant d&#039;ingr\u00e9dients actifs qui soul\u00e8ve les cheveux \u00e0 la racine, ajoutant corps, volume et rebond de longue dur\u00e9e aux cheveux fins et plats, sans les alourdir. 134 ml \u212e 4,5 oz liq Prix de d\u00e9tail00.00 \u20ac Prix de client VIP00.00 \u20ac Pour en savoir plus\" \/>\n\t\t<meta property=\"og:url\" content=\"https:\/\/monatglobal.com\/fr\/volume-spray\/\" \/>\n\t\t<meta property=\"article:published_time\" content=\"2022-07-28T15:47:31+00:00\" \/>\n\t\t<meta property=\"article:modified_time\" content=\"2026-02-25T18:57:36+00:00\" \/>\n\t\t<meta name=\"twitter:card\" content=\"summary_large_image\" \/>\n\t\t<meta name=\"twitter:title\" content=\"Spray volumisant et amplifiant MONAT STUDIO ONE\u2122 - MONAT France\" \/>\n\t\t<meta name=\"twitter:description\" content=\"Spray volumisantet amplifiant MONAT STUDIO ONE\u2122 Un puissant vaporisateur liquide regorgeant d&#039;ingr\u00e9dients actifs qui soul\u00e8ve les cheveux \u00e0 la racine, ajoutant corps, volume et rebond de longue dur\u00e9e aux cheveux fins et plats, sans les alourdir. 134 ml \u212e 4,5 oz liq Prix de d\u00e9tail00.00 \u20ac Prix de client VIP00.00 \u20ac Pour en savoir plus\" \/>\n\t\t<script type=\"application\/ld+json\" class=\"aioseo-schema\">\n\t\t\t{\"@context\":\"https:\\\/\\\/schema.org\",\"@graph\":[{\"@type\":\"BreadcrumbList\",\"@id\":\"https:\\\/\\\/monatglobal.com\\\/fr\\\/volume-spray\\\/#breadcrumblist\",\"itemListElement\":[{\"@type\":\"ListItem\",\"@id\":\"https:\\\/\\\/monatglobal.com\\\/fr#listItem\",\"position\":1,\"name\":\"Home\",\"item\":\"https:\\\/\\\/monatglobal.com\\\/fr\",\"nextItem\":{\"@type\":\"ListItem\",\"@id\":\"https:\\\/\\\/monatglobal.com\\\/fr\\\/volume-spray\\\/#listItem\",\"name\":\"Spray volumisant et amplifiant MONAT STUDIO ONE\\u2122\"}},{\"@type\":\"ListItem\",\"@id\":\"https:\\\/\\\/monatglobal.com\\\/fr\\\/volume-spray\\\/#listItem\",\"position\":2,\"name\":\"Spray volumisant et amplifiant MONAT STUDIO ONE\\u2122\",\"previousItem\":{\"@type\":\"ListItem\",\"@id\":\"https:\\\/\\\/monatglobal.com\\\/fr#listItem\",\"name\":\"Home\"}}]},{\"@type\":\"Organization\",\"@id\":\"https:\\\/\\\/monatglobal.com\\\/fr\\\/#organization\",\"name\":\"MONAT France\",\"description\":\"We Are Modern Nature\\u2122\",\"url\":\"https:\\\/\\\/monatglobal.com\\\/fr\\\/\"},{\"@type\":\"WebPage\",\"@id\":\"https:\\\/\\\/monatglobal.com\\\/fr\\\/volume-spray\\\/#webpage\",\"url\":\"https:\\\/\\\/monatglobal.com\\\/fr\\\/volume-spray\\\/\",\"name\":\"Spray volumisant et amplifiant MONAT STUDIO ONE\\u2122 - MONAT France\",\"description\":\"Spray volumisantet amplifiant MONAT STUDIO ONE\\u2122 Un puissant vaporisateur liquide regorgeant d'ingr\\u00e9dients actifs qui soul\\u00e8ve les cheveux \\u00e0 la racine, ajoutant corps, volume et rebond de longue dur\\u00e9e aux cheveux fins et plats, sans les alourdir. 134 ml \\u212e 4,5 oz liq Prix de d\\u00e9tail00.00 \\u20ac Prix de client VIP00.00 \\u20ac Pour en savoir plus\",\"inLanguage\":\"en-US\",\"isPartOf\":{\"@id\":\"https:\\\/\\\/monatglobal.com\\\/fr\\\/#website\"},\"breadcrumb\":{\"@id\":\"https:\\\/\\\/monatglobal.com\\\/fr\\\/volume-spray\\\/#breadcrumblist\"},\"image\":{\"@type\":\"ImageObject\",\"url\":\"https:\\\/\\\/monatglobal.com\\\/fr\\\/wp-content\\\/uploads\\\/sites\\\/19\\\/2026\\\/02\\\/STUDIO-ONE-VOLUME-LIFT-SPRAY_-ecomm.png\",\"@id\":\"https:\\\/\\\/monatglobal.com\\\/fr\\\/volume-spray\\\/#mainImage\",\"width\":641,\"height\":800},\"primaryImageOfPage\":{\"@id\":\"https:\\\/\\\/monatglobal.com\\\/fr\\\/volume-spray\\\/#mainImage\"},\"datePublished\":\"2022-07-28T15:47:31+01:00\",\"dateModified\":\"2026-02-25T18:57:36+00:00\"},{\"@type\":\"WebSite\",\"@id\":\"https:\\\/\\\/monatglobal.com\\\/fr\\\/#website\",\"url\":\"https:\\\/\\\/monatglobal.com\\\/fr\\\/\",\"name\":\"MONAT France\",\"description\":\"We Are Modern Nature\\u2122\",\"inLanguage\":\"en-US\",\"publisher\":{\"@id\":\"https:\\\/\\\/monatglobal.com\\\/fr\\\/#organization\"}}]}\n\t\t<\/script>\n\t\t<!-- All in One SEO Pro -->\r\n\t\t<title>Spray volumisant et amplifiant MONAT STUDIO ONE\u2122 - MONAT France<\/title>\n\n","aioseo_head_json":{"title":"Spray volumisant et amplifiant MONAT STUDIO ONE\u2122 - MONAT France","description":"Spray volumisantet amplifiant MONAT STUDIO ONE\u2122 Un puissant vaporisateur liquide regorgeant d'ingr\u00e9dients actifs qui soul\u00e8ve les cheveux \u00e0 la racine, ajoutant corps, volume et rebond de longue dur\u00e9e aux cheveux fins et plats, sans les alourdir. 134 ml \u212e 4,5 oz liq Prix de d\u00e9tail00.00 \u20ac Prix de client VIP00.00 \u20ac Pour en savoir plus","canonical_url":"https:\/\/monatglobal.com\/fr\/volume-spray\/","robots":"noindex, nofollow, max-image-preview:large","keywords":"","webmasterTools":{"miscellaneous":""},"schema":{"@context":"https:\/\/schema.org","@graph":[{"@type":"BreadcrumbList","@id":"https:\/\/monatglobal.com\/fr\/volume-spray\/#breadcrumblist","itemListElement":[{"@type":"ListItem","@id":"https:\/\/monatglobal.com\/fr#listItem","position":1,"name":"Home","item":"https:\/\/monatglobal.com\/fr","nextItem":{"@type":"ListItem","@id":"https:\/\/monatglobal.com\/fr\/volume-spray\/#listItem","name":"Spray volumisant et amplifiant MONAT STUDIO ONE\u2122"}},{"@type":"ListItem","@id":"https:\/\/monatglobal.com\/fr\/volume-spray\/#listItem","position":2,"name":"Spray volumisant et amplifiant MONAT STUDIO ONE\u2122","previousItem":{"@type":"ListItem","@id":"https:\/\/monatglobal.com\/fr#listItem","name":"Home"}}]},{"@type":"Organization","@id":"https:\/\/monatglobal.com\/fr\/#organization","name":"MONAT France","description":"We Are Modern Nature\u2122","url":"https:\/\/monatglobal.com\/fr\/"},{"@type":"WebPage","@id":"https:\/\/monatglobal.com\/fr\/volume-spray\/#webpage","url":"https:\/\/monatglobal.com\/fr\/volume-spray\/","name":"Spray volumisant et amplifiant MONAT STUDIO ONE\u2122 - MONAT France","description":"Spray volumisantet amplifiant MONAT STUDIO ONE\u2122 Un puissant vaporisateur liquide regorgeant d'ingr\u00e9dients actifs qui soul\u00e8ve les cheveux \u00e0 la racine, ajoutant corps, volume et rebond de longue dur\u00e9e aux cheveux fins et plats, sans les alourdir. 134 ml \u212e 4,5 oz liq Prix de d\u00e9tail00.00 \u20ac Prix de client VIP00.00 \u20ac Pour en savoir plus","inLanguage":"en-US","isPartOf":{"@id":"https:\/\/monatglobal.com\/fr\/#website"},"breadcrumb":{"@id":"https:\/\/monatglobal.com\/fr\/volume-spray\/#breadcrumblist"},"image":{"@type":"ImageObject","url":"https:\/\/monatglobal.com\/fr\/wp-content\/uploads\/sites\/19\/2026\/02\/STUDIO-ONE-VOLUME-LIFT-SPRAY_-ecomm.png","@id":"https:\/\/monatglobal.com\/fr\/volume-spray\/#mainImage","width":641,"height":800},"primaryImageOfPage":{"@id":"https:\/\/monatglobal.com\/fr\/volume-spray\/#mainImage"},"datePublished":"2022-07-28T15:47:31+01:00","dateModified":"2026-02-25T18:57:36+00:00"},{"@type":"WebSite","@id":"https:\/\/monatglobal.com\/fr\/#website","url":"https:\/\/monatglobal.com\/fr\/","name":"MONAT France","description":"We Are Modern Nature\u2122","inLanguage":"en-US","publisher":{"@id":"https:\/\/monatglobal.com\/fr\/#organization"}}]},"og:locale":"en_US","og:site_name":"MONAT France - We Are Modern Nature\u2122","og:type":"article","og:title":"Spray volumisant et amplifiant MONAT STUDIO ONE\u2122 - MONAT France","og:description":"Spray volumisantet amplifiant MONAT STUDIO ONE\u2122 Un puissant vaporisateur liquide regorgeant d'ingr\u00e9dients actifs qui soul\u00e8ve les cheveux \u00e0 la racine, ajoutant corps, volume et rebond de longue dur\u00e9e aux cheveux fins et plats, sans les alourdir. 134 ml \u212e 4,5 oz liq Prix de d\u00e9tail00.00 \u20ac Prix de client VIP00.00 \u20ac Pour en savoir plus","og:url":"https:\/\/monatglobal.com\/fr\/volume-spray\/","article:published_time":"2022-07-28T15:47:31+00:00","article:modified_time":"2026-02-25T18:57:36+00:00","twitter:card":"summary_large_image","twitter:title":"Spray volumisant et amplifiant MONAT STUDIO ONE\u2122 - MONAT France","twitter:description":"Spray volumisantet amplifiant MONAT STUDIO ONE\u2122 Un puissant vaporisateur liquide regorgeant d'ingr\u00e9dients actifs qui soul\u00e8ve les cheveux \u00e0 la racine, ajoutant corps, volume et rebond de longue dur\u00e9e aux cheveux fins et plats, sans les alourdir. 134 ml \u212e 4,5 oz liq Prix de d\u00e9tail00.00 \u20ac Prix de client VIP00.00 \u20ac Pour en savoir plus"},"aioseo_meta_data":{"post_id":"73469","title":null,"description":null,"keywords":null,"keyphrases":null,"primary_term":null,"canonical_url":null,"og_title":null,"og_description":null,"og_object_type":"default","og_image_type":"default","og_image_url":null,"og_image_width":null,"og_image_height":null,"og_image_custom_url":null,"og_image_custom_fields":null,"og_video":null,"og_custom_url":null,"og_article_section":null,"og_article_tags":null,"twitter_use_og":false,"twitter_card":"default","twitter_image_type":"default","twitter_image_url":null,"twitter_image_custom_url":null,"twitter_image_custom_fields":null,"twitter_title":null,"twitter_description":null,"schema":{"blockGraphs":[],"customGraphs":[],"default":{"data":{"Article":[],"Course":[],"Dataset":[],"FAQPage":[],"Movie":[],"Person":[],"Product":[],"ProductReview":[],"Car":[],"Recipe":[],"Service":[],"SoftwareApplication":[],"WebPage":[]},"graphName":"WebPage","isEnabled":true},"graphs":[]},"schema_type":"default","schema_type_options":null,"pillar_content":false,"robots_default":true,"robots_noindex":false,"robots_noarchive":false,"robots_nosnippet":false,"robots_nofollow":false,"robots_noimageindex":false,"robots_noodp":false,"robots_notranslate":false,"robots_max_snippet":null,"robots_max_videopreview":null,"robots_max_imagepreview":"large","priority":null,"frequency":null,"local_seo":null,"seo_analyzer_scan_date":"2026-02-25 19:35:06","breadcrumb_settings":null,"limit_modified_date":false,"reviewed_by":null,"open_ai":null,"ai":null,"created":"2023-07-25 23:38:52","updated":"2026-02-25 19:53:25"},"aioseo_breadcrumb":"<div class=\"aioseo-breadcrumbs\"><span class=\"aioseo-breadcrumb\">\n\t<a href=\"https:\/\/monatglobal.com\/fr\" title=\"Home\">Home<\/a>\n<\/span><span class=\"aioseo-breadcrumb-separator\">&raquo;<\/span><span class=\"aioseo-breadcrumb\">\n\tSpray volumisant et amplifiant MONAT STUDIO ONE\u2122\n<\/span><\/div>","aioseo_breadcrumb_json":[{"label":"Home","link":"https:\/\/monatglobal.com\/fr"},{"label":"Spray volumisant et amplifiant MONAT STUDIO ONE\u2122","link":"https:\/\/monatglobal.com\/fr\/volume-spray\/"}],"_links":{"self":[{"href":"https:\/\/monatglobal.com\/fr\/wp-json\/wp\/v2\/pages\/73469","targetHints":{"allow":["GET"]}}],"collection":[{"href":"https:\/\/monatglobal.com\/fr\/wp-json\/wp\/v2\/pages"}],"about":[{"href":"https:\/\/monatglobal.com\/fr\/wp-json\/wp\/v2\/types\/page"}],"author":[{"embeddable":true,"href":"https:\/\/monatglobal.com\/fr\/wp-json\/wp\/v2\/users\/31"}],"replies":[{"embeddable":true,"href":"https:\/\/monatglobal.com\/fr\/wp-json\/wp\/v2\/comments?post=73469"}],"version-history":[{"count":29,"href":"https:\/\/monatglobal.com\/fr\/wp-json\/wp\/v2\/pages\/73469\/revisions"}],"predecessor-version":[{"id":109402,"href":"https:\/\/monatglobal.com\/fr\/wp-json\/wp\/v2\/pages\/73469\/revisions\/109402"}],"wp:featuredmedia":[{"embeddable":true,"href":"https:\/\/monatglobal.com\/fr\/wp-json\/wp\/v2\/media\/109400"}],"wp:attachment":[{"href":"https:\/\/monatglobal.com\/fr\/wp-json\/wp\/v2\/media?parent=73469"}],"wp:term":[{"taxonomy":"category","embeddable":true,"href":"https:\/\/monatglobal.com\/fr\/wp-json\/wp\/v2\/categories?post=73469"},{"taxonomy":"post_tag","embeddable":true,"href":"https:\/\/monatglobal.com\/fr\/wp-json\/wp\/v2\/tags?post=73469"}],"curies":[{"name":"wp","href":"https:\/\/api.w.org\/{rel}","templated":true}]}}