{"id":73409,"date":"2022-07-22T03:55:10","date_gmt":"2022-07-22T03:55:10","guid":{"rendered":"https:\/\/monatglobal.com\/au\/?page_id=73409"},"modified":"2023-06-12T23:39:05","modified_gmt":"2023-06-12T23:39:05","slug":"unsubscribe","status":"publish","type":"page","link":"https:\/\/monatglobal.com\/fr\/unsubscribe\/","title":{"rendered":"Unsubscribe"},"content":{"rendered":"\n<img decoding=\"async\" src=\"https:\/\/mcusercontent.com\/5b14e3c0bd6372e1d93e9a8f6\/images\/574376d0-17a7-a545-02d9-d83a26db2b40.png\">\n    <h1>Se d\u00e9sabonner<\/h1>\n    <p>  Nous sommes d\u00e9sol\u00e9s de vous voir partir !<\/p><br>\n\nEntrez votre adresse e-mail pour qu&#8217;elle soit supprim\u00e9e de la liste.\n\n","protected":false},"excerpt":{"rendered":"<p>Se d\u00e9sabonner Nous sommes d\u00e9sol\u00e9s de vous voir partir ! Entrez votre adresse e-mail pour qu&#8217;elle soit supprim\u00e9e de la liste.<\/p>\n","protected":false},"author":31,"featured_media":0,"parent":0,"menu_order":0,"comment_status":"closed","ping_status":"closed","template":"tpl-no-header-footer.php","meta":{"inline_featured_image":false,"om_disable_all_campaigns":false,"_monsterinsights_skip_tracking":false,"_monsterinsights_sitenote_active":false,"_monsterinsights_sitenote_note":"","_monsterinsights_sitenote_category":0,"footnotes":""},"categories":[],"tags":[],"class_list":["post-73409","page","type-page","status-publish","hentry"],"aioseo_notices":[],"aioseo_head":"\n\t\t<!-- All in One SEO Pro 4.9.5.2 - aioseo.com -->\n\t<meta name=\"description\" content=\"Se d\u00e9sabonner Nous sommes d\u00e9sol\u00e9s de vous voir partir ! Entrez votre adresse e-mail pour qu&#039;elle soit supprim\u00e9e de la liste.\" \/>\n\t<meta name=\"robots\" content=\"noindex, nofollow, max-image-preview:large\" \/>\n\t<link rel=\"canonical\" href=\"https:\/\/monatglobal.com\/fr\/unsubscribe\/\" \/>\n\t<meta name=\"generator\" content=\"All in One SEO Pro (AIOSEO) 4.9.5.2\" \/>\n\t\t<meta property=\"og:locale\" content=\"en_US\" \/>\n\t\t<meta property=\"og:site_name\" content=\"MONAT France - We Are Modern Nature\u2122\" \/>\n\t\t<meta property=\"og:type\" content=\"article\" \/>\n\t\t<meta property=\"og:title\" content=\"Unsubscribe - MONAT France\" \/>\n\t\t<meta property=\"og:description\" content=\"Se d\u00e9sabonner Nous sommes d\u00e9sol\u00e9s de vous voir partir ! Entrez votre adresse e-mail pour qu&#039;elle soit supprim\u00e9e de la liste.\" \/>\n\t\t<meta property=\"og:url\" content=\"https:\/\/monatglobal.com\/fr\/unsubscribe\/\" \/>\n\t\t<meta property=\"article:published_time\" content=\"2022-07-22T03:55:10+00:00\" \/>\n\t\t<meta property=\"article:modified_time\" content=\"2023-06-12T23:39:05+00:00\" \/>\n\t\t<meta name=\"twitter:card\" content=\"summary_large_image\" \/>\n\t\t<meta name=\"twitter:title\" content=\"Unsubscribe - MONAT France\" \/>\n\t\t<meta name=\"twitter:description\" content=\"Se d\u00e9sabonner Nous sommes d\u00e9sol\u00e9s de vous voir partir ! Entrez votre adresse e-mail pour qu&#039;elle soit supprim\u00e9e de la liste.\" \/>\n\t\t<script type=\"application\/ld+json\" class=\"aioseo-schema\">\n\t\t\t{\"@context\":\"https:\\\/\\\/schema.org\",\"@graph\":[{\"@type\":\"BreadcrumbList\",\"@id\":\"https:\\\/\\\/monatglobal.com\\\/fr\\\/unsubscribe\\\/#breadcrumblist\",\"itemListElement\":[{\"@type\":\"ListItem\",\"@id\":\"https:\\\/\\\/monatglobal.com\\\/fr#listItem\",\"position\":1,\"name\":\"Home\",\"item\":\"https:\\\/\\\/monatglobal.com\\\/fr\",\"nextItem\":{\"@type\":\"ListItem\",\"@id\":\"https:\\\/\\\/monatglobal.com\\\/fr\\\/unsubscribe\\\/#listItem\",\"name\":\"Unsubscribe\"}},{\"@type\":\"ListItem\",\"@id\":\"https:\\\/\\\/monatglobal.com\\\/fr\\\/unsubscribe\\\/#listItem\",\"position\":2,\"name\":\"Unsubscribe\",\"previousItem\":{\"@type\":\"ListItem\",\"@id\":\"https:\\\/\\\/monatglobal.com\\\/fr#listItem\",\"name\":\"Home\"}}]},{\"@type\":\"Organization\",\"@id\":\"https:\\\/\\\/monatglobal.com\\\/fr\\\/#organization\",\"name\":\"MONAT France\",\"description\":\"We Are Modern Nature\\u2122\",\"url\":\"https:\\\/\\\/monatglobal.com\\\/fr\\\/\"},{\"@type\":\"WebPage\",\"@id\":\"https:\\\/\\\/monatglobal.com\\\/fr\\\/unsubscribe\\\/#webpage\",\"url\":\"https:\\\/\\\/monatglobal.com\\\/fr\\\/unsubscribe\\\/\",\"name\":\"Unsubscribe - MONAT France\",\"description\":\"Se d\\u00e9sabonner Nous sommes d\\u00e9sol\\u00e9s de vous voir partir ! Entrez votre adresse e-mail pour qu'elle soit supprim\\u00e9e de la liste.\",\"inLanguage\":\"en-US\",\"isPartOf\":{\"@id\":\"https:\\\/\\\/monatglobal.com\\\/fr\\\/#website\"},\"breadcrumb\":{\"@id\":\"https:\\\/\\\/monatglobal.com\\\/fr\\\/unsubscribe\\\/#breadcrumblist\"},\"datePublished\":\"2022-07-22T03:55:10+01:00\",\"dateModified\":\"2023-06-12T23:39:05+01:00\"},{\"@type\":\"WebSite\",\"@id\":\"https:\\\/\\\/monatglobal.com\\\/fr\\\/#website\",\"url\":\"https:\\\/\\\/monatglobal.com\\\/fr\\\/\",\"name\":\"MONAT France\",\"description\":\"We Are Modern Nature\\u2122\",\"inLanguage\":\"en-US\",\"publisher\":{\"@id\":\"https:\\\/\\\/monatglobal.com\\\/fr\\\/#organization\"}}]}\n\t\t<\/script>\n\t\t<!-- All in One SEO Pro -->\r\n\t\t<title>Unsubscribe - MONAT France<\/title>\n\n","aioseo_head_json":{"title":"Unsubscribe - MONAT France","description":"Se d\u00e9sabonner Nous sommes d\u00e9sol\u00e9s de vous voir partir ! Entrez votre adresse e-mail pour qu'elle soit supprim\u00e9e de la liste.","canonical_url":"https:\/\/monatglobal.com\/fr\/unsubscribe\/","robots":"noindex, nofollow, max-image-preview:large","keywords":"","webmasterTools":{"miscellaneous":""},"schema":{"@context":"https:\/\/schema.org","@graph":[{"@type":"BreadcrumbList","@id":"https:\/\/monatglobal.com\/fr\/unsubscribe\/#breadcrumblist","itemListElement":[{"@type":"ListItem","@id":"https:\/\/monatglobal.com\/fr#listItem","position":1,"name":"Home","item":"https:\/\/monatglobal.com\/fr","nextItem":{"@type":"ListItem","@id":"https:\/\/monatglobal.com\/fr\/unsubscribe\/#listItem","name":"Unsubscribe"}},{"@type":"ListItem","@id":"https:\/\/monatglobal.com\/fr\/unsubscribe\/#listItem","position":2,"name":"Unsubscribe","previousItem":{"@type":"ListItem","@id":"https:\/\/monatglobal.com\/fr#listItem","name":"Home"}}]},{"@type":"Organization","@id":"https:\/\/monatglobal.com\/fr\/#organization","name":"MONAT France","description":"We Are Modern Nature\u2122","url":"https:\/\/monatglobal.com\/fr\/"},{"@type":"WebPage","@id":"https:\/\/monatglobal.com\/fr\/unsubscribe\/#webpage","url":"https:\/\/monatglobal.com\/fr\/unsubscribe\/","name":"Unsubscribe - MONAT France","description":"Se d\u00e9sabonner Nous sommes d\u00e9sol\u00e9s de vous voir partir ! Entrez votre adresse e-mail pour qu'elle soit supprim\u00e9e de la liste.","inLanguage":"en-US","isPartOf":{"@id":"https:\/\/monatglobal.com\/fr\/#website"},"breadcrumb":{"@id":"https:\/\/monatglobal.com\/fr\/unsubscribe\/#breadcrumblist"},"datePublished":"2022-07-22T03:55:10+01:00","dateModified":"2023-06-12T23:39:05+01:00"},{"@type":"WebSite","@id":"https:\/\/monatglobal.com\/fr\/#website","url":"https:\/\/monatglobal.com\/fr\/","name":"MONAT France","description":"We Are Modern Nature\u2122","inLanguage":"en-US","publisher":{"@id":"https:\/\/monatglobal.com\/fr\/#organization"}}]},"og:locale":"en_US","og:site_name":"MONAT France - We Are Modern Nature\u2122","og:type":"article","og:title":"Unsubscribe - MONAT France","og:description":"Se d\u00e9sabonner Nous sommes d\u00e9sol\u00e9s de vous voir partir ! Entrez votre adresse e-mail pour qu'elle soit supprim\u00e9e de la liste.","og:url":"https:\/\/monatglobal.com\/fr\/unsubscribe\/","article:published_time":"2022-07-22T03:55:10+00:00","article:modified_time":"2023-06-12T23:39:05+00:00","twitter:card":"summary_large_image","twitter:title":"Unsubscribe - MONAT France","twitter:description":"Se d\u00e9sabonner Nous sommes d\u00e9sol\u00e9s de vous voir partir ! Entrez votre adresse e-mail pour qu'elle soit supprim\u00e9e de la liste."},"aioseo_meta_data":{"post_id":"73409","title":null,"description":null,"keywords":null,"keyphrases":null,"primary_term":null,"canonical_url":null,"og_title":null,"og_description":null,"og_object_type":"default","og_image_type":"default","og_image_url":null,"og_image_width":null,"og_image_height":null,"og_image_custom_url":null,"og_image_custom_fields":null,"og_video":null,"og_custom_url":null,"og_article_section":null,"og_article_tags":null,"twitter_use_og":false,"twitter_card":"default","twitter_image_type":"default","twitter_image_url":null,"twitter_image_custom_url":null,"twitter_image_custom_fields":null,"twitter_title":null,"twitter_description":null,"schema":{"blockGraphs":[],"customGraphs":[],"default":{"data":{"Article":[],"Course":[],"Dataset":[],"FAQPage":[],"Movie":[],"Person":[],"Product":[],"ProductReview":[],"Car":[],"Recipe":[],"Service":[],"SoftwareApplication":[],"WebPage":[]},"graphName":"","isEnabled":true},"graphs":[]},"schema_type":"default","schema_type_options":null,"pillar_content":false,"robots_default":true,"robots_noindex":false,"robots_noarchive":false,"robots_nosnippet":false,"robots_nofollow":false,"robots_noimageindex":false,"robots_noodp":false,"robots_notranslate":false,"robots_max_snippet":null,"robots_max_videopreview":null,"robots_max_imagepreview":"large","priority":null,"frequency":null,"local_seo":null,"seo_analyzer_scan_date":"2026-02-10 18:45:54","breadcrumb_settings":null,"limit_modified_date":false,"reviewed_by":null,"open_ai":null,"ai":null,"created":"2023-07-25 23:38:52","updated":"2026-02-10 18:45:54"},"aioseo_breadcrumb":"<div class=\"aioseo-breadcrumbs\"><span class=\"aioseo-breadcrumb\">\n\t<a href=\"https:\/\/monatglobal.com\/fr\" title=\"Home\">Home<\/a>\n<\/span><span class=\"aioseo-breadcrumb-separator\">&raquo;<\/span><span class=\"aioseo-breadcrumb\">\n\tUnsubscribe\n<\/span><\/div>","aioseo_breadcrumb_json":[{"label":"Home","link":"https:\/\/monatglobal.com\/fr"},{"label":"Unsubscribe","link":"https:\/\/monatglobal.com\/fr\/unsubscribe\/"}],"_links":{"self":[{"href":"https:\/\/monatglobal.com\/fr\/wp-json\/wp\/v2\/pages\/73409","targetHints":{"allow":["GET"]}}],"collection":[{"href":"https:\/\/monatglobal.com\/fr\/wp-json\/wp\/v2\/pages"}],"about":[{"href":"https:\/\/monatglobal.com\/fr\/wp-json\/wp\/v2\/types\/page"}],"author":[{"embeddable":true,"href":"https:\/\/monatglobal.com\/fr\/wp-json\/wp\/v2\/users\/31"}],"replies":[{"embeddable":true,"href":"https:\/\/monatglobal.com\/fr\/wp-json\/wp\/v2\/comments?post=73409"}],"version-history":[{"count":9,"href":"https:\/\/monatglobal.com\/fr\/wp-json\/wp\/v2\/pages\/73409\/revisions"}],"predecessor-version":[{"id":77162,"href":"https:\/\/monatglobal.com\/fr\/wp-json\/wp\/v2\/pages\/73409\/revisions\/77162"}],"wp:attachment":[{"href":"https:\/\/monatglobal.com\/fr\/wp-json\/wp\/v2\/media?parent=73409"}],"wp:term":[{"taxonomy":"category","embeddable":true,"href":"https:\/\/monatglobal.com\/fr\/wp-json\/wp\/v2\/categories?post=73409"},{"taxonomy":"post_tag","embeddable":true,"href":"https:\/\/monatglobal.com\/fr\/wp-json\/wp\/v2\/tags?post=73409"}],"curies":[{"name":"wp","href":"https:\/\/api.w.org\/{rel}","templated":true}]}}