{"id":73010,"date":"2022-07-13T16:40:28","date_gmt":"2022-07-13T16:40:28","guid":{"rendered":"https:\/\/monatglobal.com\/au\/?page_id=73010"},"modified":"2024-05-28T15:32:53","modified_gmt":"2024-05-28T14:32:53","slug":"systems","status":"publish","type":"page","link":"https:\/\/monatglobal.com\/fr\/systems\/","title":{"rendered":"Systems"},"content":{"rendered":"\n\n\t<style>\n  .col_3 { grid-template-columns: repeat(3, 1fr); }\n    @media screen and (min-width: 2100px) {\n    .big_col_4 { grid-template-columns: repeat(4, 1fr); }\n    }\n  @media screen and (max-width: 992px) { \n      .med_col_2 { grid-template-columns: repeat(2, 1fr); }\n  }\n  @media screen and (max-width: 576px) {\n      .peq_col_1 { grid-template-columns: repeat(1, 1fr); }\n  }\n<\/style>\n            <h1>Un syst\u00e8me adapt\u00e9 \u00e0 chaque&nbsp;besoin.<\/h1>\n            <h2>Les syst\u00e8mes MONAT : Des collections de produits con\u00e7ues pour offrir des r\u00e9sultats optimaux.\n<\/h2>\n        <h2>Quel que soit votre besoin, il y a un produit MONAT qui vous offrira les r\u00e9sultats recherch\u00e9s.<\/h2>\n        <p>Achetez facilement en toute confiance en sachant que vous b\u00e9n\u00e9ficierez de la bonne combinaison de produits tout en \u00e9conomisant gr\u00e2ce au r\u00e9duction MONAT Purchase+<sup>TM<\/sup>.<\/p>\n        <h2>SOINS CAPILLAIRES<\/h2>\n            <!--Scalp care system start-->\n                  NOUVEAU\n               <a>\n                     <p>Pour le cuir chevelu gras et l&#8217;amincissement des&nbsp;cheveux<\/p>\n                  <img decoding=\"async\" src=\"https:\/\/monatglobal.com\/wp-content\/uploads\/2023\/08\/SCALP-HEALTH-SYSTEM_ecomm.png\" alt=\"Scalp Care System \"\/>\n               <\/a>\n                  <a href=\"\"  aria-label=\"Go to  page\">\n                     <p>VOIR LES D\u00c9TAILS<\/p>\n                  <\/a>\n                  <p>Syst\u00e8me de soins du cuir&nbsp;chevelu<\/p>\n                  <p>210 \u20ac \/ VIP 179 \u20ac<\/p>\n                          B\u00c9N\u00c9FICIEZ D&#8217;UNE R\u00c9DUCTION SUPPL\u00c9MENTAIRE DE 20&nbsp;% gr\u00e2ce \u00e0 MONAT Purchase&nbsp;+<sup>TM<\/sup> \n               <a target=\"_blank\" href=\"https:\/\/corp.mymonat.com\/shop\/products\/scalp-care-system-6000005047\/?globallanguage=fr&#038;globalmarket=fr\" aria-label=\"Go to Scalp Health System shop\" rel=\"noopener\">ACHETER<\/a>\n            <!--Scalp care system end--> \n   <!--============ Syst\u00e8me Hydratation avanc\u00e9e ==========-->\n                        <p>Pour les cheveux secs, fins \u00e0&nbsp;moyens<\/p>\n                    <img decoding=\"async\" src=\"https:\/\/monatglobal.com\/wp-content\/uploads\/2022\/06\/ADVANCED-HYDRATING-SYSTEM_ecomm-.png\" alt=\"Advanced Hydrating System\"\/>\n                    <a href=\"\" aria-label=\"Go to  page\">\n                        <p>VOIR LES D\u00c9TAILS<\/p>\n                    <\/a>\n                    <p>Syst\u00e8me Hydratation avanc\u00e9e<\/p>\n                    <p>166 \u20ac \/ VIP 141 \u20ac<\/p>\n      B\u00c9N\u00c9FICIEZ D&#8217;UNE R\u00c9DUCTION SUPPL\u00c9MENTAIRE DE 20&nbsp;% gr\u00e2ce \u00e0 MONAT Purchase&nbsp;+<sup>TM<\/sup> \n                <a target=\"_blank\" href=\"https:\/\/corp.mymonat.com\/shop\/products\/advanced-hydrating-system-6000004225\/?globallanguage=fr&#038;globalmarket=fr\" aria-label=\"Go to Advanced Hydrating System shop\" rel=\"noopener\">ACHETER<\/a>\n            <!--============ Syst\u00e8me Hydratation avanc\u00e9e ==========-->\n<!--============ renew-hydrating-system ==========-->\n            <p>Pour les cheveux secs, moyens \u00e0&nbsp;\u00e9pais<\/p>\n        <img decoding=\"async\" src=\"https:\/\/monatglobal.com\/uk\/wp-content\/uploads\/sites\/6\/2024\/03\/SYSTEM-RENEW-HYDRATING_ecomm.png\" alt=\"Renew\u2122 Hydrating System \"\/>\n        <a href=\"\" aria-label=\"Go to  page\">\n            <p>VOIR LES D\u00c9TAILS<\/p>\n        <\/a>\n        <p>Syst\u00e8me hydratant Renew\u2122<\/p>\n        <p>163 \u20ac \/ VIP 139 \u20ac<\/p>\n  B\u00c9N\u00c9FICIEZ D&#8217;UNE R\u00c9DUCTION SUPPL\u00c9MENTAIRE DE 15&nbsp;% gr\u00e2ce \u00e0 MONAT Purchase&nbsp;+<sup>TM<\/sup> \n    <a target=\"_blank\" href=\"https:\/\/corp.mymonat.com\/shop\/products\/renew-hydrating-system-6000005260\/?globallanguage=fr&#038;globalmarket=fr\" aria-label=\"Go to Renew\u2122 Hydrating System shop\" rel=\"noopener\">ACHETER<\/a>\n <!--============ renew-hydrating-system ==========-->\n <!--============ REVIVE-VOLUMIZING-SYSTEM ==========-->\n            <p>Pour les cheveux plats, fins \u00e0&nbsp;moyens<\/p>\n        <img decoding=\"async\" src=\"https:\/\/monatglobal.com\/wp-content\/uploads\/2022\/06\/REVIVE-VOLUMIZING-SYSTEM_ecomm-.png\" alt=\"Volumizing Revive\u2122 System\"\/>\n        <a  href=\"\" aria-label=\"Go to  page\">\n            <p>VOIR LES D\u00c9TAILS<\/p>\n        <\/a>\n        <p>Syst\u00e8me volumisant Revive\u2122<\/p>\n        <p>151 \u20ac \/ VIP 128 \u20ac<\/p>\n  B\u00c9N\u00c9FICIEZ D&#8217;UNE R\u00c9DUCTION SUPPL\u00c9MENTAIRE DE 15&nbsp;% gr\u00e2ce \u00e0 MONAT Purchase&nbsp;+<sup>TM<\/sup> \n    <a target=\"_blank\" href=\"https:\/\/corp.mymonat.com\/shop\/products\/revive-volumizing-system-6000004227\/?globallanguage=fr&#038;globalmarket=fr\" aria-label=\"Go to Volumizing Revive\u2122 System shop\" rel=\"noopener\">ACHETER<\/a>\n<!--============ REVIVE-VOLUMIZING-SYSTEM ==========-->\n   <!--============ IR Clinical\u2122 System ==========-->\n            <p>Pour cheveux amincissants de toutes les textures<\/p>\n        <img decoding=\"async\" src=\"https:\/\/monatglobal.com\/wp-content\/uploads\/2022\/08\/IR-Clinical-SYSTEM-_ecomm-2022.png\" alt=\"IR Clinical\u2122 System\"\/>\n        <a href=\"\" aria-label=\"Go to IR Clinical\u2122 System page\">\n            <p>VOIR LES D\u00c9TAILS<\/p>\n        <\/a>\n        <p>Syst\u00e8me IR Clinical\u2122  <\/p>\n        <p>219 \u20ac \/ VIP 186 \u20ac<\/p>\n  B\u00c9N\u00c9FICIEZ D&#8217;UNE R\u00c9DUCTION SUPPL\u00c9MENTAIRE DE 20 % gr\u00e2ce \u00e0 MONAT Purchase +<sup>TM<\/sup> \n    <a target=\"_blank\" href=\"https:\/\/corp.mymonat.com\/shop\/products\/ir-clinical-system-6000004226\/?globallanguage=fr&#038;globalmarket=fr\" aria-label=\"Go to IR Clinical\u2122 System shop\" rel=\"noopener\">ACHETER<\/a>\n   <!--============ IR Clinical\u2122 System ==========-->\n                <a>\n                        <p>Relieves Thinning for all types of&nbsp;Hair<\/p>\n                    <img decoding=\"async\" src=\"https:\/\/monatglobal.com\/wp-content\/uploads\/2022\/06\/INTENSE-REPAIR-SYSTEM_ecomm.png\" alt=\"Intense Repair System\"\/>\n                <\/a>\n                    <a href=\"\" aria-label=\"Go to  page\">\n                        <p>VIEW DETAILS<\/p>\n                    <\/a>\n                    <p>Intense Repair System<\/p>\n                    <p>181 \u20ac \/ VIP 154 \u20ac<\/p>\n                        <p>Extra 20% off with Purchase+<sup>TM<\/sup><\/p>\n                <a target=\"_blank\" href=\"https:\/\/corp.mymonat.com\/shop\/products\/intense-repair-system-6000003155\/?globallanguage=en&#038;globalmarket=ie\" aria-label=\"Go to Intense Repair System shop\" rel=\"noopener\">ACHETER<\/a>\n                <a>\n                        <p>Minimises frizz for fine to medium&nbsp;hair<\/p>\n                    <img decoding=\"async\" src=\"https:\/\/monatglobal.com\/wp-content\/uploads\/2022\/06\/SMOOTHING-ANTI-FRIZZ-SYSTEM-I_ecomm.png\" alt=\"Smoothing Anti-Frizz\u2122 System I\"\/>\n                <\/a>\n                    <a href=\"\"  aria-label=\"Go to  page\">\n                        <p>VIEW DETAILS<\/p>\n                    <\/a>\n                    <p>Smoothing Anti-Frizz\u2122 System I<\/p>\n                    <p>151 \u20ac \/ VIP 128 \u20ac<\/p>\n                        <p>Extra 15% off with Purchase+<sup>TM<\/sup><\/p>\n                <a target=\"_blank\" href=\"https:\/\/corp.mymonat.com\/shop\/products\/smoothing-anti-frizz-system-i\/?globallanguage=en&#038;globalmarket=ie\" aria-label=\"Go to Smoothing Anti-Frizz\u2122 System I shop\" rel=\"noopener\">ACHETER<\/a>\n                <a>\n                        <p>Minimises frizz for medium to thick&nbsp;hair<\/p>\n                    <img decoding=\"async\" src=\"https:\/\/monatglobal.com\/wp-content\/uploads\/2022\/06\/SMOOTHING-ANTI-FRIZZ-SYSTEM-II_ecomm.png\" alt=\"Smoothing Anti-Frizz\u2122 System II\"\/>\n                <\/a>\n                    <a href=\"\"  aria-label=\"Go to  page\">\n                        <p>VIEW DETAILS<\/p>\n                    <\/a>\n                    <p>Smoothing Anti-Frizz\u2122 System II<\/p>\n                    <p>151 \u20ac \/ VIP 128 \u20ac<\/p>\n                        <p>Extra 15% off with Purchase+<sup>TM<\/sup><\/p>\n                <a target=\"_blank\" href=\"https:\/\/corp.mymonat.com\/shop\/products\/smoothing-anti-frizz-system-ii\/?globallanguage=en&#038;globalmarket=ie\" aria-label=\"Go to Smoothing Anti-Frizz\u2122 System II shop\" rel=\"noopener\">ACHETER<\/a>\n               <!--============ Syst\u00e8me R\u00e9paration des dommages ==========-->\n            <p>R\u00e9pare les cheveux endommag\u00e9s, pour tous types de&nbsp;cheveux<\/p>\n        <img decoding=\"async\" src=\"https:\/\/monatglobal.com\/wp-content\/uploads\/2022\/06\/DAMAGE-REPAIR-SYSTEM_ecomm.png\" alt=\"Damage Repair System \"\/>\n        <a href=\"\" aria-label=\"Go to  page\">\n            <p>VOIR LES D\u00c9TAILS<\/p>\n        <\/a>\n        <p>Syst\u00e8me R\u00e9paration des dommages<\/p>\n        <p>213 \u20ac \/ VIP 181 \u20ac<\/p>\n  B\u00c9N\u00c9FICIEZ D&#8217;UNE R\u00c9DUCTION SUPPL\u00c9MENTAIRE DE 20&nbsp;% gr\u00e2ce \u00e0 MONAT Purchase&nbsp;+<sup>TM<\/sup> \n    <a target=\"_blank\" href=\"https:\/\/corp.mymonat.com\/shop\/products\/damage-repair-system-6000004286\/?globallanguage=fr&#038;globalmarket=fr\" aria-label=\"Go to Damage Repair System  shop\" rel=\"noopener\">ACHETER<\/a>\n<!--============ Syst\u00e8me R\u00e9paration des dommages ==========-->\n                NOUVEAU\n                        <p>POUR CUIR CHEVELU ET CHEVEUX GRAS <\/p>\n                    <img decoding=\"async\" src=\"https:\/\/monatglobal.com\/wp-content\/uploads\/2022\/06\/Sclap-Purifying-System-ecomm.png\" alt=\"SYST\u00c8ME PURIFIANT POUR CUIR CHEVELU\"\/>\n                    <a href=\"\"  aria-label=\"Go to  page\">\n                        <p>VOIR LES D\u00c9TAILS<\/p>\n                    <\/a>\n                    <p>SYST\u00c8ME PURIFIANT POUR CUIR CHEVELU<\/p>\n                    <p>153 \u20ac \/ VIP 130 \u20ac<\/p>\n                          B\u00c9N\u00c9FICIEZ D&#8217;UNE R\u00c9DUCTION SUPPL\u00c9MENTAIRE DE 15&nbsp;% gr\u00e2ce \u00e0 MONAT Purchase&nbsp;+<sup>TM<\/sup> \n                <a target=\"_blank\" href=\"https:\/\/corp.mymonat.com\/shop\/products\/scalp-purifying-system-6000004748\/?globallanguage=fr&#038;globalmarket=fr\" aria-label=\"Go to SYST\u00c8ME PURIFIANT POUR CUIR CHEVELU shop\" rel=\"noopener\">ACHETER<\/a>\n        <h2>SKINCARE<\/h2>\n                NEW\n                <a>\n                        <p>For oily skin&nbsp;types<\/p> \n                    <img decoding=\"async\" src=\"\/wp-content\/uploads\/2022\/06\/BE-PURIFIED-SYSTEM_ecomm.png\" alt=\"BE PURIFIED\u2122 Regimen\"\/>\n                <\/a>\n                    <a href=\"\"  aria-label=\"Go to  page\">\n                        <p>VIEW DETAILS<\/p>\n                    <\/a>\n                    <p>BE PURIFIED\u2122 System<\/p>\n                    <p>\u20ac245 \/ VIP \u20ac208<\/p>\n                        <p>Extra 20% off with Purchase+<sup>TM<\/sup><\/p>\n                <a target=\"_blank\" href=\"https:\/\/corp.mymonat.com\/shop\/products\/be-purified-routine-6000002299?taxon_id=168\/?globallanguage=en&#038;globalmarket=ie\" aria-label=\"Go to BE PURIFIED\u2122 Regimen shop\" rel=\"noopener\">shop now<\/a>\n                NEW\n                <a href=\"\/fr?page_id=69510\" aria-label=\"Go to BE BALANCED\u2122 System page\">\n                        <p>For normal\/combination&nbsp;skin<\/p> \n                    <img decoding=\"async\" src=\"\/wp-content\/uploads\/2022\/06\/BE-BALANCED-SYSTEM_ecomm.png\" alt=\"BE BALANCED\u2122 Regimen\"\/>\n                <\/a>\n                    <a href=\"\/fr?page_id=69510\" aria-label=\"Go to BE BALANCED\u2122 System page\">\n                        <p>VIEW DETAILS<\/p>\n                    <\/a>\n                    <p>BE BALANCED\u2122 System<\/p>\n                    <p>\u20ac337 \/ VIP \u20ac286<\/p>\n                        <p>Extra 25% off with Purchase+<sup>TM<\/sup><\/p>\n                <a target=\"_blank\" href=\"https:\/\/corp.mymonat.com\/shop\/products\/be-balanced-system-6000000988\/?globallanguage=en&#038;globalmarket=ie\" aria-label=\"Go to BE BALANCED\u2122 Regimen shop\" rel=\"noopener\">shop now<\/a>\n                NEW\n                <a href=\"\/fr?page_id=69503\" aria-label=\"Go to BE GENTLE\u2122 System page\">\n                        <p>FOR DRY \/ SENSITIVE SKIN<\/p> \n                    <img decoding=\"async\" src=\"\/wp-content\/uploads\/2022\/06\/BE-GENTLE-SYSTEM_ecomm.png\" alt=\"BE GENTLE\u2122 Regimen\"\/>\n                <\/a>\n                    <a href=\"\/fr?page_id=69503\" aria-label=\"Go to BE GENTLE\u2122 System page\">\n                        <p>VIEW DETAILS<\/p>\n                    <\/a>\n                    <p>BE GENTLE\u2122 System<\/p>\n                    <p>\u20ac337 \/ VIP \u20ac286<\/p>\n                        <p>Extra 25% off with Purchase+<sup>TM<\/sup><\/p>\n               <a target=\"_blank\" href=\"https:\/\/corp.mymonat.com\/shop\/products\/be-gentle-system-6000000987\/?globallanguage=en&#038;globalmarket=ie\" aria-label=\"Go to BE GENTLE\u2122 Regimen shop\" rel=\"noopener\">shop now<\/a>\n        <h2>WELLNESS<\/h2>\n                NEW\n                <a>\n                     <p>Beauty from Within<\/p> \n                    <img decoding=\"async\" src=\"\/wp-content\/uploads\/2022\/06\/WELLNESS-STARTER-SYSTEM-ecomm.png\" alt=\"Wellness Starter System\"\/>\n                <\/a>\n                    <a href=\"\"  aria-label=\"Go to  page\">\n                        <p>VIEW DETAILS<\/p>\n                    <\/a>\n                    <p>Wellness Starter System<\/p>\n                    <p>213 \u20ac \/ VIP 181 \u20ac<\/p>\n                             <p>Extra 20% off with Purchase+<sup>TM<\/sup><\/p>\n                <a target=\"_blank\" href=\"https:\/\/corp.mymonat.com\/shop\/products\/wellness-starter-system\/?globallanguage=en&#038;globalmarket=ie\" aria-label=\"Go to Wellness Starter System shop\" rel=\"noopener\">shop now<\/a>\n\n","protected":false},"excerpt":{"rendered":"<p>Un syst\u00e8me adapt\u00e9 \u00e0 chaque&nbsp;besoin. Les syst\u00e8mes MONAT : Des collections de produits con\u00e7ues pour offrir des r\u00e9sultats optimaux. Quel que soit votre besoin, il y a un produit MONAT qui vous offrira les r\u00e9sultats recherch\u00e9s. Achetez facilement en toute confiance en sachant que vous b\u00e9n\u00e9ficierez de la bonne combinaison de produits tout en \u00e9conomisant&hellip;<\/p>\n","protected":false},"author":31,"featured_media":64363,"parent":0,"menu_order":0,"comment_status":"closed","ping_status":"closed","template":"","meta":{"inline_featured_image":false,"om_disable_all_campaigns":false,"_monsterinsights_skip_tracking":false,"_monsterinsights_sitenote_active":false,"_monsterinsights_sitenote_note":"","_monsterinsights_sitenote_category":0,"footnotes":""},"categories":[],"tags":[],"class_list":["post-73010","page","type-page","status-publish","has-post-thumbnail","hentry"],"aioseo_notices":[],"aioseo_head":"\n\t\t<!-- All in One SEO Pro 4.9.6 - aioseo.com -->\n\t<meta name=\"description\" content=\"Un syst\u00e8me adapt\u00e9 \u00e0 chaque besoin. Les syst\u00e8mes MONAT : Des collections de produits con\u00e7ues pour offrir des r\u00e9sultats optimaux. Quel que soit votre besoin, il y a un produit MONAT qui vous offrira les r\u00e9sultats recherch\u00e9s. Achetez facilement en toute confiance en sachant que vous b\u00e9n\u00e9ficierez de la bonne combinaison de produits tout en \u00e9conomisant\" \/>\n\t<meta name=\"robots\" content=\"noindex, nofollow, max-image-preview:large\" \/>\n\t<link rel=\"canonical\" href=\"https:\/\/monatglobal.com\/fr\/systems\/\" \/>\n\t<meta name=\"generator\" content=\"All in One SEO Pro (AIOSEO) 4.9.6\" \/>\n\t\t<meta property=\"og:locale\" content=\"en_US\" \/>\n\t\t<meta property=\"og:site_name\" content=\"MONAT France - We Are Modern Nature\u2122\" \/>\n\t\t<meta property=\"og:type\" content=\"article\" \/>\n\t\t<meta property=\"og:title\" content=\"Systems - MONAT France\" \/>\n\t\t<meta property=\"og:description\" content=\"Un syst\u00e8me adapt\u00e9 \u00e0 chaque besoin. Les syst\u00e8mes MONAT : Des collections de produits con\u00e7ues pour offrir des r\u00e9sultats optimaux. Quel que soit votre besoin, il y a un produit MONAT qui vous offrira les r\u00e9sultats recherch\u00e9s. Achetez facilement en toute confiance en sachant que vous b\u00e9n\u00e9ficierez de la bonne combinaison de produits tout en \u00e9conomisant\" \/>\n\t\t<meta property=\"og:url\" content=\"https:\/\/monatglobal.com\/fr\/systems\/\" \/>\n\t\t<meta property=\"article:published_time\" content=\"2022-07-13T16:40:28+00:00\" \/>\n\t\t<meta property=\"article:modified_time\" content=\"2024-05-28T14:32:53+00:00\" \/>\n\t\t<meta name=\"twitter:card\" content=\"summary_large_image\" \/>\n\t\t<meta name=\"twitter:title\" content=\"Systems - MONAT France\" \/>\n\t\t<meta name=\"twitter:description\" content=\"Un syst\u00e8me adapt\u00e9 \u00e0 chaque besoin. Les syst\u00e8mes MONAT : Des collections de produits con\u00e7ues pour offrir des r\u00e9sultats optimaux. Quel que soit votre besoin, il y a un produit MONAT qui vous offrira les r\u00e9sultats recherch\u00e9s. Achetez facilement en toute confiance en sachant que vous b\u00e9n\u00e9ficierez de la bonne combinaison de produits tout en \u00e9conomisant\" \/>\n\t\t<script type=\"application\/ld+json\" class=\"aioseo-schema\">\n\t\t\t{\"@context\":\"https:\\\/\\\/schema.org\",\"@graph\":[{\"@type\":\"BreadcrumbList\",\"@id\":\"https:\\\/\\\/monatglobal.com\\\/fr\\\/systems\\\/#breadcrumblist\",\"itemListElement\":[{\"@type\":\"ListItem\",\"@id\":\"https:\\\/\\\/monatglobal.com\\\/fr#listItem\",\"position\":1,\"name\":\"Home\",\"item\":\"https:\\\/\\\/monatglobal.com\\\/fr\",\"nextItem\":{\"@type\":\"ListItem\",\"@id\":\"https:\\\/\\\/monatglobal.com\\\/fr\\\/systems\\\/#listItem\",\"name\":\"Systems\"}},{\"@type\":\"ListItem\",\"@id\":\"https:\\\/\\\/monatglobal.com\\\/fr\\\/systems\\\/#listItem\",\"position\":2,\"name\":\"Systems\",\"previousItem\":{\"@type\":\"ListItem\",\"@id\":\"https:\\\/\\\/monatglobal.com\\\/fr#listItem\",\"name\":\"Home\"}}]},{\"@type\":\"Organization\",\"@id\":\"https:\\\/\\\/monatglobal.com\\\/fr\\\/#organization\",\"name\":\"MONAT France\",\"description\":\"We Are Modern Nature\\u2122\",\"url\":\"https:\\\/\\\/monatglobal.com\\\/fr\\\/\"},{\"@type\":\"WebPage\",\"@id\":\"https:\\\/\\\/monatglobal.com\\\/fr\\\/systems\\\/#webpage\",\"url\":\"https:\\\/\\\/monatglobal.com\\\/fr\\\/systems\\\/\",\"name\":\"Systems - MONAT France\",\"description\":\"Un syst\\u00e8me adapt\\u00e9 \\u00e0 chaque besoin. Les syst\\u00e8mes MONAT : Des collections de produits con\\u00e7ues pour offrir des r\\u00e9sultats optimaux. Quel que soit votre besoin, il y a un produit MONAT qui vous offrira les r\\u00e9sultats recherch\\u00e9s. Achetez facilement en toute confiance en sachant que vous b\\u00e9n\\u00e9ficierez de la bonne combinaison de produits tout en \\u00e9conomisant\",\"inLanguage\":\"en-US\",\"isPartOf\":{\"@id\":\"https:\\\/\\\/monatglobal.com\\\/fr\\\/#website\"},\"breadcrumb\":{\"@id\":\"https:\\\/\\\/monatglobal.com\\\/fr\\\/systems\\\/#breadcrumblist\"},\"image\":{\"@type\":\"ImageObject\",\"url\":64363,\"@id\":\"https:\\\/\\\/monatglobal.com\\\/fr\\\/systems\\\/#mainImage\"},\"primaryImageOfPage\":{\"@id\":\"https:\\\/\\\/monatglobal.com\\\/fr\\\/systems\\\/#mainImage\"},\"datePublished\":\"2022-07-13T16:40:28+01:00\",\"dateModified\":\"2024-05-28T15:32:53+01:00\"},{\"@type\":\"WebSite\",\"@id\":\"https:\\\/\\\/monatglobal.com\\\/fr\\\/#website\",\"url\":\"https:\\\/\\\/monatglobal.com\\\/fr\\\/\",\"name\":\"MONAT France\",\"description\":\"We Are Modern Nature\\u2122\",\"inLanguage\":\"en-US\",\"publisher\":{\"@id\":\"https:\\\/\\\/monatglobal.com\\\/fr\\\/#organization\"}}]}\n\t\t<\/script>\n\t\t<!-- All in One SEO Pro -->\r\n\t\t<title>Systems - MONAT France<\/title>\n\n","aioseo_head_json":{"title":"Systems - MONAT France","description":"Un syst\u00e8me adapt\u00e9 \u00e0 chaque besoin. Les syst\u00e8mes MONAT : Des collections de produits con\u00e7ues pour offrir des r\u00e9sultats optimaux. Quel que soit votre besoin, il y a un produit MONAT qui vous offrira les r\u00e9sultats recherch\u00e9s. Achetez facilement en toute confiance en sachant que vous b\u00e9n\u00e9ficierez de la bonne combinaison de produits tout en \u00e9conomisant","canonical_url":"https:\/\/monatglobal.com\/fr\/systems\/","robots":"noindex, nofollow, max-image-preview:large","keywords":"","webmasterTools":{"miscellaneous":""},"schema":{"@context":"https:\/\/schema.org","@graph":[{"@type":"BreadcrumbList","@id":"https:\/\/monatglobal.com\/fr\/systems\/#breadcrumblist","itemListElement":[{"@type":"ListItem","@id":"https:\/\/monatglobal.com\/fr#listItem","position":1,"name":"Home","item":"https:\/\/monatglobal.com\/fr","nextItem":{"@type":"ListItem","@id":"https:\/\/monatglobal.com\/fr\/systems\/#listItem","name":"Systems"}},{"@type":"ListItem","@id":"https:\/\/monatglobal.com\/fr\/systems\/#listItem","position":2,"name":"Systems","previousItem":{"@type":"ListItem","@id":"https:\/\/monatglobal.com\/fr#listItem","name":"Home"}}]},{"@type":"Organization","@id":"https:\/\/monatglobal.com\/fr\/#organization","name":"MONAT France","description":"We Are Modern Nature\u2122","url":"https:\/\/monatglobal.com\/fr\/"},{"@type":"WebPage","@id":"https:\/\/monatglobal.com\/fr\/systems\/#webpage","url":"https:\/\/monatglobal.com\/fr\/systems\/","name":"Systems - MONAT France","description":"Un syst\u00e8me adapt\u00e9 \u00e0 chaque besoin. Les syst\u00e8mes MONAT : Des collections de produits con\u00e7ues pour offrir des r\u00e9sultats optimaux. Quel que soit votre besoin, il y a un produit MONAT qui vous offrira les r\u00e9sultats recherch\u00e9s. Achetez facilement en toute confiance en sachant que vous b\u00e9n\u00e9ficierez de la bonne combinaison de produits tout en \u00e9conomisant","inLanguage":"en-US","isPartOf":{"@id":"https:\/\/monatglobal.com\/fr\/#website"},"breadcrumb":{"@id":"https:\/\/monatglobal.com\/fr\/systems\/#breadcrumblist"},"image":{"@type":"ImageObject","url":64363,"@id":"https:\/\/monatglobal.com\/fr\/systems\/#mainImage"},"primaryImageOfPage":{"@id":"https:\/\/monatglobal.com\/fr\/systems\/#mainImage"},"datePublished":"2022-07-13T16:40:28+01:00","dateModified":"2024-05-28T15:32:53+01:00"},{"@type":"WebSite","@id":"https:\/\/monatglobal.com\/fr\/#website","url":"https:\/\/monatglobal.com\/fr\/","name":"MONAT France","description":"We Are Modern Nature\u2122","inLanguage":"en-US","publisher":{"@id":"https:\/\/monatglobal.com\/fr\/#organization"}}]},"og:locale":"en_US","og:site_name":"MONAT France - We Are Modern Nature\u2122","og:type":"article","og:title":"Systems - MONAT France","og:description":"Un syst\u00e8me adapt\u00e9 \u00e0 chaque besoin. Les syst\u00e8mes MONAT : Des collections de produits con\u00e7ues pour offrir des r\u00e9sultats optimaux. Quel que soit votre besoin, il y a un produit MONAT qui vous offrira les r\u00e9sultats recherch\u00e9s. Achetez facilement en toute confiance en sachant que vous b\u00e9n\u00e9ficierez de la bonne combinaison de produits tout en \u00e9conomisant","og:url":"https:\/\/monatglobal.com\/fr\/systems\/","article:published_time":"2022-07-13T16:40:28+00:00","article:modified_time":"2024-05-28T14:32:53+00:00","twitter:card":"summary_large_image","twitter:title":"Systems - MONAT France","twitter:description":"Un syst\u00e8me adapt\u00e9 \u00e0 chaque besoin. Les syst\u00e8mes MONAT : Des collections de produits con\u00e7ues pour offrir des r\u00e9sultats optimaux. Quel que soit votre besoin, il y a un produit MONAT qui vous offrira les r\u00e9sultats recherch\u00e9s. Achetez facilement en toute confiance en sachant que vous b\u00e9n\u00e9ficierez de la bonne combinaison de produits tout en \u00e9conomisant"},"aioseo_meta_data":{"post_id":"73010","title":null,"description":null,"keywords":null,"keyphrases":null,"primary_term":null,"canonical_url":null,"og_title":null,"og_description":null,"og_object_type":"default","og_image_type":"default","og_image_url":null,"og_image_width":null,"og_image_height":null,"og_image_custom_url":null,"og_image_custom_fields":null,"og_video":null,"og_custom_url":null,"og_article_section":null,"og_article_tags":null,"twitter_use_og":false,"twitter_card":"default","twitter_image_type":"default","twitter_image_url":null,"twitter_image_custom_url":null,"twitter_image_custom_fields":null,"twitter_title":null,"twitter_description":null,"schema":{"blockGraphs":[],"customGraphs":[],"default":{"data":{"Article":[],"Course":[],"Dataset":[],"FAQPage":[],"Movie":[],"Person":[],"Product":[],"ProductReview":[],"Car":[],"Recipe":[],"Service":[],"SoftwareApplication":[],"WebPage":[]},"graphName":"WebPage","isEnabled":true},"graphs":[]},"schema_type":"default","schema_type_options":null,"pillar_content":false,"robots_default":true,"robots_noindex":false,"robots_noarchive":false,"robots_nosnippet":false,"robots_nofollow":false,"robots_noimageindex":false,"robots_noodp":false,"robots_notranslate":false,"robots_max_snippet":null,"robots_max_videopreview":null,"robots_max_imagepreview":"large","priority":null,"frequency":null,"local_seo":null,"seo_analyzer_scan_date":"2026-02-10 18:44:38","breadcrumb_settings":null,"limit_modified_date":false,"reviewed_by":null,"open_ai":null,"ai":null,"created":"2023-07-25 23:38:52","updated":"2026-02-10 18:44:38"},"aioseo_breadcrumb":"<div class=\"aioseo-breadcrumbs\"><span class=\"aioseo-breadcrumb\">\n\t<a href=\"https:\/\/monatglobal.com\/fr\" title=\"Home\">Home<\/a>\n<\/span><span class=\"aioseo-breadcrumb-separator\">&raquo;<\/span><span class=\"aioseo-breadcrumb\">\n\tSystems\n<\/span><\/div>","aioseo_breadcrumb_json":[{"label":"Home","link":"https:\/\/monatglobal.com\/fr"},{"label":"Systems","link":"https:\/\/monatglobal.com\/fr\/systems\/"}],"_links":{"self":[{"href":"https:\/\/monatglobal.com\/fr\/wp-json\/wp\/v2\/pages\/73010","targetHints":{"allow":["GET"]}}],"collection":[{"href":"https:\/\/monatglobal.com\/fr\/wp-json\/wp\/v2\/pages"}],"about":[{"href":"https:\/\/monatglobal.com\/fr\/wp-json\/wp\/v2\/types\/page"}],"author":[{"embeddable":true,"href":"https:\/\/monatglobal.com\/fr\/wp-json\/wp\/v2\/users\/31"}],"replies":[{"embeddable":true,"href":"https:\/\/monatglobal.com\/fr\/wp-json\/wp\/v2\/comments?post=73010"}],"version-history":[{"count":29,"href":"https:\/\/monatglobal.com\/fr\/wp-json\/wp\/v2\/pages\/73010\/revisions"}],"predecessor-version":[{"id":84416,"href":"https:\/\/monatglobal.com\/fr\/wp-json\/wp\/v2\/pages\/73010\/revisions\/84416"}],"wp:featuredmedia":[{"embeddable":true,"href":"https:\/\/monatglobal.com\/fr\/wp-json\/"}],"wp:attachment":[{"href":"https:\/\/monatglobal.com\/fr\/wp-json\/wp\/v2\/media?parent=73010"}],"wp:term":[{"taxonomy":"category","embeddable":true,"href":"https:\/\/monatglobal.com\/fr\/wp-json\/wp\/v2\/categories?post=73010"},{"taxonomy":"post_tag","embeddable":true,"href":"https:\/\/monatglobal.com\/fr\/wp-json\/wp\/v2\/tags?post=73010"}],"curies":[{"name":"wp","href":"https:\/\/api.w.org\/{rel}","templated":true}]}}