{"id":69897,"date":"2022-06-30T17:11:42","date_gmt":"2022-06-30T17:11:42","guid":{"rendered":"https:\/\/monatglobal.com\/au\/?page_id=69897"},"modified":"2026-02-25T17:58:24","modified_gmt":"2026-02-25T17:58:24","slug":"vinegar-shampoo","status":"publish","type":"page","link":"https:\/\/monatglobal.com\/fr\/vinegar-shampoo\/","title":{"rendered":"Shampooing purifiant au vinaigre"},"content":{"rendered":"\n\n\t<link rel=\"stylesheet\" href=\"https:\/\/unpkg.com\/swiper\/swiper-bundle.min.css\" \/>\n<link rel=\"stylesheet\" href=\"https:\/\/monatglobal.com\/wp-content\/creative_css\/product_styles_sheet.css\" \/>\n   <!--==================================================== ECOMM SECTION ====================================================-->\n      <!--==================================================== Ecomm image ====================================================-->\n       \n      <img decoding=\"async\" src=\"https:\/\/monatglobal.com\/es\/wp-content\/uploads\/sites\/10\/2021\/12\/Purifying-vinegar-shampoo-ecomm-2022.png\" alt=\"Champ\u00fa purificante con vinagre\" loading=\"lazy\"\/>\n         \n      <!--==================================================== Ecomm information  ====================================================-->\n         \n         NOUVEAU\n         <h1>Shampooing purifiant<br \/> au vinaigre<\/h1> \n         \n         <p>Nettoie, purifie et hydrate en profondeur, laissant les cheveux frais et&nbsp;propres. <\/p>\n         <p>237 ml \u212e 8 oz liq.<\/p>\n       <!--==================================================== pricing box  ====================================================-->  \n         <p>Prix de d\u00e9tail<br \/>00.00 \u20ac<\/p>\n         <p>Prix de client VIP<br \/>00.00 \u20ac<\/p>\n       <!--==================================================== pricing box  ====================================================-->  \n         <p>Pour en savoir plus sur le Shampooing purifiant au vinaigre, veuillez contacter votre Partenaire de March\u00e9&nbsp;MONAT.<\/p> \n      <a href=\"\" target=\"_blank\" role=\"button\" aria-label=\"\" rel=\"noopener\"><\/a>\n   <!--==================================================== \/ECOMM SECTION  ====================================================-->\n   <!--==================================================== Benefits image ====================================================-->\n  \n    <source media=\"(max-width: 700px)\" srcset=\"https:\/\/monatglobal.com\/es\/wp-content\/uploads\/sites\/10\/2021\/12\/Purifying-Vinegar-Shampoo-benefits_mobile.jpg\" loading=\"lazy\"\/>\n      <img decoding=\"async\" src=\"https:\/\/monatglobal.com\/es\/wp-content\/uploads\/sites\/10\/2021\/12\/Purifying-Vinegar-Shampoo-benefits-.jpg\" \n      alt=\"\" loading=\"lazy\"\/>\n    \n   <!--==================================================== Benefits text ====================================================-->\n         <h2>BIENFAITS<\/h2>\n         <h3>Un shampooing doux et performant, infus\u00e9 de vinaigre de cidre de pomme et de puissants AHA pour aider \u00e0 \u00e9liminer et dissoudre les cellules mortes, l&#8217;accumulation de produits tenaces et les polluants environnementaux \u00e0 l&#8217;origine des cheveux&nbsp;ternes.<\/h3>\n         <!--==================================================== features image  ====================================================-->\n         <img decoding=\"async\" alt=\"\" src=\"https:\/\/monatglobal.com\/es\/wp-content\/uploads\/sites\/10\/2021\/12\/Purifying-Vinegar-Shampoo-features.jpg\" loading=\"lazy\"\/>\n      <!--==================================================== features text ====================================================--> \n            <h3>Caract\u00e9ristiques<\/h3>\n               <p>\/ R\u00e9duit l&#8217;exc\u00e8s de s\u00e9bum et r\u00e9tablit l&#8217;\u00e9quilibre du cuir&nbsp;chevelu<\/p>\n               <p>\/ \u00c9limine la salet\u00e9, l&#8217;huile replace with le s\u00e9bum et les produits&nbsp;accumul\u00e9s<\/p>\n               <p>\/ Neutralise les effets ternissants des polluants&nbsp;environnementaux<\/p>\n               <p>\/ Maximise la brillance pour des cheveux d&#8217;apparence plus&nbsp;lisse<\/p>\n               <p>\/ Aide \u00e0 espacer les&nbsp;shampooings<\/p>\n               <br \/>\n            <p>Fragrance \/ Unwind and enjoy a coconut-forward, citrusy aroma with notes of blood orange, coconut husk, cashew nut and&nbsp;sandalwood. <\/p>\n            <p> Texture \/ Cream <\/p>\n   <!--==================================================== composition image mobile ====================================================-->\n   <img decoding=\"async\" alt=\"\" src=\"https:\/\/monatglobal.com\/wp-content\/uploads\/2021\/08\/grey-image-placeholder.jpg\" loading=\"lazy\"\/>\n   <!--==================================================== Why it works text ====================================================-->\n      <h2>REJUVENECE Y CALMA<\/h2>\n      <h3>A gentle, high-performance shampoo infused with apple cider vinegar and potent AHAs to help reduce excess oil, stubborn product buildup, and environmental pollutants that cause lackluster hair<\/h3>\n      Formulado con \u00e1cidos frutales naturales (AHA), extractos de az\u00facar granulado naturalmente exfoliantes, \n      REJUVENIQE S\u2122 y semillas de ar\u00e1ndanos ideales para limpiar la piel y lucir un cutis suave y de aspecto saludable. Este fresco y \n      moderno producto multiacci\u00f3n te permite , en menos de 5 minutos, refinar y exfoliar tu&nbsp;piel.\n<!--==================================================== Composition section ====================================================-->\n      <img decoding=\"async\" alt=\"\" src=\"https:\/\/monatglobal.com\/es\/wp-content\/uploads\/sites\/10\/2021\/12\/Purifying-Vinegar-Shampoo-comp-1.jpg\" loading=\"lazy\"\/>\n      <img decoding=\"async\" alt=\"\" \n      src=\"https:\/\/monatglobal.com\/es\/wp-content\/uploads\/sites\/10\/2021\/12\/Purifying-Vinegar-Shampoo-comp-3.jpg\" loading=\"lazy\"\/>\n            <!--==================================================== Directions text ====================================================--> \n               <h3>Mode d&#8217;emploi<\/h3>\n                    <p>\/ \u00c9mulsionner dans les mains et appliquer sur les cheveux mouill\u00e9s.<\/p>\n                    <p>\/ Laisser agir 1 \u00e0 2 minutes.<\/p>\n                    <p>\/ Rincer et r\u00e9p\u00e9ter.<\/p>\n                    <p>\/ Pour des r\u00e9sultats optimaux, compl\u00e9ter avec votre apr\u00e8s-shampooing MONAT pr\u00e9f\u00e9r\u00e9.<\/p>\n            <!--==================================================== Directions video ====================================================-->\n      <p>Shampooing purifiant<br \/> au vinaigre <br \/>0:35<\/p>\n  <a href=\"\" target=\"_blank\" role=\"button\" aria-label=\"\" rel=\"noopener\"><\/a>\n   <!--==================================================== Ingredients section  ====================================================-->\n      <h2>PRINCIPAUX INGR\u00c9DIENTS<\/h2>\n      <p>Vinaigre de cidre de pomme<\/p>\n      <p>Vitamine B6<\/p>\n      <p>AHAs de superfruits<\/p>\n        <button id=\"myBtn\" type=\"button\">LISTE D&#8217;INGR\u00c9DIENTS<\/button>\n      <!--==================================================== Modal content  ====================================================-->\n         &times;\n         <p>Aqua\/Water\/Eau, Sodium C14-16 Olefin Sulfonate, Sodium Cocoyl Glutamate, Polysorbate 20, Cocamidopropyl Betaine, Cocamide MIPA, Acetum\/Vinegar\/Vinaigre, Pyridoxine HCl, Menthol, Propanediol, Cassia Hydroxypropyltrimonium Chloride, Sodium Isethionate, Mangifera Indica (Mango) Pulp Extract, Musa Sapientum (Banana) Pulp Extract, Glycerin, Sodium Polyglutamate, Sodium Acetate, Saccharum Officinarum\/Sugar Cane Extract\/Extrait de canne \u00e0 sucre, Benzyl Alcohol, Maclura Cochinchinensis Leaf Prenylflavonoids, Glycolic Acid, Limnanthes Alba (Meadowfoam) Seed Oil, Crambe Abyssinica Seed Oil, Camellia Oleifera Seed Oil, Solanum Lycopersicum (Tomato) Seed Oil, Daucus Carota Sativa (Carrot) Seed Oil, Citrus Limon (Lemon) Peel Oil, Citrus Aurantifolia (Lime) Oil, Citrus Aurantium Bergamia (Bergamot) Fruit Oil, Adansonia Digitata Oil, Mauritia Flexuosa Fruit Oil, Cocos Nucifera (Coconut) Oil, Gardenia Taitensis Flower Extract, Moringa Oleifera Seed Oil, Caryocar Brasiliense Fruit Oil, Helianthus Annuus (Sunflower) Seed Oil, Citric Acid, Sodium Cocoyl Isethionate, PEG-120 Methyl Glucose Dioleate, PEG-150 Distearate, Sodium Stearoyl Lactylate, Sodium Chloride, Sodium Benzoate, Potassium Sorbate, Coconut Acid, Polyquaternium-7,&nbsp;Fragrance\/Parfum.<\/p>\n   <!--==================================================== You might also like section ====================================================-->\n      <h2>VOUS POURRIEZ AUSSI AIMER<\/h2>\n      <!--==================================================== Slider YOU MIGHT ALSO LIKE ====================================================-->\n          <!---->\n          <!--   -->\n                <!-- Slides products-->\n          <!--      -->\n          <!--         <a href=\"https:\/\/monatglobal.com\/fr\/vinegar-scrub\/\" aria-label=\"Go to Scalp Purifying Scrub< shop\">-->\n          <!--          <img decoding=\"async\" src=\"https:\/\/monatglobal.com\/wp-content\/uploads\/2022\/12\/Scalp-purifying-scrub_Ecomm-min.png\" alt=\"Scalp Purifying Scrub\" loading=\"lazy\"\/>-->\n          <!--          <p>Gommage purifiant<br \/> pour cuir chevelu<\/p>-->\n          <!--        <\/a>-->\n          <!--      -->\n          <!--      -->\n          <!--         <a href=\"https:\/\/monatglobal.com\/fr\/conditioning-dry-shampoo\/\" aria-label=\"Go to MONAT STUDIO ONE THE CHAMP\u2122 Conditioning Dry Shampoo shop\">-->\n          <!--          <img decoding=\"async\" src=\"https:\/\/monatglobal.com\/wp-content\/uploads\/2022\/12\/CHAMPU-ACONDICIONADOR-EN-SECO-MONAT-STUDIO-ONE-THE-CHAMP-ecomm.png\" alt=\"MONAT STUDIO ONE THE CHAMP\u2122 Conditioning Dry Shampoo\" loading=\"lazy\" \/>-->\n          <!--          <p>Shampooing sec The Champ\u2122<br \/> MONAT STUDIO ONE\u2122<\/p>-->\n          <!--        <\/a>-->\n          <!--      -->\n          <!--      -->\n          <!--         <a href=\"https:\/\/monatglobal.com\/fr\/advanced-hydrating-conditioner\/\" aria-label=\"Go to Advanced Hydrating Conditioner page\">-->\n          <!--            <img decoding=\"async\" src=\"https:\/\/monatglobal.com\/wp-content\/uploads\/2022\/12\/Adavance-Hydrating-Conditioner-Ecomm-min.png\" alt=\"Advanced Hydrating Conditioner\" loading=\"lazy\"\/>-->\n          <!--            <p>Apr\u00e8s-shampooing<br \/> Hydratation avanc\u00e9e<\/p>-->\n          <!--         <\/a>-->\n          <!--      -->\n          <!--   -->\n             <!-- If we need navigation buttons -->\n          <!--   -->\n          <!--   -->\n             <!-- If we need paginations -->\n          <!--   -->\n          <!---->\n         <!--==================================================== If we need navigation buttons  ====================================================-->\n         <!--==================================================== If we need paginations  ====================================================-->\n    <a href=\"\" aria-label=\"\"><\/a>\n<!--==================================================== this link has to go last for it to work   ====================================================-->\n\n","protected":false},"excerpt":{"rendered":"<p>NOUVEAU Shampooing purifiant au vinaigre Nettoie, purifie et hydrate en profondeur, laissant les cheveux frais et&nbsp;propres. 237 ml \u212e 8 oz liq. Prix de d\u00e9tail00.00 \u20ac Prix de client VIP00.00 \u20ac Pour en savoir plus sur le Shampooing purifiant au vinaigre, veuillez contacter votre Partenaire de March\u00e9&nbsp;MONAT. BIENFAITS Un shampooing doux et performant, infus\u00e9 de&hellip;<\/p>\n","protected":false},"author":31,"featured_media":109394,"parent":0,"menu_order":0,"comment_status":"closed","ping_status":"closed","template":"","meta":{"inline_featured_image":false,"om_disable_all_campaigns":false,"_monsterinsights_skip_tracking":false,"_monsterinsights_sitenote_active":false,"_monsterinsights_sitenote_note":"","_monsterinsights_sitenote_category":0,"footnotes":""},"categories":[20],"tags":[],"class_list":["post-69897","page","type-page","status-publish","has-post-thumbnail","hentry","category-product-fr"],"aioseo_notices":[],"aioseo_head":"\n\t\t<!-- All in One SEO Pro 4.9.5.2 - aioseo.com -->\n\t<meta name=\"description\" content=\"NOUVEAU Shampooing purifiant au vinaigre Nettoie, purifie et hydrate en profondeur, laissant les cheveux frais et propres. 237 ml \u212e 8 oz liq. Prix de d\u00e9tail00.00 \u20ac Prix de client VIP00.00 \u20ac Pour en savoir plus sur le Shampooing purifiant au vinaigre, veuillez contacter votre Partenaire de March\u00e9 MONAT. BIENFAITS Un shampooing doux et performant, infus\u00e9 de\" \/>\n\t<meta name=\"robots\" content=\"noindex, nofollow, max-image-preview:large\" \/>\n\t<link rel=\"canonical\" href=\"https:\/\/monatglobal.com\/fr\/vinegar-shampoo\/\" \/>\n\t<meta name=\"generator\" content=\"All in One SEO Pro (AIOSEO) 4.9.5.2\" \/>\n\t\t<meta property=\"og:locale\" content=\"en_US\" \/>\n\t\t<meta property=\"og:site_name\" content=\"MONAT France - We Are Modern Nature\u2122\" \/>\n\t\t<meta property=\"og:type\" content=\"article\" \/>\n\t\t<meta property=\"og:title\" content=\"Shampooing purifiant au vinaigre - MONAT France\" \/>\n\t\t<meta property=\"og:description\" content=\"NOUVEAU Shampooing purifiant au vinaigre Nettoie, purifie et hydrate en profondeur, laissant les cheveux frais et propres. 237 ml \u212e 8 oz liq. Prix de d\u00e9tail00.00 \u20ac Prix de client VIP00.00 \u20ac Pour en savoir plus sur le Shampooing purifiant au vinaigre, veuillez contacter votre Partenaire de March\u00e9 MONAT. BIENFAITS Un shampooing doux et performant, infus\u00e9 de\" \/>\n\t\t<meta property=\"og:url\" content=\"https:\/\/monatglobal.com\/fr\/vinegar-shampoo\/\" \/>\n\t\t<meta property=\"article:published_time\" content=\"2022-06-30T17:11:42+00:00\" \/>\n\t\t<meta property=\"article:modified_time\" content=\"2026-02-25T17:58:24+00:00\" \/>\n\t\t<meta name=\"twitter:card\" content=\"summary_large_image\" \/>\n\t\t<meta name=\"twitter:title\" content=\"Shampooing purifiant au vinaigre - MONAT France\" \/>\n\t\t<meta name=\"twitter:description\" content=\"NOUVEAU Shampooing purifiant au vinaigre Nettoie, purifie et hydrate en profondeur, laissant les cheveux frais et propres. 237 ml \u212e 8 oz liq. Prix de d\u00e9tail00.00 \u20ac Prix de client VIP00.00 \u20ac Pour en savoir plus sur le Shampooing purifiant au vinaigre, veuillez contacter votre Partenaire de March\u00e9 MONAT. BIENFAITS Un shampooing doux et performant, infus\u00e9 de\" \/>\n\t\t<script type=\"application\/ld+json\" class=\"aioseo-schema\">\n\t\t\t{\"@context\":\"https:\\\/\\\/schema.org\",\"@graph\":[{\"@type\":\"BreadcrumbList\",\"@id\":\"https:\\\/\\\/monatglobal.com\\\/fr\\\/vinegar-shampoo\\\/#breadcrumblist\",\"itemListElement\":[{\"@type\":\"ListItem\",\"@id\":\"https:\\\/\\\/monatglobal.com\\\/fr#listItem\",\"position\":1,\"name\":\"Home\",\"item\":\"https:\\\/\\\/monatglobal.com\\\/fr\",\"nextItem\":{\"@type\":\"ListItem\",\"@id\":\"https:\\\/\\\/monatglobal.com\\\/fr\\\/vinegar-shampoo\\\/#listItem\",\"name\":\"Shampooing purifiant au vinaigre\"}},{\"@type\":\"ListItem\",\"@id\":\"https:\\\/\\\/monatglobal.com\\\/fr\\\/vinegar-shampoo\\\/#listItem\",\"position\":2,\"name\":\"Shampooing purifiant au vinaigre\",\"previousItem\":{\"@type\":\"ListItem\",\"@id\":\"https:\\\/\\\/monatglobal.com\\\/fr#listItem\",\"name\":\"Home\"}}]},{\"@type\":\"Organization\",\"@id\":\"https:\\\/\\\/monatglobal.com\\\/fr\\\/#organization\",\"name\":\"MONAT France\",\"description\":\"We Are Modern Nature\\u2122\",\"url\":\"https:\\\/\\\/monatglobal.com\\\/fr\\\/\"},{\"@type\":\"WebPage\",\"@id\":\"https:\\\/\\\/monatglobal.com\\\/fr\\\/vinegar-shampoo\\\/#webpage\",\"url\":\"https:\\\/\\\/monatglobal.com\\\/fr\\\/vinegar-shampoo\\\/\",\"name\":\"Shampooing purifiant au vinaigre - MONAT France\",\"description\":\"NOUVEAU Shampooing purifiant au vinaigre Nettoie, purifie et hydrate en profondeur, laissant les cheveux frais et propres. 237 ml \\u212e 8 oz liq. Prix de d\\u00e9tail00.00 \\u20ac Prix de client VIP00.00 \\u20ac Pour en savoir plus sur le Shampooing purifiant au vinaigre, veuillez contacter votre Partenaire de March\\u00e9 MONAT. BIENFAITS Un shampooing doux et performant, infus\\u00e9 de\",\"inLanguage\":\"en-US\",\"isPartOf\":{\"@id\":\"https:\\\/\\\/monatglobal.com\\\/fr\\\/#website\"},\"breadcrumb\":{\"@id\":\"https:\\\/\\\/monatglobal.com\\\/fr\\\/vinegar-shampoo\\\/#breadcrumblist\"},\"image\":{\"@type\":\"ImageObject\",\"url\":\"https:\\\/\\\/monatglobal.com\\\/fr\\\/wp-content\\\/uploads\\\/sites\\\/19\\\/2026\\\/02\\\/Purifying-vinegar-shampoo-ecomm-2022.png\",\"@id\":\"https:\\\/\\\/monatglobal.com\\\/fr\\\/vinegar-shampoo\\\/#mainImage\",\"width\":641,\"height\":800},\"primaryImageOfPage\":{\"@id\":\"https:\\\/\\\/monatglobal.com\\\/fr\\\/vinegar-shampoo\\\/#mainImage\"},\"datePublished\":\"2022-06-30T17:11:42+01:00\",\"dateModified\":\"2026-02-25T17:58:24+00:00\"},{\"@type\":\"WebSite\",\"@id\":\"https:\\\/\\\/monatglobal.com\\\/fr\\\/#website\",\"url\":\"https:\\\/\\\/monatglobal.com\\\/fr\\\/\",\"name\":\"MONAT France\",\"description\":\"We Are Modern Nature\\u2122\",\"inLanguage\":\"en-US\",\"publisher\":{\"@id\":\"https:\\\/\\\/monatglobal.com\\\/fr\\\/#organization\"}}]}\n\t\t<\/script>\n\t\t<!-- All in One SEO Pro -->\r\n\t\t<title>Shampooing purifiant au vinaigre - MONAT France<\/title>\n\n","aioseo_head_json":{"title":"Shampooing purifiant au vinaigre - MONAT France","description":"NOUVEAU Shampooing purifiant au vinaigre Nettoie, purifie et hydrate en profondeur, laissant les cheveux frais et propres. 237 ml \u212e 8 oz liq. Prix de d\u00e9tail00.00 \u20ac Prix de client VIP00.00 \u20ac Pour en savoir plus sur le Shampooing purifiant au vinaigre, veuillez contacter votre Partenaire de March\u00e9 MONAT. BIENFAITS Un shampooing doux et performant, infus\u00e9 de","canonical_url":"https:\/\/monatglobal.com\/fr\/vinegar-shampoo\/","robots":"noindex, nofollow, max-image-preview:large","keywords":"","webmasterTools":{"miscellaneous":""},"schema":{"@context":"https:\/\/schema.org","@graph":[{"@type":"BreadcrumbList","@id":"https:\/\/monatglobal.com\/fr\/vinegar-shampoo\/#breadcrumblist","itemListElement":[{"@type":"ListItem","@id":"https:\/\/monatglobal.com\/fr#listItem","position":1,"name":"Home","item":"https:\/\/monatglobal.com\/fr","nextItem":{"@type":"ListItem","@id":"https:\/\/monatglobal.com\/fr\/vinegar-shampoo\/#listItem","name":"Shampooing purifiant au vinaigre"}},{"@type":"ListItem","@id":"https:\/\/monatglobal.com\/fr\/vinegar-shampoo\/#listItem","position":2,"name":"Shampooing purifiant au vinaigre","previousItem":{"@type":"ListItem","@id":"https:\/\/monatglobal.com\/fr#listItem","name":"Home"}}]},{"@type":"Organization","@id":"https:\/\/monatglobal.com\/fr\/#organization","name":"MONAT France","description":"We Are Modern Nature\u2122","url":"https:\/\/monatglobal.com\/fr\/"},{"@type":"WebPage","@id":"https:\/\/monatglobal.com\/fr\/vinegar-shampoo\/#webpage","url":"https:\/\/monatglobal.com\/fr\/vinegar-shampoo\/","name":"Shampooing purifiant au vinaigre - MONAT France","description":"NOUVEAU Shampooing purifiant au vinaigre Nettoie, purifie et hydrate en profondeur, laissant les cheveux frais et propres. 237 ml \u212e 8 oz liq. Prix de d\u00e9tail00.00 \u20ac Prix de client VIP00.00 \u20ac Pour en savoir plus sur le Shampooing purifiant au vinaigre, veuillez contacter votre Partenaire de March\u00e9 MONAT. BIENFAITS Un shampooing doux et performant, infus\u00e9 de","inLanguage":"en-US","isPartOf":{"@id":"https:\/\/monatglobal.com\/fr\/#website"},"breadcrumb":{"@id":"https:\/\/monatglobal.com\/fr\/vinegar-shampoo\/#breadcrumblist"},"image":{"@type":"ImageObject","url":"https:\/\/monatglobal.com\/fr\/wp-content\/uploads\/sites\/19\/2026\/02\/Purifying-vinegar-shampoo-ecomm-2022.png","@id":"https:\/\/monatglobal.com\/fr\/vinegar-shampoo\/#mainImage","width":641,"height":800},"primaryImageOfPage":{"@id":"https:\/\/monatglobal.com\/fr\/vinegar-shampoo\/#mainImage"},"datePublished":"2022-06-30T17:11:42+01:00","dateModified":"2026-02-25T17:58:24+00:00"},{"@type":"WebSite","@id":"https:\/\/monatglobal.com\/fr\/#website","url":"https:\/\/monatglobal.com\/fr\/","name":"MONAT France","description":"We Are Modern Nature\u2122","inLanguage":"en-US","publisher":{"@id":"https:\/\/monatglobal.com\/fr\/#organization"}}]},"og:locale":"en_US","og:site_name":"MONAT France - We Are Modern Nature\u2122","og:type":"article","og:title":"Shampooing purifiant au vinaigre - MONAT France","og:description":"NOUVEAU Shampooing purifiant au vinaigre Nettoie, purifie et hydrate en profondeur, laissant les cheveux frais et propres. 237 ml \u212e 8 oz liq. Prix de d\u00e9tail00.00 \u20ac Prix de client VIP00.00 \u20ac Pour en savoir plus sur le Shampooing purifiant au vinaigre, veuillez contacter votre Partenaire de March\u00e9 MONAT. BIENFAITS Un shampooing doux et performant, infus\u00e9 de","og:url":"https:\/\/monatglobal.com\/fr\/vinegar-shampoo\/","article:published_time":"2022-06-30T17:11:42+00:00","article:modified_time":"2026-02-25T17:58:24+00:00","twitter:card":"summary_large_image","twitter:title":"Shampooing purifiant au vinaigre - MONAT France","twitter:description":"NOUVEAU Shampooing purifiant au vinaigre Nettoie, purifie et hydrate en profondeur, laissant les cheveux frais et propres. 237 ml \u212e 8 oz liq. Prix de d\u00e9tail00.00 \u20ac Prix de client VIP00.00 \u20ac Pour en savoir plus sur le Shampooing purifiant au vinaigre, veuillez contacter votre Partenaire de March\u00e9 MONAT. BIENFAITS Un shampooing doux et performant, infus\u00e9 de"},"aioseo_meta_data":{"post_id":"69897","title":null,"description":null,"keywords":[],"keyphrases":{"focus":{"keyphrase":"","score":0,"analysis":{"keyphraseInTitle":{"score":0,"maxScore":9,"error":1}}},"additional":[]},"primary_term":null,"canonical_url":null,"og_title":null,"og_description":null,"og_object_type":"default","og_image_type":"default","og_image_url":null,"og_image_width":null,"og_image_height":null,"og_image_custom_url":null,"og_image_custom_fields":null,"og_video":"","og_custom_url":null,"og_article_section":null,"og_article_tags":[],"twitter_use_og":false,"twitter_card":"default","twitter_image_type":"default","twitter_image_url":null,"twitter_image_custom_url":null,"twitter_image_custom_fields":null,"twitter_title":null,"twitter_description":null,"schema":{"blockGraphs":[],"customGraphs":[],"default":{"data":{"Article":[],"Course":[],"Dataset":[],"FAQPage":[],"Movie":[],"Person":[],"Product":[],"ProductReview":[],"Car":[],"Recipe":[],"Service":[],"SoftwareApplication":[],"WebPage":[]},"graphName":"WebPage","isEnabled":true},"graphs":[]},"schema_type":"default","schema_type_options":null,"pillar_content":false,"robots_default":true,"robots_noindex":false,"robots_noarchive":false,"robots_nosnippet":false,"robots_nofollow":false,"robots_noimageindex":false,"robots_noodp":false,"robots_notranslate":false,"robots_max_snippet":"-1","robots_max_videopreview":"-1","robots_max_imagepreview":"large","priority":null,"frequency":"default","local_seo":null,"seo_analyzer_scan_date":"2026-02-25 18:31:38","breadcrumb_settings":null,"limit_modified_date":false,"reviewed_by":null,"open_ai":null,"ai":null,"created":"2023-09-21 16:16:45","updated":"2026-02-25 18:49:42"},"aioseo_breadcrumb":"<div class=\"aioseo-breadcrumbs\"><span class=\"aioseo-breadcrumb\">\n\t<a href=\"https:\/\/monatglobal.com\/fr\" title=\"Home\">Home<\/a>\n<\/span><span class=\"aioseo-breadcrumb-separator\">&raquo;<\/span><span class=\"aioseo-breadcrumb\">\n\tShampooing purifiant au vinaigre\n<\/span><\/div>","aioseo_breadcrumb_json":[{"label":"Home","link":"https:\/\/monatglobal.com\/fr"},{"label":"Shampooing purifiant au vinaigre","link":"https:\/\/monatglobal.com\/fr\/vinegar-shampoo\/"}],"_links":{"self":[{"href":"https:\/\/monatglobal.com\/fr\/wp-json\/wp\/v2\/pages\/69897","targetHints":{"allow":["GET"]}}],"collection":[{"href":"https:\/\/monatglobal.com\/fr\/wp-json\/wp\/v2\/pages"}],"about":[{"href":"https:\/\/monatglobal.com\/fr\/wp-json\/wp\/v2\/types\/page"}],"author":[{"embeddable":true,"href":"https:\/\/monatglobal.com\/fr\/wp-json\/wp\/v2\/users\/31"}],"replies":[{"embeddable":true,"href":"https:\/\/monatglobal.com\/fr\/wp-json\/wp\/v2\/comments?post=69897"}],"version-history":[{"count":28,"href":"https:\/\/monatglobal.com\/fr\/wp-json\/wp\/v2\/pages\/69897\/revisions"}],"predecessor-version":[{"id":109393,"href":"https:\/\/monatglobal.com\/fr\/wp-json\/wp\/v2\/pages\/69897\/revisions\/109393"}],"wp:featuredmedia":[{"embeddable":true,"href":"https:\/\/monatglobal.com\/fr\/wp-json\/wp\/v2\/media\/109394"}],"wp:attachment":[{"href":"https:\/\/monatglobal.com\/fr\/wp-json\/wp\/v2\/media?parent=69897"}],"wp:term":[{"taxonomy":"category","embeddable":true,"href":"https:\/\/monatglobal.com\/fr\/wp-json\/wp\/v2\/categories?post=69897"},{"taxonomy":"post_tag","embeddable":true,"href":"https:\/\/monatglobal.com\/fr\/wp-json\/wp\/v2\/tags?post=69897"}],"curies":[{"name":"wp","href":"https:\/\/api.w.org\/{rel}","templated":true}]}}