{"id":69536,"date":"2022-06-02T16:50:40","date_gmt":"2022-06-02T16:50:40","guid":{"rendered":"https:\/\/monatglobal.com\/au\/?page_id=69536"},"modified":"2026-02-13T20:35:56","modified_gmt":"2026-02-13T20:35:56","slug":"bakuchiol","status":"publish","type":"page","link":"https:\/\/monatglobal.com\/fr\/bakuchiol\/","title":{"rendered":"<br>Bakuchiol Botanique Lotion alternative au r\u00e9tinol v\u00e9gane"},"content":{"rendered":"\n\n\t<link rel=\"stylesheet\" href=\"https:\/\/unpkg.com\/swiper\/swiper-bundle.min.css\" \/>\n<link rel=\"stylesheet\" href=\"https:\/\/monatglobal.com\/wp-content\/creative_css\/product_styles_sheet.css\" \/>\n   <!--==================================================== ECOMM SECTION ====================================================-->\n      <!--==================================================== Ecomm image ====================================================-->\n      <img decoding=\"async\" src=\"https:\/\/monatglobal.com\/wp-content\/uploads\/2020\/11\/bbvr.png\" alt=\"Bakuchiol Ro\u015blinny Wega\u0144ska Alternatywa Retinolu\" loading=\"lazy\"\/>\n      <!--==================================================== Ecomm information  ====================================================-->\n         NOUVEAU\n         \n         <h1>Bakuchiol Botanique Lotion alternative au r\u00e9tinol v\u00e9gane<\/h1>\n         \n         <p>Une lotion alternative au r\u00e9tinol v\u00e9gane, l\u00e9g\u00e8re et \u00e0 absorption rapide, s\u00fbre et douce pour un usage quotidien.<\/p>\n         <p>30 ml \u212e 1 fl. oz.<\/p>\n       <!--==================================================== pricing box ====================================================-->   \n         <p>Prix de d\u00e9tail<br \/>00.00 \u20ac<\/p>\n         <p>Prix de client VIP<br \/>00.00 \u20ac<\/p>\n       <!--==================================================== pricing box ====================================================-->\n         <p>Pour en savoir plus sur la Bakuchiol Botanique Lotion alternative au r\u00e9tinol v\u00e9gane, veuillez contacter votre partenaire de march\u00e9 MONAT.<\/p> \n      <a href=\"\" target=\"_blank\" role=\"button\" aria-label=\"\" rel=\"noopener\"><\/a>\n   <!--==================================================== \/ECOMM SECTION  ====================================================-->\n   <!--==================================================== Benefits image ====================================================-->\n  \n    <source media=\"(max-width: 700px)\" srcset=\"https:\/\/monatglobal.com\/lt\/wp-content\/uploads\/sites\/11\/2021\/12\/bakuchiol-benefits_mobile.jpg\" loading=\"lazy\"\/>\n      <img decoding=\"async\" src=\"https:\/\/monatglobal.com\/lt\/wp-content\/uploads\/sites\/11\/2021\/12\/bakuchiol-benefits.jpg\" \n      alt=\"\" loading=\"lazy\"\/>\n    \n   <!--==================================================== Benefits text ====================================================-->\n         <h2>BIENFAITS<\/h2>\n         <h3>Cette lotion l\u00e9g\u00e8re, aliment\u00e9e par la nature, contient un puissant m\u00e9lange d&#8217;actifs v\u00e9g\u00e9taux qui agissent ensemble pour r\u00e9duire l&#8217;apparence des taches de vieillesse, des irr\u00e9gularit\u00e9s du teint, des ridules et des rides.<\/h3>\n         <!--==================================================== features image  ====================================================-->\n         <img decoding=\"async\" alt=\"\" src=\"https:\/\/monatglobal.com\/lt\/wp-content\/uploads\/sites\/11\/2021\/12\/botanic-bakuchiol-features.jpg\" loading=\"lazy\"\/>\n      <!--==================================================== features text ====================================================-->\n            <h3>Caract\u00e9ristiques<\/h3>\n               <p>\/ Aide \u00e0 r\u00e9duire l&#8217;apparence des taches de vieillesse <br \/> pour un teint plus uniforme<\/p>\n               <p>\/ Am\u00e9liore le teint et la texture de la peau<\/p>\n               <p>\/ Favorise l&#8217;obtention d&#8217;un teint plus lisse et plus lumineux<\/p>\n               <p>\/ Cible et r\u00e9duit l&#8217;apparence des rides et ridules<\/p>\n               <p>\/ Pour tous les types de peau, y compris les peaux sensibles<\/p>\n               <p>\/ Fournit une hydratation de 24 heures<\/p>\n               <br \/>\n            <p>Fragrance \/ Unwind and enjoy a coconut-forward, citrusy aroma with notes of blood orange, coconut husk, cashew nut and&nbsp;sandalwood. <\/p>\n            <p> Texture \/ Cream. <\/p>\n   <!--==================================================== composition image mobile ====================================================-->\n   <img decoding=\"async\" alt=\"\" src=\"https:\/\/monatglobal.com\/lt\/wp-content\/uploads\/sites\/11\/2021\/12\/botanic-bakuchiol-composition-1.jpg\" loading=\"lazy\"\/>\n   <!--==================================================== Why it works text ====================================================-->\n      \n      <h3>Notre formule l\u00e9g\u00e8re, \u00e0 absorption rapide, convient \u00e0 tous les types de peau et contribue \u00e0 favoriser une apparence g\u00e9n\u00e9rale plus lisse et plus radieuse.\n<\/h3>\n      <p>\u00c9levez votre routine de soins de la peau avec la lotion alternative au r\u00e9tinol v\u00e9gane Bakuchiol Botanique. Notre formule naturelle est m\u00e9lang\u00e9e \u00e0 des actifs botaniques, notamment le REJUVENIQE S\u2122, le bakuchiol et le squalane v\u00e9g\u00e9tal. Les r\u00e9sultats similaires au r\u00e9tinol du bakuchiol en font une alternative int\u00e9ressante dans le monde des soins de la peau d&#8217;aujourd&#8217;hui.<\/p>\n<!--==================================================== Composition section ====================================================-->\n      <img decoding=\"async\" alt=\"\" src=\"https:\/\/monatglobal.com\/lt\/wp-content\/uploads\/sites\/11\/2021\/12\/botanic-bakuchiol-composition-1.jpg\" loading=\"lazy\"\/>\n      <img decoding=\"async\" alt=\"\" \n      src=\"https:\/\/monatglobal.com\/lt\/wp-content\/uploads\/sites\/11\/2021\/12\/botanic-bakuchiol-composition-2-1.jpg\" loading=\"lazy\"\/>\n            <!--==================================================== Directions text ====================================================--> \n               <h3>Mode d&#8217;emploi<\/h3>\n                    <p>Utilisation quotidienne<\/p>\n                    <p>\/ Pomper sur le bout des doigts et r\u00e9partir uniform\u00e9ment.<\/p>\n                    <p>\/ Masser d\u00e9licatement sur la peau nettoy\u00e9e en effectuant des mouvements circulaires.<\/p>\n                    <p>\/ Laissez le produit absorber compl\u00e8tement avant d&#8217;appliquer votre cr\u00e8me hydratante MONAT.<\/p>\n                    <p>\/ Utiliser le SPF tous les jours selon les instructions.<\/p>\n            <!--==================================================== Directions video ====================================================-->\n      <p>Be Balanced\u2122 <br \/>Lightweight Moisturizer <br \/>0:35<\/p>\n         <!--==================================================== features image  ====================================================-->\n         <img decoding=\"async\" alt=\"\" src=\"https:\/\/monatglobal.com\/lt\/wp-content\/uploads\/sites\/11\/2021\/12\/botanic-bakuchiol-suggestions.jpg\" loading=\"lazy\"\/>\n      <!--==================================================== features text ====================================================-->\n            <h3>Conseil pour une peau saine<\/h3>\n               <p>\/ Le Bakuchiol est souvent appel\u00e9 le r\u00e9tinol de la nature. Il est connu pour offrir tous les avantages du r\u00e9tinol sans les effets sensibilisants sur la peau, ce qui le rend doux et efficace pour tous les types de peau, y compris les peaux sensibles. Pour de meilleurs r\u00e9sultats, utilisez ce produit apr\u00e8s votre s\u00e9rum MONAT dans le cadre de votre routine quotidienne. <\/p>\n               <p>&nbsp;&nbsp;&nbsp; Combine with Rewind\u2122 Age Control Nectar to experience optimal results for radiant and healthy looking skin at any&nbsp;age. <\/p>\n  <a href=\"\" target=\"_blank\" role=\"button\" aria-label=\"\" rel=\"noopener\"><\/a>\n   <!--==================================================== Ingredients section  ====================================================-->\n      <h2>PRINCIPAUX INGR\u00c9DIENTS<\/h2>\n      <p>REJUVENIQE S\u2122<\/p>\n      <p>Bakuchiol<\/p>\n      <p>Squalane v\u00e9g\u00e9tal<\/p>\n      <p>Padinami<\/p>\n      <p>Huile d&#8217;inca inchi<\/p>\n      <p>Extrait de fleur de patte de kangourou<\/p>\n        <button id=\"myBtn\" type=\"button\">LISTE D&#8217;INGR\u00c9DIENTS\n<\/button>\n      <!--==================================================== Modal content  ====================================================-->\n         &times;\n         <p>Aqua\/Water\/Eau, Squalane, Glyc\u00e9rine, Propanediol, Copolym\u00e8re d&#8217;Acrylate d&#8217;Hydroxy\u00e9thyle\/Sodium Acryloyldim\u00e9thyl Taurate, Bakuchiol, Hydroxypinacolone Retinoate, Extrait de Thalle de Padina Pavonica, Huile de Graines de Plukenetia Volubilis, Extrait d&#8217;Anigozanthos Flavidus, Huile de graines de Simmondsia Chinensis (Jojoba), huile de graines de Limnanthes Alba (Meadowfoam), huile de graines de Crambe Abyssinica, huile de graines de Camellia Oleifera, huile de graines de Solanum Lycopersicum (Tomate), huile de graines de Daucus Carota Sativa (Carotte), huile de zeste de Citrus Limon (Citron), huile de Citrus Aurantifolia (Lime), Citrus Aurantium Bergamia (Bergamote) Fruit Oil, Adansonia Digitata Oil, Mauritia Flexuosa Fruit Oil, Cocos Nucifera (Coconut) Oil, Gardenia Taitensis Flower Extract, Moringa Oleifera Seed Oil, Caryocar Brasiliense Fruit Oil, Helianthus Annuus (Sunflower) Seed Oil, Olea Europaea (Olive) Fruit Oil, Simmondsia Chinensis (Jojoba) Seed Extract, Glyceryl Polyacrylate, Sodium Phytate, Sodium Stearoyl Lactylate, Hydrogenated Lecithin, Dimethyl Isosorbide, Fragrance\/Parfum, Tocopherol, Ethylhexylglyc.<\/p>\n   <!--==================================================== You might also like section ====================================================-->\n      <h2>VOUS POURRIEZ AUSSI AIMER<\/h2>\n      <!--==================================================== Slider YOU MIGHT ALSO LIKE ====================================================-->\n          <!---->\n          <!--   -->\n                <!-- Slides products-->\n          <!--      -->\n          <!--         <a href=\"https:\/\/monatglobal.com\/fr\/skincare-night-age-control-cream\/\" aria-label=\"Go to Night Haven\u2122 Overnight Age Control Cream page\">-->\n          <!--          <img decoding=\"async\" src=\"https:\/\/monatglobal.com\/wp-content\/uploads\/2022\/12\/Night-Haven-Age-control_Ecomm-min.png\" alt=\"Night Haven\u2122 Overnight Age Control Cream\" loading=\"lazy\"\/>-->\n          <!--          <p>Cr\u00e8me de nuit anti-\u00e2ge Night Haven\u2122<\/p>-->\n          <!--        <\/a>-->\n          <!--      -->\n          <!--                 -->\n          <!--         <a href=\"https:\/\/monatglobal.com\/fr\/hyaluronic-serum\/\" aria-label=\"Go to HYDRATION BOOSTER\u2122 HYALURONIC SERUM PLUS page\">-->\n          <!--          <img decoding=\"async\" src=\"https:\/\/monatglobal.com\/ca\/wp-content\/uploads\/sites\/5\/2021\/08\/Hydration-Booster-Hyaluronic-Serum-Plus_ecomm.png\" alt=\"HYDRATION BOOSTER\u2122 HYALURONIC SERUM PLUS\" loading=\"lazy\"\/>-->\n          <!--          <p>HYDRATION BOOSTER\u2122 HYALURONIC SERUM PLUS<\/p>-->\n          <!--        <\/a>-->\n          <!--      -->\n          <!--      -->\n          <!--         <a href=\"https:\/\/monatglobal.com\/fr\/face-mist\/\" aria-label=\"Go to HYDRATE & REFRESH\u2122 BRUME POUR LE VISAGE page\">-->\n          <!--          <img decoding=\"async\" src=\"https:\/\/monatglobal.com\/wp-content\/uploads\/2021\/08\/MONAT_HYDRATE-REFRESH_ecomm-optimized.png\" alt=\"HYDRATE & REFRESH\u2122 BRUME POUR LE VISAGE\" loading=\"lazy\"\/>-->\n          <!--          <p>HYDRATE & REFRESH\u2122 BRUME POUR LE VISAGE<\/p>-->\n          <!--        <\/a>-->\n          <!--      -->\n          <!--   -->\n             <!-- If we need navigation buttons -->\n          <!--   -->\n          <!--   -->\n             <!-- If we need paginations -->\n          <!--   -->\n          <!---->\n         <!--==================================================== If we need navigation buttons  ====================================================-->\n         <!--==================================================== If we need paginations  ====================================================-->\n    <a href=\"\" aria-label=\"\"><\/a>\n<!--==================================================== this link has to go last for it to work   ====================================================-->\n\n","protected":false},"excerpt":{"rendered":"<p>NOUVEAU Bakuchiol Botanique Lotion alternative au r\u00e9tinol v\u00e9gane Une lotion alternative au r\u00e9tinol v\u00e9gane, l\u00e9g\u00e8re et \u00e0 absorption rapide, s\u00fbre et douce pour un usage quotidien. 30 ml \u212e 1 fl. oz. Prix de d\u00e9tail00.00 \u20ac Prix de client VIP00.00 \u20ac Pour en savoir plus sur la Bakuchiol Botanique Lotion alternative au r\u00e9tinol v\u00e9gane, veuillez&hellip;<\/p>\n","protected":false},"author":31,"featured_media":84282,"parent":0,"menu_order":0,"comment_status":"closed","ping_status":"closed","template":"","meta":{"inline_featured_image":false,"om_disable_all_campaigns":false,"_monsterinsights_skip_tracking":false,"_monsterinsights_sitenote_active":false,"_monsterinsights_sitenote_note":"","_monsterinsights_sitenote_category":0,"footnotes":""},"categories":[20],"tags":[],"class_list":["post-69536","page","type-page","status-publish","has-post-thumbnail","hentry","category-product-fr"],"aioseo_notices":[],"aioseo_head":"\n\t\t<!-- All in One SEO Pro 4.9.5.2 - aioseo.com -->\n\t<meta name=\"description\" content=\"NOUVEAU Bakuchiol Botanique Lotion alternative au r\u00e9tinol v\u00e9gane Une lotion alternative au r\u00e9tinol v\u00e9gane, l\u00e9g\u00e8re et \u00e0 absorption rapide, s\u00fbre et douce pour un usage quotidien. 30 ml \u212e 1 fl. oz. Prix de d\u00e9tail00.00 \u20ac Prix de client VIP00.00 \u20ac Pour en savoir plus sur la Bakuchiol Botanique Lotion alternative au r\u00e9tinol v\u00e9gane, veuillez\" \/>\n\t<meta name=\"robots\" content=\"noindex, nofollow, max-image-preview:large\" \/>\n\t<link rel=\"canonical\" href=\"https:\/\/monatglobal.com\/fr\/bakuchiol\/\" \/>\n\t<meta name=\"generator\" content=\"All in One SEO Pro (AIOSEO) 4.9.5.2\" \/>\n\t\t<meta property=\"og:locale\" content=\"en_US\" \/>\n\t\t<meta property=\"og:site_name\" content=\"MONAT France - We Are Modern Nature\u2122\" \/>\n\t\t<meta property=\"og:type\" content=\"article\" \/>\n\t\t<meta property=\"og:title\" content=\"Bakuchiol Botanique Lotion alternative au r\u00e9tinol v\u00e9gane - MONAT France\" \/>\n\t\t<meta property=\"og:description\" content=\"NOUVEAU Bakuchiol Botanique Lotion alternative au r\u00e9tinol v\u00e9gane Une lotion alternative au r\u00e9tinol v\u00e9gane, l\u00e9g\u00e8re et \u00e0 absorption rapide, s\u00fbre et douce pour un usage quotidien. 30 ml \u212e 1 fl. oz. Prix de d\u00e9tail00.00 \u20ac Prix de client VIP00.00 \u20ac Pour en savoir plus sur la Bakuchiol Botanique Lotion alternative au r\u00e9tinol v\u00e9gane, veuillez\" \/>\n\t\t<meta property=\"og:url\" content=\"https:\/\/monatglobal.com\/fr\/bakuchiol\/\" \/>\n\t\t<meta property=\"article:published_time\" content=\"2022-06-02T16:50:40+00:00\" \/>\n\t\t<meta property=\"article:modified_time\" content=\"2026-02-13T20:35:56+00:00\" \/>\n\t\t<meta name=\"twitter:card\" content=\"summary_large_image\" \/>\n\t\t<meta name=\"twitter:title\" content=\"Bakuchiol Botanique Lotion alternative au r\u00e9tinol v\u00e9gane - MONAT France\" \/>\n\t\t<meta name=\"twitter:description\" content=\"NOUVEAU Bakuchiol Botanique Lotion alternative au r\u00e9tinol v\u00e9gane Une lotion alternative au r\u00e9tinol v\u00e9gane, l\u00e9g\u00e8re et \u00e0 absorption rapide, s\u00fbre et douce pour un usage quotidien. 30 ml \u212e 1 fl. oz. Prix de d\u00e9tail00.00 \u20ac Prix de client VIP00.00 \u20ac Pour en savoir plus sur la Bakuchiol Botanique Lotion alternative au r\u00e9tinol v\u00e9gane, veuillez\" \/>\n\t\t<script type=\"application\/ld+json\" class=\"aioseo-schema\">\n\t\t\t{\"@context\":\"https:\\\/\\\/schema.org\",\"@graph\":[{\"@type\":\"BreadcrumbList\",\"@id\":\"https:\\\/\\\/monatglobal.com\\\/fr\\\/bakuchiol\\\/#breadcrumblist\",\"itemListElement\":[{\"@type\":\"ListItem\",\"@id\":\"https:\\\/\\\/monatglobal.com\\\/fr#listItem\",\"position\":1,\"name\":\"Home\",\"item\":\"https:\\\/\\\/monatglobal.com\\\/fr\",\"nextItem\":{\"@type\":\"ListItem\",\"@id\":\"https:\\\/\\\/monatglobal.com\\\/fr\\\/bakuchiol\\\/#listItem\",\"name\":\"Bakuchiol Botanique Lotion alternative au r\\u00e9tinol v\\u00e9gane\"}},{\"@type\":\"ListItem\",\"@id\":\"https:\\\/\\\/monatglobal.com\\\/fr\\\/bakuchiol\\\/#listItem\",\"position\":2,\"name\":\"Bakuchiol Botanique Lotion alternative au r\\u00e9tinol v\\u00e9gane\",\"previousItem\":{\"@type\":\"ListItem\",\"@id\":\"https:\\\/\\\/monatglobal.com\\\/fr#listItem\",\"name\":\"Home\"}}]},{\"@type\":\"Organization\",\"@id\":\"https:\\\/\\\/monatglobal.com\\\/fr\\\/#organization\",\"name\":\"MONAT France\",\"description\":\"We Are Modern Nature\\u2122\",\"url\":\"https:\\\/\\\/monatglobal.com\\\/fr\\\/\"},{\"@type\":\"WebPage\",\"@id\":\"https:\\\/\\\/monatglobal.com\\\/fr\\\/bakuchiol\\\/#webpage\",\"url\":\"https:\\\/\\\/monatglobal.com\\\/fr\\\/bakuchiol\\\/\",\"name\":\"Bakuchiol Botanique Lotion alternative au r\\u00e9tinol v\\u00e9gane - MONAT France\",\"description\":\"NOUVEAU Bakuchiol Botanique Lotion alternative au r\\u00e9tinol v\\u00e9gane Une lotion alternative au r\\u00e9tinol v\\u00e9gane, l\\u00e9g\\u00e8re et \\u00e0 absorption rapide, s\\u00fbre et douce pour un usage quotidien. 30 ml \\u212e 1 fl. oz. Prix de d\\u00e9tail00.00 \\u20ac Prix de client VIP00.00 \\u20ac Pour en savoir plus sur la Bakuchiol Botanique Lotion alternative au r\\u00e9tinol v\\u00e9gane, veuillez\",\"inLanguage\":\"en-US\",\"isPartOf\":{\"@id\":\"https:\\\/\\\/monatglobal.com\\\/fr\\\/#website\"},\"breadcrumb\":{\"@id\":\"https:\\\/\\\/monatglobal.com\\\/fr\\\/bakuchiol\\\/#breadcrumblist\"},\"image\":{\"@type\":\"ImageObject\",\"url\":\"https:\\\/\\\/monatglobal.com\\\/fr\\\/wp-content\\\/uploads\\\/sites\\\/19\\\/2024\\\/03\\\/bbvr.png\",\"@id\":\"https:\\\/\\\/monatglobal.com\\\/fr\\\/bakuchiol\\\/#mainImage\",\"width\":438,\"height\":500},\"primaryImageOfPage\":{\"@id\":\"https:\\\/\\\/monatglobal.com\\\/fr\\\/bakuchiol\\\/#mainImage\"},\"datePublished\":\"2022-06-02T16:50:40+01:00\",\"dateModified\":\"2026-02-13T20:35:56+00:00\"},{\"@type\":\"WebSite\",\"@id\":\"https:\\\/\\\/monatglobal.com\\\/fr\\\/#website\",\"url\":\"https:\\\/\\\/monatglobal.com\\\/fr\\\/\",\"name\":\"MONAT France\",\"description\":\"We Are Modern Nature\\u2122\",\"inLanguage\":\"en-US\",\"publisher\":{\"@id\":\"https:\\\/\\\/monatglobal.com\\\/fr\\\/#organization\"}}]}\n\t\t<\/script>\n\t\t<!-- All in One SEO Pro -->\r\n\t\t<title>Bakuchiol Botanique Lotion alternative au r\u00e9tinol v\u00e9gane - MONAT France<\/title>\n\n","aioseo_head_json":{"title":"Bakuchiol Botanique Lotion alternative au r\u00e9tinol v\u00e9gane - MONAT France","description":"NOUVEAU Bakuchiol Botanique Lotion alternative au r\u00e9tinol v\u00e9gane Une lotion alternative au r\u00e9tinol v\u00e9gane, l\u00e9g\u00e8re et \u00e0 absorption rapide, s\u00fbre et douce pour un usage quotidien. 30 ml \u212e 1 fl. oz. Prix de d\u00e9tail00.00 \u20ac Prix de client VIP00.00 \u20ac Pour en savoir plus sur la Bakuchiol Botanique Lotion alternative au r\u00e9tinol v\u00e9gane, veuillez","canonical_url":"https:\/\/monatglobal.com\/fr\/bakuchiol\/","robots":"noindex, nofollow, max-image-preview:large","keywords":"","webmasterTools":{"miscellaneous":""},"schema":{"@context":"https:\/\/schema.org","@graph":[{"@type":"BreadcrumbList","@id":"https:\/\/monatglobal.com\/fr\/bakuchiol\/#breadcrumblist","itemListElement":[{"@type":"ListItem","@id":"https:\/\/monatglobal.com\/fr#listItem","position":1,"name":"Home","item":"https:\/\/monatglobal.com\/fr","nextItem":{"@type":"ListItem","@id":"https:\/\/monatglobal.com\/fr\/bakuchiol\/#listItem","name":"Bakuchiol Botanique Lotion alternative au r\u00e9tinol v\u00e9gane"}},{"@type":"ListItem","@id":"https:\/\/monatglobal.com\/fr\/bakuchiol\/#listItem","position":2,"name":"Bakuchiol Botanique Lotion alternative au r\u00e9tinol v\u00e9gane","previousItem":{"@type":"ListItem","@id":"https:\/\/monatglobal.com\/fr#listItem","name":"Home"}}]},{"@type":"Organization","@id":"https:\/\/monatglobal.com\/fr\/#organization","name":"MONAT France","description":"We Are Modern Nature\u2122","url":"https:\/\/monatglobal.com\/fr\/"},{"@type":"WebPage","@id":"https:\/\/monatglobal.com\/fr\/bakuchiol\/#webpage","url":"https:\/\/monatglobal.com\/fr\/bakuchiol\/","name":"Bakuchiol Botanique Lotion alternative au r\u00e9tinol v\u00e9gane - MONAT France","description":"NOUVEAU Bakuchiol Botanique Lotion alternative au r\u00e9tinol v\u00e9gane Une lotion alternative au r\u00e9tinol v\u00e9gane, l\u00e9g\u00e8re et \u00e0 absorption rapide, s\u00fbre et douce pour un usage quotidien. 30 ml \u212e 1 fl. oz. Prix de d\u00e9tail00.00 \u20ac Prix de client VIP00.00 \u20ac Pour en savoir plus sur la Bakuchiol Botanique Lotion alternative au r\u00e9tinol v\u00e9gane, veuillez","inLanguage":"en-US","isPartOf":{"@id":"https:\/\/monatglobal.com\/fr\/#website"},"breadcrumb":{"@id":"https:\/\/monatglobal.com\/fr\/bakuchiol\/#breadcrumblist"},"image":{"@type":"ImageObject","url":"https:\/\/monatglobal.com\/fr\/wp-content\/uploads\/sites\/19\/2024\/03\/bbvr.png","@id":"https:\/\/monatglobal.com\/fr\/bakuchiol\/#mainImage","width":438,"height":500},"primaryImageOfPage":{"@id":"https:\/\/monatglobal.com\/fr\/bakuchiol\/#mainImage"},"datePublished":"2022-06-02T16:50:40+01:00","dateModified":"2026-02-13T20:35:56+00:00"},{"@type":"WebSite","@id":"https:\/\/monatglobal.com\/fr\/#website","url":"https:\/\/monatglobal.com\/fr\/","name":"MONAT France","description":"We Are Modern Nature\u2122","inLanguage":"en-US","publisher":{"@id":"https:\/\/monatglobal.com\/fr\/#organization"}}]},"og:locale":"en_US","og:site_name":"MONAT France - We Are Modern Nature\u2122","og:type":"article","og:title":"Bakuchiol Botanique Lotion alternative au r\u00e9tinol v\u00e9gane - MONAT France","og:description":"NOUVEAU Bakuchiol Botanique Lotion alternative au r\u00e9tinol v\u00e9gane Une lotion alternative au r\u00e9tinol v\u00e9gane, l\u00e9g\u00e8re et \u00e0 absorption rapide, s\u00fbre et douce pour un usage quotidien. 30 ml \u212e 1 fl. oz. Prix de d\u00e9tail00.00 \u20ac Prix de client VIP00.00 \u20ac Pour en savoir plus sur la Bakuchiol Botanique Lotion alternative au r\u00e9tinol v\u00e9gane, veuillez","og:url":"https:\/\/monatglobal.com\/fr\/bakuchiol\/","article:published_time":"2022-06-02T16:50:40+00:00","article:modified_time":"2026-02-13T20:35:56+00:00","twitter:card":"summary_large_image","twitter:title":"Bakuchiol Botanique Lotion alternative au r\u00e9tinol v\u00e9gane - MONAT France","twitter:description":"NOUVEAU Bakuchiol Botanique Lotion alternative au r\u00e9tinol v\u00e9gane Une lotion alternative au r\u00e9tinol v\u00e9gane, l\u00e9g\u00e8re et \u00e0 absorption rapide, s\u00fbre et douce pour un usage quotidien. 30 ml \u212e 1 fl. oz. Prix de d\u00e9tail00.00 \u20ac Prix de client VIP00.00 \u20ac Pour en savoir plus sur la Bakuchiol Botanique Lotion alternative au r\u00e9tinol v\u00e9gane, veuillez"},"aioseo_meta_data":{"post_id":"69536","title":null,"description":null,"keywords":[],"keyphrases":{"focus":{"keyphrase":"","score":0,"analysis":{"keyphraseInTitle":{"score":0,"maxScore":9,"error":1}}},"additional":[]},"primary_term":null,"canonical_url":null,"og_title":null,"og_description":null,"og_object_type":"default","og_image_type":"default","og_image_url":null,"og_image_width":null,"og_image_height":null,"og_image_custom_url":null,"og_image_custom_fields":null,"og_video":"","og_custom_url":null,"og_article_section":null,"og_article_tags":[],"twitter_use_og":false,"twitter_card":"default","twitter_image_type":"default","twitter_image_url":null,"twitter_image_custom_url":null,"twitter_image_custom_fields":null,"twitter_title":null,"twitter_description":null,"schema":{"blockGraphs":[],"customGraphs":[],"default":{"data":{"Article":[],"Course":[],"Dataset":[],"FAQPage":[],"Movie":[],"Person":[],"Product":[],"ProductReview":[],"Car":[],"Recipe":[],"Service":[],"SoftwareApplication":[],"WebPage":[]},"graphName":"WebPage","isEnabled":true},"graphs":[]},"schema_type":"default","schema_type_options":null,"pillar_content":false,"robots_default":true,"robots_noindex":false,"robots_noarchive":false,"robots_nosnippet":false,"robots_nofollow":false,"robots_noimageindex":false,"robots_noodp":false,"robots_notranslate":false,"robots_max_snippet":"-1","robots_max_videopreview":"-1","robots_max_imagepreview":"large","priority":null,"frequency":"default","local_seo":null,"seo_analyzer_scan_date":"2026-02-13 20:51:57","breadcrumb_settings":null,"limit_modified_date":false,"reviewed_by":null,"open_ai":"{\"title\":{\"suggestions\":[],\"usage\":0},\"description\":{\"suggestions\":[],\"usage\":0}}","ai":null,"created":"2024-03-04 20:09:18","updated":"2026-02-13 20:51:57"},"aioseo_breadcrumb":"<div class=\"aioseo-breadcrumbs\"><span class=\"aioseo-breadcrumb\">\n\t<a href=\"https:\/\/monatglobal.com\/fr\" title=\"Home\">Home<\/a>\n<\/span><span class=\"aioseo-breadcrumb-separator\">&raquo;<\/span><span class=\"aioseo-breadcrumb\">\n\t<br>Bakuchiol Botanique Lotion alternative au r\u00e9tinol v\u00e9gane\n<\/span><\/div>","aioseo_breadcrumb_json":[{"label":"Home","link":"https:\/\/monatglobal.com\/fr"},{"label":"<br>Bakuchiol Botanique Lotion alternative au r\u00e9tinol v\u00e9gane","link":"https:\/\/monatglobal.com\/fr\/bakuchiol\/"}],"_links":{"self":[{"href":"https:\/\/monatglobal.com\/fr\/wp-json\/wp\/v2\/pages\/69536","targetHints":{"allow":["GET"]}}],"collection":[{"href":"https:\/\/monatglobal.com\/fr\/wp-json\/wp\/v2\/pages"}],"about":[{"href":"https:\/\/monatglobal.com\/fr\/wp-json\/wp\/v2\/types\/page"}],"author":[{"embeddable":true,"href":"https:\/\/monatglobal.com\/fr\/wp-json\/wp\/v2\/users\/31"}],"replies":[{"embeddable":true,"href":"https:\/\/monatglobal.com\/fr\/wp-json\/wp\/v2\/comments?post=69536"}],"version-history":[{"count":25,"href":"https:\/\/monatglobal.com\/fr\/wp-json\/wp\/v2\/pages\/69536\/revisions"}],"predecessor-version":[{"id":109304,"href":"https:\/\/monatglobal.com\/fr\/wp-json\/wp\/v2\/pages\/69536\/revisions\/109304"}],"wp:featuredmedia":[{"embeddable":true,"href":"https:\/\/monatglobal.com\/fr\/wp-json\/wp\/v2\/media\/84282"}],"wp:attachment":[{"href":"https:\/\/monatglobal.com\/fr\/wp-json\/wp\/v2\/media?parent=69536"}],"wp:term":[{"taxonomy":"category","embeddable":true,"href":"https:\/\/monatglobal.com\/fr\/wp-json\/wp\/v2\/categories?post=69536"},{"taxonomy":"post_tag","embeddable":true,"href":"https:\/\/monatglobal.com\/fr\/wp-json\/wp\/v2\/tags?post=69536"}],"curies":[{"name":"wp","href":"https:\/\/api.w.org\/{rel}","templated":true}]}}