{"id":64404,"date":"2021-10-24T16:33:00","date_gmt":"2021-10-24T16:33:00","guid":{"rendered":"https:\/\/monatglobal.com\/au\/?page_id=64404"},"modified":"2026-02-13T21:27:10","modified_gmt":"2026-02-13T21:27:10","slug":"rejuvabeads","status":"publish","type":"page","link":"https:\/\/monatglobal.com\/fr\/rejuvabeads\/","title":{"rendered":"REJUVABEADS\u00ae | Soins capillaires MONAT | Traitement pour pointes fourchues"},"content":{"rendered":"\n\n\t<link rel=\"stylesheet\" href=\"https:\/\/unpkg.com\/swiper\/swiper-bundle.min.css\" \/>\n<link rel=\"stylesheet\" href=\"https:\/\/monatglobal.com\/wp-content\/creative_css\/product_styles_sheet.css\" \/>\n    <!--==================================================== ECOMM SECTION ====================================================-->\n    <p>\u00ab BEST SELLERS \u00bb<\/p>\n        <!--==================================================== Ecomm image ====================================================-->\n        <img decoding=\"async\" src=\"https:\/\/monatglobal.com\/es\/wp-content\/uploads\/sites\/10\/2021\/10\/Rejevabeads-ecomm.png\" alt=\"Rejuvabeads\u00ae\" loading=\"lazy\"\/>\n        <!--==================================================== Ecomm information  ====================================================-->\n            \n            <p>\u00ab BEST SELLERS \u00bb<\/p>\n            <h1>REJUVABEADS<sup>\u2122<\/sup><\/h1> \n            <p>Avec REJUVENIQE<sup>\u00ae<\/sup><\/p>\n            <p>Un traitement sans rin\u00e7age r\u00e9volutionnaire qui cible et r\u00e9pare les pointes fourchues.<\/p>\n            <p>70 ml \u212e 2,4 oz liq.<\/p>\n          <!--==================================================== pricing box  ====================================================-->  \n         <p>Prix de d\u00e9tail<br \/>00.00 \u20ac<\/p>\n         <p>Prix de client VIP<br \/>00.00 \u20ac<\/p>\n           <!--==================================================== pricing box  ====================================================--> \n            <p>Pour en savoir plus sur le REJUVABEADS<sup>\u2122<\/sup>, veuillez contacter votre Partenaire de March\u00e9&nbsp;MONAT.<\/p>\n          <a href=\"\" target=\"_blank\" role=\"button\" aria-label=\"\" rel=\"noopener\"><\/a>\n    <!--==================================================== \/ECOMM SECTION  ====================================================-->\n    <!--==================================================== Benefits image ====================================================-->\n    \n        <source media=\"(max-width: 700px)\" srcset=\"https:\/\/monatglobal.com\/nz\/wp-content\/uploads\/sites\/15\/2022\/10\/Rejuvabeads-benefits_mobile.jpg\" loading=\"lazy\"\/>\n        <img decoding=\"async\" src=\"https:\/\/monatglobal.com\/nz\/wp-content\/uploads\/sites\/15\/2022\/10\/Rejuvabeads-benefits.jpg\" alt=\"A blonde female smiling while holding REJUVABEADS\u00ae by MONAT\" loading=\"lazy\"\/>\n    \n    <!--==================================================== Benefits text ====================================================-->\n            <h2>BIENFAITS<\/h2>\n            <h3>R\u00e9duisez instantan\u00e9ment les pointes fourchues de 47 % jusqu&#8217;\u00e0 24 heures gr\u00e2ce \u00e0 ce s\u00e9rum qui les r\u00e9pare et les&nbsp;scelle.<\/h3>\n            <p>Laissez les pointes fragiles plus douces et lisses pour des cheveux d&#8217;apparence plus saine et plus sains au&nbsp;toucher.<\/p>\n            <!--==================================================== features image  ====================================================-->\n            <img decoding=\"async\" alt=\"REJUVABEADS\u00ae by MONAT laying on a flat surface, along with ingredients such as lemon slices, lime slices, seeds, carrots and tomatoes\" src=\"https:\/\/monatglobal.com\/nz\/wp-content\/uploads\/sites\/15\/2022\/10\/Rejuvabeads-features.jpg\" loading=\"lazy\"\/>\n        <!--==================================================== features text ====================================================-->\n                <h3>Caract\u00e9ristiques<\/h3>\n                    <p>\/ Un l\u00e9ger s\u00e9rum sans rin\u00e7age qui donne une apparence plus saine aux cheveux et r\u00e9duit le nombre de pointes&nbsp;fourchues <\/p>\n                    <p>\/ Il est dot\u00e9 d&#8217;une technologie de scellage qui r\u00e9pare instantan\u00e9ment les&nbsp;pointes<\/p>\n                    <br \/>\n                <p>Parfum \/ De d\u00e9licieuses notes de fruits sucr\u00e9s, fa\u00e7on confiture, m\u00ealant p\u00eache, mangue, orange et grenade, sublim\u00e9es par la sauge sclar\u00e9e, le jasmin et une vanille onctueuse.<\/p>\n                <p> Texture \/ s\u00e9rum l\u00e9ger<\/p>\n    <!--==================================================== composition image mobile ====================================================-->\n    <img decoding=\"async\" alt=\"REJUVABEADS\u00ae by MONAT laying on a wooden tray sitting on a counter next to a mirror, plant, a wooden comb and wooden brush\" src=\"https:\/\/monatglobal.com\/nz\/wp-content\/uploads\/sites\/15\/2022\/10\/Rejuvabeads-composition-1.jpg\" loading=\"lazy\"\/>\n    <!--==================================================== Why it works text ====================================================-->\n        <h2>Profitez instantan\u00e9ment de cheveux d&#8217;apparence plus saine et de moins de pointes&nbsp;fourchues.<\/h2>\n        <h3>Il contient un puissant m\u00e9lange exclusif d&#8217;ingr\u00e9dients qui soutiennent les cheveux sains dont le REJUVENIQE<sup>\u00ae<\/sup> et l&#8217;extrait de graines de chia pour r\u00e9parer instantan\u00e9ment les pointes&nbsp;fourchues.<\/h3>\n        \n<!--==================================================== Composition section ====================================================-->\n        <img decoding=\"async\" alt=\"Blonde female holding REJUVABEADS\u00ae by MONAT, overlaying a texture shot of REJUVABEADS\u00ae by MONAT\" src=\"https:\/\/monatglobal.com\/nz\/wp-content\/uploads\/sites\/15\/2022\/10\/Rejuvabeads-composition-1.jpg\" loading=\"lazy\"\/>\n        <img decoding=\"async\" alt=\"\" src=\"https:\/\/monatglobal.com\/nz\/wp-content\/uploads\/sites\/15\/2022\/10\/Rejuvabeads-composition-3.jpg\" loading=\"lazy\"\/>\n                <!--==================================================== Directions text ====================================================--> \n                    <h3>Mode d&#8217;emploi<\/h3>\n                        <p>\/ Appliquer le produit sur cheveux propres et essor\u00e9s, du milieu jusqu&#8217;aux&nbsp;pointes.<\/p>\n                        <p>\/ Attendre une&nbsp;minute.<\/p>\n                        <p>\/ Coiffer comme&nbsp;d&#8217;habitude.<\/p>\n                <!--==================================================== Directions video ====================================================-->\n        <p>REJUVENIQE<sup>\u00ae<\/sup><br \/>0:00<\/p>\n      <a href=\"\" target=\"_blank\" role=\"button\" aria-label=\"\" rel=\"noopener\"><\/a>\n    <!--==================================================== Ingredients section  ====================================================-->\n        <h2>PRINCIPAUX INGR\u00c9DIENTS<\/h2>\n                    <p>REJUVENIQE<sup>\u00ae<\/sup><\/p>\n                    <p>Extrait de graines de&nbsp;chia<\/p>\n        <button id=\"myBtn\" type=\"button\">LISTE D&#8217;INGR\u00c9DIENTS<\/button>\n        <!--==================================================== Modal content  ====================================================-->\n            &times;\n            <p>Aqua\/Water\/Eau, Cetearyl Alcohol, Isoamyl Laurate, Behentrimonium Chloride, Glycerin, Limnanthes Alba (Meadowfoam) Seed Oil, Crambe Abyssinica Seed Oil, Camellia Oleifera Seed Oil, Solanum Lycopersicum (Tomato) Seed Oil, Daucus Carota Sativa (Carrot) Seed Oil, Citrus Limon (Lemon) Peel Oil, Citrus Aurantifolia (Lime) Oil, Citrus Aurantium Bergamia (Bergamot) Fruit Oil, Adansonia Digitata Oil, Mauritia Flexuosa Fruit Oil, Cocos Nucifera (Coconut) Oil, Gardenia Taitensis Flower Extract, Moringa Oleifera Seed Oil, Caryocar Brasiliense Fruit Oil, Helianthus Annuus (Sunflower) Seed Oil, Linum Usitatissimum (Linseed) Seed Extract, Salvia Hispanica Seed Extract, Tocopherol, Xanthan Gum, Carrageenan, Algin, Guar Hydroxypropyltrimonium Chloride, Chitosan, Caprylic\/Capric Triglyceride, Coco-Glucoside, Sorbitan Oleate, Fragrance\/Parfum,  Stearamidopropyl Dimethylamine, Benzyl Alcohol, Ethylhexylglycerin, Limonene.<\/p>\n    <!--==================================================== You might also like section ====================================================-->\n        <h2>VOUS POURRIEZ AUSSI AIMER<\/h2>\n        <!--==================================================== Slider YOU MIGHT ALSO LIKE ====================================================-->\n       <!---->\n       <!--     -->\n                <!--==================================================== Slides products ====================================================-->\n       <!--         -->\n       <!--             <a href=\"https:\/\/monatglobal.com\/fr\/hair-damage-repair-shampoo\/\" aria-label=\"Go to R\u00e9paration des Dommages Shampoing R\u00e9parateur page\">-->\n       <!--                 <img decoding=\"async\" src=\"https:\/\/monatglobal.com\/wp-content\/uploads\/2021\/09\/DR_Bond-Support-Shampoo.png\" alt=\" R\u00e9paration des Dommages Shampoing R\u00e9parateur \" loading=\"lazy\"\/>-->\n       <!--                 <p> R\u00e9paration des Dommages <br \/>Shampoing R\u00e9parateur <\/p>-->\n       <!--             <\/a>-->\n       <!--         -->\n       <!--         -->\n       <!--             <a href=\"https:\/\/monatglobal.com\/fr\/hair-damage-repair-masque\/\" aria-label=\"Go to R\u00e9paration des Dommages Masque favorisant la coh\u00e9sion page\">-->\n       <!--                 <img decoding=\"async\" src=\"https:\/\/monatglobal.com\/wp-content\/uploads\/2021\/09\/DR_Bond-Support-Masque.png\" alt=\"R\u00e9paration des Dommages Masque favorisant la coh\u00e9sion\" loading=\"lazy\"\/>-->\n       <!--                 <p>R\u00e9paration des Dommages <br \/>Masque favorisant la coh\u00e9sion<\/p>-->\n       <!--             <\/a>-->\n       <!--         -->\n       <!--         -->\n       <!--             <a href=\"https:\/\/monatglobal.com\/fr\/conditioning-dry-shampoo\/\" aria-label=\"Go to Spray sec texturisant MONAT STUDIO ONE\u2122 page\">-->\n       <!--                 <img decoding=\"async\" src=\"https:\/\/monatglobal.com\/es\/wp-content\/uploads\/sites\/10\/2021\/10\/CHAMPU-ACONDICIONADOR-EN-SECO-MONAT-STUDIO-ONE-THE-CHAMP-ecomm.png\" alt=\"Spray sec texturisant MONAT STUDIO ONE\u2122\" loading=\"lazy\"\/>-->\n       <!--                 <p>Shampooing sec The Champ\u2122 <br \/> MONAT STUDIO ONE\u2122<\/p>-->\n       <!--             <\/a>-->\n       <!--         -->\n       <!--     -->\n            <!--================================================ If we need navigation buttons  ================================================-->\n       <!--     -->\n       <!--     -->\n            <!--==================================================== If we need paginations  ====================================================-->\n       <!--     -->\n       <!-- -->\n         <!--==================================================== If we need navigation buttons  ====================================================-->\n         <!--==================================================== If we need paginations  ====================================================-->\n    <a href=\"\" aria-label=\"\"><\/a>\n<!--================================================ this link has to go last for it to work   ================================================-->\n\n","protected":false},"excerpt":{"rendered":"<p>\u00ab BEST SELLERS \u00bb \u00ab BEST SELLERS \u00bb REJUVABEADS\u2122 Avec REJUVENIQE\u00ae Un traitement sans rin\u00e7age r\u00e9volutionnaire qui cible et r\u00e9pare les pointes fourchues. 70 ml \u212e 2,4 oz liq. Prix de d\u00e9tail00.00 \u20ac Prix de client VIP00.00 \u20ac Pour en savoir plus sur le REJUVABEADS\u2122, veuillez contacter votre Partenaire de March\u00e9&nbsp;MONAT. BIENFAITS R\u00e9duisez instantan\u00e9ment les&hellip;<\/p>\n","protected":false},"author":31,"featured_media":77305,"parent":0,"menu_order":0,"comment_status":"closed","ping_status":"closed","template":"","meta":{"inline_featured_image":false,"om_disable_all_campaigns":false,"_monsterinsights_skip_tracking":false,"_monsterinsights_sitenote_active":false,"_monsterinsights_sitenote_note":"","_monsterinsights_sitenote_category":0,"footnotes":""},"categories":[20],"tags":[],"class_list":["post-64404","page","type-page","status-publish","has-post-thumbnail","hentry","category-product-fr"],"aioseo_notices":[],"aioseo_head":"\n\t\t<!-- All in One SEO Pro 4.9.5.2 - aioseo.com -->\n\t<meta name=\"description\" content=\"Un traitement sans rin\u00e7age r\u00e9volutionnaire qui r\u00e9pare instantan\u00e9ment les pointes fourchues et les microdommages, \u00e9liminant la cassure et les frisottis et ajoutant de la brillance.\" \/>\n\t<meta name=\"robots\" content=\"noindex, nofollow, max-image-preview:large\" \/>\n\t<link rel=\"canonical\" href=\"https:\/\/monatglobal.com\/fr\/rejuvabeads\/\" \/>\n\t<meta name=\"generator\" content=\"All in One SEO Pro (AIOSEO) 4.9.5.2\" \/>\n\t\t<meta property=\"og:locale\" content=\"en_US\" \/>\n\t\t<meta property=\"og:site_name\" content=\"MONAT France - We Are Modern Nature\u2122\" \/>\n\t\t<meta property=\"og:type\" content=\"article\" \/>\n\t\t<meta property=\"og:title\" content=\"REJUVABEADS\u00ae | Soins capillaires MONAT | Traitement pour pointes fourchues\" \/>\n\t\t<meta property=\"og:description\" content=\"Un traitement sans rin\u00e7age r\u00e9volutionnaire qui r\u00e9pare instantan\u00e9ment les pointes fourchues et les microdommages, \u00e9liminant la cassure et les frisottis et ajoutant de la brillance.\" \/>\n\t\t<meta property=\"og:url\" content=\"https:\/\/monatglobal.com\/fr\/rejuvabeads\/\" \/>\n\t\t<meta property=\"article:published_time\" content=\"2021-10-24T16:33:00+00:00\" \/>\n\t\t<meta property=\"article:modified_time\" content=\"2026-02-13T21:27:10+00:00\" \/>\n\t\t<meta name=\"twitter:card\" content=\"summary_large_image\" \/>\n\t\t<meta name=\"twitter:title\" content=\"REJUVABEADS\u00ae | Soins capillaires MONAT | Traitement pour pointes fourchues\" \/>\n\t\t<meta name=\"twitter:description\" content=\"Un traitement sans rin\u00e7age r\u00e9volutionnaire qui r\u00e9pare instantan\u00e9ment les pointes fourchues et les microdommages, \u00e9liminant la cassure et les frisottis et ajoutant de la brillance.\" \/>\n\t\t<script type=\"application\/ld+json\" class=\"aioseo-schema\">\n\t\t\t{\"@context\":\"https:\\\/\\\/schema.org\",\"@graph\":[{\"@type\":\"BreadcrumbList\",\"@id\":\"https:\\\/\\\/monatglobal.com\\\/fr\\\/rejuvabeads\\\/#breadcrumblist\",\"itemListElement\":[{\"@type\":\"ListItem\",\"@id\":\"https:\\\/\\\/monatglobal.com\\\/fr#listItem\",\"position\":1,\"name\":\"Home\",\"item\":\"https:\\\/\\\/monatglobal.com\\\/fr\",\"nextItem\":{\"@type\":\"ListItem\",\"@id\":\"https:\\\/\\\/monatglobal.com\\\/fr\\\/rejuvabeads\\\/#listItem\",\"name\":\"REJUVABEADS\\u00ae | Soins capillaires MONAT | Traitement pour pointes fourchues\"}},{\"@type\":\"ListItem\",\"@id\":\"https:\\\/\\\/monatglobal.com\\\/fr\\\/rejuvabeads\\\/#listItem\",\"position\":2,\"name\":\"REJUVABEADS\\u00ae | Soins capillaires MONAT | Traitement pour pointes fourchues\",\"previousItem\":{\"@type\":\"ListItem\",\"@id\":\"https:\\\/\\\/monatglobal.com\\\/fr#listItem\",\"name\":\"Home\"}}]},{\"@type\":\"Organization\",\"@id\":\"https:\\\/\\\/monatglobal.com\\\/fr\\\/#organization\",\"name\":\"MONAT France\",\"description\":\"We Are Modern Nature\\u2122\",\"url\":\"https:\\\/\\\/monatglobal.com\\\/fr\\\/\"},{\"@type\":\"WebPage\",\"@id\":\"https:\\\/\\\/monatglobal.com\\\/fr\\\/rejuvabeads\\\/#webpage\",\"url\":\"https:\\\/\\\/monatglobal.com\\\/fr\\\/rejuvabeads\\\/\",\"name\":\"REJUVABEADS\\u00ae | Soins capillaires MONAT | Traitement pour pointes fourchues\",\"description\":\"Un traitement sans rin\\u00e7age r\\u00e9volutionnaire qui r\\u00e9pare instantan\\u00e9ment les pointes fourchues et les microdommages, \\u00e9liminant la cassure et les frisottis et ajoutant de la brillance.\",\"inLanguage\":\"en-US\",\"isPartOf\":{\"@id\":\"https:\\\/\\\/monatglobal.com\\\/fr\\\/#website\"},\"breadcrumb\":{\"@id\":\"https:\\\/\\\/monatglobal.com\\\/fr\\\/rejuvabeads\\\/#breadcrumblist\"},\"image\":{\"@type\":\"ImageObject\",\"url\":\"https:\\\/\\\/monatglobal.com\\\/fr\\\/wp-content\\\/uploads\\\/sites\\\/19\\\/2023\\\/06\\\/Rejevabeads-ecomm.png\",\"@id\":\"https:\\\/\\\/monatglobal.com\\\/fr\\\/rejuvabeads\\\/#mainImage\",\"width\":641,\"height\":800},\"primaryImageOfPage\":{\"@id\":\"https:\\\/\\\/monatglobal.com\\\/fr\\\/rejuvabeads\\\/#mainImage\"},\"datePublished\":\"2021-10-24T16:33:00+01:00\",\"dateModified\":\"2026-02-13T21:27:10+00:00\"},{\"@type\":\"WebSite\",\"@id\":\"https:\\\/\\\/monatglobal.com\\\/fr\\\/#website\",\"url\":\"https:\\\/\\\/monatglobal.com\\\/fr\\\/\",\"name\":\"MONAT France\",\"description\":\"We Are Modern Nature\\u2122\",\"inLanguage\":\"en-US\",\"publisher\":{\"@id\":\"https:\\\/\\\/monatglobal.com\\\/fr\\\/#organization\"}}]}\n\t\t<\/script>\n\t\t<!-- All in One SEO Pro -->\r\n\t\t<title>REJUVABEADS\u00ae | Soins capillaires MONAT | Traitement pour pointes fourchues<\/title>\n\n","aioseo_head_json":{"title":"REJUVABEADS\u00ae | Soins capillaires MONAT | Traitement pour pointes fourchues","description":"Un traitement sans rin\u00e7age r\u00e9volutionnaire qui r\u00e9pare instantan\u00e9ment les pointes fourchues et les microdommages, \u00e9liminant la cassure et les frisottis et ajoutant de la brillance.","canonical_url":"https:\/\/monatglobal.com\/fr\/rejuvabeads\/","robots":"noindex, nofollow, max-image-preview:large","keywords":"","webmasterTools":{"miscellaneous":""},"schema":{"@context":"https:\/\/schema.org","@graph":[{"@type":"BreadcrumbList","@id":"https:\/\/monatglobal.com\/fr\/rejuvabeads\/#breadcrumblist","itemListElement":[{"@type":"ListItem","@id":"https:\/\/monatglobal.com\/fr#listItem","position":1,"name":"Home","item":"https:\/\/monatglobal.com\/fr","nextItem":{"@type":"ListItem","@id":"https:\/\/monatglobal.com\/fr\/rejuvabeads\/#listItem","name":"REJUVABEADS\u00ae | Soins capillaires MONAT | Traitement pour pointes fourchues"}},{"@type":"ListItem","@id":"https:\/\/monatglobal.com\/fr\/rejuvabeads\/#listItem","position":2,"name":"REJUVABEADS\u00ae | Soins capillaires MONAT | Traitement pour pointes fourchues","previousItem":{"@type":"ListItem","@id":"https:\/\/monatglobal.com\/fr#listItem","name":"Home"}}]},{"@type":"Organization","@id":"https:\/\/monatglobal.com\/fr\/#organization","name":"MONAT France","description":"We Are Modern Nature\u2122","url":"https:\/\/monatglobal.com\/fr\/"},{"@type":"WebPage","@id":"https:\/\/monatglobal.com\/fr\/rejuvabeads\/#webpage","url":"https:\/\/monatglobal.com\/fr\/rejuvabeads\/","name":"REJUVABEADS\u00ae | Soins capillaires MONAT | Traitement pour pointes fourchues","description":"Un traitement sans rin\u00e7age r\u00e9volutionnaire qui r\u00e9pare instantan\u00e9ment les pointes fourchues et les microdommages, \u00e9liminant la cassure et les frisottis et ajoutant de la brillance.","inLanguage":"en-US","isPartOf":{"@id":"https:\/\/monatglobal.com\/fr\/#website"},"breadcrumb":{"@id":"https:\/\/monatglobal.com\/fr\/rejuvabeads\/#breadcrumblist"},"image":{"@type":"ImageObject","url":"https:\/\/monatglobal.com\/fr\/wp-content\/uploads\/sites\/19\/2023\/06\/Rejevabeads-ecomm.png","@id":"https:\/\/monatglobal.com\/fr\/rejuvabeads\/#mainImage","width":641,"height":800},"primaryImageOfPage":{"@id":"https:\/\/monatglobal.com\/fr\/rejuvabeads\/#mainImage"},"datePublished":"2021-10-24T16:33:00+01:00","dateModified":"2026-02-13T21:27:10+00:00"},{"@type":"WebSite","@id":"https:\/\/monatglobal.com\/fr\/#website","url":"https:\/\/monatglobal.com\/fr\/","name":"MONAT France","description":"We Are Modern Nature\u2122","inLanguage":"en-US","publisher":{"@id":"https:\/\/monatglobal.com\/fr\/#organization"}}]},"og:locale":"en_US","og:site_name":"MONAT France - We Are Modern Nature\u2122","og:type":"article","og:title":"REJUVABEADS\u00ae | Soins capillaires MONAT | Traitement pour pointes fourchues","og:description":"Un traitement sans rin\u00e7age r\u00e9volutionnaire qui r\u00e9pare instantan\u00e9ment les pointes fourchues et les microdommages, \u00e9liminant la cassure et les frisottis et ajoutant de la brillance.","og:url":"https:\/\/monatglobal.com\/fr\/rejuvabeads\/","article:published_time":"2021-10-24T16:33:00+00:00","article:modified_time":"2026-02-13T21:27:10+00:00","twitter:card":"summary_large_image","twitter:title":"REJUVABEADS\u00ae | Soins capillaires MONAT | Traitement pour pointes fourchues","twitter:description":"Un traitement sans rin\u00e7age r\u00e9volutionnaire qui r\u00e9pare instantan\u00e9ment les pointes fourchues et les microdommages, \u00e9liminant la cassure et les frisottis et ajoutant de la brillance."},"aioseo_meta_data":{"post_id":"64404","title":"REJUVABEADS\u00ae | Soins capillaires MONAT | Traitement pour pointes fourchues","description":"Un traitement sans rin\u00e7age r\u00e9volutionnaire qui r\u00e9pare instantan\u00e9ment les pointes fourchues et les microdommages, \u00e9liminant la cassure et les frisottis et ajoutant de la brillance.","keywords":null,"keyphrases":{"focus":{"keyphrase":"","score":0,"analysis":{"keyphraseInTitle":{"score":0,"maxScore":9,"error":1}}},"additional":[]},"primary_term":null,"canonical_url":null,"og_title":null,"og_description":null,"og_object_type":"default","og_image_type":"default","og_image_url":null,"og_image_width":null,"og_image_height":null,"og_image_custom_url":null,"og_image_custom_fields":null,"og_video":"","og_custom_url":null,"og_article_section":null,"og_article_tags":null,"twitter_use_og":false,"twitter_card":"default","twitter_image_type":"default","twitter_image_url":null,"twitter_image_custom_url":null,"twitter_image_custom_fields":null,"twitter_title":null,"twitter_description":null,"schema":{"blockGraphs":[],"customGraphs":[],"default":{"data":{"Article":[],"Course":[],"Dataset":[],"FAQPage":[],"Movie":[],"Person":[],"Product":[],"ProductReview":[],"Car":[],"Recipe":[],"Service":[],"SoftwareApplication":[],"WebPage":[]},"graphName":"WebPage","isEnabled":true},"graphs":[]},"schema_type":"default","schema_type_options":null,"pillar_content":false,"robots_default":true,"robots_noindex":false,"robots_noarchive":false,"robots_nosnippet":false,"robots_nofollow":false,"robots_noimageindex":false,"robots_noodp":false,"robots_notranslate":false,"robots_max_snippet":"-1","robots_max_videopreview":"-1","robots_max_imagepreview":"large","priority":null,"frequency":"default","local_seo":null,"seo_analyzer_scan_date":"2026-02-13 21:27:33","breadcrumb_settings":null,"limit_modified_date":false,"reviewed_by":"0","open_ai":null,"ai":{"faqs":[],"keyPoints":[],"titles":[],"descriptions":[],"socialPosts":{"email":[],"linkedin":[],"twitter":[],"facebook":[],"instagram":[]}},"created":"2023-07-25 23:28:14","updated":"2026-02-13 21:34:15"},"aioseo_breadcrumb":"<div class=\"aioseo-breadcrumbs\"><span class=\"aioseo-breadcrumb\">\n\t<a href=\"https:\/\/monatglobal.com\/fr\" title=\"Home\">Home<\/a>\n<\/span><span class=\"aioseo-breadcrumb-separator\">&raquo;<\/span><span class=\"aioseo-breadcrumb\">\n\tREJUVABEADS\u00ae | Soins capillaires MONAT | Traitement pour pointes fourchues\n<\/span><\/div>","aioseo_breadcrumb_json":[{"label":"Home","link":"https:\/\/monatglobal.com\/fr"},{"label":"REJUVABEADS\u00ae | Soins capillaires MONAT | Traitement pour pointes fourchues","link":"https:\/\/monatglobal.com\/fr\/rejuvabeads\/"}],"_links":{"self":[{"href":"https:\/\/monatglobal.com\/fr\/wp-json\/wp\/v2\/pages\/64404","targetHints":{"allow":["GET"]}}],"collection":[{"href":"https:\/\/monatglobal.com\/fr\/wp-json\/wp\/v2\/pages"}],"about":[{"href":"https:\/\/monatglobal.com\/fr\/wp-json\/wp\/v2\/types\/page"}],"author":[{"embeddable":true,"href":"https:\/\/monatglobal.com\/fr\/wp-json\/wp\/v2\/users\/31"}],"replies":[{"embeddable":true,"href":"https:\/\/monatglobal.com\/fr\/wp-json\/wp\/v2\/comments?post=64404"}],"version-history":[{"count":40,"href":"https:\/\/monatglobal.com\/fr\/wp-json\/wp\/v2\/pages\/64404\/revisions"}],"predecessor-version":[{"id":109339,"href":"https:\/\/monatglobal.com\/fr\/wp-json\/wp\/v2\/pages\/64404\/revisions\/109339"}],"wp:featuredmedia":[{"embeddable":true,"href":"https:\/\/monatglobal.com\/fr\/wp-json\/wp\/v2\/media\/77305"}],"wp:attachment":[{"href":"https:\/\/monatglobal.com\/fr\/wp-json\/wp\/v2\/media?parent=64404"}],"wp:term":[{"taxonomy":"category","embeddable":true,"href":"https:\/\/monatglobal.com\/fr\/wp-json\/wp\/v2\/categories?post=64404"},{"taxonomy":"post_tag","embeddable":true,"href":"https:\/\/monatglobal.com\/fr\/wp-json\/wp\/v2\/tags?post=64404"}],"curies":[{"name":"wp","href":"https:\/\/api.w.org\/{rel}","templated":true}]}}