{"id":64389,"date":"2021-10-23T22:49:03","date_gmt":"2021-10-23T22:49:03","guid":{"rendered":"https:\/\/monatglobal.com\/au\/?page_id=64389"},"modified":"2026-02-13T20:57:40","modified_gmt":"2026-02-13T20:57:40","slug":"rejuveniqe-oil","status":"publish","type":"page","link":"https:\/\/monatglobal.com\/fr\/rejuveniqe-oil\/","title":{"rendered":"REJUVENIQE\u00ae"},"content":{"rendered":"\n\n\t<link rel=\"stylesheet\" href=\"https:\/\/unpkg.com\/swiper\/swiper-bundle.min.css\"\/>\n<link rel=\"stylesheet\" href=\"https:\/\/monatglobal.com\/wp-content\/creative_css\/product_styles_sheet.css\"\/>\n  <!--==================================================== ECOMM SECTION ====================================================-->\n   <p>\u00ab BEST SELLERS \u00bb<\/p>\n    <!--==================================================== Ecomm image ====================================================-->\n    <img decoding=\"async\" src=\"https:\/\/monatglobal.com\/es\/wp-content\/uploads\/sites\/10\/2021\/10\/rejuveniqe_2021-ecomm.png\" alt=\"MONAT REJUVENIQE\u00ae\" loading=\"lazy\"\/>\n      <!--==================================================== Ecomm information  ====================================================-->\n        \n        <p>\u00ab BEST SELLERS \u00bb<\/p>\n        <h1>REJUVENIQE<sup>\u00ae<\/sup><\/h1>\n        \n        <p>Un m\u00e9lange exclusif de plus de 13 huiles v\u00e9g\u00e9tales et essentielles pour les cheveux et la peau.<\/p>\n        <p>30 ml \u212e 1,0 oz liq.<\/p>\n      <!--==================================================== pricing box  ====================================================-->\n         <p>Prix de d\u00e9tail<br \/>00.00 \u20ac<\/p>\n         <p>Prix de client VIP<br \/>00.00 \u20ac<\/p>\n       <!--==================================================== pricing box  ====================================================-->    \n        <p>Pour en savoir plus sur le REJUVENIQE<sup>\u00ae<\/sup>, veuillez contacter votre Partenaire de March\u00e9&nbsp;MONAT.<\/p>\n          <a href=\"\" target=\"_blank\" role=\"button\" aria-label=\"\" rel=\"noopener\"><\/a>\n    <!--==================================================== \/ECOMM SECTION  ====================================================-->\n    <!--==================================================== Benefits image ====================================================-->\n    \n      <source media=\"(max-width: 700px)\" srcset=\"https:\/\/monatglobal.com\/nz\/wp-content\/uploads\/sites\/15\/2022\/10\/rejuveniqe-benefits_mobile.jpg\" loading=\"lazy\"\/>\n        <img decoding=\"async\" src=\"https:\/\/monatglobal.com\/nz\/wp-content\/uploads\/sites\/15\/2022\/10\/Rejuvenique-benefits-2021.jpg\" alt=\"Three females smiling while one of them is holding REJUVENIQE\u00ae\" loading=\"lazy\"\/>\n      \n      <!--==================================================== Benefits text ====================================================-->\n          <h2>BIENFAITS<\/h2>\n          <h3>Cette huile multifonction pour les cheveux et la peau renforce les cheveux*, augmente la brillance**, r\u00e9duit les frisottis** et hydrate la&nbsp;peau**.<\/h3>\n          *Bas\u00e9 sur une \u00e9tude statistiquement significative sur la casse de cheveux \u00e9valuant la r\u00e9duction du nombre de fibres bris\u00e9es par le peignage et le brossage&nbsp;r\u00e9p\u00e9t\u00e9s.<br \/>\n          **Bas\u00e9 sur des tests instrumentaux men\u00e9s par un laboratoire&nbsp;tiers.\n          <!--==================================================== features image  ====================================================-->\n          <img decoding=\"async\" src=\"https:\/\/monatglobal.com\/nz\/wp-content\/uploads\/sites\/15\/2022\/10\/Rejuveniqe-feautres.jpg\" alt=\"REJUVENIQE\u00ae laying on a flat surface, along with ingredients such as lemon and lime slices, sunflower seeds, coconut shavings and a white flower\" loading=\"lazy\"\/>\n        <!--==================================================== features text ====================================================-->\n            <h3>Caract\u00e9ristiques<\/h3>\n              <p>\/ Un m\u00e9lange exclusif de plus de 13 huiles v\u00e9g\u00e9tales et&nbsp;essentielles  <\/p>\n              <p>\/ Compte-goutte permettant une application cibl\u00e9e sur le cuir&nbsp;chevelu<\/p>\n              <p>\/ Peut aussi s&#8217;utiliser comme hydratant pour le visage ou le&nbsp;corps<\/p>\n              <p>\/ Polyvalent : s&#8217;utilise sur les cheveux, le visage ou le corps, comme soin \u00e0 rincer ou sans&nbsp;rin\u00e7age<\/p>\n              <p>\/ Ajoutez-le \u00e0 un masque ou une cr\u00e8me pour une hydratatioin&nbsp;additionnelle<\/p>\n      <!--==================================================== composition image mobile ====================================================-->\n      <img decoding=\"async\" alt=\"Two REJUVENIQE\u00ae laying on a flat, tan surface\" src=\"https:\/\/monatglobal.com\/nz\/wp-content\/uploads\/sites\/15\/2022\/10\/Rejuveniqe-comp-1.jpg\" loading=\"lazy\"\/>\n      <!--==================================================== Why it works text ====================================================-->\n        <h2>UN V\u00c9RITABLE JOYAU EN MATI\u00c8RE D&#8217;OPULENCE.<\/h2>\n        <h3>MONAT a parcouru le monde pour trouver les huiles b\u00e9n\u00e9fiques les plus exquises pour aider \u00e0 \u00e9quilibrer et \u00e0 r\u00e9g\u00e9n\u00e9rer les cheveux et la&nbsp;peau.<\/h3>\n        <p>L&#8217;huile abyssinienne a \u00e9t\u00e9 le premier ingr\u00e9dient s\u00e9lectionn\u00e9 en raison de ses remarquables propri\u00e9t\u00e9s&nbsp;rajeunissantes.<\/p>\n    <!--==================================================== Composition section ====================================================-->\n        <img decoding=\"async\" src=\"https:\/\/monatglobal.com\/nz\/wp-content\/uploads\/sites\/15\/2022\/10\/Rejuveniqe-comp-1.jpg\" alt=\"Two REJUVENIQE\u00ae laying on a flat, tan surface\" loading=\"lazy\"\/>\n        <img decoding=\"async\" src=\"https:\/\/monatglobal.com\/es\/wp-content\/uploads\/sites\/10\/2021\/09\/small-square.png\" alt=\"Brunette with a ponytail holding REJUVENIQE\u00ae\" loading=\"lazy\"\/>\n            <!--==================================================== Directions text ====================================================--> \n              <h3>Mode d&#8217;emploi<\/h3>\n              <p><strong>Traitement pr\u00e9-shampooing&nbsp;:<\/strong><\/p>\n              <p>\/ Appliquer une quantit\u00e9 g\u00e9n\u00e9reuse sur le cuir chevelu et les cheveux humides ou secs.<\/p>\n              <p>\/ Laisser agir 15&nbsp;minutes. <\/p>\n              <p>\/ Rincer abondamment, ensuite utiliser un shampooing et un&nbsp;revitalisant.<\/p>\n            <!--==================================================== Directions video ====================================================-->\n        <p><strong>Comme traitement d&#8217;hydratation intense&nbsp;: <\/strong><\/p>\n        <p>\/ Appliquer une quantit\u00e9 g\u00e9n\u00e9reuse sur le cuir chevelu et les cheveux&nbsp;humides.<\/p>\n        <p>\/ Placer une serviette chaude et humide autour de la t\u00eate et attendre 30&nbsp;minutes.<\/p>\n        <p>\/ Rincer abondamment, ensuite utiliser un shampooing et un&nbsp;revitalisant.<\/p>\n        <br \/>\n        <p><strong>Traitement de finition sans rin\u00e7age&nbsp;: <\/strong><\/p>\n        <p>\/ Une fois les cheveux s\u00e9ch\u00e9s, frotter une petite quantit\u00e9 entre vos mains et l&#8217;appliquer sur vos&nbsp;pointes.<\/p>\n        <br \/>\n        <p><strong>Hydratant pour le visage&nbsp;: <\/strong><\/p>\n        <p>\/ Appliquer matin et soir sur le visage, le cou et le d\u00e9collet\u00e9 avant d&#8217;appliquer votre hydratant, en se concentrant sur les endroits probl\u00e9matiques comme les ridules pour une hydratation et une protection&nbsp;instantan\u00e9es.<\/p>\n        <p><strong>Hydratant pour le corps&nbsp;: <\/strong><\/p>\n        <p>\/ Appliquer matin et soir sur coudes, genoux, endroits secs, squames et la peau sensible du dos des&nbsp;mains.<\/p>\n        <br \/>\n        <p><strong>APPLICATIONS ADDITIONNELLES&nbsp;: <\/strong><\/p>\n        <p>\/ M\u00e9langer \u00e0 votre hydratant favori (pour le visage ou le corps) pour une meilleure&nbsp;hydratation.<\/p>\n        <p>\/ Ajouter \u00e0 votre revitalisant ou votre masque capillaire pour augmenter le conditionnement et la&nbsp;brillance.<\/p>\n        <p>\/ Ajouter \u00e0 votre fond de teint favori pour hydrater votre visage; id\u00e9al pour les climats plus&nbsp;secs.<\/p>\n        <p>\/ Appliquer quelques gouttes sur le visage avant de prendre l&#8217;avion pour r\u00e9duire la perte&nbsp;d&#8217;humidit\u00e9.<\/p>\n      <a href=\"\" target=\"_blank\" role=\"button\" aria-label=\"\" rel=\"noopener\"><\/a>\n    <!--==================================================== Ingredients section  ====================================================-->\n      <h2>PRINCIPAUX INGR\u00c9DIENTS<\/h2>\n           <img decoding=\"async\" src=\"https:\/\/monatglobal.com\/wp-content\/uploads\/2022\/11\/Abyssinian-Oil.svg\" alt=\"Abyssinian Oil\"\/>\n          <p>Huile abissinienne<\/p>\n          <img decoding=\"async\" src=\"https:\/\/monatglobal.com\/wp-content\/uploads\/2022\/11\/Meadowfoam-Oil.svg\" alt=\"Meadowfoam Oil\"\/>\n        <p>Huile de graines d&#8217;\u00e9cume des pr\u00e9s<\/p>\n            <img decoding=\"async\" src=\"https:\/\/monatglobal.com\/wp-content\/uploads\/2022\/12\/carrotoil.svg\" alt=\"Carrot Seed Oil\"\/>\n          <p>Huile de graines de carotte<\/p>\n  <button id=\"myBtn\" type=\"button\">LISTE D&#8217;INGR\u00c9DIENTS<\/button>\n  <!--==================================================== Modal content  ====================================================-->\n    \u00d7\n    <p>Limnanthes Alba (Meadowfoam) Seed Oil, Crambe Abyssinica Seed Oil, Camellia Oleifera Seed Oil, Solanum Lycopersicum (Tomato) Seed Oil, Daucus Carota Sativa (Carrot) Seed Oil, Citrus Limon (Lemon) Peel Oil, Citrus Aurantifolia (Lime) Oil, Citrus Aurantium Bergamia (Bergamot) Fruit Oil, Adansonia Digitata Oil, Mauritia Flexuosa Fruit Oil, Cocos Nucifera (Coconut) Oil, Gardenia Taitensis Flower Extract, Moringa Oleifera Seed Oil, Caryocar Brasiliense Fruit Oil, Helianthus Annuus (Sunflower) Seed Oil, Citral, Limonene, Linalool.<\/p>\n<!--==================================================== You might also like section ====================================================-->\n    <h2>VOUS POURRIEZ AUSSI AIMER<\/h2>\n  <!--==================================================== Slider YOU MIGHT ALSO LIKE ====================================================-->\n  <!---->\n  <!--  -->\n      <!--==================================================== Slides products ====================================================-->\n  <!--    -->\n  <!--      <a href=\"https:\/\/monatglobal.com\/fr\/rejuvabeads\/\" aria-label=\"Go to REJUVABEADS page\">-->\n  <!--        <img decoding=\"async\" src=\"https:\/\/monatglobal.com\/wp-content\/uploads\/2022\/12\/Rejevabeads-ecomm.png\" loading=\"lazy\"\/>-->\n  <!--        <p>REJUVABEADS<sup>\u00ae<\/sup><\/p>-->\n  <!--      <\/a>-->\n  <!--    -->\n  <!--    -->\n  <!--      <a href=\"https:\/\/monatglobal.com\/fr\/replenish-masque\" aria-label=\"Go to Masque Replenish\u2122 page\">-->\n  <!--        <img decoding=\"async\" src=\"https:\/\/monatglobal.com\/wp-content\/uploads\/2022\/12\/replenish-masque-e-comm-min.png\" alt=\"Masque Replenish\u2122\" loading=\"lazy\"\/>-->\n  <!--        <p>Masque Replenish\u2122<\/p>-->\n  <!--      <\/a>-->\n  <!--    -->\n  <!--    -->\n  <!--      <a href=\"https:\/\/monatglobal.com\/fr\/monat-black-shampoo-conditioner\/\" aria-label=\"Go to SHAMPOOING + APR\u00c8S-SHAMPOOING MONAT BLACK\u2122 Page\">-->\n  <!--        <img decoding=\"async\" src=\"https:\/\/monatglobal.com\/wp-content\/uploads\/2022\/05\/BLACK-2-in-1-Shampoo-Conditioner-ecomm-pic-.png\" alt=\"SHAMPOOING + APR\u00c8S-SHAMPOOING MONAT BLACK\u2122\" loading=\"lazy\"\/>-->\n  <!--        <p>SHAMPOOING + APR\u00c8S-SHAMPOOING<br \/>MONAT BLACK\u2122<\/p>-->\n  <!--      <\/a>-->\n  <!--    -->\n  <!--  -->\n    <!--==================================================== If we need navigation buttons  ====================================================-->\n  <!--  -->\n  <!--  -->\n    <!--==================================================== If we need paginations  ====================================================-->\n  <!--  -->\n  <!---->\n         <!--==================================================== If we need navigation buttons  ====================================================-->\n         <!--==================================================== If we need paginations  ====================================================-->\n    <a href=\"\" aria-label=\"\"><\/a>\n     <!--==================================================== this link has to go last for it to work   ====================================================-->\n\n","protected":false},"excerpt":{"rendered":"<p>\u00ab BEST SELLERS \u00bb \u00ab BEST SELLERS \u00bb REJUVENIQE\u00ae Un m\u00e9lange exclusif de plus de 13 huiles v\u00e9g\u00e9tales et essentielles pour les cheveux et la peau. 30 ml \u212e 1,0 oz liq. Prix de d\u00e9tail00.00 \u20ac Prix de client VIP00.00 \u20ac Pour en savoir plus sur le REJUVENIQE\u00ae, veuillez contacter votre Partenaire de March\u00e9&nbsp;MONAT. BIENFAITS&hellip;<\/p>\n","protected":false},"author":31,"featured_media":77003,"parent":0,"menu_order":0,"comment_status":"closed","ping_status":"closed","template":"","meta":{"inline_featured_image":false,"om_disable_all_campaigns":false,"_monsterinsights_skip_tracking":false,"_monsterinsights_sitenote_active":false,"_monsterinsights_sitenote_note":"","_monsterinsights_sitenote_category":0,"footnotes":""},"categories":[20],"tags":[],"class_list":["post-64389","page","type-page","status-publish","has-post-thumbnail","hentry","category-product-fr"],"aioseo_notices":[],"aioseo_head":"\n\t\t<!-- All in One SEO Pro 4.9.5.2 - aioseo.com -->\n\t<meta name=\"description\" content=\"\u00ab BEST SELLERS \u00bb \u00ab BEST SELLERS \u00bb REJUVENIQE\u00ae Un m\u00e9lange exclusif de plus de 13 huiles v\u00e9g\u00e9tales et essentielles pour les cheveux et la peau. 30 ml \u212e 1,0 oz liq. Prix de d\u00e9tail00.00 \u20ac Prix de client VIP00.00 \u20ac Pour en savoir plus sur le REJUVENIQE\u00ae, veuillez contacter votre Partenaire de March\u00e9 MONAT. BIENFAITS\" \/>\n\t<meta name=\"robots\" content=\"noindex, nofollow, max-image-preview:large\" \/>\n\t<link rel=\"canonical\" href=\"https:\/\/monatglobal.com\/fr\/rejuveniqe-oil\/\" \/>\n\t<meta name=\"generator\" content=\"All in One SEO Pro (AIOSEO) 4.9.5.2\" \/>\n\t\t<meta property=\"og:locale\" content=\"en_US\" \/>\n\t\t<meta property=\"og:site_name\" content=\"MONAT France - We Are Modern Nature\u2122\" \/>\n\t\t<meta property=\"og:type\" content=\"article\" \/>\n\t\t<meta property=\"og:title\" content=\"REJUVENIQE\u00ae - MONAT France\" \/>\n\t\t<meta property=\"og:description\" content=\"\u00ab BEST SELLERS \u00bb \u00ab BEST SELLERS \u00bb REJUVENIQE\u00ae Un m\u00e9lange exclusif de plus de 13 huiles v\u00e9g\u00e9tales et essentielles pour les cheveux et la peau. 30 ml \u212e 1,0 oz liq. Prix de d\u00e9tail00.00 \u20ac Prix de client VIP00.00 \u20ac Pour en savoir plus sur le REJUVENIQE\u00ae, veuillez contacter votre Partenaire de March\u00e9 MONAT. BIENFAITS\" \/>\n\t\t<meta property=\"og:url\" content=\"https:\/\/monatglobal.com\/fr\/rejuveniqe-oil\/\" \/>\n\t\t<meta property=\"article:published_time\" content=\"2021-10-23T22:49:03+00:00\" \/>\n\t\t<meta property=\"article:modified_time\" content=\"2026-02-13T20:57:40+00:00\" \/>\n\t\t<meta name=\"twitter:card\" content=\"summary_large_image\" \/>\n\t\t<meta name=\"twitter:title\" content=\"REJUVENIQE\u00ae - MONAT France\" \/>\n\t\t<meta name=\"twitter:description\" content=\"\u00ab BEST SELLERS \u00bb \u00ab BEST SELLERS \u00bb REJUVENIQE\u00ae Un m\u00e9lange exclusif de plus de 13 huiles v\u00e9g\u00e9tales et essentielles pour les cheveux et la peau. 30 ml \u212e 1,0 oz liq. Prix de d\u00e9tail00.00 \u20ac Prix de client VIP00.00 \u20ac Pour en savoir plus sur le REJUVENIQE\u00ae, veuillez contacter votre Partenaire de March\u00e9 MONAT. BIENFAITS\" \/>\n\t\t<script type=\"application\/ld+json\" class=\"aioseo-schema\">\n\t\t\t{\"@context\":\"https:\\\/\\\/schema.org\",\"@graph\":[{\"@type\":\"BreadcrumbList\",\"@id\":\"https:\\\/\\\/monatglobal.com\\\/fr\\\/rejuveniqe-oil\\\/#breadcrumblist\",\"itemListElement\":[{\"@type\":\"ListItem\",\"@id\":\"https:\\\/\\\/monatglobal.com\\\/fr#listItem\",\"position\":1,\"name\":\"Home\",\"item\":\"https:\\\/\\\/monatglobal.com\\\/fr\",\"nextItem\":{\"@type\":\"ListItem\",\"@id\":\"https:\\\/\\\/monatglobal.com\\\/fr\\\/rejuveniqe-oil\\\/#listItem\",\"name\":\"REJUVENIQE\\u00ae\"}},{\"@type\":\"ListItem\",\"@id\":\"https:\\\/\\\/monatglobal.com\\\/fr\\\/rejuveniqe-oil\\\/#listItem\",\"position\":2,\"name\":\"REJUVENIQE\\u00ae\",\"previousItem\":{\"@type\":\"ListItem\",\"@id\":\"https:\\\/\\\/monatglobal.com\\\/fr#listItem\",\"name\":\"Home\"}}]},{\"@type\":\"Organization\",\"@id\":\"https:\\\/\\\/monatglobal.com\\\/fr\\\/#organization\",\"name\":\"MONAT France\",\"description\":\"We Are Modern Nature\\u2122\",\"url\":\"https:\\\/\\\/monatglobal.com\\\/fr\\\/\"},{\"@type\":\"WebPage\",\"@id\":\"https:\\\/\\\/monatglobal.com\\\/fr\\\/rejuveniqe-oil\\\/#webpage\",\"url\":\"https:\\\/\\\/monatglobal.com\\\/fr\\\/rejuveniqe-oil\\\/\",\"name\":\"REJUVENIQE\\u00ae - MONAT France\",\"description\":\"\\u00ab BEST SELLERS \\u00bb \\u00ab BEST SELLERS \\u00bb REJUVENIQE\\u00ae Un m\\u00e9lange exclusif de plus de 13 huiles v\\u00e9g\\u00e9tales et essentielles pour les cheveux et la peau. 30 ml \\u212e 1,0 oz liq. Prix de d\\u00e9tail00.00 \\u20ac Prix de client VIP00.00 \\u20ac Pour en savoir plus sur le REJUVENIQE\\u00ae, veuillez contacter votre Partenaire de March\\u00e9 MONAT. BIENFAITS\",\"inLanguage\":\"en-US\",\"isPartOf\":{\"@id\":\"https:\\\/\\\/monatglobal.com\\\/fr\\\/#website\"},\"breadcrumb\":{\"@id\":\"https:\\\/\\\/monatglobal.com\\\/fr\\\/rejuveniqe-oil\\\/#breadcrumblist\"},\"image\":{\"@type\":\"ImageObject\",\"url\":\"https:\\\/\\\/monatglobal.com\\\/fr\\\/wp-content\\\/uploads\\\/sites\\\/19\\\/2023\\\/06\\\/REJUVENIQE\\u00ae-OIL-INTENSIVE.png\",\"@id\":\"https:\\\/\\\/monatglobal.com\\\/fr\\\/rejuveniqe-oil\\\/#mainImage\",\"width\":438,\"height\":500},\"primaryImageOfPage\":{\"@id\":\"https:\\\/\\\/monatglobal.com\\\/fr\\\/rejuveniqe-oil\\\/#mainImage\"},\"datePublished\":\"2021-10-23T22:49:03+01:00\",\"dateModified\":\"2026-02-13T20:57:40+00:00\"},{\"@type\":\"WebSite\",\"@id\":\"https:\\\/\\\/monatglobal.com\\\/fr\\\/#website\",\"url\":\"https:\\\/\\\/monatglobal.com\\\/fr\\\/\",\"name\":\"MONAT France\",\"description\":\"We Are Modern Nature\\u2122\",\"inLanguage\":\"en-US\",\"publisher\":{\"@id\":\"https:\\\/\\\/monatglobal.com\\\/fr\\\/#organization\"}}]}\n\t\t<\/script>\n\t\t<!-- All in One SEO Pro -->\r\n\t\t<title>REJUVENIQE\u00ae - MONAT France<\/title>\n\n","aioseo_head_json":{"title":"REJUVENIQE\u00ae - MONAT France","description":"\u00ab BEST SELLERS \u00bb \u00ab BEST SELLERS \u00bb REJUVENIQE\u00ae Un m\u00e9lange exclusif de plus de 13 huiles v\u00e9g\u00e9tales et essentielles pour les cheveux et la peau. 30 ml \u212e 1,0 oz liq. Prix de d\u00e9tail00.00 \u20ac Prix de client VIP00.00 \u20ac Pour en savoir plus sur le REJUVENIQE\u00ae, veuillez contacter votre Partenaire de March\u00e9 MONAT. BIENFAITS","canonical_url":"https:\/\/monatglobal.com\/fr\/rejuveniqe-oil\/","robots":"noindex, nofollow, max-image-preview:large","keywords":"","webmasterTools":{"miscellaneous":""},"schema":{"@context":"https:\/\/schema.org","@graph":[{"@type":"BreadcrumbList","@id":"https:\/\/monatglobal.com\/fr\/rejuveniqe-oil\/#breadcrumblist","itemListElement":[{"@type":"ListItem","@id":"https:\/\/monatglobal.com\/fr#listItem","position":1,"name":"Home","item":"https:\/\/monatglobal.com\/fr","nextItem":{"@type":"ListItem","@id":"https:\/\/monatglobal.com\/fr\/rejuveniqe-oil\/#listItem","name":"REJUVENIQE\u00ae"}},{"@type":"ListItem","@id":"https:\/\/monatglobal.com\/fr\/rejuveniqe-oil\/#listItem","position":2,"name":"REJUVENIQE\u00ae","previousItem":{"@type":"ListItem","@id":"https:\/\/monatglobal.com\/fr#listItem","name":"Home"}}]},{"@type":"Organization","@id":"https:\/\/monatglobal.com\/fr\/#organization","name":"MONAT France","description":"We Are Modern Nature\u2122","url":"https:\/\/monatglobal.com\/fr\/"},{"@type":"WebPage","@id":"https:\/\/monatglobal.com\/fr\/rejuveniqe-oil\/#webpage","url":"https:\/\/monatglobal.com\/fr\/rejuveniqe-oil\/","name":"REJUVENIQE\u00ae - MONAT France","description":"\u00ab BEST SELLERS \u00bb \u00ab BEST SELLERS \u00bb REJUVENIQE\u00ae Un m\u00e9lange exclusif de plus de 13 huiles v\u00e9g\u00e9tales et essentielles pour les cheveux et la peau. 30 ml \u212e 1,0 oz liq. Prix de d\u00e9tail00.00 \u20ac Prix de client VIP00.00 \u20ac Pour en savoir plus sur le REJUVENIQE\u00ae, veuillez contacter votre Partenaire de March\u00e9 MONAT. BIENFAITS","inLanguage":"en-US","isPartOf":{"@id":"https:\/\/monatglobal.com\/fr\/#website"},"breadcrumb":{"@id":"https:\/\/monatglobal.com\/fr\/rejuveniqe-oil\/#breadcrumblist"},"image":{"@type":"ImageObject","url":"https:\/\/monatglobal.com\/fr\/wp-content\/uploads\/sites\/19\/2023\/06\/REJUVENIQE\u00ae-OIL-INTENSIVE.png","@id":"https:\/\/monatglobal.com\/fr\/rejuveniqe-oil\/#mainImage","width":438,"height":500},"primaryImageOfPage":{"@id":"https:\/\/monatglobal.com\/fr\/rejuveniqe-oil\/#mainImage"},"datePublished":"2021-10-23T22:49:03+01:00","dateModified":"2026-02-13T20:57:40+00:00"},{"@type":"WebSite","@id":"https:\/\/monatglobal.com\/fr\/#website","url":"https:\/\/monatglobal.com\/fr\/","name":"MONAT France","description":"We Are Modern Nature\u2122","inLanguage":"en-US","publisher":{"@id":"https:\/\/monatglobal.com\/fr\/#organization"}}]},"og:locale":"en_US","og:site_name":"MONAT France - We Are Modern Nature\u2122","og:type":"article","og:title":"REJUVENIQE\u00ae - MONAT France","og:description":"\u00ab BEST SELLERS \u00bb \u00ab BEST SELLERS \u00bb REJUVENIQE\u00ae Un m\u00e9lange exclusif de plus de 13 huiles v\u00e9g\u00e9tales et essentielles pour les cheveux et la peau. 30 ml \u212e 1,0 oz liq. Prix de d\u00e9tail00.00 \u20ac Prix de client VIP00.00 \u20ac Pour en savoir plus sur le REJUVENIQE\u00ae, veuillez contacter votre Partenaire de March\u00e9 MONAT. BIENFAITS","og:url":"https:\/\/monatglobal.com\/fr\/rejuveniqe-oil\/","article:published_time":"2021-10-23T22:49:03+00:00","article:modified_time":"2026-02-13T20:57:40+00:00","twitter:card":"summary_large_image","twitter:title":"REJUVENIQE\u00ae - MONAT France","twitter:description":"\u00ab BEST SELLERS \u00bb \u00ab BEST SELLERS \u00bb REJUVENIQE\u00ae Un m\u00e9lange exclusif de plus de 13 huiles v\u00e9g\u00e9tales et essentielles pour les cheveux et la peau. 30 ml \u212e 1,0 oz liq. Prix de d\u00e9tail00.00 \u20ac Prix de client VIP00.00 \u20ac Pour en savoir plus sur le REJUVENIQE\u00ae, veuillez contacter votre Partenaire de March\u00e9 MONAT. BIENFAITS"},"aioseo_meta_data":{"post_id":"64389","title":null,"description":null,"keywords":null,"keyphrases":null,"primary_term":null,"canonical_url":null,"og_title":null,"og_description":null,"og_object_type":"default","og_image_type":"default","og_image_url":null,"og_image_width":null,"og_image_height":null,"og_image_custom_url":null,"og_image_custom_fields":null,"og_video":null,"og_custom_url":null,"og_article_section":null,"og_article_tags":null,"twitter_use_og":false,"twitter_card":"default","twitter_image_type":"default","twitter_image_url":null,"twitter_image_custom_url":null,"twitter_image_custom_fields":null,"twitter_title":null,"twitter_description":null,"schema":{"blockGraphs":[],"customGraphs":[],"default":{"data":{"Article":[],"Course":[],"Dataset":[],"FAQPage":[],"Movie":[],"Person":[],"Product":[],"ProductReview":[],"Car":[],"Recipe":[],"Service":[],"SoftwareApplication":[],"WebPage":[]},"graphName":"WebPage","isEnabled":true},"graphs":[]},"schema_type":"default","schema_type_options":null,"pillar_content":false,"robots_default":true,"robots_noindex":false,"robots_noarchive":false,"robots_nosnippet":false,"robots_nofollow":false,"robots_noimageindex":false,"robots_noodp":false,"robots_notranslate":false,"robots_max_snippet":null,"robots_max_videopreview":null,"robots_max_imagepreview":"large","priority":null,"frequency":null,"local_seo":null,"seo_analyzer_scan_date":"2026-02-13 21:00:34","breadcrumb_settings":null,"limit_modified_date":false,"reviewed_by":null,"open_ai":null,"ai":null,"created":"2023-07-25 23:28:14","updated":"2026-02-13 21:00:34"},"aioseo_breadcrumb":"<div class=\"aioseo-breadcrumbs\"><span class=\"aioseo-breadcrumb\">\n\t<a href=\"https:\/\/monatglobal.com\/fr\" title=\"Home\">Home<\/a>\n<\/span><span class=\"aioseo-breadcrumb-separator\">&raquo;<\/span><span class=\"aioseo-breadcrumb\">\n\tREJUVENIQE\u00ae\n<\/span><\/div>","aioseo_breadcrumb_json":[{"label":"Home","link":"https:\/\/monatglobal.com\/fr"},{"label":"REJUVENIQE\u00ae","link":"https:\/\/monatglobal.com\/fr\/rejuveniqe-oil\/"}],"_links":{"self":[{"href":"https:\/\/monatglobal.com\/fr\/wp-json\/wp\/v2\/pages\/64389","targetHints":{"allow":["GET"]}}],"collection":[{"href":"https:\/\/monatglobal.com\/fr\/wp-json\/wp\/v2\/pages"}],"about":[{"href":"https:\/\/monatglobal.com\/fr\/wp-json\/wp\/v2\/types\/page"}],"author":[{"embeddable":true,"href":"https:\/\/monatglobal.com\/fr\/wp-json\/wp\/v2\/users\/31"}],"replies":[{"embeddable":true,"href":"https:\/\/monatglobal.com\/fr\/wp-json\/wp\/v2\/comments?post=64389"}],"version-history":[{"count":34,"href":"https:\/\/monatglobal.com\/fr\/wp-json\/wp\/v2\/pages\/64389\/revisions"}],"predecessor-version":[{"id":109320,"href":"https:\/\/monatglobal.com\/fr\/wp-json\/wp\/v2\/pages\/64389\/revisions\/109320"}],"wp:featuredmedia":[{"embeddable":true,"href":"https:\/\/monatglobal.com\/fr\/wp-json\/wp\/v2\/media\/77003"}],"wp:attachment":[{"href":"https:\/\/monatglobal.com\/fr\/wp-json\/wp\/v2\/media?parent=64389"}],"wp:term":[{"taxonomy":"category","embeddable":true,"href":"https:\/\/monatglobal.com\/fr\/wp-json\/wp\/v2\/categories?post=64389"},{"taxonomy":"post_tag","embeddable":true,"href":"https:\/\/monatglobal.com\/fr\/wp-json\/wp\/v2\/tags?post=64389"}],"curies":[{"name":"wp","href":"https:\/\/api.w.org\/{rel}","templated":true}]}}