{"id":64286,"date":"2023-04-04T18:06:10","date_gmt":"2023-04-04T18:06:10","guid":{"rendered":"https:\/\/monatglobal.com\/au\/?page_id=64286"},"modified":"2026-04-01T12:30:57","modified_gmt":"2026-04-01T11:30:57","slug":"the-monat-opportunity","status":"publish","type":"page","link":"https:\/\/monatglobal.com\/fr\/the-monat-opportunity\/","title":{"rendered":"The Monat Opportunity"},"content":{"rendered":"\n\n\t<style>\n   :root {\n        --mediumSizeP: clamp(1.8rem, 1.6vw, 2.3rem);\n        --smallSizeP: clamp(1.4rem, 1.4vw, 1.8rem);\n        --bigGap: clamp(7rem, 9vw, 12rem); \n        --mediumGap: clamp(5.5rem, 8vw, 10rem);\n        --smallGap: clamp(4rem, 6vw, 6rem); https:\/\/monatglobal.com\/wp-content\/uploads\/2024\/11\/Premium-Products-Real-Results_awward-min.jpg\n   }  \n<\/style>\n    <a href=\"https:\/\/mymonat.com\/pyr_core\/v2_enrollments\/select_market?sponsor_id=&#038;enroll_params=profile_form_type%3Dexpress&#038;market=fr&#038;lang_code=fr\" target=\"_blank\">REJOIGNEZ-NOUS<\/a>\n    <section id=\"bannerSec\">\n            <h1>Votre <br \/>transformation<br \/> commence ici!<\/h1> \n            VOIR LA VID\u00c9O COMPL\u00c8TE\n        <!--<video src=\"https:\/\/monatglobal.com\/wp-content\/uploads\/2024\/11\/opp_video-video-converter.com_.mp4\" loop muted autoplay><\/video>-->\n    <\/section>\n    <section id=\"introSec\">\n        <p>Imaginez-vous ceci : vous d\u00e9veloppez une entreprise qui vous offre la flexibilit\u00e9 n\u00e9cessaire pour convenir \u00e0 votre mode de vie en partageant votre routine beaut\u00e9 de tous les jours, compos\u00e9e de produits haut de gamme \u00e0 faible toxicit\u00e9 qui sont efficaces. <\/p>\n                 <video src=\"https:\/\/monatglobal.com\/wp-content\/uploads\/2024\/11\/opp_video-video-converter.com_.mp4\" loop muted autoplay><\/video>\n                 <img decoding=\"async\" src=\" https:\/\/monatglobal.com\/wp-content\/uploads\/2024\/11\/products-that-actually-work_img-web-min.jpg\" loading=\"lazy\"\/>\n                 <img decoding=\"async\" src=\"https:\/\/monatglobal.com\/wp-content\/uploads\/2019\/11\/play-btn-shadow.png\" loading=\"lazy\"\/>REGARDER LA VID\u00c9O \n            <img decoding=\"async\" src=\"https:\/\/monatglobal.com\/wp-content\/uploads\/2024\/11\/low-tox-products_img-web-min.jpg\" loading=\"lazy\"\/>\n    <\/section>\n    <section id=\"slideSec\">\n                <h2>Pourquoi <br \/> MONAT?<\/h2>\n                <p>Nous ne suivons pas les tendances, nous les cr\u00e9ons.<\/p>\n                <img decoding=\"async\" src=\"https:\/\/monatglobal.com\/wp-content\/uploads\/2024\/11\/trends-we-set-them_slide1-min-2.jpg\" loading=\"lazy\"\/>\n                <img decoding=\"async\" src=\"https:\/\/monatglobal.com\/wp-content\/uploads\/2024\/11\/trends-we-set-them_slide2-min-2.jpg\" loading=\"lazy\"\/>\n                         <img decoding=\"async\" src=\"https:\/\/monatglobal.com\/wp-content\/uploads\/2024\/11\/trends-we-set-them_slide3-min.jpg\" loading=\"lazy\"\/>\n               <img decoding=\"async\" src=\"https:\/\/monatglobal.com\/wp-content\/uploads\/2024\/11\/trends-we-set-them_slide4-2024-min.jpg\" loading=\"lazy\"\/>\n                <img decoding=\"async\" src=\"https:\/\/monatglobal.com\/wp-content\/uploads\/2024\/11\/Why-MONAT-slide_img-5-2024-min.jpg\" loading=\"lazy\"\/>\n                   <img decoding=\"async\" src=\"https:\/\/monatglobal.com\/wp-content\/uploads\/2024\/11\/products-that-actually-work_img-web-min.jpg\" loading=\"lazy\"\/>\n            <!---->\n            <p>Nous ne sommes pas une marque de beaut\u00e9 comme les autres &#8211; nous sommes la soci\u00e9t\u00e9 de soins capillaires qui connait la croissance la plus rapide et nous classons en premi\u00e8re place \u00e0 l&#8217;\u00e9chelle mondiale parmi les entreprises de vente directe de soins capillaires.<\/p>\n    <\/section>\n        <hr \/>\n        <section>\n                01\n                <h2>Des produits<br \/> haut de gamme,<br \/> des r\u00e9sultats concrets<\/h2>\n                MONAT est pionni\u00e8re en mati\u00e8re de soins du cuir chevelu depuis 2014 &#8211; bien avant que cela ne devienne tendance.\n                <br \/><br \/> Nos formules de pointe contiennent des ingr\u00e9dients \u00e0 base naturelle et \u00e0 faible toxicit\u00e9 pour des r\u00e9sultats nettement sup\u00e9rieurs pour les cheveux et la peau que vous pouvez voir et toucher, ce qui renforcera votre confiance. \n                <img decoding=\"async\" src=\"https:\/\/monatglobal.com\/wp-content\/uploads\/2024\/11\/Premium-Products_img-web-min.jpg\" loading=\"lazy\"\/>\n                <img decoding=\"async\" src=\"https:\/\/monatglobal.com\/wp-content\/uploads\/2018\/03\/leaping-bunny-logo-600-540_400x600-e1520273768164.png\" loading=\"lazy\"\/>\n                <p>De plus, nous sommes certifi\u00e9s Leaping Bunny, donc vous savez que nous prenons au s\u00e9rieux le respect des animaux.<\/p>\n                <img decoding=\"async\" src=\"https:\/\/monatglobal.com\/wp-content\/uploads\/2026\/01\/Premium-Products-Real-Results_awward-opportunity-min.jpg\" loading=\"lazy\"\/>\n                <p>Vous voulez de la preuve? Jetez un coup d&#8217;\u0153il \u00e0 nos photos Avant et Apr\u00e8s \u00e0 couper le souffle et aux plus de 80 prix que nos produits ont remport\u00e9s. Chez MONAT, vos clients reviendront toujours parce que les r\u00e9sultats sont <em>si bons que \u00e7a!<\/em><\/p>\n        <\/section>\n        <hr \/>\n        <section> \n                02\n                <h2>Mon\u00e9tisez <br \/>votre routine <br \/> beaut\u00e9<\/h2>\n                <p>MONAT en chiffres :<\/p>\n                    Nous avons g\u00e9n\u00e9r\u00e9 des revenus de plus de 3,4 milliards de dollars<br \/><br \/>\n                        Nous avons vers\u00e9 plus de 1,5 milliard de dollars en commissions <br \/><br \/>\n                        Nous avons aid\u00e9 plus de 100 personnes \u00e0 devenir membres du Club d&#8217;un million de dollars<br \/><br \/>\n                        Tout cela, en seulement 10 ans! <br \/><br \/>\n                    \n                <img decoding=\"async\" src=\"https:\/\/monatglobal.com\/wp-content\/uploads\/2024\/11\/Monetize-Your-Beauty-Routine_img-web-min.jpg\" loading=\"lazy\"\/>\n            <p>Chez MONAT, vous profitez de la flexibilit\u00e9, du soutien et des outils n\u00e9cessaires pour atteindre vos objectifs. Vous n&#8217;aimez pas attendre? Nous vous comprenons. Vous aurez l&#8217;occasion d&#8217;\u00eatre r\u00e9mun\u00e9r\u00e9s jusqu&#8217;\u00e0 5 fois par mois lorsque vous aidez d&#8217;autres personnes \u00e0 d\u00e9couvrir MONAT. <\/p>\n        <\/section>\n        <hr \/>\n        <section> \n                03\n                <h2>Une communaut\u00e9 <br \/>et une ambiance<br \/> in\u00e9gal\u00e9es<\/h2>\n                <p>Croissance personnelle? Oui. Victoires professionnelles? Absolument. <\/p>\n                <p>Nous d\u00e9veloppons plus que des entreprises, nous cr\u00e9ons une communaut\u00e9. Vous profiterez de tout le soutien qu&#8217;il vous faut; vous n&#8217;\u00eates jamais en solo dans votre parcours. Notre communaut\u00e9 est vraiment notre plus grand atout.<\/p>\n                <img decoding=\"async\" src=\"https:\/\/monatglobal.com\/wp-content\/uploads\/2024\/11\/community-vibes_img-web-min.jpg\" loading=\"lazy\"\/>\n            <p>Ici, l&#8217;am\u00e9lioration continue est un mode de vie, et quand vous devenez la meilleure version de vous-m\u00eame, vous \u00e9clairez la voie pour encourager les autres \u00e0 le faire. C&#8217;est la raison pour laquelle rien ne peut nous arr\u00eater.<\/p>\n        <\/section>\n        <hr \/>\n        <section> \n                04\n                <h2>Faites une <br \/> diff\u00e9rence <\/h2>\n                <p>Chez MONAT, redonner est dans notre ADN. <\/p>\n                <img decoding=\"async\" src=\"https:\/\/monatglobal.com\/wp-content\/uploads\/2024\/11\/Make-a-Difference_img-web-min.jpg\" loading=\"lazy\"\/>\n                <p>Par le biais de la Fondation Gratitude, nous avons d\u00e9j\u00e0 vers\u00e9 8 millions de dollars pour appuyer les familles, les v\u00e9t\u00e9rans et l&#8217;\u00e9ducation des enfants. Mais ce n&#8217;est que le d\u00e9but, et vous pouvez rejoindre ce mouvement aussi!<\/p>\n            <p>En tant que partenaire de march\u00e9, vous aurez l&#8217;opportunit\u00e9 d&#8217;avoir un impact en faisant de petits et de grands gestes, \u00e0 la fois dans votre communaut\u00e9 et \u00e0 l&#8217;\u00e9chelle mondiale. Ensemble, nous changeons des vies et avons un impact durable.<\/p>\n        <\/section>\n        <hr \/>\n        <section> \n                05\n                <h2>Cr\u00e9\u00e9e pour <br \/>assurer la stabilit\u00e9 <br \/>et le succ\u00e8s<\/h2>\n                <p>Nos produits sont fabriqu\u00e9s aux \u00c9.-U. et satisfont aussi aux normes europ\u00e9ennes strictes, donc ils comptent parmi les produits les plus r\u00e9put\u00e9s dans le monde de la beaut\u00e9.<\/p>\n                <p>MONAT est <b>une entreprise familiale <\/b> et nous avons le plein contr\u00f4le de notre cha\u00eene de fabrication ainsi que notre service de recherche et de d\u00e9veloppement, en plus de collaborer avec des experts de renom mondial de l&#8217;industrie de la beaut\u00e9. Cela nous permet de travailler rapidement afin d&#8217;offrir des produits haut de gamme innovants et de pointe, en plus d&#8217;assurer une qualit\u00e9 constante.<\/p>\n                <img decoding=\"async\" src=\"https:\/\/monatglobal.com\/wp-content\/uploads\/2024\/10\/Built-for-Stability-Success_img_web-min.jpg\" loading=\"lazy\"\/>\n            <p>MONAT a \u00e9t\u00e9 fond\u00e9e par la famille Urdaneta, qui sont des propri\u00e9taires poss\u00e9dant des d\u00e9cennies d&#8217;exp\u00e9rience et ayant connu le succ\u00e8s dans l&#8217;industrie.  Ils sont entour\u00e9s d&#8217;une \u00e9quipe chevronn\u00e9e et prim\u00e9e qui se targue de sa relation privil\u00e9gi\u00e9e avec les partenaires de march\u00e9.  <\/p>\n        <\/section>\n        <hr \/>\n        <section> \n                06\n                <h2>Une entreprise <br \/> sans fronti\u00e8res<\/h2>\n                <p>Et comme il est pr\u00e9vu que l&#8217;industrie de soins capillaires atteindra une valeur de 35,49 milliards de dollars d&#8217;ici 2030, s&#8217;associer \u00e0 MONAT est une opportunit\u00e9 profitable.<\/p>\n                <img decoding=\"async\" src=\"https:\/\/monatglobal.com\/wp-content\/uploads\/2026\/03\/A-Business-Without-Borders_img-web-2026-countries-april-1.jpg\" loading=\"lazy\"\/>\n                <p>De l&#8217;Am\u00e9rique du Nord \u00e0 l&#8217;Am\u00e9rique Latine, en passant par l&#8217;Europe et jusqu&#8217;\u00e0 l&#8217;Asie-Pacifique, nous sommes pr\u00e9sents dans 17 pays&#8230; et ce n&#8217;est que le d\u00e9but.<\/p>\n            <p>Pour ce qui est de l&#8217;expansion mondiale, MONAT adopte une approche strat\u00e9gique.  Nous faisons de l&#8217;exploration et de la recherche avant d&#8217;ouvrir nos portes dans de nouveaux pays pour assurer de mettre nos partenaires de march\u00e9 sur la bonne voie pour r\u00e9ussir et b\u00e2tir une entreprise prosp\u00e8re.<\/p>\n            <!-- US ONLY -->\n            <!-- -->\n            <!--    <p>It's your future, own it-with a chance to become a Visionary Founder in North America and potentially qualify for quarterly rewards based on top-selling markets.<\/p>-->\n            <!--    <img decoding=\"async\" src=\"https:\/\/monatglobal.com\/wp-content\/uploads\/2024\/11\/Visionary-Founder-in-North-America_img-web-min.jpg\" loading=\"lazy\"\/>-->\n            <!---->\n            <h2>Bienvenue <br \/>au prochain <br \/> chapitre <\/h2>\n            <p>Pr\u00eat(e) \u00e0 dire OUI? <\/p>\n            <p>Choisissez vos produits, tombez en amour <br \/>et commencez votre transformation!<\/p>\n            <br \/>\n            <br \/>\n<!-- TrustBox widget - Slider -->\n  <a href=\"https:\/\/fr.trustpilot.com\/review\/monatglobal.com\" target=\"_blank\" rel=\"noopener\">Trustpilot<\/a>\n<!-- End TrustBox widget -->\n        <\/section>\n<br \/>\n<br \/>\n<br \/>\n<br \/> \n\n","protected":false},"excerpt":{"rendered":"<p>REJOIGNEZ-NOUS Votre transformation commence ici! VOIR LA VID\u00c9O COMPL\u00c8TE Imaginez-vous ceci : vous d\u00e9veloppez une entreprise qui vous offre la flexibilit\u00e9 n\u00e9cessaire pour convenir \u00e0 votre mode de vie en partageant votre routine beaut\u00e9 de tous les jours, compos\u00e9e de produits haut de gamme \u00e0 faible toxicit\u00e9 qui sont efficaces. REGARDER LA VID\u00c9O Pourquoi MONAT?&hellip;<\/p>\n","protected":false},"author":31,"featured_media":76451,"parent":0,"menu_order":0,"comment_status":"closed","ping_status":"closed","template":"","meta":{"inline_featured_image":false,"om_disable_all_campaigns":false,"_monsterinsights_skip_tracking":false,"_monsterinsights_sitenote_active":false,"_monsterinsights_sitenote_note":"","_monsterinsights_sitenote_category":0,"footnotes":""},"categories":[],"tags":[],"class_list":["post-64286","page","type-page","status-publish","has-post-thumbnail","hentry"],"aioseo_notices":[],"aioseo_head":"\n\t\t<!-- All in One SEO Pro 4.9.5.2 - aioseo.com -->\n\t<meta name=\"description\" content=\"REJOIGNEZ-NOUS Votre transformation commence ici! VOIR LA VID\u00c9O COMPL\u00c8TE Imaginez-vous ceci : vous d\u00e9veloppez une entreprise qui vous offre la flexibilit\u00e9 n\u00e9cessaire pour convenir \u00e0 votre mode de vie en partageant votre routine beaut\u00e9 de tous les jours, compos\u00e9e de produits haut de gamme \u00e0 faible toxicit\u00e9 qui sont efficaces. REGARDER LA VID\u00c9O Pourquoi MONAT?\" \/>\n\t<meta name=\"robots\" content=\"noindex, nofollow, max-image-preview:large\" \/>\n\t<link rel=\"canonical\" href=\"https:\/\/monatglobal.com\/fr\/the-monat-opportunity\/\" \/>\n\t<meta name=\"generator\" content=\"All in One SEO Pro (AIOSEO) 4.9.5.2\" \/>\n\t\t<meta property=\"og:locale\" content=\"en_US\" \/>\n\t\t<meta property=\"og:site_name\" content=\"MONAT France - We Are Modern Nature\u2122\" \/>\n\t\t<meta property=\"og:type\" content=\"article\" \/>\n\t\t<meta property=\"og:title\" content=\"The Monat Opportunity - MONAT France\" \/>\n\t\t<meta property=\"og:description\" content=\"REJOIGNEZ-NOUS Votre transformation commence ici! VOIR LA VID\u00c9O COMPL\u00c8TE Imaginez-vous ceci : vous d\u00e9veloppez une entreprise qui vous offre la flexibilit\u00e9 n\u00e9cessaire pour convenir \u00e0 votre mode de vie en partageant votre routine beaut\u00e9 de tous les jours, compos\u00e9e de produits haut de gamme \u00e0 faible toxicit\u00e9 qui sont efficaces. REGARDER LA VID\u00c9O Pourquoi MONAT?\" \/>\n\t\t<meta property=\"og:url\" content=\"https:\/\/monatglobal.com\/fr\/the-monat-opportunity\/\" \/>\n\t\t<meta property=\"article:published_time\" content=\"2023-04-04T18:06:10+00:00\" \/>\n\t\t<meta property=\"article:modified_time\" content=\"2026-04-01T11:30:57+00:00\" \/>\n\t\t<meta name=\"twitter:card\" content=\"summary_large_image\" \/>\n\t\t<meta name=\"twitter:title\" content=\"The Monat Opportunity - MONAT France\" \/>\n\t\t<meta name=\"twitter:description\" content=\"REJOIGNEZ-NOUS Votre transformation commence ici! VOIR LA VID\u00c9O COMPL\u00c8TE Imaginez-vous ceci : vous d\u00e9veloppez une entreprise qui vous offre la flexibilit\u00e9 n\u00e9cessaire pour convenir \u00e0 votre mode de vie en partageant votre routine beaut\u00e9 de tous les jours, compos\u00e9e de produits haut de gamme \u00e0 faible toxicit\u00e9 qui sont efficaces. REGARDER LA VID\u00c9O Pourquoi MONAT?\" \/>\n\t\t<script type=\"application\/ld+json\" class=\"aioseo-schema\">\n\t\t\t{\"@context\":\"https:\\\/\\\/schema.org\",\"@graph\":[{\"@type\":\"BreadcrumbList\",\"@id\":\"https:\\\/\\\/monatglobal.com\\\/fr\\\/the-monat-opportunity\\\/#breadcrumblist\",\"itemListElement\":[{\"@type\":\"ListItem\",\"@id\":\"https:\\\/\\\/monatglobal.com\\\/fr#listItem\",\"position\":1,\"name\":\"Home\",\"item\":\"https:\\\/\\\/monatglobal.com\\\/fr\",\"nextItem\":{\"@type\":\"ListItem\",\"@id\":\"https:\\\/\\\/monatglobal.com\\\/fr\\\/the-monat-opportunity\\\/#listItem\",\"name\":\"The Monat Opportunity\"}},{\"@type\":\"ListItem\",\"@id\":\"https:\\\/\\\/monatglobal.com\\\/fr\\\/the-monat-opportunity\\\/#listItem\",\"position\":2,\"name\":\"The Monat Opportunity\",\"previousItem\":{\"@type\":\"ListItem\",\"@id\":\"https:\\\/\\\/monatglobal.com\\\/fr#listItem\",\"name\":\"Home\"}}]},{\"@type\":\"Organization\",\"@id\":\"https:\\\/\\\/monatglobal.com\\\/fr\\\/#organization\",\"name\":\"MONAT France\",\"description\":\"We Are Modern Nature\\u2122\",\"url\":\"https:\\\/\\\/monatglobal.com\\\/fr\\\/\"},{\"@type\":\"WebPage\",\"@id\":\"https:\\\/\\\/monatglobal.com\\\/fr\\\/the-monat-opportunity\\\/#webpage\",\"url\":\"https:\\\/\\\/monatglobal.com\\\/fr\\\/the-monat-opportunity\\\/\",\"name\":\"The Monat Opportunity - MONAT France\",\"description\":\"REJOIGNEZ-NOUS Votre transformation commence ici! VOIR LA VID\\u00c9O COMPL\\u00c8TE Imaginez-vous ceci : vous d\\u00e9veloppez une entreprise qui vous offre la flexibilit\\u00e9 n\\u00e9cessaire pour convenir \\u00e0 votre mode de vie en partageant votre routine beaut\\u00e9 de tous les jours, compos\\u00e9e de produits haut de gamme \\u00e0 faible toxicit\\u00e9 qui sont efficaces. REGARDER LA VID\\u00c9O Pourquoi MONAT?\",\"inLanguage\":\"en-US\",\"isPartOf\":{\"@id\":\"https:\\\/\\\/monatglobal.com\\\/fr\\\/#website\"},\"breadcrumb\":{\"@id\":\"https:\\\/\\\/monatglobal.com\\\/fr\\\/the-monat-opportunity\\\/#breadcrumblist\"},\"image\":{\"@type\":\"ImageObject\",\"url\":\"https:\\\/\\\/monatglobal.com\\\/fr\\\/wp-content\\\/uploads\\\/sites\\\/19\\\/2023\\\/04\\\/MONAT-Opportunity.jpg\",\"@id\":\"https:\\\/\\\/monatglobal.com\\\/fr\\\/the-monat-opportunity\\\/#mainImage\",\"width\":649,\"height\":771,\"caption\":\"des femmes regardent des cataloge monat\"},\"primaryImageOfPage\":{\"@id\":\"https:\\\/\\\/monatglobal.com\\\/fr\\\/the-monat-opportunity\\\/#mainImage\"},\"datePublished\":\"2023-04-04T18:06:10+01:00\",\"dateModified\":\"2026-04-01T12:30:57+01:00\"},{\"@type\":\"WebSite\",\"@id\":\"https:\\\/\\\/monatglobal.com\\\/fr\\\/#website\",\"url\":\"https:\\\/\\\/monatglobal.com\\\/fr\\\/\",\"name\":\"MONAT France\",\"description\":\"We Are Modern Nature\\u2122\",\"inLanguage\":\"en-US\",\"publisher\":{\"@id\":\"https:\\\/\\\/monatglobal.com\\\/fr\\\/#organization\"}}]}\n\t\t<\/script>\n\t\t<!-- All in One SEO Pro -->\r\n\t\t<title>The Monat Opportunity - MONAT France<\/title>\n\n","aioseo_head_json":{"title":"The Monat Opportunity - MONAT France","description":"REJOIGNEZ-NOUS Votre transformation commence ici! VOIR LA VID\u00c9O COMPL\u00c8TE Imaginez-vous ceci : vous d\u00e9veloppez une entreprise qui vous offre la flexibilit\u00e9 n\u00e9cessaire pour convenir \u00e0 votre mode de vie en partageant votre routine beaut\u00e9 de tous les jours, compos\u00e9e de produits haut de gamme \u00e0 faible toxicit\u00e9 qui sont efficaces. REGARDER LA VID\u00c9O Pourquoi MONAT?","canonical_url":"https:\/\/monatglobal.com\/fr\/the-monat-opportunity\/","robots":"noindex, nofollow, max-image-preview:large","keywords":"","webmasterTools":{"miscellaneous":""},"schema":{"@context":"https:\/\/schema.org","@graph":[{"@type":"BreadcrumbList","@id":"https:\/\/monatglobal.com\/fr\/the-monat-opportunity\/#breadcrumblist","itemListElement":[{"@type":"ListItem","@id":"https:\/\/monatglobal.com\/fr#listItem","position":1,"name":"Home","item":"https:\/\/monatglobal.com\/fr","nextItem":{"@type":"ListItem","@id":"https:\/\/monatglobal.com\/fr\/the-monat-opportunity\/#listItem","name":"The Monat Opportunity"}},{"@type":"ListItem","@id":"https:\/\/monatglobal.com\/fr\/the-monat-opportunity\/#listItem","position":2,"name":"The Monat Opportunity","previousItem":{"@type":"ListItem","@id":"https:\/\/monatglobal.com\/fr#listItem","name":"Home"}}]},{"@type":"Organization","@id":"https:\/\/monatglobal.com\/fr\/#organization","name":"MONAT France","description":"We Are Modern Nature\u2122","url":"https:\/\/monatglobal.com\/fr\/"},{"@type":"WebPage","@id":"https:\/\/monatglobal.com\/fr\/the-monat-opportunity\/#webpage","url":"https:\/\/monatglobal.com\/fr\/the-monat-opportunity\/","name":"The Monat Opportunity - MONAT France","description":"REJOIGNEZ-NOUS Votre transformation commence ici! VOIR LA VID\u00c9O COMPL\u00c8TE Imaginez-vous ceci : vous d\u00e9veloppez une entreprise qui vous offre la flexibilit\u00e9 n\u00e9cessaire pour convenir \u00e0 votre mode de vie en partageant votre routine beaut\u00e9 de tous les jours, compos\u00e9e de produits haut de gamme \u00e0 faible toxicit\u00e9 qui sont efficaces. REGARDER LA VID\u00c9O Pourquoi MONAT?","inLanguage":"en-US","isPartOf":{"@id":"https:\/\/monatglobal.com\/fr\/#website"},"breadcrumb":{"@id":"https:\/\/monatglobal.com\/fr\/the-monat-opportunity\/#breadcrumblist"},"image":{"@type":"ImageObject","url":"https:\/\/monatglobal.com\/fr\/wp-content\/uploads\/sites\/19\/2023\/04\/MONAT-Opportunity.jpg","@id":"https:\/\/monatglobal.com\/fr\/the-monat-opportunity\/#mainImage","width":649,"height":771,"caption":"des femmes regardent des cataloge monat"},"primaryImageOfPage":{"@id":"https:\/\/monatglobal.com\/fr\/the-monat-opportunity\/#mainImage"},"datePublished":"2023-04-04T18:06:10+01:00","dateModified":"2026-04-01T12:30:57+01:00"},{"@type":"WebSite","@id":"https:\/\/monatglobal.com\/fr\/#website","url":"https:\/\/monatglobal.com\/fr\/","name":"MONAT France","description":"We Are Modern Nature\u2122","inLanguage":"en-US","publisher":{"@id":"https:\/\/monatglobal.com\/fr\/#organization"}}]},"og:locale":"en_US","og:site_name":"MONAT France - We Are Modern Nature\u2122","og:type":"article","og:title":"The Monat Opportunity - MONAT France","og:description":"REJOIGNEZ-NOUS Votre transformation commence ici! VOIR LA VID\u00c9O COMPL\u00c8TE Imaginez-vous ceci : vous d\u00e9veloppez une entreprise qui vous offre la flexibilit\u00e9 n\u00e9cessaire pour convenir \u00e0 votre mode de vie en partageant votre routine beaut\u00e9 de tous les jours, compos\u00e9e de produits haut de gamme \u00e0 faible toxicit\u00e9 qui sont efficaces. REGARDER LA VID\u00c9O Pourquoi MONAT?","og:url":"https:\/\/monatglobal.com\/fr\/the-monat-opportunity\/","article:published_time":"2023-04-04T18:06:10+00:00","article:modified_time":"2026-04-01T11:30:57+00:00","twitter:card":"summary_large_image","twitter:title":"The Monat Opportunity - MONAT France","twitter:description":"REJOIGNEZ-NOUS Votre transformation commence ici! VOIR LA VID\u00c9O COMPL\u00c8TE Imaginez-vous ceci : vous d\u00e9veloppez une entreprise qui vous offre la flexibilit\u00e9 n\u00e9cessaire pour convenir \u00e0 votre mode de vie en partageant votre routine beaut\u00e9 de tous les jours, compos\u00e9e de produits haut de gamme \u00e0 faible toxicit\u00e9 qui sont efficaces. REGARDER LA VID\u00c9O Pourquoi MONAT?"},"aioseo_meta_data":{"post_id":"64286","title":null,"description":null,"keywords":null,"keyphrases":null,"primary_term":null,"canonical_url":null,"og_title":null,"og_description":null,"og_object_type":"default","og_image_type":"default","og_image_url":null,"og_image_width":null,"og_image_height":null,"og_image_custom_url":null,"og_image_custom_fields":null,"og_video":null,"og_custom_url":null,"og_article_section":null,"og_article_tags":null,"twitter_use_og":false,"twitter_card":"default","twitter_image_type":"default","twitter_image_url":null,"twitter_image_custom_url":null,"twitter_image_custom_fields":null,"twitter_title":null,"twitter_description":null,"schema":{"blockGraphs":[],"customGraphs":[],"default":{"data":{"Article":[],"Course":[],"Dataset":[],"FAQPage":[],"Movie":[],"Person":[],"Product":[],"ProductReview":[],"Car":[],"Recipe":[],"Service":[],"SoftwareApplication":[],"WebPage":[]},"graphName":"WebPage","isEnabled":true},"graphs":[]},"schema_type":"default","schema_type_options":null,"pillar_content":false,"robots_default":true,"robots_noindex":false,"robots_noarchive":false,"robots_nosnippet":false,"robots_nofollow":false,"robots_noimageindex":false,"robots_noodp":false,"robots_notranslate":false,"robots_max_snippet":null,"robots_max_videopreview":null,"robots_max_imagepreview":"large","priority":null,"frequency":null,"local_seo":null,"seo_analyzer_scan_date":"2026-04-01 11:31:39","breadcrumb_settings":null,"limit_modified_date":false,"reviewed_by":null,"open_ai":null,"ai":null,"created":"2023-07-26 00:01:37","updated":"2026-04-01 11:32:25"},"aioseo_breadcrumb":"<div class=\"aioseo-breadcrumbs\"><span class=\"aioseo-breadcrumb\">\n\t<a href=\"https:\/\/monatglobal.com\/fr\" title=\"Home\">Home<\/a>\n<\/span><span class=\"aioseo-breadcrumb-separator\">&raquo;<\/span><span class=\"aioseo-breadcrumb\">\n\tThe Monat Opportunity\n<\/span><\/div>","aioseo_breadcrumb_json":[{"label":"Home","link":"https:\/\/monatglobal.com\/fr"},{"label":"The Monat Opportunity","link":"https:\/\/monatglobal.com\/fr\/the-monat-opportunity\/"}],"_links":{"self":[{"href":"https:\/\/monatglobal.com\/fr\/wp-json\/wp\/v2\/pages\/64286","targetHints":{"allow":["GET"]}}],"collection":[{"href":"https:\/\/monatglobal.com\/fr\/wp-json\/wp\/v2\/pages"}],"about":[{"href":"https:\/\/monatglobal.com\/fr\/wp-json\/wp\/v2\/types\/page"}],"author":[{"embeddable":true,"href":"https:\/\/monatglobal.com\/fr\/wp-json\/wp\/v2\/users\/31"}],"replies":[{"embeddable":true,"href":"https:\/\/monatglobal.com\/fr\/wp-json\/wp\/v2\/comments?post=64286"}],"version-history":[{"count":32,"href":"https:\/\/monatglobal.com\/fr\/wp-json\/wp\/v2\/pages\/64286\/revisions"}],"predecessor-version":[{"id":109479,"href":"https:\/\/monatglobal.com\/fr\/wp-json\/wp\/v2\/pages\/64286\/revisions\/109479"}],"wp:featuredmedia":[{"embeddable":true,"href":"https:\/\/monatglobal.com\/fr\/wp-json\/wp\/v2\/media\/76451"}],"wp:attachment":[{"href":"https:\/\/monatglobal.com\/fr\/wp-json\/wp\/v2\/media?parent=64286"}],"wp:term":[{"taxonomy":"category","embeddable":true,"href":"https:\/\/monatglobal.com\/fr\/wp-json\/wp\/v2\/categories?post=64286"},{"taxonomy":"post_tag","embeddable":true,"href":"https:\/\/monatglobal.com\/fr\/wp-json\/wp\/v2\/tags?post=64286"}],"curies":[{"name":"wp","href":"https:\/\/api.w.org\/{rel}","templated":true}]}}