{"id":59575,"date":"2020-01-16T11:02:37","date_gmt":"2020-01-16T16:02:37","guid":{"rendered":"https:\/\/monatglobal.com\/uk\/?page_id=49884"},"modified":"2026-02-24T21:17:45","modified_gmt":"2026-02-24T21:17:45","slug":"monat-junior-gentle-detangler","status":"publish","type":"page","link":"https:\/\/monatglobal.com\/fr\/monat-junior-gentle-detangler\/","title":{"rendered":"MONAT Junior\u2122 Gentle Detangler"},"content":{"rendered":"\n\n\t<link rel=\"stylesheet\" href=\"https:\/\/unpkg.com\/swiper\/swiper-bundle.min.css\" \/>\n<link rel=\"stylesheet\" href=\"\/wp-content\/creative_css\/product_styles_sheet.css\" \/>\n    <!--==================================================== ECOMM SECTION ====================================================-->\n        NOUVEAU  \n        <!--==================================================== Ecomm image ====================================================-->\n        <img decoding=\"async\" src=\"https:\/\/monatglobal.com\/wp-content\/uploads\/2021\/10\/MONAT-JUNIOR-Gentle-Detangler-ecomm.png\" alt=\"MONAT Junior\u2122 Gentle Detangler\" loading=\"lazy\"\/>\n        <!--==================================================== Ecomm information  ====================================================-->\n            NOUVEAU  \n            <p>MONAT JUNIOR\u2122 <\/p>\n            <h1>D\u00c9M\u00caLANT<br \/>DOUX<\/h1>\n            \n            <p>Gagnez la bataille contre les n\u0153uds avant m\u00eame qu&#8217;elle ne commence&nbsp;!<\/p>\n            <p>177 ml \u212e 6 fl. oz.<\/p>\n          <!--==================================================== pricing box  ====================================================-->   \n         <p>Prix de d\u00e9tail<br \/>00.00 \u20ac<\/p>\n         <p>Prix de client VIP<br \/>00.00 \u20ac<\/p>\n           <!--==================================================== pricing box  ====================================================--> \n            <p>Pour en savoir plus sur le D\u00e9m\u00ealant Doux MONAT Junior\u2122, veuillez contacter votre Partenaire de March\u00e9&nbsp;MONAT.<\/p>\n          <a href=\"\" target=\"_blank\" role=\"button\" aria-label=\"\" rel=\"noopener\"><\/a>\n    <!--==================================================== \/ECOMM SECTION  ====================================================-->\n   <!--==================================================== Benefits image ====================================================-->\n   \n      <source media=\"(max-width: 700px)\" srcset=\"https:\/\/monatglobal.com\/wp-content\/uploads\/2021\/10\/MONAT-JUNIOR-Gentle-Detangler-benefits-mobile.jpg\" loading=\"lazy\"\/>\n      <img decoding=\"async\" alt=\"\" src=\"https:\/\/monatglobal.com\/wp-content\/uploads\/2021\/10\/MONAT-JUNIOR-Gentle-Detangler-benefits.jpg\" loading=\"lazy\"\/>\n   \n   <!--==================================================== Benefits text ====================================================-->\n         <h2>BIENFAITS<\/h2>\n         <h3>Un d\u00e9m\u00ealant doux pour les cheveux des enfants, qui aide les parents \u00e0 en finir avec les&nbsp;n\u0153uds !<\/h3>\n         <p>Convient aussi parfaitement aux adultes ayant des cheveux fins qui s&#8217;emm\u00ealent facilement. Le D\u00e9m\u00ealant Doux MONAT Junior\u2122 est une formule douce, s\u00fbre et qui ne pique pas les yeux, sp\u00e9cialement d\u00e9velopp\u00e9e pour les enfants.<br \/> Test\u00e9 dermatologiquement et ophtalmologiquement.<\/p>\n         <!--==================================================== features image  ====================================================-->\n         <img decoding=\"async\" alt=\"\" src=\"https:\/\/monatglobal.com\/wp-content\/uploads\/2021\/10\/MONAT-JUNIOR-Gentle-Detangler-features.jpg\" loading=\"lazy\"\/>\n      <!--==================================================== features text ====================================================-->\n            <h3>Caract\u00e9ristiques<\/h3>\n               <p>\/ Formule douce et s\u00fbre d\u00e9velopp\u00e9e pour les&nbsp;enfants<\/p>\n               <p>\/ Ne pique pas les yeux <\/p>\n               <p>\/ Pour des r\u00e9sultats optimaux, utilisez apr\u00e8s le Shampooing Doux et l&#8217;Apr\u00e8s-shampooing Doux MONAT&nbsp;Junior\u2122.<\/p>\n               <br \/>\n            <p>Fragrance \/ Peony and Pink Pepper<\/p>\n            <p> Texture \/ Lightweight Gel<\/p>\n   <!--==================================================== composition image mobile ====================================================-->\n   <img decoding=\"async\" alt=\"\" src=\"https:\/\/monatglobal.com\/wp-content\/uploads\/2021\/10\/MONAT-JUNIOR-Gentle-Detangler-composition1.jpg\" loading=\"lazy\"\/>\n   <!--==================================================== Why it works text ====================================================-->\n      <h2>Le mammouth Magic Mane sait bien que ce n&#8217;est pas votre faute !<\/h2>\n      <h3>Parents, on vous comprend ! Vous avez affront\u00e9 la bataille du peigne plus de fois que vous ne voudriez&nbsp;l&#8217;admettre. <\/h3>\n      <p>Pas d&#8217;inqui\u00e9tude : nous avons cr\u00e9\u00e9 un d\u00e9m\u00ealant test\u00e9 dermatologiquement et ophtalmologiquement, adapt\u00e9 \u00e0 tous les types et textures de cheveux. Il suffit de vaporiser sur cheveux secs ou humides, puis de peigner pour des cheveux doux, souples et&nbsp;brillants.<\/p>\n<!--==================================================== Composition section ====================================================-->\n      <img decoding=\"async\" alt=\"\" src=\"https:\/\/monatglobal.com\/wp-content\/uploads\/2021\/10\/MONAT-JUNIOR-Gentle-Detangler-composition1.jpg\" loading=\"lazy\"\/>\n      <img decoding=\"async\" alt=\"\" \n      src=\"https:\/\/monatglobal.com\/wp-content\/uploads\/2021\/10\/MONAT-JUNIOR-Gentle-Detangler-composition3.jpg\" loading=\"lazy\"\/>\n            <!--==================================================== Directions text ====================================================--> \n               <h3>Mode d&#8217;emploi<\/h3>\n               <p>\/ \u00c0 utiliser apr\u00e8s l&#8217;Apr\u00e8s-shampooing Doux MONAT Junior\u2122.<\/p>\n               <p>\/ Vaporiser sur cheveux humides selon les besoins.<\/p>\n               <p>\/ Peigner d\u00e9licatement.<\/p>\n            <!--==================================================== Directions video ====================================================-->\n      <p>MONAT Junior\u2122 <br \/>Gentle Detangler<br \/>1:34<\/p>\n      <a href=\"\" target=\"_blank\" role=\"button\" aria-label=\"\" rel=\"noopener\"><\/a>\n   <!--==================================================== Ingredients section  ====================================================-->\n      <h2>INGR\u00c9DIENTS CL\u00c9S<\/h2>\n               <p>Huile d&#8217;olive<\/p>\n               <p>cynorhodon<\/p>\n               <p>Th\u00e9 vert<\/p>\n               <p>Camomille<\/p>\n        <button id=\"myBtn\" type=\"button\">LISTE D&#8217;INGR\u00c9DIENTS<\/button>\n      <!--==================================================== Modal content  ====================================================-->\n         &times;\n         <p>Aqua\/Water\/Eau, Propanediol, Isoamyl Laurate, Cetearyl Alcohol, Chamomilla Recutita (Matricaria) Flower Extract, Camellia Sinensis Leaf Extract, Rosa Canina Fruit Extract, Olea Europaea (Olive) Fruit Oil, Glycerin, Tocopherol, Sodium Phytate, Behentrimonium Chloride, Stearamidopropyl Dimethylamine, Fragrance\/Parfum, Benzyl Alcohol, Ethylhexylglycerin, Amyl Cinnamal, Geraniol, Linalool, Limonene.<\/p>\n   <!--==================================================== You might also like section ====================================================-->\n      <h2>VOUS POURRIEZ AUSSI AIMER<\/h2>\n      <!--==================================================== Slider YOU MIGHT ALSO LIKE ====================================================-->\n      <!---->\n      <!--   -->\n            <!--==================================================== Slides products ====================================================-->\n      <!--      -->\n      <!--         <a href=\"\/fr\/monat-junior-gentle-shampoo\/\" aria-label=\"Go to MONAT JUNIOR\u2122 SHAMPOOING DOUX page\">-->\n      <!--            <img decoding=\"async\" src=\"https:\/\/monatglobal.com\/wp-content\/uploads\/2022\/12\/MONAT-JUNIOR-Gentle-Shampoo-ecomm-min.png\" alt=\"MONAT JUNIOR\u2122 SHAMPOOING DOUX\" loading=\"lazy\"\/>-->\n      <!--            <p>MONAT JUNIOR\u2122 <br \/>SHAMPOOING DOUX<\/p>-->\n      <!--         <\/a>-->\n      <!--      -->\n      <!--      -->\n      <!--         <a href=\"\/fr\/monat-junior-gentle-conditioner\/\" aria-label=\"Go to MONAT JUNIOR\u2122 APR\u00c8S-SHAMPOOING DOUX page\">-->\n      <!--            <img decoding=\"async\" src=\"https:\/\/monatglobal.com\/wp-content\/uploads\/2022\/12\/MONAT-JUNIOR-Gentle-Conditioner-E_comm-min.png\" alt=\"MONAT JUNIOR\u2122 APR\u00c8S-SHAMPOOING DOUX\" loading=\"lazy\"\/>-->\n      <!--            <p>MONAT JUNIOR\u2122 <br \/>APR\u00c8S-SHAMPOOING DOUX<\/p>-->\n      <!--         <\/a>-->\n      <!--      -->\n      <!--   -->\n         <!--==================================================== If we need navigation buttons  ====================================================-->\n      <!--   -->\n      <!--   -->\n         <!--==================================================== If we need paginations  ====================================================-->\n      <!--   -->\n      <!---->\n         <!--==================================================== If we need navigation buttons  ====================================================-->\n         <!--==================================================== If we need paginations  ====================================================-->\n    <a href=\"\" aria-label=\"\"><\/a>\n<!--==================================================== this link has to go last for it to work   ====================================================-->\n\n","protected":false},"excerpt":{"rendered":"<p>NOUVEAU NOUVEAU MONAT JUNIOR\u2122 D\u00c9M\u00caLANTDOUX Gagnez la bataille contre les n\u0153uds avant m\u00eame qu&#8217;elle ne commence&nbsp;! 177 ml \u212e 6 fl. oz. Prix de d\u00e9tail00.00 \u20ac Prix de client VIP00.00 \u20ac Pour en savoir plus sur le D\u00e9m\u00ealant Doux MONAT Junior\u2122, veuillez contacter votre Partenaire de March\u00e9&nbsp;MONAT. BIENFAITS Un d\u00e9m\u00ealant doux pour les cheveux des&hellip;<\/p>\n","protected":false},"author":31,"featured_media":109364,"parent":0,"menu_order":0,"comment_status":"closed","ping_status":"closed","template":"","meta":{"inline_featured_image":false,"om_disable_all_campaigns":false,"_monsterinsights_skip_tracking":false,"_monsterinsights_sitenote_active":false,"_monsterinsights_sitenote_note":"","_monsterinsights_sitenote_category":0,"footnotes":""},"categories":[20],"tags":[],"class_list":["post-59575","page","type-page","status-publish","has-post-thumbnail","hentry","category-product-fr"],"aioseo_notices":[],"aioseo_head":"\n\t\t<!-- All in One SEO Pro 4.9.5.2 - aioseo.com -->\n\t<meta name=\"description\" content=\"NOUVEAU NOUVEAU MONAT JUNIOR\u2122 D\u00c9M\u00caLANTDOUX Gagnez la bataille contre les n\u0153uds avant m\u00eame qu&#039;elle ne commence ! 177 ml \u212e 6 fl. oz. Prix de d\u00e9tail00.00 \u20ac Prix de client VIP00.00 \u20ac Pour en savoir plus sur le D\u00e9m\u00ealant Doux MONAT Junior\u2122, veuillez contacter votre Partenaire de March\u00e9 MONAT. BIENFAITS Un d\u00e9m\u00ealant doux pour les cheveux des\" \/>\n\t<meta name=\"robots\" content=\"noindex, nofollow, max-image-preview:large\" \/>\n\t<link rel=\"canonical\" href=\"https:\/\/monatglobal.com\/fr\/monat-junior-gentle-detangler\/\" \/>\n\t<meta name=\"generator\" content=\"All in One SEO Pro (AIOSEO) 4.9.5.2\" \/>\n\t\t<meta property=\"og:locale\" content=\"en_US\" \/>\n\t\t<meta property=\"og:site_name\" content=\"MONAT France - We Are Modern Nature\u2122\" \/>\n\t\t<meta property=\"og:type\" content=\"article\" \/>\n\t\t<meta property=\"og:title\" content=\"MONAT Junior\u2122 Gentle Detangler - MONAT France\" \/>\n\t\t<meta property=\"og:description\" content=\"NOUVEAU NOUVEAU MONAT JUNIOR\u2122 D\u00c9M\u00caLANTDOUX Gagnez la bataille contre les n\u0153uds avant m\u00eame qu&#039;elle ne commence ! 177 ml \u212e 6 fl. oz. Prix de d\u00e9tail00.00 \u20ac Prix de client VIP00.00 \u20ac Pour en savoir plus sur le D\u00e9m\u00ealant Doux MONAT Junior\u2122, veuillez contacter votre Partenaire de March\u00e9 MONAT. BIENFAITS Un d\u00e9m\u00ealant doux pour les cheveux des\" \/>\n\t\t<meta property=\"og:url\" content=\"https:\/\/monatglobal.com\/fr\/monat-junior-gentle-detangler\/\" \/>\n\t\t<meta property=\"article:published_time\" content=\"2020-01-16T16:02:37+00:00\" \/>\n\t\t<meta property=\"article:modified_time\" content=\"2026-02-24T21:17:45+00:00\" \/>\n\t\t<meta name=\"twitter:card\" content=\"summary_large_image\" \/>\n\t\t<meta name=\"twitter:title\" content=\"MONAT Junior\u2122 Gentle Detangler - MONAT France\" \/>\n\t\t<meta name=\"twitter:description\" content=\"NOUVEAU NOUVEAU MONAT JUNIOR\u2122 D\u00c9M\u00caLANTDOUX Gagnez la bataille contre les n\u0153uds avant m\u00eame qu&#039;elle ne commence ! 177 ml \u212e 6 fl. oz. Prix de d\u00e9tail00.00 \u20ac Prix de client VIP00.00 \u20ac Pour en savoir plus sur le D\u00e9m\u00ealant Doux MONAT Junior\u2122, veuillez contacter votre Partenaire de March\u00e9 MONAT. BIENFAITS Un d\u00e9m\u00ealant doux pour les cheveux des\" \/>\n\t\t<script type=\"application\/ld+json\" class=\"aioseo-schema\">\n\t\t\t{\"@context\":\"https:\\\/\\\/schema.org\",\"@graph\":[{\"@type\":\"BreadcrumbList\",\"@id\":\"https:\\\/\\\/monatglobal.com\\\/fr\\\/monat-junior-gentle-detangler\\\/#breadcrumblist\",\"itemListElement\":[{\"@type\":\"ListItem\",\"@id\":\"https:\\\/\\\/monatglobal.com\\\/fr#listItem\",\"position\":1,\"name\":\"Home\",\"item\":\"https:\\\/\\\/monatglobal.com\\\/fr\",\"nextItem\":{\"@type\":\"ListItem\",\"@id\":\"https:\\\/\\\/monatglobal.com\\\/fr\\\/monat-junior-gentle-detangler\\\/#listItem\",\"name\":\"MONAT Junior\\u2122 Gentle Detangler\"}},{\"@type\":\"ListItem\",\"@id\":\"https:\\\/\\\/monatglobal.com\\\/fr\\\/monat-junior-gentle-detangler\\\/#listItem\",\"position\":2,\"name\":\"MONAT Junior\\u2122 Gentle Detangler\",\"previousItem\":{\"@type\":\"ListItem\",\"@id\":\"https:\\\/\\\/monatglobal.com\\\/fr#listItem\",\"name\":\"Home\"}}]},{\"@type\":\"Organization\",\"@id\":\"https:\\\/\\\/monatglobal.com\\\/fr\\\/#organization\",\"name\":\"MONAT France\",\"description\":\"We Are Modern Nature\\u2122\",\"url\":\"https:\\\/\\\/monatglobal.com\\\/fr\\\/\"},{\"@type\":\"WebPage\",\"@id\":\"https:\\\/\\\/monatglobal.com\\\/fr\\\/monat-junior-gentle-detangler\\\/#webpage\",\"url\":\"https:\\\/\\\/monatglobal.com\\\/fr\\\/monat-junior-gentle-detangler\\\/\",\"name\":\"MONAT Junior\\u2122 Gentle Detangler - MONAT France\",\"description\":\"NOUVEAU NOUVEAU MONAT JUNIOR\\u2122 D\\u00c9M\\u00caLANTDOUX Gagnez la bataille contre les n\\u0153uds avant m\\u00eame qu'elle ne commence ! 177 ml \\u212e 6 fl. oz. Prix de d\\u00e9tail00.00 \\u20ac Prix de client VIP00.00 \\u20ac Pour en savoir plus sur le D\\u00e9m\\u00ealant Doux MONAT Junior\\u2122, veuillez contacter votre Partenaire de March\\u00e9 MONAT. BIENFAITS Un d\\u00e9m\\u00ealant doux pour les cheveux des\",\"inLanguage\":\"en-US\",\"isPartOf\":{\"@id\":\"https:\\\/\\\/monatglobal.com\\\/fr\\\/#website\"},\"breadcrumb\":{\"@id\":\"https:\\\/\\\/monatglobal.com\\\/fr\\\/monat-junior-gentle-detangler\\\/#breadcrumblist\"},\"image\":{\"@type\":\"ImageObject\",\"url\":\"https:\\\/\\\/monatglobal.com\\\/fr\\\/wp-content\\\/uploads\\\/sites\\\/19\\\/2026\\\/02\\\/MONAT-JUNIOR-Gentle-Detangler-ecomm-1.png\",\"@id\":\"https:\\\/\\\/monatglobal.com\\\/fr\\\/monat-junior-gentle-detangler\\\/#mainImage\",\"width\":641,\"height\":800},\"primaryImageOfPage\":{\"@id\":\"https:\\\/\\\/monatglobal.com\\\/fr\\\/monat-junior-gentle-detangler\\\/#mainImage\"},\"datePublished\":\"2020-01-16T11:02:37+00:00\",\"dateModified\":\"2026-02-24T21:17:45+00:00\"},{\"@type\":\"WebSite\",\"@id\":\"https:\\\/\\\/monatglobal.com\\\/fr\\\/#website\",\"url\":\"https:\\\/\\\/monatglobal.com\\\/fr\\\/\",\"name\":\"MONAT France\",\"description\":\"We Are Modern Nature\\u2122\",\"inLanguage\":\"en-US\",\"publisher\":{\"@id\":\"https:\\\/\\\/monatglobal.com\\\/fr\\\/#organization\"}}]}\n\t\t<\/script>\n\t\t<!-- All in One SEO Pro -->\r\n\t\t<title>MONAT Junior\u2122 Gentle Detangler - MONAT France<\/title>\n\n","aioseo_head_json":{"title":"MONAT Junior\u2122 Gentle Detangler - MONAT France","description":"NOUVEAU NOUVEAU MONAT JUNIOR\u2122 D\u00c9M\u00caLANTDOUX Gagnez la bataille contre les n\u0153uds avant m\u00eame qu'elle ne commence ! 177 ml \u212e 6 fl. oz. Prix de d\u00e9tail00.00 \u20ac Prix de client VIP00.00 \u20ac Pour en savoir plus sur le D\u00e9m\u00ealant Doux MONAT Junior\u2122, veuillez contacter votre Partenaire de March\u00e9 MONAT. BIENFAITS Un d\u00e9m\u00ealant doux pour les cheveux des","canonical_url":"https:\/\/monatglobal.com\/fr\/monat-junior-gentle-detangler\/","robots":"noindex, nofollow, max-image-preview:large","keywords":"","webmasterTools":{"miscellaneous":""},"schema":{"@context":"https:\/\/schema.org","@graph":[{"@type":"BreadcrumbList","@id":"https:\/\/monatglobal.com\/fr\/monat-junior-gentle-detangler\/#breadcrumblist","itemListElement":[{"@type":"ListItem","@id":"https:\/\/monatglobal.com\/fr#listItem","position":1,"name":"Home","item":"https:\/\/monatglobal.com\/fr","nextItem":{"@type":"ListItem","@id":"https:\/\/monatglobal.com\/fr\/monat-junior-gentle-detangler\/#listItem","name":"MONAT Junior\u2122 Gentle Detangler"}},{"@type":"ListItem","@id":"https:\/\/monatglobal.com\/fr\/monat-junior-gentle-detangler\/#listItem","position":2,"name":"MONAT Junior\u2122 Gentle Detangler","previousItem":{"@type":"ListItem","@id":"https:\/\/monatglobal.com\/fr#listItem","name":"Home"}}]},{"@type":"Organization","@id":"https:\/\/monatglobal.com\/fr\/#organization","name":"MONAT France","description":"We Are Modern Nature\u2122","url":"https:\/\/monatglobal.com\/fr\/"},{"@type":"WebPage","@id":"https:\/\/monatglobal.com\/fr\/monat-junior-gentle-detangler\/#webpage","url":"https:\/\/monatglobal.com\/fr\/monat-junior-gentle-detangler\/","name":"MONAT Junior\u2122 Gentle Detangler - MONAT France","description":"NOUVEAU NOUVEAU MONAT JUNIOR\u2122 D\u00c9M\u00caLANTDOUX Gagnez la bataille contre les n\u0153uds avant m\u00eame qu'elle ne commence ! 177 ml \u212e 6 fl. oz. Prix de d\u00e9tail00.00 \u20ac Prix de client VIP00.00 \u20ac Pour en savoir plus sur le D\u00e9m\u00ealant Doux MONAT Junior\u2122, veuillez contacter votre Partenaire de March\u00e9 MONAT. BIENFAITS Un d\u00e9m\u00ealant doux pour les cheveux des","inLanguage":"en-US","isPartOf":{"@id":"https:\/\/monatglobal.com\/fr\/#website"},"breadcrumb":{"@id":"https:\/\/monatglobal.com\/fr\/monat-junior-gentle-detangler\/#breadcrumblist"},"image":{"@type":"ImageObject","url":"https:\/\/monatglobal.com\/fr\/wp-content\/uploads\/sites\/19\/2026\/02\/MONAT-JUNIOR-Gentle-Detangler-ecomm-1.png","@id":"https:\/\/monatglobal.com\/fr\/monat-junior-gentle-detangler\/#mainImage","width":641,"height":800},"primaryImageOfPage":{"@id":"https:\/\/monatglobal.com\/fr\/monat-junior-gentle-detangler\/#mainImage"},"datePublished":"2020-01-16T11:02:37+00:00","dateModified":"2026-02-24T21:17:45+00:00"},{"@type":"WebSite","@id":"https:\/\/monatglobal.com\/fr\/#website","url":"https:\/\/monatglobal.com\/fr\/","name":"MONAT France","description":"We Are Modern Nature\u2122","inLanguage":"en-US","publisher":{"@id":"https:\/\/monatglobal.com\/fr\/#organization"}}]},"og:locale":"en_US","og:site_name":"MONAT France - We Are Modern Nature\u2122","og:type":"article","og:title":"MONAT Junior\u2122 Gentle Detangler - MONAT France","og:description":"NOUVEAU NOUVEAU MONAT JUNIOR\u2122 D\u00c9M\u00caLANTDOUX Gagnez la bataille contre les n\u0153uds avant m\u00eame qu'elle ne commence ! 177 ml \u212e 6 fl. oz. Prix de d\u00e9tail00.00 \u20ac Prix de client VIP00.00 \u20ac Pour en savoir plus sur le D\u00e9m\u00ealant Doux MONAT Junior\u2122, veuillez contacter votre Partenaire de March\u00e9 MONAT. BIENFAITS Un d\u00e9m\u00ealant doux pour les cheveux des","og:url":"https:\/\/monatglobal.com\/fr\/monat-junior-gentle-detangler\/","article:published_time":"2020-01-16T16:02:37+00:00","article:modified_time":"2026-02-24T21:17:45+00:00","twitter:card":"summary_large_image","twitter:title":"MONAT Junior\u2122 Gentle Detangler - MONAT France","twitter:description":"NOUVEAU NOUVEAU MONAT JUNIOR\u2122 D\u00c9M\u00caLANTDOUX Gagnez la bataille contre les n\u0153uds avant m\u00eame qu'elle ne commence ! 177 ml \u212e 6 fl. oz. Prix de d\u00e9tail00.00 \u20ac Prix de client VIP00.00 \u20ac Pour en savoir plus sur le D\u00e9m\u00ealant Doux MONAT Junior\u2122, veuillez contacter votre Partenaire de March\u00e9 MONAT. BIENFAITS Un d\u00e9m\u00ealant doux pour les cheveux des"},"aioseo_meta_data":{"post_id":"59575","title":null,"description":null,"keywords":null,"keyphrases":null,"primary_term":null,"canonical_url":null,"og_title":null,"og_description":null,"og_object_type":"default","og_image_type":"default","og_image_url":null,"og_image_width":null,"og_image_height":null,"og_image_custom_url":null,"og_image_custom_fields":null,"og_video":null,"og_custom_url":null,"og_article_section":null,"og_article_tags":null,"twitter_use_og":false,"twitter_card":"default","twitter_image_type":"default","twitter_image_url":null,"twitter_image_custom_url":null,"twitter_image_custom_fields":null,"twitter_title":null,"twitter_description":null,"schema":{"blockGraphs":[],"customGraphs":[],"default":{"data":{"Article":[],"Course":[],"Dataset":[],"FAQPage":[],"Movie":[],"Person":[],"Product":[],"ProductReview":[],"Car":[],"Recipe":[],"Service":[],"SoftwareApplication":[],"WebPage":[]},"graphName":"WebPage","isEnabled":true},"graphs":[]},"schema_type":"default","schema_type_options":null,"pillar_content":false,"robots_default":true,"robots_noindex":false,"robots_noarchive":false,"robots_nosnippet":false,"robots_nofollow":false,"robots_noimageindex":false,"robots_noodp":false,"robots_notranslate":false,"robots_max_snippet":null,"robots_max_videopreview":null,"robots_max_imagepreview":"large","priority":null,"frequency":null,"local_seo":null,"seo_analyzer_scan_date":"2026-02-24 22:11:28","breadcrumb_settings":null,"limit_modified_date":false,"reviewed_by":null,"open_ai":null,"ai":null,"created":"2026-02-09 20:49:54","updated":"2026-02-24 22:16:10"},"aioseo_breadcrumb":"<div class=\"aioseo-breadcrumbs\"><span class=\"aioseo-breadcrumb\">\n\t<a href=\"https:\/\/monatglobal.com\/fr\" title=\"Home\">Home<\/a>\n<\/span><span class=\"aioseo-breadcrumb-separator\">&raquo;<\/span><span class=\"aioseo-breadcrumb\">\n\tMONAT Junior\u2122 Gentle Detangler\n<\/span><\/div>","aioseo_breadcrumb_json":[{"label":"Home","link":"https:\/\/monatglobal.com\/fr"},{"label":"MONAT Junior\u2122 Gentle Detangler","link":"https:\/\/monatglobal.com\/fr\/monat-junior-gentle-detangler\/"}],"_links":{"self":[{"href":"https:\/\/monatglobal.com\/fr\/wp-json\/wp\/v2\/pages\/59575","targetHints":{"allow":["GET"]}}],"collection":[{"href":"https:\/\/monatglobal.com\/fr\/wp-json\/wp\/v2\/pages"}],"about":[{"href":"https:\/\/monatglobal.com\/fr\/wp-json\/wp\/v2\/types\/page"}],"author":[{"embeddable":true,"href":"https:\/\/monatglobal.com\/fr\/wp-json\/wp\/v2\/users\/31"}],"replies":[{"embeddable":true,"href":"https:\/\/monatglobal.com\/fr\/wp-json\/wp\/v2\/comments?post=59575"}],"version-history":[{"count":9,"href":"https:\/\/monatglobal.com\/fr\/wp-json\/wp\/v2\/pages\/59575\/revisions"}],"predecessor-version":[{"id":109363,"href":"https:\/\/monatglobal.com\/fr\/wp-json\/wp\/v2\/pages\/59575\/revisions\/109363"}],"wp:featuredmedia":[{"embeddable":true,"href":"https:\/\/monatglobal.com\/fr\/wp-json\/wp\/v2\/media\/109364"}],"wp:attachment":[{"href":"https:\/\/monatglobal.com\/fr\/wp-json\/wp\/v2\/media?parent=59575"}],"wp:term":[{"taxonomy":"category","embeddable":true,"href":"https:\/\/monatglobal.com\/fr\/wp-json\/wp\/v2\/categories?post=59575"},{"taxonomy":"post_tag","embeddable":true,"href":"https:\/\/monatglobal.com\/fr\/wp-json\/wp\/v2\/tags?post=59575"}],"curies":[{"name":"wp","href":"https:\/\/api.w.org\/{rel}","templated":true}]}}