{"id":49875,"date":"2020-01-16T10:49:45","date_gmt":"2020-01-16T15:49:45","guid":{"rendered":"https:\/\/monatglobal.com\/uk\/?page_id=49875"},"modified":"2026-03-09T20:53:36","modified_gmt":"2026-03-09T20:53:36","slug":"monat-junior-gentle-shampoo","status":"publish","type":"page","link":"https:\/\/monatglobal.com\/fr\/monat-junior-gentle-shampoo\/","title":{"rendered":"MONAT Junior\u2122 Gentle Shampoo"},"content":{"rendered":"\n\n\t<link rel=\"stylesheet\" href=\"https:\/\/unpkg.com\/swiper\/swiper-bundle.min.css\" \/>\n<link rel=\"stylesheet\" href=\"\/wp-content\/creative_css\/product_styles_sheet.css\" \/>\n    <!--==================================================== ECOMM SECTION ====================================================-->\n        NOUVEAU   \n        <!--==================================================== Ecomm image ====================================================-->\n        <img decoding=\"async\" src=\"https:\/\/monatglobal.com\/wp-content\/uploads\/2021\/10\/MONAT-JUNIOR-Gentle-Shampoo-ecomm.png\" alt=\"\/>MONAT Junior\u2122 Gentle Shampoo&#8221; loading=&#8221;lazy&#8221;>\n        <!--==================================================== Ecomm information  ====================================================-->\n            NOUVEAU \n            <p>MONAT JUNIOR\u2122 <\/p>\n            <h1>SHAMPOOING <br \/> DOUX<\/h1>\n            \n            <p>Rendez le moment du bain \u00e0 nouveau amusant !<\/p>\n            <p>237 ml \u212e 8 fl. oz.<\/p>\n          <!--==================================================== pricing box  ====================================================-->\n         <p>Prix de d\u00e9tail<br \/>00.00 \u20ac<\/p>\n         <p>Prix de client VIP<br \/>00.00 \u20ac<\/p>\n           <!--==================================================== pricing box  ====================================================-->\n            <p>Pour en savoir plus sur le Shampooing Doux MONAT Junior\u2122, veuillez contacter votre Partenaire de March\u00e9&nbsp;MONAT.<\/p>\n          <a href=\"\" target=\"_blank\" role=\"button\" aria-label=\"\"><\/a>\n    <!--==================================================== \/ECOMM SECTION  ====================================================-->\n   <!--==================================================== Benefits image ====================================================-->\n   \n      <source media=\"(max-width: 700px)\" srcset=\"https:\/\/monatglobal.com\/wp-content\/uploads\/2021\/10\/MONAT-JUNIOR-Gentle-Shampoo-benefits-mobile.jpg\" loading=\"lazy\"\/>\n      <img decoding=\"async\" alt=\"\" src=\"https:\/\/monatglobal.com\/wp-content\/uploads\/2021\/10\/MONAT-JUNIOR-Gentle-Shampoo-benefits.jpg\" loading=\"lazy\"\/>\n   \n   <!--==================================================== Benefits text ====================================================-->\n         <h2>BIENFAITS<\/h2>\n         <h3>Un shampooing doux et non irritant qui nettoie les cheveux des enfants sans les&nbsp;dess\u00e9cher. <\/h3>\n         <p>Id\u00e9al pour les petits actifs qui adorent jouer dehors ! Le Shampooing Doux MONAT Junior\u2122 est une formule douce, s\u00fbre et qui ne pique pas les yeux, sp\u00e9cialement d\u00e9velopp\u00e9e pour les enfants. Test\u00e9 dermatologiquement et&nbsp;ophtalmologiquement.<\/p>\n         <!--==================================================== features image  ====================================================-->\n         <img decoding=\"async\" alt=\"\" src=\"https:\/\/monatglobal.com\/wp-content\/uploads\/2021\/10\/MONAT-JUNIOR-Gentle-Shampoo-features.jpg\" loading=\"lazy\"\/>\n      <!--==================================================== features text ====================================================-->\n            <h3>Caract\u00e9ristiques<\/h3>\n               <p>\/ Formule douce et s\u00fbre d\u00e9velopp\u00e9e pour les&nbsp;enfants<\/p>\n               <p>\/ Ne pique pas les yeux<\/p>\n               <p>\/ Pour des r\u00e9sultats optimaux, utilisez ensuite l&#8217;Apr\u00e8s-shampooing Doux MONAT&nbsp;Junior\u2122.<\/p>\n               <br \/>\n            <p>Parfum \/ Peony and Pink Pepper<\/p>\n            <p> Texture \/ Lightweight Gel<\/p>\n   <!--==================================================== composition image mobile ====================================================-->\n   <img decoding=\"async\" alt=\"\" src=\"https:\/\/monatglobal.com\/wp-content\/uploads\/2021\/10\/MONAT-JUNIOR-Gentle-Shampoo-composition1.jpg\" loading=\"lazy\"\/>\n   <!--==================================================== Why it works text ====================================================-->\n      <h2>Le lion Lovely Locks fera rugir de rire vos enfants !<\/h2>\n      <h3>Rendez le moment du bain amusant (et surtout s\u00fbr) avec notre shampooing doux et non&nbsp;irritant.<\/h3>\n      Parfait pour les enfants actifs qui aiment jouer dehors, il nettoie compl\u00e8tement leur chevelure sans la dess\u00e9cher.\nAssoci\u00e9 \u00e0 notre Apr\u00e8s-shampooing Doux MONAT&nbsp;Junior\u2122, il laissera les cheveux de votre enfant doux et&nbsp;brillants.\n<!--==================================================== Composition section ====================================================-->\n      <img decoding=\"async\" alt=\"\" src=\"https:\/\/monatglobal.com\/wp-content\/uploads\/2021\/10\/MONAT-JUNIOR-Gentle-Shampoo-composition1.jpg\" loading=\"lazy\"\/>\n      <img decoding=\"async\" alt=\"\" \n      src=\"https:\/\/monatglobal.com\/wp-content\/uploads\/2021\/10\/MONAT-JUNIOR-Gentle-Shampoo-composition3.jpg\" loading=\"lazy\"\/>\n            <!--==================================================== Directions text ====================================================--> \n               <h3>Mode d&#8217;emploi<\/h3>\n               <p>\/ Pr\u00e9levez l&#8217;\u00e9quivalent d&#8217;une pi\u00e8ce de deux centimes de&nbsp;shampooing.<\/p>\n               <p>\/ Frottez entre vos mains pour faire&nbsp;mousser.<\/p>\n               <p>\/ Massez sur cheveux mouill\u00e9s, du cuir chevelu jusqu&#8217;aux pointes, puis rincez&nbsp;abondamment.<\/p>\n               <p>\/ Utilisez ensuite l&#8217;Apr\u00e8s-shampooing Doux MONAT&nbsp;Junior\u2122.<\/p>\n            <!--==================================================== Directions video ====================================================-->\n      <p>MONAT JUNIOR\u2122<br \/>SHAMPOOING DOUX<\/p>\n      <a href=\"\" target=\"_blank\"  role=\"button\" aria-label=\"\"><\/a>\n   <!--==================================================== Ingredients section  ====================================================-->\n      <h2>INGR\u00c9DIENTS CL\u00c9S<\/h2>\n          <img decoding=\"async\" src=\"https:\/\/monatglobal.com\/wp-content\/uploads\/2025\/10\/Corn-and-coconut-cleanser.svg\" alt=\"icon of Niacinamide\"\/> \n               <p>Nettoyant \u00e0 base de ma\u00efs et de noix de coco<\/p>\n        <button id=\"myBtn\" type=\"button\">LISTE D&#8217;INGR\u00c9DIENTS<\/button>\n      <!--==================================================== Modal content  ====================================================-->\n         &times;\n         <p>Aqua\/Water\/Eau, Sodium Laurylglucosides Hydroxypropylsulfonate, Cocamidopropyl Hydroxysultaine, Sodium Chloride, Sodium Methyl Cocoyl Taurate, Sodium Bis-Hydroxyethylglycinate Coco-Glucosides Crosspolymer, Cocamidopropyl PG-Dimonium Chloride Phosphate, Glycerin, Coconut Acid, Cocamidopropyl Dimethylamine, Tetrasodium EDTA, Sodium Stearoyl Lactylate, Fragrance\/Parfum, Sodium Benzoate, Potassium Sorbate, Citric Acid, Amyl Cinnamal, Linalool.<\/p>\n         <!--Water, Sodium Laurylglucosides Hydroxypropylsulfonate, Cocamidopropyl Hydroxysultaine, Sodium Methyl Cocoyl \n         Taurate, Sodium Bis-Hydroxyethylglycinate Coco-Glucosides Crosspolymer, Cocamidopropyl PG-Dimonium Chloride Phosphate, \n         Caprylyl\/Capryl Glucoside, Sodium Stearoyl Lactylate, Sodium Cocoyl Glutamate, Polyglyceryl-5 Oleate, Glyceryl Caprylate, \n         Citric Acid, Fragrance, Sodium Benzoate, Potassium Sorbate.-->\n   <!--==================================================== You might also like section ====================================================-->\n      <h2>VOUS POURRIEZ AUSSI AIMER<\/h2>\n      <!--==================================================== Slider YOU MIGHT ALSO LIKE ====================================================-->\n      <!---->\n      <!--   -->\n            <!--==================================================== Slides products ====================================================-->\n      <!--      -->\n      <!--         <a href=\"https:\/\/monatglobal.com\/fr\/monat-junior-gentle-conditioner\/\" aria-label=\"Go to MONAT JUNIOR\u2122 D\u00c9M\u00caLANT DOUX page\">-->\n      <!--            <img decoding=\"async\" src=\"https:\/\/monatglobal.com\/wp-content\/uploads\/2022\/12\/MONAT-JUNIOR-Gentle-Conditioner-E_comm-min.png\" alt=\"MONAT JUNIOR\u2122 D\u00c9M\u00caLANT DOUX\" loading=\"lazy\"\/>-->\n      <!--            <p>MONAT JUNIOR\u2122 <br \/> D\u00c9M\u00caLANT DOUX<\/p>-->\n      <!--         <\/a>-->\n      <!--      -->\n      <!--      -->\n      <!--         <a href=\"https:\/\/monatglobal.com\/fr\/monat-junior-gentle-detangler\/\" aria-label=\"Go to MONAT JUNIOR\u2122 APR\u00c8S-SHAMPOOING DOUX page\">-->\n      <!--            <img decoding=\"async\" src=\"https:\/\/monatglobal.com\/wp-content\/uploads\/2022\/12\/Monat-Junior-Detangler_Ecomm-min.png\" alt=\"MONAT JUNIOR\u2122 APR\u00c8S-SHAMPOOING DOUX\" loading=\"lazy\"\/>-->\n      <!--            <p>MONAT JUNIOR\u2122 <br \/> APR\u00c8S-SHAMPOOING DOUX<\/p>-->\n      <!--         <\/a>-->\n      <!--      -->\n      <!--   -->\n         <!--==================================================== If we need navigation buttons  ====================================================-->\n      <!--   -->\n      <!--   -->\n         <!--==================================================== If we need paginations  ====================================================-->\n      <!--   -->\n      <!---->\n         <!--==================================================== If we need navigation buttons  ====================================================-->\n         <!--==================================================== If we need paginations  ====================================================-->\n    <a href=\"\" aria-label=\"\"><\/a>\n<!--==================================================== this link has to go last for it to work   ====================================================-->\n\n","protected":false},"excerpt":{"rendered":"<p>NOUVEAU<\/p>\n","protected":false},"author":57,"featured_media":109367,"parent":0,"menu_order":0,"comment_status":"closed","ping_status":"closed","template":"","meta":{"inline_featured_image":false,"om_disable_all_campaigns":false,"_monsterinsights_skip_tracking":false,"_monsterinsights_sitenote_active":false,"_monsterinsights_sitenote_note":"","_monsterinsights_sitenote_category":0,"footnotes":""},"categories":[20],"tags":[],"class_list":["post-49875","page","type-page","status-publish","has-post-thumbnail","hentry","category-product-fr"],"aioseo_notices":[],"aioseo_head":"\n\t\t<!-- All in One SEO Pro 4.9.5.2 - aioseo.com -->\n\t<meta name=\"description\" content=\"NOUVEAU MONAT Junior\u2122 Gentle Shampoo&quot; loading=&quot;lazy&quot;&gt; NOUVEAU MONAT JUNIOR\u2122 SHAMPOOING DOUX Rendez le moment du bain \u00e0 nouveau amusant ! 237 ml \u212e 8 fl. oz. Prix de d\u00e9tail00.00 \u20ac Prix de client VIP00.00 \u20ac Pour en savoir plus sur le Shampooing Doux MONAT Junior\u2122, veuillez contacter votre Partenaire de March\u00e9 MONAT. BIENFAITS Un shampooing doux\" \/>\n\t<meta name=\"robots\" content=\"noindex, nofollow, max-image-preview:large\" \/>\n\t<link rel=\"canonical\" href=\"https:\/\/monatglobal.com\/fr\/monat-junior-gentle-shampoo\/\" \/>\n\t<meta name=\"generator\" content=\"All in One SEO Pro (AIOSEO) 4.9.5.2\" \/>\n\t\t<meta property=\"og:locale\" content=\"en_US\" \/>\n\t\t<meta property=\"og:site_name\" content=\"MONAT France - We Are Modern Nature\u2122\" \/>\n\t\t<meta property=\"og:type\" content=\"article\" \/>\n\t\t<meta property=\"og:title\" content=\"MONAT Junior\u2122 Gentle Shampoo - MONAT France\" \/>\n\t\t<meta property=\"og:description\" content=\"NOUVEAU MONAT Junior\u2122 Gentle Shampoo&quot; loading=&quot;lazy&quot;&gt; NOUVEAU MONAT JUNIOR\u2122 SHAMPOOING DOUX Rendez le moment du bain \u00e0 nouveau amusant ! 237 ml \u212e 8 fl. oz. Prix de d\u00e9tail00.00 \u20ac Prix de client VIP00.00 \u20ac Pour en savoir plus sur le Shampooing Doux MONAT Junior\u2122, veuillez contacter votre Partenaire de March\u00e9 MONAT. BIENFAITS Un shampooing doux\" \/>\n\t\t<meta property=\"og:url\" content=\"https:\/\/monatglobal.com\/fr\/monat-junior-gentle-shampoo\/\" \/>\n\t\t<meta property=\"article:published_time\" content=\"2020-01-16T15:49:45+00:00\" \/>\n\t\t<meta property=\"article:modified_time\" content=\"2026-03-09T20:53:36+00:00\" \/>\n\t\t<meta name=\"twitter:card\" content=\"summary_large_image\" \/>\n\t\t<meta name=\"twitter:title\" content=\"MONAT Junior\u2122 Gentle Shampoo - MONAT France\" \/>\n\t\t<meta name=\"twitter:description\" content=\"NOUVEAU MONAT Junior\u2122 Gentle Shampoo&quot; loading=&quot;lazy&quot;&gt; NOUVEAU MONAT JUNIOR\u2122 SHAMPOOING DOUX Rendez le moment du bain \u00e0 nouveau amusant ! 237 ml \u212e 8 fl. oz. Prix de d\u00e9tail00.00 \u20ac Prix de client VIP00.00 \u20ac Pour en savoir plus sur le Shampooing Doux MONAT Junior\u2122, veuillez contacter votre Partenaire de March\u00e9 MONAT. BIENFAITS Un shampooing doux\" \/>\n\t\t<script type=\"application\/ld+json\" class=\"aioseo-schema\">\n\t\t\t{\"@context\":\"https:\\\/\\\/schema.org\",\"@graph\":[{\"@type\":\"BreadcrumbList\",\"@id\":\"https:\\\/\\\/monatglobal.com\\\/fr\\\/monat-junior-gentle-shampoo\\\/#breadcrumblist\",\"itemListElement\":[{\"@type\":\"ListItem\",\"@id\":\"https:\\\/\\\/monatglobal.com\\\/fr#listItem\",\"position\":1,\"name\":\"Home\",\"item\":\"https:\\\/\\\/monatglobal.com\\\/fr\",\"nextItem\":{\"@type\":\"ListItem\",\"@id\":\"https:\\\/\\\/monatglobal.com\\\/fr\\\/monat-junior-gentle-shampoo\\\/#listItem\",\"name\":\"MONAT Junior\\u2122 Gentle Shampoo\"}},{\"@type\":\"ListItem\",\"@id\":\"https:\\\/\\\/monatglobal.com\\\/fr\\\/monat-junior-gentle-shampoo\\\/#listItem\",\"position\":2,\"name\":\"MONAT Junior\\u2122 Gentle Shampoo\",\"previousItem\":{\"@type\":\"ListItem\",\"@id\":\"https:\\\/\\\/monatglobal.com\\\/fr#listItem\",\"name\":\"Home\"}}]},{\"@type\":\"Organization\",\"@id\":\"https:\\\/\\\/monatglobal.com\\\/fr\\\/#organization\",\"name\":\"MONAT France\",\"description\":\"We Are Modern Nature\\u2122\",\"url\":\"https:\\\/\\\/monatglobal.com\\\/fr\\\/\"},{\"@type\":\"WebPage\",\"@id\":\"https:\\\/\\\/monatglobal.com\\\/fr\\\/monat-junior-gentle-shampoo\\\/#webpage\",\"url\":\"https:\\\/\\\/monatglobal.com\\\/fr\\\/monat-junior-gentle-shampoo\\\/\",\"name\":\"MONAT Junior\\u2122 Gentle Shampoo - MONAT France\",\"description\":\"NOUVEAU MONAT Junior\\u2122 Gentle Shampoo\\\" loading=\\\"lazy\\\"> NOUVEAU MONAT JUNIOR\\u2122 SHAMPOOING DOUX Rendez le moment du bain \\u00e0 nouveau amusant ! 237 ml \\u212e 8 fl. oz. Prix de d\\u00e9tail00.00 \\u20ac Prix de client VIP00.00 \\u20ac Pour en savoir plus sur le Shampooing Doux MONAT Junior\\u2122, veuillez contacter votre Partenaire de March\\u00e9 MONAT. BIENFAITS Un shampooing doux\",\"inLanguage\":\"en-US\",\"isPartOf\":{\"@id\":\"https:\\\/\\\/monatglobal.com\\\/fr\\\/#website\"},\"breadcrumb\":{\"@id\":\"https:\\\/\\\/monatglobal.com\\\/fr\\\/monat-junior-gentle-shampoo\\\/#breadcrumblist\"},\"image\":{\"@type\":\"ImageObject\",\"url\":\"https:\\\/\\\/monatglobal.com\\\/fr\\\/wp-content\\\/uploads\\\/sites\\\/19\\\/2026\\\/02\\\/MONAT-JUNIOR-Gentle-Shampoo-ecomm-1.png\",\"@id\":\"https:\\\/\\\/monatglobal.com\\\/fr\\\/monat-junior-gentle-shampoo\\\/#mainImage\",\"width\":641,\"height\":800},\"primaryImageOfPage\":{\"@id\":\"https:\\\/\\\/monatglobal.com\\\/fr\\\/monat-junior-gentle-shampoo\\\/#mainImage\"},\"datePublished\":\"2020-01-16T10:49:45+00:00\",\"dateModified\":\"2026-03-09T20:53:36+00:00\"},{\"@type\":\"WebSite\",\"@id\":\"https:\\\/\\\/monatglobal.com\\\/fr\\\/#website\",\"url\":\"https:\\\/\\\/monatglobal.com\\\/fr\\\/\",\"name\":\"MONAT France\",\"description\":\"We Are Modern Nature\\u2122\",\"inLanguage\":\"en-US\",\"publisher\":{\"@id\":\"https:\\\/\\\/monatglobal.com\\\/fr\\\/#organization\"}}]}\n\t\t<\/script>\n\t\t<!-- All in One SEO Pro -->\r\n\t\t<title>MONAT Junior\u2122 Gentle Shampoo - MONAT France<\/title>\n\n","aioseo_head_json":{"title":"MONAT Junior\u2122 Gentle Shampoo - MONAT France","description":"NOUVEAU MONAT Junior\u2122 Gentle Shampoo\" loading=\"lazy\"> NOUVEAU MONAT JUNIOR\u2122 SHAMPOOING DOUX Rendez le moment du bain \u00e0 nouveau amusant ! 237 ml \u212e 8 fl. oz. Prix de d\u00e9tail00.00 \u20ac Prix de client VIP00.00 \u20ac Pour en savoir plus sur le Shampooing Doux MONAT Junior\u2122, veuillez contacter votre Partenaire de March\u00e9 MONAT. BIENFAITS Un shampooing doux","canonical_url":"https:\/\/monatglobal.com\/fr\/monat-junior-gentle-shampoo\/","robots":"noindex, nofollow, max-image-preview:large","keywords":"","webmasterTools":{"miscellaneous":""},"schema":{"@context":"https:\/\/schema.org","@graph":[{"@type":"BreadcrumbList","@id":"https:\/\/monatglobal.com\/fr\/monat-junior-gentle-shampoo\/#breadcrumblist","itemListElement":[{"@type":"ListItem","@id":"https:\/\/monatglobal.com\/fr#listItem","position":1,"name":"Home","item":"https:\/\/monatglobal.com\/fr","nextItem":{"@type":"ListItem","@id":"https:\/\/monatglobal.com\/fr\/monat-junior-gentle-shampoo\/#listItem","name":"MONAT Junior\u2122 Gentle Shampoo"}},{"@type":"ListItem","@id":"https:\/\/monatglobal.com\/fr\/monat-junior-gentle-shampoo\/#listItem","position":2,"name":"MONAT Junior\u2122 Gentle Shampoo","previousItem":{"@type":"ListItem","@id":"https:\/\/monatglobal.com\/fr#listItem","name":"Home"}}]},{"@type":"Organization","@id":"https:\/\/monatglobal.com\/fr\/#organization","name":"MONAT France","description":"We Are Modern Nature\u2122","url":"https:\/\/monatglobal.com\/fr\/"},{"@type":"WebPage","@id":"https:\/\/monatglobal.com\/fr\/monat-junior-gentle-shampoo\/#webpage","url":"https:\/\/monatglobal.com\/fr\/monat-junior-gentle-shampoo\/","name":"MONAT Junior\u2122 Gentle Shampoo - MONAT France","description":"NOUVEAU MONAT Junior\u2122 Gentle Shampoo\" loading=\"lazy\"> NOUVEAU MONAT JUNIOR\u2122 SHAMPOOING DOUX Rendez le moment du bain \u00e0 nouveau amusant ! 237 ml \u212e 8 fl. oz. Prix de d\u00e9tail00.00 \u20ac Prix de client VIP00.00 \u20ac Pour en savoir plus sur le Shampooing Doux MONAT Junior\u2122, veuillez contacter votre Partenaire de March\u00e9 MONAT. BIENFAITS Un shampooing doux","inLanguage":"en-US","isPartOf":{"@id":"https:\/\/monatglobal.com\/fr\/#website"},"breadcrumb":{"@id":"https:\/\/monatglobal.com\/fr\/monat-junior-gentle-shampoo\/#breadcrumblist"},"image":{"@type":"ImageObject","url":"https:\/\/monatglobal.com\/fr\/wp-content\/uploads\/sites\/19\/2026\/02\/MONAT-JUNIOR-Gentle-Shampoo-ecomm-1.png","@id":"https:\/\/monatglobal.com\/fr\/monat-junior-gentle-shampoo\/#mainImage","width":641,"height":800},"primaryImageOfPage":{"@id":"https:\/\/monatglobal.com\/fr\/monat-junior-gentle-shampoo\/#mainImage"},"datePublished":"2020-01-16T10:49:45+00:00","dateModified":"2026-03-09T20:53:36+00:00"},{"@type":"WebSite","@id":"https:\/\/monatglobal.com\/fr\/#website","url":"https:\/\/monatglobal.com\/fr\/","name":"MONAT France","description":"We Are Modern Nature\u2122","inLanguage":"en-US","publisher":{"@id":"https:\/\/monatglobal.com\/fr\/#organization"}}]},"og:locale":"en_US","og:site_name":"MONAT France - We Are Modern Nature\u2122","og:type":"article","og:title":"MONAT Junior\u2122 Gentle Shampoo - MONAT France","og:description":"NOUVEAU MONAT Junior\u2122 Gentle Shampoo&quot; loading=&quot;lazy&quot;&gt; NOUVEAU MONAT JUNIOR\u2122 SHAMPOOING DOUX Rendez le moment du bain \u00e0 nouveau amusant ! 237 ml \u212e 8 fl. oz. Prix de d\u00e9tail00.00 \u20ac Prix de client VIP00.00 \u20ac Pour en savoir plus sur le Shampooing Doux MONAT Junior\u2122, veuillez contacter votre Partenaire de March\u00e9 MONAT. BIENFAITS Un shampooing doux","og:url":"https:\/\/monatglobal.com\/fr\/monat-junior-gentle-shampoo\/","article:published_time":"2020-01-16T15:49:45+00:00","article:modified_time":"2026-03-09T20:53:36+00:00","twitter:card":"summary_large_image","twitter:title":"MONAT Junior\u2122 Gentle Shampoo - MONAT France","twitter:description":"NOUVEAU MONAT Junior\u2122 Gentle Shampoo&quot; loading=&quot;lazy&quot;&gt; NOUVEAU MONAT JUNIOR\u2122 SHAMPOOING DOUX Rendez le moment du bain \u00e0 nouveau amusant ! 237 ml \u212e 8 fl. oz. Prix de d\u00e9tail00.00 \u20ac Prix de client VIP00.00 \u20ac Pour en savoir plus sur le Shampooing Doux MONAT Junior\u2122, veuillez contacter votre Partenaire de March\u00e9 MONAT. BIENFAITS Un shampooing doux"},"aioseo_meta_data":{"post_id":"49875","title":null,"description":null,"keywords":null,"keyphrases":null,"primary_term":null,"canonical_url":null,"og_title":null,"og_description":null,"og_object_type":"default","og_image_type":"default","og_image_url":null,"og_image_width":null,"og_image_height":null,"og_image_custom_url":null,"og_image_custom_fields":null,"og_video":null,"og_custom_url":null,"og_article_section":null,"og_article_tags":null,"twitter_use_og":false,"twitter_card":"default","twitter_image_type":"default","twitter_image_url":null,"twitter_image_custom_url":null,"twitter_image_custom_fields":null,"twitter_title":null,"twitter_description":null,"schema":{"blockGraphs":[],"customGraphs":[],"default":{"data":{"Article":[],"Course":[],"Dataset":[],"FAQPage":[],"Movie":[],"Person":[],"Product":[],"ProductReview":[],"Car":[],"Recipe":[],"Service":[],"SoftwareApplication":[],"WebPage":[]},"graphName":"WebPage","isEnabled":true},"graphs":[]},"schema_type":"default","schema_type_options":null,"pillar_content":false,"robots_default":true,"robots_noindex":false,"robots_noarchive":false,"robots_nosnippet":false,"robots_nofollow":false,"robots_noimageindex":false,"robots_noodp":false,"robots_notranslate":false,"robots_max_snippet":null,"robots_max_videopreview":null,"robots_max_imagepreview":"large","priority":null,"frequency":null,"local_seo":null,"seo_analyzer_scan_date":"2026-03-10 14:16:11","breadcrumb_settings":null,"limit_modified_date":false,"reviewed_by":null,"open_ai":null,"ai":null,"created":"2026-02-09 20:48:10","updated":"2026-03-10 14:20:28"},"aioseo_breadcrumb":"<div class=\"aioseo-breadcrumbs\"><span class=\"aioseo-breadcrumb\">\n\t<a href=\"https:\/\/monatglobal.com\/fr\" title=\"Home\">Home<\/a>\n<\/span><span class=\"aioseo-breadcrumb-separator\">&raquo;<\/span><span class=\"aioseo-breadcrumb\">\n\tMONAT Junior\u2122 Gentle Shampoo\n<\/span><\/div>","aioseo_breadcrumb_json":[{"label":"Home","link":"https:\/\/monatglobal.com\/fr"},{"label":"MONAT Junior\u2122 Gentle Shampoo","link":"https:\/\/monatglobal.com\/fr\/monat-junior-gentle-shampoo\/"}],"_links":{"self":[{"href":"https:\/\/monatglobal.com\/fr\/wp-json\/wp\/v2\/pages\/49875","targetHints":{"allow":["GET"]}}],"collection":[{"href":"https:\/\/monatglobal.com\/fr\/wp-json\/wp\/v2\/pages"}],"about":[{"href":"https:\/\/monatglobal.com\/fr\/wp-json\/wp\/v2\/types\/page"}],"author":[{"embeddable":true,"href":"https:\/\/monatglobal.com\/fr\/wp-json\/wp\/v2\/users\/57"}],"replies":[{"embeddable":true,"href":"https:\/\/monatglobal.com\/fr\/wp-json\/wp\/v2\/comments?post=49875"}],"version-history":[{"count":8,"href":"https:\/\/monatglobal.com\/fr\/wp-json\/wp\/v2\/pages\/49875\/revisions"}],"predecessor-version":[{"id":109442,"href":"https:\/\/monatglobal.com\/fr\/wp-json\/wp\/v2\/pages\/49875\/revisions\/109442"}],"wp:featuredmedia":[{"embeddable":true,"href":"https:\/\/monatglobal.com\/fr\/wp-json\/wp\/v2\/media\/109367"}],"wp:attachment":[{"href":"https:\/\/monatglobal.com\/fr\/wp-json\/wp\/v2\/media?parent=49875"}],"wp:term":[{"taxonomy":"category","embeddable":true,"href":"https:\/\/monatglobal.com\/fr\/wp-json\/wp\/v2\/categories?post=49875"},{"taxonomy":"post_tag","embeddable":true,"href":"https:\/\/monatglobal.com\/fr\/wp-json\/wp\/v2\/tags?post=49875"}],"curies":[{"name":"wp","href":"https:\/\/api.w.org\/{rel}","templated":true}]}}