{"id":86539,"date":"2025-03-20T18:02:26","date_gmt":"2025-03-20T18:02:26","guid":{"rendered":"https:\/\/monatglobal.com\/es\/?page_id=86539"},"modified":"2025-03-21T14:40:50","modified_gmt":"2025-03-21T14:40:50","slug":"biotechbeauty","status":"publish","type":"page","link":"https:\/\/monatglobal.com\/es\/biotechbeauty\/","title":{"rendered":"MONAT Biotech Beauty: Productos innovadores para el cuidado de la piel y el cabello"},"content":{"rendered":"\n<style>\n   :root {\n        --mediumSizeP: clamp(1.8rem, 1.6vw, 2.3rem); \n        --smallSizeP: clamp(1.4rem, 1.4vw, 1.8rem);\n        --gray: #fbfbfb\n   } \n<\/style> \n<section id=\"bannerSec\">\n        <img decoding=\"async\" id=\"monat_banner_logo\" src=\"https:\/\/monatglobal.com\/wp-content\/uploads\/2024\/11\/monat_logo_2024.svg\" alt=\"MONAT GLOBAL\">\n        <h2>Los pioneros <br>de la belleza <br>biotecnol\u00f3gica <\/h2>\n            <p>Belleza biotecnol\u00f3gica <em>(sustantivo)<\/em>: categor\u00eda de productos cosm\u00e9ticos y para el cuidado de la piel que utilizan la biotecnolog\u00eda para desarrollar ingredientes cultivados en laboratorio o mediante bioingenier\u00eda, lo que mejora la eficacia, la sostenibilidad y el abastecimiento \u00e9tico, al tiempo que reduce la dependencia de recursos naturales o&nbsp;sint\u00e9ticos.<\/p>\n<\/section>\n<section id=\"sec1\">\n    <p>Belleza biotecnol\u00f3gica <em>(sustantivo)<\/em>: categor\u00eda de productos cosm\u00e9ticos y para el cuidado de la piel que utilizan la biotecnolog\u00eda para desarrollar ingredientes cultivados en laboratorio o mediante bioingenier\u00eda, lo que mejora la eficacia, la sostenibilidad y el abastecimiento \u00e9tico, al tiempo que reduce la dependencia de recursos naturales o&nbsp;sint\u00e9ticos.<\/p>\n        <p>En MONAT, la innovaci\u00f3n no es solo <br> una tendencia: es nuestro&nbsp;legado.<\/p>\n        <img decoding=\"async\" src=\"https:\/\/monatglobal.com\/wp-content\/uploads\/2025\/03\/BIOTECH-DERIVED-FORMULATIONS-min.jpg\" alt=\"Oil with bubbles in a petri dish and dropper.\">\n        <p>Llevamos a\u00f1os a la vanguardia de la biotecnolog\u00eda, fusionando la ciencia m\u00e1s innovadora con los mejores ingredientes de la naturaleza para redefinir la belleza y el&nbsp;bienestar.<\/p>\n            <p>Nuestra incesante b\u00fasqueda de la excelencia nos ha convertido en l\u00edderes del sector, permiti\u00e9ndote tener el mejor aspecto y&nbsp;sentirte mucho mejor.<\/p> \n            <br>\n            <br>\n            <br>\n            <h2>FORMULACIONES <br> DERIVADAS DE <br>LA BIOTECNOLOG\u00cdA<\/h2>\n            <p>La ciencia de la belleza es la base de nuestros productos&nbsp;premiados.<\/p>\n                        <img decoding=\"async\" alt=\"essential oil drops picture\" src=\"https:\/\/monatglobal.com\/wp-content\/uploads\/2023\/05\/essential-oil-drops-picture-min.png\">\n                        <img decoding=\"async\" alt=\"ceramides picture\" src=\"https:\/\/monatglobal.com\/wp-content\/uploads\/2025\/03\/ceramides-min.png\">\n                        <img decoding=\"async\" alt=\"hyaluronic acid picture\" src=\"https:\/\/monatglobal.com\/wp-content\/uploads\/2025\/03\/hyaluronic-acid-min.png\">\n                        <img decoding=\"async\" alt=\"oil texture formulations picture\" src=\"https:\/\/monatglobal.com\/wp-content\/uploads\/2025\/03\/oil-texture-formulations-min.png\">\n                        <img decoding=\"async\" alt=\"texture formulation picture\" src=\"https:\/\/monatglobal.com\/wp-content\/uploads\/2025\/03\/texture-formulation-2-min.png\">\n                        <img decoding=\"async\" alt=\"texture formulation picture\" src=\"https:\/\/monatglobal.com\/wp-content\/uploads\/2025\/03\/texture-formulations-min.png\">\n                <p>Los ingredientes biotecnol\u00f3gicos naturales de nuestras f\u00f3rmulas patentadas incluyen p\u00e9ptidos, materias primas de origen biol\u00f3gico, \u00e1cido hialur\u00f3nico, pol\u00edmeros de origen natural, ingredientes derivados de la fermentaci\u00f3n, ceramidas y c\u00e9lulas madre&nbsp;vegetales.<\/p>\n            <img decoding=\"async\" src=\"https:\/\/monatglobal.com\/wp-content\/uploads\/2025\/03\/bio-based-raw-materials-min.jpg\" alt=\"Lab professional handling pink liquid\">    \n            <p>Desde el cuidado del cabello hasta el de la piel, los ingredientes de origen natural son parte integrante de la innovaci\u00f3n de nuestros&nbsp;productos.<\/p> \n    <img decoding=\"async\" src=\"https:\/\/monatglobal.com\/wp-content\/uploads\/2025\/03\/plant-stem-cells-min.jpg\" alt=\"close up picture of plant cell\">\n<\/section>\n<section id=\"sec2\">\n            <h2>VEGANO <br> Y PURO<\/h2>\n            <p>Como marca certificada por leaping bunny, no utilizamos ning\u00fan ingrediente de origen&nbsp;animal. <\/p>\n        <img decoding=\"async\" src=\"https:\/\/monatglobal.com\/wp-content\/uploads\/2025\/03\/vegan-clean-model-mobile-min.jpg\" alt=\"A woman lifts a MONAT scalp care product playfully, emphasizing clean beauty.\">\n                    <img decoding=\"async\" alt=\"picture of a cup of apple vinegar \" src=\"https:\/\/monatglobal.com\/wp-content\/uploads\/2025\/03\/apple-vinegar-min.png\">\n                    <img decoding=\"async\" alt=\"leaping bunny logo\" src=\"https:\/\/monatglobal.com\/wp-content\/uploads\/2025\/03\/leaping-bunny-logo-min.png\">\n                    <img decoding=\"async\" alt=\"Heap of chia-seeds picture\" src=\"https:\/\/monatglobal.com\/wp-content\/uploads\/2025\/03\/Heap-of-chia-seeds-min.png\">\n                    <img decoding=\"async\" alt=\"open Pomegranate picture\" src=\"https:\/\/monatglobal.com\/wp-content\/uploads\/2023\/05\/open-Pomegranate-picture-min.png\">\n                    <img decoding=\"async\" alt=\"Group-aloe-vera-slice-picture\" src=\"https:\/\/monatglobal.com\/wp-content\/uploads\/2025\/03\/Group-aloe-vera-slice-picture-min.png\">\n                    <img decoding=\"async\" alt=\"open coconut picture\" src=\"https:\/\/monatglobal.com\/wp-content\/uploads\/2025\/03\/coconut-min.png\">\n            <p>MONAT no utiliza ingredientes de origen animal, parabenos, aceites minerales, ftalatos, petrolato ni otros ingredientes sint\u00e9ticos nocivos en sus&nbsp;productos.<\/p>\n        <img decoding=\"async\" src=\"https:\/\/monatglobal.com\/wp-content\/uploads\/2025\/03\/vegan-and-clean-model-min-1.png\" alt=\"A woman lifts a MONAT scalp care product playfully, emphasizing clean beauty.\">\n    <img decoding=\"async\" src=\"https:\/\/monatglobal.com\/wp-content\/uploads\/2025\/03\/free-of-animal-derived-ingredients-min.png\" alt=\"Close-up of skincare ingredients, showcasing a fine powder\">\n<\/section>\n<section id=\"sec3\">\n            <h2>SOSTENIBILIDAD<\/h2>\n            <p>MONAT se compromete con la sostenibilidad a trav\u00e9s de un abastecimiento responsable, envases reciclables e iniciativas de conservaci\u00f3n del&nbsp;agua.<\/p>\n        <img decoding=\"async\" src=\"https:\/\/monatglobal.com\/wp-content\/uploads\/2025\/03\/responsible-sourcing-min.png\" alt=\"Hands holding a Monat IR Clinical Hair Thinning Defense serum bottle with a dropper releasing a drop of product.\">\n                    <img decoding=\"async\" alt=\"multiple monat bottles picture\" src=\"https:\/\/monatglobal.com\/wp-content\/uploads\/2025\/03\/recycle-byproducts-min.png\">\n                    <img decoding=\"async\" alt=\"cold press process picture\" src=\"https:\/\/monatglobal.com\/wp-content\/uploads\/2025\/03\/cold-processed-min.png\">\n                    <img decoding=\"async\" alt=\"picture of water ripples\" src=\"https:\/\/monatglobal.com\/wp-content\/uploads\/2025\/03\/product-performance-min.png\">\n                    <!--<img decoding=\"async\" alt=\"open Pomegranate picture\" src=\"https:\/\/monatglobal.com\/wp-content\/uploads\/2023\/05\/open-Pomegranate-picture-min.png\"\/>-->\n                    <!--<img decoding=\"async\" alt=\"Group-aloe-vera-slice-picture\" src=\"https:\/\/monatglobal.com\/wp-content\/uploads\/2023\/05\/Group-aloe-vera-slice-picture-min.png\"\/>-->\n                    <!--<img decoding=\"async\" alt=\"group of almonds picture\" src=\"https:\/\/monatglobal.com\/wp-content\/uploads\/2023\/05\/istockphoto-1390257052-612x612_1-removebg-preview-min.png\"\/>-->\n            <p>Reciclamos los subproductos de nuestra fabricaci\u00f3n para ayudar al medio ambiente y muchas de nuestras f\u00f3rmulas se procesan en fr\u00edo para optimizar la eficacia de los ingredientes y el rendimiento del&nbsp;producto.<\/p>\n<\/section>\n<section id=\"sec4\"> \n            <h2>AROMA<\/h2>\n            <p>MONAT elabora esencias exclusivas con los ingredientes arom\u00e1ticos m\u00e1s seguros, aprovechando el poder de los aceites esenciales y los extractos bot\u00e1nicos para ofrecer una experiencia de&nbsp;lujo.<\/p>\n                    <img decoding=\"async\" alt=\"lemon picture\" src=\"https:\/\/monatglobal.com\/wp-content\/uploads\/2025\/03\/lemon-aroma-min.png\">\n                    <img decoding=\"async\" alt=\"lavander picture\" src=\"https:\/\/monatglobal.com\/wp-content\/uploads\/2025\/03\/lavander-aroma-min.png\">\n                    <img decoding=\"async\" alt=\"cloves picture\" src=\"https:\/\/monatglobal.com\/wp-content\/uploads\/2025\/03\/cloves-aroma-min.png\">\n                    <img decoding=\"async\" alt=\"jasmin picture\" src=\"https:\/\/monatglobal.com\/wp-content\/uploads\/2025\/03\/jasmin-aroma-min.png\">\n                    <img decoding=\"async\" alt=\"yellow-flower picture\" src=\"https:\/\/monatglobal.com\/wp-content\/uploads\/2025\/03\/yellow-flower-aroma-min.png\">\n                    <img decoding=\"async\" alt=\"vanilla picture\" src=\"https:\/\/monatglobal.com\/wp-content\/uploads\/2025\/03\/vanilla-aroma-min.png\">\n            <p>Aprovechamos las pr\u00e1cticas sostenibles con un impacto medioambiental m\u00ednimo, reciclando las materias primas para crear aromas de alto&nbsp;rendimiento.<\/p>\n            <img decoding=\"async\" src=\"https:\/\/monatglobal.com\/wp-content\/uploads\/2025\/03\/Blending-science-and-creativity-min.jpg\" alt=\" A purple flower petal resting on a smear of lavender-colored gel with a small droplet beside it.\">    \n            <p>Combinando ciencia y creatividad, ofrecemos una experiencia olfativa exclusiva, segura y respetuosa con el medio&nbsp;ambiente.<\/p> \n    <img decoding=\"async\" src=\"https:\/\/monatglobal.com\/wp-content\/uploads\/2025\/03\/aroma-flower-min.png\" alt=\"Close-up of a vibrant tulip.\">\n<\/section>\n<section id=\"sec5\">\n        <img decoding=\"async\" src=\"https:\/\/monatglobal.com\/wp-content\/uploads\/2025\/03\/safe-and-eco-conscious-min.jpg\" alt=\"Glass jars with liquids - Skincare formulations in small jars\">\n            <img decoding=\"async\" src=\"https:\/\/monatglobal.com\/wp-content\/uploads\/2025\/03\/Studio-One_Volume-Lift-Spray_Product_Lifestyle_1103-1-min.jpg\" alt=\"Studio-One Volume-Lift-Spray_Producte with watermelon\">\n                            <img decoding=\"async\" alt=\"Rambutan picture\" src=\"https:\/\/monatglobal.com\/wp-content\/uploads\/2025\/03\/Rambutan-min.png\">\n                            <img decoding=\"async\" alt=\"naturally derived ingredients picture\" src=\"https:\/\/monatglobal.com\/wp-content\/uploads\/2025\/03\/naturally-derived-ingredients-min.png\">\n                            <img decoding=\"async\" alt=\"shea butter picture\" src=\"https:\/\/monatglobal.com\/wp-content\/uploads\/2025\/03\/shea-butter-min.png\">\n                             <img decoding=\"async\" alt=\"Serum gel swatch picture\" src=\"https:\/\/monatglobal.com\/wp-content\/uploads\/2025\/03\/Serum-gel-swatch-picture-min.png\">\n                            <img decoding=\"async\" alt=\"coffee-beans picture\" src=\"https:\/\/monatglobal.com\/wp-content\/uploads\/2025\/03\/coffee-beans-min.png\">\n                            <img decoding=\"async\" alt=\"cutting-edge-technology e-picture\" src=\"https:\/\/monatglobal.com\/wp-content\/uploads\/2025\/03\/cutting-edge-technology-min.png\">\n                    <p>Nos comprometemos a seguir utilizando ingredientes de origen natural y tecnolog\u00eda punta para ofrecer una belleza segura, sostenible y orientada a resultados&nbsp;insuperables.<\/p>\n                <p>Esta es nuestra promesa: puros, eficaces y siempre a la&nbsp;vanguardia.<\/p>\n        <img decoding=\"async\" src=\"https:\/\/monatglobal.com\/wp-content\/uploads\/2025\/03\/science-and-creativity-min.jpg\" alt=\"A purple flower petal resting on a smear of lavender-colored gel with a small droplet beside it.\">\n                <h2>NUESTRO <br> COMPROMISO <br> CONTIGO <\/h2>\n                <p>En MONAT, hemos sido pioneros en biotecnolog\u00eda desde el principio, superando los l\u00edmites de la ciencia y la naturaleza para crear productos innovadores y de alto&nbsp;rendimiento.<\/p>\n        \n            <source media=\"(max-width: 700px)\" srcset=\"https:\/\/monatglobal.com\/wp-content\/uploads\/2025\/03\/our-commitment-model-mobile-min.jpg\" loading=\"lazy\">\n            <img decoding=\"async\" src=\"https:\/\/monatglobal.com\/wp-content\/uploads\/2025\/03\/our-commitment-min-1.jpg\" alt=\"Sleek-haired woman exuding beauty. \" loading=\"lazy\">\n        \n<\/section>\n","protected":false},"excerpt":{"rendered":"<p>Los pioneros de la belleza biotecnol\u00f3gica Belleza biotecnol\u00f3gica (sustantivo): categor\u00eda de productos cosm\u00e9ticos y para el cuidado de la piel que utilizan la biotecnolog\u00eda para desarrollar ingredientes cultivados en laboratorio o mediante bioingenier\u00eda, lo que mejora la eficacia, la sostenibilidad y el abastecimiento \u00e9tico, al tiempo que reduce la dependencia de recursos naturales o&nbsp;sint\u00e9ticos. Belleza&hellip;<\/p>\n","protected":false},"author":57,"featured_media":86550,"parent":0,"menu_order":0,"comment_status":"closed","ping_status":"closed","template":"","meta":{"inline_featured_image":false,"om_disable_all_campaigns":false,"_monsterinsights_skip_tracking":false,"_monsterinsights_sitenote_active":false,"_monsterinsights_sitenote_note":"","_monsterinsights_sitenote_category":0,"footnotes":""},"categories":[],"tags":[],"class_list":["post-86539","page","type-page","status-publish","has-post-thumbnail","hentry"],"aioseo_notices":[],"aioseo_head":"\n\t\t<!-- All in One SEO Pro 4.9.5.2 - aioseo.com -->\n\t<meta name=\"description\" content=\"Descubre los productos de belleza biotecnol\u00f3gicos de MONAT, que combinan ciencia innovadora e ingredientes naturales para ofrecer soluciones limpias y sostenibles para el cuidado de la piel y el cabello.\" \/>\n\t<meta name=\"robots\" content=\"max-image-preview:large\" \/>\n\t<link rel=\"canonical\" href=\"https:\/\/monatglobal.com\/es\/biotechbeauty\/\" \/>\n\t<meta name=\"generator\" content=\"All in One SEO Pro (AIOSEO) 4.9.5.2\" \/>\n\t\t<meta property=\"og:locale\" content=\"en_US\" \/>\n\t\t<meta property=\"og:site_name\" content=\"MONAT Espa\u00f1a - We Are Modern Nature\u00ae\" \/>\n\t\t<meta property=\"og:type\" content=\"article\" \/>\n\t\t<meta property=\"og:title\" content=\"MONAT Biotech Beauty: Productos innovadores para el cuidado de la piel y el cabello\" \/>\n\t\t<meta property=\"og:description\" content=\"Descubre los productos de belleza biotecnol\u00f3gicos de MONAT, que combinan ciencia innovadora e ingredientes naturales para ofrecer soluciones limpias y sostenibles para el cuidado de la piel y el cabello.\" \/>\n\t\t<meta property=\"og:url\" content=\"https:\/\/monatglobal.com\/es\/biotechbeauty\/\" \/>\n\t\t<meta property=\"article:published_time\" content=\"2025-03-20T18:02:26+00:00\" \/>\n\t\t<meta property=\"article:modified_time\" content=\"2025-03-21T14:40:50+00:00\" \/>\n\t\t<meta name=\"twitter:card\" content=\"summary_large_image\" \/>\n\t\t<meta name=\"twitter:title\" content=\"MONAT Biotech Beauty: Productos innovadores para el cuidado de la piel y el cabello\" \/>\n\t\t<meta name=\"twitter:description\" content=\"Descubre los productos de belleza biotecnol\u00f3gicos de MONAT, que combinan ciencia innovadora e ingredientes naturales para ofrecer soluciones limpias y sostenibles para el cuidado de la piel y el cabello.\" \/>\n\t\t<script type=\"application\/ld+json\" class=\"aioseo-schema\">\n\t\t\t{\"@context\":\"https:\\\/\\\/schema.org\",\"@graph\":[{\"@type\":\"BreadcrumbList\",\"@id\":\"https:\\\/\\\/monatglobal.com\\\/es\\\/biotechbeauty\\\/#breadcrumblist\",\"itemListElement\":[{\"@type\":\"ListItem\",\"@id\":\"https:\\\/\\\/monatglobal.com\\\/es#listItem\",\"position\":1,\"name\":\"Home\",\"item\":\"https:\\\/\\\/monatglobal.com\\\/es\",\"nextItem\":{\"@type\":\"ListItem\",\"@id\":\"https:\\\/\\\/monatglobal.com\\\/es\\\/biotechbeauty\\\/#listItem\",\"name\":\"MONAT Biotech Beauty: Productos innovadores para el cuidado de la piel y el cabello\"}},{\"@type\":\"ListItem\",\"@id\":\"https:\\\/\\\/monatglobal.com\\\/es\\\/biotechbeauty\\\/#listItem\",\"position\":2,\"name\":\"MONAT Biotech Beauty: Productos innovadores para el cuidado de la piel y el cabello\",\"previousItem\":{\"@type\":\"ListItem\",\"@id\":\"https:\\\/\\\/monatglobal.com\\\/es#listItem\",\"name\":\"Home\"}}]},{\"@type\":\"Organization\",\"@id\":\"https:\\\/\\\/monatglobal.com\\\/es\\\/#organization\",\"name\":\"MONAT Espa\\u00f1a\",\"description\":\"We Are Modern Nature\\u00ae\",\"url\":\"https:\\\/\\\/monatglobal.com\\\/es\\\/\"},{\"@type\":\"WebPage\",\"@id\":\"https:\\\/\\\/monatglobal.com\\\/es\\\/biotechbeauty\\\/#webpage\",\"url\":\"https:\\\/\\\/monatglobal.com\\\/es\\\/biotechbeauty\\\/\",\"name\":\"MONAT Biotech Beauty: Productos innovadores para el cuidado de la piel y el cabello\",\"description\":\"Descubre los productos de belleza biotecnol\\u00f3gicos de MONAT, que combinan ciencia innovadora e ingredientes naturales para ofrecer soluciones limpias y sostenibles para el cuidado de la piel y el cabello.\",\"inLanguage\":\"en-US\",\"isPartOf\":{\"@id\":\"https:\\\/\\\/monatglobal.com\\\/es\\\/#website\"},\"breadcrumb\":{\"@id\":\"https:\\\/\\\/monatglobal.com\\\/es\\\/biotechbeauty\\\/#breadcrumblist\"},\"image\":{\"@type\":\"ImageObject\",\"url\":\"https:\\\/\\\/monatglobal.com\\\/es\\\/wp-content\\\/uploads\\\/sites\\\/10\\\/2025\\\/03\\\/Belleza-biotecnologica-MONAT.jpg\",\"@id\":\"https:\\\/\\\/monatglobal.com\\\/es\\\/biotechbeauty\\\/#mainImage\",\"width\":1200,\"height\":628},\"primaryImageOfPage\":{\"@id\":\"https:\\\/\\\/monatglobal.com\\\/es\\\/biotechbeauty\\\/#mainImage\"},\"datePublished\":\"2025-03-20T18:02:26+00:00\",\"dateModified\":\"2025-03-21T14:40:50+00:00\"},{\"@type\":\"WebSite\",\"@id\":\"https:\\\/\\\/monatglobal.com\\\/es\\\/#website\",\"url\":\"https:\\\/\\\/monatglobal.com\\\/es\\\/\",\"name\":\"MONAT Espa\\u00f1a\",\"description\":\"We Are Modern Nature\\u00ae\",\"inLanguage\":\"en-US\",\"publisher\":{\"@id\":\"https:\\\/\\\/monatglobal.com\\\/es\\\/#organization\"}}]}\n\t\t<\/script>\n\t\t<!-- All in One SEO Pro -->\r\n\t\t<title>MONAT Biotech Beauty: Productos innovadores para el cuidado de la piel y el cabello<\/title>\n\n","aioseo_head_json":{"title":"MONAT Biotech Beauty: Productos innovadores para el cuidado de la piel y el cabello","description":"Descubre los productos de belleza biotecnol\u00f3gicos de MONAT, que combinan ciencia innovadora e ingredientes naturales para ofrecer soluciones limpias y sostenibles para el cuidado de la piel y el cabello.","canonical_url":"https:\/\/monatglobal.com\/es\/biotechbeauty\/","robots":"max-image-preview:large","keywords":"","webmasterTools":{"miscellaneous":""},"schema":{"@context":"https:\/\/schema.org","@graph":[{"@type":"BreadcrumbList","@id":"https:\/\/monatglobal.com\/es\/biotechbeauty\/#breadcrumblist","itemListElement":[{"@type":"ListItem","@id":"https:\/\/monatglobal.com\/es#listItem","position":1,"name":"Home","item":"https:\/\/monatglobal.com\/es","nextItem":{"@type":"ListItem","@id":"https:\/\/monatglobal.com\/es\/biotechbeauty\/#listItem","name":"MONAT Biotech Beauty: Productos innovadores para el cuidado de la piel y el cabello"}},{"@type":"ListItem","@id":"https:\/\/monatglobal.com\/es\/biotechbeauty\/#listItem","position":2,"name":"MONAT Biotech Beauty: Productos innovadores para el cuidado de la piel y el cabello","previousItem":{"@type":"ListItem","@id":"https:\/\/monatglobal.com\/es#listItem","name":"Home"}}]},{"@type":"Organization","@id":"https:\/\/monatglobal.com\/es\/#organization","name":"MONAT Espa\u00f1a","description":"We Are Modern Nature\u00ae","url":"https:\/\/monatglobal.com\/es\/"},{"@type":"WebPage","@id":"https:\/\/monatglobal.com\/es\/biotechbeauty\/#webpage","url":"https:\/\/monatglobal.com\/es\/biotechbeauty\/","name":"MONAT Biotech Beauty: Productos innovadores para el cuidado de la piel y el cabello","description":"Descubre los productos de belleza biotecnol\u00f3gicos de MONAT, que combinan ciencia innovadora e ingredientes naturales para ofrecer soluciones limpias y sostenibles para el cuidado de la piel y el cabello.","inLanguage":"en-US","isPartOf":{"@id":"https:\/\/monatglobal.com\/es\/#website"},"breadcrumb":{"@id":"https:\/\/monatglobal.com\/es\/biotechbeauty\/#breadcrumblist"},"image":{"@type":"ImageObject","url":"https:\/\/monatglobal.com\/es\/wp-content\/uploads\/sites\/10\/2025\/03\/Belleza-biotecnologica-MONAT.jpg","@id":"https:\/\/monatglobal.com\/es\/biotechbeauty\/#mainImage","width":1200,"height":628},"primaryImageOfPage":{"@id":"https:\/\/monatglobal.com\/es\/biotechbeauty\/#mainImage"},"datePublished":"2025-03-20T18:02:26+00:00","dateModified":"2025-03-21T14:40:50+00:00"},{"@type":"WebSite","@id":"https:\/\/monatglobal.com\/es\/#website","url":"https:\/\/monatglobal.com\/es\/","name":"MONAT Espa\u00f1a","description":"We Are Modern Nature\u00ae","inLanguage":"en-US","publisher":{"@id":"https:\/\/monatglobal.com\/es\/#organization"}}]},"og:locale":"en_US","og:site_name":"MONAT Espa\u00f1a - We Are Modern Nature\u00ae","og:type":"article","og:title":"MONAT Biotech Beauty: Productos innovadores para el cuidado de la piel y el cabello","og:description":"Descubre los productos de belleza biotecnol\u00f3gicos de MONAT, que combinan ciencia innovadora e ingredientes naturales para ofrecer soluciones limpias y sostenibles para el cuidado de la piel y el cabello.","og:url":"https:\/\/monatglobal.com\/es\/biotechbeauty\/","article:published_time":"2025-03-20T18:02:26+00:00","article:modified_time":"2025-03-21T14:40:50+00:00","twitter:card":"summary_large_image","twitter:title":"MONAT Biotech Beauty: Productos innovadores para el cuidado de la piel y el cabello","twitter:description":"Descubre los productos de belleza biotecnol\u00f3gicos de MONAT, que combinan ciencia innovadora e ingredientes naturales para ofrecer soluciones limpias y sostenibles para el cuidado de la piel y el cabello."},"aioseo_meta_data":{"post_id":"86539","title":"MONAT Biotech Beauty: Productos innovadores para el cuidado de la piel y el cabello","description":"Descubre los productos de belleza biotecnol\u00f3gicos de MONAT, que combinan ciencia innovadora e ingredientes naturales para ofrecer soluciones limpias y sostenibles para el cuidado de la piel y el cabello.","keywords":null,"keyphrases":{"focus":{"keyphrase":"","score":0,"analysis":{"keyphraseInTitle":{"score":0,"maxScore":9,"error":1}}},"additional":[]},"primary_term":null,"canonical_url":null,"og_title":null,"og_description":null,"og_object_type":"default","og_image_type":"default","og_image_url":null,"og_image_width":null,"og_image_height":null,"og_image_custom_url":null,"og_image_custom_fields":null,"og_video":"","og_custom_url":null,"og_article_section":null,"og_article_tags":null,"twitter_use_og":false,"twitter_card":"default","twitter_image_type":"default","twitter_image_url":null,"twitter_image_custom_url":null,"twitter_image_custom_fields":null,"twitter_title":null,"twitter_description":null,"schema":{"blockGraphs":[],"customGraphs":[],"default":{"data":{"Article":[],"Course":[],"Dataset":[],"FAQPage":[],"Movie":[],"Person":[],"Product":[],"ProductReview":[],"Car":[],"Recipe":[],"Service":[],"SoftwareApplication":[],"WebPage":[]},"graphName":"WebPage","isEnabled":true},"graphs":[]},"schema_type":"default","schema_type_options":null,"pillar_content":false,"robots_default":true,"robots_noindex":false,"robots_noarchive":false,"robots_nosnippet":false,"robots_nofollow":false,"robots_noimageindex":false,"robots_noodp":false,"robots_notranslate":false,"robots_max_snippet":"-1","robots_max_videopreview":"-1","robots_max_imagepreview":"large","priority":null,"frequency":"default","local_seo":null,"seo_analyzer_scan_date":"2025-08-14 18:56:57","limit_modified_date":false,"reviewed_by":null,"open_ai":null,"ai":null,"created":"2025-03-20 18:02:29","updated":"2026-02-10 05:50:45"},"aioseo_breadcrumb":"<div class=\"aioseo-breadcrumbs\"><span class=\"aioseo-breadcrumb\">\n\t<a href=\"https:\/\/monatglobal.com\/es\" title=\"Home\">Home<\/a>\n<\/span><span class=\"aioseo-breadcrumb-separator\">&raquo;<\/span><span class=\"aioseo-breadcrumb\">\n\tMONAT Biotech Beauty: Productos innovadores para el cuidado de la piel y el cabello\n<\/span><\/div>","aioseo_breadcrumb_json":[{"label":"Home","link":"https:\/\/monatglobal.com\/es"},{"label":"MONAT Biotech Beauty: Productos innovadores para el cuidado de la piel y el cabello","link":"https:\/\/monatglobal.com\/es\/biotechbeauty\/"}],"_links":{"self":[{"href":"https:\/\/monatglobal.com\/es\/wp-json\/wp\/v2\/pages\/86539","targetHints":{"allow":["GET"]}}],"collection":[{"href":"https:\/\/monatglobal.com\/es\/wp-json\/wp\/v2\/pages"}],"about":[{"href":"https:\/\/monatglobal.com\/es\/wp-json\/wp\/v2\/types\/page"}],"author":[{"embeddable":true,"href":"https:\/\/monatglobal.com\/es\/wp-json\/wp\/v2\/users\/57"}],"replies":[{"embeddable":true,"href":"https:\/\/monatglobal.com\/es\/wp-json\/wp\/v2\/comments?post=86539"}],"version-history":[{"count":5,"href":"https:\/\/monatglobal.com\/es\/wp-json\/wp\/v2\/pages\/86539\/revisions"}],"predecessor-version":[{"id":86551,"href":"https:\/\/monatglobal.com\/es\/wp-json\/wp\/v2\/pages\/86539\/revisions\/86551"}],"wp:featuredmedia":[{"embeddable":true,"href":"https:\/\/monatglobal.com\/es\/wp-json\/wp\/v2\/media\/86550"}],"wp:attachment":[{"href":"https:\/\/monatglobal.com\/es\/wp-json\/wp\/v2\/media?parent=86539"}],"wp:term":[{"taxonomy":"category","embeddable":true,"href":"https:\/\/monatglobal.com\/es\/wp-json\/wp\/v2\/categories?post=86539"},{"taxonomy":"post_tag","embeddable":true,"href":"https:\/\/monatglobal.com\/es\/wp-json\/wp\/v2\/tags?post=86539"}],"curies":[{"name":"wp","href":"https:\/\/api.w.org\/{rel}","templated":true}]}}