{"id":85767,"date":"2024-11-18T15:37:09","date_gmt":"2024-11-18T15:37:09","guid":{"rendered":"https:\/\/monatglobal.com\/es\/?page_id=85767"},"modified":"2026-02-24T19:56:51","modified_gmt":"2026-02-24T19:56:51","slug":"makeup-lip-liner","status":"publish","type":"page","link":"https:\/\/monatglobal.com\/es\/makeup-lip-liner\/","title":{"rendered":"MONAT Lip Liner\u2122 | Define, realza y prolonga el color del labial"},"content":{"rendered":"\n\n\t<!--url: monatglobal.com\/makeup-lip-liner-->\n<!--title: MONAT Lip Liner\u2122 | Define, realza y prolonga el color del labial-->\n<!--Meta: Este delineador cremoso y duradero se difumina suavemente, no se mueve , realza la forma de los labios y permanece inalterable gracias a su f\u00f3rmula hidratante y resistente al agua.-->\n<link rel=\"stylesheet\" href=\"https:\/\/monatglobal.com\/wp-content\/creative_css\/product_styles_sheet.css\"\/>\n    <!--==================================================== ECOMM SECTION ====================================================-->\n        <!--==================================================== Ecomm image ====================================================-->\n                    <img decoding=\"async\" alt=\"\" src=\"\" loading=\"lazy\"\/>\n                    <img decoding=\"async\" alt=\"\" src=\"\" loading=\"lazy\"\/>\n                    <!---->\n                        <img decoding=\"async\" alt=\"\" src=\"\" data-lbxp=\"\" loading=\"lazy\"\/>\n                        <img decoding=\"async\" alt=\"\" src=\"\" loading=\"lazy\"\/>\n                        <!---->\n        <!--==================================================== Ecomm information  ====================================================-->\n            <p>MONAT<\/p>\n            <h1>Lip Liner<sup>\u2122<\/sup><\/h1>\n            <p>Define, da forma y rellena los labios para que luzcan m\u00e1s voluminosos.<\/p>\n            <p>    PESO NETO. 1.4 g \/ 0.05 oz.<\/p>\n            \n                <label><input type=\"radio\" name=\"toneLiner\"\/><\/label>\n                <label><input type=\"radio\" name=\"toneLiner\"\/><\/label>\n                <label><input type=\"radio\" name=\"toneLiner\"\/><\/label>\n           <!--==================================================== pricing box  ====================================================-->\n               <p>Precio cliente<br \/>00.00 \u20ac<\/p>\n               <p>Precio cliente VIP<br \/>00.00 \u20ac<\/p>\n           <!--==================================================== pricing box  ====================================================-->     \n            <p>Para conocer m\u00e1s sobre el MONAT Lip Liner\u2122, ponte en contacto con tu Market Partner de&nbsp;MONAT. <\/p>\n          <a href=\"\" target=\"_blank\" role=\"button\" aria-label=\"\"><\/a>\n    <!--==================================================== \/ECOMM SECTION  ====================================================-->\n    <!--==================================================== Benefits image ====================================================-->\n    \n        <source id=\"benefitsMobImg\" media=\"(max-width: 700px)\" srcset=\"\"\/>\n        <img decoding=\"async\" id=\"benefitsImg\" src=\"\" alt=\"\" loading=\"lazy\"\/>\n    \n    <!--==================================================== Benefits text ====================================================-->\n            <h2>BENEFICIOS<\/h2>\n            <h3>Este delineador de labios ultra cremoso y de gran precisi\u00f3n define y realza perfectamente la forma de los labios sin correrse ni decolorarse. <\/h3>\n            <p>Disponible en tres tonos vers\u00e1tiles que combinan a la perfecci\u00f3n con nuestros tonos m\u00e1s vendidos de MONAT Liquid Lipstick\u2122 y MONAT Lip-Plumping Gloss\u2122.<\/p>\n            <!--==================================================== features image slide  ====================================================-->\n                    <img decoding=\"async\" src=\"\" alt=\"\" loading=\"lazy\"\/>\n                    <img decoding=\"async\" src=\"\" alt=\"\" loading=\"lazy\"\/>\n        <!--==================================================== features text ====================================================-->\n                <h3>Caracter\u00edsticas<\/h3>\n                    <p>\/ Crea un trazo suave y uniforme para lograr labios voluminosos<\/p>\n                    <p>\/ Se difumina suavemente para hidratar y definir los labios<\/p>\n                    <p>\/ F\u00f3rmula que no mancha, no se corre ni decolora<\/p>\n                    <p>\/ El aplicador de precisi\u00f3n proporciona un color intenso a los labios<\/p>\n                    <br \/>\n                <p>Fragancia \/ Sin fragancia  <\/p>\n                <p>Textura \/ Cremosa<\/p>\n                <!--<p>*Based on a 14-day consumer study with 35 participants, performed by a third-party laboratory.<\/p> -->\n    <!--==================================================== composition image mobile ====================================================-->\n    <img decoding=\"async\" src=\"\" alt=\"\" loading=\"lazy\"\/>\n    <!--==================================================== Why it works text ====================================================-->\n        <h3>El arte de unos labios perfectos.<\/h3>\n        <p>Gracias a la mezcla de ceras, la f\u00f3rmula cremosa e hidratante se aplica suavemente, realzando el contorno natural de los labios. Los formadores de pel\u00edcula prolongan la duraci\u00f3n y ofrecen resistencia al agua, adem\u00e1s de propiedades a prueba de transferencia.<\/p>\n<!--==================================================== Composition section ====================================================-->\n        <img decoding=\"async\" src=\"\" alt=\"\" loading=\"lazy\"\/>\n        <img decoding=\"async\" id=\"compImg_2\" src=\"\" alt=\"\" loading=\"lazy\"\/>\n                <!--==================================================== Directions text ====================================================--> \n                    <h3>Modo de empleo<\/h3><br \/>\n                        <p>\/ Usa el aplicador de precisi\u00f3n para definir y rellenar los labios como desees. <\/p>\n                        <p>\/  Para un estilo m\u00e1s intenso, rellena todo el labio y aplica <a href=\"https:\/\/monatglobal.com\/lip-plumb-gloss\/\">MONAT Lip-Plumping Gloss\u2122<\/a> y\/o <a href=\"https:\/\/monatglobal.com\/makeup-liquid-lipstick\/\">MONAT Liquid Lipstick\u2122.<\/a><\/p>\n                <!--==================================================== Directions video ====================================================-->\n<p>MONAT Lip Liner\u2122 <br \/>7:21<\/p>\n      <a href=\"\" target=\"_blank\"  role=\"button\" aria-label=\"\"><\/a>\n    <!--==================================================== Ingredients section  ====================================================-->\n        <h2>INGREDIENTES PRINCIPALES<\/h2>\n                    <img decoding=\"async\" alt=\"rejuveniqe icon\" src=\"https:\/\/monatglobal.com\/wp-content\/uploads\/2024\/11\/wax-blend-icons.svg\"\/> \n                    <p>Mezcla de ceras<\/p>\n                    <img decoding=\"async\" alt=\"Vitamin E icon\" src=\"https:\/\/monatglobal.com\/wp-content\/uploads\/2024\/11\/Film-Formers-icons.svg\"\/> \n                    <p>Formadores de pel\u00edcula<\/p>\n        <button id=\"myBtn\" type=\"button\">LISTA DE INGREDIENTES<\/button>\n        <!--==================================================== Modal content  ====================================================-->\n            \u00d7\n            <p>Synthetic Beeswax, Methyl Trimethicone, Trimethylsiloxysilicate, Dimethicone, Synthetic Wax, Caprylyl Methicone, Caprylic\/Capric\/Succinic Triglyceride, Bisdiglyceryl Polyacyladipate-2, Vp\/Hexadecene Copolymer, Polyhydroxystearic Acid, Caprylic\/Capric Triglyceride, Tocopherol, Isostearic Acid, Helianthus Annuus (Sunflower) Seed Oil, Polyglyceryl-3 Polyricinoleate, Lecithin, May Contain (+\/-), Titanium Dioxide\/CI 77891, Manganese Violet\/CI 77742, Red 40 Lake\/CI 16035, Iron Oxides (CI 77491, CI 77492, CI 77499), Red 7\/CI 15850, Red 6 Lake\/CI 15850.<\/p>\n    <!--==================================================== You might also like section ====================================================-->\n        <h2>PUEDE QUE TAMBI\u00c9N TE GUSTE<\/h2>\n        <!--==================================================== Slider YOU MIGHT ALSO LIKE ====================================================-->\n        <!---->\n        <!--    -->\n                <!-- Slides products-->\n        <!--        -->\n        <!--            <a href=\"https:\/\/monatglobal.com\/es\/lip-plumb-gloss\/\" aria-label=\"Go to MONAT Lip-Plumping Gloss\u2122 page\">-->\n        <!--                <img decoding=\"async\" src=\"https:\/\/monatglobal.com\/wp-content\/uploads\/2024\/08\/LIP-PLUMPING-GLOSS-EFFORTLESS-ECOMM_2024-min-1.png\" alt=\"MONAT Lip-Plumping Gloss\u2122\" loading=\"lazy\"\/>-->\n        <!--                <p>MONAT Lip-Plumping Gloss\u2122<\/p>-->\n        <!--            <\/a>-->\n        <!--        -->\n        <!--        -->\n        <!--            <a href=\"https:\/\/monatglobal.com\/es\/makeup-liquid-lipstick\/\" aria-label=\"Go to MONAT Liquid Lipstick\u2122 page\">-->\n        <!--                <img decoding=\"async\" src=\"https:\/\/monatglobal.com\/wp-content\/uploads\/2023\/08\/liquid_lipstick_goddess-ecomm-1.png\" alt=\"MONAT Liquid Lipstick\u2122\" loading=\"lazy\"\/>-->\n        <!--                <p>MONAT Liquid Lipstick\u2122<\/p>-->\n        <!--            <\/a>-->\n        <!--        -->\n        <!--        -->\n        <!--            <a href=\"https:\/\/monatglobal.com\/es\/liquid-highlighter\/\" aria-label=\"Go to MONAT Liquid Highlighter\u2122  page\">-->\n        <!--                <img decoding=\"async\" src=\"https:\/\/monatglobal.com\/wp-content\/uploads\/2024\/08\/LIQUID-HIGHLIGHTERS-CHAMPAGNE-ECOMM_2024-1.png\" alt=\"MONAT Liquid Highlighter\u2122 \" loading=\"lazy\"\/>-->\n        <!--                <p>MONAT Liquid Highlighter\u2122 <\/p>-->\n        <!--            <\/a>-->\n        <!--        -->\n        <!--    -->\n            <!-- If we need navigation buttons -->\n        <!--    -->\n        <!--    -->\n            <!-- If we need paginations -->\n        <!--    -->\n        <!----> \n         <!--==================================================== If we need navigation buttons  ====================================================-->\n         <!--==================================================== If we need paginations  ====================================================-->\n    <a href=\"\" aria-label=\"\"><\/a>\n<!--==================================================== this link has to go last for it to work   ====================================================-->\n\n","protected":false},"excerpt":{"rendered":"<p>MONAT Lip Liner\u2122 Define, da forma y rellena los labios para que luzcan m\u00e1s voluminosos. PESO NETO. 1.4 g \/ 0.05 oz. Precio cliente00.00 \u20ac Precio cliente VIP00.00 \u20ac Para conocer m\u00e1s sobre el MONAT Lip Liner\u2122, ponte en contacto con tu Market Partner de&nbsp;MONAT. BENEFICIOS Este delineador de labios ultra cremoso y de gran&hellip;<\/p>\n","protected":false},"author":57,"featured_media":85766,"parent":0,"menu_order":0,"comment_status":"closed","ping_status":"closed","template":"","meta":{"inline_featured_image":false,"om_disable_all_campaigns":false,"_monsterinsights_skip_tracking":false,"_monsterinsights_sitenote_active":false,"_monsterinsights_sitenote_note":"","_monsterinsights_sitenote_category":0,"footnotes":""},"categories":[31],"tags":[],"class_list":["post-85767","page","type-page","status-publish","has-post-thumbnail","hentry","category-product-es"],"aioseo_notices":[],"aioseo_head":"\n\t\t<!-- All in One SEO Pro 4.9.5.2 - aioseo.com -->\n\t<meta name=\"description\" content=\"Este delineador cremoso y duradero se difumina suavemente, no se mueve , realza la forma de los labios y permanece inalterable gracias a su f\u00f3rmula hidratante y resistente al agua.\" \/>\n\t<meta name=\"robots\" content=\"max-image-preview:large\" \/>\n\t<link rel=\"canonical\" href=\"https:\/\/monatglobal.com\/es\/makeup-lip-liner\/\" \/>\n\t<meta name=\"generator\" content=\"All in One SEO Pro (AIOSEO) 4.9.5.2\" \/>\n\t\t<meta property=\"og:locale\" content=\"en_US\" \/>\n\t\t<meta property=\"og:site_name\" content=\"MONAT Espa\u00f1a - We Are Modern Nature\u00ae\" \/>\n\t\t<meta property=\"og:type\" content=\"article\" \/>\n\t\t<meta property=\"og:title\" content=\"MONAT Lip Liner\u2122 | Define, realza y prolonga el color del labial\" \/>\n\t\t<meta property=\"og:description\" content=\"Este delineador cremoso y duradero se difumina suavemente, no se mueve , realza la forma de los labios y permanece inalterable gracias a su f\u00f3rmula hidratante y resistente al agua.\" \/>\n\t\t<meta property=\"og:url\" content=\"https:\/\/monatglobal.com\/es\/makeup-lip-liner\/\" \/>\n\t\t<meta property=\"article:published_time\" content=\"2024-11-18T15:37:09+00:00\" \/>\n\t\t<meta property=\"article:modified_time\" content=\"2026-02-24T19:56:51+00:00\" \/>\n\t\t<meta name=\"twitter:card\" content=\"summary_large_image\" \/>\n\t\t<meta name=\"twitter:title\" content=\"MONAT Lip Liner\u2122 | Define, realza y prolonga el color del labial\" \/>\n\t\t<meta name=\"twitter:description\" content=\"Este delineador cremoso y duradero se difumina suavemente, no se mueve , realza la forma de los labios y permanece inalterable gracias a su f\u00f3rmula hidratante y resistente al agua.\" \/>\n\t\t<script type=\"application\/ld+json\" class=\"aioseo-schema\">\n\t\t\t{\"@context\":\"https:\\\/\\\/schema.org\",\"@graph\":[{\"@type\":\"BreadcrumbList\",\"@id\":\"https:\\\/\\\/monatglobal.com\\\/es\\\/makeup-lip-liner\\\/#breadcrumblist\",\"itemListElement\":[{\"@type\":\"ListItem\",\"@id\":\"https:\\\/\\\/monatglobal.com\\\/es#listItem\",\"position\":1,\"name\":\"Home\",\"item\":\"https:\\\/\\\/monatglobal.com\\\/es\",\"nextItem\":{\"@type\":\"ListItem\",\"@id\":\"https:\\\/\\\/monatglobal.com\\\/es\\\/makeup-lip-liner\\\/#listItem\",\"name\":\"MONAT Lip Liner\\u2122 | Define, realza y prolonga el color del labial\"}},{\"@type\":\"ListItem\",\"@id\":\"https:\\\/\\\/monatglobal.com\\\/es\\\/makeup-lip-liner\\\/#listItem\",\"position\":2,\"name\":\"MONAT Lip Liner\\u2122 | Define, realza y prolonga el color del labial\",\"previousItem\":{\"@type\":\"ListItem\",\"@id\":\"https:\\\/\\\/monatglobal.com\\\/es#listItem\",\"name\":\"Home\"}}]},{\"@type\":\"Organization\",\"@id\":\"https:\\\/\\\/monatglobal.com\\\/es\\\/#organization\",\"name\":\"MONAT Espa\\u00f1a\",\"description\":\"We Are Modern Nature\\u00ae\",\"url\":\"https:\\\/\\\/monatglobal.com\\\/es\\\/\"},{\"@type\":\"WebPage\",\"@id\":\"https:\\\/\\\/monatglobal.com\\\/es\\\/makeup-lip-liner\\\/#webpage\",\"url\":\"https:\\\/\\\/monatglobal.com\\\/es\\\/makeup-lip-liner\\\/\",\"name\":\"MONAT Lip Liner\\u2122 | Define, realza y prolonga el color del labial\",\"description\":\"Este delineador cremoso y duradero se difumina suavemente, no se mueve , realza la forma de los labios y permanece inalterable gracias a su f\\u00f3rmula hidratante y resistente al agua.\",\"inLanguage\":\"en-US\",\"isPartOf\":{\"@id\":\"https:\\\/\\\/monatglobal.com\\\/es\\\/#website\"},\"breadcrumb\":{\"@id\":\"https:\\\/\\\/monatglobal.com\\\/es\\\/makeup-lip-liner\\\/#breadcrumblist\"},\"image\":{\"@type\":\"ImageObject\",\"url\":\"https:\\\/\\\/monatglobal.com\\\/es\\\/wp-content\\\/uploads\\\/sites\\\/10\\\/2024\\\/11\\\/Lip-liner_ecomm_2024.png\",\"@id\":\"https:\\\/\\\/monatglobal.com\\\/es\\\/makeup-lip-liner\\\/#mainImage\",\"width\":641,\"height\":800},\"primaryImageOfPage\":{\"@id\":\"https:\\\/\\\/monatglobal.com\\\/es\\\/makeup-lip-liner\\\/#mainImage\"},\"datePublished\":\"2024-11-18T15:37:09+00:00\",\"dateModified\":\"2026-02-24T19:56:51+00:00\"},{\"@type\":\"WebSite\",\"@id\":\"https:\\\/\\\/monatglobal.com\\\/es\\\/#website\",\"url\":\"https:\\\/\\\/monatglobal.com\\\/es\\\/\",\"name\":\"MONAT Espa\\u00f1a\",\"description\":\"We Are Modern Nature\\u00ae\",\"inLanguage\":\"en-US\",\"publisher\":{\"@id\":\"https:\\\/\\\/monatglobal.com\\\/es\\\/#organization\"}}]}\n\t\t<\/script>\n\t\t<!-- All in One SEO Pro -->\r\n\t\t<title>MONAT Lip Liner\u2122 | Define, realza y prolonga el color del labial<\/title>\n\n","aioseo_head_json":{"title":"MONAT Lip Liner\u2122 | Define, realza y prolonga el color del labial","description":"Este delineador cremoso y duradero se difumina suavemente, no se mueve , realza la forma de los labios y permanece inalterable gracias a su f\u00f3rmula hidratante y resistente al agua.","canonical_url":"https:\/\/monatglobal.com\/es\/makeup-lip-liner\/","robots":"max-image-preview:large","keywords":"","webmasterTools":{"miscellaneous":""},"schema":{"@context":"https:\/\/schema.org","@graph":[{"@type":"BreadcrumbList","@id":"https:\/\/monatglobal.com\/es\/makeup-lip-liner\/#breadcrumblist","itemListElement":[{"@type":"ListItem","@id":"https:\/\/monatglobal.com\/es#listItem","position":1,"name":"Home","item":"https:\/\/monatglobal.com\/es","nextItem":{"@type":"ListItem","@id":"https:\/\/monatglobal.com\/es\/makeup-lip-liner\/#listItem","name":"MONAT Lip Liner\u2122 | Define, realza y prolonga el color del labial"}},{"@type":"ListItem","@id":"https:\/\/monatglobal.com\/es\/makeup-lip-liner\/#listItem","position":2,"name":"MONAT Lip Liner\u2122 | Define, realza y prolonga el color del labial","previousItem":{"@type":"ListItem","@id":"https:\/\/monatglobal.com\/es#listItem","name":"Home"}}]},{"@type":"Organization","@id":"https:\/\/monatglobal.com\/es\/#organization","name":"MONAT Espa\u00f1a","description":"We Are Modern Nature\u00ae","url":"https:\/\/monatglobal.com\/es\/"},{"@type":"WebPage","@id":"https:\/\/monatglobal.com\/es\/makeup-lip-liner\/#webpage","url":"https:\/\/monatglobal.com\/es\/makeup-lip-liner\/","name":"MONAT Lip Liner\u2122 | Define, realza y prolonga el color del labial","description":"Este delineador cremoso y duradero se difumina suavemente, no se mueve , realza la forma de los labios y permanece inalterable gracias a su f\u00f3rmula hidratante y resistente al agua.","inLanguage":"en-US","isPartOf":{"@id":"https:\/\/monatglobal.com\/es\/#website"},"breadcrumb":{"@id":"https:\/\/monatglobal.com\/es\/makeup-lip-liner\/#breadcrumblist"},"image":{"@type":"ImageObject","url":"https:\/\/monatglobal.com\/es\/wp-content\/uploads\/sites\/10\/2024\/11\/Lip-liner_ecomm_2024.png","@id":"https:\/\/monatglobal.com\/es\/makeup-lip-liner\/#mainImage","width":641,"height":800},"primaryImageOfPage":{"@id":"https:\/\/monatglobal.com\/es\/makeup-lip-liner\/#mainImage"},"datePublished":"2024-11-18T15:37:09+00:00","dateModified":"2026-02-24T19:56:51+00:00"},{"@type":"WebSite","@id":"https:\/\/monatglobal.com\/es\/#website","url":"https:\/\/monatglobal.com\/es\/","name":"MONAT Espa\u00f1a","description":"We Are Modern Nature\u00ae","inLanguage":"en-US","publisher":{"@id":"https:\/\/monatglobal.com\/es\/#organization"}}]},"og:locale":"en_US","og:site_name":"MONAT Espa\u00f1a - We Are Modern Nature\u00ae","og:type":"article","og:title":"MONAT Lip Liner\u2122 | Define, realza y prolonga el color del labial","og:description":"Este delineador cremoso y duradero se difumina suavemente, no se mueve , realza la forma de los labios y permanece inalterable gracias a su f\u00f3rmula hidratante y resistente al agua.","og:url":"https:\/\/monatglobal.com\/es\/makeup-lip-liner\/","article:published_time":"2024-11-18T15:37:09+00:00","article:modified_time":"2026-02-24T19:56:51+00:00","twitter:card":"summary_large_image","twitter:title":"MONAT Lip Liner\u2122 | Define, realza y prolonga el color del labial","twitter:description":"Este delineador cremoso y duradero se difumina suavemente, no se mueve , realza la forma de los labios y permanece inalterable gracias a su f\u00f3rmula hidratante y resistente al agua."},"aioseo_meta_data":{"post_id":"85767","title":"MONAT Lip Liner\u2122 | Define, realza y prolonga el color del labial","description":"Este delineador cremoso y duradero se difumina suavemente, no se mueve , realza la forma de los labios y permanece inalterable gracias a su f\u00f3rmula hidratante y resistente al agua.","keywords":null,"keyphrases":{"focus":{"keyphrase":"","score":0,"analysis":{"keyphraseInTitle":{"score":0,"maxScore":9,"error":1}}},"additional":[]},"primary_term":null,"canonical_url":null,"og_title":null,"og_description":null,"og_object_type":"default","og_image_type":"default","og_image_url":null,"og_image_width":null,"og_image_height":null,"og_image_custom_url":null,"og_image_custom_fields":null,"og_video":"","og_custom_url":null,"og_article_section":null,"og_article_tags":null,"twitter_use_og":false,"twitter_card":"default","twitter_image_type":"default","twitter_image_url":null,"twitter_image_custom_url":null,"twitter_image_custom_fields":null,"twitter_title":null,"twitter_description":null,"schema":{"blockGraphs":[],"customGraphs":[],"default":{"data":{"Article":[],"Course":[],"Dataset":[],"FAQPage":[],"Movie":[],"Person":[],"Product":[],"ProductReview":[],"Car":[],"Recipe":[],"Service":[],"SoftwareApplication":[],"WebPage":[]},"graphName":"WebPage","isEnabled":true},"graphs":[]},"schema_type":"default","schema_type_options":null,"pillar_content":false,"robots_default":true,"robots_noindex":false,"robots_noarchive":false,"robots_nosnippet":false,"robots_nofollow":false,"robots_noimageindex":false,"robots_noodp":false,"robots_notranslate":false,"robots_max_snippet":"-1","robots_max_videopreview":"-1","robots_max_imagepreview":"large","priority":null,"frequency":"default","local_seo":null,"seo_analyzer_scan_date":"2026-02-24 20:16:34","limit_modified_date":false,"reviewed_by":null,"open_ai":"{\"title\":{\"suggestions\":[],\"usage\":0},\"description\":{\"suggestions\":[],\"usage\":0}}","ai":null,"created":"2024-11-18 15:27:32","updated":"2026-02-24 20:26:00"},"aioseo_breadcrumb":"<div class=\"aioseo-breadcrumbs\"><span class=\"aioseo-breadcrumb\">\n\t<a href=\"https:\/\/monatglobal.com\/es\" title=\"Home\">Home<\/a>\n<\/span><span class=\"aioseo-breadcrumb-separator\">&raquo;<\/span><span class=\"aioseo-breadcrumb\">\n\tMONAT Lip Liner\u2122 | Define, realza y prolonga el color del labial\n<\/span><\/div>","aioseo_breadcrumb_json":[{"label":"Home","link":"https:\/\/monatglobal.com\/es"},{"label":"MONAT Lip Liner\u2122 | Define, realza y prolonga el color del labial","link":"https:\/\/monatglobal.com\/es\/makeup-lip-liner\/"}],"_links":{"self":[{"href":"https:\/\/monatglobal.com\/es\/wp-json\/wp\/v2\/pages\/85767","targetHints":{"allow":["GET"]}}],"collection":[{"href":"https:\/\/monatglobal.com\/es\/wp-json\/wp\/v2\/pages"}],"about":[{"href":"https:\/\/monatglobal.com\/es\/wp-json\/wp\/v2\/types\/page"}],"author":[{"embeddable":true,"href":"https:\/\/monatglobal.com\/es\/wp-json\/wp\/v2\/users\/57"}],"replies":[{"embeddable":true,"href":"https:\/\/monatglobal.com\/es\/wp-json\/wp\/v2\/comments?post=85767"}],"version-history":[{"count":31,"href":"https:\/\/monatglobal.com\/es\/wp-json\/wp\/v2\/pages\/85767\/revisions"}],"predecessor-version":[{"id":109268,"href":"https:\/\/monatglobal.com\/es\/wp-json\/wp\/v2\/pages\/85767\/revisions\/109268"}],"wp:featuredmedia":[{"embeddable":true,"href":"https:\/\/monatglobal.com\/es\/wp-json\/wp\/v2\/media\/85766"}],"wp:attachment":[{"href":"https:\/\/monatglobal.com\/es\/wp-json\/wp\/v2\/media?parent=85767"}],"wp:term":[{"taxonomy":"category","embeddable":true,"href":"https:\/\/monatglobal.com\/es\/wp-json\/wp\/v2\/categories?post=85767"},{"taxonomy":"post_tag","embeddable":true,"href":"https:\/\/monatglobal.com\/es\/wp-json\/wp\/v2\/tags?post=85767"}],"curies":[{"name":"wp","href":"https:\/\/api.w.org\/{rel}","templated":true}]}}