{"id":85686,"date":"2024-10-30T19:10:08","date_gmt":"2024-10-30T19:10:08","guid":{"rendered":"https:\/\/monatglobal.com\/es\/?page_id=85686"},"modified":"2026-01-28T17:50:55","modified_gmt":"2026-01-28T17:50:55","slug":"leadership-circle","status":"publish","type":"page","link":"https:\/\/monatglobal.com\/es\/leadership-circle\/","title":{"rendered":"MONAT Leadership Circle 2025"},"content":{"rendered":"\n\n\t<style>\n   @import url('https:\/\/fonts.cdnfonts.com\/css\/dm-serif-display'); \n   :root {\n        --primaryColor: #5F6DB3;\n        --secondaryColor: #AABBCC ;\n        --gold: #9c807d;\n        --primarySerif: \"DM Serif Display\";\n   }\n<\/style>\n<section id=\"bannerSec\">\n       <img decoding=\"async\" id=\"dc_icon\" src=\"https:\/\/monatglobal.com\/wp-content\/uploads\/2025\/08\/leadership-circle-logo-2026-ocre.svg\" alt=\"\"\/> \n    <h1 id=\"banner_h1\">Construyendo<br \/> <em>juntos el ma\u00f1ana  <\/em><\/h1>\n<\/section>\n<section id=\"sec1\">\n      <img decoding=\"async\" src=\"https:\/\/monatglobal.com\/wp-content\/uploads\/2025\/08\/leadership-circle-badge-2026.svg\" alt=\"\"\/>\n      <h2>W South Beach <br \/> Miami, Florida <br \/> Del 12 al 15  de marzo<\/h2>   \n         <p>Per\u00edodo de calificaci\u00f3n <\/p> \n         <p>DEL 1  DE AGOSTO DE 2025 AL 31 DE ENERO DE 2026<\/p>\n               <img decoding=\"async\" id=\"seashell_bkgnd_img\" src=\"https:\/\/monatglobal.com\/wp-content\/uploads\/2025\/08\/yellow-shell.svg\"\/> \n               <h2>Leadership <br \/>en acci\u00f3n<\/h2>\n            <p>Participa en formaciones exclusivas con los principales l\u00edderes y el equipo corporativo de MONAT. <br \/>Obt\u00e9n valiosos conocimientos para alinear tus objetivos y maximizar todo el potencial de tu negocio MONAT.<\/p>\n            <p>Leadership Circle 2026 es un evento solo por invitaci\u00f3n para rangos de carrera MMM y niveles Director.<\/p>\n<\/section>\n<section id=\"SED_sec\">\n   <img decoding=\"async\" src=\"https:\/\/monatglobal.com\/wp-content\/uploads\/2025\/08\/beach-seats-and-umbrella-min-1.jpg\" alt=\"\"\/>\n         <h2>DESCUBRE HASTA D\u00d3NDE PUEDES LLEGAR<\/h2>\n         <p>Profundiza en \u00e1reas clave durante nuestras mesas redondas. <\/p>\n         <p>Potencia tus conocimientos en sesiones especializadas por tem\u00e1tica.<\/p>\n<\/section>\n<section id=\"sec3\">\n    <img decoding=\"async\" id=\"seashell\" src=\"https:\/\/monatglobal.com\/wp-content\/uploads\/2025\/08\/sea-snail-1.svg\" alt=\"\"\/>\n    <img decoding=\"async\" id=\"jellyfish\" src=\"https:\/\/monatglobal.com\/wp-content\/uploads\/2025\/08\/jellyfish.svg\" alt=\"\"\/>\n         <img decoding=\"async\" id=\"qualification_icon\" src=\"https:\/\/monatglobal.com\/wp-content\/uploads\/2025\/08\/sea-star.svg\" alt=\"\"\/>\n         <h2 id=\"qualification_title\">Per\u00edodo de Calificaci\u00f3n Del 1  de agosto de 2025 al<br \/> 31 de enero de 2026<\/h2>\n         <p>C\u00d3MO CALIFICAR <\/p>\n         <p>Todos los rangos de carrera MMM, AED, ED y SED al 1 de agosto de 2025,  <br \/>as\u00ed como los Market Partners que alcancen el rango MMM o superior antes del 31 de enero de 2026, son elegibles para calificar.<\/p>\n            <img decoding=\"async\" id=\"qualification_icon\" src=\"https:\/\/monatglobal.com\/wp-content\/uploads\/2025\/09\/recognition-leadership-graphic.svg\" alt=\"recognition leadership graphic\"\/>\n         <h2 id=\"qualification_title\">CRITERIOS DE RECONOCIMIENTO<\/h2>\n         <p>AS\u00cd PUEDES GANAR TU SITIO EN EL ESCENARIO <\/p>\n         <p>\u2022\tEl\/la mejor Patrocinador <br \/> \u2022\tEl\/la que m\u00e1s Clientes VIP haya inscrito <br \/> \u2022\tEl\/la m\u00e1s consistente (por haber sido pagado como el rango durante todo el periodo de calificaci\u00f3n) <\/p>\n         <p>El periodo de calificaci\u00f3n para el reconocimiento tambi\u00e9n es del 1 de agosto de 2025 al 31 de enero de&nbsp;2026.<\/p>\n         <h2>CRITERIOS DE CALIFICACI\u00d3N<\/h2>\n            <p>NIVEL 1<\/p>\n            <p>(Incluye alojamiento en hotel por 3 noches)<\/p>\n            <hr \/>\n            <p>Market Partners con rango de carrera MM al 1 de agosto de 2025 y Market Partners que hayan tenido previamente el t\u00edtulo de MM<\/p>\n            <ul>\n                <li>Deben haber sido pagados como MM o superior en al menos 1 de los 6 meses del per\u00edodo de calificaci\u00f3n.<\/li>\n                <li>Patrocinar al menos 2 Market Partners calificados (MPs) y 8 Clientes VIP calificados durante el per\u00edodo de calificaci\u00f3n.<\/li>\n                <li>Haber sido pagados como AMM o superior en el \u00faltimo mes de la calificaci\u00f3n.<\/li>\n            <\/ul>\n            <hr \/>\n            <p>Market Partners con rango de carrera MMM al 1 de agosto de 2025<\/p>\n            <ul>\n                <li>Deben haber sido pagados como MMM o superior en al menos 1 de los 6 meses del per\u00edodo de calificaci\u00f3n.<\/li>\n                <li>Patrocinar al menos 2 Market Partners calificados y 8 Clientes VIP calificados durante el per\u00edodo de calificaci\u00f3n.<\/li>\n                <li>Haber sido pagados como AMM o superior en el \u00faltimo mes de la calificaci\u00f3n.<\/li>\n            <\/ul>\n            <hr \/>\n            <p>Market Partners con rango de carrera Director al 1 de agosto de 2025<\/p>\n            <ul>\n                <li>Deben haber sido pagados como AED o superior en al menos 1 de los 6 meses del per\u00edodo de calificaci\u00f3n.<\/li>\n                <li>Patrocinar al menos 2 Market Partners calificados y 8 Clientes VIP calificados durante el per\u00edodo de calificaci\u00f3n.<\/li>\n                <li>Haber sido pagados como MM o superior en el \u00faltimo mes de la calificaci\u00f3n.<\/li>\n            <\/ul>\n            <p>NIVEL 2<\/p>\n            <p>(Incluye alojamiento en hotel por 3 noches + vuelo de ida y&nbsp;vuelta)<\/p>\n            <hr \/>\n            <p>Market Partners con rango de carrera MM al 1 de agosto de 2025 y Market Partners que hayan tenido previamente el t\u00edtulo de MM<\/p>\n            <ul>\n                <li>Deben haber sido pagados como MM o superior en al menos 1 de los 6 meses del per\u00edodo de calificaci\u00f3n.<\/li>\n                <li>Patrocinar al menos 2 Market Partners calificados y 8 Clientes VIP calificados durante el per\u00edodo de calificaci\u00f3n.<\/li>\n                <li>Promocionar a 1 nuevo MMB que hayan patrocinado personalmente.<\/li>\n                <li>Haber sido pagados como AMM o superior en el \u00faltimo mes de la calificaci\u00f3n.<\/li>\n            <\/ul>\n            <hr \/>\n            <p>Market Partners con rango de carrera MMM al 1 de agosto de 2025<\/p>\n            <ul>\n                <li>Deben haber sido pagados como MMM o superior en al menos 1 de los 6 meses del per\u00edodo de calificaci\u00f3n.<\/li>\n                <li>Patrocinar al menos 2 Market Partners calificados y 8 Clientes VIP calificados durante el per\u00edodo de calificaci\u00f3n.<\/li>\n                <li>Promocionar a 2 nuevos MMB que hayan patrocinado personalmente.<\/li>\n                <li>Haber sido pagados como AMM o superior en el \u00faltimo mes de la calificaci\u00f3n.<\/li>\n            <\/ul>\n            <hr \/>\n            <p>Market Partners con rango de carrera Director al 1 de agosto de 2025<\/p>\n            <ul>\n                <li>Deben haber sido pagados como AED o superior en al menos 1 de los 6 meses del per\u00edodo de calificaci\u00f3n.<\/li>\n                <li>Patrocinar al menos 2 Market Partners calificados y 8 Clientes VIP calificados durante el per\u00edodo de calificaci\u00f3n.<\/li>\n                <li>Promocionar a 2 nuevos MMB que hayan patrocinado personalmente.<\/li>\n                <li>Haber sido pagados como MM o superior en el \u00faltimo mes de la calificaci\u00f3n.<\/li>\n            <\/ul>\n            <hr \/>\n            <p>Nuevos MM, MMM y nuevos Directores para el 31 de enero de 2026<\/p>\n            <ul>\n                <li>Deben ser nuevos MM, MMM o Directores por primera vez durante el per\u00edodo de calificaci\u00f3n.<\/li>\n                <li>Patrocinar al menos 2 Market Partners calificados y 8 Clientes VIP calificados durante el per\u00edodo de calificaci\u00f3n.<\/li>\n                <li>Haber sido pagados como AMM o superior en el \u00faltimo mes de la calificaci\u00f3n. <\/li>\n            <\/ul>\n            <!---->\n            <!--    <p>* VIPs enrolled as part of your Block must have an active Flexship through the 15th of the month following their enrollment month. <\/p>-->\n            <!--    <p>* Market Partners enrolled as part of your Block must enroll with a Product Pack or if they are enrolled under the Canada Zero Enrollment Option, they must achieve 200 PV within 30 days of their enrollment and within the Director Circle qualification&nbsp;timeframe.<\/p>-->\n            <!---->\n      <img decoding=\"async\" src=\"https:\/\/monatglobal.com\/wp-content\/uploads\/2025\/08\/fish.svg\" alt=\"\"\/>\n      <h2>\u00bfQu\u00e9 Incluye La Calificaci\u00f3n<br \/> De <br \/> MONAT Leadership Circle 2026?<\/h2>\n            <p>NIVEL 1<\/p>\n            <ul>\n               <li>Tiempo para hacer networking con lo mejor del liderazgo MONAT<\/li>\n               <li>Evento especial de premios y reconocimientos<\/li>\n               <li>Vista exclusiva de los planes para 2026<\/li>\n               <li>Alojamiento en hotel por 3 noches<\/li>\n               <li>Opci\u00f3n de traer a tu c\u00f3nyuge (se aplican costes y condiciones)<\/li>\n            <\/ul>\n            <p>NIVEL 2<\/p>\n            <ul>\n               <li>Tiempo para hacer networking con lo mejor del liderazgo MONAT<\/li>\n               <li>Evento especial de premios y reconocimientos<\/li>\n               <li>Vista exclusiva de los planes para 2026<\/li>\n               <li>Alojamiento en hotel por 3 noches<\/li>\n               <li>Vuelo ida y vuelta al Aeropuerto Internacional de Miami<\/li>\n               <li>Opci\u00f3n de traer a tu c\u00f3nyuge (se aplican costes y condiciones)<\/li>\n            <\/ul>\n         <a id=\"faq_btn\" href=\"https:\/\/monatglobal.com\/es\/wp-content\/uploads\/sites\/10\/2025\/08\/SP_Leadership-Circle-2026-FAQs_080425_v1.pdf\" target=\"_blank\" rel=\"noopener\">PREGUNTAS FRECUENTES<\/a>\n         <a id=\"termsAndC\" href=\"https:\/\/monatglobal.com\/es\/wp-content\/uploads\/sites\/10\/2025\/08\/SP_Leadership-Circle-2026-Terms-and-Conditions_081425_v1.pdf\" target=\"_blank\" rel=\"noopener\">\n            <p>T\u00e9rminos y condiciones<\/p>\n         <\/a>\n      <h2 id=\"hashtag_text\">#MONATLeadershipCircle<\/h2>\n<\/section>\n\n","protected":false},"excerpt":{"rendered":"<p>Construyendo juntos el ma\u00f1ana W South Beach Miami, Florida Del 12 al 15 de marzo Per\u00edodo de calificaci\u00f3n DEL 1 DE AGOSTO DE 2025 AL 31 DE ENERO DE 2026 Leadership en acci\u00f3n Participa en formaciones exclusivas con los principales l\u00edderes y el equipo corporativo de MONAT. Obt\u00e9n valiosos conocimientos para alinear tus objetivos y&hellip;<\/p>\n","protected":false},"author":33,"featured_media":87015,"parent":0,"menu_order":0,"comment_status":"closed","ping_status":"closed","template":"","meta":{"inline_featured_image":false,"om_disable_all_campaigns":false,"_monsterinsights_skip_tracking":false,"_monsterinsights_sitenote_active":false,"_monsterinsights_sitenote_note":"","_monsterinsights_sitenote_category":0,"footnotes":""},"categories":[],"tags":[],"class_list":["post-85686","page","type-page","status-publish","has-post-thumbnail","hentry"],"aioseo_notices":[],"aioseo_head":"\n\t\t<!-- All in One SEO Pro 4.9.5.2 - aioseo.com -->\n\t<meta name=\"description\" content=\"\u00danete a las formaciones exclusivas de MONAT con los l\u00edderes m\u00e1s destacados. Obt\u00e9n informaci\u00f3n \u00fatil para alinear tus objetivos y hacer crecer tu negocio hasta alcanzar su m\u00e1ximo potencial.\" \/>\n\t<meta name=\"robots\" content=\"max-image-preview:large\" \/>\n\t<link rel=\"canonical\" href=\"https:\/\/monatglobal.com\/es\/leadership-circle\/\" \/>\n\t<meta name=\"generator\" content=\"All in One SEO Pro (AIOSEO) 4.9.5.2\" \/>\n\t\t<meta property=\"og:locale\" content=\"en_US\" \/>\n\t\t<meta property=\"og:site_name\" content=\"MONAT Espa\u00f1a - We Are Modern Nature\u00ae\" \/>\n\t\t<meta property=\"og:type\" content=\"article\" \/>\n\t\t<meta property=\"og:title\" content=\"MONAT Leadership Circle 2026 - MONAT GLOBAL\" \/>\n\t\t<meta property=\"og:description\" content=\"\u00danete a las formaciones exclusivas de MONAT con los l\u00edderes m\u00e1s destacados. Obt\u00e9n informaci\u00f3n \u00fatil para alinear tus objetivos y hacer crecer tu negocio hasta alcanzar su m\u00e1ximo potencial.\" \/>\n\t\t<meta property=\"og:url\" content=\"https:\/\/monatglobal.com\/es\/leadership-circle\/\" \/>\n\t\t<meta property=\"article:published_time\" content=\"2024-10-30T19:10:08+00:00\" \/>\n\t\t<meta property=\"article:modified_time\" content=\"2026-01-28T17:50:55+00:00\" \/>\n\t\t<meta name=\"twitter:card\" content=\"summary_large_image\" \/>\n\t\t<meta name=\"twitter:title\" content=\"MONAT Leadership Circle 2026 - MONAT GLOBAL\" \/>\n\t\t<meta name=\"twitter:description\" content=\"\u00danete a las formaciones exclusivas de MONAT con los l\u00edderes m\u00e1s destacados. Obt\u00e9n informaci\u00f3n \u00fatil para alinear tus objetivos y hacer crecer tu negocio hasta alcanzar su m\u00e1ximo potencial.\" \/>\n\t\t<script type=\"application\/ld+json\" class=\"aioseo-schema\">\n\t\t\t{\"@context\":\"https:\\\/\\\/schema.org\",\"@graph\":[{\"@type\":\"BreadcrumbList\",\"@id\":\"https:\\\/\\\/monatglobal.com\\\/es\\\/leadership-circle\\\/#breadcrumblist\",\"itemListElement\":[{\"@type\":\"ListItem\",\"@id\":\"https:\\\/\\\/monatglobal.com\\\/es#listItem\",\"position\":1,\"name\":\"Home\",\"item\":\"https:\\\/\\\/monatglobal.com\\\/es\",\"nextItem\":{\"@type\":\"ListItem\",\"@id\":\"https:\\\/\\\/monatglobal.com\\\/es\\\/leadership-circle\\\/#listItem\",\"name\":\"MONAT Leadership Circle 2025\"}},{\"@type\":\"ListItem\",\"@id\":\"https:\\\/\\\/monatglobal.com\\\/es\\\/leadership-circle\\\/#listItem\",\"position\":2,\"name\":\"MONAT Leadership Circle 2025\",\"previousItem\":{\"@type\":\"ListItem\",\"@id\":\"https:\\\/\\\/monatglobal.com\\\/es#listItem\",\"name\":\"Home\"}}]},{\"@type\":\"Organization\",\"@id\":\"https:\\\/\\\/monatglobal.com\\\/es\\\/#organization\",\"name\":\"MONAT Espa\\u00f1a\",\"description\":\"We Are Modern Nature\\u00ae\",\"url\":\"https:\\\/\\\/monatglobal.com\\\/es\\\/\"},{\"@type\":\"WebPage\",\"@id\":\"https:\\\/\\\/monatglobal.com\\\/es\\\/leadership-circle\\\/#webpage\",\"url\":\"https:\\\/\\\/monatglobal.com\\\/es\\\/leadership-circle\\\/\",\"name\":\"MONAT Leadership Circle 2026 - MONAT GLOBAL\",\"description\":\"\\u00danete a las formaciones exclusivas de MONAT con los l\\u00edderes m\\u00e1s destacados. Obt\\u00e9n informaci\\u00f3n \\u00fatil para alinear tus objetivos y hacer crecer tu negocio hasta alcanzar su m\\u00e1ximo potencial.\",\"inLanguage\":\"en-US\",\"isPartOf\":{\"@id\":\"https:\\\/\\\/monatglobal.com\\\/es\\\/#website\"},\"breadcrumb\":{\"@id\":\"https:\\\/\\\/monatglobal.com\\\/es\\\/leadership-circle\\\/#breadcrumblist\"},\"image\":{\"@type\":\"ImageObject\",\"url\":\"https:\\\/\\\/monatglobal.com\\\/es\\\/wp-content\\\/uploads\\\/sites\\\/10\\\/2025\\\/08\\\/leadership-2026-ft-img-min.jpg\",\"@id\":\"https:\\\/\\\/monatglobal.com\\\/es\\\/leadership-circle\\\/#mainImage\",\"width\":1200,\"height\":628},\"primaryImageOfPage\":{\"@id\":\"https:\\\/\\\/monatglobal.com\\\/es\\\/leadership-circle\\\/#mainImage\"},\"datePublished\":\"2024-10-30T19:10:08+00:00\",\"dateModified\":\"2026-01-28T17:50:55+00:00\"},{\"@type\":\"WebSite\",\"@id\":\"https:\\\/\\\/monatglobal.com\\\/es\\\/#website\",\"url\":\"https:\\\/\\\/monatglobal.com\\\/es\\\/\",\"name\":\"MONAT Espa\\u00f1a\",\"description\":\"We Are Modern Nature\\u00ae\",\"inLanguage\":\"en-US\",\"publisher\":{\"@id\":\"https:\\\/\\\/monatglobal.com\\\/es\\\/#organization\"}}]}\n\t\t<\/script>\n\t\t<!-- All in One SEO Pro -->\r\n\t\t<title>MONAT Leadership Circle 2026 - MONAT GLOBAL<\/title>\n\n","aioseo_head_json":{"title":"MONAT Leadership Circle 2026 - MONAT GLOBAL","description":"\u00danete a las formaciones exclusivas de MONAT con los l\u00edderes m\u00e1s destacados. Obt\u00e9n informaci\u00f3n \u00fatil para alinear tus objetivos y hacer crecer tu negocio hasta alcanzar su m\u00e1ximo potencial.","canonical_url":"https:\/\/monatglobal.com\/es\/leadership-circle\/","robots":"max-image-preview:large","keywords":"","webmasterTools":{"miscellaneous":""},"schema":{"@context":"https:\/\/schema.org","@graph":[{"@type":"BreadcrumbList","@id":"https:\/\/monatglobal.com\/es\/leadership-circle\/#breadcrumblist","itemListElement":[{"@type":"ListItem","@id":"https:\/\/monatglobal.com\/es#listItem","position":1,"name":"Home","item":"https:\/\/monatglobal.com\/es","nextItem":{"@type":"ListItem","@id":"https:\/\/monatglobal.com\/es\/leadership-circle\/#listItem","name":"MONAT Leadership Circle 2025"}},{"@type":"ListItem","@id":"https:\/\/monatglobal.com\/es\/leadership-circle\/#listItem","position":2,"name":"MONAT Leadership Circle 2025","previousItem":{"@type":"ListItem","@id":"https:\/\/monatglobal.com\/es#listItem","name":"Home"}}]},{"@type":"Organization","@id":"https:\/\/monatglobal.com\/es\/#organization","name":"MONAT Espa\u00f1a","description":"We Are Modern Nature\u00ae","url":"https:\/\/monatglobal.com\/es\/"},{"@type":"WebPage","@id":"https:\/\/monatglobal.com\/es\/leadership-circle\/#webpage","url":"https:\/\/monatglobal.com\/es\/leadership-circle\/","name":"MONAT Leadership Circle 2026 - MONAT GLOBAL","description":"\u00danete a las formaciones exclusivas de MONAT con los l\u00edderes m\u00e1s destacados. Obt\u00e9n informaci\u00f3n \u00fatil para alinear tus objetivos y hacer crecer tu negocio hasta alcanzar su m\u00e1ximo potencial.","inLanguage":"en-US","isPartOf":{"@id":"https:\/\/monatglobal.com\/es\/#website"},"breadcrumb":{"@id":"https:\/\/monatglobal.com\/es\/leadership-circle\/#breadcrumblist"},"image":{"@type":"ImageObject","url":"https:\/\/monatglobal.com\/es\/wp-content\/uploads\/sites\/10\/2025\/08\/leadership-2026-ft-img-min.jpg","@id":"https:\/\/monatglobal.com\/es\/leadership-circle\/#mainImage","width":1200,"height":628},"primaryImageOfPage":{"@id":"https:\/\/monatglobal.com\/es\/leadership-circle\/#mainImage"},"datePublished":"2024-10-30T19:10:08+00:00","dateModified":"2026-01-28T17:50:55+00:00"},{"@type":"WebSite","@id":"https:\/\/monatglobal.com\/es\/#website","url":"https:\/\/monatglobal.com\/es\/","name":"MONAT Espa\u00f1a","description":"We Are Modern Nature\u00ae","inLanguage":"en-US","publisher":{"@id":"https:\/\/monatglobal.com\/es\/#organization"}}]},"og:locale":"en_US","og:site_name":"MONAT Espa\u00f1a - We Are Modern Nature\u00ae","og:type":"article","og:title":"MONAT Leadership Circle 2026 - MONAT GLOBAL","og:description":"\u00danete a las formaciones exclusivas de MONAT con los l\u00edderes m\u00e1s destacados. Obt\u00e9n informaci\u00f3n \u00fatil para alinear tus objetivos y hacer crecer tu negocio hasta alcanzar su m\u00e1ximo potencial.","og:url":"https:\/\/monatglobal.com\/es\/leadership-circle\/","article:published_time":"2024-10-30T19:10:08+00:00","article:modified_time":"2026-01-28T17:50:55+00:00","twitter:card":"summary_large_image","twitter:title":"MONAT Leadership Circle 2026 - MONAT GLOBAL","twitter:description":"\u00danete a las formaciones exclusivas de MONAT con los l\u00edderes m\u00e1s destacados. Obt\u00e9n informaci\u00f3n \u00fatil para alinear tus objetivos y hacer crecer tu negocio hasta alcanzar su m\u00e1ximo potencial."},"aioseo_meta_data":{"post_id":"85686","title":"MONAT Leadership Circle 2026 - MONAT GLOBAL","description":"\u00danete a las formaciones exclusivas de MONAT con los l\u00edderes m\u00e1s destacados. Obt\u00e9n informaci\u00f3n \u00fatil para alinear tus objetivos y hacer crecer tu negocio hasta alcanzar su m\u00e1ximo potencial.","keywords":null,"keyphrases":{"focus":{"keyphrase":"","score":0,"analysis":{"keyphraseInTitle":{"score":0,"maxScore":9,"error":1}}},"additional":[]},"primary_term":null,"canonical_url":null,"og_title":null,"og_description":null,"og_object_type":"default","og_image_type":"default","og_image_url":null,"og_image_width":null,"og_image_height":null,"og_image_custom_url":null,"og_image_custom_fields":null,"og_video":"","og_custom_url":null,"og_article_section":null,"og_article_tags":null,"twitter_use_og":false,"twitter_card":"default","twitter_image_type":"default","twitter_image_url":null,"twitter_image_custom_url":null,"twitter_image_custom_fields":null,"twitter_title":null,"twitter_description":null,"schema":{"blockGraphs":[],"customGraphs":[],"default":{"data":{"Article":[],"Course":[],"Dataset":[],"FAQPage":[],"Movie":[],"Person":[],"Product":[],"ProductReview":[],"Car":[],"Recipe":[],"Service":[],"SoftwareApplication":[],"WebPage":[]},"graphName":"WebPage","isEnabled":true},"graphs":[]},"schema_type":"default","schema_type_options":null,"pillar_content":false,"robots_default":true,"robots_noindex":false,"robots_noarchive":false,"robots_nosnippet":false,"robots_nofollow":false,"robots_noimageindex":false,"robots_noodp":false,"robots_notranslate":false,"robots_max_snippet":"-1","robots_max_videopreview":"-1","robots_max_imagepreview":"large","priority":null,"frequency":"default","local_seo":null,"seo_analyzer_scan_date":"2025-08-21 19:23:47","limit_modified_date":false,"reviewed_by":"0","open_ai":"{\"title\":{\"suggestions\":[],\"usage\":0},\"description\":{\"suggestions\":[],\"usage\":0}}","ai":{"faqs":[],"keyPoints":[],"titles":[],"descriptions":[],"socialPosts":{"email":[],"linkedin":[],"twitter":[],"facebook":[],"instagram":[]}},"created":"2024-10-30 19:05:38","updated":"2026-02-10 05:48:27"},"aioseo_breadcrumb":"<div class=\"aioseo-breadcrumbs\"><span class=\"aioseo-breadcrumb\">\n\t<a href=\"https:\/\/monatglobal.com\/es\" title=\"Home\">Home<\/a>\n<\/span><span class=\"aioseo-breadcrumb-separator\">&raquo;<\/span><span class=\"aioseo-breadcrumb\">\n\tMONAT Leadership Circle 2025\n<\/span><\/div>","aioseo_breadcrumb_json":[{"label":"Home","link":"https:\/\/monatglobal.com\/es"},{"label":"MONAT Leadership Circle 2025","link":"https:\/\/monatglobal.com\/es\/leadership-circle\/"}],"_links":{"self":[{"href":"https:\/\/monatglobal.com\/es\/wp-json\/wp\/v2\/pages\/85686","targetHints":{"allow":["GET"]}}],"collection":[{"href":"https:\/\/monatglobal.com\/es\/wp-json\/wp\/v2\/pages"}],"about":[{"href":"https:\/\/monatglobal.com\/es\/wp-json\/wp\/v2\/types\/page"}],"author":[{"embeddable":true,"href":"https:\/\/monatglobal.com\/es\/wp-json\/wp\/v2\/users\/33"}],"replies":[{"embeddable":true,"href":"https:\/\/monatglobal.com\/es\/wp-json\/wp\/v2\/comments?post=85686"}],"version-history":[{"count":10,"href":"https:\/\/monatglobal.com\/es\/wp-json\/wp\/v2\/pages\/85686\/revisions"}],"predecessor-version":[{"id":108972,"href":"https:\/\/monatglobal.com\/es\/wp-json\/wp\/v2\/pages\/85686\/revisions\/108972"}],"wp:featuredmedia":[{"embeddable":true,"href":"https:\/\/monatglobal.com\/es\/wp-json\/wp\/v2\/media\/87015"}],"wp:attachment":[{"href":"https:\/\/monatglobal.com\/es\/wp-json\/wp\/v2\/media?parent=85686"}],"wp:term":[{"taxonomy":"category","embeddable":true,"href":"https:\/\/monatglobal.com\/es\/wp-json\/wp\/v2\/categories?post=85686"},{"taxonomy":"post_tag","embeddable":true,"href":"https:\/\/monatglobal.com\/es\/wp-json\/wp\/v2\/tags?post=85686"}],"curies":[{"name":"wp","href":"https:\/\/api.w.org\/{rel}","templated":true}]}}