{"id":85552,"date":"2024-09-06T21:24:56","date_gmt":"2024-09-06T21:24:56","guid":{"rendered":"https:\/\/monatglobal.com\/au\/?page_id=85552"},"modified":"2026-02-06T16:50:53","modified_gmt":"2026-02-06T16:50:53","slug":"makeup-eyeshadow","status":"publish","type":"page","link":"https:\/\/monatglobal.com\/es\/makeup-eyeshadow\/","title":{"rendered":"Paleta de sombras de ojos | Maquillaje MONAT | Paleta de maquillaje"},"content":{"rendered":"\n\n\t<!--Title: Paleta de sombras de ojos | MONAT Makeup | Paleta de maquillaje-->\n<!--La paleta de sombras de ojos perfecta con nueve tonos altamente pigmentados. No contienen talco, son f\u00e1ciles de difuminar y de aplicar. Perfecta para crear looks naturales o glamurosos, tanto de d\u00eda como de noche.-->\n<link rel=\"stylesheet\" href=\"https:\/\/monatglobal.com\/wp-content\/creative_css\/product_styles_sheet.css\" \/>\n   <!--==================================================== ECOMM SECTION ====================================================-->\n      <!--==================================================== Ecomm image ====================================================-->\n            <p>M\u00c1S VENDIDOS<\/p>\n                <!--Ecomm Image-->\n              <img decoding=\"async\" alt=\"Image of the Glam Essentials Palette, featuring a collection of eyeshadows in neutral and radiant tones, shown with its packaging.\" src=\"https:\/\/monatglobal.com\/wp-content\/uploads\/2024\/08\/MONAT-Glam-essential-palette-ECOMM_2024.png\" loading=\"lazy\"\/>\n              <!--Ecomm Image-->\n            <!--before and after front-->\n              <img decoding=\"async\" alt=\"Close-up of a model's face with a subtle makeup look holding a MONAT Glam essentials eye shadow palette\" src=\"https:\/\/monatglobal.com\/wp-content\/uploads\/2024\/08\/MONAT-Glam-essential-palette-thumb-model-min.jpg\" loading=\"lazy\"\/>\n              \n            <!--before and after front-->\n            <!--before and after back-->\n              <img decoding=\"async\" alt=\"image of eyeshadow tones spread in a horizontal way\" src=\"https:\/\/monatglobal.com\/wp-content\/uploads\/2024\/08\/MONAT-Eye-shadow-palette-thumb-texture_2024-min.jpg\" loading=\"lazy\"\/>\n              \n            <!--before and after back-->\n            <!---->\n            <!--  <img decoding=\"async\" alt=\"Close-up of a model's face with a subtle makeup MONAT Glam essentials eyeshadow palette\" src=\"https:\/\/monatglobal.com\/wp-content\/uploads\/2024\/08\/MONAT-Glam-essential-palette-thumb-video_2024.jpg\"\/>-->\n            <!--  -->\n            <!---->\n                      <!--Ecomm Image-->\n                    <img decoding=\"async\" alt=\"Image of the Glam Essentials Palette, featuring a collection of eyeshadow in neutral and radiant tones, shown with its packaging.\" src=\"https:\/\/monatglobal.com\/wp-content\/uploads\/2024\/08\/MONAT-Glam-essential-palette-ECOMM_2024.png\" data-lbxp=\"\" loading=\"lazy\"\/>\n                    <!--Ecomm Image-->\n                  <!--before and after front-->\n                    <img decoding=\"async\" alt=\"Close-up of a model's face with a subtle makeup look, highlighting the eyeshadow from the Glam Essentials Palette.\" src=\"https:\/\/monatglobal.com\/wp-content\/uploads\/2024\/08\/MONAT-Glam-essential-palette-thumb-model-min.jpg\" data-lbxp=\"\" loading=\"lazy\"\/>\n                  <!--before and after front-->\n                  <!--before and after back-->\n                    <img decoding=\"async\" alt=\"image of eyeshadow tones spread in a horizontal way\" src=\"https:\/\/monatglobal.com\/wp-content\/uploads\/2024\/08\/MONAT-Eye-shadow-palette-thumb-texture_2024-min.jpg\" data-lbxp=\"\" loading=\"lazy\"\/>\n                  <!--before and after back-->\n                  <!---->\n                  <!--  <img decoding=\"async\" alt=\"Close-up of a model's face with a subtle makeup MONAT Glam essentials eyeshadow palette.\" src=\"https:\/\/monatglobal.com\/wp-content\/uploads\/2024\/08\/MONAT-Glam-essential-palette-thumb-video_2024.jpg\"\/>-->\n                  <!--   -->\n                  <!---->\n      <!--==================================================== Ecomm information  ====================================================-->\n         <p>M\u00c1S VENDIDOS<\/p>\n         <p>MONAT<\/p>\n         <h1>Glam Essentials Palette\u2122<\/h1>\n         <p>Paleta de Sombras de Ojos<\/p>\n         <p>Incluye nueve tonos para crear looks naturales y elevados.<\/p>\n         <p>PN 9x1g\/9&#215;0.04oz<\/p> \n       <!--==================================================== pricing box  ====================================================-->  \n         <p>Precio de venta Cliente<br \/>00.00 \u20ac<\/p>\n         <p>Precio Cliente VIP<br \/>00.00 \u20ac<\/p>\n       <!--==================================================== pricing box  ====================================================-->     \n         <p>Para conocer m\u00e1s sobre MONAT Glam Essentials Palette\u2122, ponte en contacto con tu Market Partner de MONAT.<\/p>\n          <a href=\"\" target=\"_blank\" role=\"button\" aria-label=\"\" rel=\"noopener\"><\/a>\n   <!--==================================================== \/ECOMM SECTION  ====================================================-->\n   <!--==================================================== Benefits image ====================================================-->\n  \n    <source media=\"(max-width: 700px)\" srcset=\"https:\/\/monatglobal.com\/wp-content\/uploads\/2024\/08\/MONAT-Glam-Essentials-Palette-benefits-mobile_2024-min.jpg\" loading=\"lazy\"\/>\n      <img decoding=\"async\" src=\"https:\/\/monatglobal.com\/wp-content\/uploads\/2024\/08\/MONAT-Glam-Essentials-Palette-benefits-desktop-min.jpg\" \n      alt=\"Close-up of a model's face with a subtle makeup look, highlighting the eyeshadow from the Glam Essentials Palette.\" loading=\"lazy\"\/>\n    \n   <!--==================================================== Benefits text ====================================================-->\n         <h2>BENEFICIOS<\/h2>\n         <h3>\u00a1La \u00fanica paleta de sombras de ojos que necesitas!  <\/h3> \n         <p>Con nueve tonos ultrapigmentados en acabados mate, satinado y brillante, puedes mezclarlos y combinarlos para crear desde looks naturales para el d\u00eda a d\u00eda hasta looks nocturnos intensamente glamurosos. Las f\u00f3rmulas sin talco son f\u00e1ciles de difuminar y se pueden aplicar en capas para conseguir un color deslumbrante al instante.<\/p>\n             <br \/>  \n\n         <!--==================================================== features image  ====================================================-->\n         <img decoding=\"async\" alt=\"Image of the Glam Essentials Palette in an open position, showcasing the array of eyeshadow colors.\" src=\"https:\/\/monatglobal.com\/wp-content\/uploads\/2024\/08\/MONAT-Glam-essential-palette-features-2024.jpg\" loading=\"lazy\"\/>\n      <!--==================================================== features text ====================================================-->\n            <h3>Caracter\u00edsticas<\/h3>  \n               <p>\/ F\u00f3rmula sin talco<\/p>\n               <p>\/ Tonos incluidos: Achiever, Girl Boss, Dreamer, Believer, Glow Getter, Freedom, Millionaire, Risk Taker, y Empower<\/p>\n               <p>\/ Mezcla y combina para crear looks naturales y elevados<\/p>\n               <p>\/ F\u00f3rmula no irritante, apta para todo tipo de pieles<\/p>\n               <p>\/ Incluye un espejo integrado<\/p>\n<br \/>\n            <p>Fragancia \/ Sin perfume<\/p>\n            <p> Textura \/ Polvos sin talco<\/p> \n   <!--==================================================== composition image mobile ====================================================-->\n   <img decoding=\"async\" alt=\"shot of Monat Glam essentials palette eyeshadow open case over a white background\" src=\"https:\/\/monatglobal.com\/wp-content\/uploads\/2024\/08\/MONAT-Glam-essential-palette-comp1_2024.jpg\" loading=\"lazy\"\/>\n   <!--==================================================== Why it works text ====================================================-->\n      <h2>Brillo de d\u00eda. Glamour de noche.<\/h2>\n      <h3>\u00a1Un imprescindible en tu kit de maquillaje! Esta colecci\u00f3n de sombras de ojos te ofrece la versatilidad que necesitas para crear una amplia gama de looks \u00a1usando una sola paleta! <\/h3>\n      <p>Pasa de &#8220;Girl Boss&#8221; a &#8220;Risk Taker&#8221; y mucho m\u00e1s,  sea como sea pero siempre estupenda con nuestros colores sin talco.<\/p>\n<!--==================================================== Composition section ====================================================-->\n      <img decoding=\"async\" alt=\"shot of Monat Glam essentials palette eyeshadow open case over a white background\" src=\"https:\/\/monatglobal.com\/wp-content\/uploads\/2024\/08\/MONAT-Glam-essential-palette-comp1_2024.jpg\" loading=\"lazy\"\/>\n      <img decoding=\"async\" alt=\"Close-up of the MONAT Glam essentials eye shadow palette texture  on the background with a woman holding a MONAT Glam essentials eye shadow palette\" \n      src=\"https:\/\/monatglobal.com\/wp-content\/uploads\/2024\/08\/MONAT-Glam-essential-palette-composition2-2024-min.jpg\" loading=\"lazy\"\/>\n            <!--==================================================== Directions text ====================================================--> \n               <h3>Instrucciones de uso:<\/h3>\n                    <p>\/ Aplicar la sombra en los p\u00e1rpados con una brocha o con la yema de los dedos para crear un look moderno.<\/p>\n            <!--==================================================== Directions video ====================================================-->\n               <!---->\n        <!--<p>MONAT <br \/>Glam Essentials Palette\u2122<br \/>  0:55<\/p>-->\n      <a href=\"\" target=\"_blank\" role=\"button\" aria-label=\"\" rel=\"noopener\"><\/a>\n   <!--==================================================== Ingredients section  ====================================================-->\n      <h2>INGREDIENTES CLAVE<\/h2>\n          <img decoding=\"async\" src=\"https:\/\/monatglobal.com\/wp-content\/uploads\/2024\/08\/Rambutan-Leaf-Extract-.svg\" alt=\"icon of Rambutan Leaf Extract\"\/> \n      <p>Sin talco<\/p>\n              <img decoding=\"async\" src=\"https:\/\/monatglobal.com\/wp-content\/uploads\/2024\/08\/Chrondrus-Crispus-Extract-.svg\" alt=\"icon of Chrondrus Crispus Extract\"\/>\n      <p>Chrondrus Crispus Extract<\/p>\n           <img decoding=\"async\" src=\"https:\/\/monatglobal.com\/wp-content\/uploads\/2024\/08\/Sodium-Hyaluronate.svg\" alt=\"icon of Sodium Hyaluronate\"\/>\n      <p>Sodium Hyaluronate<\/p>\n            <img decoding=\"async\" src=\"https:\/\/monatglobal.com\/wp-content\/uploads\/2024\/08\/Bakuchiol-.svg\" alt=\"icon of Bakuchiol\"\/> \n      <p>Bakuchiol<\/p>\n        <button id=\"myBtn\" type=\"button\">LISTA DE INGREDIENTES<\/button>\n      <!--==================================================== Modal content  ====================================================-->\n         &times;\n         <p>GIRL BOSS, BELIEVER, FREEDOM, RISK TAKER: Mica, Boron Nitride, Zinc Stearate, Ethylhexyl Palmitate, Silica, Sodium Dehydroacetate, Sorbic Acid, May Contain (+\/-): Manganese Violet CI 77742, Titanium Dioxide CI 77891, Iron Oxides (CI 77491, CI 77492, CI 77499), Yellow 5 Lake CI 19140. ACHIEVER, DREAMER, GLOW GETTER, MILLIONAIRE, EMPOWER: Mica, Calcium Aluminum Borosilicate, Octyldodecyl Stearoyl Stearate, Synthetic Fluorphlogopite, Magnesium Myristate, Pentaerythrityl Tetraisostearate, Glyceryl Caprylate, Pentylene Glycol, Calcium Sodium Borosilicate, Sodium Dehydroacetate, Silica, Sorbic Acid, Tin Oxide, Magnolia Officinalis Bark Extract, May Contain (+\/-):Titanium Dioxide CI 77891, Iron Oxides (CI 77491, CI 77492, CI 77499), Aluminum Powder CI 77000, Manganese Violet CI 77742.<\/p>\n   <!--==================================================== You might also like section ====================================================-->\n      <h2>PUEDE QUE TAMBI\u00c9N TE GUSTE<\/h2>\n      <!--==================================================== Slider YOU MIGHT ALSO LIKE ====================================================-->\n         <!--==================================================== If we need navigation buttons  ====================================================-->\n         <!--==================================================== If we need paginations  ====================================================-->\n    <a href=\"\" aria-label=\"\"><\/a>\n\n","protected":false},"excerpt":{"rendered":"<p>M\u00c1S VENDIDOS M\u00c1S VENDIDOS MONAT Glam Essentials Palette\u2122 Paleta de Sombras de Ojos Incluye nueve tonos para crear looks naturales y elevados. PN 9x1g\/9&#215;0.04oz Precio de venta Cliente00.00 \u20ac Precio Cliente VIP00.00 \u20ac Para conocer m\u00e1s sobre MONAT Glam Essentials Palette\u2122, ponte en contacto con tu Market Partner de MONAT. BENEFICIOS \u00a1La \u00fanica paleta de&hellip;<\/p>\n","protected":false},"author":31,"featured_media":84713,"parent":0,"menu_order":0,"comment_status":"closed","ping_status":"closed","template":"","meta":{"inline_featured_image":false,"om_disable_all_campaigns":false,"_monsterinsights_skip_tracking":false,"_monsterinsights_sitenote_active":false,"_monsterinsights_sitenote_note":"","_monsterinsights_sitenote_category":0,"footnotes":""},"categories":[31],"tags":[],"class_list":["post-85552","page","type-page","status-publish","has-post-thumbnail","hentry","category-product-es"],"aioseo_notices":[],"aioseo_head":"\n\t\t<!-- All in One SEO Pro 4.9.5.2 - aioseo.com -->\n\t<meta name=\"description\" content=\"La paleta de sombras de ojos perfecta con nueve tonos intensamente pigmentados, sin talco, f\u00e1ciles de difuminar y de aplicaci\u00f3n graduable. Ideal para crear estilos naturales o sofisticados de d\u00eda o de noche.\" \/>\n\t<meta name=\"robots\" content=\"max-image-preview:large\" \/>\n\t<link rel=\"canonical\" href=\"https:\/\/monatglobal.com\/es\/makeup-eyeshadow\/\" \/>\n\t<meta name=\"generator\" content=\"All in One SEO Pro (AIOSEO) 4.9.5.2\" \/>\n\t\t<meta property=\"og:locale\" content=\"en_US\" \/>\n\t\t<meta property=\"og:site_name\" content=\"MONAT Espa\u00f1a - We Are Modern Nature\u00ae\" \/>\n\t\t<meta property=\"og:type\" content=\"article\" \/>\n\t\t<meta property=\"og:title\" content=\"Paleta de sombras de ojos | Maquillaje MONAT | Paleta de maquillaje\" \/>\n\t\t<meta property=\"og:description\" content=\"La paleta de sombras de ojos perfecta con nueve tonos intensamente pigmentados, sin talco, f\u00e1ciles de difuminar y de aplicaci\u00f3n graduable. Ideal para crear estilos naturales o sofisticados de d\u00eda o de noche.\" \/>\n\t\t<meta property=\"og:url\" content=\"https:\/\/monatglobal.com\/es\/makeup-eyeshadow\/\" \/>\n\t\t<meta property=\"article:published_time\" content=\"2024-09-06T21:24:56+00:00\" \/>\n\t\t<meta property=\"article:modified_time\" content=\"2026-02-06T16:50:53+00:00\" \/>\n\t\t<meta name=\"twitter:card\" content=\"summary_large_image\" \/>\n\t\t<meta name=\"twitter:title\" content=\"Paleta de sombras de ojos | Maquillaje MONAT | Paleta de maquillaje\" \/>\n\t\t<meta name=\"twitter:description\" content=\"La paleta de sombras de ojos perfecta con nueve tonos intensamente pigmentados, sin talco, f\u00e1ciles de difuminar y de aplicaci\u00f3n graduable. Ideal para crear estilos naturales o sofisticados de d\u00eda o de noche.\" \/>\n\t\t<script type=\"application\/ld+json\" class=\"aioseo-schema\">\n\t\t\t{\"@context\":\"https:\\\/\\\/schema.org\",\"@graph\":[{\"@type\":\"BreadcrumbList\",\"@id\":\"https:\\\/\\\/monatglobal.com\\\/es\\\/makeup-eyeshadow\\\/#breadcrumblist\",\"itemListElement\":[{\"@type\":\"ListItem\",\"@id\":\"https:\\\/\\\/monatglobal.com\\\/es#listItem\",\"position\":1,\"name\":\"Home\",\"item\":\"https:\\\/\\\/monatglobal.com\\\/es\",\"nextItem\":{\"@type\":\"ListItem\",\"@id\":\"https:\\\/\\\/monatglobal.com\\\/es\\\/makeup-eyeshadow\\\/#listItem\",\"name\":\"Paleta de sombras de ojos | Maquillaje MONAT | Paleta de maquillaje\"}},{\"@type\":\"ListItem\",\"@id\":\"https:\\\/\\\/monatglobal.com\\\/es\\\/makeup-eyeshadow\\\/#listItem\",\"position\":2,\"name\":\"Paleta de sombras de ojos | Maquillaje MONAT | Paleta de maquillaje\",\"previousItem\":{\"@type\":\"ListItem\",\"@id\":\"https:\\\/\\\/monatglobal.com\\\/es#listItem\",\"name\":\"Home\"}}]},{\"@type\":\"Organization\",\"@id\":\"https:\\\/\\\/monatglobal.com\\\/es\\\/#organization\",\"name\":\"MONAT Espa\\u00f1a\",\"description\":\"We Are Modern Nature\\u00ae\",\"url\":\"https:\\\/\\\/monatglobal.com\\\/es\\\/\"},{\"@type\":\"WebPage\",\"@id\":\"https:\\\/\\\/monatglobal.com\\\/es\\\/makeup-eyeshadow\\\/#webpage\",\"url\":\"https:\\\/\\\/monatglobal.com\\\/es\\\/makeup-eyeshadow\\\/\",\"name\":\"Paleta de sombras de ojos | Maquillaje MONAT | Paleta de maquillaje\",\"description\":\"La paleta de sombras de ojos perfecta con nueve tonos intensamente pigmentados, sin talco, f\\u00e1ciles de difuminar y de aplicaci\\u00f3n graduable. Ideal para crear estilos naturales o sofisticados de d\\u00eda o de noche.\",\"inLanguage\":\"en-US\",\"isPartOf\":{\"@id\":\"https:\\\/\\\/monatglobal.com\\\/es\\\/#website\"},\"breadcrumb\":{\"@id\":\"https:\\\/\\\/monatglobal.com\\\/es\\\/makeup-eyeshadow\\\/#breadcrumblist\"},\"image\":{\"@type\":\"ImageObject\",\"url\":\"https:\\\/\\\/monatglobal.com\\\/es\\\/wp-content\\\/uploads\\\/sites\\\/10\\\/2024\\\/09\\\/MONAT-Glam-essential-palette-ECOMM_2024-min.png\",\"@id\":\"https:\\\/\\\/monatglobal.com\\\/es\\\/makeup-eyeshadow\\\/#mainImage\",\"width\":641,\"height\":800},\"primaryImageOfPage\":{\"@id\":\"https:\\\/\\\/monatglobal.com\\\/es\\\/makeup-eyeshadow\\\/#mainImage\"},\"datePublished\":\"2024-09-06T21:24:56+01:00\",\"dateModified\":\"2026-02-06T16:50:53+00:00\"},{\"@type\":\"WebSite\",\"@id\":\"https:\\\/\\\/monatglobal.com\\\/es\\\/#website\",\"url\":\"https:\\\/\\\/monatglobal.com\\\/es\\\/\",\"name\":\"MONAT Espa\\u00f1a\",\"description\":\"We Are Modern Nature\\u00ae\",\"inLanguage\":\"en-US\",\"publisher\":{\"@id\":\"https:\\\/\\\/monatglobal.com\\\/es\\\/#organization\"}}]}\n\t\t<\/script>\n\t\t<!-- All in One SEO Pro -->\r\n\t\t<title>Paleta de sombras de ojos | Maquillaje MONAT | Paleta de maquillaje<\/title>\n\n","aioseo_head_json":{"title":"Paleta de sombras de ojos | Maquillaje MONAT | Paleta de maquillaje","description":"La paleta de sombras de ojos perfecta con nueve tonos intensamente pigmentados, sin talco, f\u00e1ciles de difuminar y de aplicaci\u00f3n graduable. Ideal para crear estilos naturales o sofisticados de d\u00eda o de noche.","canonical_url":"https:\/\/monatglobal.com\/es\/makeup-eyeshadow\/","robots":"max-image-preview:large","keywords":"","webmasterTools":{"miscellaneous":""},"schema":{"@context":"https:\/\/schema.org","@graph":[{"@type":"BreadcrumbList","@id":"https:\/\/monatglobal.com\/es\/makeup-eyeshadow\/#breadcrumblist","itemListElement":[{"@type":"ListItem","@id":"https:\/\/monatglobal.com\/es#listItem","position":1,"name":"Home","item":"https:\/\/monatglobal.com\/es","nextItem":{"@type":"ListItem","@id":"https:\/\/monatglobal.com\/es\/makeup-eyeshadow\/#listItem","name":"Paleta de sombras de ojos | Maquillaje MONAT | Paleta de maquillaje"}},{"@type":"ListItem","@id":"https:\/\/monatglobal.com\/es\/makeup-eyeshadow\/#listItem","position":2,"name":"Paleta de sombras de ojos | Maquillaje MONAT | Paleta de maquillaje","previousItem":{"@type":"ListItem","@id":"https:\/\/monatglobal.com\/es#listItem","name":"Home"}}]},{"@type":"Organization","@id":"https:\/\/monatglobal.com\/es\/#organization","name":"MONAT Espa\u00f1a","description":"We Are Modern Nature\u00ae","url":"https:\/\/monatglobal.com\/es\/"},{"@type":"WebPage","@id":"https:\/\/monatglobal.com\/es\/makeup-eyeshadow\/#webpage","url":"https:\/\/monatglobal.com\/es\/makeup-eyeshadow\/","name":"Paleta de sombras de ojos | Maquillaje MONAT | Paleta de maquillaje","description":"La paleta de sombras de ojos perfecta con nueve tonos intensamente pigmentados, sin talco, f\u00e1ciles de difuminar y de aplicaci\u00f3n graduable. Ideal para crear estilos naturales o sofisticados de d\u00eda o de noche.","inLanguage":"en-US","isPartOf":{"@id":"https:\/\/monatglobal.com\/es\/#website"},"breadcrumb":{"@id":"https:\/\/monatglobal.com\/es\/makeup-eyeshadow\/#breadcrumblist"},"image":{"@type":"ImageObject","url":"https:\/\/monatglobal.com\/es\/wp-content\/uploads\/sites\/10\/2024\/09\/MONAT-Glam-essential-palette-ECOMM_2024-min.png","@id":"https:\/\/monatglobal.com\/es\/makeup-eyeshadow\/#mainImage","width":641,"height":800},"primaryImageOfPage":{"@id":"https:\/\/monatglobal.com\/es\/makeup-eyeshadow\/#mainImage"},"datePublished":"2024-09-06T21:24:56+01:00","dateModified":"2026-02-06T16:50:53+00:00"},{"@type":"WebSite","@id":"https:\/\/monatglobal.com\/es\/#website","url":"https:\/\/monatglobal.com\/es\/","name":"MONAT Espa\u00f1a","description":"We Are Modern Nature\u00ae","inLanguage":"en-US","publisher":{"@id":"https:\/\/monatglobal.com\/es\/#organization"}}]},"og:locale":"en_US","og:site_name":"MONAT Espa\u00f1a - We Are Modern Nature\u00ae","og:type":"article","og:title":"Paleta de sombras de ojos | Maquillaje MONAT | Paleta de maquillaje","og:description":"La paleta de sombras de ojos perfecta con nueve tonos intensamente pigmentados, sin talco, f\u00e1ciles de difuminar y de aplicaci\u00f3n graduable. Ideal para crear estilos naturales o sofisticados de d\u00eda o de noche.","og:url":"https:\/\/monatglobal.com\/es\/makeup-eyeshadow\/","article:published_time":"2024-09-06T21:24:56+00:00","article:modified_time":"2026-02-06T16:50:53+00:00","twitter:card":"summary_large_image","twitter:title":"Paleta de sombras de ojos | Maquillaje MONAT | Paleta de maquillaje","twitter:description":"La paleta de sombras de ojos perfecta con nueve tonos intensamente pigmentados, sin talco, f\u00e1ciles de difuminar y de aplicaci\u00f3n graduable. Ideal para crear estilos naturales o sofisticados de d\u00eda o de noche."},"aioseo_meta_data":{"post_id":"85552","title":"Paleta de sombras de ojos | Maquillaje MONAT | Paleta de maquillaje","description":"La paleta de sombras de ojos perfecta con nueve tonos intensamente pigmentados, sin talco, f\u00e1ciles de difuminar y de aplicaci\u00f3n graduable. Ideal para crear estilos naturales o sofisticados de d\u00eda o de noche.","keywords":null,"keyphrases":{"focus":{"keyphrase":"","score":0,"analysis":{"keyphraseInTitle":{"score":0,"maxScore":9,"error":1}}},"additional":[]},"primary_term":null,"canonical_url":null,"og_title":null,"og_description":null,"og_object_type":"default","og_image_type":"default","og_image_url":null,"og_image_width":null,"og_image_height":null,"og_image_custom_url":null,"og_image_custom_fields":null,"og_video":"","og_custom_url":null,"og_article_section":null,"og_article_tags":null,"twitter_use_og":false,"twitter_card":"default","twitter_image_type":"default","twitter_image_url":null,"twitter_image_custom_url":null,"twitter_image_custom_fields":null,"twitter_title":null,"twitter_description":null,"schema":{"blockGraphs":[],"customGraphs":[],"default":{"data":{"Article":[],"Course":[],"Dataset":[],"FAQPage":[],"Movie":[],"Person":[],"Product":[],"ProductReview":[],"Car":[],"Recipe":[],"Service":[],"SoftwareApplication":[],"WebPage":[]},"graphName":"WebPage","isEnabled":true},"graphs":[]},"schema_type":"default","schema_type_options":null,"pillar_content":false,"robots_default":true,"robots_noindex":false,"robots_noarchive":false,"robots_nosnippet":false,"robots_nofollow":false,"robots_noimageindex":false,"robots_noodp":false,"robots_notranslate":false,"robots_max_snippet":"-1","robots_max_videopreview":"-1","robots_max_imagepreview":"large","priority":null,"frequency":"default","local_seo":null,"seo_analyzer_scan_date":"2025-08-14 18:48:42","limit_modified_date":false,"reviewed_by":null,"open_ai":"{\"title\":{\"suggestions\":[],\"usage\":0},\"description\":{\"suggestions\":[],\"usage\":0}}","ai":null,"created":"2024-09-19 20:03:56","updated":"2026-02-10 05:42:51"},"aioseo_breadcrumb":"<div class=\"aioseo-breadcrumbs\"><span class=\"aioseo-breadcrumb\">\n\t<a href=\"https:\/\/monatglobal.com\/es\" title=\"Home\">Home<\/a>\n<\/span><span class=\"aioseo-breadcrumb-separator\">&raquo;<\/span><span class=\"aioseo-breadcrumb\">\n\tPaleta de sombras de ojos | Maquillaje MONAT | Paleta de maquillaje\n<\/span><\/div>","aioseo_breadcrumb_json":[{"label":"Home","link":"https:\/\/monatglobal.com\/es"},{"label":"Paleta de sombras de ojos | Maquillaje MONAT | Paleta de maquillaje","link":"https:\/\/monatglobal.com\/es\/makeup-eyeshadow\/"}],"_links":{"self":[{"href":"https:\/\/monatglobal.com\/es\/wp-json\/wp\/v2\/pages\/85552","targetHints":{"allow":["GET"]}}],"collection":[{"href":"https:\/\/monatglobal.com\/es\/wp-json\/wp\/v2\/pages"}],"about":[{"href":"https:\/\/monatglobal.com\/es\/wp-json\/wp\/v2\/types\/page"}],"author":[{"embeddable":true,"href":"https:\/\/monatglobal.com\/es\/wp-json\/wp\/v2\/users\/31"}],"replies":[{"embeddable":true,"href":"https:\/\/monatglobal.com\/es\/wp-json\/wp\/v2\/comments?post=85552"}],"version-history":[{"count":25,"href":"https:\/\/monatglobal.com\/es\/wp-json\/wp\/v2\/pages\/85552\/revisions"}],"predecessor-version":[{"id":109003,"href":"https:\/\/monatglobal.com\/es\/wp-json\/wp\/v2\/pages\/85552\/revisions\/109003"}],"wp:featuredmedia":[{"embeddable":true,"href":"https:\/\/monatglobal.com\/es\/wp-json\/wp\/v2\/media\/84713"}],"wp:attachment":[{"href":"https:\/\/monatglobal.com\/es\/wp-json\/wp\/v2\/media?parent=85552"}],"wp:term":[{"taxonomy":"category","embeddable":true,"href":"https:\/\/monatglobal.com\/es\/wp-json\/wp\/v2\/categories?post=85552"},{"taxonomy":"post_tag","embeddable":true,"href":"https:\/\/monatglobal.com\/es\/wp-json\/wp\/v2\/tags?post=85552"}],"curies":[{"name":"wp","href":"https:\/\/api.w.org\/{rel}","templated":true}]}}