{"id":85461,"date":"2024-09-06T20:51:03","date_gmt":"2024-09-06T20:51:03","guid":{"rendered":"https:\/\/monatglobal.com\/au\/?page_id=85461"},"modified":"2026-01-26T18:10:01","modified_gmt":"2026-01-26T18:10:01","slug":"liquid-highlighter","status":"publish","type":"page","link":"https:\/\/monatglobal.com\/es\/liquid-highlighter\/","title":{"rendered":"Liquid Highlighter | Productos de maquillaje MONAT"},"content":{"rendered":"\n\n\t<!-- Title: Liquid Highlighter | Productos de maquillaje MONAT -->\n<!-- Meta: El mejor iluminador l\u00edquido del mercado que aporta m\u00e1xima luminosidad al instante, con niacinamida y escualano, formulado para iluminar, dejar la piel radiante y difuminar las imperfecciones -->\n<link rel=\"stylesheet\" href=\"https:\/\/monatglobal.com\/wp-content\/creative_css\/product_styles_sheet.css\"\/>\n    <!--==================================================== ECOMM SECTION ====================================================-->\n        <!--==================================================== Ecomm image ====================================================--> \n                    <img decoding=\"async\" alt=\"\" src=\"\" loading=\"lazy\"\/>\n                  <img decoding=\"async\" alt=\"BE CLARIFIED\u2122 Acne-Clearing Moisturizer overlaying a texture shot of the moisturizer.\" src=\"https:\/\/monatglobal.com\/wp-content\/uploads\/2023\/03\/pop-up-ecomm-be-clarified-Acne-Clearing-Moisturizer-texture.jpg\" loading=\"lazy\"\/>\n                  <img decoding=\"async\" alt=\"BE CLARIFIED\u2122 Acne-Clearing Moisturizer overlaying a texture shot of the moisturizer.\" src=\"https:\/\/monatglobal.com\/wp-content\/uploads\/2023\/03\/pop-up-ecomm-be-clarified-Acne-Clearing-Moisturizer-texture.jpg\" loading=\"lazy\"\/>\n                  <img decoding=\"async\" alt=\"A male smiling while holding BE CLARIFIED\u2122 Acne-Clearing Moisturizer.\" src=\"https:\/\/monatglobal.com\/wp-content\/uploads\/2023\/03\/pop-up-ecomm-be-clarified-Acne-Clearing-Moisturizer.jpg\" loading=\"lazy\"\/>\n                        <img decoding=\"async\" alt=\"\" src=\"\" data-lbxp=\"\" loading=\"lazy\"\/>\n                      <img decoding=\"async\" alt=\"BE CLARIFIED\u2122 Acne-Clearing Moisturizer overlaying a texture shot of the moisturizer.\" src=\"https:\/\/monatglobal.com\/wp-content\/uploads\/2023\/03\/pop-up-ecomm-be-clarified-Acne-Clearing-Moisturizer-texture.jpg\" data-lbxp=\"\" loading=\"lazy\"\/>\n                      <img decoding=\"async\" alt=\"BE CLARIFIED\u2122 Acne-Clearing Moisturizer overlaying a texture shot of the moisturizer.\" src=\"https:\/\/monatglobal.com\/wp-content\/uploads\/2023\/03\/pop-up-ecomm-be-clarified-Acne-Clearing-Moisturizer-texture.jpg\" data-lbxp=\"\" loading=\"lazy\"\/>\n                      <img decoding=\"async\" alt=\"A male smiling while holding BE CLARIFIED\u2122 Acne-Clearing Moisturizer.\" src=\"https:\/\/monatglobal.com\/wp-content\/uploads\/2023\/03\/pop-up-ecomm-be-clarified-Acne-Clearing-Moisturizer.jpg\" loading=\"lazy\"\/>\n        <!--==================================================== Ecomm information  ====================================================-->\n            <p>MONAT<\/p>\n            <h1>Liquid Highlighter\u2122 \ufe0f<\/h1>\n            <p>con niacinamida y escualano<\/p>\n            <p>Proporciona una luminosidad instant\u00e1nea para lucir radiante desde el interior.<\/p>\n            <p>10 ml \u212e 0.34 fl. oz.<\/p>\n            \n                <label for=\"champagne-shade\"><input type=\"radio\"  name=\"toneLiquidHighlighter\"\/><\/label>\n                <label for=\"rosegold-shade\"><input type=\"radio\"  name=\"toneLiquidHighlighter\"\/><\/label>\n          <!--==================================================== pricing box  ====================================================-->   \n                    <p>Precio cliente<br \/>37.00 \u20ac<\/p>\n                    <p>Precio cliente VIP<br \/>31.00 \u20ac<\/p>  \n          <!--==================================================== pricing box  ====================================================-->\n            <p>Para conocer m\u00e1s sobre la MONAT Liquid Highlighter\u2122\ufe0f, ponte en contacto con tu Market Partner de MONAT. <\/p>\n                <a target=\"_blank\" role=\"button\" href=\"\" aria-label=\"Go to MONAT Liquid Highlighter\u2122\ufe0f shop\" rel=\"noopener\">COMPRAR AHORA<\/a>\n    <!--==================================================== \/ECOMM SECTION  ====================================================-->\n    <!--==================================================== Benefits image ====================================================-->\n    \n        <source id=\"benefitsMobImg\" media=\"(max-width: 700px)\" srcset=\"\"\/>\n        <img decoding=\"async\" id=\"benefitsImg\" src=\"\" alt=\"\" loading=\"lazy\"\/>\n    \n    <!--==================================================== Benefits text ====================================================-->\n            <h2>BENEFICIOS<\/h2>\n            <h3>Con solo unas gotas, este iluminador l\u00edquido aporta dimensi\u00f3n y definici\u00f3n a los contornos naturales del rostro, como los p\u00f3mulos, la parte inferior de las cejas, el puente de la nariz y el arco de&nbsp;Cupido.<\/h3>\n            <p>Los ingredientes naturales y bot\u00e1nicos que cuidan la piel ayudan a mantenerla resplandeciente, hidratada y&nbsp;radiante.<\/p>\n            <!--==================================================== features image slide  ====================================================-->\n                    <img decoding=\"async\" src=\"\" alt=\"\" loading=\"lazy\"\/>\n                    <img decoding=\"async\" src=\"\" alt=\"\" loading=\"lazy\"\/>\n        <!--==================================================== features text ====================================================-->\n                <h3>Caracter\u00edsticas<\/h3>\n                    <p>\/ Aporta luminosidad y belleza a la piel<\/p>\n                    <p>\/ Ayuda a difuminar las imperfecciones de la piel<\/p>\n                    <p>\/ Su textura ligera y no grasa proporciona una cobertura modulable<\/p>\n                    <p>\/ Dos tonos universales: Champagne y Rose Gold <\/p>\n                    <p>\/ Apto para todo tipo de piel<\/p>\n                    <br \/>\n                <p>Fragancia \/ Sin fragancia<\/p>\n                <p>Textura \/ L\u00edquido suave<\/p>\n                <p>*Based on a consumer study with 35 women between ages 20-60 years, current users of loose powder. Tested by an independent laboratory.<\/p>\n    <!--==================================================== composition image mobile ====================================================-->\n    <img decoding=\"async\" src=\"\" alt=\"\" loading=\"lazy\"\/>\n    <!--==================================================== Why it works text ====================================================-->\n        <h2>Realza el brillo<\/h2>\n        <h3>Esta f\u00f3rmula contiene niacinamida, escualano, acetato de vitamina E y REJUVENIQE S\u2122 para aportar luminosidad y belleza mientras difumina las imperfecciones de la piel, mejorando su aspecto con el transcurso del&nbsp;tiempo.<\/h3>\n        \n<!--==================================================== Composition section ====================================================-->\n        <img decoding=\"async\" src=\"\" alt=\"\" loading=\"lazy\"\/>\n        <img decoding=\"async\" id=\"compImg_2\" src=\"\" alt=\"\" loading=\"lazy\"\/>\n                <!--==================================================== Directions text ====================================================--> \n                    <h3>Modo de empleo<\/h3>\n                        <p>\/ Agitar bien.<\/p>\n                        <p>\/ Aplicar en las \u00e1reas en las que se desee a\u00f1adir&nbsp;luminosidad.<\/p>\n                        <p>\/ Difuminar para conseguir una mayor luminosidad.<\/p>\n                        <p>\/ Se puede usar solo o a\u00f1adir unas gotas a tu base de maquillaje favorita para conseguir m\u00e1s&nbsp;luminosidad.<\/p> \n                <!--==================================================== Directions video ====================================================-->\n                    <!---->\n    <!--<p>MONAT Liquid Highlighter\u2122  <br \/>7:21<\/p>-->\n        <a target=\"_blank\" role=\"button\" href=\"\" aria-label=\"Go to MONAT Liquid Highlighter\u2122\ufe0f shop\" rel=\"noopener\">COMPRAR AHORA<\/a>\n    <!--==================================================== Ingredients section  ====================================================-->\n        <h2>INGREDIENTES PRINCIPALES<\/h2>\n          <img decoding=\"async\" src=\"https:\/\/monatglobal.com\/wp-content\/uploads\/2024\/07\/Niacinamide-.svg\" alt=\"icon of Niacinamide \"\/> \n      <p>Niacinamida<\/p>\n              <img decoding=\"async\" src=\"https:\/\/monatglobal.com\/wp-content\/uploads\/2024\/07\/Squalane.svg\" alt=\"icon of Squalane\"\/>\n      <p>Escualano<\/p>\n           <img decoding=\"async\" src=\"https:\/\/monatglobal.com\/wp-content\/uploads\/2024\/07\/Vitamin-E-Acetate-.svg\" alt=\"icon of Vitamin E Acetate\"\/>\n      <p>Acetato de vitamina E<\/p>\n            <img decoding=\"async\" src=\"https:\/\/monatglobal.com\/wp-content\/uploads\/2024\/07\/REJUVENIQE-S-1.svg\" alt=\"icon of  REJUVENIQE S\u2122\"\/> \n      <p>REJUVENIQE S\u2122<\/p>\n        <button id=\"myBtn\" type=\"button\">LISTA DE INGREDIENTES\n<\/button>\n        <!--==================================================== Modal content  ====================================================-->\n            \u00d7\n            <p>Aqua\/Water\/Eau, Glycerin, Diisostearyl Malate, Mica, Synthetic Fluorphlogopite, Hydroxypropyl Starch, Squalane, Lecithin, Niacinamide, Sclerotium Gum, Pullulan, Tocopheryl Acetate, Pisum Sativum (Pea) Extract, Sodium Phytate, Olea Europaea (Olive) Fruit Oil, Silica, Chenopodium Quinoa Seed Extract, Limnanthes Alba (Meadowfoam) Seed Oil, Xanthan Gum, Crambe Abyssinica Seed Oil, Tocopherol, Cocos Nucifera (Coconut) Oil, Camellia Oleifera Seed Oil, Daucus Carota Sativa (Carrot) Seed Oil, Simmondsia Chinensis (Jojoba) Seed Extract, Sodium Acrylates Copolymer, Capryloyl Glycerin\/Sebacic Acid Copolymer, Solanum Lycopersicum (Tomato) Seed Oil, Adansonia Digitata Oil, Caryocar Brasiliense Fruit Oil, Citrus Aurantifolia (Lime) Oil, Citrus Aurantium Bergamia (Bergamot) Fruit Oil, Citrus Limon (Lemon) Peel Oil, Gardenia Taitensis Flower Extract, Helianthus Annuus (Sunflower) Seed Oil, Mauritia Flexuosa Fruit Oil, Moringa Oleifera Seed Oil, Alcohol, Calcium Aluminum Borosilicate, Tin Oxide, Ethylhexylglycerin, Benzyl Alcohol, Sodium Benzoate, Potassium Sorbate, May Contain (+\/-): Titanium Dioxide (CI 77891), Iron Oxides (CI 77491).<\/p>\n    <!--==================================================== You might also like section ====================================================-->\n        <h2>PUEDE QUE TAMBI\u00c9N TE GUSTE<\/h2>\n        <!--==================================================== Slider YOU MIGHT ALSO LIKE ====================================================-->\n                   <a href=\"https:\/\/monatglobal.com\/es\/makeup-concealer\/#very-light\" aria-label=\"Go to MONAT Brighten + Correct Concealer\u2122\ufe0f\ufe0f page\">\n                    <img decoding=\"async\" src=\"https:\/\/monatglobal.com\/wp-content\/uploads\/2023\/08\/brighten_correct_concealer_very_light-ecomm.png\" alt=\"tube of MONAT Brighten + Correct Concealer\u2122\ufe0f\" loading=\"lazy\ufe0f\"\/>\n                    <p>MONAT Brighten + Correct Concealer\u2122\ufe0f\ufe0f<\/p>\n                  <\/a>\n                    <a href=\"https:\/\/monatglobal.com\/es\/makeup-eyeshadow\/\" aria-label=\"Go to MONAT Glam Essentials Palette\u2122 page\">\n                        <img decoding=\"async\" src=\"https:\/\/monatglobal.com\/wp-content\/uploads\/2024\/08\/MONAT-Glam-essential-palette-ECOMM_2024.png\" alt=\"MONAT Glam Essentials Palette\u2122\" loading=\"lazy\"\/>\n                        <p>MONAT Glam Essentials Palette\u2122<\/p>\n                    <\/a>\n                   <a href=\"https:\/\/monatglobal.com\/es\/lip-plumb-gloss\/\" aria-label=\"Go to MONAT Lip-Plumping Gloss\u2122 page\">\n                    <img decoding=\"async\" src=\"https:\/\/monatglobal.com\/wp-content\/uploads\/2024\/08\/LIP-PLUMPING-GLOSS-CLASSY-ECOMM_2024-min.png\" alt=\"MONAT Lip-Plumping Gloss\u2122\" loading=\"lazy\"\/>\n                    <p>MONAT <br \/> Lip-Plumping Gloss\u2122<\/p>\n                  <\/a>\n            <!-- If we need navigation buttons -->\n            <!-- If we need paginations -->\n    <a href=\"https:\/\/monatglobal.com\/es\/products\/?line=makeup\" aria-label=\"Go to Todos los productos de Makeup\">\n        <h3>Todos los productos de Makeup<\/h3>\n    <\/a>\n<!--==================================================== this link has to go last for it to work   ====================================================-->\n<!---->\n\n","protected":false},"excerpt":{"rendered":"<p>MONAT Liquid Highlighter\u2122 \ufe0f con niacinamida y escualano Proporciona una luminosidad instant\u00e1nea para lucir radiante desde el interior. 10 ml \u212e 0.34 fl. oz. Precio cliente37.00 \u20ac Precio cliente VIP31.00 \u20ac Para conocer m\u00e1s sobre la MONAT Liquid Highlighter\u2122\ufe0f, ponte en contacto con tu Market Partner de MONAT. COMPRAR AHORA BENEFICIOS Con solo unas gotas,&hellip;<\/p>\n","protected":false},"author":31,"featured_media":84714,"parent":0,"menu_order":0,"comment_status":"closed","ping_status":"closed","template":"","meta":{"inline_featured_image":false,"om_disable_all_campaigns":false,"_monsterinsights_skip_tracking":false,"_monsterinsights_sitenote_active":false,"_monsterinsights_sitenote_note":"","_monsterinsights_sitenote_category":0,"footnotes":""},"categories":[],"tags":[],"class_list":["post-85461","page","type-page","status-publish","has-post-thumbnail","hentry"],"aioseo_notices":[],"aioseo_head":"\n\t\t<!-- All in One SEO Pro 4.9.6 - aioseo.com -->\n\t<meta name=\"description\" content=\"El mejor iluminador l\u00edquido del mercado que aporta m\u00e1xima luminosidad, con niacinamida y escualeno, formulado para iluminar, dejar la piel radiante y difuminar las imperfecciones\" \/>\n\t<meta name=\"robots\" content=\"max-image-preview:large\" \/>\n\t<link rel=\"canonical\" href=\"https:\/\/monatglobal.com\/es\/liquid-highlighter\/\" \/>\n\t<meta name=\"generator\" content=\"All in One SEO Pro (AIOSEO) 4.9.6\" \/>\n\t\t<meta property=\"og:locale\" content=\"en_US\" \/>\n\t\t<meta property=\"og:site_name\" content=\"MONAT Espa\u00f1a - We Are Modern Nature\u00ae\" \/>\n\t\t<meta property=\"og:type\" content=\"article\" \/>\n\t\t<meta property=\"og:title\" content=\"Liquid Highlighter | Productos de maquillaje MONAT\" \/>\n\t\t<meta property=\"og:description\" content=\"El mejor iluminador l\u00edquido del mercado que aporta m\u00e1xima luminosidad, con niacinamida y escualeno, formulado para iluminar, dejar la piel radiante y difuminar las imperfecciones\" \/>\n\t\t<meta property=\"og:url\" content=\"https:\/\/monatglobal.com\/es\/liquid-highlighter\/\" \/>\n\t\t<meta property=\"article:published_time\" content=\"2024-09-06T20:51:03+00:00\" \/>\n\t\t<meta property=\"article:modified_time\" content=\"2026-01-26T18:10:01+00:00\" \/>\n\t\t<meta name=\"twitter:card\" content=\"summary_large_image\" \/>\n\t\t<meta name=\"twitter:title\" content=\"Liquid Highlighter | Productos de maquillaje MONAT\" \/>\n\t\t<meta name=\"twitter:description\" content=\"El mejor iluminador l\u00edquido del mercado que aporta m\u00e1xima luminosidad, con niacinamida y escualeno, formulado para iluminar, dejar la piel radiante y difuminar las imperfecciones\" \/>\n\t\t<script type=\"application\/ld+json\" class=\"aioseo-schema\">\n\t\t\t{\"@context\":\"https:\\\/\\\/schema.org\",\"@graph\":[{\"@type\":\"BreadcrumbList\",\"@id\":\"https:\\\/\\\/monatglobal.com\\\/es\\\/liquid-highlighter\\\/#breadcrumblist\",\"itemListElement\":[{\"@type\":\"ListItem\",\"@id\":\"https:\\\/\\\/monatglobal.com\\\/es#listItem\",\"position\":1,\"name\":\"Home\",\"item\":\"https:\\\/\\\/monatglobal.com\\\/es\",\"nextItem\":{\"@type\":\"ListItem\",\"@id\":\"https:\\\/\\\/monatglobal.com\\\/es\\\/liquid-highlighter\\\/#listItem\",\"name\":\"Liquid Highlighter | Productos de maquillaje MONAT\"}},{\"@type\":\"ListItem\",\"@id\":\"https:\\\/\\\/monatglobal.com\\\/es\\\/liquid-highlighter\\\/#listItem\",\"position\":2,\"name\":\"Liquid Highlighter | Productos de maquillaje MONAT\",\"previousItem\":{\"@type\":\"ListItem\",\"@id\":\"https:\\\/\\\/monatglobal.com\\\/es#listItem\",\"name\":\"Home\"}}]},{\"@type\":\"Organization\",\"@id\":\"https:\\\/\\\/monatglobal.com\\\/es\\\/#organization\",\"name\":\"MONAT Espa\\u00f1a\",\"description\":\"We Are Modern Nature\\u00ae\",\"url\":\"https:\\\/\\\/monatglobal.com\\\/es\\\/\"},{\"@type\":\"WebPage\",\"@id\":\"https:\\\/\\\/monatglobal.com\\\/es\\\/liquid-highlighter\\\/#webpage\",\"url\":\"https:\\\/\\\/monatglobal.com\\\/es\\\/liquid-highlighter\\\/\",\"name\":\"Liquid Highlighter | Productos de maquillaje MONAT\",\"description\":\"El mejor iluminador l\\u00edquido del mercado que aporta m\\u00e1xima luminosidad, con niacinamida y escualeno, formulado para iluminar, dejar la piel radiante y difuminar las imperfecciones\",\"inLanguage\":\"en-US\",\"isPartOf\":{\"@id\":\"https:\\\/\\\/monatglobal.com\\\/es\\\/#website\"},\"breadcrumb\":{\"@id\":\"https:\\\/\\\/monatglobal.com\\\/es\\\/liquid-highlighter\\\/#breadcrumblist\"},\"image\":{\"@type\":\"ImageObject\",\"url\":\"https:\\\/\\\/monatglobal.com\\\/es\\\/wp-content\\\/uploads\\\/sites\\\/10\\\/2024\\\/09\\\/LIQUID-HIGHLIGHTERS-CHAMPAGNE-ECOMM_2024-min.png\",\"@id\":\"https:\\\/\\\/monatglobal.com\\\/es\\\/liquid-highlighter\\\/#mainImage\",\"width\":641,\"height\":800},\"primaryImageOfPage\":{\"@id\":\"https:\\\/\\\/monatglobal.com\\\/es\\\/liquid-highlighter\\\/#mainImage\"},\"datePublished\":\"2024-09-06T20:51:03+01:00\",\"dateModified\":\"2026-01-26T18:10:01+00:00\"},{\"@type\":\"WebSite\",\"@id\":\"https:\\\/\\\/monatglobal.com\\\/es\\\/#website\",\"url\":\"https:\\\/\\\/monatglobal.com\\\/es\\\/\",\"name\":\"MONAT Espa\\u00f1a\",\"description\":\"We Are Modern Nature\\u00ae\",\"inLanguage\":\"en-US\",\"publisher\":{\"@id\":\"https:\\\/\\\/monatglobal.com\\\/es\\\/#organization\"}}]}\n\t\t<\/script>\n\t\t<!-- All in One SEO Pro -->\r\n\t\t<title>Liquid Highlighter | Productos de maquillaje MONAT<\/title>\n\n","aioseo_head_json":{"title":"Liquid Highlighter | Productos de maquillaje MONAT","description":"El mejor iluminador l\u00edquido del mercado que aporta m\u00e1xima luminosidad, con niacinamida y escualeno, formulado para iluminar, dejar la piel radiante y difuminar las imperfecciones","canonical_url":"https:\/\/monatglobal.com\/es\/liquid-highlighter\/","robots":"max-image-preview:large","keywords":"","webmasterTools":{"miscellaneous":""},"schema":{"@context":"https:\/\/schema.org","@graph":[{"@type":"BreadcrumbList","@id":"https:\/\/monatglobal.com\/es\/liquid-highlighter\/#breadcrumblist","itemListElement":[{"@type":"ListItem","@id":"https:\/\/monatglobal.com\/es#listItem","position":1,"name":"Home","item":"https:\/\/monatglobal.com\/es","nextItem":{"@type":"ListItem","@id":"https:\/\/monatglobal.com\/es\/liquid-highlighter\/#listItem","name":"Liquid Highlighter | Productos de maquillaje MONAT"}},{"@type":"ListItem","@id":"https:\/\/monatglobal.com\/es\/liquid-highlighter\/#listItem","position":2,"name":"Liquid Highlighter | Productos de maquillaje MONAT","previousItem":{"@type":"ListItem","@id":"https:\/\/monatglobal.com\/es#listItem","name":"Home"}}]},{"@type":"Organization","@id":"https:\/\/monatglobal.com\/es\/#organization","name":"MONAT Espa\u00f1a","description":"We Are Modern Nature\u00ae","url":"https:\/\/monatglobal.com\/es\/"},{"@type":"WebPage","@id":"https:\/\/monatglobal.com\/es\/liquid-highlighter\/#webpage","url":"https:\/\/monatglobal.com\/es\/liquid-highlighter\/","name":"Liquid Highlighter | Productos de maquillaje MONAT","description":"El mejor iluminador l\u00edquido del mercado que aporta m\u00e1xima luminosidad, con niacinamida y escualeno, formulado para iluminar, dejar la piel radiante y difuminar las imperfecciones","inLanguage":"en-US","isPartOf":{"@id":"https:\/\/monatglobal.com\/es\/#website"},"breadcrumb":{"@id":"https:\/\/monatglobal.com\/es\/liquid-highlighter\/#breadcrumblist"},"image":{"@type":"ImageObject","url":"https:\/\/monatglobal.com\/es\/wp-content\/uploads\/sites\/10\/2024\/09\/LIQUID-HIGHLIGHTERS-CHAMPAGNE-ECOMM_2024-min.png","@id":"https:\/\/monatglobal.com\/es\/liquid-highlighter\/#mainImage","width":641,"height":800},"primaryImageOfPage":{"@id":"https:\/\/monatglobal.com\/es\/liquid-highlighter\/#mainImage"},"datePublished":"2024-09-06T20:51:03+01:00","dateModified":"2026-01-26T18:10:01+00:00"},{"@type":"WebSite","@id":"https:\/\/monatglobal.com\/es\/#website","url":"https:\/\/monatglobal.com\/es\/","name":"MONAT Espa\u00f1a","description":"We Are Modern Nature\u00ae","inLanguage":"en-US","publisher":{"@id":"https:\/\/monatglobal.com\/es\/#organization"}}]},"og:locale":"en_US","og:site_name":"MONAT Espa\u00f1a - We Are Modern Nature\u00ae","og:type":"article","og:title":"Liquid Highlighter | Productos de maquillaje MONAT","og:description":"El mejor iluminador l\u00edquido del mercado que aporta m\u00e1xima luminosidad, con niacinamida y escualeno, formulado para iluminar, dejar la piel radiante y difuminar las imperfecciones","og:url":"https:\/\/monatglobal.com\/es\/liquid-highlighter\/","article:published_time":"2024-09-06T20:51:03+00:00","article:modified_time":"2026-01-26T18:10:01+00:00","twitter:card":"summary_large_image","twitter:title":"Liquid Highlighter | Productos de maquillaje MONAT","twitter:description":"El mejor iluminador l\u00edquido del mercado que aporta m\u00e1xima luminosidad, con niacinamida y escualeno, formulado para iluminar, dejar la piel radiante y difuminar las imperfecciones"},"aioseo_meta_data":{"post_id":"85461","title":"Liquid Highlighter | Productos de maquillaje MONAT","description":"El mejor iluminador l\u00edquido del mercado que aporta m\u00e1xima luminosidad, con niacinamida y escualeno, formulado para iluminar, dejar la piel radiante y difuminar las imperfecciones","keywords":null,"keyphrases":{"focus":{"keyphrase":"","score":0,"analysis":{"keyphraseInTitle":{"score":0,"maxScore":9,"error":1}}},"additional":[]},"primary_term":null,"canonical_url":null,"og_title":null,"og_description":null,"og_object_type":"default","og_image_type":"default","og_image_url":null,"og_image_width":null,"og_image_height":null,"og_image_custom_url":null,"og_image_custom_fields":null,"og_video":"","og_custom_url":null,"og_article_section":null,"og_article_tags":null,"twitter_use_og":false,"twitter_card":"default","twitter_image_type":"default","twitter_image_url":null,"twitter_image_custom_url":null,"twitter_image_custom_fields":null,"twitter_title":null,"twitter_description":null,"schema":{"blockGraphs":[],"customGraphs":[],"default":{"data":{"Article":[],"Course":[],"Dataset":[],"FAQPage":[],"Movie":[],"Person":[],"Product":[],"ProductReview":[],"Car":[],"Recipe":[],"Service":[],"SoftwareApplication":[],"WebPage":[]},"graphName":"WebPage","isEnabled":true},"graphs":[]},"schema_type":"default","schema_type_options":null,"pillar_content":false,"robots_default":true,"robots_noindex":false,"robots_noarchive":false,"robots_nosnippet":false,"robots_nofollow":false,"robots_noimageindex":false,"robots_noodp":false,"robots_notranslate":false,"robots_max_snippet":"-1","robots_max_videopreview":"-1","robots_max_imagepreview":"large","priority":null,"frequency":"default","local_seo":null,"seo_analyzer_scan_date":"2025-08-14 18:48:41","limit_modified_date":false,"reviewed_by":null,"open_ai":"{\"title\":{\"suggestions\":[],\"usage\":0},\"description\":{\"suggestions\":[],\"usage\":0}}","ai":null,"created":"2024-09-19 20:03:53","updated":"2026-02-10 05:42:51"},"aioseo_breadcrumb":"<div class=\"aioseo-breadcrumbs\"><span class=\"aioseo-breadcrumb\">\n\t<a href=\"https:\/\/monatglobal.com\/es\" title=\"Home\">Home<\/a>\n<\/span><span class=\"aioseo-breadcrumb-separator\">&raquo;<\/span><span class=\"aioseo-breadcrumb\">\n\tLiquid Highlighter | Productos de maquillaje MONAT\n<\/span><\/div>","aioseo_breadcrumb_json":[{"label":"Home","link":"https:\/\/monatglobal.com\/es"},{"label":"Liquid Highlighter | Productos de maquillaje MONAT","link":"https:\/\/monatglobal.com\/es\/liquid-highlighter\/"}],"_links":{"self":[{"href":"https:\/\/monatglobal.com\/es\/wp-json\/wp\/v2\/pages\/85461","targetHints":{"allow":["GET"]}}],"collection":[{"href":"https:\/\/monatglobal.com\/es\/wp-json\/wp\/v2\/pages"}],"about":[{"href":"https:\/\/monatglobal.com\/es\/wp-json\/wp\/v2\/types\/page"}],"author":[{"embeddable":true,"href":"https:\/\/monatglobal.com\/es\/wp-json\/wp\/v2\/users\/31"}],"replies":[{"embeddable":true,"href":"https:\/\/monatglobal.com\/es\/wp-json\/wp\/v2\/comments?post=85461"}],"version-history":[{"count":20,"href":"https:\/\/monatglobal.com\/es\/wp-json\/wp\/v2\/pages\/85461\/revisions"}],"predecessor-version":[{"id":108969,"href":"https:\/\/monatglobal.com\/es\/wp-json\/wp\/v2\/pages\/85461\/revisions\/108969"}],"wp:featuredmedia":[{"embeddable":true,"href":"https:\/\/monatglobal.com\/es\/wp-json\/wp\/v2\/media\/84714"}],"wp:attachment":[{"href":"https:\/\/monatglobal.com\/es\/wp-json\/wp\/v2\/media?parent=85461"}],"wp:term":[{"taxonomy":"category","embeddable":true,"href":"https:\/\/monatglobal.com\/es\/wp-json\/wp\/v2\/categories?post=85461"},{"taxonomy":"post_tag","embeddable":true,"href":"https:\/\/monatglobal.com\/es\/wp-json\/wp\/v2\/tags?post=85461"}],"curies":[{"name":"wp","href":"https:\/\/api.w.org\/{rel}","templated":true}]}}