{"id":84720,"date":"2024-09-09T14:54:08","date_gmt":"2024-09-09T13:54:08","guid":{"rendered":"https:\/\/monatglobal.com\/es\/?page_id=84720"},"modified":"2026-02-23T17:07:53","modified_gmt":"2026-02-23T17:07:53","slug":"lip-plumb-gloss","status":"publish","type":"page","link":"https:\/\/monatglobal.com\/es\/lip-plumb-gloss\/","title":{"rendered":"Voluminizador labial l Da volumen e hidrata al instante l Maquillaje MONAT"},"content":{"rendered":"\n\n\t<!--Voluminizador labial l Da volumen e hidrata al instante l Maquillaje MONAT-->\n<!--Nuestro Lip-Plumping Gloss es una f\u00f3rmula que aporta brillo e ingredientes naturales para dar volumen, hidratar y aten\u00faar el aspecto de las l\u00edneas de los labios inmediatamente.-->\n<link rel=\"stylesheet\" href=\"https:\/\/monatglobal.com\/wp-content\/creative_css\/product_styles_sheet.css\"\/>\n    <!--==================================================== ECOMM SECTION ====================================================-->\n        <!--==================================================== Ecomm image ====================================================-->\n            <p>M\u00c1S VENDIDOS<\/p>\n            NUEVO\n                    <img decoding=\"async\" alt=\"\" src=\"\" loading=\"lazy\"\/>\n                    <img decoding=\"async\" alt=\"\" src=\"\" loading=\"lazy\"\/>\n                    <img decoding=\"async\" alt=\"\" src=\"\" loading=\"lazy\"\/>\n                  <img decoding=\"async\" alt=\"A male smiling while holding BE CLARIFIED\u2122 Acne-Clearing Moisturizer.\" src=\"https:\/\/monatglobal.com\/wp-content\/uploads\/2023\/03\/pop-up-ecomm-be-clarified-Acne-Clearing-Moisturizer.jpg\" loading=\"lazy\"\/>\n                        <img decoding=\"async\" alt=\"\" src=\"\" data-lbxp=\"\" loading=\"lazy\"\/>\n                        <img decoding=\"async\" alt=\"\" src=\"\" data-lbxp=\"\" loading=\"lazy\"\/>\n                        <img decoding=\"async\" alt=\"\" src=\"\" data-lbxp=\"\" loading=\"lazy\"\/>\n                      <img decoding=\"async\" alt=\"A male smiling while holding BE CLARIFIED\u2122 Acne-Clearing Moisturizer.\" src=\"https:\/\/monatglobal.com\/wp-content\/uploads\/2023\/03\/pop-up-ecomm-be-clarified-Acne-Clearing-Moisturizer.jpg\" loading=\"lazy\"\/>\n        <!--==================================================== Ecomm information  ====================================================-->\n            <p>M\u00c1S VENDIDOS<\/p>\n            NUEVO\n            <p>MONAT<\/p>\n            <h1>Lip-Plumping  <br \/> Gloss\u2122<\/h1>\n            <p>With Vitamin E and Jojoba Esters<\/p>\n            <p>Esta f\u00f3rmula rica en antioxidantes hidrata y da volumen a los labios aportando un brillo superior. <\/p>\n            <p>6 ml \u212e 0.2 fl. oz.<\/p>\n            \n                 <label><input type=\"radio\" name=\"toneLip\"\/><\/label>\n                <label><input type=\"radio\" name=\"toneLip\"\/><\/label>\n                <label><input type=\"radio\" name=\"toneLip\"\/><\/label>\n                <label><input type=\"radio\" name=\"toneLip\"\/><\/label>\n                <label><input type=\"radio\" name=\"toneLip\"\/><\/label>\n                <label><input type=\"radio\" name=\"toneLip\"\/><\/label>\n          <!--==================================================== pricing box  ====================================================-->     \n         <p>Precio para Clientes<br \/>00.00 \u20ac<\/p>\n         <p>Precio para Clientes VIP<br \/>00.00  \u20ac<\/p>\n           <!--==================================================== pricing box  ====================================================--> \n            <p>Para obtener m\u00e1s informaci\u00f3n sobre MONAT Lip-Plumping Gloss\u2122\ufe0f, comun\u00edcate con tu Market Partner de MONAT.<\/p>\n      <a href=\"\" target=\"_blank\" role=\"button\" aria-label=\"\" rel=\"noopener\"><\/a>\n    <!--==================================================== \/ECOMM SECTION  ====================================================-->\n    <!--==================================================== Benefits image ====================================================-->\n    \n        <source id=\"benefitsMobImg\" media=\"(max-width: 700px)\" srcset=\"\"\/>\n        <img decoding=\"async\" id=\"benefitsImg\" src=\"\" alt=\"\" loading=\"lazy\"\/>\n    \n    <!--==================================================== Benefits text ====================================================-->\n            <h2>BENEFICIOS<\/h2>\n            <h3>MONAT Lip-Plumping Gloss\u2122 aporta hidrataci\u00f3n inmediata, una sensaci\u00f3n refrescante y un efecto voluminizador para lucir labios suaves y voluminosos.<\/h3>\n            <p> Esta f\u00f3rmula con brillo est\u00e1 disponible en cuatro tonos esenciales que se pueden usar solos para acentuar los labios naturales o en capas con tu MONAT Liquid Lipstick\u2122 favorito para a\u00f1adir volumen, brillo y glamour adicional.<\/p>\n            <!--==================================================== features image slide  ====================================================-->\n                    <img decoding=\"async\" src=\"\" alt=\"\" loading=\"lazy\"\/>\n                    <img decoding=\"async\" src=\"\" alt=\"\" loading=\"lazy\"\/>\n                    <img decoding=\"async\" src=\"\" alt=\"\" loading=\"lazy\"\/>\n        <!--==================================================== features text ====================================================-->\n                <h3>Caracter\u00edsticas<\/h3>\n                    <p>\/ Aporta hidrataci\u00f3n duradera al instante<\/p>\n                    <p>\/ Contiene una poderosa combinaci\u00f3n de ingredientes que ayudan a rellenar inmediatamente los labios d\u00e1ndoles firmeza y volumen <\/p>\n                    <p>\/ Disponible en 4 tonos universales: 2 con brillo natural y 2 con brillo intenso<\/p>\n                    <p>\/ Aten\u00faa las l\u00edneas finas de los labios*<\/p>\n                    <p>\/ Los labios se sienten hidratados, nutridos y con m\u00e1s volumen* <\/p> \n                       <p>*Basado en un estudio de 14 d\u00edas con 31 mujeres. Probado por un laboratorio independiente.<\/p>\n                 <br \/>\n                <p>FRAGANCIA \/ Sin fragancia<\/p>\n                <p>TEXTURA \/ Labial l\u00edquido con brillo<\/p>\n    <!--==================================================== composition image mobile ====================================================-->\n    <img decoding=\"async\" src=\"\" alt=\"\" loading=\"lazy\"\/>\n    <!--==================================================== Why it works text ====================================================-->\n        <h2>Realza el volumen<\/h2>\n              <h3>Consigue unos labios voluminosos y radiantes con la hidrataci\u00f3n que necesitas. <\/h3>\n        <p>Enriquecida con extracto de flor de granada, REJUVENIQE S\u2122 y aceites bot\u00e1nicos, esta f\u00f3rmula realza el volumen y aten\u00faa las l\u00edneas de los labios para que luzcan siempre perfectos. <\/p>\n<!--==================================================== Composition section ====================================================-->\n        <img decoding=\"async\" src=\"\" alt=\"\" loading=\"lazy\"\/>\n        <img decoding=\"async\" id=\"compImg_2\" src=\"\" alt=\"\" loading=\"lazy\"\/>\n                <!--==================================================== Directions text ====================================================--> \n                    <h3>Forma de uso<\/h3><br \/>\n                        <p>\/ Aplicar en los labios limpios y secos.<\/p>\n                <!--==================================================== Directions video ====================================================-->\n                    <!---->\n<!--<p>MONAT Lip-Plumping Gloss\u2122\ufe0f <br \/>7:21<\/p>-->\n  <a href=\"\" target=\"_blank\" role=\"button\" aria-label=\"\" rel=\"noopener\"><\/a>\n    <!--==================================================== Ingredients section  ====================================================-->\n        <h2>INGREDIENTES CLAVE<\/h2>\n          <img decoding=\"async\" src=\"https:\/\/monatglobal.com\/wp-content\/uploads\/2024\/08\/MONAT-Lip-Plumping-Complex.svg\" alt=\"icon of MONAT Lip-Plumping Complex \"\/> \n      <p>Complejo voluminizador labial MONAT<\/p>\n              <img decoding=\"async\" src=\"https:\/\/monatglobal.com\/wp-content\/uploads\/2024\/08\/Sodium-Hyaluronate.svg\" alt=\"icon of Sodium Hyaluronate\"\/>\n      <p>Hialuronato de sodio<\/p>\n           <img decoding=\"async\" src=\"https:\/\/monatglobal.com\/wp-content\/uploads\/2024\/07\/REJUVENIQE-S-1.svg\" alt=\"icon of REJUVENIQE S\u2122\"\/>\n      <p>REJUVENIQE S\u2122<\/p>\n            <img decoding=\"async\" src=\"https:\/\/monatglobal.com\/wp-content\/uploads\/2024\/08\/Blend-of-Botanical-Oils.svg\" alt=\"icon of Blend of Botanical Oils and Polyglycerides\"\/> \n      <p>Mezcla de aceites bot\u00e1nicos y poliglic\u00e9ridos <\/p>\n        <button id=\"myBtn\" type=\"button\">LISTA DE INGREDIENTES<\/button>\n        <!--==================================================== Modal content  ====================================================-->\n            \u00d7\n            Graceful y Confident:<br \/><br \/>\nRicinus Communis (Castor) Seed Oil, Mango Butter Dimer Dilinoleyl Esters\/Dimer Dilinoleate Copolymer, Oleic\/Linoleic\/Linolenic Polyglycerides, Simmondsia Chinensis (Jojoba) Seed Oil, Copernicia Cerifera (Carnauba) Wax\/Cire de Carnauba, Capryloyl Glycerin\/Sebacic Acid Copolymer, Polyhydroxystearic Acid, Menthoxypropanediol, Sodium Hyaluronate,Hydrogenated Rapeseed Oil, Mentha Piperita (Perppermint) Oil, Daucus Carota Sativa (Carrot) Seed Oil, Simmondsia Chinensis (Jojoba) Seed Extract, Solanum Lycopersicum (Tomato) Seed Oil, Punica Granatum Seed Oil, Punica Granatum Flower Extract, Hydrogenated Castor Oil, Gardenia Taitensis Flower Extract, Helianthus Annuus (Sunflower) Seed Oil, Mauritia Flexuosa Fruit Oil, Sorbitan Oleate, Limnanthes Alba (Meadowfoam) Seed Oil, Crambe Abyssinica Seed Oil, Camellia Oleifera Seed Oil, Adansonia Digitata Oil, Caryocar Brasiliense Fruit Oil, Citrus Aurantifolia (Lime) Oil, Citrus Aurantium Bergamia (Bergamot) Fruit Oil, Citrus Limon (Lemon) Peel Oil, Cocos Nucifera (Coconut) Oil, Moringa Oleifera Seed Oil, Olea Europaea (Olive) Fruit Oil, Caprylyl Glycol, Polyglyceryl-3 Diisostearate, Silica, MAY CONTAIN(+\/-): Titanium Dioxide (CI 77891), Iron Oxides (CI 77491, CI 77499), Red 7 (CI 15850).  \n<br \/><br \/>\nClassy, Effortless, Radiant y Authentic:<br \/><br \/>\nRicinus Communis (Castor) Seed Oil, Mango Butter Dimer Dilinoleyl Esters\/Dimer Dilinoleate Copolymer, Oleic\/Linoleic\/Linolenic Polyglycerides, Simmondsia Chinensis (Jojoba) Seed Oil, Copernicia Cerifera (Carnauba) Wax\/Cire de Carnauba, Capryloyl Glycerin\/Sebacic Acid Copolymer, Polyhydroxystearic Acid, Calcium Sodium Borosilicate, Menthoxypropanediol, Sodium Hyaluronate,Hydrogenated Rapeseed Oil, Mentha Piperita (Perppermint) Oil, Daucus Carota Sativa (Carrot) Seed Oil, Simmondsia Chinensis (Jojoba) Seed Extract, Solanum Lycopersicum (Tomato) Seed Oil, Punica Granatum Seed Oil, Punica Granatum Flower Extract, Hydrogenated Castor Oil, Gardenia Taitensis Flower Extract, Helianthus Annuus (Sunflower) Seed Oil, Mauritia Flexuosa Fruit Oil, Sorbitan Oleate, Limnanthes Alba (Meadowfoam) Seed Oil, Crambe Abyssinica Seed Oil, Camellia Oleifera Seed Oil, Adansonia Digitata Oil, Caryocar Brasiliense Fruit Oil, Citrus Aurantifolia (Lime) Oil, Citrus Aurantium Bergamia (Bergamot) Fruit Oil, Citrus Limon (Lemon) Peel Oil, Cocos Nucifera (Coconut) Oil, Moringa Oleifera Seed Oil, Olea Europaea (Olive) Fruit Oil, Caprylyl Glycol, Polyglyceryl-3 Diisostearate, Silica, Mica, Tin Oxide MAY CONTAIN(+\/-): Titanium Dioxide (CI 77891), Red 6 Lake (CI 15850), Red 7 (CI 15850) Iron Oxides (CI 77491, CI 77499), Yellow 5 Lake (CI 19140).\n    <!--==================================================== You might also like section ====================================================-->\n        <h2>TAMBI\u00c9N TE ENCANTAR\u00c1<\/h2>\n        <!--==================================================== Slider YOU MIGHT ALSO LIKE ====================================================-->\n         <!--==================================================== If we need navigation buttons  ====================================================-->\n         <!--==================================================== If we need paginations  ====================================================-->\n    <a href=\"\" aria-label=\"\"><\/a>\n<!--==================================================== this link has to go last for it to work   ====================================================-->\n\n","protected":false},"excerpt":{"rendered":"<p>M\u00c1S VENDIDOS NUEVO M\u00c1S VENDIDOS NUEVO MONAT Lip-Plumping Gloss\u2122 With Vitamin E and Jojoba Esters Esta f\u00f3rmula rica en antioxidantes hidrata y da volumen a los labios aportando un brillo superior. 6 ml \u212e 0.2 fl. oz. Precio para Clientes00.00 \u20ac Precio para Clientes VIP00.00 \u20ac Para obtener m\u00e1s informaci\u00f3n sobre MONAT Lip-Plumping Gloss\u2122\ufe0f, comun\u00edcate&hellip;<\/p>\n","protected":false},"author":31,"featured_media":84717,"parent":0,"menu_order":0,"comment_status":"closed","ping_status":"closed","template":"","meta":{"inline_featured_image":false,"om_disable_all_campaigns":false,"_monsterinsights_skip_tracking":false,"_monsterinsights_sitenote_active":false,"_monsterinsights_sitenote_note":"","_monsterinsights_sitenote_category":0,"footnotes":""},"categories":[31],"tags":[],"class_list":["post-84720","page","type-page","status-publish","has-post-thumbnail","hentry","category-product-es"],"aioseo_notices":[],"aioseo_head":"\n\t\t<!-- All in One SEO Pro 4.9.5.2 - aioseo.com -->\n\t<meta name=\"description\" content=\"Nuestro Lip-Plumping Gloss es una f\u00f3rmula que aporta brillo e ingredientes naturales para dar volumen, hidratar y aten\u00faar el aspecto de las l\u00edneas de los labios inmediatamente.\" \/>\n\t<meta name=\"robots\" content=\"max-image-preview:large\" \/>\n\t<link rel=\"canonical\" href=\"https:\/\/monatglobal.com\/es\/lip-plumb-gloss\/\" \/>\n\t<meta name=\"generator\" content=\"All in One SEO Pro (AIOSEO) 4.9.5.2\" \/>\n\t\t<meta property=\"og:locale\" content=\"en_US\" \/>\n\t\t<meta property=\"og:site_name\" content=\"MONAT Espa\u00f1a - We Are Modern Nature\u00ae\" \/>\n\t\t<meta property=\"og:type\" content=\"article\" \/>\n\t\t<meta property=\"og:title\" content=\"Voluminizador labial l Da volumen e hidrata al instante l Maquillaje MONAT\" \/>\n\t\t<meta property=\"og:description\" content=\"Nuestro Lip-Plumping Gloss es una f\u00f3rmula que aporta brillo e ingredientes naturales para dar volumen, hidratar y aten\u00faar el aspecto de las l\u00edneas de los labios inmediatamente.\" \/>\n\t\t<meta property=\"og:url\" content=\"https:\/\/monatglobal.com\/es\/lip-plumb-gloss\/\" \/>\n\t\t<meta property=\"article:published_time\" content=\"2024-09-09T13:54:08+00:00\" \/>\n\t\t<meta property=\"article:modified_time\" content=\"2026-02-23T17:07:53+00:00\" \/>\n\t\t<meta name=\"twitter:card\" content=\"summary_large_image\" \/>\n\t\t<meta name=\"twitter:title\" content=\"Voluminizador labial l Da volumen e hidrata al instante l Maquillaje MONAT\" \/>\n\t\t<meta name=\"twitter:description\" content=\"Nuestro Lip-Plumping Gloss es una f\u00f3rmula que aporta brillo e ingredientes naturales para dar volumen, hidratar y aten\u00faar el aspecto de las l\u00edneas de los labios inmediatamente.\" \/>\n\t\t<script type=\"application\/ld+json\" class=\"aioseo-schema\">\n\t\t\t{\"@context\":\"https:\\\/\\\/schema.org\",\"@graph\":[{\"@type\":\"BreadcrumbList\",\"@id\":\"https:\\\/\\\/monatglobal.com\\\/es\\\/lip-plumb-gloss\\\/#breadcrumblist\",\"itemListElement\":[{\"@type\":\"ListItem\",\"@id\":\"https:\\\/\\\/monatglobal.com\\\/es#listItem\",\"position\":1,\"name\":\"Home\",\"item\":\"https:\\\/\\\/monatglobal.com\\\/es\",\"nextItem\":{\"@type\":\"ListItem\",\"@id\":\"https:\\\/\\\/monatglobal.com\\\/es\\\/lip-plumb-gloss\\\/#listItem\",\"name\":\"Voluminizador labial l Da volumen e hidrata al instante l Maquillaje MONAT\"}},{\"@type\":\"ListItem\",\"@id\":\"https:\\\/\\\/monatglobal.com\\\/es\\\/lip-plumb-gloss\\\/#listItem\",\"position\":2,\"name\":\"Voluminizador labial l Da volumen e hidrata al instante l Maquillaje MONAT\",\"previousItem\":{\"@type\":\"ListItem\",\"@id\":\"https:\\\/\\\/monatglobal.com\\\/es#listItem\",\"name\":\"Home\"}}]},{\"@type\":\"Organization\",\"@id\":\"https:\\\/\\\/monatglobal.com\\\/es\\\/#organization\",\"name\":\"MONAT Espa\\u00f1a\",\"description\":\"We Are Modern Nature\\u00ae\",\"url\":\"https:\\\/\\\/monatglobal.com\\\/es\\\/\"},{\"@type\":\"WebPage\",\"@id\":\"https:\\\/\\\/monatglobal.com\\\/es\\\/lip-plumb-gloss\\\/#webpage\",\"url\":\"https:\\\/\\\/monatglobal.com\\\/es\\\/lip-plumb-gloss\\\/\",\"name\":\"Voluminizador labial l Da volumen e hidrata al instante l Maquillaje MONAT\",\"description\":\"Nuestro Lip-Plumping Gloss es una f\\u00f3rmula que aporta brillo e ingredientes naturales para dar volumen, hidratar y aten\\u00faar el aspecto de las l\\u00edneas de los labios inmediatamente.\",\"inLanguage\":\"en-US\",\"isPartOf\":{\"@id\":\"https:\\\/\\\/monatglobal.com\\\/es\\\/#website\"},\"breadcrumb\":{\"@id\":\"https:\\\/\\\/monatglobal.com\\\/es\\\/lip-plumb-gloss\\\/#breadcrumblist\"},\"image\":{\"@type\":\"ImageObject\",\"url\":\"https:\\\/\\\/monatglobal.com\\\/es\\\/wp-content\\\/uploads\\\/sites\\\/10\\\/2024\\\/09\\\/LIP-PLUMPING-GLOSS-GRACEFUL-ECOMM_2024-min.png\",\"@id\":\"https:\\\/\\\/monatglobal.com\\\/es\\\/lip-plumb-gloss\\\/#mainImage\",\"width\":641,\"height\":800},\"primaryImageOfPage\":{\"@id\":\"https:\\\/\\\/monatglobal.com\\\/es\\\/lip-plumb-gloss\\\/#mainImage\"},\"datePublished\":\"2024-09-09T14:54:08+01:00\",\"dateModified\":\"2026-02-23T17:07:53+00:00\"},{\"@type\":\"WebSite\",\"@id\":\"https:\\\/\\\/monatglobal.com\\\/es\\\/#website\",\"url\":\"https:\\\/\\\/monatglobal.com\\\/es\\\/\",\"name\":\"MONAT Espa\\u00f1a\",\"description\":\"We Are Modern Nature\\u00ae\",\"inLanguage\":\"en-US\",\"publisher\":{\"@id\":\"https:\\\/\\\/monatglobal.com\\\/es\\\/#organization\"}}]}\n\t\t<\/script>\n\t\t<!-- All in One SEO Pro -->\r\n\t\t<title>Voluminizador labial l Da volumen e hidrata al instante l Maquillaje MONAT<\/title>\n\n","aioseo_head_json":{"title":"Voluminizador labial l Da volumen e hidrata al instante l Maquillaje MONAT","description":"Nuestro Lip-Plumping Gloss es una f\u00f3rmula que aporta brillo e ingredientes naturales para dar volumen, hidratar y aten\u00faar el aspecto de las l\u00edneas de los labios inmediatamente.","canonical_url":"https:\/\/monatglobal.com\/es\/lip-plumb-gloss\/","robots":"max-image-preview:large","keywords":"","webmasterTools":{"miscellaneous":""},"schema":{"@context":"https:\/\/schema.org","@graph":[{"@type":"BreadcrumbList","@id":"https:\/\/monatglobal.com\/es\/lip-plumb-gloss\/#breadcrumblist","itemListElement":[{"@type":"ListItem","@id":"https:\/\/monatglobal.com\/es#listItem","position":1,"name":"Home","item":"https:\/\/monatglobal.com\/es","nextItem":{"@type":"ListItem","@id":"https:\/\/monatglobal.com\/es\/lip-plumb-gloss\/#listItem","name":"Voluminizador labial l Da volumen e hidrata al instante l Maquillaje MONAT"}},{"@type":"ListItem","@id":"https:\/\/monatglobal.com\/es\/lip-plumb-gloss\/#listItem","position":2,"name":"Voluminizador labial l Da volumen e hidrata al instante l Maquillaje MONAT","previousItem":{"@type":"ListItem","@id":"https:\/\/monatglobal.com\/es#listItem","name":"Home"}}]},{"@type":"Organization","@id":"https:\/\/monatglobal.com\/es\/#organization","name":"MONAT Espa\u00f1a","description":"We Are Modern Nature\u00ae","url":"https:\/\/monatglobal.com\/es\/"},{"@type":"WebPage","@id":"https:\/\/monatglobal.com\/es\/lip-plumb-gloss\/#webpage","url":"https:\/\/monatglobal.com\/es\/lip-plumb-gloss\/","name":"Voluminizador labial l Da volumen e hidrata al instante l Maquillaje MONAT","description":"Nuestro Lip-Plumping Gloss es una f\u00f3rmula que aporta brillo e ingredientes naturales para dar volumen, hidratar y aten\u00faar el aspecto de las l\u00edneas de los labios inmediatamente.","inLanguage":"en-US","isPartOf":{"@id":"https:\/\/monatglobal.com\/es\/#website"},"breadcrumb":{"@id":"https:\/\/monatglobal.com\/es\/lip-plumb-gloss\/#breadcrumblist"},"image":{"@type":"ImageObject","url":"https:\/\/monatglobal.com\/es\/wp-content\/uploads\/sites\/10\/2024\/09\/LIP-PLUMPING-GLOSS-GRACEFUL-ECOMM_2024-min.png","@id":"https:\/\/monatglobal.com\/es\/lip-plumb-gloss\/#mainImage","width":641,"height":800},"primaryImageOfPage":{"@id":"https:\/\/monatglobal.com\/es\/lip-plumb-gloss\/#mainImage"},"datePublished":"2024-09-09T14:54:08+01:00","dateModified":"2026-02-23T17:07:53+00:00"},{"@type":"WebSite","@id":"https:\/\/monatglobal.com\/es\/#website","url":"https:\/\/monatglobal.com\/es\/","name":"MONAT Espa\u00f1a","description":"We Are Modern Nature\u00ae","inLanguage":"en-US","publisher":{"@id":"https:\/\/monatglobal.com\/es\/#organization"}}]},"og:locale":"en_US","og:site_name":"MONAT Espa\u00f1a - We Are Modern Nature\u00ae","og:type":"article","og:title":"Voluminizador labial l Da volumen e hidrata al instante l Maquillaje MONAT","og:description":"Nuestro Lip-Plumping Gloss es una f\u00f3rmula que aporta brillo e ingredientes naturales para dar volumen, hidratar y aten\u00faar el aspecto de las l\u00edneas de los labios inmediatamente.","og:url":"https:\/\/monatglobal.com\/es\/lip-plumb-gloss\/","article:published_time":"2024-09-09T13:54:08+00:00","article:modified_time":"2026-02-23T17:07:53+00:00","twitter:card":"summary_large_image","twitter:title":"Voluminizador labial l Da volumen e hidrata al instante l Maquillaje MONAT","twitter:description":"Nuestro Lip-Plumping Gloss es una f\u00f3rmula que aporta brillo e ingredientes naturales para dar volumen, hidratar y aten\u00faar el aspecto de las l\u00edneas de los labios inmediatamente."},"aioseo_meta_data":{"post_id":"84720","title":"Voluminizador labial l Da volumen e hidrata al instante l Maquillaje MONAT","description":"Nuestro Lip-Plumping Gloss es una f\u00f3rmula que aporta brillo e ingredientes naturales para dar volumen, hidratar y aten\u00faar el aspecto de las l\u00edneas de los labios inmediatamente.","keywords":null,"keyphrases":{"focus":{"keyphrase":"","score":0,"analysis":{"keyphraseInTitle":{"score":0,"maxScore":9,"error":1}}},"additional":[]},"primary_term":null,"canonical_url":null,"og_title":null,"og_description":null,"og_object_type":"default","og_image_type":"default","og_image_url":null,"og_image_width":null,"og_image_height":null,"og_image_custom_url":null,"og_image_custom_fields":null,"og_video":"","og_custom_url":null,"og_article_section":null,"og_article_tags":null,"twitter_use_og":false,"twitter_card":"default","twitter_image_type":"default","twitter_image_url":null,"twitter_image_custom_url":null,"twitter_image_custom_fields":null,"twitter_title":null,"twitter_description":null,"schema":{"blockGraphs":[],"customGraphs":[],"default":{"data":{"Article":[],"Course":[],"Dataset":[],"FAQPage":[],"Movie":[],"Person":[],"Product":[],"ProductReview":[],"Car":[],"Recipe":[],"Service":[],"SoftwareApplication":[],"WebPage":[]},"graphName":"WebPage","isEnabled":true},"graphs":[]},"schema_type":"default","schema_type_options":null,"pillar_content":false,"robots_default":true,"robots_noindex":false,"robots_noarchive":false,"robots_nosnippet":false,"robots_nofollow":false,"robots_noimageindex":false,"robots_noodp":false,"robots_notranslate":false,"robots_max_snippet":"-1","robots_max_videopreview":"-1","robots_max_imagepreview":"large","priority":null,"frequency":"default","local_seo":null,"seo_analyzer_scan_date":"2026-02-23 17:16:36","limit_modified_date":false,"reviewed_by":null,"open_ai":"{\"title\":{\"suggestions\":[],\"usage\":0},\"description\":{\"suggestions\":[],\"usage\":0}}","ai":null,"created":"2024-09-09 13:30:53","updated":"2026-02-23 17:16:36"},"aioseo_breadcrumb":"<div class=\"aioseo-breadcrumbs\"><span class=\"aioseo-breadcrumb\">\n\t<a href=\"https:\/\/monatglobal.com\/es\" title=\"Home\">Home<\/a>\n<\/span><span class=\"aioseo-breadcrumb-separator\">&raquo;<\/span><span class=\"aioseo-breadcrumb\">\n\tVoluminizador labial l Da volumen e hidrata al instante l Maquillaje MONAT\n<\/span><\/div>","aioseo_breadcrumb_json":[{"label":"Home","link":"https:\/\/monatglobal.com\/es"},{"label":"Voluminizador labial l Da volumen e hidrata al instante l Maquillaje MONAT","link":"https:\/\/monatglobal.com\/es\/lip-plumb-gloss\/"}],"_links":{"self":[{"href":"https:\/\/monatglobal.com\/es\/wp-json\/wp\/v2\/pages\/84720","targetHints":{"allow":["GET"]}}],"collection":[{"href":"https:\/\/monatglobal.com\/es\/wp-json\/wp\/v2\/pages"}],"about":[{"href":"https:\/\/monatglobal.com\/es\/wp-json\/wp\/v2\/types\/page"}],"author":[{"embeddable":true,"href":"https:\/\/monatglobal.com\/es\/wp-json\/wp\/v2\/users\/31"}],"replies":[{"embeddable":true,"href":"https:\/\/monatglobal.com\/es\/wp-json\/wp\/v2\/comments?post=84720"}],"version-history":[{"count":45,"href":"https:\/\/monatglobal.com\/es\/wp-json\/wp\/v2\/pages\/84720\/revisions"}],"predecessor-version":[{"id":109143,"href":"https:\/\/monatglobal.com\/es\/wp-json\/wp\/v2\/pages\/84720\/revisions\/109143"}],"wp:featuredmedia":[{"embeddable":true,"href":"https:\/\/monatglobal.com\/es\/wp-json\/wp\/v2\/media\/84717"}],"wp:attachment":[{"href":"https:\/\/monatglobal.com\/es\/wp-json\/wp\/v2\/media?parent=84720"}],"wp:term":[{"taxonomy":"category","embeddable":true,"href":"https:\/\/monatglobal.com\/es\/wp-json\/wp\/v2\/categories?post=84720"},{"taxonomy":"post_tag","embeddable":true,"href":"https:\/\/monatglobal.com\/es\/wp-json\/wp\/v2\/tags?post=84720"}],"curies":[{"name":"wp","href":"https:\/\/api.w.org\/{rel}","templated":true}]}}