{"id":84591,"date":"2024-07-31T18:40:06","date_gmt":"2024-07-31T17:40:06","guid":{"rendered":"https:\/\/monatglobal.com\/es\/?page_id=84591"},"modified":"2025-01-27T21:25:19","modified_gmt":"2025-01-27T21:25:19","slug":"passport-2024","status":"publish","type":"page","link":"https:\/\/monatglobal.com\/es\/passport-2024\/","title":{"rendered":"MONAT Passport 2024 Tulum, M\u00e9xico"},"content":{"rendered":"\n\n\t<section id=\"bannerSec\">\n            <p>1 al 4 de <br \/>noviembre<\/p>\n            <p>TULUM, <br \/>M\u00e9xico<\/p> \n        <img decoding=\"async\" src=\"https:\/\/monatglobal.com\/wp-content\/uploads\/2024\/01\/passport-2024-logo.svg\"\/>\n             \n                <img decoding=\"async\" src=\"https:\/\/monatglobal.com\/wp-content\/uploads\/2024\/02\/callout-corner-left-ocre.svg\"\/>\n                Resort todo incluido\n                <img decoding=\"async\" src=\"https:\/\/monatglobal.com\/wp-content\/uploads\/2024\/02\/callout-corner-right-ocre.svg\"\/>\n            HILTON TULUM RIVIERA MAYA<br \/>  \n            TULUM, M\u00c9XICO\n<\/section>\n<section id=\"paradiseSec\">\n            <img decoding=\"async\" src=\"https:\/\/monatglobal.com\/wp-content\/uploads\/2024\/01\/tulum-cabins-min.jpg\" alt=\"\" loading=\"lazy\"\/>\n            <img decoding=\"async\" src=\"https:\/\/monatglobal.com\/wp-content\/uploads\/2024\/01\/Soak-in-a-sacred-cenote-min.jpg\" alt=\"\" loading=\"lazy\"\/>\n        <h2>Explora elpara\u00edso de la aventura<\/h2>\n        <p>Del 1 al 4 de noviembre<br \/> de 2024<\/p>\n            <img decoding=\"async\" src=\"https:\/\/monatglobal.com\/wp-content\/uploads\/2024\/01\/moon-icon.svg\" alt=\"\"\/>\n            <img decoding=\"async\" src=\"https:\/\/monatglobal.com\/wp-content\/uploads\/2024\/01\/palm-frame-min.png\" alt=\"\" loading=\"lazy\"\/>\n<\/section>\n                <img decoding=\"async\" src=\"https:\/\/monatglobal.com\/wp-content\/uploads\/2024\/01\/tulum-beaches-min.jpg\" alt=\"\" loading=\"lazy\"\/>\n            <p>Pasea por <br \/> playas   <br \/> exquisitas.  <\/p>  \n            <img decoding=\"async\" src=\"https:\/\/monatglobal.com\/wp-content\/uploads\/2024\/01\/arc-icon.svg\" alt=\"\"\/>\n            <img decoding=\"async\" src=\"https:\/\/monatglobal.com\/wp-content\/uploads\/2024\/01\/mayan-ruins-shore-min.jpg\" alt=\"\" loading=\"lazy\"\/>\n            <p>Ad\u00e9ntrate en el pasado en las m\u00edsticas ruinas Mayas. <\/p>\n            <img decoding=\"async\" src=\"https:\/\/monatglobal.com\/wp-content\/uploads\/2024\/01\/wave-icon.svg\" alt=\"\"\/>\n            <p>Busca la aventura en la deliciosa selva mexicana.<\/p>\n            <img decoding=\"async\" src=\"https:\/\/monatglobal.com\/wp-content\/uploads\/2024\/01\/mexican-jungle-min.jpg\" alt=\"\" loading=\"lazy\"\/>\n                <img decoding=\"async\" src=\"https:\/\/monatglobal.com\/wp-content\/uploads\/2024\/01\/Soak-in-a-sacred-cenote-min.jpg\" alt=\"\" loading=\"lazy\"\/>\n                <p>Ponte a remojo en un cenote (reserva de agua) sagrado.<\/p>\n            <p>Compra en el centro de esta ciudad cautivadora.  <\/p>\n            <img decoding=\"async\" src=\"https:\/\/monatglobal.com\/wp-content\/uploads\/2024\/01\/enchanted-city-center-min.jpg\" alt=\"\" loading=\"lazy\"\/>\n            <img decoding=\"async\" src=\"https:\/\/monatglobal.com\/wp-content\/uploads\/2024\/01\/exquisitely-appointed-room-min.jpg\" alt=\"\" loading=\"lazy\"\/>\n            <p>Duerme en la sublime comodidad de tu elegante habitaci\u00f3n.  <\/p>\n            <img decoding=\"async\" src=\"https:\/\/monatglobal.com\/wp-content\/uploads\/2024\/01\/palm-icon.svg\" alt=\"\"\/>\n<section id=\"amenities\">\n        <p>Unas instalaciones pr\u00e9mium <br \/> y un alojamiento de lujo <br \/>  te est\u00e1n esperando. <\/p>\n            <img decoding=\"async\" src=\"https:\/\/monatglobal.com\/wp-content\/uploads\/2024\/01\/Premier-amenities-min.jpg\" loading=\"lazy\"\/>\n                El nuevo Hilton Tulum rebosa de elegancia relajada y est\u00e1 situado junto a playas v\u00edrgenes de arena blanca. Cuenta con nueve piscinas, trece experiencias gastron\u00f3micas\n                    <img decoding=\"async\" src=\"https:\/\/monatglobal.com\/wp-content\/uploads\/2024\/02\/callout-corner-right-brown.svg\"\/>\n                     con todo incluido\n                    <img decoding=\"async\" src=\"https:\/\/monatglobal.com\/wp-content\/uploads\/2024\/02\/callout-corner-left-brown.svg\"\/>\n                y un ambiente de lujo tan sereno como sofisticado.  \n                <img decoding=\"async\" alt=\"\" src=\"https:\/\/monatglobal.com\/wp-content\/uploads\/2024\/01\/luxury-accommodations-min.jpg\" loading=\"lazy\"\/> \n    <p>Prep\u00e1rate para adentrarte en el so\u00f1ado Tulum, donde podr\u00e1s sumirte en espacios de descanso trascendental y rodearte de diversi\u00f3n sin fin durante Passport 2024.<\/p>\n        CALIFICACI\u00d3N <br \/>\nDel 1 de febrero<br \/> al 31 de julio<br \/> de 2024<br \/>\n \n            REQUISITOS\n            PREMIO\n                <p>GRUPO 1<\/p>\n                <ul> \n                    <li>PATROCINADOR PERSONAL: <br \/> 5 MPs, 13 Clientes VIP <\/li>\n                    <li>PATROCINIO GRUPO PERSONAL:  <br \/> 10 MPs, 30 Clientes VIP<\/li>\n                    <li>VOLUMEN DE GRUPO:  50.000 VG<\/li>\n                    <li>PAGADO COMO EL RANGO EN EL \u00daLTIMO MES DE CALIFICACI\u00d3N: Pagado como MMB+ en julio\n<\/li>\n                <\/ul>\n                <p>Hotel para&nbsp;1 persona <br \/> + <br \/> Paquete de comidas todo incluido para 1 persona <br \/> + <br \/> Billetes de avi\u00f3n para 1 persona<br \/> + <br \/> Transporte terrestre para el hotel  <br \/> (solo en las fechas programadas del viaje)<\/p>\n                <p>GRUPO 2<\/p>\n                <ul> \n                    <li>PATROCINADOR PERSONAL:  <br \/>7 MPs, 25 Clientes VIP<\/li>\n                    <li>PATROCINIO GRUPO PERSONAL: <br \/> 30 MPs, 90 Clientes VIP<\/li>\n                    <li>VOLUMEN DE GRUPO:  70.000 VG<\/li>\n                    <li>PAGADO COMO EL RANGO EN EL \u00daLTIMO MES DE CALIFICACI\u00d3N:   Pagado como AMM+ en julio\n<\/li>\n                <\/ul>\n                <p>Hotel para&nbsp;2 personas<br \/> + <br \/> Paquete de comidas todo incluido para 2 personas<br \/> + <br \/> Billetes de avi\u00f3n para 1 persona <br \/> + <br \/> Transporte terrestre para el hotel  <br \/> (solo en las fechas programadas del viaje)<\/p>\n                <p>GRUPO 3<\/p>\n                <ul> \n                    <li>PATROCINADOR PERSONAL: <br \/> 12 MPs, 38 Clientes VIP<\/li>\n                    <li>PATROCINIO GRUPO PERSONAL: <br \/> 45 MPs, 140 Clientes VIP<\/li>\n                    <li>VOLUMEN DE GRUPO:  100.000 VG<\/li>\n                    <li>RANGO PAGADO EN EL \u00daLTIMO MES DE CALIFICACI\u00d3N:   Pagado como MM+ en julio\n<\/li>\n                <\/ul>\n                <p>Hotel para&nbsp;2 personas <br \/> + <br \/> Paquete de comidas todo incluido para 2 <br \/> + <br \/> Billetes de avi\u00f3n para 2 <br \/> + <br \/> Transporte terrestre para el hotel  <br \/> (solo en las fechas programadas del viaje)<\/p>\n            Los Market Partners deben inscribirse con un pack de productos. <br \/>\n           Los Clientes VIP deben tener un Flexship activo hasta el d\u00eda 15 del mes siguiente a su inscripci\u00f3n.\n            <p><em>Las normas pueden variar seg\u00fan el pa\u00eds. Todos los  Market Partners deben revisar las preguntas frecuentes de su pa\u00eds de inscripci\u00f3n para saber los criterios de calificaci\u00f3n.  <\/em> <\/p>\n            <h2>QU\u00c9 <br \/> INCLUYE:<\/h2>\n            <h2>QU\u00c9 <br \/> INCLUYE:<\/h2>\n            <ul>\n                <li>3 noches en el resort todo incluido Hilton Tulum Riviera Maya. <\/li> \n                <li>Billete de ida y vuelta desde el Aeropuerto Internacional de Canc\u00fan (CUN) o el Aeropuerto Internacional de Tulum (TQO) para una persona*.<\/li>\n                <li>Traslados terrestres de ida y vuelta al complejo durante las fechas de viaje del programa.<\/li>\n                <li>Reconocimiento exclusivo.<\/li>\n                <li>Paquete de comida y bebida todo incluido para una persona (y un acompa\u00f1ante en los grupos 2 y 3) en m\u00e1s de 13 restaurantes y bares exclusivos. Los asistentes correr\u00e1n con los gastos de las especialidades solicitadas. <\/li>\n                <li>M\u00fasica y entretenimiento cada noche.<\/li>\n                 <li>9 piscinas en el hotel.<\/li>\n                <li>Playa de arena blanca.<\/li>\n            <\/ul>\n            <p>Pon a punto tu pasaporte y prep\u00e1rate para disfrutar de la escapada playera m\u00e1s elegante.<\/p>\n        <img decoding=\"async\" src=\"https:\/\/monatglobal.com\/wp-content\/uploads\/2024\/01\/passport-getaway-min.jpg\" loading=\"lazy\"\/>\n<\/section>\n<section id=\"shineSec\">\n            <img decoding=\"async\" src=\"https:\/\/monatglobal.com\/wp-content\/uploads\/2018\/05\/01.-Managing-market-partner.png\" loading=\"lazy\"\/>        \n        <h2>Es tu oportunidad   <br \/> para brillar.<\/h2>\n        <p>\u00bfRecibir\u00e1s un reconocimiento en Passaport 2024?<\/p>\n            <p>Celebraremos a las personas con mejor desempe\u00f1o de estas categor\u00edas durante el periodo de cualificaci\u00f3n de Passport 2024: <\/p>\n            <ul>\n                <li>Top ventas VIP<\/li>\n                <li>Top patrocinios<\/li>\n                <li>Top inscripciones VIP <\/li>\n                <li>Top consistencia (pagados como el rango)<\/li>\n            <\/ul>\n        <p>\u00a1Muy pronto conocer\u00e1s m\u00e1s detalles!<\/p>\n        <p>Las categor\u00edas que reconoceremos est\u00e1n sujetas a cambios.<\/p>\n            <a href=\"https:\/\/monatglobal.com\/es\/wp-content\/uploads\/sites\/10\/2024\/02\/SP_Passport-2024-FAQ_013024_v2.pdf\" target=\"_blank\" rel=\"noopener\">Preguntas Frecuente<\/a>\n            <a href=\"https:\/\/monatglobal.com\/es\/wp-content\/uploads\/sites\/10\/2024\/02\/FR_Passaport-2024_Terms-and-Conditions_013024_v1.pdf\" target=\"_blank\" rel=\"noopener\">\n                <p>T\u00e9rminos y condiciones<\/p>\n            <\/a>\n        #MONATpassport\n<\/section>\n\n","protected":false},"excerpt":{"rendered":"<p>1 al 4 de noviembre TULUM, M\u00e9xico Resort todo incluido HILTON TULUM RIVIERA MAYA TULUM, M\u00c9XICO Explora elpara\u00edso de la aventura Del 1 al 4 de noviembre de 2024 Pasea por playas exquisitas. Ad\u00e9ntrate en el pasado en las m\u00edsticas ruinas Mayas. Busca la aventura en la deliciosa selva mexicana. Ponte a remojo en un&hellip;<\/p>\n","protected":false},"author":33,"featured_media":84108,"parent":0,"menu_order":0,"comment_status":"closed","ping_status":"closed","template":"","meta":{"inline_featured_image":false,"om_disable_all_campaigns":false,"_monsterinsights_skip_tracking":false,"_monsterinsights_sitenote_active":false,"_monsterinsights_sitenote_note":"","_monsterinsights_sitenote_category":0,"footnotes":""},"categories":[],"tags":[],"class_list":["post-84591","page","type-page","status-publish","has-post-thumbnail","hentry"],"aioseo_notices":[],"aioseo_head":"\n\t\t<!-- All in One SEO Pro 4.9.6 - aioseo.com -->\n\t<meta name=\"description\" content=\"1 al 4 de noviembre TULUM, M\u00e9xico Resort todo incluido HILTON TULUM RIVIERA MAYA TULUM, M\u00c9XICO Explora elpara\u00edso de la aventura Del 1 al 4 de noviembre de 2024 Pasea por playas exquisitas. Ad\u00e9ntrate en el pasado en las m\u00edsticas ruinas Mayas. Busca la aventura en la deliciosa selva mexicana. Ponte a remojo en un\" \/>\n\t<meta name=\"robots\" content=\"max-image-preview:large\" \/>\n\t<link rel=\"canonical\" href=\"https:\/\/monatglobal.com\/es\/passport-2024\/\" \/>\n\t<meta name=\"generator\" content=\"All in One SEO Pro (AIOSEO) 4.9.6\" \/>\n\t\t<meta property=\"og:locale\" content=\"en_US\" \/>\n\t\t<meta property=\"og:site_name\" content=\"MONAT Espa\u00f1a - We Are Modern Nature\u00ae\" \/>\n\t\t<meta property=\"og:type\" content=\"article\" \/>\n\t\t<meta property=\"og:title\" content=\"MONAT Passport 2024 Tulum, M\u00e9xico - MONAT Espa\u00f1a\" \/>\n\t\t<meta property=\"og:description\" content=\"1 al 4 de noviembre TULUM, M\u00e9xico Resort todo incluido HILTON TULUM RIVIERA MAYA TULUM, M\u00c9XICO Explora elpara\u00edso de la aventura Del 1 al 4 de noviembre de 2024 Pasea por playas exquisitas. Ad\u00e9ntrate en el pasado en las m\u00edsticas ruinas Mayas. Busca la aventura en la deliciosa selva mexicana. Ponte a remojo en un\" \/>\n\t\t<meta property=\"og:url\" content=\"https:\/\/monatglobal.com\/es\/passport-2024\/\" \/>\n\t\t<meta property=\"article:published_time\" content=\"2024-07-31T17:40:06+00:00\" \/>\n\t\t<meta property=\"article:modified_time\" content=\"2025-01-27T21:25:19+00:00\" \/>\n\t\t<meta name=\"twitter:card\" content=\"summary_large_image\" \/>\n\t\t<meta name=\"twitter:title\" content=\"MONAT Passport 2024 Tulum, M\u00e9xico - MONAT Espa\u00f1a\" \/>\n\t\t<meta name=\"twitter:description\" content=\"1 al 4 de noviembre TULUM, M\u00e9xico Resort todo incluido HILTON TULUM RIVIERA MAYA TULUM, M\u00c9XICO Explora elpara\u00edso de la aventura Del 1 al 4 de noviembre de 2024 Pasea por playas exquisitas. Ad\u00e9ntrate en el pasado en las m\u00edsticas ruinas Mayas. Busca la aventura en la deliciosa selva mexicana. Ponte a remojo en un\" \/>\n\t\t<script type=\"application\/ld+json\" class=\"aioseo-schema\">\n\t\t\t{\"@context\":\"https:\\\/\\\/schema.org\",\"@graph\":[{\"@type\":\"BreadcrumbList\",\"@id\":\"https:\\\/\\\/monatglobal.com\\\/es\\\/passport-2024\\\/#breadcrumblist\",\"itemListElement\":[{\"@type\":\"ListItem\",\"@id\":\"https:\\\/\\\/monatglobal.com\\\/es#listItem\",\"position\":1,\"name\":\"Home\",\"item\":\"https:\\\/\\\/monatglobal.com\\\/es\",\"nextItem\":{\"@type\":\"ListItem\",\"@id\":\"https:\\\/\\\/monatglobal.com\\\/es\\\/passport-2024\\\/#listItem\",\"name\":\"MONAT Passport 2024 Tulum, M\\u00e9xico\"}},{\"@type\":\"ListItem\",\"@id\":\"https:\\\/\\\/monatglobal.com\\\/es\\\/passport-2024\\\/#listItem\",\"position\":2,\"name\":\"MONAT Passport 2024 Tulum, M\\u00e9xico\",\"previousItem\":{\"@type\":\"ListItem\",\"@id\":\"https:\\\/\\\/monatglobal.com\\\/es#listItem\",\"name\":\"Home\"}}]},{\"@type\":\"Organization\",\"@id\":\"https:\\\/\\\/monatglobal.com\\\/es\\\/#organization\",\"name\":\"MONAT Espa\\u00f1a\",\"description\":\"We Are Modern Nature\\u00ae\",\"url\":\"https:\\\/\\\/monatglobal.com\\\/es\\\/\"},{\"@type\":\"WebPage\",\"@id\":\"https:\\\/\\\/monatglobal.com\\\/es\\\/passport-2024\\\/#webpage\",\"url\":\"https:\\\/\\\/monatglobal.com\\\/es\\\/passport-2024\\\/\",\"name\":\"MONAT Passport 2024 Tulum, M\\u00e9xico - MONAT Espa\\u00f1a\",\"description\":\"1 al 4 de noviembre TULUM, M\\u00e9xico Resort todo incluido HILTON TULUM RIVIERA MAYA TULUM, M\\u00c9XICO Explora elpara\\u00edso de la aventura Del 1 al 4 de noviembre de 2024 Pasea por playas exquisitas. Ad\\u00e9ntrate en el pasado en las m\\u00edsticas ruinas Mayas. Busca la aventura en la deliciosa selva mexicana. Ponte a remojo en un\",\"inLanguage\":\"en-US\",\"isPartOf\":{\"@id\":\"https:\\\/\\\/monatglobal.com\\\/es\\\/#website\"},\"breadcrumb\":{\"@id\":\"https:\\\/\\\/monatglobal.com\\\/es\\\/passport-2024\\\/#breadcrumblist\"},\"image\":{\"@type\":\"ImageObject\",\"url\":\"https:\\\/\\\/monatglobal.com\\\/es\\\/wp-content\\\/uploads\\\/sites\\\/10\\\/2024\\\/02\\\/monat-passport-2024-Tulum-Mexico-min.jpg\",\"@id\":\"https:\\\/\\\/monatglobal.com\\\/es\\\/passport-2024\\\/#mainImage\",\"width\":2454,\"height\":1398},\"primaryImageOfPage\":{\"@id\":\"https:\\\/\\\/monatglobal.com\\\/es\\\/passport-2024\\\/#mainImage\"},\"datePublished\":\"2024-07-31T18:40:06+01:00\",\"dateModified\":\"2025-01-27T21:25:19+00:00\"},{\"@type\":\"WebSite\",\"@id\":\"https:\\\/\\\/monatglobal.com\\\/es\\\/#website\",\"url\":\"https:\\\/\\\/monatglobal.com\\\/es\\\/\",\"name\":\"MONAT Espa\\u00f1a\",\"description\":\"We Are Modern Nature\\u00ae\",\"inLanguage\":\"en-US\",\"publisher\":{\"@id\":\"https:\\\/\\\/monatglobal.com\\\/es\\\/#organization\"}}]}\n\t\t<\/script>\n\t\t<!-- All in One SEO Pro -->\r\n\t\t<title>MONAT Passport 2024 Tulum, M\u00e9xico - MONAT Espa\u00f1a<\/title>\n\n","aioseo_head_json":{"title":"MONAT Passport 2024 Tulum, M\u00e9xico - MONAT Espa\u00f1a","description":"1 al 4 de noviembre TULUM, M\u00e9xico Resort todo incluido HILTON TULUM RIVIERA MAYA TULUM, M\u00c9XICO Explora elpara\u00edso de la aventura Del 1 al 4 de noviembre de 2024 Pasea por playas exquisitas. Ad\u00e9ntrate en el pasado en las m\u00edsticas ruinas Mayas. Busca la aventura en la deliciosa selva mexicana. Ponte a remojo en un","canonical_url":"https:\/\/monatglobal.com\/es\/passport-2024\/","robots":"max-image-preview:large","keywords":"","webmasterTools":{"miscellaneous":""},"schema":{"@context":"https:\/\/schema.org","@graph":[{"@type":"BreadcrumbList","@id":"https:\/\/monatglobal.com\/es\/passport-2024\/#breadcrumblist","itemListElement":[{"@type":"ListItem","@id":"https:\/\/monatglobal.com\/es#listItem","position":1,"name":"Home","item":"https:\/\/monatglobal.com\/es","nextItem":{"@type":"ListItem","@id":"https:\/\/monatglobal.com\/es\/passport-2024\/#listItem","name":"MONAT Passport 2024 Tulum, M\u00e9xico"}},{"@type":"ListItem","@id":"https:\/\/monatglobal.com\/es\/passport-2024\/#listItem","position":2,"name":"MONAT Passport 2024 Tulum, M\u00e9xico","previousItem":{"@type":"ListItem","@id":"https:\/\/monatglobal.com\/es#listItem","name":"Home"}}]},{"@type":"Organization","@id":"https:\/\/monatglobal.com\/es\/#organization","name":"MONAT Espa\u00f1a","description":"We Are Modern Nature\u00ae","url":"https:\/\/monatglobal.com\/es\/"},{"@type":"WebPage","@id":"https:\/\/monatglobal.com\/es\/passport-2024\/#webpage","url":"https:\/\/monatglobal.com\/es\/passport-2024\/","name":"MONAT Passport 2024 Tulum, M\u00e9xico - MONAT Espa\u00f1a","description":"1 al 4 de noviembre TULUM, M\u00e9xico Resort todo incluido HILTON TULUM RIVIERA MAYA TULUM, M\u00c9XICO Explora elpara\u00edso de la aventura Del 1 al 4 de noviembre de 2024 Pasea por playas exquisitas. Ad\u00e9ntrate en el pasado en las m\u00edsticas ruinas Mayas. Busca la aventura en la deliciosa selva mexicana. Ponte a remojo en un","inLanguage":"en-US","isPartOf":{"@id":"https:\/\/monatglobal.com\/es\/#website"},"breadcrumb":{"@id":"https:\/\/monatglobal.com\/es\/passport-2024\/#breadcrumblist"},"image":{"@type":"ImageObject","url":"https:\/\/monatglobal.com\/es\/wp-content\/uploads\/sites\/10\/2024\/02\/monat-passport-2024-Tulum-Mexico-min.jpg","@id":"https:\/\/monatglobal.com\/es\/passport-2024\/#mainImage","width":2454,"height":1398},"primaryImageOfPage":{"@id":"https:\/\/monatglobal.com\/es\/passport-2024\/#mainImage"},"datePublished":"2024-07-31T18:40:06+01:00","dateModified":"2025-01-27T21:25:19+00:00"},{"@type":"WebSite","@id":"https:\/\/monatglobal.com\/es\/#website","url":"https:\/\/monatglobal.com\/es\/","name":"MONAT Espa\u00f1a","description":"We Are Modern Nature\u00ae","inLanguage":"en-US","publisher":{"@id":"https:\/\/monatglobal.com\/es\/#organization"}}]},"og:locale":"en_US","og:site_name":"MONAT Espa\u00f1a - We Are Modern Nature\u00ae","og:type":"article","og:title":"MONAT Passport 2024 Tulum, M\u00e9xico - MONAT Espa\u00f1a","og:description":"1 al 4 de noviembre TULUM, M\u00e9xico Resort todo incluido HILTON TULUM RIVIERA MAYA TULUM, M\u00c9XICO Explora elpara\u00edso de la aventura Del 1 al 4 de noviembre de 2024 Pasea por playas exquisitas. Ad\u00e9ntrate en el pasado en las m\u00edsticas ruinas Mayas. Busca la aventura en la deliciosa selva mexicana. Ponte a remojo en un","og:url":"https:\/\/monatglobal.com\/es\/passport-2024\/","article:published_time":"2024-07-31T17:40:06+00:00","article:modified_time":"2025-01-27T21:25:19+00:00","twitter:card":"summary_large_image","twitter:title":"MONAT Passport 2024 Tulum, M\u00e9xico - MONAT Espa\u00f1a","twitter:description":"1 al 4 de noviembre TULUM, M\u00e9xico Resort todo incluido HILTON TULUM RIVIERA MAYA TULUM, M\u00c9XICO Explora elpara\u00edso de la aventura Del 1 al 4 de noviembre de 2024 Pasea por playas exquisitas. Ad\u00e9ntrate en el pasado en las m\u00edsticas ruinas Mayas. Busca la aventura en la deliciosa selva mexicana. Ponte a remojo en un"},"aioseo_meta_data":{"post_id":"84591","title":null,"description":null,"keywords":null,"keyphrases":{"focus":{"keyphrase":"","score":0,"analysis":{"keyphraseInTitle":{"score":0,"maxScore":9,"error":1}}},"additional":[]},"primary_term":null,"canonical_url":null,"og_title":null,"og_description":null,"og_object_type":"default","og_image_type":"default","og_image_url":null,"og_image_width":null,"og_image_height":null,"og_image_custom_url":null,"og_image_custom_fields":null,"og_video":"","og_custom_url":null,"og_article_section":null,"og_article_tags":null,"twitter_use_og":false,"twitter_card":"default","twitter_image_type":"default","twitter_image_url":null,"twitter_image_custom_url":null,"twitter_image_custom_fields":null,"twitter_title":null,"twitter_description":null,"schema":{"blockGraphs":[],"customGraphs":[],"default":{"data":{"Article":[],"Course":[],"Dataset":[],"FAQPage":[],"Movie":[],"Person":[],"Product":[],"ProductReview":[],"Car":[],"Recipe":[],"Service":[],"SoftwareApplication":[],"WebPage":[]},"graphName":"WebPage","isEnabled":true},"graphs":[]},"schema_type":"default","schema_type_options":null,"pillar_content":false,"robots_default":true,"robots_noindex":false,"robots_noarchive":false,"robots_nosnippet":false,"robots_nofollow":false,"robots_noimageindex":false,"robots_noodp":false,"robots_notranslate":false,"robots_max_snippet":"-1","robots_max_videopreview":"-1","robots_max_imagepreview":"large","priority":null,"frequency":"default","local_seo":null,"seo_analyzer_scan_date":"2025-08-14 18:45:43","limit_modified_date":false,"reviewed_by":null,"open_ai":"{\"title\":{\"suggestions\":[],\"usage\":0},\"description\":{\"suggestions\":[],\"usage\":0}}","ai":null,"created":"2024-07-31 17:40:11","updated":"2026-02-10 05:42:09"},"aioseo_breadcrumb":"<div class=\"aioseo-breadcrumbs\"><span class=\"aioseo-breadcrumb\">\n\t<a href=\"https:\/\/monatglobal.com\/es\" title=\"Home\">Home<\/a>\n<\/span><span class=\"aioseo-breadcrumb-separator\">&raquo;<\/span><span class=\"aioseo-breadcrumb\">\n\tMONAT Passport 2024 Tulum, M\u00e9xico\n<\/span><\/div>","aioseo_breadcrumb_json":[{"label":"Home","link":"https:\/\/monatglobal.com\/es"},{"label":"MONAT Passport 2024 Tulum, M\u00e9xico","link":"https:\/\/monatglobal.com\/es\/passport-2024\/"}],"_links":{"self":[{"href":"https:\/\/monatglobal.com\/es\/wp-json\/wp\/v2\/pages\/84591","targetHints":{"allow":["GET"]}}],"collection":[{"href":"https:\/\/monatglobal.com\/es\/wp-json\/wp\/v2\/pages"}],"about":[{"href":"https:\/\/monatglobal.com\/es\/wp-json\/wp\/v2\/types\/page"}],"author":[{"embeddable":true,"href":"https:\/\/monatglobal.com\/es\/wp-json\/wp\/v2\/users\/33"}],"replies":[{"embeddable":true,"href":"https:\/\/monatglobal.com\/es\/wp-json\/wp\/v2\/comments?post=84591"}],"version-history":[{"count":2,"href":"https:\/\/monatglobal.com\/es\/wp-json\/wp\/v2\/pages\/84591\/revisions"}],"predecessor-version":[{"id":86346,"href":"https:\/\/monatglobal.com\/es\/wp-json\/wp\/v2\/pages\/84591\/revisions\/86346"}],"wp:featuredmedia":[{"embeddable":true,"href":"https:\/\/monatglobal.com\/es\/wp-json\/wp\/v2\/media\/84108"}],"wp:attachment":[{"href":"https:\/\/monatglobal.com\/es\/wp-json\/wp\/v2\/media?parent=84591"}],"wp:term":[{"taxonomy":"category","embeddable":true,"href":"https:\/\/monatglobal.com\/es\/wp-json\/wp\/v2\/categories?post=84591"},{"taxonomy":"post_tag","embeddable":true,"href":"https:\/\/monatglobal.com\/es\/wp-json\/wp\/v2\/tags?post=84591"}],"curies":[{"name":"wp","href":"https:\/\/api.w.org\/{rel}","templated":true}]}}