{"id":84184,"date":"2024-04-16T16:22:44","date_gmt":"2024-04-16T15:22:44","guid":{"rendered":"https:\/\/monatglobal.com\/es\/?page_id=84184"},"modified":"2026-02-23T21:04:12","modified_gmt":"2026-02-23T21:04:12","slug":"renew-conditioner","status":"publish","type":"page","link":"https:\/\/monatglobal.com\/es\/renew-conditioner\/","title":{"rendered":"Acondicionador Renew | MONAT Productos para el cabello seco"},"content":{"rendered":"\n<link rel=\"stylesheet\" href=\"https:\/\/monatglobal.com\/wp-content\/creative_css\/product_styles_sheet.css\">\n   <!--==================================================== ECOMM SECTION ====================================================-->\n    <p>M\u00c1S VENDIDOS<\/p>\n      <!--==================================================== Ecomm image ====================================================-->\n         NUEVO\n               <img decoding=\"async\" alt=\"Product shot of the Renew Conditioner\" src=\"https:\/\/monatglobal.com\/wp-content\/uploads\/2023\/11\/renew-conditioner-ecomm-min.png\" loading=\"lazy\"> \n               <img decoding=\"async\" alt=\"A tube Renew Conditioner on a purple surface\" src=\"https:\/\/monatglobal.com\/wp-content\/uploads\/2023\/12\/renew-conditioner-ecomm-closeup-min-min.jpg\" loading=\"lazy\">\n                  <img decoding=\"async\" alt=\"Product shot of the Renew Conditioner\" src=\"https:\/\/monatglobal.com\/wp-content\/uploads\/2023\/11\/renew-conditioner-ecomm-min.png\" data-lbxp=\"\" loading=\"lazy\">\n                  <img decoding=\"async\" alt=\"A tube Renew Conditioner on a purple surface.\" src=\"https:\/\/monatglobal.com\/wp-content\/uploads\/2023\/12\/renew-conditioner-ecomm-closeup-min-min.jpg\" loading=\"lazy\">\n      <!--==================================================== Ecomm information  ====================================================-->\n         NUEVO\n    <p>M\u00c1S VENDIDOS<\/p>\n         <h1>Acondicionador <br> Renew\u2122<\/h1>\n         <p>Reforzado con REJUVENIQE<sup>\u00ae<\/sup><\/p>\n         <p>Su rica f\u00f3rmula aporta una hidrataci\u00f3n equilibrada al cabello seco, de medio a grueso.<\/p>\n         <p> 237 ml \u212e 8 fl. oz.<\/p>\n        <!--==================================================== pricing box  ====================================================--> \n         <p>Precio de venta Cliente<br>00.00 \u20ac<\/p>\n         <p>Precio Cliente VIP<br>00.00 \u20ac<\/p>\n        <!--==================================================== pricing box  ====================================================--> \n         <p>Para saber m\u00e1s sobre el Acondicionador Renew\u2122, ponte en contacto con tu Market Partner de MONAT.<\/p> \n          <a href=\"\" target=\"_blank\" role=\"button\" aria-label=\"\" rel=\"noopener\"><\/a>\n   <!--==================================================== \/ECOMM SECTION  ====================================================-->\n    <!--==================================================== Benefits image ====================================================-->\n   \n      <source media=\"(max-width: 700px)\" srcset=\"https:\/\/monatglobal.com\/ca\/wp-content\/uploads\/sites\/5\/2023\/11\/renew-conditioner-benefits-mobile-min.jpg\" loading=\"lazy\">\n      <img decoding=\"async\" alt=\"Red-haired woman holding a tube of Renew Conditioner.\" src=\"https:\/\/monatglobal.com\/ca\/wp-content\/uploads\/sites\/5\/2023\/11\/renew-conditioner-benefits-desktop-min.jpg\" loading=\"lazy\">\n   \n   <!--==================================================== Benefits text ====================================================-->\n         <h2>BENEFICIOS<\/h2>\n         <h3>Infusionado con REJUVENIQE<sup>\u00ae<\/sup>, este acondicionador ayuda a restaurar la humedad esencial para contribuir a renovar la hidrataci\u00f3n del cabello seco de medio a grueso. <\/h3>\n         <p>Tambi\u00e9n es el complemento perfecto para nuestro champ\u00fa superventas: el Champ\u00fa Renew\u2122.<\/p>\n         <!--==================================================== features image  ====================================================-->\n         <img decoding=\"async\" alt=\"Tube of Renew Conditioner on a white tray.\" src=\"https:\/\/monatglobal.com\/wp-content\/uploads\/2023\/11\/renew-conditioner-features-min.jpg\" loading=\"lazy\">\n      <!--==================================================== features text ====================================================-->\n            <h3>Caracter\u00edsticas<\/h3>\n               <p>\/ Humecta el cabello<\/p>\n               <p>\/ Aporta hidrataci\u00f3n<\/p>\n               <p>\/ Ayuda con el deslizamiento de los productos y a que el cabello sea m\u00e1s manejable<\/p>\n               <p>\/ Ideal para su uso diario o tan frecuentemente como te laves el cabello<\/p>\n               <p>\/ Ideal para todos los cabellos de medio a grueso<\/p>\n               <br>\n            <p>Fragancia \/ Con un aroma floral de hierbas y notas de jazm\u00edn, lim\u00f3n Meyer, aceite de flor de naranjo y t\u00e9 verde.<\/p>\n            <p> Textura \/ Crema  <\/p>\n   <!--==================================================== composition image mobile ====================================================-->\n   <img decoding=\"async\" alt=\"Renew Condtioner tube and brush\" src=\"https:\/\/monatglobal.com\/wp-content\/uploads\/2023\/11\/renew-conditioner-standalone-min.jpg\" loading=\"lazy\">\n   <!--==================================================== Why it works text  ====================================================-->\n      <h2>Formulado con una mezcla de ingredientes rica en humectantes.<\/h2>\n      <h3>Con la \u00abskinification\u00bb o \u00abpielizaci\u00f3n\u00bb, ingredientes com\u00fanmente utilizados en productos para el cuidado de la piel ahora est\u00e1n siendo incorporados en la industria del cuidado del cabello. <\/h3>\n      <p>MONAT ha pasado de nivel con esta idea y ha introducido ingredientes como el \u00e1cido hialur\u00f3nico en este nutritivo acondicionador. <\/p>\n<!--==================================================== Composition section ====================================================-->\n      <img decoding=\"async\" alt=\"Renew Condtioner tube and brush.\" src=\"https:\/\/monatglobal.com\/wp-content\/uploads\/2023\/11\/renew-conditioner-standalone-min.jpg\" loading=\"lazy\">\n      <img decoding=\"async\" alt=\"A woman brushing her hair with a purple comb.\" src=\"https:\/\/monatglobal.com\/wp-content\/uploads\/2023\/11\/renew-conditioner-composition-min.jpg\" loading=\"lazy\">\n            <!--==================================================== Directions text ====================================================--> \n               <h3>Instrucciones de uso<\/h3>\n               <p>\/ Usar tras el Champ\u00fa Renew\u2122. <\/p>\n               <p>\/ Eliminar el exceso de agua del cabello y aplicar desde el cuero cabelludo hasta las puntas. <\/p>\n               <p>\/ Dejar actuar entre 3 y 5 minutos.<\/p>\n               <p>\/ Aclarar bien.<\/p>\n            <!--==================================================== Directions video ====================================================-->\n      <p>MONAT IR Clinical\u2122 <br> Clear Brow Gel <br>7:21<\/p>\n      <a href=\"\" target=\"_blank\" role=\"button\" aria-label=\"\" rel=\"noopener\"><\/a>\n   <!--==================================================== Ingredients section  ====================================================-->\n      <h2>INGREDIENTES PRINCIPALES<\/h2>\n              <img decoding=\"async\" src=\"https:\/\/monatglobal.com\/wp-content\/uploads\/2022\/11\/REJUVENIQE\u2122.svg\" alt=\"REJUVENIQE Icon\">\n               <p>REJUVENIQE<sup>\u00ae<\/sup><\/p>\n\t\t\t<img decoding=\"async\" src=\"https:\/\/monatglobal.com\/wp-content\/uploads\/2023\/11\/Micro-Encapsulation-Shea-Complex.svg\" alt=\"Micro-Encapsulation-Shea-Complex Icon\">\n               <p>Complejo de manteca de karit\u00e9 de microencapsulaci\u00f3n<\/p>\n\t\t\t<img decoding=\"async\" src=\"https:\/\/monatglobal.com\/wp-content\/uploads\/2023\/11\/Moisture-Complex.svg\" alt=\"Moisture-Complex\">\n               <p>Complejo hidratante<\/p>\n\t\t\t<img decoding=\"async\" src=\"https:\/\/monatglobal.com\/wp-content\/uploads\/2023\/11\/Jojoba-OilAbyssinian-OilSafflower-Seed-Oil.svg\" alt=\"Jojoba Oil\/Abyssinian Oil\/Safflower Seed Oil\">\n               <p>Aceite de jojoba, aceite de abisinia, aceite de semilla de&nbsp;girasol<\/p>\n      <button id=\"myBtn\" type=\"button\">LISTA DE INGREDIENTES<\/button>\n      <!--==================================================== Modal content  ====================================================-->\n         \u00d7\n         <p>Aqua\/Water\/Eau, Cetearyl Alcohol, Isoamyl Laurate, Behentrimonium Chloride, Fragrance\/Parfum, Crambe Abyssinica Seed Oil, Coconut Alkanes, Glycerin, Sodium Hyaluronate, Pisum Sativum (Pea) Extract, Limnanthes Alba (Meadowfoam) Seed Oil, Butyrospermum Parkii (Shea) Butter Extract, Hydrolyzed Quinoa, Hydroxyethylcellulose, Brassicyl Valinate Esylate, Simmondsia Chinensis (Jojoba) Seed Oil, Rosmarinus Officinalis (Rosemary) Leaf Extract, Trifolium Pratense (Clover) Flower Extract, Adansonia Digitata Oil, Mauritia Flexuosa Fruit Oil, Cocos Nucifera (Coconut) Oil, Cinnamidopropyltrimonium Chloride, Guar Hydroxypropyltrimonium Chloride, Solanum Lycopersicum (Tomato) Seed Oil, Daucus Carota Sativa (Carrot) Seed Oil, Citrus Limon (Lemon) Peel Oil, Carthamus Tinctorius (Safflower) Seed Oil, Gardenia Taitensis Flower Extract, Moringa Oleifera Seed Oil, Glyceryl Caprylate, Xanthan Gum, Sodium Hydroxide, Caryocar Brasiliense Fruit Oil, Helianthus Annuus (Sunflower) Seed Oil, Citrus Aurantium Bergamia (Bergamot) Fruit Oil, Camellia Oleifera Seed Oil, Sodium Gluconate, Calcium Gluconate, Coco-Caprylate\/Caprate, Polyglyceryl-6 Stearate, Butylene Glycol, Panthenol, Ceteareth-20, 1,2 Hexanediol, Sodium Phosphate, Dextran, Citrus Aurantifolia (Lime) Oil, Acetyl Tetrapeptide-3, Disodium Phosphate, Polysorbate 60, Cetrimonium Chloride, Isopropyl Alcohol, Brassica Alcohol, Citric Acid, Benzyl Alcohol, Sodium Benzoate, Potassium Sorbate, Citronellol, Limonene, Hexyl Cinnamal.<\/p>\n   <!--==================================================== You might also like section ====================================================-->\n      <h2>PUEDE QUE TAMBI\u00c9N TE GUSTE<\/h2>\n      <!--==================================================== Slider YOU MIGHT ALSO LIKE ====================================================-->\n      <!---->\n      <!--   -->\n            <!--==================================================== Slides products ====================================================-->\n      <!--      -->\n      <!--         <a href=\"https:\/\/monatglobal.com\/es\/renew-shampoo\/\" aria-label=\"Go to Renew Shampoo page\">-->\n      <!--            <img decoding=\"async\" src=\"https:\/\/monatglobal.com\/wp-content\/uploads\/2022\/06\/renew-shampoo-e-comm.png\" alt=\"Renew Shampoo\" loading=\"lazy\"\/>-->\n      <!--            <p>Champ\u00fa Renew\u2122<\/p>-->\n      <!--         <\/a>-->\n      <!--      -->\n      <!--      -->\n      <!--         <a href=\"https:\/\/monatglobal.com\/es\/replenish-masque\/\" aria-label=\"Go to Replenish\u2122 Masque page\">-->\n      <!--            <img decoding=\"async\" src=\"https:\/\/monatglobal.com\/wp-content\/uploads\/2022\/06\/replenish-masque-e-comm.png\" alt=\"Replenish\u2122 Masque\" loading=\"lazy\"\/>-->\n      <!--            <p>Mascarilla Replenish\u2122<\/p> -->\n      <!--         <\/a>-->\n      <!--      -->\n      <!--      -->\n      <!--         <a href=\"https:\/\/monatglobal.com\/es\/restore-leave-in-conditioner\/\" aria-label=\"Go to Restore\u2122 Leave-In Conditioner  page\">-->\n      <!--            <img decoding=\"async\" src=\"https:\/\/monatglobal.com\/nz\/wp-content\/uploads\/sites\/15\/2022\/10\/RESTORE-LEAVE-IN-CONDITIONER-ecomm.png\" alt=\"Restore\u2122 Leave-In Conditioner \" loading=\"lazy\"\/>-->\n      <!--            <p>Acondicionador sin aclarado Restore\u2122<\/p>-->\n      <!--         <\/a>-->\n      <!--      -->\n      <!--   -->\n         <!--==================================================== If we need navigation buttons  ====================================================-->\n      <!--   -->\n      <!--   -->\n         <!--==================================================== If we need paginations  ====================================================-->\n      <!--   -->\n      <!---->\n         <!--==================================================== If we need navigation buttons  ====================================================-->\n         <!--==================================================== If we need paginations  ====================================================-->\n    <a href=\"\" aria-label=\"\"><\/a>\n","protected":false},"excerpt":{"rendered":"<p>M\u00c1S VENDIDOS NUEVO NUEVO M\u00c1S VENDIDOS Acondicionador Renew\u2122 Reforzado con REJUVENIQE\u00ae Su rica f\u00f3rmula aporta una hidrataci\u00f3n equilibrada al cabello seco, de medio a grueso. 237 ml \u212e 8 fl. oz. Precio de venta Cliente00.00 \u20ac Precio Cliente VIP00.00 \u20ac Para saber m\u00e1s sobre el Acondicionador Renew\u2122, ponte en contacto con tu Market Partner de&hellip;<\/p>\n","protected":false},"author":47,"featured_media":84239,"parent":0,"menu_order":0,"comment_status":"closed","ping_status":"closed","template":"","meta":{"inline_featured_image":false,"om_disable_all_campaigns":false,"_monsterinsights_skip_tracking":false,"_monsterinsights_sitenote_active":false,"_monsterinsights_sitenote_note":"","_monsterinsights_sitenote_category":0,"footnotes":""},"categories":[31],"tags":[],"class_list":["post-84184","page","type-page","status-publish","has-post-thumbnail","hentry","category-product-es"],"aioseo_notices":[],"aioseo_head":"\n\t\t<!-- All in One SEO Pro 4.9.5.2 - aioseo.com -->\n\t<meta name=\"description\" content=\"M\u00c1S VENDIDOS NUEVO --&gt;\" \/>\n\t<meta name=\"robots\" content=\"max-image-preview:large\" \/>\n\t<link rel=\"canonical\" href=\"https:\/\/monatglobal.com\/es\/renew-conditioner\/\" \/>\n\t<meta name=\"generator\" content=\"All in One SEO Pro (AIOSEO) 4.9.5.2\" \/>\n\t\t<meta property=\"og:locale\" content=\"en_US\" \/>\n\t\t<meta property=\"og:site_name\" content=\"MONAT Espa\u00f1a - We Are Modern Nature\u00ae\" \/>\n\t\t<meta property=\"og:type\" content=\"article\" \/>\n\t\t<meta property=\"og:title\" content=\"Acondicionador Renew | MONAT Productos para el cabello seco\" \/>\n\t\t<meta property=\"og:description\" content=\"M\u00c1S VENDIDOS NUEVO --&gt;\" \/>\n\t\t<meta property=\"og:url\" content=\"https:\/\/monatglobal.com\/es\/renew-conditioner\/\" \/>\n\t\t<meta property=\"article:published_time\" content=\"2024-04-16T15:22:44+00:00\" \/>\n\t\t<meta property=\"article:modified_time\" content=\"2026-02-23T21:04:12+00:00\" \/>\n\t\t<meta name=\"twitter:card\" content=\"summary_large_image\" \/>\n\t\t<meta name=\"twitter:title\" content=\"Acondicionador Renew | MONAT Productos para el cabello seco\" \/>\n\t\t<meta name=\"twitter:description\" content=\"M\u00c1S VENDIDOS NUEVO --&gt;\" \/>\n\t\t<script type=\"application\/ld+json\" class=\"aioseo-schema\">\n\t\t\t{\"@context\":\"https:\\\/\\\/schema.org\",\"@graph\":[{\"@type\":\"BreadcrumbList\",\"@id\":\"https:\\\/\\\/monatglobal.com\\\/es\\\/renew-conditioner\\\/#breadcrumblist\",\"itemListElement\":[{\"@type\":\"ListItem\",\"@id\":\"https:\\\/\\\/monatglobal.com\\\/es#listItem\",\"position\":1,\"name\":\"Home\",\"item\":\"https:\\\/\\\/monatglobal.com\\\/es\",\"nextItem\":{\"@type\":\"ListItem\",\"@id\":\"https:\\\/\\\/monatglobal.com\\\/es\\\/renew-conditioner\\\/#listItem\",\"name\":\"Acondicionador Renew | MONAT Productos para el cabello seco\"}},{\"@type\":\"ListItem\",\"@id\":\"https:\\\/\\\/monatglobal.com\\\/es\\\/renew-conditioner\\\/#listItem\",\"position\":2,\"name\":\"Acondicionador Renew | MONAT Productos para el cabello seco\",\"previousItem\":{\"@type\":\"ListItem\",\"@id\":\"https:\\\/\\\/monatglobal.com\\\/es#listItem\",\"name\":\"Home\"}}]},{\"@type\":\"Organization\",\"@id\":\"https:\\\/\\\/monatglobal.com\\\/es\\\/#organization\",\"name\":\"MONAT Espa\\u00f1a\",\"description\":\"We Are Modern Nature\\u00ae\",\"url\":\"https:\\\/\\\/monatglobal.com\\\/es\\\/\"},{\"@type\":\"WebPage\",\"@id\":\"https:\\\/\\\/monatglobal.com\\\/es\\\/renew-conditioner\\\/#webpage\",\"url\":\"https:\\\/\\\/monatglobal.com\\\/es\\\/renew-conditioner\\\/\",\"name\":\"Acondicionador Renew | MONAT Productos para el cabello seco\",\"description\":\"M\\u00c1S VENDIDOS NUEVO -->\",\"inLanguage\":\"en-US\",\"isPartOf\":{\"@id\":\"https:\\\/\\\/monatglobal.com\\\/es\\\/#website\"},\"breadcrumb\":{\"@id\":\"https:\\\/\\\/monatglobal.com\\\/es\\\/renew-conditioner\\\/#breadcrumblist\"},\"image\":{\"@type\":\"ImageObject\",\"url\":\"https:\\\/\\\/monatglobal.com\\\/es\\\/wp-content\\\/uploads\\\/sites\\\/10\\\/2024\\\/05\\\/renew-conditioner-ecomm-min.png\",\"@id\":\"https:\\\/\\\/monatglobal.com\\\/es\\\/renew-conditioner\\\/#mainImage\",\"width\":641,\"height\":800},\"primaryImageOfPage\":{\"@id\":\"https:\\\/\\\/monatglobal.com\\\/es\\\/renew-conditioner\\\/#mainImage\"},\"datePublished\":\"2024-04-16T16:22:44+01:00\",\"dateModified\":\"2026-02-23T21:04:12+00:00\"},{\"@type\":\"WebSite\",\"@id\":\"https:\\\/\\\/monatglobal.com\\\/es\\\/#website\",\"url\":\"https:\\\/\\\/monatglobal.com\\\/es\\\/\",\"name\":\"MONAT Espa\\u00f1a\",\"description\":\"We Are Modern Nature\\u00ae\",\"inLanguage\":\"en-US\",\"publisher\":{\"@id\":\"https:\\\/\\\/monatglobal.com\\\/es\\\/#organization\"}}]}\n\t\t<\/script>\n\t\t<!-- All in One SEO Pro -->\r\n\t\t<title>Acondicionador Renew | MONAT Productos para el cabello seco<\/title>\n\n","aioseo_head_json":{"title":"Acondicionador Renew | MONAT Productos para el cabello seco","description":"M\u00c1S VENDIDOS NUEVO -->","canonical_url":"https:\/\/monatglobal.com\/es\/renew-conditioner\/","robots":"max-image-preview:large","keywords":"","webmasterTools":{"miscellaneous":""},"schema":{"@context":"https:\/\/schema.org","@graph":[{"@type":"BreadcrumbList","@id":"https:\/\/monatglobal.com\/es\/renew-conditioner\/#breadcrumblist","itemListElement":[{"@type":"ListItem","@id":"https:\/\/monatglobal.com\/es#listItem","position":1,"name":"Home","item":"https:\/\/monatglobal.com\/es","nextItem":{"@type":"ListItem","@id":"https:\/\/monatglobal.com\/es\/renew-conditioner\/#listItem","name":"Acondicionador Renew | MONAT Productos para el cabello seco"}},{"@type":"ListItem","@id":"https:\/\/monatglobal.com\/es\/renew-conditioner\/#listItem","position":2,"name":"Acondicionador Renew | MONAT Productos para el cabello seco","previousItem":{"@type":"ListItem","@id":"https:\/\/monatglobal.com\/es#listItem","name":"Home"}}]},{"@type":"Organization","@id":"https:\/\/monatglobal.com\/es\/#organization","name":"MONAT Espa\u00f1a","description":"We Are Modern Nature\u00ae","url":"https:\/\/monatglobal.com\/es\/"},{"@type":"WebPage","@id":"https:\/\/monatglobal.com\/es\/renew-conditioner\/#webpage","url":"https:\/\/monatglobal.com\/es\/renew-conditioner\/","name":"Acondicionador Renew | MONAT Productos para el cabello seco","description":"M\u00c1S VENDIDOS NUEVO -->","inLanguage":"en-US","isPartOf":{"@id":"https:\/\/monatglobal.com\/es\/#website"},"breadcrumb":{"@id":"https:\/\/monatglobal.com\/es\/renew-conditioner\/#breadcrumblist"},"image":{"@type":"ImageObject","url":"https:\/\/monatglobal.com\/es\/wp-content\/uploads\/sites\/10\/2024\/05\/renew-conditioner-ecomm-min.png","@id":"https:\/\/monatglobal.com\/es\/renew-conditioner\/#mainImage","width":641,"height":800},"primaryImageOfPage":{"@id":"https:\/\/monatglobal.com\/es\/renew-conditioner\/#mainImage"},"datePublished":"2024-04-16T16:22:44+01:00","dateModified":"2026-02-23T21:04:12+00:00"},{"@type":"WebSite","@id":"https:\/\/monatglobal.com\/es\/#website","url":"https:\/\/monatglobal.com\/es\/","name":"MONAT Espa\u00f1a","description":"We Are Modern Nature\u00ae","inLanguage":"en-US","publisher":{"@id":"https:\/\/monatglobal.com\/es\/#organization"}}]},"og:locale":"en_US","og:site_name":"MONAT Espa\u00f1a - We Are Modern Nature\u00ae","og:type":"article","og:title":"Acondicionador Renew | MONAT Productos para el cabello seco","og:description":"M\u00c1S VENDIDOS NUEVO --&gt;","og:url":"https:\/\/monatglobal.com\/es\/renew-conditioner\/","article:published_time":"2024-04-16T15:22:44+00:00","article:modified_time":"2026-02-23T21:04:12+00:00","twitter:card":"summary_large_image","twitter:title":"Acondicionador Renew | MONAT Productos para el cabello seco","twitter:description":"M\u00c1S VENDIDOS NUEVO --&gt;"},"aioseo_meta_data":{"post_id":"84184","title":"Acondicionador Renew | MONAT Productos para el cabello seco","description":null,"keywords":null,"keyphrases":{"focus":{"keyphrase":"","score":0,"analysis":{"keyphraseInTitle":{"score":0,"maxScore":9,"error":1}}},"additional":[]},"primary_term":null,"canonical_url":null,"og_title":null,"og_description":null,"og_object_type":"default","og_image_type":"default","og_image_url":null,"og_image_width":null,"og_image_height":null,"og_image_custom_url":null,"og_image_custom_fields":null,"og_video":"","og_custom_url":null,"og_article_section":null,"og_article_tags":null,"twitter_use_og":false,"twitter_card":"default","twitter_image_type":"default","twitter_image_url":null,"twitter_image_custom_url":null,"twitter_image_custom_fields":null,"twitter_title":null,"twitter_description":null,"schema":{"blockGraphs":[],"customGraphs":[],"default":{"data":{"Article":[],"Course":[],"Dataset":[],"FAQPage":[],"Movie":[],"Person":[],"Product":[],"ProductReview":[],"Car":[],"Recipe":[],"Service":[],"SoftwareApplication":[],"WebPage":[]},"graphName":"WebPage","isEnabled":true},"graphs":[]},"schema_type":"default","schema_type_options":null,"pillar_content":false,"robots_default":true,"robots_noindex":false,"robots_noarchive":false,"robots_nosnippet":false,"robots_nofollow":false,"robots_noimageindex":false,"robots_noodp":false,"robots_notranslate":false,"robots_max_snippet":"-1","robots_max_videopreview":"-1","robots_max_imagepreview":"large","priority":null,"frequency":"default","local_seo":null,"seo_analyzer_scan_date":"2026-02-23 21:10:56","limit_modified_date":false,"reviewed_by":"0","open_ai":"{\"title\":{\"suggestions\":[],\"usage\":0},\"description\":{\"suggestions\":[],\"usage\":0}}","ai":{"faqs":[],"keyPoints":[],"titles":[],"descriptions":[],"socialPosts":{"email":[],"linkedin":[],"twitter":[],"facebook":[],"instagram":[]}},"created":"2024-04-16 14:28:34","updated":"2026-02-23 21:10:56"},"aioseo_breadcrumb":"<div class=\"aioseo-breadcrumbs\"><span class=\"aioseo-breadcrumb\">\n\t<a href=\"https:\/\/monatglobal.com\/es\" title=\"Home\">Home<\/a>\n<\/span><span class=\"aioseo-breadcrumb-separator\">&raquo;<\/span><span class=\"aioseo-breadcrumb\">\n\tAcondicionador Renew | MONAT Productos para el cabello seco\n<\/span><\/div>","aioseo_breadcrumb_json":[{"label":"Home","link":"https:\/\/monatglobal.com\/es"},{"label":"Acondicionador Renew | MONAT Productos para el cabello seco","link":"https:\/\/monatglobal.com\/es\/renew-conditioner\/"}],"_links":{"self":[{"href":"https:\/\/monatglobal.com\/es\/wp-json\/wp\/v2\/pages\/84184","targetHints":{"allow":["GET"]}}],"collection":[{"href":"https:\/\/monatglobal.com\/es\/wp-json\/wp\/v2\/pages"}],"about":[{"href":"https:\/\/monatglobal.com\/es\/wp-json\/wp\/v2\/types\/page"}],"author":[{"embeddable":true,"href":"https:\/\/monatglobal.com\/es\/wp-json\/wp\/v2\/users\/47"}],"replies":[{"embeddable":true,"href":"https:\/\/monatglobal.com\/es\/wp-json\/wp\/v2\/comments?post=84184"}],"version-history":[{"count":27,"href":"https:\/\/monatglobal.com\/es\/wp-json\/wp\/v2\/pages\/84184\/revisions"}],"predecessor-version":[{"id":109190,"href":"https:\/\/monatglobal.com\/es\/wp-json\/wp\/v2\/pages\/84184\/revisions\/109190"}],"wp:featuredmedia":[{"embeddable":true,"href":"https:\/\/monatglobal.com\/es\/wp-json\/wp\/v2\/media\/84239"}],"wp:attachment":[{"href":"https:\/\/monatglobal.com\/es\/wp-json\/wp\/v2\/media?parent=84184"}],"wp:term":[{"taxonomy":"category","embeddable":true,"href":"https:\/\/monatglobal.com\/es\/wp-json\/wp\/v2\/categories?post=84184"},{"taxonomy":"post_tag","embeddable":true,"href":"https:\/\/monatglobal.com\/es\/wp-json\/wp\/v2\/tags?post=84184"}],"curies":[{"name":"wp","href":"https:\/\/api.w.org\/{rel}","templated":true}]}}