{"id":84154,"date":"2024-03-04T19:04:48","date_gmt":"2024-03-04T19:04:48","guid":{"rendered":"https:\/\/monatglobal.com\/es\/?page_id=84154"},"modified":"2024-03-06T20:34:16","modified_gmt":"2024-03-06T20:34:16","slug":"before-and-after","status":"publish","type":"page","link":"https:\/\/monatglobal.com\/es\/before-and-after\/","title":{"rendered":"Resultados Antes y Despues"},"content":{"rendered":"\n\n\t<style>\n    .col_3 { grid-template-columns: repeat(3, 1fr); }\n    @media screen and (min-width: 1300px) { .big_col_4 { grid-template-columns: repeat(4, 1fr); } }\n    @media screen and (max-width: 992px) { .med_col_2 { grid-template-columns: repeat(2, 1fr); } }\n    @media screen and (max-width: 700px) { .small_col_1 { grid-template-columns: repeat(1, 1fr); } }\n<\/style>\n    <h1>Antes y Despu\u00e9s<\/h1>\n        <h2>DESPU\u00c9S de usar <br \/>Desenredante de nudos<\/h2>\n            <h2>ANTES de usar <br \/>Desenredante de nudos<\/h2>\n    <input id=\"divisorSlider\" type=\"range\" min=\"0\" max=\"100\" value=\"50\"\/>\n    <h2>Comparte tus\nfotos del\nAntes y Despu\u00e9s\n<\/h2>\n    <a href=\"\/?page_id=69573#form\">Sube tus im\u00e1genes<\/a>\n    <h3>o etiqu\u00e9tanos en redes sociales<br \/>@monat.esofficial<\/h3>\n    <h2>CABELLO<\/h2>\n        <!--==============tara==============-->\n            <a href=\"https:\/\/www.instagram.com\/p\/COvoTHoFgNd\/\" target=\"_blank\" rel=\"noopener\">\n                        <img decoding=\"async\" src=\"https:\/\/monatglobal.com\/wp-content\/uploads\/2024\/01\/375737178_1346701369293098_5038725691223365423_n.jpg\"\/>\n                        <p>tara_bohm<\/p>\n                    <img decoding=\"async\" src=\"https:\/\/monatglobal.com\/wp-content\/uploads\/2024\/01\/link-icon.svg\"\/>\n                    <p>ANTES<\/p>\n                    <img decoding=\"async\" src=\"https:\/\/monatglobal.com\/wp-content\/uploads\/2024\/01\/Tara-bohm-before-and-after-min.jpg\"\/>  \n                    <p>DESPU\u00c9S<\/p>\n            <\/a>\n            <!--<a href=\"https:\/\/monatglobal.com\/rejuvabeads\/\" target=\"_blank\" rel=\"noopener\">-->\n            <!--    <p>REJUVABEADS\u00ae BY MONAT<\/p>-->\n            <!--    <img decoding=\"async\" src=\"https:\/\/monatglobal.com\/wp-content\/uploads\/2021\/07\/REJUVABEADS\u00ae-BY-MONAT.png\"\/>-->\n            <!--    <img decoding=\"async\" src=\"https:\/\/monatglobal.com\/wp-content\/uploads\/2024\/01\/link-arrow-icon.svg\" id=\"imgHover_card\"\/>-->\n            <!--<\/a>-->\n          <!--==============tara==============-->\n          <!--==============doralizhernaiz==============-->\n            <a href=\"https:\/\/www.instagram.com\/p\/Csreb2wLFHq\/\" target=\"_blank\" rel=\"noopener\">\n                        <img decoding=\"async\" src=\"https:\/\/monatglobal.com\/wp-content\/uploads\/2024\/01\/279778883_112603844641632_8414247593260333201_n.jpg\"\/>\n                        <p>doralizhernaiz<\/p>\n                    <img decoding=\"async\" src=\"https:\/\/monatglobal.com\/wp-content\/uploads\/2024\/01\/link-icon.svg\"\/>\n                    <p>ANTES<\/p>\n                    <img decoding=\"async\" src=\"https:\/\/monatglobal.com\/wp-content\/uploads\/2024\/01\/doraliz-hernaiz-before-and-after-min.jpg\"\/>  \n                    <p>DESPU\u00c9S<\/p>\n            <\/a>\n            <!--<a href=\"https:\/\/monatglobal.com\/rejuvabeads\/\" target=\"_blank\" rel=\"noopener\">-->\n            <!--    <p>REJUVABEADS\u00ae BY MONAT<\/p>-->\n            <!--    <img decoding=\"async\" src=\"https:\/\/monatglobal.com\/wp-content\/uploads\/2021\/07\/REJUVABEADS\u00ae-BY-MONAT.png\"\/>-->\n            <!--    <img decoding=\"async\" src=\"https:\/\/monatglobal.com\/wp-content\/uploads\/2024\/01\/link-arrow-icon.svg\" id=\"imgHover_card\"\/>-->\n            <!--<\/a>-->\n          <!--==============doralizhernaiz==============-->\n          <!--==============allisonmcglinchey==============-->          \n            <a href=\"https:\/\/www.instagram.com\/p\/CsjnomOuXw9\/\" target=\"_blank\" rel=\"noopener\">\n                        <img decoding=\"async\" src=\"https:\/\/monatglobal.com\/wp-content\/uploads\/2024\/01\/20766893_124458948185883_1810913762824159232_a.jpg\"\/>\n                        <p>allisonmcglinchey<\/p>\n                    <img decoding=\"async\" src=\"https:\/\/monatglobal.com\/wp-content\/uploads\/2024\/01\/link-icon.svg\"\/>\n                    <p>ANTES<\/p>\n                    <img decoding=\"async\" src=\"https:\/\/monatglobal.com\/wp-content\/uploads\/2024\/01\/allison-mcglinchey-before-and-after-min.jpg\"\/>  \n                    <p>DESPU\u00c9S<\/p>\n            <\/a>\n            <!--<a href=\"https:\/\/monatglobal.com\/rejuvabeads\/\" target=\"_blank\" rel=\"noopener\">-->\n            <!--    <p>REJUVABEADS\u00ae BY MONAT<\/p>-->\n            <!--    <img decoding=\"async\" src=\"https:\/\/monatglobal.com\/wp-content\/uploads\/2021\/07\/REJUVABEADS\u00ae-BY-MONAT.png\"\/>-->\n            <!--    <img decoding=\"async\" src=\"https:\/\/monatglobal.com\/wp-content\/uploads\/2024\/01\/link-arrow-icon.svg\" id=\"imgHover_card\"\/>-->\n            <!--<\/a>-->\n          <!--==============allisonmcglinchey==============--> \n          <!--==============amanda_curlygal_matter==============-->           \n            <a href=\"https:\/\/www.instagram.com\/p\/Cvdi-8QNaty\/\" target=\"_blank\" rel=\"noopener\">\n                        <img decoding=\"async\" src=\"https:\/\/monatglobal.com\/wp-content\/uploads\/2024\/01\/332062261_853171449205849_2345437702183204855_n.jpg\"\/>\n                        <p>amanda_curlygal_matter<\/p>\n                    <img decoding=\"async\" src=\"https:\/\/monatglobal.com\/wp-content\/uploads\/2024\/01\/link-icon.svg\"\/>\n                    <p>ANTES<\/p>\n                    <img decoding=\"async\" src=\"https:\/\/monatglobal.com\/wp-content\/uploads\/2024\/01\/amanda-matter-before-and-after-min.jpg\"\/>  \n                    <p>DESPU\u00c9S<\/p>\n            <\/a>\n            <!--<a href=\"https:\/\/monatglobal.com\/rejuvabeads\/\" target=\"_blank\" rel=\"noopener\">-->\n            <!--    <p>REJUVABEADS\u00ae BY MONAT<\/p>-->\n            <!--    <img decoding=\"async\" src=\"https:\/\/monatglobal.com\/wp-content\/uploads\/2021\/07\/REJUVABEADS\u00ae-BY-MONAT.png\"\/>-->\n            <!--    <img decoding=\"async\" src=\"https:\/\/monatglobal.com\/wp-content\/uploads\/2024\/01\/link-arrow-icon.svg\" id=\"imgHover_card\"\/>-->\n            <!--<\/a>-->\n          <!--==============amanda_curlygal_matter==============-->\n          <!--==============rachelballenger==============-->          \n            <a href=\"https:\/\/www.instagram.com\/p\/CsjpW6Fp52u\/\" target=\"_blank\" rel=\"noopener\">\n                        <img decoding=\"async\" src=\"https:\/\/monatglobal.com\/wp-content\/uploads\/2024\/01\/336178910_2393122144195411_152357337960698777_n.jpg\"\/>\n                        <p>rachelballenger<\/p>\n                    <img decoding=\"async\" src=\"https:\/\/monatglobal.com\/wp-content\/uploads\/2024\/01\/link-icon.svg\"\/>\n                    <p>ANTES<\/p>\n                    <img decoding=\"async\" src=\"https:\/\/monatglobal.com\/wp-content\/uploads\/2024\/01\/rachelballenger-before-and-after-min.jpg\"\/>  \n                    <p>DESPU\u00c9S<\/p>\n            <\/a>\n            <!--<a href=\"https:\/\/monatglobal.com\/rejuvabeads\/\" target=\"_blank\" rel=\"noopener\">-->\n            <!--    <p>REJUVABEADS\u00ae BY MONAT<\/p>-->\n            <!--    <img decoding=\"async\" src=\"https:\/\/monatglobal.com\/wp-content\/uploads\/2021\/07\/REJUVABEADS\u00ae-BY-MONAT.png\"\/>-->\n            <!--    <img decoding=\"async\" src=\"https:\/\/monatglobal.com\/wp-content\/uploads\/2024\/01\/link-arrow-icon.svg\" id=\"imgHover_card\"\/>-->\n            <!--<\/a>-->\n          <!--==============rachelballenger==============-->  \n          <!--==============ljviolin==============-->            \n            <a href=\"https:\/\/www.instagram.com\/p\/CsjwzizPRrf\/\" target=\"_blank\" rel=\"noopener\">\n                        <img decoding=\"async\" src=\"https:\/\/monatglobal.com\/wp-content\/uploads\/2024\/01\/361386941_801894124755972_3555321030032721784_n.jpg\"\/>\n                        <p>ljviolin<\/p>\n                    <img decoding=\"async\" src=\"https:\/\/monatglobal.com\/wp-content\/uploads\/2024\/01\/link-icon.svg\"\/>\n                    <p>ANTES<\/p>\n                    <img decoding=\"async\" src=\"https:\/\/monatglobal.com\/wp-content\/uploads\/2024\/01\/Lori-Jean-before-and-after-min.jpg\"\/>  \n                    <p>DESPU\u00c9S<\/p>\n            <\/a>\n            <!--<a href=\"https:\/\/monatglobal.com\/rejuvabeads\/\" target=\"_blank\" rel=\"noopener\">-->\n            <!--    <p>REJUVABEADS\u00ae BY MONAT<\/p>-->\n            <!--    <img decoding=\"async\" src=\"https:\/\/monatglobal.com\/wp-content\/uploads\/2021\/07\/REJUVABEADS\u00ae-BY-MONAT.png\"\/>-->\n            <!--    <img decoding=\"async\" src=\"https:\/\/monatglobal.com\/wp-content\/uploads\/2024\/01\/link-arrow-icon.svg\" id=\"imgHover_card\"\/>-->\n            <!--<\/a>-->\n          <!--==============ljviolin==============-->  \n    <h2>CUIDADO DE LA PIEL<\/h2>\n          <!--==============graceandersonhair==============-->  \n            <a href=\"https:\/\/www.instagram.com\/p\/C1crbE4v4_H\/\" target=\"_blank\" rel=\"noopener\">\n                        <img decoding=\"async\" src=\"https:\/\/monatglobal.com\/wp-content\/uploads\/2024\/01\/346679008_1270189987259777_4094664207512864340_n-1.jpg\"\/>\n                        <p>graceandersonhair<\/p>\n                    <img decoding=\"async\" src=\"https:\/\/monatglobal.com\/wp-content\/uploads\/2024\/01\/link-icon.svg\"\/>\n                    <p>ANTES<\/p>\n                    <img decoding=\"async\" src=\"https:\/\/monatglobal.com\/wp-content\/uploads\/2024\/01\/gracea-nderson-before-and-after-min.jpg\"\/>  \n                    <p>DESPU\u00c9S<\/p>\n            <\/a>\n                    <a href=\"\/?page_id=68194\" target=\"_blank\" rel=\"noopener\">\n                        <p>LIMPIADOR ACLARANTE BE PURIFIED\u2122<\/p>\n                        <img decoding=\"async\" src=\"https:\/\/monatglobal.com\/wp-content\/uploads\/2021\/02\/be-pcc.png\"\/>\n                        <img decoding=\"async\" src=\"https:\/\/monatglobal.com\/wp-content\/uploads\/2024\/01\/link-arrow-icon.svg\" id=\"imgHover_card\"\/>  \n                    <\/a>\n                    <a href=\"\/?page_id=72441\" target=\"_blank\" rel=\"noopener\">\n                        <p>EXFOLIATING PEEL PADS\u2122 TRATAMIENTO EXFOLIANTE ILUMINADOR DIARIO<\/p>\n                        <img decoding=\"async\" src=\"https:\/\/monatglobal.com\/wp-content\/uploads\/2023\/01\/EXFOLIATING-PEEL-PADSBOX_Ecomm-JAN-2023-ecomm_-min_all-prods-min.png\"\/>\n                        <img decoding=\"async\" src=\"https:\/\/monatglobal.com\/wp-content\/uploads\/2024\/01\/link-arrow-icon.svg\" id=\"imgHover_card\"\/>  \n                    <\/a>\n                    <a href=\"\/?page_id=65818\" target=\"_blank\" rel=\"noopener\">\n                        <p>S\u00c9RUM ILUMINADOR C. RADIANCE\u2122<\/p>\n                        <img decoding=\"async\" src=\"https:\/\/monatglobal.com\/wp-content\/uploads\/2019\/11\/c-radiance.png\"\/>\n                        <img decoding=\"async\" src=\"https:\/\/monatglobal.com\/wp-content\/uploads\/2024\/01\/link-arrow-icon.svg\" id=\"imgHover_card\"\/>  \n                    <\/a>\n                    <a href=\"\/?page_id=69574\" target=\"_blank\" rel=\"noopener\">\n                        <p>BAKUCHIOL BOT\u00c1NICO LOCI\u00d3N VEGANA ALTERNATIVA AL RETINOL<\/p>\n                        <img decoding=\"async\" src=\"https:\/\/monatglobal.com\/wp-content\/uploads\/2020\/11\/bbvr.png\"\/>\n                        <img decoding=\"async\" src=\"https:\/\/monatglobal.com\/wp-content\/uploads\/2024\/01\/link-arrow-icon.svg\" id=\"imgHover_card\"\/>  \n                    <\/a>                    \n          <!--==============graceandersonhair==============-->          \n    <h2>\u00a1Gracias por compartir tus fotos del Antes y Despu\u00e9s con nosotros!<\/h2>\n    Si ya has publicado una de tus fotos del Antes y Despu\u00e9s, por favor, no subas la misma. \u00a1Nos gustar\u00eda ver algo nuevo!\n    <p>* Ten en cuenta: Si eres estilista y te gustar\u00eda subir varias fotos del Antes y Despu\u00e9s, env\u00eda un correo electr\u00f3nico a <a href=\"mailto:marketing@monatglobal.com\">marketing@monatglobal.com<\/a>.<\/p>\n\n","protected":false},"excerpt":{"rendered":"<p>Antes y Despu\u00e9s DESPU\u00c9S de usar Desenredante de nudos ANTES de usar Desenredante de nudos Comparte tus fotos del Antes y Despu\u00e9s Sube tus im\u00e1genes o etiqu\u00e9tanos en redes sociales@monat.esofficial CABELLO tara_bohm ANTES DESPU\u00c9S doralizhernaiz ANTES DESPU\u00c9S allisonmcglinchey ANTES DESPU\u00c9S amanda_curlygal_matter ANTES DESPU\u00c9S rachelballenger ANTES DESPU\u00c9S ljviolin ANTES DESPU\u00c9S CUIDADO DE LA PIEL graceandersonhair ANTES&hellip;<\/p>\n","protected":false},"author":33,"featured_media":84155,"parent":0,"menu_order":0,"comment_status":"closed","ping_status":"closed","template":"","meta":{"inline_featured_image":false,"om_disable_all_campaigns":false,"_monsterinsights_skip_tracking":false,"_monsterinsights_sitenote_active":false,"_monsterinsights_sitenote_note":"","_monsterinsights_sitenote_category":0,"footnotes":""},"categories":[],"tags":[],"class_list":["post-84154","page","type-page","status-publish","has-post-thumbnail","hentry"],"aioseo_notices":[],"aioseo_head":"\n\t\t<!-- All in One SEO Pro 4.9.5.2 - aioseo.com -->\n\t<meta name=\"description\" content=\"Antes y Despu\u00e9s DESPU\u00c9S de usar Desenredante de nudos ANTES de usar Desenredante de nudos Comparte tus fotos del Antes y Despu\u00e9s Sube tus im\u00e1genes o etiqu\u00e9tanos en redes sociales@monat.esofficial CABELLO tara_bohm ANTES DESPU\u00c9S doralizhernaiz ANTES DESPU\u00c9S allisonmcglinchey ANTES DESPU\u00c9S amanda_curlygal_matter ANTES DESPU\u00c9S rachelballenger ANTES DESPU\u00c9S ljviolin ANTES DESPU\u00c9S CUIDADO DE LA PIEL graceandersonhair ANTES\" \/>\n\t<meta name=\"robots\" content=\"max-image-preview:large\" \/>\n\t<link rel=\"canonical\" href=\"https:\/\/monatglobal.com\/es\/before-and-after\/\" \/>\n\t<meta name=\"generator\" content=\"All in One SEO Pro (AIOSEO) 4.9.5.2\" \/>\n\t\t<meta property=\"og:locale\" content=\"en_US\" \/>\n\t\t<meta property=\"og:site_name\" content=\"MONAT Espa\u00f1a - We Are Modern Nature\u00ae\" \/>\n\t\t<meta property=\"og:type\" content=\"article\" \/>\n\t\t<meta property=\"og:title\" content=\"Resultados Antes y Despues - MONAT Espa\u00f1a\" \/>\n\t\t<meta property=\"og:description\" content=\"Antes y Despu\u00e9s DESPU\u00c9S de usar Desenredante de nudos ANTES de usar Desenredante de nudos Comparte tus fotos del Antes y Despu\u00e9s Sube tus im\u00e1genes o etiqu\u00e9tanos en redes sociales@monat.esofficial CABELLO tara_bohm ANTES DESPU\u00c9S doralizhernaiz ANTES DESPU\u00c9S allisonmcglinchey ANTES DESPU\u00c9S amanda_curlygal_matter ANTES DESPU\u00c9S rachelballenger ANTES DESPU\u00c9S ljviolin ANTES DESPU\u00c9S CUIDADO DE LA PIEL graceandersonhair ANTES\" \/>\n\t\t<meta property=\"og:url\" content=\"https:\/\/monatglobal.com\/es\/before-and-after\/\" \/>\n\t\t<meta property=\"article:published_time\" content=\"2024-03-04T19:04:48+00:00\" \/>\n\t\t<meta property=\"article:modified_time\" content=\"2024-03-06T20:34:16+00:00\" \/>\n\t\t<meta name=\"twitter:card\" content=\"summary_large_image\" \/>\n\t\t<meta name=\"twitter:title\" content=\"Resultados Antes y Despues - MONAT Espa\u00f1a\" \/>\n\t\t<meta name=\"twitter:description\" content=\"Antes y Despu\u00e9s DESPU\u00c9S de usar Desenredante de nudos ANTES de usar Desenredante de nudos Comparte tus fotos del Antes y Despu\u00e9s Sube tus im\u00e1genes o etiqu\u00e9tanos en redes sociales@monat.esofficial CABELLO tara_bohm ANTES DESPU\u00c9S doralizhernaiz ANTES DESPU\u00c9S allisonmcglinchey ANTES DESPU\u00c9S amanda_curlygal_matter ANTES DESPU\u00c9S rachelballenger ANTES DESPU\u00c9S ljviolin ANTES DESPU\u00c9S CUIDADO DE LA PIEL graceandersonhair ANTES\" \/>\n\t\t<script type=\"application\/ld+json\" class=\"aioseo-schema\">\n\t\t\t{\"@context\":\"https:\\\/\\\/schema.org\",\"@graph\":[{\"@type\":\"BreadcrumbList\",\"@id\":\"https:\\\/\\\/monatglobal.com\\\/es\\\/before-and-after\\\/#breadcrumblist\",\"itemListElement\":[{\"@type\":\"ListItem\",\"@id\":\"https:\\\/\\\/monatglobal.com\\\/es#listItem\",\"position\":1,\"name\":\"Home\",\"item\":\"https:\\\/\\\/monatglobal.com\\\/es\",\"nextItem\":{\"@type\":\"ListItem\",\"@id\":\"https:\\\/\\\/monatglobal.com\\\/es\\\/before-and-after\\\/#listItem\",\"name\":\"Resultados Antes y Despues\"}},{\"@type\":\"ListItem\",\"@id\":\"https:\\\/\\\/monatglobal.com\\\/es\\\/before-and-after\\\/#listItem\",\"position\":2,\"name\":\"Resultados Antes y Despues\",\"previousItem\":{\"@type\":\"ListItem\",\"@id\":\"https:\\\/\\\/monatglobal.com\\\/es#listItem\",\"name\":\"Home\"}}]},{\"@type\":\"Organization\",\"@id\":\"https:\\\/\\\/monatglobal.com\\\/es\\\/#organization\",\"name\":\"MONAT Espa\\u00f1a\",\"description\":\"We Are Modern Nature\\u00ae\",\"url\":\"https:\\\/\\\/monatglobal.com\\\/es\\\/\"},{\"@type\":\"WebPage\",\"@id\":\"https:\\\/\\\/monatglobal.com\\\/es\\\/before-and-after\\\/#webpage\",\"url\":\"https:\\\/\\\/monatglobal.com\\\/es\\\/before-and-after\\\/\",\"name\":\"Resultados Antes y Despues - MONAT Espa\\u00f1a\",\"description\":\"Antes y Despu\\u00e9s DESPU\\u00c9S de usar Desenredante de nudos ANTES de usar Desenredante de nudos Comparte tus fotos del Antes y Despu\\u00e9s Sube tus im\\u00e1genes o etiqu\\u00e9tanos en redes sociales@monat.esofficial CABELLO tara_bohm ANTES DESPU\\u00c9S doralizhernaiz ANTES DESPU\\u00c9S allisonmcglinchey ANTES DESPU\\u00c9S amanda_curlygal_matter ANTES DESPU\\u00c9S rachelballenger ANTES DESPU\\u00c9S ljviolin ANTES DESPU\\u00c9S CUIDADO DE LA PIEL graceandersonhair ANTES\",\"inLanguage\":\"en-US\",\"isPartOf\":{\"@id\":\"https:\\\/\\\/monatglobal.com\\\/es\\\/#website\"},\"breadcrumb\":{\"@id\":\"https:\\\/\\\/monatglobal.com\\\/es\\\/before-and-after\\\/#breadcrumblist\"},\"image\":{\"@type\":\"ImageObject\",\"url\":\"https:\\\/\\\/monatglobal.com\\\/es\\\/wp-content\\\/uploads\\\/sites\\\/10\\\/2024\\\/03\\\/before-and-after-1024x579-1.jpg\",\"@id\":\"https:\\\/\\\/monatglobal.com\\\/es\\\/before-and-after\\\/#mainImage\",\"width\":1024,\"height\":579},\"primaryImageOfPage\":{\"@id\":\"https:\\\/\\\/monatglobal.com\\\/es\\\/before-and-after\\\/#mainImage\"},\"datePublished\":\"2024-03-04T19:04:48+00:00\",\"dateModified\":\"2024-03-06T20:34:16+00:00\"},{\"@type\":\"WebSite\",\"@id\":\"https:\\\/\\\/monatglobal.com\\\/es\\\/#website\",\"url\":\"https:\\\/\\\/monatglobal.com\\\/es\\\/\",\"name\":\"MONAT Espa\\u00f1a\",\"description\":\"We Are Modern Nature\\u00ae\",\"inLanguage\":\"en-US\",\"publisher\":{\"@id\":\"https:\\\/\\\/monatglobal.com\\\/es\\\/#organization\"}}]}\n\t\t<\/script>\n\t\t<!-- All in One SEO Pro -->\r\n\t\t<title>Resultados Antes y Despues - MONAT Espa\u00f1a<\/title>\n\n","aioseo_head_json":{"title":"Resultados Antes y Despues - MONAT Espa\u00f1a","description":"Antes y Despu\u00e9s DESPU\u00c9S de usar Desenredante de nudos ANTES de usar Desenredante de nudos Comparte tus fotos del Antes y Despu\u00e9s Sube tus im\u00e1genes o etiqu\u00e9tanos en redes sociales@monat.esofficial CABELLO tara_bohm ANTES DESPU\u00c9S doralizhernaiz ANTES DESPU\u00c9S allisonmcglinchey ANTES DESPU\u00c9S amanda_curlygal_matter ANTES DESPU\u00c9S rachelballenger ANTES DESPU\u00c9S ljviolin ANTES DESPU\u00c9S CUIDADO DE LA PIEL graceandersonhair ANTES","canonical_url":"https:\/\/monatglobal.com\/es\/before-and-after\/","robots":"max-image-preview:large","keywords":"","webmasterTools":{"miscellaneous":""},"schema":{"@context":"https:\/\/schema.org","@graph":[{"@type":"BreadcrumbList","@id":"https:\/\/monatglobal.com\/es\/before-and-after\/#breadcrumblist","itemListElement":[{"@type":"ListItem","@id":"https:\/\/monatglobal.com\/es#listItem","position":1,"name":"Home","item":"https:\/\/monatglobal.com\/es","nextItem":{"@type":"ListItem","@id":"https:\/\/monatglobal.com\/es\/before-and-after\/#listItem","name":"Resultados Antes y Despues"}},{"@type":"ListItem","@id":"https:\/\/monatglobal.com\/es\/before-and-after\/#listItem","position":2,"name":"Resultados Antes y Despues","previousItem":{"@type":"ListItem","@id":"https:\/\/monatglobal.com\/es#listItem","name":"Home"}}]},{"@type":"Organization","@id":"https:\/\/monatglobal.com\/es\/#organization","name":"MONAT Espa\u00f1a","description":"We Are Modern Nature\u00ae","url":"https:\/\/monatglobal.com\/es\/"},{"@type":"WebPage","@id":"https:\/\/monatglobal.com\/es\/before-and-after\/#webpage","url":"https:\/\/monatglobal.com\/es\/before-and-after\/","name":"Resultados Antes y Despues - MONAT Espa\u00f1a","description":"Antes y Despu\u00e9s DESPU\u00c9S de usar Desenredante de nudos ANTES de usar Desenredante de nudos Comparte tus fotos del Antes y Despu\u00e9s Sube tus im\u00e1genes o etiqu\u00e9tanos en redes sociales@monat.esofficial CABELLO tara_bohm ANTES DESPU\u00c9S doralizhernaiz ANTES DESPU\u00c9S allisonmcglinchey ANTES DESPU\u00c9S amanda_curlygal_matter ANTES DESPU\u00c9S rachelballenger ANTES DESPU\u00c9S ljviolin ANTES DESPU\u00c9S CUIDADO DE LA PIEL graceandersonhair ANTES","inLanguage":"en-US","isPartOf":{"@id":"https:\/\/monatglobal.com\/es\/#website"},"breadcrumb":{"@id":"https:\/\/monatglobal.com\/es\/before-and-after\/#breadcrumblist"},"image":{"@type":"ImageObject","url":"https:\/\/monatglobal.com\/es\/wp-content\/uploads\/sites\/10\/2024\/03\/before-and-after-1024x579-1.jpg","@id":"https:\/\/monatglobal.com\/es\/before-and-after\/#mainImage","width":1024,"height":579},"primaryImageOfPage":{"@id":"https:\/\/monatglobal.com\/es\/before-and-after\/#mainImage"},"datePublished":"2024-03-04T19:04:48+00:00","dateModified":"2024-03-06T20:34:16+00:00"},{"@type":"WebSite","@id":"https:\/\/monatglobal.com\/es\/#website","url":"https:\/\/monatglobal.com\/es\/","name":"MONAT Espa\u00f1a","description":"We Are Modern Nature\u00ae","inLanguage":"en-US","publisher":{"@id":"https:\/\/monatglobal.com\/es\/#organization"}}]},"og:locale":"en_US","og:site_name":"MONAT Espa\u00f1a - We Are Modern Nature\u00ae","og:type":"article","og:title":"Resultados Antes y Despues - MONAT Espa\u00f1a","og:description":"Antes y Despu\u00e9s DESPU\u00c9S de usar Desenredante de nudos ANTES de usar Desenredante de nudos Comparte tus fotos del Antes y Despu\u00e9s Sube tus im\u00e1genes o etiqu\u00e9tanos en redes sociales@monat.esofficial CABELLO tara_bohm ANTES DESPU\u00c9S doralizhernaiz ANTES DESPU\u00c9S allisonmcglinchey ANTES DESPU\u00c9S amanda_curlygal_matter ANTES DESPU\u00c9S rachelballenger ANTES DESPU\u00c9S ljviolin ANTES DESPU\u00c9S CUIDADO DE LA PIEL graceandersonhair ANTES","og:url":"https:\/\/monatglobal.com\/es\/before-and-after\/","article:published_time":"2024-03-04T19:04:48+00:00","article:modified_time":"2024-03-06T20:34:16+00:00","twitter:card":"summary_large_image","twitter:title":"Resultados Antes y Despues - MONAT Espa\u00f1a","twitter:description":"Antes y Despu\u00e9s DESPU\u00c9S de usar Desenredante de nudos ANTES de usar Desenredante de nudos Comparte tus fotos del Antes y Despu\u00e9s Sube tus im\u00e1genes o etiqu\u00e9tanos en redes sociales@monat.esofficial CABELLO tara_bohm ANTES DESPU\u00c9S doralizhernaiz ANTES DESPU\u00c9S allisonmcglinchey ANTES DESPU\u00c9S amanda_curlygal_matter ANTES DESPU\u00c9S rachelballenger ANTES DESPU\u00c9S ljviolin ANTES DESPU\u00c9S CUIDADO DE LA PIEL graceandersonhair ANTES"},"aioseo_meta_data":{"post_id":"84154","title":null,"description":null,"keywords":[],"keyphrases":{"focus":{"keyphrase":"","score":0,"analysis":{"keyphraseInTitle":{"score":0,"maxScore":9,"error":1}}},"additional":[]},"primary_term":null,"canonical_url":null,"og_title":null,"og_description":null,"og_object_type":"default","og_image_type":"default","og_image_url":null,"og_image_width":null,"og_image_height":null,"og_image_custom_url":null,"og_image_custom_fields":null,"og_video":"","og_custom_url":null,"og_article_section":null,"og_article_tags":[],"twitter_use_og":false,"twitter_card":"default","twitter_image_type":"default","twitter_image_url":null,"twitter_image_custom_url":null,"twitter_image_custom_fields":null,"twitter_title":null,"twitter_description":null,"schema":{"blockGraphs":[],"customGraphs":[],"default":{"data":{"Article":[],"Course":[],"Dataset":[],"FAQPage":[],"Movie":[],"Person":[],"Product":[],"ProductReview":[],"Car":[],"Recipe":[],"Service":[],"SoftwareApplication":[],"WebPage":[]},"graphName":"WebPage","isEnabled":true},"graphs":[]},"schema_type":"default","schema_type_options":null,"pillar_content":false,"robots_default":true,"robots_noindex":false,"robots_noarchive":false,"robots_nosnippet":false,"robots_nofollow":false,"robots_noimageindex":false,"robots_noodp":false,"robots_notranslate":false,"robots_max_snippet":"-1","robots_max_videopreview":"-1","robots_max_imagepreview":"large","priority":null,"frequency":"default","local_seo":null,"seo_analyzer_scan_date":"2025-08-14 18:40:44","limit_modified_date":false,"reviewed_by":null,"open_ai":"{\"title\":{\"suggestions\":[],\"usage\":0},\"description\":{\"suggestions\":[],\"usage\":0}}","ai":null,"created":"2024-03-04 19:04:48","updated":"2025-08-14 18:40:44"},"aioseo_breadcrumb":"<div class=\"aioseo-breadcrumbs\"><span class=\"aioseo-breadcrumb\">\n\t<a href=\"https:\/\/monatglobal.com\/es\" title=\"Home\">Home<\/a>\n<\/span><span class=\"aioseo-breadcrumb-separator\">&raquo;<\/span><span class=\"aioseo-breadcrumb\">\n\tResultados Antes y Despues\n<\/span><\/div>","aioseo_breadcrumb_json":[{"label":"Home","link":"https:\/\/monatglobal.com\/es"},{"label":"Resultados Antes y Despues","link":"https:\/\/monatglobal.com\/es\/before-and-after\/"}],"_links":{"self":[{"href":"https:\/\/monatglobal.com\/es\/wp-json\/wp\/v2\/pages\/84154","targetHints":{"allow":["GET"]}}],"collection":[{"href":"https:\/\/monatglobal.com\/es\/wp-json\/wp\/v2\/pages"}],"about":[{"href":"https:\/\/monatglobal.com\/es\/wp-json\/wp\/v2\/types\/page"}],"author":[{"embeddable":true,"href":"https:\/\/monatglobal.com\/es\/wp-json\/wp\/v2\/users\/33"}],"replies":[{"embeddable":true,"href":"https:\/\/monatglobal.com\/es\/wp-json\/wp\/v2\/comments?post=84154"}],"version-history":[{"count":4,"href":"https:\/\/monatglobal.com\/es\/wp-json\/wp\/v2\/pages\/84154\/revisions"}],"predecessor-version":[{"id":84165,"href":"https:\/\/monatglobal.com\/es\/wp-json\/wp\/v2\/pages\/84154\/revisions\/84165"}],"wp:featuredmedia":[{"embeddable":true,"href":"https:\/\/monatglobal.com\/es\/wp-json\/wp\/v2\/media\/84155"}],"wp:attachment":[{"href":"https:\/\/monatglobal.com\/es\/wp-json\/wp\/v2\/media?parent=84154"}],"wp:term":[{"taxonomy":"category","embeddable":true,"href":"https:\/\/monatglobal.com\/es\/wp-json\/wp\/v2\/categories?post=84154"},{"taxonomy":"post_tag","embeddable":true,"href":"https:\/\/monatglobal.com\/es\/wp-json\/wp\/v2\/tags?post=84154"}],"curies":[{"name":"wp","href":"https:\/\/api.w.org\/{rel}","templated":true}]}}