{"id":8402,"date":"2016-01-22T20:05:18","date_gmt":"2016-01-23T01:05:18","guid":{"rendered":"https:\/\/monatglobal.com\/uk\/?page_id=8402"},"modified":"2026-02-23T21:00:52","modified_gmt":"2026-02-23T21:00:52","slug":"monat-black-shampoo-conditioner","status":"publish","type":"page","link":"https:\/\/monatglobal.com\/es\/monat-black-shampoo-conditioner\/","title":{"rendered":"MONAT BLACK\u2122 SHAMPOO + CONDITIONER"},"content":{"rendered":"\n<link rel=\"stylesheet\" href=\"https:\/\/unpkg.com\/swiper\/swiper-bundle.min.css\">\n<link rel=\"stylesheet\" href=\"https:\/\/monatglobal.com\/wp-content\/creative_css\/product_styles_sheet.css\">\n   <!--==================================================== ECOMM SECTION ====================================================-->\n    <p>M\u00c1S VENDIDOS<\/p>\n      <!--==================================================== Ecomm image ====================================================-->\n      <img decoding=\"async\" src=\"https:\/\/monatglobal.com\/es\/wp-content\/uploads\/sites\/10\/2021\/10\/MONAT-BLACK-SHAMPOO-CONDITIONER-ecomm.png\" alt=\"Product shot of MONAT Black Shampoo + Conditioner\ufe0f\" loading=\"lazy\">\n      <!--==================================================== Ecomm information  ====================================================-->\n         \n          <p>M\u00c1S VENDIDOS<\/p>\n         <h1>Champ\u00fa y acondicionador<br>MONAT Black\u2122<\/h1>\n         <p>Reforzado con REJUVENIQE\u2122  <\/p>\n         <p>Champ\u00fa + acondicionador 2 en 1 formulado para conseguir la salud \u00f3ptima del cabello en un paso.<\/p>\n         <p>237 ml \u212e 8.0 fl.oz.<\/p>\n        <!--==================================================== pricing box  ====================================================--> \n         <p>Precio de venta Cliente<br>00.00 \u20ac<\/p>\n         <p>Precio Cliente VIP<br>00.00 \u20ac<\/p>\n        <!--==================================================== pricing box  ====================================================--> \n         <p>Para conocer m\u00e1s sobre el champ\u00fa + acondicionador 2 en 1 BLACK, ponte en contacto con tu Market Partner de&nbsp;MONAT.<\/p>\n          <a href=\"\" target=\"_blank\" role=\"button\" aria-label=\"\" rel=\"noopener\"><\/a>\n   <!--==================================================== \/ECOMM SECTION  ====================================================-->\n   <!--==================================================== Benefits image ====================================================-->\n      \n         <source media=\"(max-width: 700px)\" srcset=\"https:\/\/monatglobal.com\/es\/wp-content\/uploads\/sites\/10\/2021\/10\/MONAT-BLACK-SHAMPOO-CONDITIONER-benefits_mobile.jpg\" loading=\"lazy\">\n            <img decoding=\"async\" src=\"https:\/\/monatglobal.com\/es\/wp-content\/uploads\/sites\/10\/2021\/10\/MONAT-BLACK-SHAMPOO-CONDITIONER-benefits-benefits.jpg\" alt=\"Male with long, brown hair washing his hair with MONAT Black Shampoo + Conditioner\" loading=\"lazy\">\n         \n   <!--==================================================== Benefits text ====================================================-->\n         <h2>BENEFICIOS<\/h2>\n         <h3>Limpia y acondiciona sin decolorar o secar el cabello.<\/h3>\n         <p>Ayuda a reforzar el cabello y favorece un aspecto m\u00e1s sano. Ideal para todo tipo de cabellos y texturas y seguro para los cabellos te\u00f1idos.  Sometido a pruebas de alergia y testado dermatol\u00f3gicamente.<\/p>\n         <!--==================================================== features image  ====================================================-->\n         <img decoding=\"async\" alt=\"MONAT Black Shampoo + Conditioner floating and splashing over water \" src=\"https:\/\/monatglobal.com\/nz\/wp-content\/uploads\/sites\/15\/2022\/10\/MONAT-BLACK-SHAMPOO-CONDITIONER-features.jpg\" loading=\"lazy\">\n      <!--==================================================== features text ====================================================-->\n            <h3>Caracter\u00edsticas<\/h3>\n               <p>\/ Limpia y acondiciona en un solo paso<\/p>\n               <p>\/ Refrescante aroma herbal de romero<\/p>\n               <br>\n            <p>Fragrance \/ Unwind and enjoy a coconut-forward, citrusy aroma with notes of blood orange, coconut husk, cashew nut and&nbsp;sandalwood. <\/p>\n            <p> Texture \/ Cream <\/p>\n   <!--==================================================== composition image mobile ====================================================-->\n   <img decoding=\"async\" alt=\"MONAT Black Shampoo + Conditioner standing on a piece of stone\" src=\"https:\/\/monatglobal.com\/wp-content\/uploads\/2022\/07\/2-monat-black.jpg\" loading=\"lazy\">\n   <!--==================================================== Why it works text ====================================================-->\n            <h2>\u00a1UN CABELLO DE ASPECTO SANO SIN COMPLICACIONES!<\/h2>\n            <h3>El Champ\u00fa + Acondicionador MONAT BLACK\u2122 est\u00e1 dise\u00f1ado para que, en un solo paso, nutras, equilibres y refuerces tu cabello. <\/h3>\n            <p>Trabaja para revitalizar tu cabello de manera que puedas mostrar tu mejor versi\u00f3n.<\/p>\n<!--==================================================== Composition section ====================================================-->\n      <img decoding=\"async\" alt=\"MONAT Black Shampoo + Conditioner standing on a piece of stone\" src=\"https:\/\/monatglobal.com\/nz\/wp-content\/uploads\/sites\/15\/2022\/10\/Monat-black-directions.jpg\" loading=\"lazy\">\n      <img decoding=\"async\" alt=\"Male washing his hair with MONAT Black Shampoo + Conditioner, overlaying a photo of water\" src=\"https:\/\/monatglobal.com\/nz\/wp-content\/uploads\/sites\/15\/2022\/10\/black-shampoo-directions.jpg\" loading=\"lazy\">\n            <!--==================================================== Directions text ====================================================--> \n               <h3>Instrucciones de uso<\/h3>\n                    <p>\/ Emulsiona en las manos y aplica en el pelo h\u00famedo.<\/p>\n                    <p>\/ Deja actuar durante 2 o 3 minutos.<\/p>\n                    <p>\/ Aclara y repite.<\/p>\n            <!--==================================================== Directions video ====================================================-->\n      <p>REJUVENIQE<sup>\u00ae<\/sup> <br>0:00<\/p>\n      <a href=\"\" target=\"_blank\" role=\"button\" aria-label=\"\" rel=\"noopener\"><\/a>\n   <!--==================================================== Ingredients section  ====================================================-->\n      <h2>INGREDIENTES CLAVE<\/h2>\n               <p>REJUVENIQE<sup>\u00ae<\/sup><\/p>\n               <p>CAPIXYL\u2122<\/p>\n               <p>PROCATALINE\u2122<\/p>\n               <p>CRODASORB\u2122<\/p>\n        <button id=\"myBtn\" type=\"button\">LISTA DE INGREDIENTES<\/button>\n      <!--==================================================== Modal content  ====================================================-->\n         \u00d7\n         <p>Aqua\/Water\/Eau, Lauramidopropyl Betaine, Sodium C14-16 Olefin Sulfonate, Guar Hydroxypropyltrimonium Chloride, Acrylates Copolymer, Sodium Methyl Cocoyl Taurate, Sodium Cocoamphoacetate, Stearyldimoniumhydroxypropyl Decylglucosides Chloride, Pisum Sativum (Pea) Extract, Acetyl Tetrapeptide-3, Trifolium Pratense (Clover) Flower Extract, Limnanthes Alba (Meadowfoam) Seed Oil, Crambe Abyssinica Seed Oil, Camellia Oleifera Seed Oil, Solanum Lycopersicum (Tomato) Seed Oil, Daucus Carota Sativa (Carrot) Seed Oil, Citrus Limon (Lemon) Peel Oil, Citrus Aurantifolia (Lime) Oil, Citrus Aurantium Bergamia (Bergamot) Fruit Oil, Adansonia Digitata Oil, Mauritia Flexuosa Fruit Oil, Cocos Nucifera (Coconut) Oil, Gardenia Taitensis Flower Extract, Moringa Oleifera Seed Oil, Caryocar Brasiliense Fruit Oil, Helianthus Annuus (Sunflower) Seed Oil, Mentha Piperita (Peppermint) Oil, Mentha Arvensis Leaf Oil, Eucalyptus Globulus Leaf Oil, Mentha Viridis (Spearmint) Leaf Oil, Thymus Vulgaris (Thyme) Oil, Lavandula Angustifolia (Lavender) Oil, Glycerin, Tocopherol, Menthol, Cinnamidopropyltrimonium Chloride, Dextran, Propanediol, Glycol Distearate, Sodium Hydroxypropylphosphate Decylglucoside Crosspolymer, Lauramide MIPA, Sodium Hydroxypropylphosphate Laurylglucoside Crosspolymer, Cocamidopropyl Betaine, Butylene Glycol, Oleth-5 Phosphate, Dioleyl Phosphate, Cocamidopropyl Hydroxysultaine, Citric Acid, Trideceth-12, Cetrimonium Chloride, Amodimethicone, Aminomethyl Propanol, Phenethyl Alcohol, Undecyl Alcohol, Benzyl Alcohol.<\/p>\n   <!--==================================================== You might also like section ====================================================-->\n      <h2>PUEDE QUE TAMBI\u00c9N TE GUSTE<\/h2>\n      <!--==================================================== Slider YOU MIGHT ALSO LIKE ====================================================-->\n      <!---->\n      <!--   -->\n            <!--==================================================== Slides products ====================================================-->\n      <!--      -->\n      <!--         <a href=\"\/es\/rejuveniqe-oil\/\" aria-label=\"Go to REJUVENIQE\u00ae page\">-->\n      <!--            <img decoding=\"async\" src=\"https:\/\/monatglobal.com\/wp-content\/uploads\/2022\/12\/rejuveniqe_2021-ecomm.png\" alt=\"REJUVENIQE \u00ae\" loading=\"lazy\"\/>-->\n      <!--            <p>REJUVENIQE<sup>\u00ae<\/sup><\/p>-->\n      <!--         <\/a>-->\n      <!--      -->\n      <!--      -->\n      <!--         <a href=\"\/es\/men-face-moisturizer\/\" aria-label=\"Go to Hidratante facial esencial MONAT FOR MEN\u2122 page\">-->\n      <!--            <img decoding=\"async\" src=\"https:\/\/monatglobal.com\/wp-content\/uploads\/2022\/12\/essential-face-moisturizer-ecomm-2022-min.png\" alt=\"Hidratante facial esencial MONAT FOR MEN\u2122\" loading=\"lazy\"\/>-->\n      <!--            <p>Hidratante facial esencial<br \/>MONAT FOR MEN\u2122<\/p>-->\n      <!--         <\/a>-->\n      <!--      -->\n      <!--            -->\n      <!--         <a href=\"\/es\/men-face-wash\/\" aria-label=\"Go to Limpiador facial esencial MONAT FOR MEN\u2122 page\">-->\n      <!--            <img decoding=\"async\" src=\"https:\/\/monatglobal.com\/wp-content\/uploads\/2022\/12\/essential-face-wash-ecomm-2022-min.png\" alt=\"Limpiador facial esencial MONAT FOR MEN\u2122\" loading=\"lazy\"\/>-->\n      <!--            <p>Limpiador facial esencial MONAT FOR MEN\u2122<\/p>-->\n      <!--         <\/a>-->\n      <!--      -->\n      <!--   -->\n         <!--==================================================== If we need navigation buttons  ====================================================-->\n      <!--   -->\n      <!--   -->\n         <!--==================================================== If we need paginations  ====================================================-->\n      <!--   -->\n      <!---->\n         <!--==================================================== If we need navigation buttons  ====================================================-->\n         <!--==================================================== If we need paginations  ====================================================-->\n    <a href=\"\" aria-label=\"\"><\/a>\n<!--==================================================== this link has to go last for it to work   ====================================================-->\n","protected":false},"excerpt":{"rendered":"<p>M\u00c1S VENDIDOS M\u00c1S VENDIDOS Champ\u00fa y acondicionadorMONAT Black\u2122 Reforzado con REJUVENIQE\u2122 Champ\u00fa + acondicionador 2 en 1 formulado para conseguir la salud \u00f3ptima del cabello en un paso. 237 ml \u212e 8.0 fl.oz. Precio de venta Cliente00.00 \u20ac Precio Cliente VIP00.00 \u20ac Para conocer m\u00e1s sobre el champ\u00fa + acondicionador 2 en 1 BLACK, ponte&hellip;<\/p>\n","protected":false},"author":31,"featured_media":65541,"parent":0,"menu_order":0,"comment_status":"closed","ping_status":"closed","template":"","meta":{"inline_featured_image":false,"om_disable_all_campaigns":false,"_monsterinsights_skip_tracking":false,"_monsterinsights_sitenote_active":false,"_monsterinsights_sitenote_note":"","_monsterinsights_sitenote_category":0,"footnotes":""},"categories":[31],"tags":[],"class_list":["post-8402","page","type-page","status-publish","has-post-thumbnail","hentry","category-product-es"],"aioseo_notices":[],"aioseo_head":"\n\t\t<!-- All in One SEO Pro 4.9.5.2 - aioseo.com -->\n\t<meta name=\"description\" content=\"M\u00c1S VENDIDOS --&gt;\" \/>\n\t<meta name=\"robots\" content=\"max-image-preview:large\" \/>\n\t<link rel=\"canonical\" href=\"https:\/\/monatglobal.com\/es\/monat-black-shampoo-conditioner\/\" \/>\n\t<meta name=\"generator\" content=\"All in One SEO Pro (AIOSEO) 4.9.5.2\" \/>\n\t\t<meta property=\"og:locale\" content=\"en_US\" \/>\n\t\t<meta property=\"og:site_name\" content=\"MONAT Espa\u00f1a - We Are Modern Nature\u00ae\" \/>\n\t\t<meta property=\"og:type\" content=\"article\" \/>\n\t\t<meta property=\"og:title\" content=\"MONAT BLACK\u2122 SHAMPOO + CONDITIONER - MONAT Espa\u00f1a\" \/>\n\t\t<meta property=\"og:description\" content=\"M\u00c1S VENDIDOS --&gt;\" \/>\n\t\t<meta property=\"og:url\" content=\"https:\/\/monatglobal.com\/es\/monat-black-shampoo-conditioner\/\" \/>\n\t\t<meta property=\"article:published_time\" content=\"2016-01-23T01:05:18+00:00\" \/>\n\t\t<meta property=\"article:modified_time\" content=\"2026-02-23T21:00:52+00:00\" \/>\n\t\t<meta name=\"twitter:card\" content=\"summary_large_image\" \/>\n\t\t<meta name=\"twitter:title\" content=\"MONAT BLACK\u2122 SHAMPOO + CONDITIONER - MONAT Espa\u00f1a\" \/>\n\t\t<meta name=\"twitter:description\" content=\"M\u00c1S VENDIDOS --&gt;\" \/>\n\t\t<script type=\"application\/ld+json\" class=\"aioseo-schema\">\n\t\t\t{\"@context\":\"https:\\\/\\\/schema.org\",\"@graph\":[{\"@type\":\"BreadcrumbList\",\"@id\":\"https:\\\/\\\/monatglobal.com\\\/es\\\/monat-black-shampoo-conditioner\\\/#breadcrumblist\",\"itemListElement\":[{\"@type\":\"ListItem\",\"@id\":\"https:\\\/\\\/monatglobal.com\\\/es#listItem\",\"position\":1,\"name\":\"Home\",\"item\":\"https:\\\/\\\/monatglobal.com\\\/es\",\"nextItem\":{\"@type\":\"ListItem\",\"@id\":\"https:\\\/\\\/monatglobal.com\\\/es\\\/monat-black-shampoo-conditioner\\\/#listItem\",\"name\":\"MONAT BLACK\\u2122 SHAMPOO + CONDITIONER\"}},{\"@type\":\"ListItem\",\"@id\":\"https:\\\/\\\/monatglobal.com\\\/es\\\/monat-black-shampoo-conditioner\\\/#listItem\",\"position\":2,\"name\":\"MONAT BLACK\\u2122 SHAMPOO + CONDITIONER\",\"previousItem\":{\"@type\":\"ListItem\",\"@id\":\"https:\\\/\\\/monatglobal.com\\\/es#listItem\",\"name\":\"Home\"}}]},{\"@type\":\"Organization\",\"@id\":\"https:\\\/\\\/monatglobal.com\\\/es\\\/#organization\",\"name\":\"MONAT Espa\\u00f1a\",\"description\":\"We Are Modern Nature\\u00ae\",\"url\":\"https:\\\/\\\/monatglobal.com\\\/es\\\/\"},{\"@type\":\"WebPage\",\"@id\":\"https:\\\/\\\/monatglobal.com\\\/es\\\/monat-black-shampoo-conditioner\\\/#webpage\",\"url\":\"https:\\\/\\\/monatglobal.com\\\/es\\\/monat-black-shampoo-conditioner\\\/\",\"name\":\"MONAT BLACK\\u2122 SHAMPOO + CONDITIONER - MONAT Espa\\u00f1a\",\"description\":\"M\\u00c1S VENDIDOS -->\",\"inLanguage\":\"en-US\",\"isPartOf\":{\"@id\":\"https:\\\/\\\/monatglobal.com\\\/es\\\/#website\"},\"breadcrumb\":{\"@id\":\"https:\\\/\\\/monatglobal.com\\\/es\\\/monat-black-shampoo-conditioner\\\/#breadcrumblist\"},\"image\":{\"@type\":\"ImageObject\",\"url\":\"https:\\\/\\\/monatglobal.com\\\/es\\\/wp-content\\\/uploads\\\/sites\\\/10\\\/2021\\\/10\\\/MONAT-BLACK-SHAMPOO-CONDITIONER-ecomm.png\",\"@id\":\"https:\\\/\\\/monatglobal.com\\\/es\\\/monat-black-shampoo-conditioner\\\/#mainImage\",\"width\":641,\"height\":800},\"primaryImageOfPage\":{\"@id\":\"https:\\\/\\\/monatglobal.com\\\/es\\\/monat-black-shampoo-conditioner\\\/#mainImage\"},\"datePublished\":\"2016-01-22T20:05:18+00:00\",\"dateModified\":\"2026-02-23T21:00:52+00:00\"},{\"@type\":\"WebSite\",\"@id\":\"https:\\\/\\\/monatglobal.com\\\/es\\\/#website\",\"url\":\"https:\\\/\\\/monatglobal.com\\\/es\\\/\",\"name\":\"MONAT Espa\\u00f1a\",\"description\":\"We Are Modern Nature\\u00ae\",\"inLanguage\":\"en-US\",\"publisher\":{\"@id\":\"https:\\\/\\\/monatglobal.com\\\/es\\\/#organization\"}}]}\n\t\t<\/script>\n\t\t<!-- All in One SEO Pro -->\r\n\t\t<title>MONAT BLACK\u2122 SHAMPOO + CONDITIONER - MONAT Espa\u00f1a<\/title>\n\n","aioseo_head_json":{"title":"MONAT BLACK\u2122 SHAMPOO + CONDITIONER - MONAT Espa\u00f1a","description":"M\u00c1S VENDIDOS -->","canonical_url":"https:\/\/monatglobal.com\/es\/monat-black-shampoo-conditioner\/","robots":"max-image-preview:large","keywords":"","webmasterTools":{"miscellaneous":""},"schema":{"@context":"https:\/\/schema.org","@graph":[{"@type":"BreadcrumbList","@id":"https:\/\/monatglobal.com\/es\/monat-black-shampoo-conditioner\/#breadcrumblist","itemListElement":[{"@type":"ListItem","@id":"https:\/\/monatglobal.com\/es#listItem","position":1,"name":"Home","item":"https:\/\/monatglobal.com\/es","nextItem":{"@type":"ListItem","@id":"https:\/\/monatglobal.com\/es\/monat-black-shampoo-conditioner\/#listItem","name":"MONAT BLACK\u2122 SHAMPOO + CONDITIONER"}},{"@type":"ListItem","@id":"https:\/\/monatglobal.com\/es\/monat-black-shampoo-conditioner\/#listItem","position":2,"name":"MONAT BLACK\u2122 SHAMPOO + CONDITIONER","previousItem":{"@type":"ListItem","@id":"https:\/\/monatglobal.com\/es#listItem","name":"Home"}}]},{"@type":"Organization","@id":"https:\/\/monatglobal.com\/es\/#organization","name":"MONAT Espa\u00f1a","description":"We Are Modern Nature\u00ae","url":"https:\/\/monatglobal.com\/es\/"},{"@type":"WebPage","@id":"https:\/\/monatglobal.com\/es\/monat-black-shampoo-conditioner\/#webpage","url":"https:\/\/monatglobal.com\/es\/monat-black-shampoo-conditioner\/","name":"MONAT BLACK\u2122 SHAMPOO + CONDITIONER - MONAT Espa\u00f1a","description":"M\u00c1S VENDIDOS -->","inLanguage":"en-US","isPartOf":{"@id":"https:\/\/monatglobal.com\/es\/#website"},"breadcrumb":{"@id":"https:\/\/monatglobal.com\/es\/monat-black-shampoo-conditioner\/#breadcrumblist"},"image":{"@type":"ImageObject","url":"https:\/\/monatglobal.com\/es\/wp-content\/uploads\/sites\/10\/2021\/10\/MONAT-BLACK-SHAMPOO-CONDITIONER-ecomm.png","@id":"https:\/\/monatglobal.com\/es\/monat-black-shampoo-conditioner\/#mainImage","width":641,"height":800},"primaryImageOfPage":{"@id":"https:\/\/monatglobal.com\/es\/monat-black-shampoo-conditioner\/#mainImage"},"datePublished":"2016-01-22T20:05:18+00:00","dateModified":"2026-02-23T21:00:52+00:00"},{"@type":"WebSite","@id":"https:\/\/monatglobal.com\/es\/#website","url":"https:\/\/monatglobal.com\/es\/","name":"MONAT Espa\u00f1a","description":"We Are Modern Nature\u00ae","inLanguage":"en-US","publisher":{"@id":"https:\/\/monatglobal.com\/es\/#organization"}}]},"og:locale":"en_US","og:site_name":"MONAT Espa\u00f1a - We Are Modern Nature\u00ae","og:type":"article","og:title":"MONAT BLACK\u2122 SHAMPOO + CONDITIONER - MONAT Espa\u00f1a","og:description":"M\u00c1S VENDIDOS --&gt;","og:url":"https:\/\/monatglobal.com\/es\/monat-black-shampoo-conditioner\/","article:published_time":"2016-01-23T01:05:18+00:00","article:modified_time":"2026-02-23T21:00:52+00:00","twitter:card":"summary_large_image","twitter:title":"MONAT BLACK\u2122 SHAMPOO + CONDITIONER - MONAT Espa\u00f1a","twitter:description":"M\u00c1S VENDIDOS --&gt;"},"aioseo_meta_data":{"post_id":"8402","title":"MONAT BLACK\u2122 SHAMPOO + CONDITIONER - MONAT Espa\u00f1a","description":null,"keywords":null,"keyphrases":{"focus":{"keyphrase":"","score":0,"analysis":{"keyphraseInTitle":{"score":0,"maxScore":9,"error":1}}},"additional":[]},"primary_term":null,"canonical_url":null,"og_title":null,"og_description":null,"og_object_type":"default","og_image_type":"default","og_image_url":null,"og_image_width":null,"og_image_height":null,"og_image_custom_url":null,"og_image_custom_fields":null,"og_video":"","og_custom_url":null,"og_article_section":null,"og_article_tags":null,"twitter_use_og":false,"twitter_card":"default","twitter_image_type":"default","twitter_image_url":null,"twitter_image_custom_url":null,"twitter_image_custom_fields":null,"twitter_title":null,"twitter_description":null,"schema":{"blockGraphs":[],"customGraphs":[],"default":{"data":{"Article":[],"Course":[],"Dataset":[],"FAQPage":[],"Movie":[],"Person":[],"Product":[],"ProductReview":[],"Car":[],"Recipe":[],"Service":[],"SoftwareApplication":[],"WebPage":[]},"graphName":"WebPage","isEnabled":true},"graphs":[]},"schema_type":"default","schema_type_options":null,"pillar_content":false,"robots_default":true,"robots_noindex":false,"robots_noarchive":false,"robots_nosnippet":false,"robots_nofollow":false,"robots_noimageindex":false,"robots_noodp":false,"robots_notranslate":false,"robots_max_snippet":"-1","robots_max_videopreview":"-1","robots_max_imagepreview":"large","priority":null,"frequency":"default","local_seo":null,"seo_analyzer_scan_date":"2026-02-23 21:10:49","limit_modified_date":false,"reviewed_by":"0","open_ai":null,"ai":{"faqs":[],"keyPoints":[],"titles":[],"descriptions":[],"socialPosts":{"email":[],"linkedin":[],"twitter":[],"facebook":[],"instagram":[]}},"created":"2023-07-26 09:13:11","updated":"2026-02-23 21:10:49"},"aioseo_breadcrumb":"<div class=\"aioseo-breadcrumbs\"><span class=\"aioseo-breadcrumb\">\n\t<a href=\"https:\/\/monatglobal.com\/es\" title=\"Home\">Home<\/a>\n<\/span><span class=\"aioseo-breadcrumb-separator\">&raquo;<\/span><span class=\"aioseo-breadcrumb\">\n\tMONAT BLACK\u2122 SHAMPOO + CONDITIONER\n<\/span><\/div>","aioseo_breadcrumb_json":[{"label":"Home","link":"https:\/\/monatglobal.com\/es"},{"label":"MONAT BLACK\u2122 SHAMPOO + CONDITIONER","link":"https:\/\/monatglobal.com\/es\/monat-black-shampoo-conditioner\/"}],"_links":{"self":[{"href":"https:\/\/monatglobal.com\/es\/wp-json\/wp\/v2\/pages\/8402","targetHints":{"allow":["GET"]}}],"collection":[{"href":"https:\/\/monatglobal.com\/es\/wp-json\/wp\/v2\/pages"}],"about":[{"href":"https:\/\/monatglobal.com\/es\/wp-json\/wp\/v2\/types\/page"}],"author":[{"embeddable":true,"href":"https:\/\/monatglobal.com\/es\/wp-json\/wp\/v2\/users\/31"}],"replies":[{"embeddable":true,"href":"https:\/\/monatglobal.com\/es\/wp-json\/wp\/v2\/comments?post=8402"}],"version-history":[{"count":32,"href":"https:\/\/monatglobal.com\/es\/wp-json\/wp\/v2\/pages\/8402\/revisions"}],"predecessor-version":[{"id":109189,"href":"https:\/\/monatglobal.com\/es\/wp-json\/wp\/v2\/pages\/8402\/revisions\/109189"}],"wp:featuredmedia":[{"embeddable":true,"href":"https:\/\/monatglobal.com\/es\/wp-json\/wp\/v2\/media\/65541"}],"wp:attachment":[{"href":"https:\/\/monatglobal.com\/es\/wp-json\/wp\/v2\/media?parent=8402"}],"wp:term":[{"taxonomy":"category","embeddable":true,"href":"https:\/\/monatglobal.com\/es\/wp-json\/wp\/v2\/categories?post=8402"},{"taxonomy":"post_tag","embeddable":true,"href":"https:\/\/monatglobal.com\/es\/wp-json\/wp\/v2\/tags?post=8402"}],"curies":[{"name":"wp","href":"https:\/\/api.w.org\/{rel}","templated":true}]}}