{"id":83985,"date":"2023-12-01T08:44:12","date_gmt":"2023-12-01T08:44:12","guid":{"rendered":"https:\/\/monatglobal.com\/es\/?page_id=83985"},"modified":"2024-07-29T15:50:43","modified_gmt":"2024-07-29T14:50:43","slug":"gratitude-lather","status":"publish","type":"page","link":"https:\/\/monatglobal.com\/es\/gratitude-lather\/","title":{"rendered":"<strong>More Than A Lather by MONAT\u2122<\/strong>"},"content":{"rendered":"\n\n\t<link rel=\"stylesheet\" href=\"https:\/\/unpkg.com\/swiper\/swiper-bundle.min.css\" \/>\n<link rel=\"stylesheet\" href=\"https:\/\/monatglobal.com\/public_html\/wp-content\/creative_css\/product_styles_sheet.css\" \/>\n   <!--==================================================== ECOMM SECTION ====================================================-->\n      <!--==================================================== Ecomm image ====================================================-->\n      <img decoding=\"async\" src=\"https:\/\/monatglobal.com\/wp-content\/uploads\/2024\/07\/more-than-a-lather-ecomm-2024-EU-min.png\" alt=\"More than a Lather product picture\"\/>\n      <!--==================================================== Ecomm information  ====================================================-->\n              \t\tEdici\u00f3n limitada\n         <h1> More than a Lather<br \/> by MONAT\u2122 <\/h1>\n         \n                  <p>\u00a1Es el jab\u00f3n perfecto y genera un impacto positivo!<\/p><br \/>\n         <p>7 oz \/ 198 g<\/p><br \/>\n         <p>Precio descontado<br \/>18 \u20ac<\/p>\n\t\t\t\t\t<p>Cliente<br \/>18 \u20ac<\/p>\n\t\t\t\t\t<p>Cliente VIP<br \/>18 \u20ac<\/p>\n         <p>To learn more about More than a Lather, please contact your MONAT Market Partner. <\/p>\n         <a href=\"https:\/\/mymonat.com\/shop\/products\/more-than-a-lather-by-monat-6000005274?globallanguage=es&#038;globalmarket=es\" target=\"_blank\" aria-label=\"Go to More than a Lather shop\" rel=\"noopener\">COMPRAR AHORA<\/a>\n         <a  aria-label=\"Go to More than a Lather shop\">AGOTADO<\/a>\n   <!--==================================================== \/ECOMM SECTION  ====================================================-->\n   <!--==================================================== Benefits image ====================================================-->\n   \n      <source media=\"(max-width: 700px)\" srcset=\"https:\/\/monatglobal.com\/wp-content\/uploads\/2024\/07\/more-than-a-lather-benefits-mobile-min.jpg\"\/>\n      <img decoding=\"async\" src=\"https:\/\/monatglobal.com\/wp-content\/uploads\/2024\/07\/more-than-a-lather-benefits-desktop-min.jpg\" alt=\"MONAT body bar with bubbles on it, resting on a wet surface.\"\/>\n   \n   <!--==================================================== Benefits text ====================================================-->\n         \n        <h3>Reforzado con nutritiva manteca de karit\u00e9, esta pastilla de jab\u00f3n revitalizante aporta una lujosa espuma que refresca y acondiciona para una piel m\u00e1s suave y tersa.<\/h3>\n         <!--==================================================== features image  ====================================================-->\n         <img decoding=\"async\" src=\"https:\/\/monatglobal.com\/wp-content\/uploads\/2024\/07\/more-than-a-lather-features-min.jpg\" \n         alt=\"MONAT body bar placed on a white background, showcasing its texture and color.\"\/>\n      <!--==================================================== features text ====================================================-->\n            <h3>Beneficios<\/h3>\n                <p>\/ Reforzada con nutritiva manteca de karit\u00e9.<\/p>\n                <p>\/ Rica espuma que limpia, acondiciona y refresca.<\/p>\n                <p>\/ Aporta m\u00e1xima firmeza y suavidad.<\/p>\n                <p>\/ Perfecta para crear una experiencia de spa en casa.<\/p>\n   <!--==================================================== composition image mobile ====================================================-->\n   <img decoding=\"async\" src=\"https:\/\/monatglobal.com\/wp-content\/uploads\/2024\/07\/more-than-a-lather-standalone-min.jpg\" \n   alt=\"MONAT body bar next to a natural sponge on a wooden soap dish.\"\/>\n   <!--==================================================== Why it works text ====================================================-->\n      <h2>\u00a1Tu compra genera un impacto positivo!<\/h2>\n      <h3>Este jab\u00f3n de edici\u00f3n limitada no solo es un tratamiento revitalizante para tu piel, sino que adem\u00e1s crea un impacto positivo.<\/h3>\n      <p>El 100% de las ganancias netas se donar\u00e1n en apoyo a iniciativas educativas juveniles a trav\u00e9s de la Fundaci\u00f3n Gratitude de&nbsp;MONAT.<\/p>\n<!--==================================================== Composition section ====================================================-->\n      <img decoding=\"async\" src=\"https:\/\/monatglobal.com\/wp-content\/uploads\/2024\/07\/more-than-a-lather-standalone-min.jpg\" \n      alt=\"MONAT body bar next to a natural sponge on a wooden soap dish.\"\/>\n      <img decoding=\"async\" src=\"https:\/\/monatglobal.com\/wp-content\/uploads\/2024\/07\/more-than-a-lather-composition-min.jpg\" \n      alt=\"Hand holding MONAT body bar under running water, creating bubbles. \"\/>\n   <button id=\"myBtn\" type=\"button\">LISTA COMPLETA DE INGREDIENTES<\/button>\n            <!--==================================================== Directions text ====================================================--> \n               <h3>C\u00f3mo usarlo<\/h3>\n               <p>\/ Masajear sobre la piel h\u00fameda en el ba\u00f1o o la ducha.<\/p> \n               <p>\/ Aclarar para limpiar.<\/p>\n            <!--==================================================== Directions video ====================================================-->\n            <p>MONAT<br \/> Hydration Booster\u2122 <\/p>\n      <p>MONAT<br \/> Apple Cider Vinegar Gummies <br \/>0:00<\/p>\n   <a target=\"_blank\" aria-label=\"Go to MONAT Vegan Omega shop\" rel=\"noopener\">coming soon<\/a>\n   <a href=\"https:\/\/mymonat.com\/shop\/products\/more-than-a-lather-by-monat-6000005274?globallanguage=es&#038;globalmarket=es\" target=\"_blank\" aria-label=\"Go to MONAT Vegan Omega shop\" rel=\"noopener\">COMPRAR AHORA<\/a>\n         <a  aria-label=\"Go to More than a Lather shop\">AGOTADO<\/a>\n   <!--==================================================== Ingredients section  ====================================================-->\n    La Fundaci\u00f3n Gratitude de MONAT es una organizaci\u00f3n sin \u00e1nimo de lucro con n\u00famero de registro 501(c)3 y se compromete a garantizar que los ni\u00f1os, las familias y las comunidades (independientemente de su raza, nacionalidad o ingresos) tengan la oportunidad de prosperar. Creemos en el poder de la comunidad y juntos demostramos el impacto que podemos hacer cuando adoptamos el esp\u00edritu de generosidad. La compra que hagas de la edici\u00f3n limitada de More than a Lather by MONAT\u2122 ayuda a generar un impacto positivo en las comunidades locales y en todo el&nbsp;mundo.\n      <!--==================================================== Modal content  ====================================================-->\n         &times;\n         <p>Sodium Palmate, Sodium Palm Kernelate, Aqua\/Water\/Eau, Glycerin, Sodium Gluconate, Cocos Nucifera (Coconut) Oil, Fragrance\/Parfum, Butyrospermum Parkii (Shea) Butter, Salvia Hispanica Seed Oil, Helianthus Annuus (Sunflower) Seed Oil, Brassica Oleracea Acephala Leaf Extract, Euterpe Oleracea Fruit Extract, Lycium Barbarum Fruit Extract, Simmondsia Chinensis (Jojoba) Seed Powder, Palm Acid, Palm Kernel Acid, Sodium Chloride, Citric Acid, Iron Oxides\/CI 77491, Benzyl Alcohol, Geraniol.<\/p>\n<!--==================================================== this link has to go last for it to work   ====================================================-->\n\n","protected":false},"excerpt":{"rendered":"<p>Edici\u00f3n limitada More than a Lather by MONAT\u2122 \u00a1Es el jab\u00f3n perfecto y genera un impacto positivo! 7 oz \/ 198 g Precio descontado18 \u20ac Cliente18 \u20ac Cliente VIP18 \u20ac To learn more about More than a Lather, please contact your MONAT Market Partner. COMPRAR AHORA AGOTADO Reforzado con nutritiva manteca de karit\u00e9, esta pastilla&hellip;<\/p>\n","protected":false},"author":33,"featured_media":0,"parent":0,"menu_order":0,"comment_status":"closed","ping_status":"closed","template":"","meta":{"inline_featured_image":false,"om_disable_all_campaigns":false,"_monsterinsights_skip_tracking":false,"_monsterinsights_sitenote_active":false,"_monsterinsights_sitenote_note":"","_monsterinsights_sitenote_category":0,"footnotes":""},"categories":[],"tags":[],"class_list":["post-83985","page","type-page","status-publish","hentry"],"aioseo_notices":[],"aioseo_head":"\n\t\t<!-- All in One SEO Pro 4.9.5.2 - aioseo.com -->\n\t<meta name=\"description\" content=\"Edici\u00f3n limitada More than a Lather by MONAT\u2122 \u00a1Es el jab\u00f3n perfecto y genera un impacto positivo! 7 oz \/ 198 g Precio descontado18 \u20ac Cliente18 \u20ac Cliente VIP18 \u20ac To learn more about More than a Lather, please contact your MONAT Market Partner. COMPRAR AHORA AGOTADO Reforzado con nutritiva manteca de karit\u00e9, esta pastilla\" \/>\n\t<meta name=\"robots\" content=\"max-image-preview:large\" \/>\n\t<link rel=\"canonical\" href=\"https:\/\/monatglobal.com\/es\/gratitude-lather\/\" \/>\n\t<meta name=\"generator\" content=\"All in One SEO Pro (AIOSEO) 4.9.5.2\" \/>\n\t\t<meta property=\"og:locale\" content=\"en_US\" \/>\n\t\t<meta property=\"og:site_name\" content=\"MONAT Espa\u00f1a - We Are Modern Nature\u00ae\" \/>\n\t\t<meta property=\"og:type\" content=\"article\" \/>\n\t\t<meta property=\"og:title\" content=\"More Than A Lather by MONAT\u2122 - MONAT Espa\u00f1a\" \/>\n\t\t<meta property=\"og:description\" content=\"Edici\u00f3n limitada More than a Lather by MONAT\u2122 \u00a1Es el jab\u00f3n perfecto y genera un impacto positivo! 7 oz \/ 198 g Precio descontado18 \u20ac Cliente18 \u20ac Cliente VIP18 \u20ac To learn more about More than a Lather, please contact your MONAT Market Partner. COMPRAR AHORA AGOTADO Reforzado con nutritiva manteca de karit\u00e9, esta pastilla\" \/>\n\t\t<meta property=\"og:url\" content=\"https:\/\/monatglobal.com\/es\/gratitude-lather\/\" \/>\n\t\t<meta property=\"article:published_time\" content=\"2023-12-01T08:44:12+00:00\" \/>\n\t\t<meta property=\"article:modified_time\" content=\"2024-07-29T14:50:43+00:00\" \/>\n\t\t<meta name=\"twitter:card\" content=\"summary_large_image\" \/>\n\t\t<meta name=\"twitter:title\" content=\"More Than A Lather by MONAT\u2122 - MONAT Espa\u00f1a\" \/>\n\t\t<meta name=\"twitter:description\" content=\"Edici\u00f3n limitada More than a Lather by MONAT\u2122 \u00a1Es el jab\u00f3n perfecto y genera un impacto positivo! 7 oz \/ 198 g Precio descontado18 \u20ac Cliente18 \u20ac Cliente VIP18 \u20ac To learn more about More than a Lather, please contact your MONAT Market Partner. COMPRAR AHORA AGOTADO Reforzado con nutritiva manteca de karit\u00e9, esta pastilla\" \/>\n\t\t<script type=\"application\/ld+json\" class=\"aioseo-schema\">\n\t\t\t{\"@context\":\"https:\\\/\\\/schema.org\",\"@graph\":[{\"@type\":\"BreadcrumbList\",\"@id\":\"https:\\\/\\\/monatglobal.com\\\/es\\\/gratitude-lather\\\/#breadcrumblist\",\"itemListElement\":[{\"@type\":\"ListItem\",\"@id\":\"https:\\\/\\\/monatglobal.com\\\/es#listItem\",\"position\":1,\"name\":\"Home\",\"item\":\"https:\\\/\\\/monatglobal.com\\\/es\",\"nextItem\":{\"@type\":\"ListItem\",\"@id\":\"https:\\\/\\\/monatglobal.com\\\/es\\\/gratitude-lather\\\/#listItem\",\"name\":\"More Than A Lather by MONAT\\u2122\"}},{\"@type\":\"ListItem\",\"@id\":\"https:\\\/\\\/monatglobal.com\\\/es\\\/gratitude-lather\\\/#listItem\",\"position\":2,\"name\":\"More Than A Lather by MONAT\\u2122\",\"previousItem\":{\"@type\":\"ListItem\",\"@id\":\"https:\\\/\\\/monatglobal.com\\\/es#listItem\",\"name\":\"Home\"}}]},{\"@type\":\"Organization\",\"@id\":\"https:\\\/\\\/monatglobal.com\\\/es\\\/#organization\",\"name\":\"MONAT Espa\\u00f1a\",\"description\":\"We Are Modern Nature\\u00ae\",\"url\":\"https:\\\/\\\/monatglobal.com\\\/es\\\/\"},{\"@type\":\"WebPage\",\"@id\":\"https:\\\/\\\/monatglobal.com\\\/es\\\/gratitude-lather\\\/#webpage\",\"url\":\"https:\\\/\\\/monatglobal.com\\\/es\\\/gratitude-lather\\\/\",\"name\":\"More Than A Lather by MONAT\\u2122 - MONAT Espa\\u00f1a\",\"description\":\"Edici\\u00f3n limitada More than a Lather by MONAT\\u2122 \\u00a1Es el jab\\u00f3n perfecto y genera un impacto positivo! 7 oz \\\/ 198 g Precio descontado18 \\u20ac Cliente18 \\u20ac Cliente VIP18 \\u20ac To learn more about More than a Lather, please contact your MONAT Market Partner. COMPRAR AHORA AGOTADO Reforzado con nutritiva manteca de karit\\u00e9, esta pastilla\",\"inLanguage\":\"en-US\",\"isPartOf\":{\"@id\":\"https:\\\/\\\/monatglobal.com\\\/es\\\/#website\"},\"breadcrumb\":{\"@id\":\"https:\\\/\\\/monatglobal.com\\\/es\\\/gratitude-lather\\\/#breadcrumblist\"},\"datePublished\":\"2023-12-01T08:44:12+00:00\",\"dateModified\":\"2024-07-29T15:50:43+01:00\"},{\"@type\":\"WebSite\",\"@id\":\"https:\\\/\\\/monatglobal.com\\\/es\\\/#website\",\"url\":\"https:\\\/\\\/monatglobal.com\\\/es\\\/\",\"name\":\"MONAT Espa\\u00f1a\",\"description\":\"We Are Modern Nature\\u00ae\",\"inLanguage\":\"en-US\",\"publisher\":{\"@id\":\"https:\\\/\\\/monatglobal.com\\\/es\\\/#organization\"}}]}\n\t\t<\/script>\n\t\t<!-- All in One SEO Pro -->\r\n\t\t<title>More Than A Lather by MONAT\u2122 - MONAT Espa\u00f1a<\/title>\n\n","aioseo_head_json":{"title":"More Than A Lather by MONAT\u2122 - MONAT Espa\u00f1a","description":"Edici\u00f3n limitada More than a Lather by MONAT\u2122 \u00a1Es el jab\u00f3n perfecto y genera un impacto positivo! 7 oz \/ 198 g Precio descontado18 \u20ac Cliente18 \u20ac Cliente VIP18 \u20ac To learn more about More than a Lather, please contact your MONAT Market Partner. COMPRAR AHORA AGOTADO Reforzado con nutritiva manteca de karit\u00e9, esta pastilla","canonical_url":"https:\/\/monatglobal.com\/es\/gratitude-lather\/","robots":"max-image-preview:large","keywords":"","webmasterTools":{"miscellaneous":""},"schema":{"@context":"https:\/\/schema.org","@graph":[{"@type":"BreadcrumbList","@id":"https:\/\/monatglobal.com\/es\/gratitude-lather\/#breadcrumblist","itemListElement":[{"@type":"ListItem","@id":"https:\/\/monatglobal.com\/es#listItem","position":1,"name":"Home","item":"https:\/\/monatglobal.com\/es","nextItem":{"@type":"ListItem","@id":"https:\/\/monatglobal.com\/es\/gratitude-lather\/#listItem","name":"More Than A Lather by MONAT\u2122"}},{"@type":"ListItem","@id":"https:\/\/monatglobal.com\/es\/gratitude-lather\/#listItem","position":2,"name":"More Than A Lather by MONAT\u2122","previousItem":{"@type":"ListItem","@id":"https:\/\/monatglobal.com\/es#listItem","name":"Home"}}]},{"@type":"Organization","@id":"https:\/\/monatglobal.com\/es\/#organization","name":"MONAT Espa\u00f1a","description":"We Are Modern Nature\u00ae","url":"https:\/\/monatglobal.com\/es\/"},{"@type":"WebPage","@id":"https:\/\/monatglobal.com\/es\/gratitude-lather\/#webpage","url":"https:\/\/monatglobal.com\/es\/gratitude-lather\/","name":"More Than A Lather by MONAT\u2122 - MONAT Espa\u00f1a","description":"Edici\u00f3n limitada More than a Lather by MONAT\u2122 \u00a1Es el jab\u00f3n perfecto y genera un impacto positivo! 7 oz \/ 198 g Precio descontado18 \u20ac Cliente18 \u20ac Cliente VIP18 \u20ac To learn more about More than a Lather, please contact your MONAT Market Partner. COMPRAR AHORA AGOTADO Reforzado con nutritiva manteca de karit\u00e9, esta pastilla","inLanguage":"en-US","isPartOf":{"@id":"https:\/\/monatglobal.com\/es\/#website"},"breadcrumb":{"@id":"https:\/\/monatglobal.com\/es\/gratitude-lather\/#breadcrumblist"},"datePublished":"2023-12-01T08:44:12+00:00","dateModified":"2024-07-29T15:50:43+01:00"},{"@type":"WebSite","@id":"https:\/\/monatglobal.com\/es\/#website","url":"https:\/\/monatglobal.com\/es\/","name":"MONAT Espa\u00f1a","description":"We Are Modern Nature\u00ae","inLanguage":"en-US","publisher":{"@id":"https:\/\/monatglobal.com\/es\/#organization"}}]},"og:locale":"en_US","og:site_name":"MONAT Espa\u00f1a - We Are Modern Nature\u00ae","og:type":"article","og:title":"More Than A Lather by MONAT\u2122 - MONAT Espa\u00f1a","og:description":"Edici\u00f3n limitada More than a Lather by MONAT\u2122 \u00a1Es el jab\u00f3n perfecto y genera un impacto positivo! 7 oz \/ 198 g Precio descontado18 \u20ac Cliente18 \u20ac Cliente VIP18 \u20ac To learn more about More than a Lather, please contact your MONAT Market Partner. COMPRAR AHORA AGOTADO Reforzado con nutritiva manteca de karit\u00e9, esta pastilla","og:url":"https:\/\/monatglobal.com\/es\/gratitude-lather\/","article:published_time":"2023-12-01T08:44:12+00:00","article:modified_time":"2024-07-29T14:50:43+00:00","twitter:card":"summary_large_image","twitter:title":"More Than A Lather by MONAT\u2122 - MONAT Espa\u00f1a","twitter:description":"Edici\u00f3n limitada More than a Lather by MONAT\u2122 \u00a1Es el jab\u00f3n perfecto y genera un impacto positivo! 7 oz \/ 198 g Precio descontado18 \u20ac Cliente18 \u20ac Cliente VIP18 \u20ac To learn more about More than a Lather, please contact your MONAT Market Partner. COMPRAR AHORA AGOTADO Reforzado con nutritiva manteca de karit\u00e9, esta pastilla"},"aioseo_meta_data":{"post_id":"83985","title":null,"description":null,"keywords":null,"keyphrases":{"focus":{"keyphrase":"","score":0,"analysis":{"keyphraseInTitle":{"score":0,"maxScore":9,"error":1}}},"additional":[]},"primary_term":null,"canonical_url":null,"og_title":null,"og_description":null,"og_object_type":"default","og_image_type":"default","og_image_url":null,"og_image_width":null,"og_image_height":null,"og_image_custom_url":null,"og_image_custom_fields":null,"og_video":"","og_custom_url":null,"og_article_section":null,"og_article_tags":null,"twitter_use_og":false,"twitter_card":"default","twitter_image_type":"default","twitter_image_url":null,"twitter_image_custom_url":null,"twitter_image_custom_fields":null,"twitter_title":null,"twitter_description":null,"schema":{"blockGraphs":[],"customGraphs":[],"default":{"data":{"Article":[],"Course":[],"Dataset":[],"FAQPage":[],"Movie":[],"Person":[],"Product":[],"ProductReview":[],"Car":[],"Recipe":[],"Service":[],"SoftwareApplication":[],"WebPage":[]},"graphName":"WebPage","isEnabled":true},"graphs":[]},"schema_type":"default","schema_type_options":null,"pillar_content":false,"robots_default":true,"robots_noindex":false,"robots_noarchive":false,"robots_nosnippet":false,"robots_nofollow":false,"robots_noimageindex":false,"robots_noodp":false,"robots_notranslate":false,"robots_max_snippet":"-1","robots_max_videopreview":"-1","robots_max_imagepreview":"large","priority":null,"frequency":"default","local_seo":null,"seo_analyzer_scan_date":"2025-08-14 18:40:39","limit_modified_date":false,"reviewed_by":null,"open_ai":"{\"title\":{\"suggestions\":[],\"usage\":0},\"description\":{\"suggestions\":[],\"usage\":0}}","ai":null,"created":"2023-11-22 15:49:11","updated":"2025-08-14 18:40:39"},"aioseo_breadcrumb":"<div class=\"aioseo-breadcrumbs\"><span class=\"aioseo-breadcrumb\">\n\t<a href=\"https:\/\/monatglobal.com\/es\" title=\"Home\">Home<\/a>\n<\/span><span class=\"aioseo-breadcrumb-separator\">&raquo;<\/span><span class=\"aioseo-breadcrumb\">\n\t<strong>More Than A Lather by MONAT\u2122<\/strong>\n<\/span><\/div>","aioseo_breadcrumb_json":[{"label":"Home","link":"https:\/\/monatglobal.com\/es"},{"label":"<strong>More Than A Lather by MONAT\u2122<\/strong>","link":"https:\/\/monatglobal.com\/es\/gratitude-lather\/"}],"_links":{"self":[{"href":"https:\/\/monatglobal.com\/es\/wp-json\/wp\/v2\/pages\/83985","targetHints":{"allow":["GET"]}}],"collection":[{"href":"https:\/\/monatglobal.com\/es\/wp-json\/wp\/v2\/pages"}],"about":[{"href":"https:\/\/monatglobal.com\/es\/wp-json\/wp\/v2\/types\/page"}],"author":[{"embeddable":true,"href":"https:\/\/monatglobal.com\/es\/wp-json\/wp\/v2\/users\/33"}],"replies":[{"embeddable":true,"href":"https:\/\/monatglobal.com\/es\/wp-json\/wp\/v2\/comments?post=83985"}],"version-history":[{"count":15,"href":"https:\/\/monatglobal.com\/es\/wp-json\/wp\/v2\/pages\/83985\/revisions"}],"predecessor-version":[{"id":84584,"href":"https:\/\/monatglobal.com\/es\/wp-json\/wp\/v2\/pages\/83985\/revisions\/84584"}],"wp:attachment":[{"href":"https:\/\/monatglobal.com\/es\/wp-json\/wp\/v2\/media?parent=83985"}],"wp:term":[{"taxonomy":"category","embeddable":true,"href":"https:\/\/monatglobal.com\/es\/wp-json\/wp\/v2\/categories?post=83985"},{"taxonomy":"post_tag","embeddable":true,"href":"https:\/\/monatglobal.com\/es\/wp-json\/wp\/v2\/tags?post=83985"}],"curies":[{"name":"wp","href":"https:\/\/api.w.org\/{rel}","templated":true}]}}