{"id":83828,"date":"2023-09-28T23:11:56","date_gmt":"2023-09-28T22:11:56","guid":{"rendered":"https:\/\/monatglobal.com\/es\/?page_id=83828"},"modified":"2025-02-20T14:17:02","modified_gmt":"2025-02-20T14:17:02","slug":"ignite","status":"publish","type":"page","link":"https:\/\/monatglobal.com\/es\/ignite\/","title":{"rendered":"MONAT EUROPE IGNITE 2025"},"content":{"rendered":"\n\n\t<style>\n    :root{\n        --sand: #fbf5f0;\n        --red: #c2514a;\n        --salmon: #f3b7b1;\n        --dark-purple: #572e3d;\n        --purple: #522f56;\n    }\n<\/style> \n<section id=\"bannerSec\">\n    <img decoding=\"async\" src=\"https:\/\/monatglobal.com\/uk\/wp-content\/uploads\/sites\/6\/2025\/02\/ignite-2025-Logo-w.svg\"\/>\n    \n        <source media=\"(max-width: 700px)\" srcset=\"https:\/\/monatglobal.com\/uk\/wp-content\/uploads\/sites\/6\/2025\/02\/EU-ignite-2025-banner-mobile-min-2.jpg\" loading=\"lazy\"\/>\n        <img decoding=\"async\" src=\"https:\/\/monatglobal.com\/ie\/wp-content\/uploads\/sites\/13\/2025\/02\/IGNITE-BANNER-2025-DESKTOP_updated-min.jpg\" alt=\"A Moroccan-style tower stands prominently in the heart of the city, showcasing its elegance. It rises majestically against a blue sky, with the sunset light enhancing its magnificence.\" loading=\"lazy\"\/>\n    \n<\/section>\n<main id=\"igniteContainer\">\n    <section id=\"Sec1\">\n            <img decoding=\"async\" src=\"https:\/\/monatglobal.com\/wp-content\/uploads\/2025\/02\/marrakech-title.svg\" alt=\"Marrakech!\"\/>\n            <h1>le espera:<br \/> \u00a1el viaje de incentivo<br \/> de sus sue\u00f1os<br \/> empieza aqu\u00ed!<\/h1>\n            <p>Calificaci\u00f3n:<br \/> 1 de febrero de 2025 &#8211; 31 de julio de 2025<\/p>\n            <p>Fecha del evento:<br \/> 26-29 de septiembre de 2025<\/p>\n    <\/section>\n    <section id=\"Sec2\">\n            <h2>\u00bfCu\u00e1l es el destino<br \/> de sus sue\u00f1os?<br \/> \u00bfListo para<br \/> hacerlo realidad?<\/h2>  \n            <img decoding=\"async\" src=\"https:\/\/monatglobal.com\/wp-content\/uploads\/2025\/02\/pattern-img.svg\" alt=\"pattern img\"\/>\n                    <h3>Ha llegado<br \/> el momento.<\/h3>\n                    <p>Estamos encantados de anunciar el exclusivo viaje de incentivo MONAT Europe a Marrakech, y conf\u00ede en nosotros: \u00a1esta es la aventura que estaba esperando!<\/p>\n                <img decoding=\"async\" src=\"https:\/\/monatglobal.com\/uk\/wp-content\/uploads\/sites\/6\/2025\/02\/Incentive-Trip-to-Marrakech_archs-min.jpg\" alt=\"A woman seen from behind, wearing a green dress and holding a large hat in her hands, admires the arched architecture of a hallway with Moroccan-style design.\"\/>\n            <img decoding=\"async\" src=\"https:\/\/monatglobal.com\/wp-content\/uploads\/2025\/02\/yellow-star.svg\" alt=\"Yellow eight-pointed star shape\"\/>\n            <img decoding=\"async\" src=\"https:\/\/monatglobal.com\/wp-content\/uploads\/2025\/02\/salmon-star.svg\" alt=\"Salmon eight-pointed star shape\"\/> \n                <p>Si ya ha participado en un viaje de incentivo MONAT, sabr\u00e1 que es algo m\u00e1s que una simple escapada: es un viaje \u00e9pico lleno de momentos inolvidables, nuevas amistades y recuerdos que durar\u00e1n toda la vida.<\/p>\n                <p>Imag\u00ednese empaparse de la vibrante energ\u00eda de Marrakech, relacionarse con gente incre\u00edble y disfrutar de experiencias que el dinero no puede comprar.<\/p>\n    <\/section>\n    <section id=\"sec3\">\n             <img decoding=\"async\" src=\"https:\/\/monatglobal.com\/uk\/wp-content\/uploads\/sites\/6\/2025\/02\/energy-of-Marrakech_woman-min.jpg\" alt=\"A woman wearing a vibrant, colorful dress is seated gracefully on a chair, exuding elegance and style.\"\/>\n                <img decoding=\"async\" src=\"https:\/\/monatglobal.com\/uk\/wp-content\/uploads\/sites\/6\/2025\/02\/more-than-just-a-getaway_arch-min.jpg\" alt=\"A picturesque scene of the royal palace courtyard in Marrakesh, Morocco, highlighting its stunning architecture and tranquil atmosphere.\"\/>\n            <p>Este es tu momento. <br \/>No se limite a so\u00f1ar: <br \/>\u00a1hag\u00e1moslo realidad!<\/p>\n    <\/section>\n    <section id=\"tableSec\">\n            <img decoding=\"async\" src=\"https:\/\/monatglobal.com\/wp-content\/uploads\/2025\/02\/salmon-star.svg\" alt=\"Yellow eight-pointed star shape\"\/>\n            <img decoding=\"async\" src=\"https:\/\/monatglobal.com\/wp-content\/uploads\/2025\/02\/yellow-star.svg\" alt=\"Salmon eight-pointed star shape\"\/> \n            <img decoding=\"async\" src=\"https:\/\/monatglobal.com\/uk\/wp-content\/uploads\/sites\/6\/2025\/02\/ignite-2025Logo.svg\" alt=\"ignite logo\"\/>\n            <h2>Criterios <br \/>de cualificaci\u00f3n<\/h2>\n            <p>PV, VIP y MP Requisito: cumplir en 6 meses <br \/>(para Reino Unido, Irlanda, Polonia, Espa\u00f1a, Lituania y Francia)<\/p>\n            <p>GRUPO<\/p>\n            <p>Rango de carrera: <br \/>MP, AMP, MMP, AMB, MB a partir del 1 de febrero de 2025 <\/p>\n            <p>Premio<\/p> \n            <p>Rango de carrera: <br \/>MMB y superiores a partir del 1 de febrero de 2025<\/p> \n            <p>Premio<\/p>\n            <p>Requisitos FV <br \/>Nivel inicial<\/p>\n            <p>7000 PV*<\/p>\n            <p>Programa + Habitaci\u00f3n compartida<\/p>\n            \n            <p>Requisitos de inscripci\u00f3n Nivel de&nbsp;entrada<\/p>\n            <p>6 VIPs + 2 MARKET PARTNER<\/p>\n            <p>Requisitos FV <br \/>Nivel 1<\/p>\n            <p>9000 PV*<\/p>\n            <p>Programa + Habitaci\u00f3n compartida + \u00a3100\/\u20ac115<\/p>\n            <p>12000 PV*<\/p>\n            <p>Programa + Habitaci\u00f3n compartida + \u00a3100\/\u20ac115<\/p>\n            <p>Requisitos FV <br \/>Nivel 2<\/p>\n            <p>12000 PV*<\/p>\n            <p>Programa + Habitaci\u00f3n compartida + Vuelos<\/p>\n            <p>15000 PV*<\/p>\n            <p>Programa + Habitaci\u00f3n compartida + Vuelos<\/p>\n            <p>Requisitos de inscripci\u00f3n Nivel 1 y 2<\/p>\n            <p>10 VIP + 2 MP<\/p>\n            <p>*M\u00ednimo VP debe proceder de las compras de clientes de cada mes (Cliente VIP o Cliente).<\/p>\n            <p>4000 PV<\/p>\n            \n            <p>6000 PV<\/p>\n            \n            <p>Todos los Market Partners deben cobrar como MMP o superior en julio de 2025 para poder optar a la subvenci\u00f3n.<\/p>\n            \n                Requisitos de inscripci\u00f3n VIP y MP Nivel \n                b\u00e1sico (s\u00f3lo MP, AMP, MMP, AMB, MB) 6 VIP con Flexship activo* y 2 MP con Paquete de productos, en un periodo de 6 meses Nivel 1 y 2 10 VIP con Flexship activo* y 2 MP con Paquete de productos, en un periodo de 6 meses<br \/>\n                *No se requiere Flexship activo en Polonia, Espa\u00f1a y Lituania.\n            \n            \n                Requisito FV Requisito\n                FV para todos los niveles cuenta acumulativa\n             \n    <\/section>\n    <section id=\"lookLike_container\">  \n            <img decoding=\"async\" src=\"https:\/\/monatglobal.com\/wp-content\/uploads\/2025\/02\/salmon-star.svg\" alt=\"Yellow eight-pointed star shape\"\/>\n            <img decoding=\"async\" src=\"https:\/\/monatglobal.com\/wp-content\/uploads\/2025\/02\/yellow-star.svg\" alt=\"Salmon eight-pointed star shape\"\/> \n                <h2>\u00bfTe apuntas?<\/h2>\n                <p>Lo que MONAT Ignite<br \/> puede ser para ti.<\/p>\n                        <img decoding=\"async\" src=\"https:\/\/monatglobal.com\/uk\/wp-content\/uploads\/sites\/6\/2025\/02\/entry-level-icon.svg\" alt=\"Hotel icon illustration\"\/>\n                        <p>El nivel b\u00e1sico <br \/>(disponible s\u00f3lo para MP, AMP, MMP, AMB, MB) <br \/> incluye:<\/p>\n                        <ul>\n                            <li><p>\u2022 3 noches de alojamiento en habitaci\u00f3n compartida con desayuno<\/p><\/li>\n                            <li><p>\u2022 Experiencia especial de MONAT<\/p><\/li>\n                            <li><p>\u2022 Fiesta de gala<\/p><\/li>\n                            <li><p>\u2022 \u00a1Muchos momentos especiales de MONAT&nbsp;Europa!<\/p><\/li>\n                        <\/ul>\n                        <p>MONAT no incluye los vuelos en este grupo.<\/p>\n                        <img decoding=\"async\" src=\"https:\/\/monatglobal.com\/uk\/wp-content\/uploads\/sites\/6\/2025\/02\/tier-1-eu.svg\" alt=\"money icon illustration\"\/> \n                        <p>El viaje para el Nivel 1<br \/>incluye:<\/p>\n                        <ul>\n                            <li><p>\u2022 3 noches de alojamiento en habitaci\u00f3n compartida con desayuno<\/p><\/li>\n                            <li><p>\u2022 100 \u00a3 \/ 115 \u20ac para que los gastes como&nbsp;quieras<\/p><\/li>\n                            <li><p>\u2022 Experiencia especial de MONAT<\/p><\/li>\n                            <li><p>\u2022 Fiesta de gala<\/p><\/li>\n                            <li><p>\u2022 \u00a1Muchos momentos especiales de MONAT&nbsp;Europa!<\/p><\/li>\n                        <\/ul>\n                        <p>MONAT no incluye los vuelos en este grupo.<\/p>\n                        <img decoding=\"async\" src=\"https:\/\/monatglobal.com\/uk\/wp-content\/uploads\/sites\/6\/2025\/02\/tier-2.svg\" alt=\"plane ticket icon illustration\"\/>\n                        El viaje para el Nivel 2<br \/> incluye:\n\n                        <ul>\n                            <li><p>\u2022 Billete de avi\u00f3n de ida y vuelta desde los principales aeropuertos del Reino Unido, Irlanda, Polonia, Espa\u00f1a, Lituania y Francia*<\/p><\/li>\n                            <li><p>\u2022 3 noches de alojamiento en habitaci\u00f3n compartida con desayuno<\/p><\/li>\n                            <li><p>\u2022 Experiencia especial de MONAT<\/p><\/li>\n                            <li><p>\u2022 Fiesta de gala<\/p><\/li>\n                            <li><p>\u2022 \u00a1Muchos momentos especiales de MONAT&nbsp;Europa!<\/p><\/li>\n                        <\/ul>\n            <img decoding=\"async\" src=\"https:\/\/monatglobal.com\/uk\/wp-content\/uploads\/sites\/6\/2025\/02\/oil-drop.svg\" alt=\"oil drop logo\"\/>\n    <\/section>\n    <section id=\"bottomSec\">\n        <p>\u00a1Nos vemos en<\/p>\n        <img decoding=\"async\" src=\"https:\/\/monatglobal.com\/wp-content\/uploads\/2025\/02\/marrakech-title.svg\" alt=\"Marrakech!\"\/> \n        <a href=\"https:\/\/monatglobal.com\/es\/wp-content\/uploads\/sites\/10\/2025\/02\/SP_MONAT-Europe-Ignite-2025-FAQ_020725_v2.pdf\" target=\"_blank\" rel=\"noopener\">Preguntas Frecuentes<\/a>\n        <p>*Consulta los <a href=\"https:\/\/monatglobal.com\/es\/wp-content\/uploads\/sites\/10\/2025\/02\/SP_MONAT-Europe-Ignite-2025-Terms-and-Conditions_020725_v1.pdf\" target=\"_blank\" rel=\"noopener\">T\u00e9rminos y Condiciones<\/a> de aceptaci\u00f3n <br \/>del pasaje a\u00e9reo pagado por MONAT Global.<\/p>\n        <img decoding=\"async\" alt=\"pattern img\" src=\"https:\/\/monatglobal.com\/wp-content\/uploads\/2025\/02\/pattern-img.svg\"\/>\n    <\/section>\n<\/main>\n\n","protected":false},"excerpt":{"rendered":"<p>le espera: \u00a1el viaje de incentivo de sus sue\u00f1os empieza aqu\u00ed! Calificaci\u00f3n: 1 de febrero de 2025 &#8211; 31 de julio de 2025 Fecha del evento: 26-29 de septiembre de 2025 \u00bfCu\u00e1l es el destino de sus sue\u00f1os? \u00bfListo para hacerlo realidad? Ha llegado el momento. Estamos encantados de anunciar el exclusivo viaje de incentivo&hellip;<\/p>\n","protected":false},"author":33,"featured_media":86401,"parent":0,"menu_order":0,"comment_status":"closed","ping_status":"closed","template":"","meta":{"inline_featured_image":false,"om_disable_all_campaigns":false,"_monsterinsights_skip_tracking":false,"_monsterinsights_sitenote_active":false,"_monsterinsights_sitenote_note":"","_monsterinsights_sitenote_category":0,"footnotes":""},"categories":[],"tags":[],"class_list":["post-83828","page","type-page","status-publish","has-post-thumbnail","hentry"],"aioseo_notices":[],"aioseo_head":"\n\t\t<!-- All in One SEO Pro 4.9.6 - aioseo.com -->\n\t<meta name=\"description\" content=\"Clasif\u00edcate para MONAT Ignite 2025 y vive un viaje inolvidable a Marrakech con hospedaje de lujo, eventos exclusivos y una gala especial.\" \/>\n\t<meta name=\"robots\" content=\"max-image-preview:large\" \/>\n\t<link rel=\"canonical\" href=\"https:\/\/monatglobal.com\/es\/ignite\/\" \/>\n\t<meta name=\"generator\" content=\"All in One SEO Pro (AIOSEO) 4.9.6\" \/>\n\t\t<meta property=\"og:locale\" content=\"en_US\" \/>\n\t\t<meta property=\"og:site_name\" content=\"MONAT Espa\u00f1a - We Are Modern Nature\u00ae\" \/>\n\t\t<meta property=\"og:type\" content=\"article\" \/>\n\t\t<meta property=\"og:title\" content=\"MONAT Ignite 2025 | Viaje Exclusivo de Incentivo a Marrakech\" \/>\n\t\t<meta property=\"og:description\" content=\"Clasif\u00edcate para MONAT Ignite 2025 y vive un viaje inolvidable a Marrakech con hospedaje de lujo, eventos exclusivos y una gala especial.\" \/>\n\t\t<meta property=\"og:url\" content=\"https:\/\/monatglobal.com\/es\/ignite\/\" \/>\n\t\t<meta property=\"article:published_time\" content=\"2023-09-28T22:11:56+00:00\" \/>\n\t\t<meta property=\"article:modified_time\" content=\"2025-02-20T14:17:02+00:00\" \/>\n\t\t<meta name=\"twitter:card\" content=\"summary_large_image\" \/>\n\t\t<meta name=\"twitter:title\" content=\"MONAT Ignite 2025 | Viaje Exclusivo de Incentivo a Marrakech\" \/>\n\t\t<meta name=\"twitter:description\" content=\"Clasif\u00edcate para MONAT Ignite 2025 y vive un viaje inolvidable a Marrakech con hospedaje de lujo, eventos exclusivos y una gala especial.\" \/>\n\t\t<script type=\"application\/ld+json\" class=\"aioseo-schema\">\n\t\t\t{\"@context\":\"https:\\\/\\\/schema.org\",\"@graph\":[{\"@type\":\"BreadcrumbList\",\"@id\":\"https:\\\/\\\/monatglobal.com\\\/es\\\/ignite\\\/#breadcrumblist\",\"itemListElement\":[{\"@type\":\"ListItem\",\"@id\":\"https:\\\/\\\/monatglobal.com\\\/es#listItem\",\"position\":1,\"name\":\"Home\",\"item\":\"https:\\\/\\\/monatglobal.com\\\/es\",\"nextItem\":{\"@type\":\"ListItem\",\"@id\":\"https:\\\/\\\/monatglobal.com\\\/es\\\/ignite\\\/#listItem\",\"name\":\"MONAT EUROPE IGNITE 2025\"}},{\"@type\":\"ListItem\",\"@id\":\"https:\\\/\\\/monatglobal.com\\\/es\\\/ignite\\\/#listItem\",\"position\":2,\"name\":\"MONAT EUROPE IGNITE 2025\",\"previousItem\":{\"@type\":\"ListItem\",\"@id\":\"https:\\\/\\\/monatglobal.com\\\/es#listItem\",\"name\":\"Home\"}}]},{\"@type\":\"Organization\",\"@id\":\"https:\\\/\\\/monatglobal.com\\\/es\\\/#organization\",\"name\":\"MONAT Espa\\u00f1a\",\"description\":\"We Are Modern Nature\\u00ae\",\"url\":\"https:\\\/\\\/monatglobal.com\\\/es\\\/\"},{\"@type\":\"WebPage\",\"@id\":\"https:\\\/\\\/monatglobal.com\\\/es\\\/ignite\\\/#webpage\",\"url\":\"https:\\\/\\\/monatglobal.com\\\/es\\\/ignite\\\/\",\"name\":\"MONAT Ignite 2025 | Viaje Exclusivo de Incentivo a Marrakech\",\"description\":\"Clasif\\u00edcate para MONAT Ignite 2025 y vive un viaje inolvidable a Marrakech con hospedaje de lujo, eventos exclusivos y una gala especial.\",\"inLanguage\":\"en-US\",\"isPartOf\":{\"@id\":\"https:\\\/\\\/monatglobal.com\\\/es\\\/#website\"},\"breadcrumb\":{\"@id\":\"https:\\\/\\\/monatglobal.com\\\/es\\\/ignite\\\/#breadcrumblist\"},\"image\":{\"@type\":\"ImageObject\",\"url\":\"https:\\\/\\\/monatglobal.com\\\/es\\\/wp-content\\\/uploads\\\/sites\\\/10\\\/2025\\\/02\\\/Ignite-2025-MARRAKECH-FEATURED-min.jpg\",\"@id\":\"https:\\\/\\\/monatglobal.com\\\/es\\\/ignite\\\/#mainImage\",\"width\":1200,\"height\":628},\"primaryImageOfPage\":{\"@id\":\"https:\\\/\\\/monatglobal.com\\\/es\\\/ignite\\\/#mainImage\"},\"datePublished\":\"2023-09-28T23:11:56+01:00\",\"dateModified\":\"2025-02-20T14:17:02+00:00\"},{\"@type\":\"WebSite\",\"@id\":\"https:\\\/\\\/monatglobal.com\\\/es\\\/#website\",\"url\":\"https:\\\/\\\/monatglobal.com\\\/es\\\/\",\"name\":\"MONAT Espa\\u00f1a\",\"description\":\"We Are Modern Nature\\u00ae\",\"inLanguage\":\"en-US\",\"publisher\":{\"@id\":\"https:\\\/\\\/monatglobal.com\\\/es\\\/#organization\"}}]}\n\t\t<\/script>\n\t\t<!-- All in One SEO Pro -->\r\n\t\t<title>MONAT Ignite 2025 | Viaje Exclusivo de Incentivo a Marrakech<\/title>\n\n","aioseo_head_json":{"title":"MONAT Ignite 2025 | Viaje Exclusivo de Incentivo a Marrakech","description":"Clasif\u00edcate para MONAT Ignite 2025 y vive un viaje inolvidable a Marrakech con hospedaje de lujo, eventos exclusivos y una gala especial.","canonical_url":"https:\/\/monatglobal.com\/es\/ignite\/","robots":"max-image-preview:large","keywords":"","webmasterTools":{"miscellaneous":""},"schema":{"@context":"https:\/\/schema.org","@graph":[{"@type":"BreadcrumbList","@id":"https:\/\/monatglobal.com\/es\/ignite\/#breadcrumblist","itemListElement":[{"@type":"ListItem","@id":"https:\/\/monatglobal.com\/es#listItem","position":1,"name":"Home","item":"https:\/\/monatglobal.com\/es","nextItem":{"@type":"ListItem","@id":"https:\/\/monatglobal.com\/es\/ignite\/#listItem","name":"MONAT EUROPE IGNITE 2025"}},{"@type":"ListItem","@id":"https:\/\/monatglobal.com\/es\/ignite\/#listItem","position":2,"name":"MONAT EUROPE IGNITE 2025","previousItem":{"@type":"ListItem","@id":"https:\/\/monatglobal.com\/es#listItem","name":"Home"}}]},{"@type":"Organization","@id":"https:\/\/monatglobal.com\/es\/#organization","name":"MONAT Espa\u00f1a","description":"We Are Modern Nature\u00ae","url":"https:\/\/monatglobal.com\/es\/"},{"@type":"WebPage","@id":"https:\/\/monatglobal.com\/es\/ignite\/#webpage","url":"https:\/\/monatglobal.com\/es\/ignite\/","name":"MONAT Ignite 2025 | Viaje Exclusivo de Incentivo a Marrakech","description":"Clasif\u00edcate para MONAT Ignite 2025 y vive un viaje inolvidable a Marrakech con hospedaje de lujo, eventos exclusivos y una gala especial.","inLanguage":"en-US","isPartOf":{"@id":"https:\/\/monatglobal.com\/es\/#website"},"breadcrumb":{"@id":"https:\/\/monatglobal.com\/es\/ignite\/#breadcrumblist"},"image":{"@type":"ImageObject","url":"https:\/\/monatglobal.com\/es\/wp-content\/uploads\/sites\/10\/2025\/02\/Ignite-2025-MARRAKECH-FEATURED-min.jpg","@id":"https:\/\/monatglobal.com\/es\/ignite\/#mainImage","width":1200,"height":628},"primaryImageOfPage":{"@id":"https:\/\/monatglobal.com\/es\/ignite\/#mainImage"},"datePublished":"2023-09-28T23:11:56+01:00","dateModified":"2025-02-20T14:17:02+00:00"},{"@type":"WebSite","@id":"https:\/\/monatglobal.com\/es\/#website","url":"https:\/\/monatglobal.com\/es\/","name":"MONAT Espa\u00f1a","description":"We Are Modern Nature\u00ae","inLanguage":"en-US","publisher":{"@id":"https:\/\/monatglobal.com\/es\/#organization"}}]},"og:locale":"en_US","og:site_name":"MONAT Espa\u00f1a - We Are Modern Nature\u00ae","og:type":"article","og:title":"MONAT Ignite 2025 | Viaje Exclusivo de Incentivo a Marrakech","og:description":"Clasif\u00edcate para MONAT Ignite 2025 y vive un viaje inolvidable a Marrakech con hospedaje de lujo, eventos exclusivos y una gala especial.","og:url":"https:\/\/monatglobal.com\/es\/ignite\/","article:published_time":"2023-09-28T22:11:56+00:00","article:modified_time":"2025-02-20T14:17:02+00:00","twitter:card":"summary_large_image","twitter:title":"MONAT Ignite 2025 | Viaje Exclusivo de Incentivo a Marrakech","twitter:description":"Clasif\u00edcate para MONAT Ignite 2025 y vive un viaje inolvidable a Marrakech con hospedaje de lujo, eventos exclusivos y una gala especial."},"aioseo_meta_data":{"post_id":"83828","title":"MONAT Ignite 2025 | Viaje Exclusivo de Incentivo a Marrakech","description":"Clasif\u00edcate para MONAT Ignite 2025 y vive un viaje inolvidable a Marrakech con hospedaje de lujo, eventos exclusivos y una gala especial.","keywords":null,"keyphrases":{"focus":{"keyphrase":"","score":0,"analysis":{"keyphraseInTitle":{"score":0,"maxScore":9,"error":1}}},"additional":[]},"primary_term":null,"canonical_url":null,"og_title":null,"og_description":null,"og_object_type":"default","og_image_type":"default","og_image_url":null,"og_image_width":null,"og_image_height":null,"og_image_custom_url":null,"og_image_custom_fields":null,"og_video":"","og_custom_url":null,"og_article_section":null,"og_article_tags":null,"twitter_use_og":false,"twitter_card":"default","twitter_image_type":"default","twitter_image_url":null,"twitter_image_custom_url":null,"twitter_image_custom_fields":null,"twitter_title":null,"twitter_description":null,"schema":{"blockGraphs":[],"customGraphs":[],"default":{"data":{"Article":[],"Course":[],"Dataset":[],"FAQPage":[],"Movie":[],"Person":[],"Product":[],"ProductReview":[],"Car":[],"Recipe":[],"Service":[],"SoftwareApplication":[],"WebPage":[]},"graphName":"WebPage","isEnabled":true},"graphs":[]},"schema_type":"default","schema_type_options":null,"pillar_content":false,"robots_default":true,"robots_noindex":false,"robots_noarchive":false,"robots_nosnippet":false,"robots_nofollow":false,"robots_noimageindex":false,"robots_noodp":false,"robots_notranslate":false,"robots_max_snippet":"-1","robots_max_videopreview":"-1","robots_max_imagepreview":"large","priority":null,"frequency":"default","local_seo":null,"seo_analyzer_scan_date":"2025-08-14 18:39:25","limit_modified_date":false,"reviewed_by":null,"open_ai":null,"ai":null,"created":"2023-09-28 22:11:59","updated":"2026-02-10 05:41:44"},"aioseo_breadcrumb":"<div class=\"aioseo-breadcrumbs\"><span class=\"aioseo-breadcrumb\">\n\t<a href=\"https:\/\/monatglobal.com\/es\" title=\"Home\">Home<\/a>\n<\/span><span class=\"aioseo-breadcrumb-separator\">&raquo;<\/span><span class=\"aioseo-breadcrumb\">\n\tMONAT EUROPE IGNITE 2025\n<\/span><\/div>","aioseo_breadcrumb_json":[{"label":"Home","link":"https:\/\/monatglobal.com\/es"},{"label":"MONAT EUROPE IGNITE 2025","link":"https:\/\/monatglobal.com\/es\/ignite\/"}],"_links":{"self":[{"href":"https:\/\/monatglobal.com\/es\/wp-json\/wp\/v2\/pages\/83828","targetHints":{"allow":["GET"]}}],"collection":[{"href":"https:\/\/monatglobal.com\/es\/wp-json\/wp\/v2\/pages"}],"about":[{"href":"https:\/\/monatglobal.com\/es\/wp-json\/wp\/v2\/types\/page"}],"author":[{"embeddable":true,"href":"https:\/\/monatglobal.com\/es\/wp-json\/wp\/v2\/users\/33"}],"replies":[{"embeddable":true,"href":"https:\/\/monatglobal.com\/es\/wp-json\/wp\/v2\/comments?post=83828"}],"version-history":[{"count":19,"href":"https:\/\/monatglobal.com\/es\/wp-json\/wp\/v2\/pages\/83828\/revisions"}],"predecessor-version":[{"id":86418,"href":"https:\/\/monatglobal.com\/es\/wp-json\/wp\/v2\/pages\/83828\/revisions\/86418"}],"wp:featuredmedia":[{"embeddable":true,"href":"https:\/\/monatglobal.com\/es\/wp-json\/wp\/v2\/media\/86401"}],"wp:attachment":[{"href":"https:\/\/monatglobal.com\/es\/wp-json\/wp\/v2\/media?parent=83828"}],"wp:term":[{"taxonomy":"category","embeddable":true,"href":"https:\/\/monatglobal.com\/es\/wp-json\/wp\/v2\/categories?post=83828"},{"taxonomy":"post_tag","embeddable":true,"href":"https:\/\/monatglobal.com\/es\/wp-json\/wp\/v2\/tags?post=83828"}],"curies":[{"name":"wp","href":"https:\/\/api.w.org\/{rel}","templated":true}]}}