{"id":83699,"date":"2023-09-08T08:45:00","date_gmt":"2023-09-08T07:45:00","guid":{"rendered":"https:\/\/monatglobal.com\/es\/?page_id=83699"},"modified":"2023-11-02T20:12:01","modified_gmt":"2023-11-02T20:12:01","slug":"directors-circle","status":"publish","type":"page","link":"https:\/\/monatglobal.com\/es\/directors-circle\/","title":{"rendered":"Directors\u2019 Circle 24"},"content":{"rendered":"\n\n\t<section id=\"bannerSec\">\n        <img decoding=\"async\" src=\"\" alt=\"\"\/>\n        <img decoding=\"async\" id=\"dc_icon\" src=\"https:\/\/monatglobal.com\/wp-content\/uploads\/2023\/08\/directors-circle-logo.svg\" alt=\"\"\/>\n        <h1 id=\"banner_h1\">DONDE LA VISI\u00d3N <br \/>SE CONVIERTE EN ACCI\u00d3N<\/h1>\n        <p>EDEN ROC Y NOBU HOTEL<\/p>\n<\/section>\n<section id=\"sec1\"> \n        <img decoding=\"async\" src=\"https:\/\/monatglobal.com\/wp-content\/uploads\/2023\/08\/circle-purple-directors.svg\" alt=\"\"\/>\n        <p>Miami, Florida <br \/> Del 8 al 11 de enero de 2024<\/p>\n            <p>LLEGA AL SIGUIENTE NIVEL COMO L\u00cdDER DE MONAT<\/p>\n            <h2>Participa en la formaci\u00f3n exclusiva con los mejores l\u00edderes y los ejecutivos de la&nbsp;empresa.<\/h2>\n            <p>Aprende valiosos conocimientos para formar tus objetivos y sacar el m\u00e1ximo potencial a tu negocio&nbsp;MONAT.<\/p>\n            <p>El Directors&#8217; Circle 2024 es un evento al que se asiste solo con invitaci\u00f3n dirigido a los rangos de carrera que sean nivel&nbsp;Director.<\/p> \n                <h2 id=\"GR_ribbon\">GET <br \/>READY!<\/h2>\n                <img decoding=\"async\" src=\"https:\/\/monatglobal.com\/wp-content\/uploads\/2023\/08\/directors_circle_photo.png\" alt=\"\"\/>\n                <p>CENTRA TU CONOCIMIENTO<\/p>\n                <h2>Profundiza en los \u00e1mbitos clave durante nuestros debates de mesa&nbsp;redonda.<\/h2>\n                <p>Aumenta tu competencia durante las reuniones sobre temas espec\u00edficos y fortalece la salud general de tu&nbsp;negocio.<\/p>\n<\/section>\n<section id=\"SED_sec\">\n            <h2>Exclusividad para Senior Executive Directors.<\/h2>\n            <p>Los Senior Executive Directors tendr\u00e1n la oportunidad exclusiva de asistir a una conferencia donde interactuar\u00e1n de manera directa con los ejecutivos de la empresa y ganar\u00e1n conocimientos para dirigir cambios de manera estrat\u00e9gica e implementar nuevos&nbsp;programas.<\/p>\n        <img decoding=\"async\" id=\"SED_img_absolute\" src=\"https:\/\/monatglobal.com\/wp-content\/uploads\/2023\/08\/circle-grey-directors.svg\" alt=\"\"\/> \n    <img decoding=\"async\" src=\"https:\/\/monatglobal.com\/wp-content\/uploads\/2023\/08\/EJR05068-scaled.jpg\" alt=\"\"\/>\n<\/section>\n<section id=\"sec3\">\n    <img decoding=\"async\" id=\"seashell\" src=\"https:\/\/monatglobal.com\/wp-content\/uploads\/2023\/08\/seashell-2-directors.svg\" alt=\"\"\/>\n    <img decoding=\"async\" id=\"jellyfish\" src=\"https:\/\/monatglobal.com\/wp-content\/uploads\/2023\/08\/jellyfish-directors.svg\" alt=\"\"\/>\n            <img decoding=\"async\" id=\"qualification_icon\" src=\"https:\/\/monatglobal.com\/wp-content\/uploads\/2023\/08\/fish.svg\" alt=\"\"\/>\n            <h2 id=\"qualification_title\">PERIODO DE CALIFICACI\u00d3N 1 de septiembre &#8211; 31 de diciembre de 2023<\/h2>\n            <p>Pueden calificarse todos los rangos de carrera AED, ED y SED desde el 1 de septiembre de 2023 y los Market Partners que consigan el rango AED o superior antes del 31 de diciembre de&nbsp;2023.<\/p>\n            <h2>CRITERIOS DE CALIFICACI\u00d3N<\/h2> \n                <p>GRUPO 1<\/p>\n                <p>(incluye alojamiento de tres noches en&nbsp;hotel)<\/p>\n                <hr \/>\n                <p>Rangos de carrera de directores a 1 de septiembre de 2023 o Market Partners que han tenido el t\u00edtulo de carrera de director&nbsp;previamente:<\/p>\n                <p>Debe ser pagado como AED o superior durante 1 mes de los 4 durante el periodo de calificaci\u00f3n y construir un&nbsp;bloque.<\/p>\n                    <p>GRUPO 2<\/p>\n                    <p>(incluye alojamiento de tres noches en hotel + vuelo de ida y&nbsp;vuelta)<\/p>\n                    <hr \/>\n                    <p>Rangos de carrera de directores a 1 de septiembre de 2023 o Market Partners que han tenido el t\u00edtulo de carrera director&nbsp;previamente:<\/p>\n                    <p>Debe ser pagado como AED o superior durante 1 mes de los 4 durante el periodo de calificaci\u00f3n y construir un bloque, AS\u00cd COMO promocionar a 2 NUEVOS MMB que hayas patrocinado&nbsp;personalmente.<\/p>\n                    <p>Nuevos directores antes 31 de diciembre de 2023<\/p>\n                    <p>Debe ser un nuevo director o haber promocionado a un nuevo rango de director por primera vez durante el periodo de calificaci\u00f3n y construir un&nbsp;bloque.<\/p>\n                <p>* Los Clientes VIP inscritos como parte de tu bloque deben tener un Flexship activo hasta el d\u00eda 15 del mes siguiente a su&nbsp;inscripci\u00f3n.<\/p>\n                <p>*  Los Market Partners inscritos como parte de tu bloque deben inscribirse con un pack de productos o, si se han inscrito con la opci\u00f3n de Canad\u00e1 de Cero inscripciones, deben conseguir 200 VP durante los 30 d\u00edas de su periodo de inscripci\u00f3n y dentro del periodo de calificaci\u00f3n para el Directors&#8217;&nbsp;Circle.<\/p>\n        <img decoding=\"async\" src=\"https:\/\/monatglobal.com\/wp-content\/uploads\/2023\/08\/coral.svg\" alt=\"\"\/>\n        <h2>\u00bfQu\u00e9 incluye la calificaci\u00f3n de<br \/> MONAT Directors&#8217; Circle 2024?<\/h2>\n                <p>GRUPO 1<\/p>\n                <ul>\n                    <li>Tiempo para crear una red de contactos con<br \/> los mejores l\u00edderes de&nbsp;MONAT.<\/li>\n                    <li>Premios especiales y evento de&nbsp;reconocimiento.<\/li>\n                    <li>Exclusivos adelantos de los planes para el&nbsp;2024.<\/li>\n                    <li>3 noches de alojamiento en&nbsp;hotel.<\/li>  \n                    <li>Opci\u00f3n de traer a un c\u00f3nyuge (se aplican&nbsp;condiciones).<\/li>\n                <\/ul>\n                <p>GRUPO 2<\/p>\n                <ul>\n                    <li>Tiempo para crear una red de contactos con<br \/> los mejores l\u00edderes de&nbsp;MONAT.<\/li>\n                    <li>Premios especiales y evento de&nbsp;reconocimiento.<\/li>\n                    <li>Exclusivos adelantos de los planes para el&nbsp;2024.<\/li>\n                    <li>3 noches de alojamiento en&nbsp;hotel.<\/li>  \n                    <li>Vuelo de ida y vuelta al Aeropuerto Internacional de&nbsp;Miami.<\/li>\n                    <li>Opci\u00f3n de traer a un c\u00f3nyuge (se aplican&nbsp;condiciones).<\/li>\n                <\/ul>\n            <a id=\"faq_btn\" href=\"https:\/\/monatglobal.com\/es\/wp-content\/uploads\/sites\/10\/2023\/09\/SP_Directors-Circle-2024-FAQs_091823_v3.pdf\" target=\"_blank\" rel=\"noopener\">PREGUNTAS FREQUENTES<\/a>\n            <a id=\"termsAndC\" href=\"https:\/\/monatglobal.com\/es\/wp-content\/uploads\/sites\/10\/2023\/09\/SP_Directors-Circle-2024_Terms-and-Conditions_090523_v2.pdf\" target=\"_blank\" rel=\"noopener\">\n                <p>T\u00e9rminos y Condiciones<\/p>\n            <\/a>\n        <h2 id=\"hashtag_text\">#monatdirectors<\/h2>\n<\/section>\n\n","protected":false},"excerpt":{"rendered":"<p>DONDE LA VISI\u00d3N SE CONVIERTE EN ACCI\u00d3N EDEN ROC Y NOBU HOTEL Miami, Florida Del 8 al 11 de enero de 2024 LLEGA AL SIGUIENTE NIVEL COMO L\u00cdDER DE MONAT Participa en la formaci\u00f3n exclusiva con los mejores l\u00edderes y los ejecutivos de la&nbsp;empresa. Aprende valiosos conocimientos para formar tus objetivos y sacar el m\u00e1ximo&hellip;<\/p>\n","protected":false},"author":33,"featured_media":83731,"parent":0,"menu_order":0,"comment_status":"closed","ping_status":"closed","template":"","meta":{"inline_featured_image":false,"om_disable_all_campaigns":false,"_monsterinsights_skip_tracking":false,"_monsterinsights_sitenote_active":false,"_monsterinsights_sitenote_note":"","_monsterinsights_sitenote_category":0,"footnotes":""},"categories":[1],"tags":[],"class_list":["post-83699","page","type-page","status-publish","has-post-thumbnail","hentry","category-sin-categorizar"],"aioseo_notices":[],"aioseo_head":"\n\t\t<!-- All in One SEO Pro 4.9.6 - aioseo.com -->\n\t<meta name=\"description\" content=\"DONDE LA VISI\u00d3N SE CONVIERTE EN ACCI\u00d3N EDEN ROC Y NOBU HOTEL Miami, Florida Del 8 al 11 de enero de 2024 LLEGA AL SIGUIENTE NIVEL COMO L\u00cdDER DE MONAT Participa en la formaci\u00f3n exclusiva con los mejores l\u00edderes y los ejecutivos de la empresa. Aprende valiosos conocimientos para formar tus objetivos y sacar el m\u00e1ximo\" \/>\n\t<meta name=\"robots\" content=\"max-image-preview:large\" \/>\n\t<link rel=\"canonical\" href=\"https:\/\/monatglobal.com\/es\/directors-circle\/\" \/>\n\t<meta name=\"generator\" content=\"All in One SEO Pro (AIOSEO) 4.9.6\" \/>\n\t\t<meta property=\"og:locale\" content=\"en_US\" \/>\n\t\t<meta property=\"og:site_name\" content=\"MONAT Espa\u00f1a - We Are Modern Nature\u00ae\" \/>\n\t\t<meta property=\"og:type\" content=\"article\" \/>\n\t\t<meta property=\"og:title\" content=\"Directors\u2019 Circle 24 - MONAT Espa\u00f1a\" \/>\n\t\t<meta property=\"og:description\" content=\"DONDE LA VISI\u00d3N SE CONVIERTE EN ACCI\u00d3N EDEN ROC Y NOBU HOTEL Miami, Florida Del 8 al 11 de enero de 2024 LLEGA AL SIGUIENTE NIVEL COMO L\u00cdDER DE MONAT Participa en la formaci\u00f3n exclusiva con los mejores l\u00edderes y los ejecutivos de la empresa. Aprende valiosos conocimientos para formar tus objetivos y sacar el m\u00e1ximo\" \/>\n\t\t<meta property=\"og:url\" content=\"https:\/\/monatglobal.com\/es\/directors-circle\/\" \/>\n\t\t<meta property=\"article:published_time\" content=\"2023-09-08T07:45:00+00:00\" \/>\n\t\t<meta property=\"article:modified_time\" content=\"2023-11-02T20:12:01+00:00\" \/>\n\t\t<meta name=\"twitter:card\" content=\"summary_large_image\" \/>\n\t\t<meta name=\"twitter:title\" content=\"Directors\u2019 Circle 24 - MONAT Espa\u00f1a\" \/>\n\t\t<meta name=\"twitter:description\" content=\"DONDE LA VISI\u00d3N SE CONVIERTE EN ACCI\u00d3N EDEN ROC Y NOBU HOTEL Miami, Florida Del 8 al 11 de enero de 2024 LLEGA AL SIGUIENTE NIVEL COMO L\u00cdDER DE MONAT Participa en la formaci\u00f3n exclusiva con los mejores l\u00edderes y los ejecutivos de la empresa. Aprende valiosos conocimientos para formar tus objetivos y sacar el m\u00e1ximo\" \/>\n\t\t<script type=\"application\/ld+json\" class=\"aioseo-schema\">\n\t\t\t{\"@context\":\"https:\\\/\\\/schema.org\",\"@graph\":[{\"@type\":\"BreadcrumbList\",\"@id\":\"https:\\\/\\\/monatglobal.com\\\/es\\\/directors-circle\\\/#breadcrumblist\",\"itemListElement\":[{\"@type\":\"ListItem\",\"@id\":\"https:\\\/\\\/monatglobal.com\\\/es#listItem\",\"position\":1,\"name\":\"Home\",\"item\":\"https:\\\/\\\/monatglobal.com\\\/es\",\"nextItem\":{\"@type\":\"ListItem\",\"@id\":\"https:\\\/\\\/monatglobal.com\\\/es\\\/directors-circle\\\/#listItem\",\"name\":\"Directors\\u2019 Circle 24\"}},{\"@type\":\"ListItem\",\"@id\":\"https:\\\/\\\/monatglobal.com\\\/es\\\/directors-circle\\\/#listItem\",\"position\":2,\"name\":\"Directors\\u2019 Circle 24\",\"previousItem\":{\"@type\":\"ListItem\",\"@id\":\"https:\\\/\\\/monatglobal.com\\\/es#listItem\",\"name\":\"Home\"}}]},{\"@type\":\"Organization\",\"@id\":\"https:\\\/\\\/monatglobal.com\\\/es\\\/#organization\",\"name\":\"MONAT Espa\\u00f1a\",\"description\":\"We Are Modern Nature\\u00ae\",\"url\":\"https:\\\/\\\/monatglobal.com\\\/es\\\/\"},{\"@type\":\"WebPage\",\"@id\":\"https:\\\/\\\/monatglobal.com\\\/es\\\/directors-circle\\\/#webpage\",\"url\":\"https:\\\/\\\/monatglobal.com\\\/es\\\/directors-circle\\\/\",\"name\":\"Directors\\u2019 Circle 24 - MONAT Espa\\u00f1a\",\"description\":\"DONDE LA VISI\\u00d3N SE CONVIERTE EN ACCI\\u00d3N EDEN ROC Y NOBU HOTEL Miami, Florida Del 8 al 11 de enero de 2024 LLEGA AL SIGUIENTE NIVEL COMO L\\u00cdDER DE MONAT Participa en la formaci\\u00f3n exclusiva con los mejores l\\u00edderes y los ejecutivos de la empresa. Aprende valiosos conocimientos para formar tus objetivos y sacar el m\\u00e1ximo\",\"inLanguage\":\"en-US\",\"isPartOf\":{\"@id\":\"https:\\\/\\\/monatglobal.com\\\/es\\\/#website\"},\"breadcrumb\":{\"@id\":\"https:\\\/\\\/monatglobal.com\\\/es\\\/directors-circle\\\/#breadcrumblist\"},\"image\":{\"@type\":\"ImageObject\",\"url\":\"https:\\\/\\\/monatglobal.com\\\/es\\\/wp-content\\\/uploads\\\/sites\\\/10\\\/2023\\\/09\\\/dcircle-thumb.jpg\",\"@id\":\"https:\\\/\\\/monatglobal.com\\\/es\\\/directors-circle\\\/#mainImage\",\"width\":600,\"height\":400},\"primaryImageOfPage\":{\"@id\":\"https:\\\/\\\/monatglobal.com\\\/es\\\/directors-circle\\\/#mainImage\"},\"datePublished\":\"2023-09-08T08:45:00+01:00\",\"dateModified\":\"2023-11-02T20:12:01+00:00\"},{\"@type\":\"WebSite\",\"@id\":\"https:\\\/\\\/monatglobal.com\\\/es\\\/#website\",\"url\":\"https:\\\/\\\/monatglobal.com\\\/es\\\/\",\"name\":\"MONAT Espa\\u00f1a\",\"description\":\"We Are Modern Nature\\u00ae\",\"inLanguage\":\"en-US\",\"publisher\":{\"@id\":\"https:\\\/\\\/monatglobal.com\\\/es\\\/#organization\"}}]}\n\t\t<\/script>\n\t\t<!-- All in One SEO Pro -->\r\n\t\t<title>Directors\u2019 Circle 24 - MONAT Espa\u00f1a<\/title>\n\n","aioseo_head_json":{"title":"Directors\u2019 Circle 24 - MONAT Espa\u00f1a","description":"DONDE LA VISI\u00d3N SE CONVIERTE EN ACCI\u00d3N EDEN ROC Y NOBU HOTEL Miami, Florida Del 8 al 11 de enero de 2024 LLEGA AL SIGUIENTE NIVEL COMO L\u00cdDER DE MONAT Participa en la formaci\u00f3n exclusiva con los mejores l\u00edderes y los ejecutivos de la empresa. Aprende valiosos conocimientos para formar tus objetivos y sacar el m\u00e1ximo","canonical_url":"https:\/\/monatglobal.com\/es\/directors-circle\/","robots":"max-image-preview:large","keywords":"","webmasterTools":{"miscellaneous":""},"schema":{"@context":"https:\/\/schema.org","@graph":[{"@type":"BreadcrumbList","@id":"https:\/\/monatglobal.com\/es\/directors-circle\/#breadcrumblist","itemListElement":[{"@type":"ListItem","@id":"https:\/\/monatglobal.com\/es#listItem","position":1,"name":"Home","item":"https:\/\/monatglobal.com\/es","nextItem":{"@type":"ListItem","@id":"https:\/\/monatglobal.com\/es\/directors-circle\/#listItem","name":"Directors\u2019 Circle 24"}},{"@type":"ListItem","@id":"https:\/\/monatglobal.com\/es\/directors-circle\/#listItem","position":2,"name":"Directors\u2019 Circle 24","previousItem":{"@type":"ListItem","@id":"https:\/\/monatglobal.com\/es#listItem","name":"Home"}}]},{"@type":"Organization","@id":"https:\/\/monatglobal.com\/es\/#organization","name":"MONAT Espa\u00f1a","description":"We Are Modern Nature\u00ae","url":"https:\/\/monatglobal.com\/es\/"},{"@type":"WebPage","@id":"https:\/\/monatglobal.com\/es\/directors-circle\/#webpage","url":"https:\/\/monatglobal.com\/es\/directors-circle\/","name":"Directors\u2019 Circle 24 - MONAT Espa\u00f1a","description":"DONDE LA VISI\u00d3N SE CONVIERTE EN ACCI\u00d3N EDEN ROC Y NOBU HOTEL Miami, Florida Del 8 al 11 de enero de 2024 LLEGA AL SIGUIENTE NIVEL COMO L\u00cdDER DE MONAT Participa en la formaci\u00f3n exclusiva con los mejores l\u00edderes y los ejecutivos de la empresa. Aprende valiosos conocimientos para formar tus objetivos y sacar el m\u00e1ximo","inLanguage":"en-US","isPartOf":{"@id":"https:\/\/monatglobal.com\/es\/#website"},"breadcrumb":{"@id":"https:\/\/monatglobal.com\/es\/directors-circle\/#breadcrumblist"},"image":{"@type":"ImageObject","url":"https:\/\/monatglobal.com\/es\/wp-content\/uploads\/sites\/10\/2023\/09\/dcircle-thumb.jpg","@id":"https:\/\/monatglobal.com\/es\/directors-circle\/#mainImage","width":600,"height":400},"primaryImageOfPage":{"@id":"https:\/\/monatglobal.com\/es\/directors-circle\/#mainImage"},"datePublished":"2023-09-08T08:45:00+01:00","dateModified":"2023-11-02T20:12:01+00:00"},{"@type":"WebSite","@id":"https:\/\/monatglobal.com\/es\/#website","url":"https:\/\/monatglobal.com\/es\/","name":"MONAT Espa\u00f1a","description":"We Are Modern Nature\u00ae","inLanguage":"en-US","publisher":{"@id":"https:\/\/monatglobal.com\/es\/#organization"}}]},"og:locale":"en_US","og:site_name":"MONAT Espa\u00f1a - We Are Modern Nature\u00ae","og:type":"article","og:title":"Directors\u2019 Circle 24 - MONAT Espa\u00f1a","og:description":"DONDE LA VISI\u00d3N SE CONVIERTE EN ACCI\u00d3N EDEN ROC Y NOBU HOTEL Miami, Florida Del 8 al 11 de enero de 2024 LLEGA AL SIGUIENTE NIVEL COMO L\u00cdDER DE MONAT Participa en la formaci\u00f3n exclusiva con los mejores l\u00edderes y los ejecutivos de la empresa. Aprende valiosos conocimientos para formar tus objetivos y sacar el m\u00e1ximo","og:url":"https:\/\/monatglobal.com\/es\/directors-circle\/","article:published_time":"2023-09-08T07:45:00+00:00","article:modified_time":"2023-11-02T20:12:01+00:00","twitter:card":"summary_large_image","twitter:title":"Directors\u2019 Circle 24 - MONAT Espa\u00f1a","twitter:description":"DONDE LA VISI\u00d3N SE CONVIERTE EN ACCI\u00d3N EDEN ROC Y NOBU HOTEL Miami, Florida Del 8 al 11 de enero de 2024 LLEGA AL SIGUIENTE NIVEL COMO L\u00cdDER DE MONAT Participa en la formaci\u00f3n exclusiva con los mejores l\u00edderes y los ejecutivos de la empresa. Aprende valiosos conocimientos para formar tus objetivos y sacar el m\u00e1ximo"},"aioseo_meta_data":{"post_id":"83699","title":null,"description":null,"keywords":[],"keyphrases":{"focus":{"keyphrase":"","score":0,"analysis":{"keyphraseInTitle":{"score":0,"maxScore":9,"error":1}}},"additional":[]},"primary_term":null,"canonical_url":null,"og_title":null,"og_description":null,"og_object_type":"default","og_image_type":"default","og_image_url":null,"og_image_width":null,"og_image_height":null,"og_image_custom_url":null,"og_image_custom_fields":null,"og_video":"","og_custom_url":null,"og_article_section":null,"og_article_tags":[],"twitter_use_og":false,"twitter_card":"default","twitter_image_type":"default","twitter_image_url":null,"twitter_image_custom_url":null,"twitter_image_custom_fields":null,"twitter_title":null,"twitter_description":null,"schema":{"blockGraphs":[],"customGraphs":[],"default":{"data":{"Article":[],"Course":[],"Dataset":[],"FAQPage":[],"Movie":[],"Person":[],"Product":[],"ProductReview":[],"Car":[],"Recipe":[],"Service":[],"SoftwareApplication":[],"WebPage":[]},"graphName":"WebPage","isEnabled":true},"graphs":[]},"schema_type":"default","schema_type_options":null,"pillar_content":false,"robots_default":true,"robots_noindex":false,"robots_noarchive":false,"robots_nosnippet":false,"robots_nofollow":false,"robots_noimageindex":false,"robots_noodp":false,"robots_notranslate":false,"robots_max_snippet":"-1","robots_max_videopreview":"-1","robots_max_imagepreview":"large","priority":null,"frequency":"default","local_seo":null,"seo_analyzer_scan_date":"2025-08-14 18:39:19","limit_modified_date":false,"reviewed_by":null,"open_ai":null,"ai":null,"created":"2023-09-04 14:49:10","updated":"2025-08-14 18:39:19"},"aioseo_breadcrumb":"<div class=\"aioseo-breadcrumbs\"><span class=\"aioseo-breadcrumb\">\n\t<a href=\"https:\/\/monatglobal.com\/es\" title=\"Home\">Home<\/a>\n<\/span><span class=\"aioseo-breadcrumb-separator\">&raquo;<\/span><span class=\"aioseo-breadcrumb\">\n\tDirectors\u2019 Circle 24\n<\/span><\/div>","aioseo_breadcrumb_json":[{"label":"Home","link":"https:\/\/monatglobal.com\/es"},{"label":"Directors\u2019 Circle 24","link":"https:\/\/monatglobal.com\/es\/directors-circle\/"}],"_links":{"self":[{"href":"https:\/\/monatglobal.com\/es\/wp-json\/wp\/v2\/pages\/83699","targetHints":{"allow":["GET"]}}],"collection":[{"href":"https:\/\/monatglobal.com\/es\/wp-json\/wp\/v2\/pages"}],"about":[{"href":"https:\/\/monatglobal.com\/es\/wp-json\/wp\/v2\/types\/page"}],"author":[{"embeddable":true,"href":"https:\/\/monatglobal.com\/es\/wp-json\/wp\/v2\/users\/33"}],"replies":[{"embeddable":true,"href":"https:\/\/monatglobal.com\/es\/wp-json\/wp\/v2\/comments?post=83699"}],"version-history":[{"count":9,"href":"https:\/\/monatglobal.com\/es\/wp-json\/wp\/v2\/pages\/83699\/revisions"}],"predecessor-version":[{"id":83937,"href":"https:\/\/monatglobal.com\/es\/wp-json\/wp\/v2\/pages\/83699\/revisions\/83937"}],"wp:featuredmedia":[{"embeddable":true,"href":"https:\/\/monatglobal.com\/es\/wp-json\/wp\/v2\/media\/83731"}],"wp:attachment":[{"href":"https:\/\/monatglobal.com\/es\/wp-json\/wp\/v2\/media?parent=83699"}],"wp:term":[{"taxonomy":"category","embeddable":true,"href":"https:\/\/monatglobal.com\/es\/wp-json\/wp\/v2\/categories?post=83699"},{"taxonomy":"post_tag","embeddable":true,"href":"https:\/\/monatglobal.com\/es\/wp-json\/wp\/v2\/tags?post=83699"}],"curies":[{"name":"wp","href":"https:\/\/api.w.org\/{rel}","templated":true}]}}