{"id":83612,"date":"2023-08-17T15:42:23","date_gmt":"2023-08-17T14:42:23","guid":{"rendered":"https:\/\/monatglobal.com\/?page_id=83612"},"modified":"2026-04-06T17:15:29","modified_gmt":"2026-04-06T16:15:29","slug":"makeup-concealer","status":"publish","type":"page","link":"https:\/\/monatglobal.com\/es\/makeup-concealer\/","title":{"rendered":"Brighten and Correct Concealer | Maquillaje MONAT | Corrector para ojos"},"content":{"rendered":"\n\n\t<link rel=\"stylesheet\" href=\"https:\/\/cdn.jsdelivr.net\/npm\/swiper@8\/swiper-bundle.min.css\"\/>\n<!--<link rel=\"stylesheet\" href=\"https:\/\/unpkg.com\/swiper\/swiper-bundle.min.css\" \/>-->\n<link rel=\"stylesheet\" href=\"https:\/\/monatglobal.com\/wp-content\/creative_css\/product_styles_sheet.css\"\/>\n    <!--==================================================== ECOMM SECTION ====================================================-->\n        <!--==================================================== Ecomm image ====================================================-->\n        NUEVO\n              <img decoding=\"async\" alt=\"\" src=\"\" loading=\"lazy\"\/>\n              <img decoding=\"async\" alt=\"\" src=\"\" loading=\"lazy\"\/>\n                    <img decoding=\"async\" alt=\"\" src=\"\" data-lbxp=\"\" loading=\"lazy\"\/>\n                    <img decoding=\"async\" alt=\"\" src=\"\" loading=\"lazy\"\/>\n        <!--==================================================== Ecomm information  ====================================================-->\n            NUEVO \n            <p>MONAT<\/p>\n            <h1>Brighten + Correct Concealer\u2122\ufe0f\ufe0f<\/h1>  \n            <p>Niacinamida y p\u00e9ptidos<\/p>\n            <p>Cubre y ayuda a reducir la apariencia de ojeras, l\u00edneas de expresi\u00f3n, arrugas e inflamaci\u00f3n, revelando una piel m\u00e1s luminosa y juvenil. <\/p>\n            <p>8 ml e 0.27 fl. oz.<\/p>\n             \n                <label><input type=\"radio\" name=\"toneCorrectConcealer\"\/><\/label>\n                <label><input type=\"radio\" name=\"toneCorrectConcealer\"\/><\/label>\n                <label><input type=\"radio\" name=\"toneCorrectConcealer\"\/><\/label>\n                <label><input type=\"radio\" name=\"toneCorrectConcealer\"\/><\/label> \n                <label><input type=\"radio\" name=\"toneCorrectConcealer\"\/><\/label>\n         <!--==================================================== pricing box  ====================================================-->    \n               <p>Precio cliente<br \/>00.00 \u20ac<\/p>\n               <p>Precio cliente VIP<br \/>00.00 \u20ac<\/p>\n        <!--==================================================== pricing box  ====================================================-->\n            <p>Para conocer m\u00e1s sobre MONAT Brighten + Correct Concealer\u2122\ufe0f\ufe0f, ponte en contacto con tu Market Partner de MONAT.<\/p>\n          <a href=\"\" target=\"_blank\" role=\"button\" aria-label=\"\"><\/a>\n    <!--==================================================== \/ECOMM SECTION  ====================================================-->\n    <!--==================================================== Benefits image ====================================================-->\n    \n        <source id=\"benefitsMobImg\" media=\"(max-width: 700px)\" srcset=\"\"\/>\n        <img decoding=\"async\" id=\"benefitsImg\" src=\"\" alt=\"\" loading=\"lazy\"\/>\n    \n    <!--==================================================== Benefits text ====================================================-->\n            <h2>BENEFICIOS<\/h2>\n            <h3>Donde los ingredientes que aman tu piel se encuentran con una cobertura impecable.<\/h3>\n            <p>Este ligero corrector cremoso de textura ligera con nuestra tecnolog\u00eda Eye Smooth\u2122 aporta los beneficios del cuidado de la piel que ya te encantan con una cobertura de media a completa, que permite graduar la intensidad del color para que tus ojos luzcan descansados y joviales.<\/p>\n            <!--==================================================== features image slide  ====================================================-->\n                    <img decoding=\"async\" src=\"\" alt=\"\" loading=\"lazy\"\/>\n                    <img decoding=\"async\" src=\"\" alt=\"\" loading=\"lazy\"\/>\n                    <img decoding=\"async\" src=\"\" alt=\"\" loading=\"lazy\"\/>\n                    <img decoding=\"async\" src=\"\" alt=\"\" loading=\"lazy\"\/>\n        <!--==================================================== features text ====================================================-->\n                <h3>Caracter\u00edsticas<\/h3>\n                    <p>\/ Disponible en cinco tonos que permiten graduar la intensidad del color con cobertura de media a completa  <\/p>\n                    <p>\/ Disimula las bolsas debajo de los ojos, cubre manchas e imperfecciones en la piel*  <\/p>\n                    <p>\/ Aten\u00faa l\u00edneas de expresi\u00f3n y arrugas*  <\/p>\n                    <p>\/ Hidrata y aporta luminosidad a la piel*  <\/p>\n                    <p>\/ F\u00e1cil de difuminar, aporta cobertura durante todo el d\u00eda*<\/p>\n                    <p>\/ Apto para piel sensible <\/p>\n                    <br \/>\n                <p>Fragania \/ Sin fragancia <\/p>\n                <p>Textura \/  Crema ligera <\/p>\n                <p>*Basado en un estudio realizado con 35 mujeres, entre 18 y 60 a\u00f1os, usuarias actuales de corrector. Testado por un laboratorio independiente.<\/p>\n    <!--==================================================== composition image mobile ====================================================-->\n    <img decoding=\"async\" src=\"\" alt=\"\" loading=\"lazy\"\/>\n    <!--==================================================== Why it works text ====================================================-->\n        <h3>Cubre las imperfecciones. Aporta m\u00e1xima luminosidad a la&nbsp;piel. <\/h3>\n        <p>F\u00f3rmula de larga duraci\u00f3n con pigmentos minerales que cubre y disimula las imperfecciones mientras que REJUVENIQE&nbsp;S\u2122, la vitamina E, la niacinamida y los p\u00e9ptidos nutren y mejoran el aspecto de la piel para lograr un acabado radiante y satinado. <\/p>\n<!--==================================================== Composition section ====================================================-->\n        <img decoding=\"async\" src=\"\" alt=\"\" loading=\"lazy\"\/>\n        <img decoding=\"async\" id=\"compImg_2\" src=\"\" alt=\"\" loading=\"lazy\"\/>\n                <!--==================================================== Directions text ====================================================--> \n                    <h3>Instrucciones de uso:<\/h3>\n                        <p>\/ Usar el aplicador o las yemas de los dedos para distribuir debajo de los ojos y lograr un efecto de iluminaci\u00f3n inmediato.  <\/p>\n                        <p>\/ Usar sin ning\u00fan otro producto si buscas un look natural.  <\/p>\n                <!--==================================================== Directions video ====================================================-->\n    <p>MONAT Brighten + Correct Concealer\u2122\ufe0f\ufe0f <br \/>5:39<\/p>\n      <a href=\"\" target=\"_blank\"  role=\"button\" aria-label=\"\"><\/a>\n    <!--==================================================== Ingredients section  ====================================================-->\n        <h2>INGREDIENTES CLAVE<\/h2>\n                    <img decoding=\"async\" alt=\"rejuveniqe s icon\" src=\"https:\/\/monatglobal.com\/wp-content\/uploads\/2022\/11\/REJUVENIQES.svg\"\/> \n                    <p>REJUVENIQE S\u2122<\/p>\n                    <img decoding=\"async\" alt=\"Niacinamide\" src=\"https:\/\/monatglobal.com\/wp-content\/uploads\/2023\/03\/Niacinamide.svg\"\/> \n                    <p>Niacinamida<\/p>\n                    <img decoding=\"async\" alt=\"Vitamin E icon\" src=\"https:\/\/monatglobal.com\/wp-content\/uploads\/2022\/09\/Vitamin-E.svg\"\/> \n                    <p>Vitamina E<\/p>\n                    <img decoding=\"async\" alt=\"Eye Smooth\u2122 Technology \" src=\"https:\/\/monatglobal.com\/wp-content\/uploads\/2023\/08\/Eye-Smooth-Technology.svg\"\/> \n                    <p>Tecnolog\u00eda Eye Smooth\u2122 <\/p>\n        <button id=\"myBtn\" type=\"button\">LISTA DE INGREDIENTES<\/button>\n        <!--==================================================== Modal content  ====================================================-->\n            \u00d7\n            <p>Aqua\/Water\/Eau, Coco-Caprylate\/Caprate, Dodecane, Isoamyl Laurate, Capryloyl Glycerin\/Sebacic Acid Copolymer, Hydroxypropyl Starch, Polyglyceryl-3 Polyricinoleate, Propanediol, Stearalkonium Bentonite, Polyglyceryl-6 Polyricinoleate, Polyhydroxystearic Acid, Triheptanoin, Glyceryl Caprylate, Dilinoleic Acid\/Butanediol Copolymer, Polyglyceryl-3 Diisostearate, Trifluoroacetyl Tripeptide-5, Niacinamide, Caffeine, Tocopheryl Acetate, Cellulose, Triethyl Citrate, Castor Oil\/IPDI Copolymer, Isomalt, Glycerin, Helianthus Annuus (Sunflower) Seed Oil,Mauritia Flexuosa Fruit Oil, Moringa Oleifera Seed Oil, Jojoba Esters, Betaine, Limnanthes Alba (Meadowfoam) Seed Oil, Crambe Abyssinica Seed Oil, Tremella Fuciformix Sporocarp Extract, Camellia Oleifera Seed Oil,Daucus Carota Sativa (Carrot) Seed Oil, Simmondsia Chinensis (Jojoba) Seed Extract, Solanum Lycopersicum (Tomato) Seed Oil, Dextran, Adansonia Digitata Oil, Caryocar Brasiliense Fruit Oil, Citrus Aurantifolia (Lime) Oil, Citrus Aurantium Bergamia (Bergamot) Fruit Oil, Citrus Limon (Lemon) Peel Oil, Cocos Nucifera (Coconut) Oil, Gardenia Taitensis Flower Extract, Olea Europaea (Olive) Fruit Oil, Phytol, C9-12 Alkane, Magnesium Sulfate, Silica, Barium Sulfate, Glyceryl Undecylenate, Disodium Stearoyl Glutamate, Ethylene Brassylate, Mica, May Contain (+\/-): Titanium Dioxide (CI 77891), Iron Oxides (CI 77491, CI 77492, CI 77499).<\/p>\n    <!--==================================================== You might also like section ====================================================-->\n      <h2>PUEDE QUE TAMBI\u00c9N TE GUSTE<\/h2>\n      <!--==================================================== Slider YOU MIGHT ALSO LIKE ====================================================-->\n          <!---->\n          <!--   -->\n                <!-- Slides products-->\n          <!--      -->\n          <!--         <a href=\"https:\/\/monatglobal.com\/es\/bb-creme\/\" aria-label=\"Go to MONAT BB Cream SPF 40\u2122 page\">-->\n          <!--            <img decoding=\"async\" src=\"https:\/\/monatglobal.com\/wp-content\/uploads\/2022\/08\/bb-cream-porcelain-ecomm.png\" alt=\"MONAT BB Cream SPF 40\u2122\" loading=\"lazy\"\/>-->\n          <!--            <p>MONAT BB Cream SPF 30\u2122<\/p>-->\n          <!--         <\/a>-->\n          <!--      -->\n          <!--      -->\n          <!--         <a href=\"https:\/\/monatglobal.com\/es\/makeup-liquid-blush\/\" aria-label=\"Go to MONAT Hydrating Liquid-Gel Cream Blush\u2122 page\">-->\n          <!--          <img decoding=\"async\" src=\"https:\/\/monatglobal.com\/wp-content\/uploads\/2023\/08\/hydrating_liquid_gel_cream_blush_peach-ecomm.png\" alt=\"MONAT Hydrating Liquid-Gel Cream Blush\u2122\" loading=\"lazy\"\/>-->\n          <!--          <p>MONAT Hydrating Liquid-Gel <br \/> Cream Blush\u2122<\/p>-->\n          <!--        <\/a>-->\n          <!--      -->\n          <!--     -->\n          <!--          <a href=\"https:\/\/monatglobal.com\/es\/makeup-liquid-lipstick\/\" aria-label=\"Go to MONAT Liquid Lipstick\u2122 page\">-->\n          <!--              <img decoding=\"async\" src=\"https:\/\/monatglobal.com\/wp-content\/uploads\/2023\/08\/liquid_lipstick_goddess-ecomm-1.png\" alt=\"MONAT Liquid Lipstick\u2122\" loading=\"lazy\"\/>-->\n          <!--              <p>MONAT Liquid Lipstick\u2122<\/p>-->\n          <!--          <\/a>-->\n          <!--      -->\n          <!--   -->\n             <!-- If we need navigation buttons -->\n          <!--   -->\n          <!--   -->\n             <!-- If we need paginations -->\n          <!--   -->\n          <!-- -->\n         <!--==================================================== If we need navigation buttons  ====================================================-->\n         <!--==================================================== If we need paginations  ====================================================-->\n    <a href=\"\" aria-label=\"\"><\/a>\n<!--==================================================== this link has to go last for it to work   ====================================================-->\n\n","protected":false},"excerpt":{"rendered":"<p>NUEVO NUEVO MONAT Brighten + Correct Concealer\u2122\ufe0f\ufe0f Niacinamida y p\u00e9ptidos Cubre y ayuda a reducir la apariencia de ojeras, l\u00edneas de expresi\u00f3n, arrugas e inflamaci\u00f3n, revelando una piel m\u00e1s luminosa y juvenil. 8 ml e 0.27 fl. oz. Precio cliente00.00 \u20ac Precio cliente VIP00.00 \u20ac Para conocer m\u00e1s sobre MONAT Brighten + Correct Concealer\u2122\ufe0f\ufe0f, ponte&hellip;<\/p>\n","protected":false},"author":31,"featured_media":83739,"parent":0,"menu_order":0,"comment_status":"closed","ping_status":"closed","template":"","meta":{"inline_featured_image":false,"om_disable_all_campaigns":false,"_monsterinsights_skip_tracking":false,"_monsterinsights_sitenote_active":false,"_monsterinsights_sitenote_note":"","_monsterinsights_sitenote_category":0,"footnotes":""},"categories":[31],"tags":[],"class_list":["post-83612","page","type-page","status-publish","has-post-thumbnail","hentry","category-product-es"],"aioseo_notices":[],"aioseo_head":"\n\t\t<!-- All in One SEO Pro 4.9.6 - aioseo.com -->\n\t<meta name=\"description\" content=\"NUEVO NUEVO MONAT Brighten + Correct Concealer\u2122\ufe0f\ufe0f Niacinamida y p\u00e9ptidos Cubre y ayuda a reducir la apariencia de ojeras, l\u00edneas de expresi\u00f3n, arrugas e inflamaci\u00f3n, revelando una piel m\u00e1s luminosa y juvenil. 8 ml e 0.27 fl. oz. Precio cliente00.00 \u20ac Precio cliente VIP00.00 \u20ac Para conocer m\u00e1s sobre MONAT Brighten + Correct Concealer\u2122\ufe0f\ufe0f, ponte\" \/>\n\t<meta name=\"robots\" content=\"max-image-preview:large\" \/>\n\t<link rel=\"canonical\" href=\"https:\/\/monatglobal.com\/es\/makeup-concealer\/\" \/>\n\t<meta name=\"generator\" content=\"All in One SEO Pro (AIOSEO) 4.9.6\" \/>\n\t\t<meta property=\"og:locale\" content=\"en_US\" \/>\n\t\t<meta property=\"og:site_name\" content=\"MONAT Espa\u00f1a - We Are Modern Nature\u00ae\" \/>\n\t\t<meta property=\"og:type\" content=\"article\" \/>\n\t\t<meta property=\"og:title\" content=\"Brighten and Correct Concealer | Maquillaje MONAT | Corrector para ojos - MONAT Espa\u00f1a\" \/>\n\t\t<meta property=\"og:description\" content=\"NUEVO NUEVO MONAT Brighten + Correct Concealer\u2122\ufe0f\ufe0f Niacinamida y p\u00e9ptidos Cubre y ayuda a reducir la apariencia de ojeras, l\u00edneas de expresi\u00f3n, arrugas e inflamaci\u00f3n, revelando una piel m\u00e1s luminosa y juvenil. 8 ml e 0.27 fl. oz. Precio cliente00.00 \u20ac Precio cliente VIP00.00 \u20ac Para conocer m\u00e1s sobre MONAT Brighten + Correct Concealer\u2122\ufe0f\ufe0f, ponte\" \/>\n\t\t<meta property=\"og:url\" content=\"https:\/\/monatglobal.com\/es\/makeup-concealer\/\" \/>\n\t\t<meta property=\"article:published_time\" content=\"2023-08-17T14:42:23+00:00\" \/>\n\t\t<meta property=\"article:modified_time\" content=\"2026-04-06T16:15:29+00:00\" \/>\n\t\t<meta name=\"twitter:card\" content=\"summary_large_image\" \/>\n\t\t<meta name=\"twitter:title\" content=\"Brighten and Correct Concealer | Maquillaje MONAT | Corrector para ojos - MONAT Espa\u00f1a\" \/>\n\t\t<meta name=\"twitter:description\" content=\"NUEVO NUEVO MONAT Brighten + Correct Concealer\u2122\ufe0f\ufe0f Niacinamida y p\u00e9ptidos Cubre y ayuda a reducir la apariencia de ojeras, l\u00edneas de expresi\u00f3n, arrugas e inflamaci\u00f3n, revelando una piel m\u00e1s luminosa y juvenil. 8 ml e 0.27 fl. oz. Precio cliente00.00 \u20ac Precio cliente VIP00.00 \u20ac Para conocer m\u00e1s sobre MONAT Brighten + Correct Concealer\u2122\ufe0f\ufe0f, ponte\" \/>\n\t\t<script type=\"application\/ld+json\" class=\"aioseo-schema\">\n\t\t\t{\"@context\":\"https:\\\/\\\/schema.org\",\"@graph\":[{\"@type\":\"BreadcrumbList\",\"@id\":\"https:\\\/\\\/monatglobal.com\\\/es\\\/makeup-concealer\\\/#breadcrumblist\",\"itemListElement\":[{\"@type\":\"ListItem\",\"@id\":\"https:\\\/\\\/monatglobal.com\\\/es#listItem\",\"position\":1,\"name\":\"Home\",\"item\":\"https:\\\/\\\/monatglobal.com\\\/es\",\"nextItem\":{\"@type\":\"ListItem\",\"@id\":\"https:\\\/\\\/monatglobal.com\\\/es\\\/makeup-concealer\\\/#listItem\",\"name\":\"Brighten and Correct Concealer | Maquillaje MONAT | Corrector para ojos\"}},{\"@type\":\"ListItem\",\"@id\":\"https:\\\/\\\/monatglobal.com\\\/es\\\/makeup-concealer\\\/#listItem\",\"position\":2,\"name\":\"Brighten and Correct Concealer | Maquillaje MONAT | Corrector para ojos\",\"previousItem\":{\"@type\":\"ListItem\",\"@id\":\"https:\\\/\\\/monatglobal.com\\\/es#listItem\",\"name\":\"Home\"}}]},{\"@type\":\"Organization\",\"@id\":\"https:\\\/\\\/monatglobal.com\\\/es\\\/#organization\",\"name\":\"MONAT Espa\\u00f1a\",\"description\":\"We Are Modern Nature\\u00ae\",\"url\":\"https:\\\/\\\/monatglobal.com\\\/es\\\/\"},{\"@type\":\"WebPage\",\"@id\":\"https:\\\/\\\/monatglobal.com\\\/es\\\/makeup-concealer\\\/#webpage\",\"url\":\"https:\\\/\\\/monatglobal.com\\\/es\\\/makeup-concealer\\\/\",\"name\":\"Brighten and Correct Concealer | Maquillaje MONAT | Corrector para ojos - MONAT Espa\\u00f1a\",\"description\":\"NUEVO NUEVO MONAT Brighten + Correct Concealer\\u2122\\ufe0f\\ufe0f Niacinamida y p\\u00e9ptidos Cubre y ayuda a reducir la apariencia de ojeras, l\\u00edneas de expresi\\u00f3n, arrugas e inflamaci\\u00f3n, revelando una piel m\\u00e1s luminosa y juvenil. 8 ml e 0.27 fl. oz. Precio cliente00.00 \\u20ac Precio cliente VIP00.00 \\u20ac Para conocer m\\u00e1s sobre MONAT Brighten + Correct Concealer\\u2122\\ufe0f\\ufe0f, ponte\",\"inLanguage\":\"en-US\",\"isPartOf\":{\"@id\":\"https:\\\/\\\/monatglobal.com\\\/es\\\/#website\"},\"breadcrumb\":{\"@id\":\"https:\\\/\\\/monatglobal.com\\\/es\\\/makeup-concealer\\\/#breadcrumblist\"},\"image\":{\"@type\":\"ImageObject\",\"url\":\"https:\\\/\\\/monatglobal.com\\\/es\\\/wp-content\\\/uploads\\\/sites\\\/10\\\/2023\\\/09\\\/brighten_correct_concealer_medium-ecomm.png\",\"@id\":\"https:\\\/\\\/monatglobal.com\\\/es\\\/makeup-concealer\\\/#mainImage\",\"width\":641,\"height\":800},\"primaryImageOfPage\":{\"@id\":\"https:\\\/\\\/monatglobal.com\\\/es\\\/makeup-concealer\\\/#mainImage\"},\"datePublished\":\"2023-08-17T15:42:23+01:00\",\"dateModified\":\"2026-04-06T17:15:29+01:00\"},{\"@type\":\"WebSite\",\"@id\":\"https:\\\/\\\/monatglobal.com\\\/es\\\/#website\",\"url\":\"https:\\\/\\\/monatglobal.com\\\/es\\\/\",\"name\":\"MONAT Espa\\u00f1a\",\"description\":\"We Are Modern Nature\\u00ae\",\"inLanguage\":\"en-US\",\"publisher\":{\"@id\":\"https:\\\/\\\/monatglobal.com\\\/es\\\/#organization\"}}]}\n\t\t<\/script>\n\t\t<!-- All in One SEO Pro -->\r\n\t\t<title>Brighten and Correct Concealer | Maquillaje MONAT | Corrector para ojos - MONAT Espa\u00f1a<\/title>\n\n","aioseo_head_json":{"title":"Brighten and Correct Concealer | Maquillaje MONAT | Corrector para ojos - MONAT Espa\u00f1a","description":"NUEVO NUEVO MONAT Brighten + Correct Concealer\u2122\ufe0f\ufe0f Niacinamida y p\u00e9ptidos Cubre y ayuda a reducir la apariencia de ojeras, l\u00edneas de expresi\u00f3n, arrugas e inflamaci\u00f3n, revelando una piel m\u00e1s luminosa y juvenil. 8 ml e 0.27 fl. oz. Precio cliente00.00 \u20ac Precio cliente VIP00.00 \u20ac Para conocer m\u00e1s sobre MONAT Brighten + Correct Concealer\u2122\ufe0f\ufe0f, ponte","canonical_url":"https:\/\/monatglobal.com\/es\/makeup-concealer\/","robots":"max-image-preview:large","keywords":"","webmasterTools":{"miscellaneous":""},"schema":{"@context":"https:\/\/schema.org","@graph":[{"@type":"BreadcrumbList","@id":"https:\/\/monatglobal.com\/es\/makeup-concealer\/#breadcrumblist","itemListElement":[{"@type":"ListItem","@id":"https:\/\/monatglobal.com\/es#listItem","position":1,"name":"Home","item":"https:\/\/monatglobal.com\/es","nextItem":{"@type":"ListItem","@id":"https:\/\/monatglobal.com\/es\/makeup-concealer\/#listItem","name":"Brighten and Correct Concealer | Maquillaje MONAT | Corrector para ojos"}},{"@type":"ListItem","@id":"https:\/\/monatglobal.com\/es\/makeup-concealer\/#listItem","position":2,"name":"Brighten and Correct Concealer | Maquillaje MONAT | Corrector para ojos","previousItem":{"@type":"ListItem","@id":"https:\/\/monatglobal.com\/es#listItem","name":"Home"}}]},{"@type":"Organization","@id":"https:\/\/monatglobal.com\/es\/#organization","name":"MONAT Espa\u00f1a","description":"We Are Modern Nature\u00ae","url":"https:\/\/monatglobal.com\/es\/"},{"@type":"WebPage","@id":"https:\/\/monatglobal.com\/es\/makeup-concealer\/#webpage","url":"https:\/\/monatglobal.com\/es\/makeup-concealer\/","name":"Brighten and Correct Concealer | Maquillaje MONAT | Corrector para ojos - MONAT Espa\u00f1a","description":"NUEVO NUEVO MONAT Brighten + Correct Concealer\u2122\ufe0f\ufe0f Niacinamida y p\u00e9ptidos Cubre y ayuda a reducir la apariencia de ojeras, l\u00edneas de expresi\u00f3n, arrugas e inflamaci\u00f3n, revelando una piel m\u00e1s luminosa y juvenil. 8 ml e 0.27 fl. oz. Precio cliente00.00 \u20ac Precio cliente VIP00.00 \u20ac Para conocer m\u00e1s sobre MONAT Brighten + Correct Concealer\u2122\ufe0f\ufe0f, ponte","inLanguage":"en-US","isPartOf":{"@id":"https:\/\/monatglobal.com\/es\/#website"},"breadcrumb":{"@id":"https:\/\/monatglobal.com\/es\/makeup-concealer\/#breadcrumblist"},"image":{"@type":"ImageObject","url":"https:\/\/monatglobal.com\/es\/wp-content\/uploads\/sites\/10\/2023\/09\/brighten_correct_concealer_medium-ecomm.png","@id":"https:\/\/monatglobal.com\/es\/makeup-concealer\/#mainImage","width":641,"height":800},"primaryImageOfPage":{"@id":"https:\/\/monatglobal.com\/es\/makeup-concealer\/#mainImage"},"datePublished":"2023-08-17T15:42:23+01:00","dateModified":"2026-04-06T17:15:29+01:00"},{"@type":"WebSite","@id":"https:\/\/monatglobal.com\/es\/#website","url":"https:\/\/monatglobal.com\/es\/","name":"MONAT Espa\u00f1a","description":"We Are Modern Nature\u00ae","inLanguage":"en-US","publisher":{"@id":"https:\/\/monatglobal.com\/es\/#organization"}}]},"og:locale":"en_US","og:site_name":"MONAT Espa\u00f1a - We Are Modern Nature\u00ae","og:type":"article","og:title":"Brighten and Correct Concealer | Maquillaje MONAT | Corrector para ojos - MONAT Espa\u00f1a","og:description":"NUEVO NUEVO MONAT Brighten + Correct Concealer\u2122\ufe0f\ufe0f Niacinamida y p\u00e9ptidos Cubre y ayuda a reducir la apariencia de ojeras, l\u00edneas de expresi\u00f3n, arrugas e inflamaci\u00f3n, revelando una piel m\u00e1s luminosa y juvenil. 8 ml e 0.27 fl. oz. Precio cliente00.00 \u20ac Precio cliente VIP00.00 \u20ac Para conocer m\u00e1s sobre MONAT Brighten + Correct Concealer\u2122\ufe0f\ufe0f, ponte","og:url":"https:\/\/monatglobal.com\/es\/makeup-concealer\/","article:published_time":"2023-08-17T14:42:23+00:00","article:modified_time":"2026-04-06T16:15:29+00:00","twitter:card":"summary_large_image","twitter:title":"Brighten and Correct Concealer | Maquillaje MONAT | Corrector para ojos - MONAT Espa\u00f1a","twitter:description":"NUEVO NUEVO MONAT Brighten + Correct Concealer\u2122\ufe0f\ufe0f Niacinamida y p\u00e9ptidos Cubre y ayuda a reducir la apariencia de ojeras, l\u00edneas de expresi\u00f3n, arrugas e inflamaci\u00f3n, revelando una piel m\u00e1s luminosa y juvenil. 8 ml e 0.27 fl. oz. Precio cliente00.00 \u20ac Precio cliente VIP00.00 \u20ac Para conocer m\u00e1s sobre MONAT Brighten + Correct Concealer\u2122\ufe0f\ufe0f, ponte"},"aioseo_meta_data":{"post_id":"83612","title":null,"description":null,"keywords":[],"keyphrases":{"focus":{"keyphrase":"","score":0,"analysis":{"keyphraseInTitle":{"score":0,"maxScore":9,"error":1}}},"additional":[]},"primary_term":null,"canonical_url":null,"og_title":null,"og_description":null,"og_object_type":"default","og_image_type":"default","og_image_url":null,"og_image_width":null,"og_image_height":null,"og_image_custom_url":null,"og_image_custom_fields":null,"og_video":"","og_custom_url":null,"og_article_section":null,"og_article_tags":[],"twitter_use_og":false,"twitter_card":"default","twitter_image_type":"default","twitter_image_url":null,"twitter_image_custom_url":null,"twitter_image_custom_fields":null,"twitter_title":null,"twitter_description":null,"schema":{"blockGraphs":[],"customGraphs":[],"default":{"data":{"Article":[],"Course":[],"Dataset":[],"FAQPage":[],"Movie":[],"Person":[],"Product":[],"ProductReview":[],"Car":[],"Recipe":[],"Service":[],"SoftwareApplication":[],"WebPage":[]},"graphName":"WebPage","isEnabled":true},"graphs":[]},"schema_type":"default","schema_type_options":null,"pillar_content":false,"robots_default":true,"robots_noindex":false,"robots_noarchive":false,"robots_nosnippet":false,"robots_nofollow":false,"robots_noimageindex":false,"robots_noodp":false,"robots_notranslate":false,"robots_max_snippet":"-1","robots_max_videopreview":"-1","robots_max_imagepreview":"large","priority":null,"frequency":"default","local_seo":null,"seo_analyzer_scan_date":"2026-04-06 17:59:17","limit_modified_date":false,"reviewed_by":null,"open_ai":null,"ai":null,"created":"2023-08-30 18:19:36","updated":"2026-04-06 17:59:17"},"aioseo_breadcrumb":"<div class=\"aioseo-breadcrumbs\"><span class=\"aioseo-breadcrumb\">\n\t<a href=\"https:\/\/monatglobal.com\/es\" title=\"Home\">Home<\/a>\n<\/span><span class=\"aioseo-breadcrumb-separator\">&raquo;<\/span><span class=\"aioseo-breadcrumb\">\n\tBrighten and Correct Concealer | Maquillaje MONAT | Corrector para ojos\n<\/span><\/div>","aioseo_breadcrumb_json":[{"label":"Home","link":"https:\/\/monatglobal.com\/es"},{"label":"Brighten and Correct Concealer | Maquillaje MONAT | Corrector para ojos","link":"https:\/\/monatglobal.com\/es\/makeup-concealer\/"}],"_links":{"self":[{"href":"https:\/\/monatglobal.com\/es\/wp-json\/wp\/v2\/pages\/83612","targetHints":{"allow":["GET"]}}],"collection":[{"href":"https:\/\/monatglobal.com\/es\/wp-json\/wp\/v2\/pages"}],"about":[{"href":"https:\/\/monatglobal.com\/es\/wp-json\/wp\/v2\/types\/page"}],"author":[{"embeddable":true,"href":"https:\/\/monatglobal.com\/es\/wp-json\/wp\/v2\/users\/31"}],"replies":[{"embeddable":true,"href":"https:\/\/monatglobal.com\/es\/wp-json\/wp\/v2\/comments?post=83612"}],"version-history":[{"count":40,"href":"https:\/\/monatglobal.com\/es\/wp-json\/wp\/v2\/pages\/83612\/revisions"}],"predecessor-version":[{"id":109302,"href":"https:\/\/monatglobal.com\/es\/wp-json\/wp\/v2\/pages\/83612\/revisions\/109302"}],"wp:featuredmedia":[{"embeddable":true,"href":"https:\/\/monatglobal.com\/es\/wp-json\/wp\/v2\/media\/83739"}],"wp:attachment":[{"href":"https:\/\/monatglobal.com\/es\/wp-json\/wp\/v2\/media?parent=83612"}],"wp:term":[{"taxonomy":"category","embeddable":true,"href":"https:\/\/monatglobal.com\/es\/wp-json\/wp\/v2\/categories?post=83612"},{"taxonomy":"post_tag","embeddable":true,"href":"https:\/\/monatglobal.com\/es\/wp-json\/wp\/v2\/tags?post=83612"}],"curies":[{"name":"wp","href":"https:\/\/api.w.org\/{rel}","templated":true}]}}