{"id":83592,"date":"2023-08-17T10:49:24","date_gmt":"2023-08-17T09:49:24","guid":{"rendered":"https:\/\/monatglobal.com\/?page_id=83592"},"modified":"2026-02-24T20:10:07","modified_gmt":"2026-02-24T20:10:07","slug":"makeup-liquid-lipstick","status":"publish","type":"page","link":"https:\/\/monatglobal.com\/es\/makeup-liquid-lipstick\/","title":{"rendered":"Pintalabios l\u00edquido | Maquillaje MONAT | Hidrataci\u00f3n para labios de larga duraci\u00f3n"},"content":{"rendered":"\n<link rel=\"stylesheet\" href=\"https:\/\/monatglobal.com\/wp-content\/creative_css\/product_styles_sheet.css\">\n    <!--==================================================== ECOMM SECTION ====================================================-->\n        <!--==================================================== Ecomm image ====================================================-->\n            NUEVO\n                    <img decoding=\"async\" alt=\"\" src=\"\" loading=\"lazy\">\n                    <img decoding=\"async\" alt=\"\" src=\"\" loading=\"lazy\">\n                        <img decoding=\"async\" alt=\"\" src=\"\" data-lbxp=\"\" loading=\"lazy\">\n                        <img decoding=\"async\" alt=\"\" src=\"\" loading=\"lazy\">\n        <!--==================================================== Ecomm information  ====================================================-->\n            NUEVO\n            <p>MONAT<\/p>\n            <h1>Liquid Lipstick\u2122<\/h1>\n            <p>Formulado con hialuronato de sodio y aceites bot\u00e1nicos<\/p>\n            <p>Aporta hidrataci\u00f3n inmediata y un color intenso con un acabado satinado y duradero.<\/p>\n            <p>6 ml e 0.20 fl. oz.<\/p>\n            \n                <label><input type=\"radio\" name=\"toneLiquidLipstick\"><\/label>\n                <label><input type=\"radio\" name=\"toneLiquidLipstick\"><\/label>\n                <label><input type=\"radio\" name=\"toneLiquidLipstick\"><\/label>\n                <label><input type=\"radio\" name=\"toneLiquidLipstick\"><\/label>\n                <label><input type=\"radio\" name=\"toneLiquidLipstick\"><\/label>\n                <label><input type=\"radio\" name=\"toneLiquidLipstick\"><\/label>\n           <!--==================================================== pricing box  ====================================================-->\n                    <p>Precio cliente<br>36.00 \u20ac<\/p>\n                    <p>Precio cliente VIP<br>31.00 \u20ac<\/p> \n           <!--==================================================== pricing box  ====================================================-->\n            <p>Para conocer m\u00e1s sobre MONAT Liquid Lipstick\u2122, ponte en contacto con tu Market Partner de MONAT.<\/p>\n                <a target=\"_blank\" role=\"button\" href=\"\" aria-label=\"Go to MONAT Liquid Lipstick\u2122\ufe0f shop\" rel=\"noopener\">COMPRAR AHORA<\/a>\n                <!--\u00a1PR\u00d3XIMAMENTE!-->\n    <!--==================================================== \/ECOMM SECTION  ====================================================-->\n    <!--==================================================== Benefits image ====================================================-->\n    \n        <source id=\"benefitsMobImg\" media=\"(max-width: 700px)\" srcset=\"\">\n        <img decoding=\"async\" id=\"benefitsImg\" src=\"\" alt=\"\" loading=\"lazy\">\n    \n    <!--==================================================== Benefits text ====================================================-->\n            <h2>BENEFICIOS<\/h2>\n            <h3>Donde los ingredientes que cuidan tu piel se combinan con colores intr\u00e9pidos. <\/h3>\n            <p>Pintalabios l\u00edquido de textura ligera, enriquecido con aceites bot\u00e1nicos y hialuronato de sodio, que aporta nutrici\u00f3n con hasta 12 horas de hidrataci\u00f3n* con un color moderno y audaz.<\/p>\n            <!--==================================================== features image slide  ====================================================-->\n                    <img decoding=\"async\" src=\"\" alt=\"\" loading=\"lazy\">\n                    <img decoding=\"async\" src=\"\" alt=\"\" loading=\"lazy\">\n                    <img decoding=\"async\" src=\"\" alt=\"\" loading=\"lazy\">\n                    <img decoding=\"async\" src=\"\" alt=\"\" loading=\"lazy\">\n        <!--==================================================== features text ====================================================-->\n                <h3>Caracter\u00edsticas<\/h3>\n                    <p>\/ Disponible en seis tonos modernos con un acabado satinado y duradero*<\/p>\n                    <p>\/ Nutre tus labios aportando hasta 12 horas de hidrataci\u00f3n* <\/p>\n                    <p>\/ F\u00f3rmula cremosa y ligera, que calma y suaviza los labios*  <\/p>\n                    <p>\/ Ayuda a suavizar y disminuir la apariencia de las l\u00edneas de los labios* <\/p>\n                    <p>\/ Deja una textura aterciopelada en los labios*   <\/p>\n                    <p>\/ Aplicador de precisi\u00f3n que distribuye suavemente el color<\/p>\n                    <br>\n                <p>Fragancia \/ Sin fragancia  <\/p>\n                <p>Textura \/ L\u00edquido cremoso<\/p>\n                <p>*Basado en un estudio realizado en 34 mujeres de entre 18 y 60 a\u00f1os, usuarias actuales del pintalabios l\u00edquido. Probado por un laboratorio independiente.<\/p>\n    <!--==================================================== composition image mobile ====================================================-->\n    <img decoding=\"async\" src=\"\" alt=\"\" loading=\"lazy\">\n    <!--==================================================== Why it works text ====================================================-->\n        <h3>Hidrata los labios. Colores intr\u00e9pidos que realzan tus labios.  <\/h3>\n        <p>F\u00f3rmula enriquecida con hialuronato de sodio y una combinaci\u00f3n de aceites y humectantes bot\u00e1nicos que incluyen cera de mimosa y de girasol aportando hidrataci\u00f3n, color y brillo duraderos suavizando la apariencia de las l\u00edneas de los labios.<\/p>\n<!--==================================================== Composition section ====================================================-->\n        <img decoding=\"async\" src=\"\" alt=\"\" loading=\"lazy\">\n        <img decoding=\"async\" id=\"compImg_2\" src=\"\" alt=\"\" loading=\"lazy\">\n                <!--==================================================== Directions text ====================================================--> \n                    <h3>Instrucciones de uso:<\/h3>\n                        <p>\/ Aplicar sobre los labios limpios y secos.  <\/p>\n                        <p>\/ Delinear los labios y luego rell\u00e9nalos con el aplicador de precisi\u00f3n. <\/p>\n                <!--==================================================== Directions video ====================================================-->\n    <p>MONAT Liquid Lipstick\u2122\ufe0f <br>5:39<\/p>\n        <a target=\"_blank\" role=\"button\" href=\"\" aria-label=\"Go to MONAT Liquid Lipstick\u2122\ufe0f shop\" rel=\"noopener\">COMPRAR AHORA<\/a>\n        <!--\u00a1PR\u00d3XIMAMENTE!-->\n    <!--==================================================== Ingredients section  ====================================================-->\n        <h2>INGREDIENTES CLAVE<\/h2>\n                    <img decoding=\"async\" alt=\"rejuveniqe icon\" src=\"https:\/\/monatglobal.com\/wp-content\/uploads\/2022\/11\/REJUVENIQES.svg\"> \n                    <p>REJUVENIQE S\u2122<\/p>\n                    <img decoding=\"async\" alt=\"Vitamin E icon\" src=\"https:\/\/monatglobal.com\/wp-content\/uploads\/2022\/09\/Vitamin-E.svg\"> \n                    <p>Vitamina E<\/p>\n                    <img decoding=\"async\" alt=\"Vitamin E icon\" src=\"https:\/\/monatglobal.com\/wp-content\/uploads\/2023\/03\/Sodium-Hyaluronate.svg\"> \n                    <p>Hialuronato de sodio <\/p>\n        <button id=\"myBtn\" type=\"button\">LISTA DE INGREDIENTES<\/button>\n        <!--==================================================== Modal content  ====================================================-->\n            \u00d7\n            <p>Aqua\/Water\/Eau, Pentaerythrityl Tetraisostearate, Coconut Alkanes, Capryloyl Glycerin\/Sebacic Acid Copolymer, Hydrolyzed Corn Starch, Dodecane, Butylene Glycol, Bis-Diglyceryl Polyacyladipate-2, Lauroyl Lysine, Jojoba Esters, Cellulose, Stearalkonium Bentonite, Polyglyceryl-6 Polyricinoleate, Polyglyceryl-6 Polyhydroxystearate, Helianthus Annuus (Sunflower) Seed Wax, Silica, Sodium Hyaluronate, Tocopheryl Acetate, Tocopherol, Ricinus Communis (Castor) Seed Oil, Limnanthes Alba (Meadowfoam) Seed Oil, Coco-Caprylate\/Caprate, Gardenia Taitensis Flower Extract, Simmondsia Chinensis (Jojoba) Seed Extract, Crambe Abyssinica Seed Oil, Camellia Oleifera Seed Oil, Daucus Carota Sativa (Carrot) Seed Oil, Mauritia Flexuosa Fruit Oil, Cocos Nucifera (Coconut) Oil, Olea Europaea (Olive) Fruit Oil, Solanum Lycopersicum (Tomato) Seed Oil, Acacia Decurrens Flower Wax, Glycerin, Helianthus Annuus (Sunflower) Seed Oil, Glyceryl Rosinate, Moringa Oleifera Seed Oil, Caryocar Brasiliense Fruit Oil, Dilinoleic Acid\/Butanediol Copolymer, Castor Oil\/IPDI Copolymer, Citrus Limon (Lemon) Peel Oil, Citrus Aurantifolia (Lime) Oil, Citrus Aurantium Bergamia (Bergamot) Fruit Oil, Polyglycerin-3, Triethyl Citrate, Adansonia Digitata Oil, Polyhydroxystearic Acid, Polyglycerin-6, Disodium Stearoyl Glutamate, Barium Sulfate, Polyglyceryl-3 Diisostearate, Polyglyceryl-3 Polyricinoleate, Mica, Magnesium Sulfate, Hydrogenated Castor Oil, Benzyl Alcohol, Ethylhexylglycerin, Citric Acid. May Contain (+\/-) Iron Oxides (CI 77491), Iron Oxides (CI 77492), Iron Oxides (CI 77499), Red 7 (CI 15850), Titanium Dioxide (CI 77891), Blue 1 Lake (CI 42090), Red 6 Lake (CI 15850), Red 27 (CI 45410), Red 28 Lake (CI 45410), Red 33 Lake (CL 17200), Ultramarines (CI 77007), Yellow 5 Lake (CI 19140), Yellow 6 Lake (CI 15985).<\/p>\n    <!--==================================================== You might also like section ====================================================-->\n        <h2>PUEDE QUE TAMBI\u00c9N TE GUSTE<\/h2>\n        <!--==================================================== Slider YOU MIGHT ALSO LIKE ====================================================-->\n                <!-- Slides products-->\n                    <a href=\"https:\/\/monatglobal.com\/es\/makeup-concealer\/\" aria-label=\"Go to MONAT Brighten + Correct Concealer\u2122 page\">\n                        <img decoding=\"async\" src=\"https:\/\/monatglobal.com\/wp-content\/uploads\/2023\/08\/brighten_correct_concealer_medium-ecomm.png\" alt=\"MONAT Brighten + Correct Concealer\u2122\" loading=\"lazy\">\n                        <p>MONAT Brighten + Correct&nbsp;Concealer\u2122<\/p>\n                    <\/a>\n                    <a href=\"https:\/\/monatglobal.com\/es\/makeup-liquid-blush\/\" aria-label=\"Go to MONAT Hydrating Liquid-Gel Cream Blush\u2122 page\">\n                        <img decoding=\"async\" src=\"https:\/\/monatglobal.com\/wp-content\/uploads\/2023\/08\/hydrating_liquid_gel_cream_blush_peach-ecomm.png\" alt=\"MONAT Hydrating Liquid-Gel Cream Blush\u2122\" loading=\"lazy\">\n                        <p>MONAT Hydrating Liquid-Gel <br>Cream Blush\u2122<\/p>\n                    <\/a>\n                    <a href=\"https:\/\/monatglobal.com\/es\/makeup-mascara\/\" aria-label=\"Go to MONAT IR Clinical\u2122 Mascara page\">\n                        <img decoding=\"async\" src=\"https:\/\/monatglobal.com\/wp-content\/uploads\/2023\/08\/ir_clinical_mascara_jetsetter_black-ecomm.png\" alt=\"MONAT IR Clinical\u2122 Mascara\" loading=\"lazy\">\n                        <p>MONAT IR Clinical\u2122 <br> Mascara<\/p>\n                    <\/a>\n            <!-- If we need navigation buttons -->\n            <!-- If we need paginations -->\n    <a href=\"https:\/\/monatglobal.com\/es\/products\/?line=makeup\" aria-label=\"Go to Todos los productos de Makeup\">\n        <h3>Todos los productos de Makeup<\/h3>\n    <\/a>\n<!--==================================================== this link has to go last for it to work   ====================================================-->\n<!---->\n","protected":false},"excerpt":{"rendered":"<p>NUEVO NUEVO MONAT Liquid Lipstick\u2122 Formulado con hialuronato de sodio y aceites bot\u00e1nicos Aporta hidrataci\u00f3n inmediata y un color intenso con un acabado satinado y duradero. 6 ml e 0.20 fl. oz. Precio cliente36.00 \u20ac Precio cliente VIP31.00 \u20ac Para conocer m\u00e1s sobre MONAT Liquid Lipstick\u2122, ponte en contacto con tu Market Partner de MONAT.&hellip;<\/p>\n","protected":false},"author":31,"featured_media":83652,"parent":0,"menu_order":0,"comment_status":"closed","ping_status":"closed","template":"","meta":{"inline_featured_image":false,"om_disable_all_campaigns":false,"_monsterinsights_skip_tracking":false,"_monsterinsights_sitenote_active":false,"_monsterinsights_sitenote_note":"","_monsterinsights_sitenote_category":0,"footnotes":""},"categories":[],"tags":[],"class_list":["post-83592","page","type-page","status-publish","has-post-thumbnail","hentry"],"aioseo_notices":[],"aioseo_head":"\n\t\t<!-- All in One SEO Pro 4.9.5.2 - aioseo.com -->\n\t<meta name=\"description\" content=\"NUEVO NUEVO MONAT Liquid Lipstick\u2122 Formulado con hialuronato de sodio y aceites bot\u00e1nicos Aporta hidrataci\u00f3n inmediata y un color intenso con un acabado satinado y duradero. 6 ml e 0.20 fl. oz. Precio cliente36.00 \u20ac Precio cliente VIP31.00 \u20ac Para conocer m\u00e1s sobre MONAT Liquid Lipstick\u2122, ponte en contacto con tu Market Partner de MONAT.\" \/>\n\t<meta name=\"robots\" content=\"max-image-preview:large\" \/>\n\t<link rel=\"canonical\" href=\"https:\/\/monatglobal.com\/es\/makeup-liquid-lipstick\/\" \/>\n\t<meta name=\"generator\" content=\"All in One SEO Pro (AIOSEO) 4.9.5.2\" \/>\n\t\t<meta property=\"og:locale\" content=\"en_US\" \/>\n\t\t<meta property=\"og:site_name\" content=\"MONAT Espa\u00f1a - We Are Modern Nature\u00ae\" \/>\n\t\t<meta property=\"og:type\" content=\"article\" \/>\n\t\t<meta property=\"og:title\" content=\"Pintalabios l\u00edquido | Maquillaje MONAT | Hidrataci\u00f3n para labios de larga duraci\u00f3n - MONAT Espa\u00f1a\" \/>\n\t\t<meta property=\"og:description\" content=\"NUEVO NUEVO MONAT Liquid Lipstick\u2122 Formulado con hialuronato de sodio y aceites bot\u00e1nicos Aporta hidrataci\u00f3n inmediata y un color intenso con un acabado satinado y duradero. 6 ml e 0.20 fl. oz. Precio cliente36.00 \u20ac Precio cliente VIP31.00 \u20ac Para conocer m\u00e1s sobre MONAT Liquid Lipstick\u2122, ponte en contacto con tu Market Partner de MONAT.\" \/>\n\t\t<meta property=\"og:url\" content=\"https:\/\/monatglobal.com\/es\/makeup-liquid-lipstick\/\" \/>\n\t\t<meta property=\"article:published_time\" content=\"2023-08-17T09:49:24+00:00\" \/>\n\t\t<meta property=\"article:modified_time\" content=\"2026-02-24T20:10:07+00:00\" \/>\n\t\t<meta name=\"twitter:card\" content=\"summary_large_image\" \/>\n\t\t<meta name=\"twitter:title\" content=\"Pintalabios l\u00edquido | Maquillaje MONAT | Hidrataci\u00f3n para labios de larga duraci\u00f3n - MONAT Espa\u00f1a\" \/>\n\t\t<meta name=\"twitter:description\" content=\"NUEVO NUEVO MONAT Liquid Lipstick\u2122 Formulado con hialuronato de sodio y aceites bot\u00e1nicos Aporta hidrataci\u00f3n inmediata y un color intenso con un acabado satinado y duradero. 6 ml e 0.20 fl. oz. Precio cliente36.00 \u20ac Precio cliente VIP31.00 \u20ac Para conocer m\u00e1s sobre MONAT Liquid Lipstick\u2122, ponte en contacto con tu Market Partner de MONAT.\" \/>\n\t\t<script type=\"application\/ld+json\" class=\"aioseo-schema\">\n\t\t\t{\"@context\":\"https:\\\/\\\/schema.org\",\"@graph\":[{\"@type\":\"BreadcrumbList\",\"@id\":\"https:\\\/\\\/monatglobal.com\\\/es\\\/makeup-liquid-lipstick\\\/#breadcrumblist\",\"itemListElement\":[{\"@type\":\"ListItem\",\"@id\":\"https:\\\/\\\/monatglobal.com\\\/es#listItem\",\"position\":1,\"name\":\"Home\",\"item\":\"https:\\\/\\\/monatglobal.com\\\/es\",\"nextItem\":{\"@type\":\"ListItem\",\"@id\":\"https:\\\/\\\/monatglobal.com\\\/es\\\/makeup-liquid-lipstick\\\/#listItem\",\"name\":\"Pintalabios l\\u00edquido | Maquillaje MONAT | Hidrataci\\u00f3n para labios de larga duraci\\u00f3n\"}},{\"@type\":\"ListItem\",\"@id\":\"https:\\\/\\\/monatglobal.com\\\/es\\\/makeup-liquid-lipstick\\\/#listItem\",\"position\":2,\"name\":\"Pintalabios l\\u00edquido | Maquillaje MONAT | Hidrataci\\u00f3n para labios de larga duraci\\u00f3n\",\"previousItem\":{\"@type\":\"ListItem\",\"@id\":\"https:\\\/\\\/monatglobal.com\\\/es#listItem\",\"name\":\"Home\"}}]},{\"@type\":\"Organization\",\"@id\":\"https:\\\/\\\/monatglobal.com\\\/es\\\/#organization\",\"name\":\"MONAT Espa\\u00f1a\",\"description\":\"We Are Modern Nature\\u00ae\",\"url\":\"https:\\\/\\\/monatglobal.com\\\/es\\\/\"},{\"@type\":\"WebPage\",\"@id\":\"https:\\\/\\\/monatglobal.com\\\/es\\\/makeup-liquid-lipstick\\\/#webpage\",\"url\":\"https:\\\/\\\/monatglobal.com\\\/es\\\/makeup-liquid-lipstick\\\/\",\"name\":\"Pintalabios l\\u00edquido | Maquillaje MONAT | Hidrataci\\u00f3n para labios de larga duraci\\u00f3n - MONAT Espa\\u00f1a\",\"description\":\"NUEVO NUEVO MONAT Liquid Lipstick\\u2122 Formulado con hialuronato de sodio y aceites bot\\u00e1nicos Aporta hidrataci\\u00f3n inmediata y un color intenso con un acabado satinado y duradero. 6 ml e 0.20 fl. oz. Precio cliente36.00 \\u20ac Precio cliente VIP31.00 \\u20ac Para conocer m\\u00e1s sobre MONAT Liquid Lipstick\\u2122, ponte en contacto con tu Market Partner de MONAT.\",\"inLanguage\":\"en-US\",\"isPartOf\":{\"@id\":\"https:\\\/\\\/monatglobal.com\\\/es\\\/#website\"},\"breadcrumb\":{\"@id\":\"https:\\\/\\\/monatglobal.com\\\/es\\\/makeup-liquid-lipstick\\\/#breadcrumblist\"},\"image\":{\"@type\":\"ImageObject\",\"url\":\"https:\\\/\\\/monatglobal.com\\\/es\\\/wp-content\\\/uploads\\\/sites\\\/10\\\/2023\\\/08\\\/liquid_lipstick_goddess-ecomm-1.png\",\"@id\":\"https:\\\/\\\/monatglobal.com\\\/es\\\/makeup-liquid-lipstick\\\/#mainImage\",\"width\":641,\"height\":800},\"primaryImageOfPage\":{\"@id\":\"https:\\\/\\\/monatglobal.com\\\/es\\\/makeup-liquid-lipstick\\\/#mainImage\"},\"datePublished\":\"2023-08-17T10:49:24+01:00\",\"dateModified\":\"2026-02-24T20:10:07+00:00\"},{\"@type\":\"WebSite\",\"@id\":\"https:\\\/\\\/monatglobal.com\\\/es\\\/#website\",\"url\":\"https:\\\/\\\/monatglobal.com\\\/es\\\/\",\"name\":\"MONAT Espa\\u00f1a\",\"description\":\"We Are Modern Nature\\u00ae\",\"inLanguage\":\"en-US\",\"publisher\":{\"@id\":\"https:\\\/\\\/monatglobal.com\\\/es\\\/#organization\"}}]}\n\t\t<\/script>\n\t\t<!-- All in One SEO Pro -->\r\n\t\t<title>Pintalabios l\u00edquido | Maquillaje MONAT | Hidrataci\u00f3n para labios de larga duraci\u00f3n - MONAT Espa\u00f1a<\/title>\n\n","aioseo_head_json":{"title":"Pintalabios l\u00edquido | Maquillaje MONAT | Hidrataci\u00f3n para labios de larga duraci\u00f3n - MONAT Espa\u00f1a","description":"NUEVO NUEVO MONAT Liquid Lipstick\u2122 Formulado con hialuronato de sodio y aceites bot\u00e1nicos Aporta hidrataci\u00f3n inmediata y un color intenso con un acabado satinado y duradero. 6 ml e 0.20 fl. oz. Precio cliente36.00 \u20ac Precio cliente VIP31.00 \u20ac Para conocer m\u00e1s sobre MONAT Liquid Lipstick\u2122, ponte en contacto con tu Market Partner de MONAT.","canonical_url":"https:\/\/monatglobal.com\/es\/makeup-liquid-lipstick\/","robots":"max-image-preview:large","keywords":"","webmasterTools":{"miscellaneous":""},"schema":{"@context":"https:\/\/schema.org","@graph":[{"@type":"BreadcrumbList","@id":"https:\/\/monatglobal.com\/es\/makeup-liquid-lipstick\/#breadcrumblist","itemListElement":[{"@type":"ListItem","@id":"https:\/\/monatglobal.com\/es#listItem","position":1,"name":"Home","item":"https:\/\/monatglobal.com\/es","nextItem":{"@type":"ListItem","@id":"https:\/\/monatglobal.com\/es\/makeup-liquid-lipstick\/#listItem","name":"Pintalabios l\u00edquido | Maquillaje MONAT | Hidrataci\u00f3n para labios de larga duraci\u00f3n"}},{"@type":"ListItem","@id":"https:\/\/monatglobal.com\/es\/makeup-liquid-lipstick\/#listItem","position":2,"name":"Pintalabios l\u00edquido | Maquillaje MONAT | Hidrataci\u00f3n para labios de larga duraci\u00f3n","previousItem":{"@type":"ListItem","@id":"https:\/\/monatglobal.com\/es#listItem","name":"Home"}}]},{"@type":"Organization","@id":"https:\/\/monatglobal.com\/es\/#organization","name":"MONAT Espa\u00f1a","description":"We Are Modern Nature\u00ae","url":"https:\/\/monatglobal.com\/es\/"},{"@type":"WebPage","@id":"https:\/\/monatglobal.com\/es\/makeup-liquid-lipstick\/#webpage","url":"https:\/\/monatglobal.com\/es\/makeup-liquid-lipstick\/","name":"Pintalabios l\u00edquido | Maquillaje MONAT | Hidrataci\u00f3n para labios de larga duraci\u00f3n - MONAT Espa\u00f1a","description":"NUEVO NUEVO MONAT Liquid Lipstick\u2122 Formulado con hialuronato de sodio y aceites bot\u00e1nicos Aporta hidrataci\u00f3n inmediata y un color intenso con un acabado satinado y duradero. 6 ml e 0.20 fl. oz. Precio cliente36.00 \u20ac Precio cliente VIP31.00 \u20ac Para conocer m\u00e1s sobre MONAT Liquid Lipstick\u2122, ponte en contacto con tu Market Partner de MONAT.","inLanguage":"en-US","isPartOf":{"@id":"https:\/\/monatglobal.com\/es\/#website"},"breadcrumb":{"@id":"https:\/\/monatglobal.com\/es\/makeup-liquid-lipstick\/#breadcrumblist"},"image":{"@type":"ImageObject","url":"https:\/\/monatglobal.com\/es\/wp-content\/uploads\/sites\/10\/2023\/08\/liquid_lipstick_goddess-ecomm-1.png","@id":"https:\/\/monatglobal.com\/es\/makeup-liquid-lipstick\/#mainImage","width":641,"height":800},"primaryImageOfPage":{"@id":"https:\/\/monatglobal.com\/es\/makeup-liquid-lipstick\/#mainImage"},"datePublished":"2023-08-17T10:49:24+01:00","dateModified":"2026-02-24T20:10:07+00:00"},{"@type":"WebSite","@id":"https:\/\/monatglobal.com\/es\/#website","url":"https:\/\/monatglobal.com\/es\/","name":"MONAT Espa\u00f1a","description":"We Are Modern Nature\u00ae","inLanguage":"en-US","publisher":{"@id":"https:\/\/monatglobal.com\/es\/#organization"}}]},"og:locale":"en_US","og:site_name":"MONAT Espa\u00f1a - We Are Modern Nature\u00ae","og:type":"article","og:title":"Pintalabios l\u00edquido | Maquillaje MONAT | Hidrataci\u00f3n para labios de larga duraci\u00f3n - MONAT Espa\u00f1a","og:description":"NUEVO NUEVO MONAT Liquid Lipstick\u2122 Formulado con hialuronato de sodio y aceites bot\u00e1nicos Aporta hidrataci\u00f3n inmediata y un color intenso con un acabado satinado y duradero. 6 ml e 0.20 fl. oz. Precio cliente36.00 \u20ac Precio cliente VIP31.00 \u20ac Para conocer m\u00e1s sobre MONAT Liquid Lipstick\u2122, ponte en contacto con tu Market Partner de MONAT.","og:url":"https:\/\/monatglobal.com\/es\/makeup-liquid-lipstick\/","article:published_time":"2023-08-17T09:49:24+00:00","article:modified_time":"2026-02-24T20:10:07+00:00","twitter:card":"summary_large_image","twitter:title":"Pintalabios l\u00edquido | Maquillaje MONAT | Hidrataci\u00f3n para labios de larga duraci\u00f3n - MONAT Espa\u00f1a","twitter:description":"NUEVO NUEVO MONAT Liquid Lipstick\u2122 Formulado con hialuronato de sodio y aceites bot\u00e1nicos Aporta hidrataci\u00f3n inmediata y un color intenso con un acabado satinado y duradero. 6 ml e 0.20 fl. oz. Precio cliente36.00 \u20ac Precio cliente VIP31.00 \u20ac Para conocer m\u00e1s sobre MONAT Liquid Lipstick\u2122, ponte en contacto con tu Market Partner de MONAT."},"aioseo_meta_data":{"post_id":"83592","title":null,"description":null,"keywords":[],"keyphrases":{"focus":{"keyphrase":"","score":0,"analysis":{"keyphraseInTitle":{"score":0,"maxScore":9,"error":1}}},"additional":[]},"primary_term":null,"canonical_url":null,"og_title":null,"og_description":null,"og_object_type":"default","og_image_type":"default","og_image_url":null,"og_image_width":null,"og_image_height":null,"og_image_custom_url":null,"og_image_custom_fields":null,"og_video":"","og_custom_url":null,"og_article_section":null,"og_article_tags":[],"twitter_use_og":false,"twitter_card":"default","twitter_image_type":"default","twitter_image_url":null,"twitter_image_custom_url":null,"twitter_image_custom_fields":null,"twitter_title":null,"twitter_description":null,"schema":{"blockGraphs":[],"customGraphs":[],"default":{"data":{"Article":[],"Course":[],"Dataset":[],"FAQPage":[],"Movie":[],"Person":[],"Product":[],"ProductReview":[],"Car":[],"Recipe":[],"Service":[],"SoftwareApplication":[],"WebPage":[]},"graphName":"WebPage","isEnabled":true},"graphs":[]},"schema_type":"default","schema_type_options":null,"pillar_content":false,"robots_default":true,"robots_noindex":false,"robots_noarchive":false,"robots_nosnippet":false,"robots_nofollow":false,"robots_noimageindex":false,"robots_noodp":false,"robots_notranslate":false,"robots_max_snippet":"-1","robots_max_videopreview":"-1","robots_max_imagepreview":"large","priority":null,"frequency":"default","local_seo":null,"seo_analyzer_scan_date":"2026-02-24 20:16:28","limit_modified_date":false,"reviewed_by":null,"open_ai":null,"ai":null,"created":"2023-08-30 18:03:35","updated":"2026-02-24 20:16:28"},"aioseo_breadcrumb":"<div class=\"aioseo-breadcrumbs\"><span class=\"aioseo-breadcrumb\">\n\t<a href=\"https:\/\/monatglobal.com\/es\" title=\"Home\">Home<\/a>\n<\/span><span class=\"aioseo-breadcrumb-separator\">&raquo;<\/span><span class=\"aioseo-breadcrumb\">\n\tPintalabios l\u00edquido | Maquillaje MONAT | Hidrataci\u00f3n para labios de larga duraci\u00f3n\n<\/span><\/div>","aioseo_breadcrumb_json":[{"label":"Home","link":"https:\/\/monatglobal.com\/es"},{"label":"Pintalabios l\u00edquido | Maquillaje MONAT | Hidrataci\u00f3n para labios de larga duraci\u00f3n","link":"https:\/\/monatglobal.com\/es\/makeup-liquid-lipstick\/"}],"_links":{"self":[{"href":"https:\/\/monatglobal.com\/es\/wp-json\/wp\/v2\/pages\/83592","targetHints":{"allow":["GET"]}}],"collection":[{"href":"https:\/\/monatglobal.com\/es\/wp-json\/wp\/v2\/pages"}],"about":[{"href":"https:\/\/monatglobal.com\/es\/wp-json\/wp\/v2\/types\/page"}],"author":[{"embeddable":true,"href":"https:\/\/monatglobal.com\/es\/wp-json\/wp\/v2\/users\/31"}],"replies":[{"embeddable":true,"href":"https:\/\/monatglobal.com\/es\/wp-json\/wp\/v2\/comments?post=83592"}],"version-history":[{"count":34,"href":"https:\/\/monatglobal.com\/es\/wp-json\/wp\/v2\/pages\/83592\/revisions"}],"predecessor-version":[{"id":109269,"href":"https:\/\/monatglobal.com\/es\/wp-json\/wp\/v2\/pages\/83592\/revisions\/109269"}],"wp:featuredmedia":[{"embeddable":true,"href":"https:\/\/monatglobal.com\/es\/wp-json\/wp\/v2\/media\/83652"}],"wp:attachment":[{"href":"https:\/\/monatglobal.com\/es\/wp-json\/wp\/v2\/media?parent=83592"}],"wp:term":[{"taxonomy":"category","embeddable":true,"href":"https:\/\/monatglobal.com\/es\/wp-json\/wp\/v2\/categories?post=83592"},{"taxonomy":"post_tag","embeddable":true,"href":"https:\/\/monatglobal.com\/es\/wp-json\/wp\/v2\/tags?post=83592"}],"curies":[{"name":"wp","href":"https:\/\/api.w.org\/{rel}","templated":true}]}}