{"id":83570,"date":"2023-08-16T17:31:00","date_gmt":"2023-08-16T21:31:00","guid":{"rendered":"https:\/\/monatglobal.com\/?page_id=83570"},"modified":"2026-02-09T16:51:28","modified_gmt":"2026-02-09T16:51:28","slug":"makeup-liquid-blush","status":"publish","type":"page","link":"https:\/\/monatglobal.com\/es\/makeup-liquid-blush\/","title":{"rendered":"Colorete l\u00edquido | Maquillaje MONAT | Liquid-Gel Cream Blush"},"content":{"rendered":"\n\n\t<link rel=\"stylesheet\" href=\"https:\/\/monatglobal.com\/wp-content\/creative_css\/product_styles_sheet.css\"\/>\n    <!--==================================================== ECOMM SECTION ====================================================-->\n        <!--==================================================== Ecomm image ====================================================-->\n            NUEVO\n                    <img decoding=\"async\" alt=\"\" src=\"\" loading=\"lazy\"\/>\n                    <img decoding=\"async\" alt=\"\" src=\"\" loading=\"lazy\"\/>\n                    <!---->\n                        <img decoding=\"async\" alt=\"\" src=\"\" data-lbxp=\"\" loading=\"lazy\"\/>\n                        <img decoding=\"async\" alt=\"\" src=\"\" loading=\"lazy\"\/>\n                        <!---->\n        <!--==================================================== Ecomm information  ====================================================-->\n            NUEVO\n            <p>MONAT<\/p>\n            <h1>Hydrating<br \/> Liquid-Gel <br \/> Cream Blush\u2122<\/h1>\n            <p>Formulado con vitamina E y \u00e9steres de jojoba<\/p>\n            <p>F\u00f3rmula ligera que brinda hidrataci\u00f3n y nutrici\u00f3n inmediata a la piel, aport\u00e1ndole un aspecto saludable.<\/p>\n            <p>10 ml e 0.34 fl. oz.<\/p>\n            \n                <label><input type=\"radio\" name=\"toneCreamBlush\"\/><\/label>\n                <label><input type=\"radio\" name=\"toneCreamBlush\"\/><\/label>\n                <label><input type=\"radio\" name=\"toneCreamBlush\"\/><\/label> \n           <!--==================================================== pricing box  ====================================================-->\n               <p>Precio cliente<br \/>00.00 \u20ac<\/p>\n               <p>Precio cliente VIP<br \/>00.00 \u20ac<\/p>\n           <!--==================================================== pricing box  ====================================================-->  \n            <p>Para conocer m\u00e1s sobre MONAT Hydrating Liquid-Gel Cream Blush\u2122 , ponte en contacto con tu Market Partner de MONAT.<\/p> \n          <a href=\"\" target=\"_blank\" role=\"button\" aria-label=\"\" rel=\"noopener\"><\/a>\n    <!--==================================================== \/ECOMM SECTION  ====================================================-->\n    <!--==================================================== Benefits image ====================================================-->\n    \n        <source id=\"benefitsMobImg\" media=\"(max-width: 700px)\" srcset=\"\"\/>\n        <img decoding=\"async\" id=\"benefitsImg\" src=\"\" alt=\"\" loading=\"lazy\"\/>\n    \n    <!--==================================================== Benefits text ====================================================-->\n            <h2>BENEFICIOS<\/h2>  \n            <h3>Una combinaci\u00f3n de ingredientes que cuidan la piel y le brindan un brillo radiante.<\/h3>\n            <p>Colorete con textura de crema l\u00edquida en gel hidratante enriquecido con \u00e1cido hialur\u00f3nico que brinda hidrataci\u00f3n y nutrici\u00f3n inmediata dejando la piel radiante y luminosa durante todo el d\u00eda.*<\/p>\n            <!--==================================================== features image slide  ====================================================-->\n                    <img decoding=\"async\" src=\"\" alt=\"\" loading=\"lazy\"\/>\n                    <img decoding=\"async\" src=\"\" alt=\"\" loading=\"lazy\"\/>\n                    <img decoding=\"async\" src=\"\" alt=\"\" loading=\"lazy\"\/>\n                    <img decoding=\"async\" src=\"\" alt=\"\" loading=\"lazy\"\/>\n        <!--==================================================== features text ====================================================-->\n                <h3>Caracter\u00edsticas<\/h3>\n                    <p>\/ Disponible en tres tonos universales que se difuminan f\u00e1cilmente* <\/p>\n                    <p>\/ Se difumina suave y uniformemente, sin dejar marcas* <\/p>\n                    <p>\/ Permite graduar la intensidad del color para lograr un tono sonrojado natural*<\/p>\n                    <p>\/ Hidrata y da luminosidad a la piel*<\/p>\n                    <p>\/ Ayuda a mejorar la textura, la elasticidad y la firmeza de la piel*  <\/p>\n                    <p>\/ Apto para pieles sensible <\/p>\n                    <br \/>\n                <p>Fragancia \/ Sin fragancia  <\/p>\n                <p>Textura \/ Crema l\u00edquida en gel <\/p>\n                <p>*Basado en un estudio realizado con 35 mujeres entre los 18 y 60 a\u00f1os, usuarias actuales de colorete o tinte para las mejillas. Testado por un laboratorio independiente.  <\/p>\n    <!--==================================================== composition image mobile ====================================================-->\n    <img decoding=\"async\" src=\"\" alt=\"\" loading=\"lazy\"\/>\n    <!--==================================================== Why it works text ====================================================-->\n        <h3>Hidrata la piel. Difumina el brillo.  <\/h3>\n        <p>Su f\u00f3rmula hidratante enriquecida con vitamina E y \u00e9steres de jojoba ayuda a mejorar la textura y la elasticidad de la piel, d\u00e1ndole luminosidad. Su textura l\u00edquida se difumina suave y uniformemente sin dejar marcas, logrando un tono sonrojado natural.<\/p>\n<!--==================================================== Composition section ====================================================-->\n        <img decoding=\"async\" src=\"\" alt=\"\" loading=\"lazy\"\/>\n        <img decoding=\"async\" id=\"compImg_2\" src=\"\" alt=\"\" loading=\"lazy\"\/>\n                <!--==================================================== Directions text ====================================================--> \n                    <h3>Instrucciones de uso:<\/h3>\n                        \/ Agitar bien.  Mantener el producto a temperatura ambiente en todo momento.\n  \n                        <p>\/ Apretar suavemente el tubo para dispensar una peque\u00f1a cantidad de producto en el dorso de la mano. <\/p>\n                        <p>\/ Recoger el producto con una brocha o tus dedos y aplicar directamente en los p\u00f3mulos. <\/p>\n                        <p>\/ Difuminar suavemente en la piel con una brocha, las yemas de los dedos o una esponja.<\/p>\n                        <p>\/ Aplicar m\u00e1s capas seg\u00fan sea necesario para lograr un tono sonrojado m\u00e1s intenso.<\/p>\n                <!--==================================================== Directions video ====================================================-->\n    <p>MONAT Hydrating Liquid-Gel Cream Blush\u2122 <br \/>5:39<\/p>\n      <a href=\"\" target=\"_blank\" role=\"button\" aria-label=\"\" rel=\"noopener\"><\/a>\n    <!--==================================================== Ingredients section  ====================================================-->\n        <h2>INGREDIENTES CLAVE<\/h2>\n                    <img decoding=\"async\" alt=\"rejuveniqe icon\" src=\"https:\/\/monatglobal.com\/wp-content\/uploads\/2022\/11\/REJUVENIQES.svg\"\/> \n                    <p>REJUVENIQE S\u2122\t<\/p>\n                    <img decoding=\"async\" alt=\"Vitamin E icon\" src=\"https:\/\/monatglobal.com\/wp-content\/uploads\/2022\/09\/Vitamin-E.svg\"\/> \n                    <p>Vitamina E<\/p>\n                    <img decoding=\"async\" alt=\"Plant Derived Moisturizing Complex icon\" src=\"https:\/\/monatglobal.com\/wp-content\/uploads\/2023\/03\/Sodium-Hyaluronate.svg\"\/> \n                    <p>Hialuronato de sodio<\/p>\n        <button id=\"myBtn\" type=\"button\">LISTA DE INGREDIENTES<\/button>\n        <!--==================================================== Modal content  ====================================================-->\n            \u00d7\n            <p>Aqua\/Water\/Eau, Heptyl Undecylenate, Propanediol, Caprylic\/Capric Triglyceride, Polyglyceryl-4 Olivate\/Polyricinoleate, Capryloyl Glycerin\/Sebacic Acid Copolymer, Sorbitan Olivate, Cellulose, Dodecane, Diheptyl Succinate, Silica, Mica, Jojoba Esters, Ricinus Communis (Castor) Seed Oil, Butyrospermum Parkii (Shea) Butter, Hydrogenated Rapeseed Oil, Limnanthes Alba (Meadowfoam) Seed Oil, Crambe Abyssinica Seed Oil, Acacia Decurrens Flower Wax, Hydrogenated Castor Oil, Camellia Oleifera Seed Oil, Daucus Carota Sativa (Carrot) Seed Oil, Simmondsia Chinensis (Jojoba) Seed Extract, Magnesium Sulfate, Helianthus Annuus (Sunflower) Seed Wax, Sodium Hyaluronate, Solanum Lycopersicum (Tomato) Seed Oil, Adansonia Digitata Oil, Caryocar Brasiliense Fruit Oil, Polyhydroxystearic Acid, Triethyl Citrate, Disodium Stearoyl Glutamate, Citrus Aurantifolia (Lime) Oil, Citrus Aurantium Bergamia (Bergamot) Fruit Oil, Citrus Limon (Lemon) Peel Oil, Tocopheryl Acetate, Dilinoleic Acid\/Butanediol Copolymer, Citric Acid, Cocos Nucifera (Coconut) Oil, Gardenia Taitensis Flower Extract, Helianthus Annuus (Sunflower) Seed Oil, Polyglycerin-3, Castor Oil\/IPDI Copolymer, Mauritia Flexuosa Fruit Oil, Moringa Oleifera Seed Oil, Olea Europaea (Olive) Fruit Oil, Lecithin, Stearalkonium Bentonite, Coco-Caprylate\/Caprate, Barium Sulfate, Polyglyceryl-3 Diisostearate, Polyglyceryl-3 Polyricinoleate, Polyglyceryl-6 Polyricinoleate, Acacia Senegal Gum, Xanthan Gum, Sodium Benzoate, Potassium Sorbate, Tocopherol, May Contain (+\/-) Iron Oxides (CI 77491, CI 77492, CI 77499), Red 7 (CI 15850), Titanium Dioxide (CI 77891).<\/p>\n    <!--==================================================== You might also like section ====================================================-->\n        <h2>PUEDE QUE TAMBI\u00c9N TE GUSTE<\/h2>\n        <!--==================================================== Slider YOU MIGHT ALSO LIKE ====================================================-->\n        <!---->\n        <!--    -->\n                <!-- Slides products-->\n        <!--        -->\n        <!--            <a href=\"https:\/\/monatglobal.com\/es\/bb-creme\/\" aria-label=\"Go to MONAT BB Cream SPF 40\u2122 page\">-->\n        <!--                <img decoding=\"async\" src=\"https:\/\/monatglobal.com\/wp-content\/uploads\/2022\/08\/bb-cream-porcelain-ecomm.png\" alt=\"MONAT BB Cream SPF 40\u2122\" loading=\"lazy\"\/>-->\n        <!--                <p>MONAT BB Cream SPF 30\u2122<\/p>-->\n        <!--            <\/a>-->\n        <!--        -->\n        <!--        -->\n        <!--            <a href=\"https:\/\/monatglobal.com\/es\/makeup-mascara\/\" aria-label=\"Go to MONAT IR Clinical\u2122 Mascara page\">-->\n        <!--                <img decoding=\"async\" src=\"https:\/\/monatglobal.com\/wp-content\/uploads\/2023\/08\/ir_clinical_mascara_jetsetter_black-ecomm.png\" alt=\"MONAT IR Clinical\u2122 Mascara\" loading=\"lazy\"\/>-->\n        <!--                <p>MONAT IR Clinical\u2122 Mascara<\/p>-->\n        <!--            <\/a>-->\n        <!--        -->\n        <!--        -->\n        <!--            <a href=\"https:\/\/monatglobal.com\/es\/makeup-liquid-lipstick\/\" aria-label=\"Go to MONAT Liquid Lipstick\u2122 page\">-->\n        <!--                <img decoding=\"async\" src=\"https:\/\/monatglobal.com\/wp-content\/uploads\/2023\/08\/liquid_lipstick_goddess-ecomm-1.png\" alt=\"MONAT Liquid Lipstick\u2122\" loading=\"lazy\"\/>-->\n        <!--                <p>MONAT Liquid Lipstick\u2122<\/p>-->\n        <!--            <\/a>-->\n        <!--        -->\n        <!--    -->\n            <!-- If we need navigation buttons -->\n        <!--    -->\n        <!--    -->\n            <!-- If we need paginations -->\n        <!--    -->\n        <!---->\n         <!--==================================================== If we need navigation buttons  ====================================================-->\n         <!--==================================================== If we need paginations  ====================================================-->\n    <a href=\"\" aria-label=\"\"><\/a>\n<!--==================================================== this link has to go last for it to work   ====================================================-->\n\n","protected":false},"excerpt":{"rendered":"<p>NUEVO NUEVO MONAT Hydrating Liquid-Gel Cream Blush\u2122 Formulado con vitamina E y \u00e9steres de jojoba F\u00f3rmula ligera que brinda hidrataci\u00f3n y nutrici\u00f3n inmediata a la piel, aport\u00e1ndole un aspecto saludable. 10 ml e 0.34 fl. oz. Precio cliente00.00 \u20ac Precio cliente VIP00.00 \u20ac Para conocer m\u00e1s sobre MONAT Hydrating Liquid-Gel Cream Blush\u2122 , ponte en&hellip;<\/p>\n","protected":false},"author":31,"featured_media":83737,"parent":0,"menu_order":0,"comment_status":"closed","ping_status":"closed","template":"","meta":{"inline_featured_image":false,"om_disable_all_campaigns":false,"_monsterinsights_skip_tracking":false,"_monsterinsights_sitenote_active":false,"_monsterinsights_sitenote_note":"","_monsterinsights_sitenote_category":0,"footnotes":""},"categories":[31],"tags":[],"class_list":["post-83570","page","type-page","status-publish","has-post-thumbnail","hentry","category-product-es"],"aioseo_notices":[],"aioseo_head":"\n\t\t<!-- All in One SEO Pro 4.9.5.2 - aioseo.com -->\n\t<meta name=\"description\" content=\"NUEVO NUEVO MONAT Hydrating Liquid-Gel Cream Blush\u2122 Formulado con vitamina E y \u00e9steres de jojoba F\u00f3rmula ligera que brinda hidrataci\u00f3n y nutrici\u00f3n inmediata a la piel, aport\u00e1ndole un aspecto saludable. 10 ml e 0.34 fl. oz. Precio cliente00.00 \u20ac Precio cliente VIP00.00 \u20ac Para conocer m\u00e1s sobre MONAT Hydrating Liquid-Gel Cream Blush\u2122 , ponte en\" \/>\n\t<meta name=\"robots\" content=\"max-image-preview:large\" \/>\n\t<link rel=\"canonical\" href=\"https:\/\/monatglobal.com\/es\/makeup-liquid-blush\/\" \/>\n\t<meta name=\"generator\" content=\"All in One SEO Pro (AIOSEO) 4.9.5.2\" \/>\n\t\t<meta property=\"og:locale\" content=\"en_US\" \/>\n\t\t<meta property=\"og:site_name\" content=\"MONAT Espa\u00f1a - We Are Modern Nature\u00ae\" \/>\n\t\t<meta property=\"og:type\" content=\"article\" \/>\n\t\t<meta property=\"og:title\" content=\"Colorete l\u00edquido | Maquillaje MONAT | Liquid-Gel Cream Blush - MONAT Espa\u00f1a\" \/>\n\t\t<meta property=\"og:description\" content=\"NUEVO NUEVO MONAT Hydrating Liquid-Gel Cream Blush\u2122 Formulado con vitamina E y \u00e9steres de jojoba F\u00f3rmula ligera que brinda hidrataci\u00f3n y nutrici\u00f3n inmediata a la piel, aport\u00e1ndole un aspecto saludable. 10 ml e 0.34 fl. oz. Precio cliente00.00 \u20ac Precio cliente VIP00.00 \u20ac Para conocer m\u00e1s sobre MONAT Hydrating Liquid-Gel Cream Blush\u2122 , ponte en\" \/>\n\t\t<meta property=\"og:url\" content=\"https:\/\/monatglobal.com\/es\/makeup-liquid-blush\/\" \/>\n\t\t<meta property=\"article:published_time\" content=\"2023-08-16T21:31:00+00:00\" \/>\n\t\t<meta property=\"article:modified_time\" content=\"2026-02-09T16:51:28+00:00\" \/>\n\t\t<meta name=\"twitter:card\" content=\"summary_large_image\" \/>\n\t\t<meta name=\"twitter:title\" content=\"Colorete l\u00edquido | Maquillaje MONAT | Liquid-Gel Cream Blush - MONAT Espa\u00f1a\" \/>\n\t\t<meta name=\"twitter:description\" content=\"NUEVO NUEVO MONAT Hydrating Liquid-Gel Cream Blush\u2122 Formulado con vitamina E y \u00e9steres de jojoba F\u00f3rmula ligera que brinda hidrataci\u00f3n y nutrici\u00f3n inmediata a la piel, aport\u00e1ndole un aspecto saludable. 10 ml e 0.34 fl. oz. Precio cliente00.00 \u20ac Precio cliente VIP00.00 \u20ac Para conocer m\u00e1s sobre MONAT Hydrating Liquid-Gel Cream Blush\u2122 , ponte en\" \/>\n\t\t<script type=\"application\/ld+json\" class=\"aioseo-schema\">\n\t\t\t{\"@context\":\"https:\\\/\\\/schema.org\",\"@graph\":[{\"@type\":\"BreadcrumbList\",\"@id\":\"https:\\\/\\\/monatglobal.com\\\/es\\\/makeup-liquid-blush\\\/#breadcrumblist\",\"itemListElement\":[{\"@type\":\"ListItem\",\"@id\":\"https:\\\/\\\/monatglobal.com\\\/es#listItem\",\"position\":1,\"name\":\"Home\",\"item\":\"https:\\\/\\\/monatglobal.com\\\/es\",\"nextItem\":{\"@type\":\"ListItem\",\"@id\":\"https:\\\/\\\/monatglobal.com\\\/es\\\/makeup-liquid-blush\\\/#listItem\",\"name\":\"Colorete l\\u00edquido | Maquillaje MONAT | Liquid-Gel Cream Blush\"}},{\"@type\":\"ListItem\",\"@id\":\"https:\\\/\\\/monatglobal.com\\\/es\\\/makeup-liquid-blush\\\/#listItem\",\"position\":2,\"name\":\"Colorete l\\u00edquido | Maquillaje MONAT | Liquid-Gel Cream Blush\",\"previousItem\":{\"@type\":\"ListItem\",\"@id\":\"https:\\\/\\\/monatglobal.com\\\/es#listItem\",\"name\":\"Home\"}}]},{\"@type\":\"Organization\",\"@id\":\"https:\\\/\\\/monatglobal.com\\\/es\\\/#organization\",\"name\":\"MONAT Espa\\u00f1a\",\"description\":\"We Are Modern Nature\\u00ae\",\"url\":\"https:\\\/\\\/monatglobal.com\\\/es\\\/\"},{\"@type\":\"WebPage\",\"@id\":\"https:\\\/\\\/monatglobal.com\\\/es\\\/makeup-liquid-blush\\\/#webpage\",\"url\":\"https:\\\/\\\/monatglobal.com\\\/es\\\/makeup-liquid-blush\\\/\",\"name\":\"Colorete l\\u00edquido | Maquillaje MONAT | Liquid-Gel Cream Blush - MONAT Espa\\u00f1a\",\"description\":\"NUEVO NUEVO MONAT Hydrating Liquid-Gel Cream Blush\\u2122 Formulado con vitamina E y \\u00e9steres de jojoba F\\u00f3rmula ligera que brinda hidrataci\\u00f3n y nutrici\\u00f3n inmediata a la piel, aport\\u00e1ndole un aspecto saludable. 10 ml e 0.34 fl. oz. Precio cliente00.00 \\u20ac Precio cliente VIP00.00 \\u20ac Para conocer m\\u00e1s sobre MONAT Hydrating Liquid-Gel Cream Blush\\u2122 , ponte en\",\"inLanguage\":\"en-US\",\"isPartOf\":{\"@id\":\"https:\\\/\\\/monatglobal.com\\\/es\\\/#website\"},\"breadcrumb\":{\"@id\":\"https:\\\/\\\/monatglobal.com\\\/es\\\/makeup-liquid-blush\\\/#breadcrumblist\"},\"image\":{\"@type\":\"ImageObject\",\"url\":\"https:\\\/\\\/monatglobal.com\\\/es\\\/wp-content\\\/uploads\\\/sites\\\/10\\\/2023\\\/09\\\/hydrating_liquid_gel_cream_blush_peach-ecomm.png\",\"@id\":\"https:\\\/\\\/monatglobal.com\\\/es\\\/makeup-liquid-blush\\\/#mainImage\",\"width\":641,\"height\":800},\"primaryImageOfPage\":{\"@id\":\"https:\\\/\\\/monatglobal.com\\\/es\\\/makeup-liquid-blush\\\/#mainImage\"},\"datePublished\":\"2023-08-16T17:31:00+01:00\",\"dateModified\":\"2026-02-09T16:51:28+00:00\"},{\"@type\":\"WebSite\",\"@id\":\"https:\\\/\\\/monatglobal.com\\\/es\\\/#website\",\"url\":\"https:\\\/\\\/monatglobal.com\\\/es\\\/\",\"name\":\"MONAT Espa\\u00f1a\",\"description\":\"We Are Modern Nature\\u00ae\",\"inLanguage\":\"en-US\",\"publisher\":{\"@id\":\"https:\\\/\\\/monatglobal.com\\\/es\\\/#organization\"}}]}\n\t\t<\/script>\n\t\t<!-- All in One SEO Pro -->\r\n\t\t<title>Colorete l\u00edquido | Maquillaje MONAT | Liquid-Gel Cream Blush - MONAT Espa\u00f1a<\/title>\n\n","aioseo_head_json":{"title":"Colorete l\u00edquido | Maquillaje MONAT | Liquid-Gel Cream Blush - MONAT Espa\u00f1a","description":"NUEVO NUEVO MONAT Hydrating Liquid-Gel Cream Blush\u2122 Formulado con vitamina E y \u00e9steres de jojoba F\u00f3rmula ligera que brinda hidrataci\u00f3n y nutrici\u00f3n inmediata a la piel, aport\u00e1ndole un aspecto saludable. 10 ml e 0.34 fl. oz. Precio cliente00.00 \u20ac Precio cliente VIP00.00 \u20ac Para conocer m\u00e1s sobre MONAT Hydrating Liquid-Gel Cream Blush\u2122 , ponte en","canonical_url":"https:\/\/monatglobal.com\/es\/makeup-liquid-blush\/","robots":"max-image-preview:large","keywords":"","webmasterTools":{"miscellaneous":""},"schema":{"@context":"https:\/\/schema.org","@graph":[{"@type":"BreadcrumbList","@id":"https:\/\/monatglobal.com\/es\/makeup-liquid-blush\/#breadcrumblist","itemListElement":[{"@type":"ListItem","@id":"https:\/\/monatglobal.com\/es#listItem","position":1,"name":"Home","item":"https:\/\/monatglobal.com\/es","nextItem":{"@type":"ListItem","@id":"https:\/\/monatglobal.com\/es\/makeup-liquid-blush\/#listItem","name":"Colorete l\u00edquido | Maquillaje MONAT | Liquid-Gel Cream Blush"}},{"@type":"ListItem","@id":"https:\/\/monatglobal.com\/es\/makeup-liquid-blush\/#listItem","position":2,"name":"Colorete l\u00edquido | Maquillaje MONAT | Liquid-Gel Cream Blush","previousItem":{"@type":"ListItem","@id":"https:\/\/monatglobal.com\/es#listItem","name":"Home"}}]},{"@type":"Organization","@id":"https:\/\/monatglobal.com\/es\/#organization","name":"MONAT Espa\u00f1a","description":"We Are Modern Nature\u00ae","url":"https:\/\/monatglobal.com\/es\/"},{"@type":"WebPage","@id":"https:\/\/monatglobal.com\/es\/makeup-liquid-blush\/#webpage","url":"https:\/\/monatglobal.com\/es\/makeup-liquid-blush\/","name":"Colorete l\u00edquido | Maquillaje MONAT | Liquid-Gel Cream Blush - MONAT Espa\u00f1a","description":"NUEVO NUEVO MONAT Hydrating Liquid-Gel Cream Blush\u2122 Formulado con vitamina E y \u00e9steres de jojoba F\u00f3rmula ligera que brinda hidrataci\u00f3n y nutrici\u00f3n inmediata a la piel, aport\u00e1ndole un aspecto saludable. 10 ml e 0.34 fl. oz. Precio cliente00.00 \u20ac Precio cliente VIP00.00 \u20ac Para conocer m\u00e1s sobre MONAT Hydrating Liquid-Gel Cream Blush\u2122 , ponte en","inLanguage":"en-US","isPartOf":{"@id":"https:\/\/monatglobal.com\/es\/#website"},"breadcrumb":{"@id":"https:\/\/monatglobal.com\/es\/makeup-liquid-blush\/#breadcrumblist"},"image":{"@type":"ImageObject","url":"https:\/\/monatglobal.com\/es\/wp-content\/uploads\/sites\/10\/2023\/09\/hydrating_liquid_gel_cream_blush_peach-ecomm.png","@id":"https:\/\/monatglobal.com\/es\/makeup-liquid-blush\/#mainImage","width":641,"height":800},"primaryImageOfPage":{"@id":"https:\/\/monatglobal.com\/es\/makeup-liquid-blush\/#mainImage"},"datePublished":"2023-08-16T17:31:00+01:00","dateModified":"2026-02-09T16:51:28+00:00"},{"@type":"WebSite","@id":"https:\/\/monatglobal.com\/es\/#website","url":"https:\/\/monatglobal.com\/es\/","name":"MONAT Espa\u00f1a","description":"We Are Modern Nature\u00ae","inLanguage":"en-US","publisher":{"@id":"https:\/\/monatglobal.com\/es\/#organization"}}]},"og:locale":"en_US","og:site_name":"MONAT Espa\u00f1a - We Are Modern Nature\u00ae","og:type":"article","og:title":"Colorete l\u00edquido | Maquillaje MONAT | Liquid-Gel Cream Blush - MONAT Espa\u00f1a","og:description":"NUEVO NUEVO MONAT Hydrating Liquid-Gel Cream Blush\u2122 Formulado con vitamina E y \u00e9steres de jojoba F\u00f3rmula ligera que brinda hidrataci\u00f3n y nutrici\u00f3n inmediata a la piel, aport\u00e1ndole un aspecto saludable. 10 ml e 0.34 fl. oz. Precio cliente00.00 \u20ac Precio cliente VIP00.00 \u20ac Para conocer m\u00e1s sobre MONAT Hydrating Liquid-Gel Cream Blush\u2122 , ponte en","og:url":"https:\/\/monatglobal.com\/es\/makeup-liquid-blush\/","article:published_time":"2023-08-16T21:31:00+00:00","article:modified_time":"2026-02-09T16:51:28+00:00","twitter:card":"summary_large_image","twitter:title":"Colorete l\u00edquido | Maquillaje MONAT | Liquid-Gel Cream Blush - MONAT Espa\u00f1a","twitter:description":"NUEVO NUEVO MONAT Hydrating Liquid-Gel Cream Blush\u2122 Formulado con vitamina E y \u00e9steres de jojoba F\u00f3rmula ligera que brinda hidrataci\u00f3n y nutrici\u00f3n inmediata a la piel, aport\u00e1ndole un aspecto saludable. 10 ml e 0.34 fl. oz. Precio cliente00.00 \u20ac Precio cliente VIP00.00 \u20ac Para conocer m\u00e1s sobre MONAT Hydrating Liquid-Gel Cream Blush\u2122 , ponte en"},"aioseo_meta_data":{"post_id":"83570","title":null,"description":null,"keywords":[],"keyphrases":{"focus":{"keyphrase":"","score":0,"analysis":{"keyphraseInTitle":{"score":0,"maxScore":9,"error":1}}},"additional":[]},"primary_term":null,"canonical_url":null,"og_title":null,"og_description":null,"og_object_type":"default","og_image_type":"default","og_image_url":null,"og_image_width":null,"og_image_height":null,"og_image_custom_url":null,"og_image_custom_fields":null,"og_video":"","og_custom_url":null,"og_article_section":null,"og_article_tags":[],"twitter_use_og":false,"twitter_card":"default","twitter_image_type":"default","twitter_image_url":null,"twitter_image_custom_url":null,"twitter_image_custom_fields":null,"twitter_title":null,"twitter_description":null,"schema":{"blockGraphs":[],"customGraphs":[],"default":{"data":{"Article":[],"Course":[],"Dataset":[],"FAQPage":[],"Movie":[],"Person":[],"Product":[],"ProductReview":[],"Car":[],"Recipe":[],"Service":[],"SoftwareApplication":[],"WebPage":[]},"graphName":"WebPage","isEnabled":true},"graphs":[]},"schema_type":"default","schema_type_options":null,"pillar_content":false,"robots_default":true,"robots_noindex":false,"robots_noarchive":false,"robots_nosnippet":false,"robots_nofollow":false,"robots_noimageindex":false,"robots_noodp":false,"robots_notranslate":false,"robots_max_snippet":"-1","robots_max_videopreview":"-1","robots_max_imagepreview":"large","priority":null,"frequency":"default","local_seo":null,"seo_analyzer_scan_date":"2025-09-08 17:33:11","limit_modified_date":false,"reviewed_by":null,"open_ai":null,"ai":null,"created":"2023-08-30 13:03:55","updated":"2026-02-10 05:36:49"},"aioseo_breadcrumb":"<div class=\"aioseo-breadcrumbs\"><span class=\"aioseo-breadcrumb\">\n\t<a href=\"https:\/\/monatglobal.com\/es\" title=\"Home\">Home<\/a>\n<\/span><span class=\"aioseo-breadcrumb-separator\">&raquo;<\/span><span class=\"aioseo-breadcrumb\">\n\tColorete l\u00edquido | Maquillaje MONAT | Liquid-Gel Cream Blush\n<\/span><\/div>","aioseo_breadcrumb_json":[{"label":"Home","link":"https:\/\/monatglobal.com\/es"},{"label":"Colorete l\u00edquido | Maquillaje MONAT | Liquid-Gel Cream Blush","link":"https:\/\/monatglobal.com\/es\/makeup-liquid-blush\/"}],"_links":{"self":[{"href":"https:\/\/monatglobal.com\/es\/wp-json\/wp\/v2\/pages\/83570","targetHints":{"allow":["GET"]}}],"collection":[{"href":"https:\/\/monatglobal.com\/es\/wp-json\/wp\/v2\/pages"}],"about":[{"href":"https:\/\/monatglobal.com\/es\/wp-json\/wp\/v2\/types\/page"}],"author":[{"embeddable":true,"href":"https:\/\/monatglobal.com\/es\/wp-json\/wp\/v2\/users\/31"}],"replies":[{"embeddable":true,"href":"https:\/\/monatglobal.com\/es\/wp-json\/wp\/v2\/comments?post=83570"}],"version-history":[{"count":41,"href":"https:\/\/monatglobal.com\/es\/wp-json\/wp\/v2\/pages\/83570\/revisions"}],"predecessor-version":[{"id":109135,"href":"https:\/\/monatglobal.com\/es\/wp-json\/wp\/v2\/pages\/83570\/revisions\/109135"}],"wp:featuredmedia":[{"embeddable":true,"href":"https:\/\/monatglobal.com\/es\/wp-json\/wp\/v2\/media\/83737"}],"wp:attachment":[{"href":"https:\/\/monatglobal.com\/es\/wp-json\/wp\/v2\/media?parent=83570"}],"wp:term":[{"taxonomy":"category","embeddable":true,"href":"https:\/\/monatglobal.com\/es\/wp-json\/wp\/v2\/categories?post=83570"},{"taxonomy":"post_tag","embeddable":true,"href":"https:\/\/monatglobal.com\/es\/wp-json\/wp\/v2\/tags?post=83570"}],"curies":[{"name":"wp","href":"https:\/\/api.w.org\/{rel}","templated":true}]}}