{"id":8298,"date":"2016-01-21T16:53:42","date_gmt":"2016-01-21T21:53:42","guid":{"rendered":"https:\/\/monatglobal.com\/uk\/?page_id=8298"},"modified":"2026-02-23T21:27:44","modified_gmt":"2026-02-23T21:27:44","slug":"renew-shampoo","status":"publish","type":"page","link":"https:\/\/monatglobal.com\/es\/renew-shampoo\/","title":{"rendered":"Champ\u00fa Renew\u2122 | MONAT Productos para el cabello | Champ\u00fa Hidratante"},"content":{"rendered":"\n<link rel=\"stylesheet\" href=\"https:\/\/unpkg.com\/swiper\/swiper-bundle.min.css\">\n<link rel=\"stylesheet\" href=\"https:\/\/monatglobal.com\/wp-content\/creative_css\/product_styles_sheet.css\"> \n   <!--==================================================== ECOMM SECTION ====================================================--> \n    <p>M\u00c1S VENDIDOS<\/p>\n      <!--==================================================== Ecomm image ====================================================-->\n      <img decoding=\"async\" src=\"https:\/\/monatglobal.com\/wp-content\/uploads\/2022\/06\/renew-shampoo-e-comm.png\" alt=\"Renew Shampoo\">\n      <!--==================================================== Ecomm information  ====================================================-->\n          \n          <p>M\u00c1S VENDIDOS<\/p>\n         <h1>Champ\u00fa<br>Renew\u2122<\/h1>\n         <p>con REJUVENIQE<sup>\u00ae<\/sup><\/p>\n         <p>Su f\u00f3rmula mejorada limpia suavemente a la vez que nutre y alimenta el cabello seco con una densidad de media&nbsp;a&nbsp;gruesa.<\/p>\n         <p>237 ml \u212e 8 fl. oz.<\/p> \n         <p>Precio de venta Cliente<br>00.00 \u20ac<\/p>\n         <p>Precio Cliente VIP<br>00.00 \u20ac<\/p>\n         <p>Para conocer m\u00e1s sobre Champ\u00fa Renew\u2122, ponte en contacto con tu Market Partner de&nbsp;MONAT.<\/p>\n          <a href=\"\" target=\"_blank\" role=\"button\" aria-label=\"\" rel=\"noopener\"><\/a>\n   <!--==================================================== \/ECOMM SECTION  ====================================================-->\n   <!--==================================================== Benefits image ====================================================-->\n   \n      <source media=\"(max-width: 700px)\" srcset=\"https:\/\/monatglobal.com\/wp-content\/uploads\/2022\/06\/renew-shampoo-benefits-mobile.jpg\">\n      <img decoding=\"async\" alt=\"A blonde female smiling and wearing a purple blouse.\" src=\"https:\/\/monatglobal.com\/wp-content\/uploads\/2022\/06\/renew-shampoo-benefits.jpg\">\n   \n   <!--==================================================== Benefits text ====================================================-->\n         <h2>BENEFICIOS<\/h2>\n         <h3>Transforma tu cabello con esta nueva f\u00f3rmula revitalizada que limpia suavemente a la vez que hidrata, nutre y restaura las hebras secas.&nbsp;<\/h3>\n         <p>Desenreda f\u00e1cilmente y mejora su manejabilidad para conseguir un cabello suave, brillante y lleno de vitalidad. &nbsp;<\/p>\n         <!--==================================================== features image  ====================================================-->\n         <img decoding=\"async\" alt=\"Renew Shampoo on a beige surface, sitting next to lemon slices, an orange slice, cranberry seeds, and a white flower.\" src=\"https:\/\/monatglobal.com\/wp-content\/uploads\/2022\/06\/renew-shampoo-features.jpg\">\n      <!--==================================================== features text ====================================================-->\n            <h3>Caracter\u00edsticas<\/h3>\n               <p>\/ Limpia suavemente sin maltratar el cabello*<\/p>\n               <p>\/ Hidrata y ayuda a retener la humedad*<\/p>\n               <p>\/ Mejora el deslizamiento, facilita el desenredado y hace que el cabello sea m\u00e1s f\u00e1cil de manejar*<\/p>\n               <p>\/ Deja el cabello suave y brillante*<\/p>\n               <p>* Basado en una prueba de percepci\u00f3n de 7 d\u00edas con 51 participantes, realizado por un laboratorio independiente.<\/p>\n               <br>\n            <p>Fragancia \/ Un aroma floral y herb\u00e1ceo con notas de jazm\u00edn, lim\u00f3n Meyer, neroli y t\u00e9 verde.<\/p>\n            <p> Textura \/ Crema<\/p>\n   <!--==================================================== composition image mobile ====================================================-->\n   <img decoding=\"async\" alt=\"Renew Shampoo and Restore Leave-In Conditioner on a marble surface, next to a white towel.\" src=\"https:\/\/monatglobal.com\/wp-content\/uploads\/2022\/06\/renew-shampoo-comp1.jpg\">\n   <!--==================================================== Why it works text ====================================================-->\n      <h2>Hidrataci\u00f3n de lujo. Brillo m\u00e1ximo.&nbsp;<\/h2>\n      <h3>Con un lujoso complejo hidratante y una mezcla vegana de superalimentos, esta f\u00f3rmula mejorada hidrata el cabello y el cuero cabelludo, combate la sequedad y deja el cabello suave,&nbsp;flexible, nutrido y revitalizado.<\/h3>\n      <p>Designed for medium to thick hair delivers our exclusive REJUVENIQE\u00ae oil blend, omega-fatty acids, and pea extract for healthier-looking&nbsp;strands. <\/p>\n<!--==================================================== Composition section ====================================================-->\n      <img decoding=\"async\" alt=\"Renew Shampoo and Restore Leave-In Conditioner on a marble surface, next to a white towel.\" src=\"https:\/\/monatglobal.com\/wp-content\/uploads\/2022\/06\/renew-shampoo-comp1.jpg\">\n      <img decoding=\"async\" alt=\"A blonde female smiling, overlapping a photo of a texture shot of Renew Shampoo.\" src=\"https:\/\/monatglobal.com\/wp-content\/uploads\/2022\/06\/renew-shampoo-comp3.jpg\">\n            <!--==================================================== Directions text ====================================================--> \n               <h3>Instrucciones<\/h3>\n               <p>\/ Aplicar sobre el cabello mojado.&nbsp;<\/p>\n               <p>\/ Masajear para crear espuma entre 1 y 2&nbsp;minutos.<\/p>\n               <p>\/ Aclarar y&nbsp;repetir.<\/p>\n               <p>\/ Continuar con el Acondicionador Renew\u2122 o con la Mascarilla Replenish\u2122 y el Acondicionador sin aclarado&nbsp;Restore\u2122.<\/p>\n            <!--==================================================== Directions video ====================================================--> \n      <p>Damage Repair <br>Bond-Fortifying Hair Leave-In Cr\u00e8me  <br>1:28<\/p>\n      <a href=\"\" target=\"_blank\" role=\"button\" aria-label=\"\" rel=\"noopener\"><\/a>\n   <!--==================================================== Ingredients section  ====================================================-->\n      <h2>INGREDIENTES CLAVE<\/h2>\n               <p>REJUVENIQE<sup>\u00ae<\/sup><\/p>\n               <p>CAPIXYL<sup>\u00ae<\/sup><\/p>\n               <p>Extracto de guisante<\/p>\n\t\t<img decoding=\"async\" alt=\"Vitamin E icon\" src=\"https:\/\/monatglobal.com\/wp-content\/uploads\/2023\/11\/Moisture-Complex.svg\">\n\t   <p>Complejo hidratante<\/p>\n        <button id=\"myBtn\" type=\"button\">LISTA DE INGREDIENTES<\/button>\n      <!--==================================================== Modal content  ====================================================-->\n         \u00d7\n         <p>Aqua\/Water\/Eau, Sodium C14-16 Olefin Sulfonate, Lauramidopropyl Betaine, Sodium Cocoamphoacetate, Sodium Methyl Cocoyl Taurate, Sodium Chloride, Fragrance\/Parfum, Cocamidopropyl Hydroxysultaine, Guar Hydroxypropyltrimonium Chloride, Stearyldimoniumhydroxypropyl Laurylglucosides Chloride, Pisum Sativum (Pea) Extract, Pisum Sativum (Pea) Seed Extract, Acetyl Tetrapeptide-3, Trifolium Pratense (Clover) Flower Extract, Limnanthes Alba (Meadowfoam) Seed Oil, Crambe Abyssinica Seed Oil, Camellia Oleifera Seed Oil, Solanum Lycopersicum (Tomato) Seed Oil, Daucus Carota Sativa (Carrot) Seed Oil, Citrus Limon (Lemon) Peel Oil, Citrus Aurantifolia (Lime) Oil, Citrus Aurantium Bergamia (Bergamot) Fruit Oil, Adansonia Digitata Oil, Mauritia Flexuosa Fruit Oil, Cocos Nucifera (Coconut) Oil, Gardenia Taitensis Flower Extract, Moringa Oleifera Seed Oil, Caryocar Brasiliense Fruit Oil, Helianthus Annuus (Sunflower) Seed Oil, Glycerin, Hydrolyzed Quinoa, Dextran, Citric Acid, Sodium Hydroxide, Propanediol, Glycol Distearate, Sodium Hydroxypropylphosphate Decylglucoside Crosspolymer, Sodium Stearoyl Lactylate, Butylene Glycol, Propylene Glycol, Amodimethicone, Trideceth-12, Sodium Hyaluronate, Cetrimonium Chloride, Benzoic Acid, Sodium Benzoate, Cinnamidopropyltrimonium Chloride, Caprylyl Glycol, Caprylhydroxamic Acid, Sodium Gluconate, Coconut Acid, Lauramidopropyl Dimethylamine, Panthenol, 1,2-Hexanediol, Methylpropanediol, Ethylhexylglycerin, Benzyl Alcohol, Potassium Sorbate, Citronellol, Hexyl Cinnamal, Limonene.<\/p>\n   <!--==================================================== You might also like section ====================================================-->\n      <h2>PUEDE QUE TAMBI\u00c9N TE GUSTE\n<\/h2>\n      <!--==================================================== Slider YOU MIGHT ALSO LIKE ====================================================-->\n      <!---->\n      <!--   -->\n            <!--==================================================== Slides products ====================================================-->\n      <!--      -->\n      <!--         <a href=\"\/es\/renew-conditioner\/\" target=\"_blank\" aria-label=\"Go to Restore Leave-In Conditioner page\" rel=\"noopener\">-->\n      <!--            <img decoding=\"async\" src=\"https:\/\/monatglobal.com\/es\/wp-content\/uploads\/sites\/10\/2024\/05\/renew-conditioner-ecomm-min.png\" alt=\"Restore Leave-In Conditioner\"\/>-->\n      <!--            <p>Acondicionador Renew\u2122<br \/><\/p>-->\n      <!--         <\/a>-->\n      <!--      -->\n      <!--      -->\n      <!--         <a href=\"\/es\/replenish-masque\/\" target=\"_blank\" aria-label=\"Go to Replenish Masque page\" rel=\"noopener\">-->\n      <!--            <img decoding=\"async\" src=\"https:\/\/monatglobal.com\/wp-content\/uploads\/2022\/12\/replenish-masque-e-comm-min.png\" alt=\"Replenish Masque\"\/>-->\n      <!--            <p>Mascarilla Replenish\u2122<\/p>-->\n      <!--         <\/a>-->\n      <!--      -->\n      <!--      -->\n      <!--         <a href=\"https:\/\/monatglobal.com\/es\/restore-leave-in-conditioner\/\" aria-label=\"Go to REJUVENIQE\u00ae page\">-->\n      <!--            <img decoding=\"async\" src=\"https:\/\/monatglobal.com\/wp-content\/uploads\/2022\/12\/RESTORE-LEAVE-IN-CONDITIONER-ecomm-min.png\" alt=\"REJUVENIQE\u00ae\"\/>-->\n      <!--            <p>Acondicionador sin aclarado Restore\u2122<\/p>-->\n      <!--         <\/a>-->\n      <!--      -->\n      <!--   -->\n         <!--==================================================== If we need navigation buttons  ====================================================-->\n      <!--   -->\n      <!--   -->\n         <!--==================================================== If we need paginations  ====================================================-->\n      <!--   -->\n      <!---->\n         <!--==================================================== If we need navigation buttons  ====================================================-->\n         <!--==================================================== If we need paginations  ====================================================-->\n    <a href=\"\" aria-label=\"\"><\/a>\n<!--==================================================== this link has to go last for it to work   ====================================================-->\n","protected":false},"excerpt":{"rendered":"<p>M\u00c1S VENDIDOS M\u00c1S VENDIDOS Champ\u00faRenew\u2122 con REJUVENIQE\u00ae Su f\u00f3rmula mejorada limpia suavemente a la vez que nutre y alimenta el cabello seco con una densidad de media&nbsp;a&nbsp;gruesa. 237 ml \u212e 8 fl. oz. Precio de venta Cliente00.00 \u20ac Precio Cliente VIP00.00 \u20ac Para conocer m\u00e1s sobre Champ\u00fa Renew\u2122, ponte en contacto con tu Market Partner&hellip;<\/p>\n","protected":false},"author":31,"featured_media":109198,"parent":0,"menu_order":0,"comment_status":"closed","ping_status":"closed","template":"","meta":{"inline_featured_image":false,"om_disable_all_campaigns":false,"_monsterinsights_skip_tracking":false,"_monsterinsights_sitenote_active":false,"_monsterinsights_sitenote_note":"","_monsterinsights_sitenote_category":0,"footnotes":""},"categories":[31],"tags":[],"class_list":["post-8298","page","type-page","status-publish","has-post-thumbnail","hentry","category-product-es"],"aioseo_notices":[],"aioseo_head":"\n\t\t<!-- All in One SEO Pro 4.9.5.2 - aioseo.com -->\n\t<meta name=\"description\" content=\"Revitaliza el cabello seco y da\u00f1ado con el Champ\u00fa Renew\u2122. Limpia suavemente, repone la hidrataci\u00f3n, mejora su manejabilidad y aporta brillo para conseguir un cabello suave, liso y sano.\" \/>\n\t<meta name=\"robots\" content=\"max-image-preview:large\" \/>\n\t<link rel=\"canonical\" href=\"https:\/\/monatglobal.com\/es\/renew-shampoo\/\" \/>\n\t<meta name=\"generator\" content=\"All in One SEO Pro (AIOSEO) 4.9.5.2\" \/>\n\t\t<meta property=\"og:locale\" content=\"en_US\" \/>\n\t\t<meta property=\"og:site_name\" content=\"MONAT Espa\u00f1a - We Are Modern Nature\u00ae\" \/>\n\t\t<meta property=\"og:type\" content=\"article\" \/>\n\t\t<meta property=\"og:title\" content=\"Champ\u00fa Renew\u2122 | MONAT Productos para el cabello | Champ\u00fa Hidratante\" \/>\n\t\t<meta property=\"og:description\" content=\"Revitaliza el cabello seco y da\u00f1ado con el Champ\u00fa Renew\u2122. Limpia suavemente, repone la hidrataci\u00f3n, mejora su manejabilidad y aporta brillo para conseguir un cabello suave, liso y sano.\" \/>\n\t\t<meta property=\"og:url\" content=\"https:\/\/monatglobal.com\/es\/renew-shampoo\/\" \/>\n\t\t<meta property=\"article:published_time\" content=\"2016-01-21T21:53:42+00:00\" \/>\n\t\t<meta property=\"article:modified_time\" content=\"2026-02-23T21:27:44+00:00\" \/>\n\t\t<meta name=\"twitter:card\" content=\"summary_large_image\" \/>\n\t\t<meta name=\"twitter:title\" content=\"Champ\u00fa Renew\u2122 | MONAT Productos para el cabello | Champ\u00fa Hidratante\" \/>\n\t\t<meta name=\"twitter:description\" content=\"Revitaliza el cabello seco y da\u00f1ado con el Champ\u00fa Renew\u2122. Limpia suavemente, repone la hidrataci\u00f3n, mejora su manejabilidad y aporta brillo para conseguir un cabello suave, liso y sano.\" \/>\n\t\t<script type=\"application\/ld+json\" class=\"aioseo-schema\">\n\t\t\t{\"@context\":\"https:\\\/\\\/schema.org\",\"@graph\":[{\"@type\":\"BreadcrumbList\",\"@id\":\"https:\\\/\\\/monatglobal.com\\\/es\\\/renew-shampoo\\\/#breadcrumblist\",\"itemListElement\":[{\"@type\":\"ListItem\",\"@id\":\"https:\\\/\\\/monatglobal.com\\\/es#listItem\",\"position\":1,\"name\":\"Home\",\"item\":\"https:\\\/\\\/monatglobal.com\\\/es\",\"nextItem\":{\"@type\":\"ListItem\",\"@id\":\"https:\\\/\\\/monatglobal.com\\\/es\\\/renew-shampoo\\\/#listItem\",\"name\":\"Champ\\u00fa Renew\\u2122 | MONAT Productos para el cabello | Champ\\u00fa Hidratante\"}},{\"@type\":\"ListItem\",\"@id\":\"https:\\\/\\\/monatglobal.com\\\/es\\\/renew-shampoo\\\/#listItem\",\"position\":2,\"name\":\"Champ\\u00fa Renew\\u2122 | MONAT Productos para el cabello | Champ\\u00fa Hidratante\",\"previousItem\":{\"@type\":\"ListItem\",\"@id\":\"https:\\\/\\\/monatglobal.com\\\/es#listItem\",\"name\":\"Home\"}}]},{\"@type\":\"Organization\",\"@id\":\"https:\\\/\\\/monatglobal.com\\\/es\\\/#organization\",\"name\":\"MONAT Espa\\u00f1a\",\"description\":\"We Are Modern Nature\\u00ae\",\"url\":\"https:\\\/\\\/monatglobal.com\\\/es\\\/\"},{\"@type\":\"WebPage\",\"@id\":\"https:\\\/\\\/monatglobal.com\\\/es\\\/renew-shampoo\\\/#webpage\",\"url\":\"https:\\\/\\\/monatglobal.com\\\/es\\\/renew-shampoo\\\/\",\"name\":\"Champ\\u00fa Renew\\u2122 | MONAT Productos para el cabello | Champ\\u00fa Hidratante\",\"description\":\"Revitaliza el cabello seco y da\\u00f1ado con el Champ\\u00fa Renew\\u2122. Limpia suavemente, repone la hidrataci\\u00f3n, mejora su manejabilidad y aporta brillo para conseguir un cabello suave, liso y sano.\",\"inLanguage\":\"en-US\",\"isPartOf\":{\"@id\":\"https:\\\/\\\/monatglobal.com\\\/es\\\/#website\"},\"breadcrumb\":{\"@id\":\"https:\\\/\\\/monatglobal.com\\\/es\\\/renew-shampoo\\\/#breadcrumblist\"},\"image\":{\"@type\":\"ImageObject\",\"url\":\"https:\\\/\\\/monatglobal.com\\\/es\\\/wp-content\\\/uploads\\\/sites\\\/10\\\/2026\\\/02\\\/RENEW-SHAMPOO-500x438-1.png\",\"@id\":\"https:\\\/\\\/monatglobal.com\\\/es\\\/renew-shampoo\\\/#mainImage\",\"width\":438,\"height\":500},\"primaryImageOfPage\":{\"@id\":\"https:\\\/\\\/monatglobal.com\\\/es\\\/renew-shampoo\\\/#mainImage\"},\"datePublished\":\"2016-01-21T16:53:42+00:00\",\"dateModified\":\"2026-02-23T21:27:44+00:00\"},{\"@type\":\"WebSite\",\"@id\":\"https:\\\/\\\/monatglobal.com\\\/es\\\/#website\",\"url\":\"https:\\\/\\\/monatglobal.com\\\/es\\\/\",\"name\":\"MONAT Espa\\u00f1a\",\"description\":\"We Are Modern Nature\\u00ae\",\"inLanguage\":\"en-US\",\"publisher\":{\"@id\":\"https:\\\/\\\/monatglobal.com\\\/es\\\/#organization\"}}]}\n\t\t<\/script>\n\t\t<!-- All in One SEO Pro -->\r\n\t\t<title>Champ\u00fa Renew\u2122 | MONAT Productos para el cabello | Champ\u00fa Hidratante<\/title>\n\n","aioseo_head_json":{"title":"Champ\u00fa Renew\u2122 | MONAT Productos para el cabello | Champ\u00fa Hidratante","description":"Revitaliza el cabello seco y da\u00f1ado con el Champ\u00fa Renew\u2122. Limpia suavemente, repone la hidrataci\u00f3n, mejora su manejabilidad y aporta brillo para conseguir un cabello suave, liso y sano.","canonical_url":"https:\/\/monatglobal.com\/es\/renew-shampoo\/","robots":"max-image-preview:large","keywords":"","webmasterTools":{"miscellaneous":""},"schema":{"@context":"https:\/\/schema.org","@graph":[{"@type":"BreadcrumbList","@id":"https:\/\/monatglobal.com\/es\/renew-shampoo\/#breadcrumblist","itemListElement":[{"@type":"ListItem","@id":"https:\/\/monatglobal.com\/es#listItem","position":1,"name":"Home","item":"https:\/\/monatglobal.com\/es","nextItem":{"@type":"ListItem","@id":"https:\/\/monatglobal.com\/es\/renew-shampoo\/#listItem","name":"Champ\u00fa Renew\u2122 | MONAT Productos para el cabello | Champ\u00fa Hidratante"}},{"@type":"ListItem","@id":"https:\/\/monatglobal.com\/es\/renew-shampoo\/#listItem","position":2,"name":"Champ\u00fa Renew\u2122 | MONAT Productos para el cabello | Champ\u00fa Hidratante","previousItem":{"@type":"ListItem","@id":"https:\/\/monatglobal.com\/es#listItem","name":"Home"}}]},{"@type":"Organization","@id":"https:\/\/monatglobal.com\/es\/#organization","name":"MONAT Espa\u00f1a","description":"We Are Modern Nature\u00ae","url":"https:\/\/monatglobal.com\/es\/"},{"@type":"WebPage","@id":"https:\/\/monatglobal.com\/es\/renew-shampoo\/#webpage","url":"https:\/\/monatglobal.com\/es\/renew-shampoo\/","name":"Champ\u00fa Renew\u2122 | MONAT Productos para el cabello | Champ\u00fa Hidratante","description":"Revitaliza el cabello seco y da\u00f1ado con el Champ\u00fa Renew\u2122. Limpia suavemente, repone la hidrataci\u00f3n, mejora su manejabilidad y aporta brillo para conseguir un cabello suave, liso y sano.","inLanguage":"en-US","isPartOf":{"@id":"https:\/\/monatglobal.com\/es\/#website"},"breadcrumb":{"@id":"https:\/\/monatglobal.com\/es\/renew-shampoo\/#breadcrumblist"},"image":{"@type":"ImageObject","url":"https:\/\/monatglobal.com\/es\/wp-content\/uploads\/sites\/10\/2026\/02\/RENEW-SHAMPOO-500x438-1.png","@id":"https:\/\/monatglobal.com\/es\/renew-shampoo\/#mainImage","width":438,"height":500},"primaryImageOfPage":{"@id":"https:\/\/monatglobal.com\/es\/renew-shampoo\/#mainImage"},"datePublished":"2016-01-21T16:53:42+00:00","dateModified":"2026-02-23T21:27:44+00:00"},{"@type":"WebSite","@id":"https:\/\/monatglobal.com\/es\/#website","url":"https:\/\/monatglobal.com\/es\/","name":"MONAT Espa\u00f1a","description":"We Are Modern Nature\u00ae","inLanguage":"en-US","publisher":{"@id":"https:\/\/monatglobal.com\/es\/#organization"}}]},"og:locale":"en_US","og:site_name":"MONAT Espa\u00f1a - We Are Modern Nature\u00ae","og:type":"article","og:title":"Champ\u00fa Renew\u2122 | MONAT Productos para el cabello | Champ\u00fa Hidratante","og:description":"Revitaliza el cabello seco y da\u00f1ado con el Champ\u00fa Renew\u2122. Limpia suavemente, repone la hidrataci\u00f3n, mejora su manejabilidad y aporta brillo para conseguir un cabello suave, liso y sano.","og:url":"https:\/\/monatglobal.com\/es\/renew-shampoo\/","article:published_time":"2016-01-21T21:53:42+00:00","article:modified_time":"2026-02-23T21:27:44+00:00","twitter:card":"summary_large_image","twitter:title":"Champ\u00fa Renew\u2122 | MONAT Productos para el cabello | Champ\u00fa Hidratante","twitter:description":"Revitaliza el cabello seco y da\u00f1ado con el Champ\u00fa Renew\u2122. Limpia suavemente, repone la hidrataci\u00f3n, mejora su manejabilidad y aporta brillo para conseguir un cabello suave, liso y sano."},"aioseo_meta_data":{"post_id":"8298","title":"Champ\u00fa Renew\u2122 | MONAT Productos para el cabello | Champ\u00fa Hidratante","description":"Revitaliza el cabello seco y da\u00f1ado con el Champ\u00fa Renew\u2122. Limpia suavemente, repone la hidrataci\u00f3n, mejora su manejabilidad y aporta brillo para conseguir un cabello suave, liso y sano.","keywords":null,"keyphrases":{"focus":{"keyphrase":"","score":0,"analysis":{"keyphraseInTitle":{"score":0,"maxScore":9,"error":1}}},"additional":[]},"primary_term":null,"canonical_url":null,"og_title":null,"og_description":null,"og_object_type":"default","og_image_type":"default","og_image_url":null,"og_image_width":null,"og_image_height":null,"og_image_custom_url":null,"og_image_custom_fields":null,"og_video":"","og_custom_url":null,"og_article_section":null,"og_article_tags":null,"twitter_use_og":false,"twitter_card":"default","twitter_image_type":"default","twitter_image_url":null,"twitter_image_custom_url":null,"twitter_image_custom_fields":null,"twitter_title":null,"twitter_description":null,"schema":{"blockGraphs":[],"customGraphs":[],"default":{"data":{"Article":[],"Course":[],"Dataset":[],"FAQPage":[],"Movie":[],"Person":[],"Product":[],"ProductReview":[],"Car":[],"Recipe":[],"Service":[],"SoftwareApplication":[],"WebPage":[]},"graphName":"WebPage","isEnabled":true},"graphs":[]},"schema_type":"default","schema_type_options":null,"pillar_content":false,"robots_default":true,"robots_noindex":false,"robots_noarchive":false,"robots_nosnippet":false,"robots_nofollow":false,"robots_noimageindex":false,"robots_noodp":false,"robots_notranslate":false,"robots_max_snippet":"-1","robots_max_videopreview":"-1","robots_max_imagepreview":"large","priority":null,"frequency":"default","local_seo":null,"seo_analyzer_scan_date":"2026-02-23 21:28:43","limit_modified_date":false,"reviewed_by":"0","open_ai":null,"ai":{"faqs":[],"keyPoints":[],"titles":[],"descriptions":[],"socialPosts":{"email":[],"linkedin":[],"twitter":[],"facebook":[],"instagram":[]}},"created":"2023-07-26 09:13:11","updated":"2026-02-23 21:29:40"},"aioseo_breadcrumb":"<div class=\"aioseo-breadcrumbs\"><span class=\"aioseo-breadcrumb\">\n\t<a href=\"https:\/\/monatglobal.com\/es\" title=\"Home\">Home<\/a>\n<\/span><span class=\"aioseo-breadcrumb-separator\">&raquo;<\/span><span class=\"aioseo-breadcrumb\">\n\tChamp\u00fa Renew\u2122 | MONAT Productos para el cabello | Champ\u00fa Hidratante\n<\/span><\/div>","aioseo_breadcrumb_json":[{"label":"Home","link":"https:\/\/monatglobal.com\/es"},{"label":"Champ\u00fa Renew\u2122 | MONAT Productos para el cabello | Champ\u00fa Hidratante","link":"https:\/\/monatglobal.com\/es\/renew-shampoo\/"}],"_links":{"self":[{"href":"https:\/\/monatglobal.com\/es\/wp-json\/wp\/v2\/pages\/8298","targetHints":{"allow":["GET"]}}],"collection":[{"href":"https:\/\/monatglobal.com\/es\/wp-json\/wp\/v2\/pages"}],"about":[{"href":"https:\/\/monatglobal.com\/es\/wp-json\/wp\/v2\/types\/page"}],"author":[{"embeddable":true,"href":"https:\/\/monatglobal.com\/es\/wp-json\/wp\/v2\/users\/31"}],"replies":[{"embeddable":true,"href":"https:\/\/monatglobal.com\/es\/wp-json\/wp\/v2\/comments?post=8298"}],"version-history":[{"count":42,"href":"https:\/\/monatglobal.com\/es\/wp-json\/wp\/v2\/pages\/8298\/revisions"}],"predecessor-version":[{"id":109199,"href":"https:\/\/monatglobal.com\/es\/wp-json\/wp\/v2\/pages\/8298\/revisions\/109199"}],"wp:featuredmedia":[{"embeddable":true,"href":"https:\/\/monatglobal.com\/es\/wp-json\/wp\/v2\/media\/109198"}],"wp:attachment":[{"href":"https:\/\/monatglobal.com\/es\/wp-json\/wp\/v2\/media?parent=8298"}],"wp:term":[{"taxonomy":"category","embeddable":true,"href":"https:\/\/monatglobal.com\/es\/wp-json\/wp\/v2\/categories?post=8298"},{"taxonomy":"post_tag","embeddable":true,"href":"https:\/\/monatglobal.com\/es\/wp-json\/wp\/v2\/tags?post=8298"}],"curies":[{"name":"wp","href":"https:\/\/api.w.org\/{rel}","templated":true}]}}