{"id":8018,"date":"2016-01-13T18:54:35","date_gmt":"2016-01-13T18:54:35","guid":{"rendered":"https:\/\/monatglobal.com\/uk\/?page_id=8018"},"modified":"2026-02-23T20:04:52","modified_gmt":"2026-02-23T20:04:52","slug":"rejuveniqe-oil","status":"publish","type":"page","link":"https:\/\/monatglobal.com\/es\/rejuveniqe-oil\/","title":{"rendered":"REJUVENIQE\u00ae"},"content":{"rendered":"\n<link rel=\"stylesheet\" href=\"https:\/\/unpkg.com\/swiper\/swiper-bundle.min.css\">\n<link rel=\"stylesheet\" href=\"https:\/\/monatglobal.com\/wp-content\/creative_css\/product_styles_sheet.css\">\n  <!--==================================================== ECOMM SECTION ====================================================-->\n   <p>M\u00c1S VENDIDOS<\/p>\n    <!--==================================================== Ecomm image ====================================================-->\n    <img decoding=\"async\" src=\"https:\/\/monatglobal.com\/es\/wp-content\/uploads\/sites\/10\/2021\/10\/rejuveniqe_2021-ecomm.png\" alt=\"MONAT REJUVENIQE\u00ae \" loading=\"lazy\">\n      <!--==================================================== Ecomm information  ====================================================-->\n       NUEVO\n        <p>M\u00c1S VENDIDOS<\/p>\n       \n       <h1>Rejuveniqe<sup>\u00ae<\/sup> <\/h1>\n       \n       <p>Una mezcla patentada de m\u00e1s de 13 plantas y aceites esenciales para el cabello y la&nbsp;piel. <\/p>\n       <p>30 ml \u212e 1.0 fl.oz.<\/p>\n    <!--==================================================== pricing box  ====================================================-->\n               <p>Precio cliente<br>00.00 \u20ac<\/p>\n               <p>Precio cliente VIP<br>00.00 \u20ac<\/p>\n    <!--==================================================== pricing box  ====================================================-->\n     <p>Para conocer m\u00e1s sobre Rejuveniqe<sup>\u00ae<\/sup>, ponte en contacto con tu Market Partner de&nbsp;MONAT.<\/p>\n          <a href=\"\" target=\"_blank\" role=\"button\" aria-label=\"\" rel=\"noopener\"><\/a>\n<!--==================================================== \/ECOMM SECTION  ====================================================-->\n  <!--==================================================== Benefits image ====================================================-->\n  \n    <source media=\"(max-width: 700px)\" srcset=\"https:\/\/monatglobal.com\/es\/wp-content\/uploads\/sites\/10\/2021\/10\/rejuveniqe-benefits_mobile.jpg\" loading=\"lazy\">\n      <img decoding=\"async\" src=\"https:\/\/monatglobal.com\/nz\/wp-content\/uploads\/sites\/15\/2022\/10\/Rejuvenique-benefits-2021.jpg\" alt=\"* * * TBD-update text * * *\" loading=\"lazy\">\n    \n    <!--==================================================== Benefits text ====================================================-->\n       <h2>BENEFICIOS<\/h2>\n       <h3>Este aceite multiusos para el cabello y la piel fortalece el cabello*, mejora la luminosidad**, reduce el encrespamiento** e hidrata la&nbsp;piel**.<\/h3>\n          *Basado en un estudio de rotura del cabello estad\u00edsticamente significativo que eval\u00faa la reducci\u00f3n de las fibras rotas causadas por el peinado y cepillado&nbsp;repetitivo. <br>\n          **Basado en pruebas instrumentales realizadas por un laboratorio&nbsp;externo.\n     <!--==================================================== features image  ====================================================-->\n     <img decoding=\"async\" src=\"https:\/\/monatglobal.com\/es\/wp-content\/uploads\/sites\/10\/2021\/09\/Rejuvenique%C2%AE_2.png\" alt=\"-\" loading=\"lazy\">\n   <!--==================================================== features text ====================================================-->\n      <h3>En resumen:<\/h3>\n       <p>\/ Una mezcla patentada de m\u00e1s de 13 plantas y aceites esenciales para el cabello y la&nbsp;piel <\/p>\n       <p>\/ El gotero permite la aplicaci\u00f3n de la zona del cuero&nbsp;cabelludo<\/p>\n       <p>\/ Tambi\u00e9n puede usarse como hidratante facial y&nbsp;corporal<\/p>\n       <p>\/ Vers\u00e1til: aclara o deja en el cabello, el rostro o el&nbsp;cuerpo<\/p>\n       <p>\/ A\u00f1\u00e1delo a tu mascarilla o crema para aumentar la&nbsp;hidrataci\u00f3n<\/p>\n<!--==================================================== composition image mobile ====================================================-->\n<img decoding=\"async\" alt=\"\" src=\"https:\/\/monatglobal.com\/es\/wp-content\/uploads\/sites\/10\/2021\/10\/composition_img_1-Rejuveniqe-2021.jpg\" loading=\"lazy\">\n<!--==================================================== Why it works text ====================================================-->\n  <h2>LA JOYA DE LA CORONA DE LA VERDADERA OPULENCIA<\/h2>\n  <h3>MONAT investig\u00f3 por todo el mundo buscando los aceites m\u00e1s exquisitos para ayudar a equilibrar, rejuvenecer y beneficiar el cabello y la&nbsp;piel. <\/h3>\n  <p>El aceite de abisinio fue el primer ingrediente seleccionado gracias a sus extraordinarias propiedades&nbsp;rejuvenecedoras.<\/p><br>\n <p> Con un poco es suficiente, \u00a1s\u00f3lo necesitas una gota!<\/p>\n<!--==================================================== Composition section ====================================================-->\n  <img decoding=\"async\" src=\"https:\/\/monatglobal.com\/es\/wp-content\/uploads\/sites\/10\/2021\/10\/composition_img_1-Rejuveniqe-2021.jpg\" alt=\"MONAT's Hydration Booster product is set over a solid pink background with serum spilled as additional texture.\" loading=\"lazy\">\n  <img decoding=\"async\" src=\"https:\/\/monatglobal.com\/es\/wp-content\/uploads\/sites\/10\/2021\/09\/small-square.png\" alt=\"An african-american woman looking directly at the camera while applying the serum with the eyedropper. Left hand \n  showcases MONAT's Hydration Booster.\" loading=\"lazy\">\n      <!--==================================================== Directions text ====================================================--> \n       <h3>Instrucciones<\/h3>\n         <p><strong>Tratamiento antes del&nbsp;champ\u00fa:<\/strong><\/p>\n         <p>\/ Aplica una generosa cantidad al cabello y cuero cabelludo seco o&nbsp;h\u00famedo.<\/p>\n         <p>\/ Deja actuar durante 15&nbsp;minutos.<\/p>\n         <p>\/ Aclara abundantemente, aplica el champ\u00fa y el&nbsp;acondicionador.<\/p>\n    <!--==================================================== Directions video ====================================================-->\n      <p><strong>Tratamiento de hidrataci\u00f3n&nbsp;intensiva:<\/strong><\/p>\n        <p>\/ Aplica una generosa cantidad al cabello y cuero cabelludo&nbsp;h\u00famedos.<\/p>\n        <p>\/ Deja actuar durante 15&nbsp;minutos.<\/p>\n        <p>\/ Aclara abundantemente, aplica el champ\u00fa y el&nbsp;acondicionador.<\/p>\n        <br>\n        <p><strong>Tratamiento de acabado sin&nbsp;aclarado:<\/strong><\/p>\n        <p>\/ Cuando el cabello est\u00e9 seco, aplica una peque\u00f1a cantidad en las palmas y apl\u00edcala en las&nbsp;puntas.<\/p>\n        <br>\n        <p><strong>Hidratante facial:<\/strong><\/p>\n        <p>\/ Aplicar por la ma\u00f1ana y por la noche en el rostro, cuello y escote antes de tu hidratante haciendo hincapi\u00e9 en las \u00e1reas problem\u00e1ticas como las l\u00edneas de expresi\u00f3n para hidratar al instante y&nbsp;proteger.<\/p>\n        <p><strong>Hidratante corporal:<\/strong><\/p>\n        <p>\/ Aplicar por la ma\u00f1ana y por la noche en codos, rodillas, zonas resecas, zonas quebradizas y en el dorso de las&nbsp;manos.<\/p>\n        <br>\n        <p><strong>USOS ADICIONALES:<\/strong><\/p>\n        <p>\/ Mezcla con tu hidratante favorito (facial o corporal) para un est\u00edmulo de&nbsp;hidrataci\u00f3n.<\/p>\n        <p>\/ A\u00f1ade a tu acondicionador o mascarilla para el cabello para una suavidad y un brillo&nbsp;adicionales.<\/p>\n        <p>\/ Mezcla con tu base l\u00edquida favorita para a\u00f1adir al rostro una hidrataci\u00f3n adicional en&nbsp;temperaturas secas.<\/p>\n        <p>\/ Echa unas pocas gotas en el rostro antes de viajar en avi\u00f3n para disminuir la p\u00e9rdida de&nbsp;hidrataci\u00f3n.<\/p>\n      <a href=\"\" target=\"_blank\" role=\"button\" aria-label=\"\" rel=\"noopener\"><\/a>\n<!--==================================================== Ingredients section  ====================================================-->\n  <h2>INGREDIENTES CLAVE<\/h2>\n     <img decoding=\"async\" src=\"https:\/\/monatglobal.com\/wp-content\/uploads\/2022\/11\/Abyssinian-Oil.svg\" alt=\"Abyssinian Oil\">\n   <p>Aceite de abisinio<\/p>\n   <img decoding=\"async\" src=\"https:\/\/monatglobal.com\/wp-content\/uploads\/2022\/11\/Meadowfoam-Oil.svg\" alt=\"Meadowfoam Oil\">\n <p>Aceite de meadowfoam<\/p>\n   <img decoding=\"async\" src=\"https:\/\/monatglobal.com\/wp-content\/uploads\/2022\/12\/carrotoil.svg\" alt=\"Carrot Seed Oil\">\n <p>Aceite de semilla de zanahoria<\/p>\n  <button id=\"myBtn\" type=\"button\">LISTA DE INGREDIENTES<\/button>\n  <!--==================================================== Modal content  ====================================================-->\n   \u00d7\n   <p>Limnanthes Alba (Meadowfoam) Seed Oil, Crambe Abyssinica Seed Oil, Camellia Oleifera Seed Oil, Solanum Lycopersicum (Tomato) Seed Oil, Daucus Carota Sativa (Carrot) Seed Oil, Citrus Limon (Lemon) Peel Oil, Citrus Aurantifolia (Lime) Oil, Citrus Aurantium Bergamia (Bergamot) Fruit Oil, Adansonia Digitata Oil, Mauritia Flexuosa Fruit Oil, Cocos Nucifera (Coconut) Oil, Gardenia Taitensis Flower Extract, Moringa Oleifera Seed Oil, Caryocar Brasiliense Fruit Oil, Helianthus Annuus (Sunflower) Seed Oil, Citral, Limonene, Linalool.<\/p>\n<!--==================================================== You might also like section ====================================================-->\n  <h2>PUEDE QUE TAMBI\u00c9N TE GUSTE <\/h2>\n  <!--==================================================== Slider YOU MIGHT ALSO LIKE ====================================================-->\n  <!---->\n  <!-- -->\n    <!--==================================================== Slides products ====================================================-->\n  <!--          -->\n  <!--            <a href=\"\/es\/rejuvabeads\/\" aria-label=\"Go to REJUVABEADS page\">-->\n  <!--              <img decoding=\"async\" src=\"https:\/\/monatglobal.com\/wp-content\/uploads\/2022\/12\/Rejevabeads-ecomm.png\" alt=\"REJUVABEADS\" loading=\"lazy\"\/>-->\n  <!--              <p>REJUVABEADS<sup>\u00ae<\/sup><\/p>-->\n  <!--            <\/a>-->\n  <!--          -->\n  <!--          -->\n  <!--            <a href=\"\/es\/replenish-masque\/\" aria-label=\"Go to Mascarilla Replenish\u2122 page\" target=\"_blank\" rel=\"noopener\">-->\n  <!--              <img decoding=\"async\" src=\"https:\/\/monatglobal.com\/wp-content\/uploads\/2022\/12\/replenish-masque-e-comm-min.png\" alt=\"Mascarilla Replenish\u2122\" loading=\"lazy\"\/>-->\n  <!--              <p>Mascarilla Replenish\u2122<\/p>-->\n  <!--            <\/a>-->\n  <!--          -->\n  <!--          -->\n  <!--             <a href=\"\/es\/lightweight-moisturizer\/\" target=\"_blank\" aria-label=\"Go to Hidratante ligera BE BALANCED\u2122 page\" rel=\"noopener\">-->\n  <!--                <img decoding=\"async\" src=\"https:\/\/monatglobal.com\/wp-content\/uploads\/2022\/12\/BE-BALANCED-Lightweight-Moisturizer_ecomm-min.png\" alt=\"Hidratante ligera BE BALANCED\u2122\" loading=\"lazy\"\/>-->\n  <!--                <p>Hidratante ligera BE BALANCED\u2122<\/p>-->\n  <!--             <\/a>-->\n  <!--           -->\n  <!--         -->\n           <!--==================================================== If we need navigation buttons  ====================================================-->\n  <!--         -->\n  <!--         -->\n           <!--==================================================== If we need paginations  ====================================================-->\n  <!--         -->\n  <!--       -->\n         <!--==================================================== If we need navigation buttons  ====================================================-->\n         <!--==================================================== If we need paginations  ====================================================-->\n    <a href=\"\" aria-label=\"\"><\/a>\n     <!--==================================================== this link has to go last for it to work   ====================================================-->\n","protected":false},"excerpt":{"rendered":"<p>M\u00c1S VENDIDOS NUEVO M\u00c1S VENDIDOS Rejuveniqe\u00ae Una mezcla patentada de m\u00e1s de 13 plantas y aceites esenciales para el cabello y la&nbsp;piel. 30 ml \u212e 1.0 fl.oz. Precio cliente00.00 \u20ac Precio cliente VIP00.00 \u20ac Para conocer m\u00e1s sobre Rejuveniqe\u00ae, ponte en contacto con tu Market Partner de&nbsp;MONAT. BENEFICIOS Este aceite multiusos para el cabello y&hellip;<\/p>\n","protected":false},"author":31,"featured_media":62532,"parent":0,"menu_order":0,"comment_status":"closed","ping_status":"closed","template":"","meta":{"inline_featured_image":false,"om_disable_all_campaigns":false,"_monsterinsights_skip_tracking":false,"_monsterinsights_sitenote_active":false,"_monsterinsights_sitenote_note":"","_monsterinsights_sitenote_category":0,"footnotes":""},"categories":[31],"tags":[],"class_list":["post-8018","page","type-page","status-publish","has-post-thumbnail","hentry","category-product-es"],"aioseo_notices":[],"aioseo_head":"\n\t\t<!-- All in One SEO Pro 4.9.5.2 - aioseo.com -->\n\t<meta name=\"description\" content=\"M\u00c1S VENDIDOS --&gt;\" \/>\n\t<meta name=\"robots\" content=\"max-image-preview:large\" \/>\n\t<link rel=\"canonical\" href=\"https:\/\/monatglobal.com\/es\/rejuveniqe-oil\/\" \/>\n\t<meta name=\"generator\" content=\"All in One SEO Pro (AIOSEO) 4.9.5.2\" \/>\n\t\t<meta property=\"og:locale\" content=\"en_US\" \/>\n\t\t<meta property=\"og:site_name\" content=\"MONAT Espa\u00f1a - We Are Modern Nature\u00ae\" \/>\n\t\t<meta property=\"og:type\" content=\"article\" \/>\n\t\t<meta property=\"og:title\" content=\"REJUVENIQE\u00ae\" \/>\n\t\t<meta property=\"og:description\" content=\"M\u00c1S VENDIDOS --&gt;\" \/>\n\t\t<meta property=\"og:url\" content=\"https:\/\/monatglobal.com\/es\/rejuveniqe-oil\/\" \/>\n\t\t<meta property=\"article:published_time\" content=\"2016-01-13T18:54:35+00:00\" \/>\n\t\t<meta property=\"article:modified_time\" content=\"2026-02-23T20:04:52+00:00\" \/>\n\t\t<meta name=\"twitter:card\" content=\"summary_large_image\" \/>\n\t\t<meta name=\"twitter:title\" content=\"REJUVENIQE\u00ae\" \/>\n\t\t<meta name=\"twitter:description\" content=\"M\u00c1S VENDIDOS --&gt;\" \/>\n\t\t<script type=\"application\/ld+json\" class=\"aioseo-schema\">\n\t\t\t{\"@context\":\"https:\\\/\\\/schema.org\",\"@graph\":[{\"@type\":\"BreadcrumbList\",\"@id\":\"https:\\\/\\\/monatglobal.com\\\/es\\\/rejuveniqe-oil\\\/#breadcrumblist\",\"itemListElement\":[{\"@type\":\"ListItem\",\"@id\":\"https:\\\/\\\/monatglobal.com\\\/es#listItem\",\"position\":1,\"name\":\"Home\",\"item\":\"https:\\\/\\\/monatglobal.com\\\/es\",\"nextItem\":{\"@type\":\"ListItem\",\"@id\":\"https:\\\/\\\/monatglobal.com\\\/es\\\/rejuveniqe-oil\\\/#listItem\",\"name\":\"REJUVENIQE\\u00ae\"}},{\"@type\":\"ListItem\",\"@id\":\"https:\\\/\\\/monatglobal.com\\\/es\\\/rejuveniqe-oil\\\/#listItem\",\"position\":2,\"name\":\"REJUVENIQE\\u00ae\",\"previousItem\":{\"@type\":\"ListItem\",\"@id\":\"https:\\\/\\\/monatglobal.com\\\/es#listItem\",\"name\":\"Home\"}}]},{\"@type\":\"Organization\",\"@id\":\"https:\\\/\\\/monatglobal.com\\\/es\\\/#organization\",\"name\":\"MONAT Espa\\u00f1a\",\"description\":\"We Are Modern Nature\\u00ae\",\"url\":\"https:\\\/\\\/monatglobal.com\\\/es\\\/\"},{\"@type\":\"WebPage\",\"@id\":\"https:\\\/\\\/monatglobal.com\\\/es\\\/rejuveniqe-oil\\\/#webpage\",\"url\":\"https:\\\/\\\/monatglobal.com\\\/es\\\/rejuveniqe-oil\\\/\",\"name\":\"REJUVENIQE\\u00ae\",\"description\":\"M\\u00c1S VENDIDOS -->\",\"inLanguage\":\"en-US\",\"isPartOf\":{\"@id\":\"https:\\\/\\\/monatglobal.com\\\/es\\\/#website\"},\"breadcrumb\":{\"@id\":\"https:\\\/\\\/monatglobal.com\\\/es\\\/rejuveniqe-oil\\\/#breadcrumblist\"},\"image\":{\"@type\":\"ImageObject\",\"url\":\"https:\\\/\\\/monatglobal.com\\\/es\\\/wp-content\\\/uploads\\\/sites\\\/10\\\/2021\\\/08\\\/REJUVENIQE\\u00ae-Oil-Intensive.png\",\"@id\":\"https:\\\/\\\/monatglobal.com\\\/es\\\/rejuveniqe-oil\\\/#mainImage\",\"width\":438,\"height\":500},\"primaryImageOfPage\":{\"@id\":\"https:\\\/\\\/monatglobal.com\\\/es\\\/rejuveniqe-oil\\\/#mainImage\"},\"datePublished\":\"2016-01-13T18:54:35+00:00\",\"dateModified\":\"2026-02-23T20:04:52+00:00\"},{\"@type\":\"WebSite\",\"@id\":\"https:\\\/\\\/monatglobal.com\\\/es\\\/#website\",\"url\":\"https:\\\/\\\/monatglobal.com\\\/es\\\/\",\"name\":\"MONAT Espa\\u00f1a\",\"description\":\"We Are Modern Nature\\u00ae\",\"inLanguage\":\"en-US\",\"publisher\":{\"@id\":\"https:\\\/\\\/monatglobal.com\\\/es\\\/#organization\"}}]}\n\t\t<\/script>\n\t\t<!-- All in One SEO Pro -->\r\n\t\t<title>REJUVENIQE\u00ae<\/title>\n\n","aioseo_head_json":{"title":"REJUVENIQE\u00ae","description":"M\u00c1S VENDIDOS -->","canonical_url":"https:\/\/monatglobal.com\/es\/rejuveniqe-oil\/","robots":"max-image-preview:large","keywords":"","webmasterTools":{"miscellaneous":""},"schema":{"@context":"https:\/\/schema.org","@graph":[{"@type":"BreadcrumbList","@id":"https:\/\/monatglobal.com\/es\/rejuveniqe-oil\/#breadcrumblist","itemListElement":[{"@type":"ListItem","@id":"https:\/\/monatglobal.com\/es#listItem","position":1,"name":"Home","item":"https:\/\/monatglobal.com\/es","nextItem":{"@type":"ListItem","@id":"https:\/\/monatglobal.com\/es\/rejuveniqe-oil\/#listItem","name":"REJUVENIQE\u00ae"}},{"@type":"ListItem","@id":"https:\/\/monatglobal.com\/es\/rejuveniqe-oil\/#listItem","position":2,"name":"REJUVENIQE\u00ae","previousItem":{"@type":"ListItem","@id":"https:\/\/monatglobal.com\/es#listItem","name":"Home"}}]},{"@type":"Organization","@id":"https:\/\/monatglobal.com\/es\/#organization","name":"MONAT Espa\u00f1a","description":"We Are Modern Nature\u00ae","url":"https:\/\/monatglobal.com\/es\/"},{"@type":"WebPage","@id":"https:\/\/monatglobal.com\/es\/rejuveniqe-oil\/#webpage","url":"https:\/\/monatglobal.com\/es\/rejuveniqe-oil\/","name":"REJUVENIQE\u00ae","description":"M\u00c1S VENDIDOS -->","inLanguage":"en-US","isPartOf":{"@id":"https:\/\/monatglobal.com\/es\/#website"},"breadcrumb":{"@id":"https:\/\/monatglobal.com\/es\/rejuveniqe-oil\/#breadcrumblist"},"image":{"@type":"ImageObject","url":"https:\/\/monatglobal.com\/es\/wp-content\/uploads\/sites\/10\/2021\/08\/REJUVENIQE\u00ae-Oil-Intensive.png","@id":"https:\/\/monatglobal.com\/es\/rejuveniqe-oil\/#mainImage","width":438,"height":500},"primaryImageOfPage":{"@id":"https:\/\/monatglobal.com\/es\/rejuveniqe-oil\/#mainImage"},"datePublished":"2016-01-13T18:54:35+00:00","dateModified":"2026-02-23T20:04:52+00:00"},{"@type":"WebSite","@id":"https:\/\/monatglobal.com\/es\/#website","url":"https:\/\/monatglobal.com\/es\/","name":"MONAT Espa\u00f1a","description":"We Are Modern Nature\u00ae","inLanguage":"en-US","publisher":{"@id":"https:\/\/monatglobal.com\/es\/#organization"}}]},"og:locale":"en_US","og:site_name":"MONAT Espa\u00f1a - We Are Modern Nature\u00ae","og:type":"article","og:title":"REJUVENIQE\u00ae","og:description":"M\u00c1S VENDIDOS --&gt;","og:url":"https:\/\/monatglobal.com\/es\/rejuveniqe-oil\/","article:published_time":"2016-01-13T18:54:35+00:00","article:modified_time":"2026-02-23T20:04:52+00:00","twitter:card":"summary_large_image","twitter:title":"REJUVENIQE\u00ae","twitter:description":"M\u00c1S VENDIDOS --&gt;"},"aioseo_meta_data":{"post_id":"8018","title":"REJUVENIQE\u00ae","description":null,"keywords":null,"keyphrases":{"focus":{"keyphrase":"","score":0,"analysis":{"keyphraseInTitle":{"score":0,"maxScore":9,"error":1}}},"additional":[]},"primary_term":null,"canonical_url":null,"og_title":null,"og_description":null,"og_object_type":"default","og_image_type":"default","og_image_url":null,"og_image_width":null,"og_image_height":null,"og_image_custom_url":null,"og_image_custom_fields":null,"og_video":"","og_custom_url":null,"og_article_section":null,"og_article_tags":null,"twitter_use_og":false,"twitter_card":"default","twitter_image_type":"default","twitter_image_url":null,"twitter_image_custom_url":null,"twitter_image_custom_fields":null,"twitter_title":null,"twitter_description":null,"schema":{"blockGraphs":[],"customGraphs":[],"default":{"data":{"Article":[],"Course":[],"Dataset":[],"FAQPage":[],"Movie":[],"Person":[],"Product":[],"ProductReview":[],"Car":[],"Recipe":[],"Service":[],"SoftwareApplication":[],"WebPage":[]},"graphName":"WebPage","isEnabled":true},"graphs":[]},"schema_type":"default","schema_type_options":null,"pillar_content":false,"robots_default":true,"robots_noindex":false,"robots_noarchive":false,"robots_nosnippet":false,"robots_nofollow":false,"robots_noimageindex":false,"robots_noodp":false,"robots_notranslate":false,"robots_max_snippet":"-1","robots_max_videopreview":"-1","robots_max_imagepreview":"large","priority":null,"frequency":"default","local_seo":null,"seo_analyzer_scan_date":"2026-02-23 20:09:02","limit_modified_date":false,"reviewed_by":"0","open_ai":null,"ai":{"faqs":[],"keyPoints":[],"titles":[],"descriptions":[],"socialPosts":{"email":[],"linkedin":[],"twitter":[],"facebook":[],"instagram":[]}},"created":"2023-07-26 09:13:11","updated":"2026-02-23 20:18:09"},"aioseo_breadcrumb":"<div class=\"aioseo-breadcrumbs\"><span class=\"aioseo-breadcrumb\">\n\t<a href=\"https:\/\/monatglobal.com\/es\" title=\"Home\">Home<\/a>\n<\/span><span class=\"aioseo-breadcrumb-separator\">&raquo;<\/span><span class=\"aioseo-breadcrumb\">\n\tREJUVENIQE\u00ae\n<\/span><\/div>","aioseo_breadcrumb_json":[{"label":"Home","link":"https:\/\/monatglobal.com\/es"},{"label":"REJUVENIQE\u00ae","link":"https:\/\/monatglobal.com\/es\/rejuveniqe-oil\/"}],"_links":{"self":[{"href":"https:\/\/monatglobal.com\/es\/wp-json\/wp\/v2\/pages\/8018","targetHints":{"allow":["GET"]}}],"collection":[{"href":"https:\/\/monatglobal.com\/es\/wp-json\/wp\/v2\/pages"}],"about":[{"href":"https:\/\/monatglobal.com\/es\/wp-json\/wp\/v2\/types\/page"}],"author":[{"embeddable":true,"href":"https:\/\/monatglobal.com\/es\/wp-json\/wp\/v2\/users\/31"}],"replies":[{"embeddable":true,"href":"https:\/\/monatglobal.com\/es\/wp-json\/wp\/v2\/comments?post=8018"}],"version-history":[{"count":37,"href":"https:\/\/monatglobal.com\/es\/wp-json\/wp\/v2\/pages\/8018\/revisions"}],"predecessor-version":[{"id":109170,"href":"https:\/\/monatglobal.com\/es\/wp-json\/wp\/v2\/pages\/8018\/revisions\/109170"}],"wp:featuredmedia":[{"embeddable":true,"href":"https:\/\/monatglobal.com\/es\/wp-json\/wp\/v2\/media\/62532"}],"wp:attachment":[{"href":"https:\/\/monatglobal.com\/es\/wp-json\/wp\/v2\/media?parent=8018"}],"wp:term":[{"taxonomy":"category","embeddable":true,"href":"https:\/\/monatglobal.com\/es\/wp-json\/wp\/v2\/categories?post=8018"},{"taxonomy":"post_tag","embeddable":true,"href":"https:\/\/monatglobal.com\/es\/wp-json\/wp\/v2\/tags?post=8018"}],"curies":[{"name":"wp","href":"https:\/\/api.w.org\/{rel}","templated":true}]}}