{"id":73088,"date":"2023-08-25T20:34:56","date_gmt":"2023-08-25T19:34:56","guid":{"rendered":"https:\/\/monatglobal.com\/es\/?page_id=73088"},"modified":"2026-01-13T17:33:07","modified_gmt":"2026-01-13T17:33:07","slug":"makeup-mascara","status":"publish","type":"page","link":"https:\/\/monatglobal.com\/es\/makeup-mascara\/","title":{"rendered":"Maquillaje m\u00e1scara para pesta\u00f1as | Maquillaje MONAT"},"content":{"rendered":"\n<link rel=\"stylesheet\" href=\"https:\/\/monatglobal.com\/wp-content\/creative_css\/product_styles_sheet.css\">\n   <!--==================================================== ECOMM SECTION ====================================================-->\n      <!--==================================================== Ecomm image ====================================================-->\n          <p>M\u00c1S VENDIDOS<\/p>\n               <img decoding=\"async\" alt=\"Product shot of the MONAT IR Clinical\u2122 Mascara Jetsetter Black\" src=\"https:\/\/monatglobal.com\/wp-content\/uploads\/2023\/08\/ir_clinical_mascara_jetsetter_black-ecomm.png\" loading=\"lazy\">\n               <img decoding=\"async\" alt=\"Product shot of the MONAT IR Clinical\u2122 Mascara Jetsetter Black\" src=\"https:\/\/monatglobal.com\/wp-content\/uploads\/2023\/08\/mascara-jetsetter-black-ecomm-closeup-min.jpg\" loading=\"lazy\">\n                  <img decoding=\"async\" alt=\"\" src=\"https:\/\/monatglobal.com\/wp-content\/uploads\/2023\/08\/ir_clinical_mascara_jetsetter_black-ecomm.png\" data-lbxp=\"\" loading=\"lazy\">\n                  <img decoding=\"async\" alt=\"Female holding the MONAT IR Clinical\u2122 Mascara Jetsetter Black brush and applying it to her lashes.\" src=\"https:\/\/monatglobal.com\/wp-content\/uploads\/2023\/08\/mascara-jetsetter-black-ecomm-closeup-min.jpg\" loading=\"lazy\">\n      <!--==================================================== Ecomm information  ====================================================-->\n         <p>M\u00c1S VENDIDOS<\/p>\n         <p>MONAT<\/p>\n         <h1>IR Clinical\u2122 <br>M\u00e1scara<\/h1>\n         <p>Con melatonina, cafe\u00edna y REJUVENIQE<sup>\u00ae<\/sup><\/p>\n         <p>Alarga y da volumen al instante para lucir pesta\u00f1as fabulosas y abundantes.<\/p>\n         <p>Peso neto 0.29 oz. (8.5 g)<\/p>\n        <!--==================================================== pricing box  ====================================================--> \n               <p>Precio cliente<br>40.00 \u20ac<\/p>\n               <p>Precio cliente VIP<br>34.00 \u20ac<\/p>\n        <!--==================================================== pricing box  ====================================================--> \n         <p>Para conocer m\u00e1s sobre la MONAT IR Clinical\u2122 M\u00e1scara , ponte en contacto con tu Market Partner de&nbsp;MONAT.<\/p>\n            <a href=\"https:\/\/corp.mymonat.com\/shop\/products\/monat-ir-clinical-mascara\/?globallanguage=es&amp;globalmarket=es\" target=\"_blank\" role=\"button\" aria-label=\"Go to MONAT IR Clinical\u2122 Mascara shop\" rel=\"noopener\">COMPRAR AHORA<\/a>\n   <!--==================================================== \/ECOMM SECTION  ====================================================-->\n   <!--==================================================== Benefits image ====================================================-->\n   \n      <source media=\"(max-width: 700px)\" srcset=\"https:\/\/monatglobal.com\/wp-content\/uploads\/2023\/08\/mascara-jetsetter-black-benefits-mobile-min.jpg\" loading=\"lazy\">\n      <img decoding=\"async\" src=\"https:\/\/monatglobal.com\/wp-content\/uploads\/2023\/08\/Mascara-jetsetter-black-benefits-desktop-min.jpg\" alt=\"Female holding the MONAT IR Clinical\u2122 Mascara Jetsetter Black brush and applying it to her lashes.\" loading=\"lazy\">\n   \n   <!--==================================================== Benefits text ====================================================-->\n         <h2>BENEFICIOS<\/h2>\n         <h3>Cuando los ingredientes que cuidan la piel se combinan para crear volumen instant\u00e1neo.<\/h3>\n         <p> Esta m\u00e1scara para pesta\u00f1as multifunci\u00f3n combina los beneficios de un s\u00e9rum con los de una m\u00e1scara tradicional. Su f\u00f3rmula permite aplicar varias capas para alargar las pesta\u00f1as al instante. Aporta nutrici\u00f3n y fortalece para un acabado fabuloso y voluminoso.<\/p>\n         <!--==================================================== features image  ====================================================-->\n         <img decoding=\"async\" alt=\"MONAT IR Clinical\u2122 Mascara Jetsetter Black on a flat surface, with streaks of black mascara.\" src=\"https:\/\/monatglobal.com\/wp-content\/uploads\/2023\/08\/mascara-jetsetter-black-features-min.jpg\" loading=\"lazy\">\n      <!--==================================================== features text ====================================================-->\n            <h3>Caracter\u00edsticas<\/h3>\n               <p>\/ Realza, alarga y da volumen a las pesta\u00f1as al instante* <\/p>\n               <p>\/ Acondiciona y nutre las pesta\u00f1as* <\/p>\n               <p>\/ Larga duraci\u00f3n y sin grumos hasta 12 horas* <\/p>\n               <p>\/ Pesta\u00f1as m\u00e1s fuertes y resistentes con menos ca\u00edda*<\/p>\n               <p>\/ F\u00e1cil de quitar<\/p>\n               <p>\/ Apta para ojos sensibles y usuarios de lentes de contacto <\/p>\n               <br>\n            <p>Fragancia \/ Sin fragancia<\/p>\n            <p>Textura \/ L\u00edquido cremoso<\/p>\n                <p> *Basado en un estudio realizado con 43 mujeres, de entre 19 y 54 a\u00f1os, usuarias de la m\u00e1scara de pesta\u00f1as voluminizadora. Probado por un laboratorio independiente.<\/p>\n   <!--==================================================== composition image mobile ====================================================-->\n   <img decoding=\"async\" alt=\"4 bottles of MONAT IR Clinical\u2122 Mascara Jetsetter Black. \" src=\"https:\/\/monatglobal.com\/wp-content\/uploads\/2023\/08\/mascara-jetsetter-black-standalone-min.jpg\" loading=\"lazy\">\n   <!--==================================================== Why it works text ====================================================-->\n      <h3>Fortalece las pesta\u00f1as. Realza tus ojos.<\/h3>\n      <p>Esta m\u00e1scara de pesta\u00f1as de color negro est\u00e1 formulada con nuestra revolucionaria tecnolog\u00eda IR Clinical\u2122 que contiene cafe\u00edna, melatonina y REJUVENIQE<sup>\u00ae<\/sup> para nutrir y fortalecer, adem\u00e1s de reducir el quiebre y la ca\u00edda de las pesta\u00f1as. F\u00f3rmula de larga duraci\u00f3n no se corre ni deja grumos. <\/p>\n<!--==================================================== Composition section ====================================================-->\n      <img decoding=\"async\" alt=\"4 bottles of MONAT IR Clinical\u2122 Mascara Jetsetter Black. \" src=\"https:\/\/monatglobal.com\/wp-content\/uploads\/2023\/08\/mascara-jetsetter-black-standalone-min.jpg\" loading=\"lazy\">\n      <img decoding=\"async\" alt=\"A female holding the MONAT IR Clinical\u2122 Mascara Jetsetter black infront of her face, overlaying a photo of black mascara streaks.\" src=\"https:\/\/monatglobal.com\/wp-content\/uploads\/2023\/08\/mascara-jetsetter-black-composition-min.jpg\" loading=\"lazy\">\n            <!--==================================================== Directions text ====================================================--> \n               <h3>Instrucciones de uso:<\/h3>\n                  <p>\/ Aplica con un suave movimiento ascendente. <\/p>\n                  <p>\/ Comienza desde la base de las pesta\u00f1as y desliza desde la ra\u00edz hasta las puntas para dar volumen. <\/p>\n                  <p>\/ Aplica las capas que desees para lograr un efecto m\u00e1s abundante.<\/p>\n            <!--==================================================== Directions video ====================================================-->\n    <p>MONAT IR Clinical\u2122 <br> M\u00e1scara<br>5:39<\/p>\n      <a href=\"https:\/\/corp.mymonat.com\/shop\/products\/monat-ir-clinical-mascara\/?globallanguage=es&amp;globalmarket=es\" target=\"_blank\" role=\"button\" aria-label=\"Go to MONAT IR Clinical\u2122 Mascara shop\" rel=\"noopener\">COMPRAR AHORA<\/a>\n   <!--==================================================== Ingredients section  ====================================================-->\n      <h2>INGREDIENTES CLAVE<\/h2>\n               <img decoding=\"async\" alt=\"Vitamin E icon\" src=\"https:\/\/monatglobal.com\/wp-content\/uploads\/2023\/08\/IR-Clinical-Technology.svg\"> \n               <p>IR Clinical\u2122 Technology<\/p>\n               <img decoding=\"async\" alt=\"rejuveniqe icon\" src=\"https:\/\/monatglobal.com\/wp-content\/uploads\/2022\/09\/rejuveniqe-icon.svg\"> \n               <p>REJUVENIQE<sup>\u00ae<\/sup><\/p>\n               <img decoding=\"async\" alt=\"Vitamin E icon\" src=\"https:\/\/monatglobal.com\/wp-content\/uploads\/2022\/09\/Vitamin-E.svg\"> \n               <p>Vitamina E<\/p>\n               <img decoding=\"async\" alt=\"rejuveniqe icon\" src=\"https:\/\/monatglobal.com\/wp-content\/uploads\/2022\/11\/capixyl.svg\"> \n               <p>CAPIXYL<sup>\u00ae<\/sup><\/p>\n      <button id=\"myBtn\" type=\"button\">LISTA DE INGREDIENTES<\/button>\n      <!--==================================================== Modal content  ====================================================-->\n         \u00d7\n         <p>Aqua\/Water\/Eau, Hydrolyzed Corn Starch, Copernicia Cerifera (Carnauba) Wax\/Cire de Carnauba, Euphorbia Cerifera (Candelilla) Wax\/Cire de Candelilla, Behenyl Behenate, Capryloyl Glycerin\/Sebacic Acid Copolymer, Glycerin, Candelilla\/Jojoba\/Rice Bran Polyglyceryl-3 Esters, Glyceryl Stearate, Jojoba Esters, Glyceryl Rosinate, Polyhydroxystearic Acid, Helianthus Annuus (Sunflower) Seed Wax, Pentylene Glycol, Polyglyceryl-10 Oleate, Propanediol, Arginine, Caffeine, Melatonin, Adansonia Digitata Oil, Caryocar Brasiliense Fruit Oil, Cocos Nucifera (Coconut) Oil, Gardenia Taitensis Flower Extract, Helianthus Annuus (Sunflower) Seed Oil, Mauritia Flexuosa Fruit Oil, Moringa Oleifera Seed Oil, Trifolium Pratense (Clover) Flower Extract, Acetyl Tetrapeptide-3, Citrus Aurantifolia (Lime) Oil, Citrus Aurantium Bergamia (Bergamot) Fruit Oil, Dextran, Citrus Limon (Lemon) Peel Oil, Daucus Carota Sativa (Carrot) Seed Oil, Solanum Lycopersicum (Tomato) Seed Oil, Camellia Oleifera Seed Oil, Crambe Abyssinica Seed Oil, Lauric Acid, Myristic Acid, Limnanthes Alba (Meadowfoam) Seed Oil, Tocopherol, Butylene Glycol, Silica, Acacia Decurrens Flower Wax, Polyglycerin-3, Ethylhexylglycerin, Panthenol, Stearic Acid, Palmitic Acid, Galactoarbinan, Xanthan Gum, Tocopheryl Acetate, Acacia Senegal Gum, Cetearyl Alcohol, Sodium Stearoyl Lactylate, Phenoxyethanol, Iron Oxide (CI 77499).<\/p>\n   <!--==================================================== You might also like section ====================================================-->\n      <h2>PUEDE QUE TAMBI\u00c9N TE GUSTE<\/h2>\n      <!--==================================================== Slider YOU MIGHT ALSO LIKE ====================================================-->\n            <!-- Slides products-->\n            <!---->\n            <!--   <a href=\"https:\/\/monatglobal.com\/es\/bb-creme\/\" aria-label=\"Go to MONAT BB Cream SPF 40\u2122 page\">-->\n            <!--      <img decoding=\"async\" src=\"https:\/\/monatglobal.com\/wp-content\/uploads\/2022\/08\/bb-cream-porcelain-ecomm.png\" alt=\"MONAT BB Cream SPF 40\u2122\" loading=\"lazy\"\/>-->\n            <!--      <p>MONAT BB Cream SPF 40\u2122<\/p>-->\n            <!--   <\/a>-->\n            <!---->\n               <a href=\"https:\/\/monatglobal.com\/es\/makeup-brow-gel\/\" aria-label=\"Go to MONAT IR Clinical\u2122 Clear Brow Gel  page\">\n                  <img decoding=\"async\" src=\"https:\/\/monatglobal.com\/wp-content\/uploads\/2023\/08\/ir_clinical_clear_brown_gel_clear-ecomm.png\" alt=\"MONAT IR Clinical\u2122 Clear Brow Gel\" loading=\"lazy\">\n                  <p>MONAT IR Clinical\u2122 <br>Gel transparente para cejas<\/p>\n               <\/a>\n               <a href=\"https:\/\/monatglobal.com\/es\/makeup-liquid-lipstick\/\" aria-label=\"Go to MONAT Liquid Lipstick\u2122 page\">\n                  <img decoding=\"async\" src=\"https:\/\/monatglobal.com\/wp-content\/uploads\/2023\/08\/liquid_lipstick_goddess-ecomm-1.png\" alt=\"MONAT Liquid Lipstick\u2122\" loading=\"lazy\">\n                  <p>MONAT Liquid Lipstick\u2122<\/p>\n               <\/a>\n         <!-- If we need navigation buttons -->\n         <!-- If we need paginations -->\n   <a href=\"https:\/\/monatglobal.com\/es\/products\/?line=makeup\" aria-label=\"Go to Todos los productos de Makeup\">\n        <h3>Todos los productos de Makeup<\/h3>\n    <\/a>\n","protected":false},"excerpt":{"rendered":"<p>M\u00c1S VENDIDOS M\u00c1S VENDIDOS MONAT IR Clinical\u2122 M\u00e1scara Con melatonina, cafe\u00edna y REJUVENIQE\u00ae Alarga y da volumen al instante para lucir pesta\u00f1as fabulosas y abundantes. Peso neto 0.29 oz. (8.5 g) Precio cliente40.00 \u20ac Precio cliente VIP34.00 \u20ac Para conocer m\u00e1s sobre la MONAT IR Clinical\u2122 M\u00e1scara , ponte en contacto con tu Market Partner&hellip;<\/p>\n","protected":false},"author":47,"featured_media":83741,"parent":0,"menu_order":0,"comment_status":"closed","ping_status":"closed","template":"","meta":{"inline_featured_image":false,"om_disable_all_campaigns":false,"_monsterinsights_skip_tracking":false,"_monsterinsights_sitenote_active":false,"_monsterinsights_sitenote_note":"","_monsterinsights_sitenote_category":0,"footnotes":""},"categories":[31],"tags":[],"class_list":["post-73088","page","type-page","status-publish","has-post-thumbnail","hentry","category-product-es"],"aioseo_notices":[],"aioseo_head":"\n\t\t<!-- All in One SEO Pro 4.9.5.2 - aioseo.com -->\n\t<meta name=\"description\" content=\"M\u00c1S VENDIDOS --&gt; MONAT IR Clinical\u2122 Gel transparente para cejas MONAT Liquid Lipstick\u2122 Todos los productos de Makeup\" \/>\n\t<meta name=\"robots\" content=\"max-image-preview:large\" \/>\n\t<link rel=\"canonical\" href=\"https:\/\/monatglobal.com\/es\/makeup-mascara\/\" \/>\n\t<meta name=\"generator\" content=\"All in One SEO Pro (AIOSEO) 4.9.5.2\" \/>\n\t\t<meta property=\"og:locale\" content=\"en_US\" \/>\n\t\t<meta property=\"og:site_name\" content=\"MONAT Espa\u00f1a - We Are Modern Nature\u00ae\" \/>\n\t\t<meta property=\"og:type\" content=\"article\" \/>\n\t\t<meta property=\"og:title\" content=\"Maquillaje m\u00e1scara para pesta\u00f1as | Maquillaje MONAT - MONAT Espa\u00f1a\" \/>\n\t\t<meta property=\"og:description\" content=\"M\u00c1S VENDIDOS --&gt; MONAT IR Clinical\u2122 Gel transparente para cejas MONAT Liquid Lipstick\u2122 Todos los productos de Makeup\" \/>\n\t\t<meta property=\"og:url\" content=\"https:\/\/monatglobal.com\/es\/makeup-mascara\/\" \/>\n\t\t<meta property=\"article:published_time\" content=\"2023-08-25T19:34:56+00:00\" \/>\n\t\t<meta property=\"article:modified_time\" content=\"2026-01-13T17:33:07+00:00\" \/>\n\t\t<meta name=\"twitter:card\" content=\"summary_large_image\" \/>\n\t\t<meta name=\"twitter:title\" content=\"Maquillaje m\u00e1scara para pesta\u00f1as | Maquillaje MONAT - MONAT Espa\u00f1a\" \/>\n\t\t<meta name=\"twitter:description\" content=\"M\u00c1S VENDIDOS --&gt; MONAT IR Clinical\u2122 Gel transparente para cejas MONAT Liquid Lipstick\u2122 Todos los productos de Makeup\" \/>\n\t\t<script type=\"application\/ld+json\" class=\"aioseo-schema\">\n\t\t\t{\"@context\":\"https:\\\/\\\/schema.org\",\"@graph\":[{\"@type\":\"BreadcrumbList\",\"@id\":\"https:\\\/\\\/monatglobal.com\\\/es\\\/makeup-mascara\\\/#breadcrumblist\",\"itemListElement\":[{\"@type\":\"ListItem\",\"@id\":\"https:\\\/\\\/monatglobal.com\\\/es#listItem\",\"position\":1,\"name\":\"Home\",\"item\":\"https:\\\/\\\/monatglobal.com\\\/es\",\"nextItem\":{\"@type\":\"ListItem\",\"@id\":\"https:\\\/\\\/monatglobal.com\\\/es\\\/makeup-mascara\\\/#listItem\",\"name\":\"Maquillaje m\\u00e1scara para pesta\\u00f1as | Maquillaje MONAT\"}},{\"@type\":\"ListItem\",\"@id\":\"https:\\\/\\\/monatglobal.com\\\/es\\\/makeup-mascara\\\/#listItem\",\"position\":2,\"name\":\"Maquillaje m\\u00e1scara para pesta\\u00f1as | Maquillaje MONAT\",\"previousItem\":{\"@type\":\"ListItem\",\"@id\":\"https:\\\/\\\/monatglobal.com\\\/es#listItem\",\"name\":\"Home\"}}]},{\"@type\":\"Organization\",\"@id\":\"https:\\\/\\\/monatglobal.com\\\/es\\\/#organization\",\"name\":\"MONAT Espa\\u00f1a\",\"description\":\"We Are Modern Nature\\u00ae\",\"url\":\"https:\\\/\\\/monatglobal.com\\\/es\\\/\"},{\"@type\":\"WebPage\",\"@id\":\"https:\\\/\\\/monatglobal.com\\\/es\\\/makeup-mascara\\\/#webpage\",\"url\":\"https:\\\/\\\/monatglobal.com\\\/es\\\/makeup-mascara\\\/\",\"name\":\"Maquillaje m\\u00e1scara para pesta\\u00f1as | Maquillaje MONAT - MONAT Espa\\u00f1a\",\"description\":\"M\\u00c1S VENDIDOS --> MONAT IR Clinical\\u2122 Gel transparente para cejas MONAT Liquid Lipstick\\u2122 Todos los productos de Makeup\",\"inLanguage\":\"en-US\",\"isPartOf\":{\"@id\":\"https:\\\/\\\/monatglobal.com\\\/es\\\/#website\"},\"breadcrumb\":{\"@id\":\"https:\\\/\\\/monatglobal.com\\\/es\\\/makeup-mascara\\\/#breadcrumblist\"},\"image\":{\"@type\":\"ImageObject\",\"url\":\"https:\\\/\\\/monatglobal.com\\\/es\\\/wp-content\\\/uploads\\\/sites\\\/10\\\/2023\\\/09\\\/ir_clinical_mascara_jetsetter_black-ecomm.png\",\"@id\":\"https:\\\/\\\/monatglobal.com\\\/es\\\/makeup-mascara\\\/#mainImage\",\"width\":641,\"height\":800},\"primaryImageOfPage\":{\"@id\":\"https:\\\/\\\/monatglobal.com\\\/es\\\/makeup-mascara\\\/#mainImage\"},\"datePublished\":\"2023-08-25T20:34:56+01:00\",\"dateModified\":\"2026-01-13T17:33:07+00:00\"},{\"@type\":\"WebSite\",\"@id\":\"https:\\\/\\\/monatglobal.com\\\/es\\\/#website\",\"url\":\"https:\\\/\\\/monatglobal.com\\\/es\\\/\",\"name\":\"MONAT Espa\\u00f1a\",\"description\":\"We Are Modern Nature\\u00ae\",\"inLanguage\":\"en-US\",\"publisher\":{\"@id\":\"https:\\\/\\\/monatglobal.com\\\/es\\\/#organization\"}}]}\n\t\t<\/script>\n\t\t<!-- All in One SEO Pro -->\r\n\t\t<title>Maquillaje m\u00e1scara para pesta\u00f1as | Maquillaje MONAT - MONAT Espa\u00f1a<\/title>\n\n","aioseo_head_json":{"title":"Maquillaje m\u00e1scara para pesta\u00f1as | Maquillaje MONAT - MONAT Espa\u00f1a","description":"M\u00c1S VENDIDOS --> MONAT IR Clinical\u2122 Gel transparente para cejas MONAT Liquid Lipstick\u2122 Todos los productos de Makeup","canonical_url":"https:\/\/monatglobal.com\/es\/makeup-mascara\/","robots":"max-image-preview:large","keywords":"","webmasterTools":{"miscellaneous":""},"schema":{"@context":"https:\/\/schema.org","@graph":[{"@type":"BreadcrumbList","@id":"https:\/\/monatglobal.com\/es\/makeup-mascara\/#breadcrumblist","itemListElement":[{"@type":"ListItem","@id":"https:\/\/monatglobal.com\/es#listItem","position":1,"name":"Home","item":"https:\/\/monatglobal.com\/es","nextItem":{"@type":"ListItem","@id":"https:\/\/monatglobal.com\/es\/makeup-mascara\/#listItem","name":"Maquillaje m\u00e1scara para pesta\u00f1as | Maquillaje MONAT"}},{"@type":"ListItem","@id":"https:\/\/monatglobal.com\/es\/makeup-mascara\/#listItem","position":2,"name":"Maquillaje m\u00e1scara para pesta\u00f1as | Maquillaje MONAT","previousItem":{"@type":"ListItem","@id":"https:\/\/monatglobal.com\/es#listItem","name":"Home"}}]},{"@type":"Organization","@id":"https:\/\/monatglobal.com\/es\/#organization","name":"MONAT Espa\u00f1a","description":"We Are Modern Nature\u00ae","url":"https:\/\/monatglobal.com\/es\/"},{"@type":"WebPage","@id":"https:\/\/monatglobal.com\/es\/makeup-mascara\/#webpage","url":"https:\/\/monatglobal.com\/es\/makeup-mascara\/","name":"Maquillaje m\u00e1scara para pesta\u00f1as | Maquillaje MONAT - MONAT Espa\u00f1a","description":"M\u00c1S VENDIDOS --> MONAT IR Clinical\u2122 Gel transparente para cejas MONAT Liquid Lipstick\u2122 Todos los productos de Makeup","inLanguage":"en-US","isPartOf":{"@id":"https:\/\/monatglobal.com\/es\/#website"},"breadcrumb":{"@id":"https:\/\/monatglobal.com\/es\/makeup-mascara\/#breadcrumblist"},"image":{"@type":"ImageObject","url":"https:\/\/monatglobal.com\/es\/wp-content\/uploads\/sites\/10\/2023\/09\/ir_clinical_mascara_jetsetter_black-ecomm.png","@id":"https:\/\/monatglobal.com\/es\/makeup-mascara\/#mainImage","width":641,"height":800},"primaryImageOfPage":{"@id":"https:\/\/monatglobal.com\/es\/makeup-mascara\/#mainImage"},"datePublished":"2023-08-25T20:34:56+01:00","dateModified":"2026-01-13T17:33:07+00:00"},{"@type":"WebSite","@id":"https:\/\/monatglobal.com\/es\/#website","url":"https:\/\/monatglobal.com\/es\/","name":"MONAT Espa\u00f1a","description":"We Are Modern Nature\u00ae","inLanguage":"en-US","publisher":{"@id":"https:\/\/monatglobal.com\/es\/#organization"}}]},"og:locale":"en_US","og:site_name":"MONAT Espa\u00f1a - We Are Modern Nature\u00ae","og:type":"article","og:title":"Maquillaje m\u00e1scara para pesta\u00f1as | Maquillaje MONAT - MONAT Espa\u00f1a","og:description":"M\u00c1S VENDIDOS --&gt; MONAT IR Clinical\u2122 Gel transparente para cejas MONAT Liquid Lipstick\u2122 Todos los productos de Makeup","og:url":"https:\/\/monatglobal.com\/es\/makeup-mascara\/","article:published_time":"2023-08-25T19:34:56+00:00","article:modified_time":"2026-01-13T17:33:07+00:00","twitter:card":"summary_large_image","twitter:title":"Maquillaje m\u00e1scara para pesta\u00f1as | Maquillaje MONAT - MONAT Espa\u00f1a","twitter:description":"M\u00c1S VENDIDOS --&gt; MONAT IR Clinical\u2122 Gel transparente para cejas MONAT Liquid Lipstick\u2122 Todos los productos de Makeup"},"aioseo_meta_data":{"post_id":"73088","title":null,"description":null,"keywords":[],"keyphrases":{"focus":{"keyphrase":"","score":0,"analysis":{"keyphraseInTitle":{"score":0,"maxScore":9,"error":1}}},"additional":[]},"primary_term":null,"canonical_url":null,"og_title":null,"og_description":null,"og_object_type":"default","og_image_type":"default","og_image_url":null,"og_image_width":null,"og_image_height":null,"og_image_custom_url":null,"og_image_custom_fields":null,"og_video":"","og_custom_url":null,"og_article_section":null,"og_article_tags":[],"twitter_use_og":false,"twitter_card":"default","twitter_image_type":"default","twitter_image_url":null,"twitter_image_custom_url":null,"twitter_image_custom_fields":null,"twitter_title":null,"twitter_description":null,"schema":{"blockGraphs":[],"customGraphs":[],"default":{"data":{"Article":[],"Course":[],"Dataset":[],"FAQPage":[],"Movie":[],"Person":[],"Product":[],"ProductReview":[],"Car":[],"Recipe":[],"Service":[],"SoftwareApplication":[],"WebPage":[]},"graphName":"WebPage","isEnabled":true},"graphs":[]},"schema_type":"default","schema_type_options":null,"pillar_content":false,"robots_default":true,"robots_noindex":false,"robots_noarchive":false,"robots_nosnippet":false,"robots_nofollow":false,"robots_noimageindex":false,"robots_noodp":false,"robots_notranslate":false,"robots_max_snippet":"-1","robots_max_videopreview":"-1","robots_max_imagepreview":"large","priority":null,"frequency":"default","local_seo":null,"seo_analyzer_scan_date":"2025-08-14 18:27:25","limit_modified_date":false,"reviewed_by":null,"open_ai":null,"ai":null,"created":"2023-08-25 19:34:59","updated":"2026-02-10 05:41:32"},"aioseo_breadcrumb":"<div class=\"aioseo-breadcrumbs\"><span class=\"aioseo-breadcrumb\">\n\t<a href=\"https:\/\/monatglobal.com\/es\" title=\"Home\">Home<\/a>\n<\/span><span class=\"aioseo-breadcrumb-separator\">&raquo;<\/span><span class=\"aioseo-breadcrumb\">\n\tMaquillaje m\u00e1scara para pesta\u00f1as | Maquillaje MONAT\n<\/span><\/div>","aioseo_breadcrumb_json":[{"label":"Home","link":"https:\/\/monatglobal.com\/es"},{"label":"Maquillaje m\u00e1scara para pesta\u00f1as | Maquillaje MONAT","link":"https:\/\/monatglobal.com\/es\/makeup-mascara\/"}],"_links":{"self":[{"href":"https:\/\/monatglobal.com\/es\/wp-json\/wp\/v2\/pages\/73088","targetHints":{"allow":["GET"]}}],"collection":[{"href":"https:\/\/monatglobal.com\/es\/wp-json\/wp\/v2\/pages"}],"about":[{"href":"https:\/\/monatglobal.com\/es\/wp-json\/wp\/v2\/types\/page"}],"author":[{"embeddable":true,"href":"https:\/\/monatglobal.com\/es\/wp-json\/wp\/v2\/users\/47"}],"replies":[{"embeddable":true,"href":"https:\/\/monatglobal.com\/es\/wp-json\/wp\/v2\/comments?post=73088"}],"version-history":[{"count":37,"href":"https:\/\/monatglobal.com\/es\/wp-json\/wp\/v2\/pages\/73088\/revisions"}],"predecessor-version":[{"id":108898,"href":"https:\/\/monatglobal.com\/es\/wp-json\/wp\/v2\/pages\/73088\/revisions\/108898"}],"wp:featuredmedia":[{"embeddable":true,"href":"https:\/\/monatglobal.com\/es\/wp-json\/wp\/v2\/media\/83741"}],"wp:attachment":[{"href":"https:\/\/monatglobal.com\/es\/wp-json\/wp\/v2\/media?parent=73088"}],"wp:term":[{"taxonomy":"category","embeddable":true,"href":"https:\/\/monatglobal.com\/es\/wp-json\/wp\/v2\/categories?post=73088"},{"taxonomy":"post_tag","embeddable":true,"href":"https:\/\/monatglobal.com\/es\/wp-json\/wp\/v2\/tags?post=73088"}],"curies":[{"name":"wp","href":"https:\/\/api.w.org\/{rel}","templated":true}]}}