{"id":72937,"date":"2023-06-22T22:07:16","date_gmt":"2023-06-22T21:07:16","guid":{"rendered":"https:\/\/monatglobal.com\/es\/?page_id=72937"},"modified":"2025-06-18T14:40:09","modified_gmt":"2025-06-18T13:40:09","slug":"monathero","status":"publish","type":"page","link":"https:\/\/monatglobal.com\/es\/monathero\/","title":{"rendered":"Premio Chairman 2025"},"content":{"rendered":"\n<!--<a id=\"scrollBtn\">Nominate Your Hero Now<\/a>-->\n<!--<a id=\"scrollBtn\">-->\n<!--    -->\n<!--        <input id=\"language-toggle\" type=\"checkbox\"\/>-->\n<!--        <label for=\"language-toggle\"><\/label>-->\n<!--        Nominate Your Hero Now-->\n<!--    -->\n<!---->\n            <p>MONAT GRATITUDE Presenta<\/p>\n            <h1>EL PREMIO<br>CHAIRMAN 2025<\/h1>\n            <img decoding=\"async\" width=\"150\" src=\"https:\/\/monatglobal.com\/wp-content\/uploads\/2023\/06\/drop-logo-lines.svg\"> \n      Nuestro premio anual m\u00e1s importante otorgado<br> durante MONATions UnitedSe abren las candidaturas del <br>18  de junio al 3 de julio de 2025\n            <h2>\u00bfQui\u00e9n es un h\u00e9roe o hero\u00edna MONAT?<\/h2>\n            <h3>Un l\u00edder de MONAT con vocaci\u00f3n de servicio y que act\u00faa para conseguir un cambio positivo en su comunidad.<\/h3>\n         <img decoding=\"async\" src=\"https:\/\/monatglobal.com\/wp-content\/uploads\/2025\/05\/chairman-award_2025-min-1.png\" loading=\"lazy\"> \n               Estas son las cualidades que definen a un H\u00e9roe o Hero\u00edna de MONAT:<br>\n               \n            <ul>\n               <li>Una vida de servicios. \n               <\/li>\n               <li> \n                  Un coraz\u00f3n para compartir. \n               <\/li>\n               <li> \n                  Una inspiraci\u00f3n para todos.\n               <\/li>\n            <\/ul>\n      <br>\n      Nuestro premio con m\u00e1s prestigio, el Premio Chairman, se otorga cada a\u00f1o a una persona elegida por los compa\u00f1eros Market Partners.\n      <p> Desde el escenario, en directo y durante la celebraci\u00f3n de la gala Dream Bigger el d\u00eda 23 de agosto en MONATions United 2025, celebraremos al h\u00e9roe o hero\u00edna de MONAT de este a\u00f1o con un premio que entregar\u00e1 personalmente Luis Urdaneta, Chairman de MONAT.<\/p>\n   <img decoding=\"async\" src=\"https:\/\/monatglobal.com\/wp-content\/uploads\/2025\/05\/chairman-award_2025-min-1.png\" loading=\"lazy\"> \n      <a target=\"_blank\" href=\"https:\/\/form.jotform.com\/251325880627157\" aria-label=\"Go to nomination form\" rel=\"noopener\">Vota por tu h\u00e9roe MONAT<\/a>\n         <img decoding=\"async\" src=\"https:\/\/monatglobal.com\/wp-content\/uploads\/2025\/05\/chairman-awards-NOMINATIONS-OPEN_2025-min.jpg\" loading=\"lazy\">\n            Del 18 de junio al 3 de julio, te invitamos a que nombres al l\u00edder de MONAT que creas que deber\u00eda ser galardonado con este selecto premio y reconocerlo as\u00ed de una manera espectacular.\n            <br>\n            <img decoding=\"async\" src=\"https:\/\/monatglobal.com\/wp-content\/uploads\/2025\/05\/monathero-stage-2024-min.jpg\" loading=\"lazy\">\n         <img decoding=\"async\" src=\"https:\/\/monatglobal.com\/wp-content\/uploads\/2025\/05\/chairman-award-2025-min.jpg\" loading=\"lazy\"> \n            <h2>\u00bfQui\u00e9n re\u00fane los requisitos?<\/h2>\n            <p>Puedes proponer a cualquier Market Partner que est\u00e9 al d\u00eda con la empresa y haya conseguido el rango de carrera Market Mentor o&nbsp;superior.<\/p>\n            <a target=\"_blank\" href=\"https:\/\/form.jotform.com\/251325880627157\" aria-label=\"Go to nomination form\" rel=\"noopener\">Vota por tu h\u00e9roe MONAT<\/a>\n   <h2>\u00bfQu\u00e9 define a un <br>h\u00e9roe de MONAT?<\/h2>\n         <p>Un h\u00e9roe o hero\u00edna de MONAT es mucho m\u00e1s que un Market Partner con \u00e9xito, es una persona que deja huella en su comunidad y en el mundo. <br>Esta persona da todo su tiempo, talento y recursos para cambiar las cosas y compartir. Adem\u00e1s, hace mucho m\u00e1s que liderar un equipo: lidera con gratitud.<\/p>\n         <p>Un h\u00e9roe o hero\u00edna de MONAT es:<\/p>\n         <ul>\n            <li>Servicio<\/li>\n            <li>Participaci\u00f3n en la comunidad<\/li>\n            <li>Voluntariado<\/li>\n            <li>Caridad<\/li>\n            <li>Gratitud<\/li>\n            <li>Liderazgo<\/li>\n            <li>Humildad<\/li>\n            <li>Bondad<\/li>\n         <\/ul>\n   <h2>Elige a tu h\u00e9roe o hero\u00edna <br>de MONAT hoy mismo.<\/h2>\n   <p>Completa el formulario a trav\u00e9s del enlace m\u00e1s abajo. Aseg\u00farate de incluir tantos detalles como sea posible sobre la manera en la que esta persona lidera con gratitud y crea un impacto positivo en su comunidad. Se aceptan candidaturas para uno(a) mismo(a).<\/p>\n      <a target=\"_blank\" href=\"https:\/\/form.jotform.com\/251325880627157\" aria-label=\"Go to nomination form\" rel=\"noopener\">Vota por tu h\u00e9roe MONAT<\/a>\n   <img decoding=\"async\" src=\"https:\/\/monatglobal.com\/wp-content\/uploads\/2024\/05\/Brittany-Sauer-Chairmans-Award-USA_2023.jpg\" loading=\"lazy\">\n      <h2><a target=\"_blank\" href=\"https:\/\/monatgratitude.com\/pages\/chairmans-award\" rel=\"noopener\">\u00a1Conoce m\u00e1s<\/a> sobre los ganadores <br>del Premio Chairman! <\/h2>\n","protected":false},"excerpt":{"rendered":"<p>MONAT GRATITUDE Presenta EL PREMIOCHAIRMAN 2025 Nuestro premio anual m\u00e1s importante otorgado durante MONATions UnitedSe abren las candidaturas del 18 de junio al 3 de julio de 2025 \u00bfQui\u00e9n es un h\u00e9roe o hero\u00edna MONAT? Un l\u00edder de MONAT con vocaci\u00f3n de servicio y que act\u00faa para conseguir un cambio positivo en su comunidad. Estas&hellip;<\/p>\n","protected":false},"author":47,"featured_media":86822,"parent":0,"menu_order":0,"comment_status":"closed","ping_status":"closed","template":"","meta":{"inline_featured_image":false,"om_disable_all_campaigns":false,"_monsterinsights_skip_tracking":false,"_monsterinsights_sitenote_active":false,"_monsterinsights_sitenote_note":"","_monsterinsights_sitenote_category":0,"footnotes":""},"categories":[],"tags":[],"class_list":["post-72937","page","type-page","status-publish","has-post-thumbnail","hentry"],"aioseo_notices":[],"aioseo_head":"\n\t\t<!-- All in One SEO Pro 4.9.6 - aioseo.com -->\n\t<meta name=\"description\" content=\"\u00a1Nomina a un Market Partner de MONAT para el Premio Chairman 2025! Las candidaturas est\u00e1n abiertas del 18 de junio al 3 de julio. Celebremos el liderazgo y el impacto en la comunidad.\" \/>\n\t<meta name=\"robots\" content=\"max-image-preview:large\" \/>\n\t<link rel=\"canonical\" href=\"https:\/\/monatglobal.com\/es\/monathero\/\" \/>\n\t<meta name=\"generator\" content=\"All in One SEO Pro (AIOSEO) 4.9.6\" \/>\n\t\t<meta property=\"og:locale\" content=\"en_US\" \/>\n\t\t<meta property=\"og:site_name\" content=\"MONAT Espa\u00f1a - We Are Modern Nature\u00ae\" \/>\n\t\t<meta property=\"og:type\" content=\"article\" \/>\n\t\t<meta property=\"og:title\" content=\"MONAT Hero | Premio Chairman 2025 | MONATions\" \/>\n\t\t<meta property=\"og:description\" content=\"\u00a1Nomina a un Market Partner de MONAT para el Premio Chairman 2025! Las candidaturas est\u00e1n abiertas del 18 de junio al 3 de julio. Celebremos el liderazgo y el impacto en la comunidad.\" \/>\n\t\t<meta property=\"og:url\" content=\"https:\/\/monatglobal.com\/es\/monathero\/\" \/>\n\t\t<meta property=\"article:published_time\" content=\"2023-06-22T21:07:16+00:00\" \/>\n\t\t<meta property=\"article:modified_time\" content=\"2025-06-18T13:40:09+00:00\" \/>\n\t\t<meta name=\"twitter:card\" content=\"summary_large_image\" \/>\n\t\t<meta name=\"twitter:title\" content=\"MONAT Hero | Premio Chairman 2025 | MONATions\" \/>\n\t\t<meta name=\"twitter:description\" content=\"\u00a1Nomina a un Market Partner de MONAT para el Premio Chairman 2025! Las candidaturas est\u00e1n abiertas del 18 de junio al 3 de julio. Celebremos el liderazgo y el impacto en la comunidad.\" \/>\n\t\t<script type=\"application\/ld+json\" class=\"aioseo-schema\">\n\t\t\t{\"@context\":\"https:\\\/\\\/schema.org\",\"@graph\":[{\"@type\":\"BreadcrumbList\",\"@id\":\"https:\\\/\\\/monatglobal.com\\\/es\\\/monathero\\\/#breadcrumblist\",\"itemListElement\":[{\"@type\":\"ListItem\",\"@id\":\"https:\\\/\\\/monatglobal.com\\\/es#listItem\",\"position\":1,\"name\":\"Home\",\"item\":\"https:\\\/\\\/monatglobal.com\\\/es\",\"nextItem\":{\"@type\":\"ListItem\",\"@id\":\"https:\\\/\\\/monatglobal.com\\\/es\\\/monathero\\\/#listItem\",\"name\":\"Premio Chairman 2025\"}},{\"@type\":\"ListItem\",\"@id\":\"https:\\\/\\\/monatglobal.com\\\/es\\\/monathero\\\/#listItem\",\"position\":2,\"name\":\"Premio Chairman 2025\",\"previousItem\":{\"@type\":\"ListItem\",\"@id\":\"https:\\\/\\\/monatglobal.com\\\/es#listItem\",\"name\":\"Home\"}}]},{\"@type\":\"Organization\",\"@id\":\"https:\\\/\\\/monatglobal.com\\\/es\\\/#organization\",\"name\":\"MONAT Espa\\u00f1a\",\"description\":\"We Are Modern Nature\\u00ae\",\"url\":\"https:\\\/\\\/monatglobal.com\\\/es\\\/\"},{\"@type\":\"WebPage\",\"@id\":\"https:\\\/\\\/monatglobal.com\\\/es\\\/monathero\\\/#webpage\",\"url\":\"https:\\\/\\\/monatglobal.com\\\/es\\\/monathero\\\/\",\"name\":\"MONAT Hero | Premio Chairman 2025 | MONATions\",\"description\":\"\\u00a1Nomina a un Market Partner de MONAT para el Premio Chairman 2025! Las candidaturas est\\u00e1n abiertas del 18 de junio al 3 de julio. Celebremos el liderazgo y el impacto en la comunidad.\",\"inLanguage\":\"en-US\",\"isPartOf\":{\"@id\":\"https:\\\/\\\/monatglobal.com\\\/es\\\/#website\"},\"breadcrumb\":{\"@id\":\"https:\\\/\\\/monatglobal.com\\\/es\\\/monathero\\\/#breadcrumblist\"},\"image\":{\"@type\":\"ImageObject\",\"url\":\"https:\\\/\\\/monatglobal.com\\\/es\\\/wp-content\\\/uploads\\\/sites\\\/10\\\/2025\\\/06\\\/monathero-2025-ft-img-es-min.jpg\",\"@id\":\"https:\\\/\\\/monatglobal.com\\\/es\\\/monathero\\\/#mainImage\",\"width\":1200,\"height\":628},\"primaryImageOfPage\":{\"@id\":\"https:\\\/\\\/monatglobal.com\\\/es\\\/monathero\\\/#mainImage\"},\"datePublished\":\"2023-06-22T22:07:16+01:00\",\"dateModified\":\"2025-06-18T14:40:09+01:00\"},{\"@type\":\"WebSite\",\"@id\":\"https:\\\/\\\/monatglobal.com\\\/es\\\/#website\",\"url\":\"https:\\\/\\\/monatglobal.com\\\/es\\\/\",\"name\":\"MONAT Espa\\u00f1a\",\"description\":\"We Are Modern Nature\\u00ae\",\"inLanguage\":\"en-US\",\"publisher\":{\"@id\":\"https:\\\/\\\/monatglobal.com\\\/es\\\/#organization\"}}]}\n\t\t<\/script>\n\t\t<!-- All in One SEO Pro -->\r\n\t\t<title>MONAT Hero | Premio Chairman 2025 | MONATions<\/title>\n\n","aioseo_head_json":{"title":"MONAT Hero | Premio Chairman 2025 | MONATions","description":"\u00a1Nomina a un Market Partner de MONAT para el Premio Chairman 2025! Las candidaturas est\u00e1n abiertas del 18 de junio al 3 de julio. Celebremos el liderazgo y el impacto en la comunidad.","canonical_url":"https:\/\/monatglobal.com\/es\/monathero\/","robots":"max-image-preview:large","keywords":"","webmasterTools":{"miscellaneous":""},"schema":{"@context":"https:\/\/schema.org","@graph":[{"@type":"BreadcrumbList","@id":"https:\/\/monatglobal.com\/es\/monathero\/#breadcrumblist","itemListElement":[{"@type":"ListItem","@id":"https:\/\/monatglobal.com\/es#listItem","position":1,"name":"Home","item":"https:\/\/monatglobal.com\/es","nextItem":{"@type":"ListItem","@id":"https:\/\/monatglobal.com\/es\/monathero\/#listItem","name":"Premio Chairman 2025"}},{"@type":"ListItem","@id":"https:\/\/monatglobal.com\/es\/monathero\/#listItem","position":2,"name":"Premio Chairman 2025","previousItem":{"@type":"ListItem","@id":"https:\/\/monatglobal.com\/es#listItem","name":"Home"}}]},{"@type":"Organization","@id":"https:\/\/monatglobal.com\/es\/#organization","name":"MONAT Espa\u00f1a","description":"We Are Modern Nature\u00ae","url":"https:\/\/monatglobal.com\/es\/"},{"@type":"WebPage","@id":"https:\/\/monatglobal.com\/es\/monathero\/#webpage","url":"https:\/\/monatglobal.com\/es\/monathero\/","name":"MONAT Hero | Premio Chairman 2025 | MONATions","description":"\u00a1Nomina a un Market Partner de MONAT para el Premio Chairman 2025! Las candidaturas est\u00e1n abiertas del 18 de junio al 3 de julio. Celebremos el liderazgo y el impacto en la comunidad.","inLanguage":"en-US","isPartOf":{"@id":"https:\/\/monatglobal.com\/es\/#website"},"breadcrumb":{"@id":"https:\/\/monatglobal.com\/es\/monathero\/#breadcrumblist"},"image":{"@type":"ImageObject","url":"https:\/\/monatglobal.com\/es\/wp-content\/uploads\/sites\/10\/2025\/06\/monathero-2025-ft-img-es-min.jpg","@id":"https:\/\/monatglobal.com\/es\/monathero\/#mainImage","width":1200,"height":628},"primaryImageOfPage":{"@id":"https:\/\/monatglobal.com\/es\/monathero\/#mainImage"},"datePublished":"2023-06-22T22:07:16+01:00","dateModified":"2025-06-18T14:40:09+01:00"},{"@type":"WebSite","@id":"https:\/\/monatglobal.com\/es\/#website","url":"https:\/\/monatglobal.com\/es\/","name":"MONAT Espa\u00f1a","description":"We Are Modern Nature\u00ae","inLanguage":"en-US","publisher":{"@id":"https:\/\/monatglobal.com\/es\/#organization"}}]},"og:locale":"en_US","og:site_name":"MONAT Espa\u00f1a - We Are Modern Nature\u00ae","og:type":"article","og:title":"MONAT Hero | Premio Chairman 2025 | MONATions","og:description":"\u00a1Nomina a un Market Partner de MONAT para el Premio Chairman 2025! Las candidaturas est\u00e1n abiertas del 18 de junio al 3 de julio. Celebremos el liderazgo y el impacto en la comunidad.","og:url":"https:\/\/monatglobal.com\/es\/monathero\/","article:published_time":"2023-06-22T21:07:16+00:00","article:modified_time":"2025-06-18T13:40:09+00:00","twitter:card":"summary_large_image","twitter:title":"MONAT Hero | Premio Chairman 2025 | MONATions","twitter:description":"\u00a1Nomina a un Market Partner de MONAT para el Premio Chairman 2025! Las candidaturas est\u00e1n abiertas del 18 de junio al 3 de julio. Celebremos el liderazgo y el impacto en la comunidad."},"aioseo_meta_data":{"post_id":"72937","title":"MONAT Hero | Premio Chairman 2025 | MONATions","description":"\u00a1Nomina a un Market Partner de MONAT para el Premio Chairman 2025! Las candidaturas est\u00e1n abiertas del 18 de junio al 3 de julio. Celebremos el liderazgo y el impacto en la comunidad.","keywords":null,"keyphrases":{"focus":{"keyphrase":"","score":0,"analysis":{"keyphraseInTitle":{"score":0,"maxScore":9,"error":1}}},"additional":[]},"primary_term":null,"canonical_url":null,"og_title":null,"og_description":null,"og_object_type":"default","og_image_type":"default","og_image_url":null,"og_image_width":null,"og_image_height":null,"og_image_custom_url":null,"og_image_custom_fields":null,"og_video":"","og_custom_url":null,"og_article_section":null,"og_article_tags":null,"twitter_use_og":false,"twitter_card":"default","twitter_image_type":"default","twitter_image_url":null,"twitter_image_custom_url":null,"twitter_image_custom_fields":null,"twitter_title":null,"twitter_description":null,"schema":{"blockGraphs":[],"customGraphs":[],"default":{"data":{"Article":[],"Course":[],"Dataset":[],"FAQPage":[],"Movie":[],"Person":[],"Product":[],"ProductReview":[],"Car":[],"Recipe":[],"Service":[],"SoftwareApplication":[],"WebPage":[]},"graphName":"WebPage","isEnabled":true},"graphs":[]},"schema_type":"default","schema_type_options":null,"pillar_content":false,"robots_default":true,"robots_noindex":false,"robots_noarchive":false,"robots_nosnippet":false,"robots_nofollow":false,"robots_noimageindex":false,"robots_noodp":false,"robots_notranslate":false,"robots_max_snippet":"-1","robots_max_videopreview":"-1","robots_max_imagepreview":"large","priority":null,"frequency":"default","local_seo":null,"seo_analyzer_scan_date":"2025-08-14 18:26:10","limit_modified_date":false,"reviewed_by":"0","open_ai":"{\"title\":{\"suggestions\":[],\"usage\":0},\"description\":{\"suggestions\":[],\"usage\":0}}","ai":null,"created":"2023-07-26 09:38:53","updated":"2025-08-14 18:26:10"},"aioseo_breadcrumb":"<div class=\"aioseo-breadcrumbs\"><span class=\"aioseo-breadcrumb\">\n\t<a href=\"https:\/\/monatglobal.com\/es\" title=\"Home\">Home<\/a>\n<\/span><span class=\"aioseo-breadcrumb-separator\">&raquo;<\/span><span class=\"aioseo-breadcrumb\">\n\tPremio Chairman 2025\n<\/span><\/div>","aioseo_breadcrumb_json":[{"label":"Home","link":"https:\/\/monatglobal.com\/es"},{"label":"Premio Chairman 2025","link":"https:\/\/monatglobal.com\/es\/monathero\/"}],"_links":{"self":[{"href":"https:\/\/monatglobal.com\/es\/wp-json\/wp\/v2\/pages\/72937","targetHints":{"allow":["GET"]}}],"collection":[{"href":"https:\/\/monatglobal.com\/es\/wp-json\/wp\/v2\/pages"}],"about":[{"href":"https:\/\/monatglobal.com\/es\/wp-json\/wp\/v2\/types\/page"}],"author":[{"embeddable":true,"href":"https:\/\/monatglobal.com\/es\/wp-json\/wp\/v2\/users\/47"}],"replies":[{"embeddable":true,"href":"https:\/\/monatglobal.com\/es\/wp-json\/wp\/v2\/comments?post=72937"}],"version-history":[{"count":18,"href":"https:\/\/monatglobal.com\/es\/wp-json\/wp\/v2\/pages\/72937\/revisions"}],"predecessor-version":[{"id":86826,"href":"https:\/\/monatglobal.com\/es\/wp-json\/wp\/v2\/pages\/72937\/revisions\/86826"}],"wp:featuredmedia":[{"embeddable":true,"href":"https:\/\/monatglobal.com\/es\/wp-json\/wp\/v2\/media\/86822"}],"wp:attachment":[{"href":"https:\/\/monatglobal.com\/es\/wp-json\/wp\/v2\/media?parent=72937"}],"wp:term":[{"taxonomy":"category","embeddable":true,"href":"https:\/\/monatglobal.com\/es\/wp-json\/wp\/v2\/categories?post=72937"},{"taxonomy":"post_tag","embeddable":true,"href":"https:\/\/monatglobal.com\/es\/wp-json\/wp\/v2\/tags?post=72937"}],"curies":[{"name":"wp","href":"https:\/\/api.w.org\/{rel}","templated":true}]}}