{"id":72618,"date":"2023-05-19T09:00:00","date_gmt":"2023-05-19T08:00:00","guid":{"rendered":"https:\/\/monatglobal.com\/es\/?page_id=72618"},"modified":"2026-02-24T14:15:04","modified_gmt":"2026-02-24T14:15:04","slug":"control-hairspray","status":"publish","type":"page","link":"https:\/\/monatglobal.com\/es\/control-hairspray\/","title":{"rendered":"Spray para el cabello control flexible MONAT STUDIO ONE\u2122"},"content":{"rendered":"\n<link rel=\"stylesheet\" href=\"https:\/\/unpkg.com\/swiper\/swiper-bundle.min.css\">\n<link rel=\"stylesheet\" href=\"\/wp-content\/creative_css\/product_styles_sheet.css\"> \n    <!--==================================================== ECOMM SECTION ====================================================--> \n     <p>M\u00c1S VENDIDOS<\/p>\n        <!--==================================================== Ecomm image ====================================================-->\n        <img decoding=\"async\" src=\"\/nz\/wp-content\/uploads\/sites\/15\/2022\/10\/Flex-control-hairspray-e_comm.png\" alt=\"Product shot of MONAT STUDIO ONE\u2122 Flex Control Hairspray.\" loading=\"lazy\">\n        <!--==================================================== Ecomm information  ====================================================-->\n            \n            NUEVO\n             <p>M\u00c1S VENDIDOS<\/p>\n            <h1>Spray para el cabello<br>control flexible\u2122<\/h1>\n            <p>MONAT STUDIO ONE\u2122<\/p>\n            <p>Un spray de fijaci\u00f3n ligera a media que completa de manera impecable cualquier peinado.<\/p>\n            <p>Peso neto 227 g \u212e 236 ml<\/p>\n         <!--==================================================== pricing box  ====================================================-->\n         <p>Precio de venta Cliente<br>00.00 \u20ac<\/p>\n         <p>Precio Cliente VIP<br>00.00 \u20ac<\/p>\n          <!--==================================================== pricing box  ====================================================-->  \n            <p>Para conocer m\u00e1s sobre Spray para el cabello control flexible\u2122, ponte en contacto con tu Market Partner de MONAT.<\/p>\n          <a href=\"\" target=\"_blank\" role=\"button\" aria-label=\"\" rel=\"noopener\"><\/a>\n   <!--==================================================== \/ECOMM SECTION  ====================================================-->\n   <!--==================================================== Benefits image ====================================================-->\n   \n      <source media=\"(max-width: 700px)\" srcset=\"\/nz\/wp-content\/uploads\/sites\/15\/2022\/10\/Flex-control-hairspray-benefits-mobile.jpg\" loading=\"lazy\">\n      <img decoding=\"async\" alt=\"\tBrunette female smiling while holding MONAT STUDIO ONE\u2122 Flex Control Hairspray.\" src=\"\/nz\/wp-content\/uploads\/sites\/15\/2022\/10\/Flex-control-hairspray-benefits-desk.jpg\" loading=\"lazy\">\n   \n   <!--==================================================== Benefits text ====================================================-->\n         <h2>BENEFICIOS<\/h2>\n         <h3>Para cabellos manejables y de f\u00e1cil cepillado. <\/h3>\n         <p> Reforzado con REJUVENIQE<sup>\u00ae<\/sup> para ayudar a acondicionar los mechones a la vez que aporta fijaci\u00f3n. Formulado con un sistema propulsor respetuoso con el medio ambiente para ayudar a asegurar un impacto menor en el calentamiento global.<\/p>\n         <!--==================================================== features image  ====================================================-->\n         <img decoding=\"async\" alt=\"MONAT STUDIO ONE\u2122 Flex Control Hairspray laying on a flat surface, next to different ingredients.\" src=\"\/nz\/wp-content\/uploads\/sites\/15\/2022\/10\/Flex-control-hair-spray-features.jpg\" loading=\"lazy\">\n      <!--==================================================== features text ====================================================-->\n            <h3>Caracter\u00edsticas<\/h3>\n               <p>\/ Vers\u00e1til, ligero y de f\u00e1cil aplicaci\u00f3n<\/p>\n               <p>\/ Con efecto memoria y fijaci\u00f3n del peinado en condiciones de alta humedad*<\/p>\n               <p>\/ Ofrece fijaci\u00f3n flexible incluso cuando se peina<\/p>\n               <p>\/ Un espray agradable al tacto con fijaci\u00f3n de suave a media<\/p>\n               <p>\/ Bruma fina de secado r\u00e1pido<\/p>\n               <p>*Resultados basados en pruebas instrumentales.<\/p>\n               <br>\n            <p>Fragancia \/ Un fragancia floral fresca, combinada con notas de c\u00edtricos y hierbas con jazm\u00edn, lim\u00f3n Meyer, neroli y t\u00e9 verde.<\/p>\n            <p> Textura \/ Bruma en aerosol<\/p>\n   <!--==================================================== composition image mobile ====================================================-->\n   <img decoding=\"async\" alt=\"MONAT STUDIO ONE\u2122 Flex Control Hairspray laying on a stone, next to greenery and ingredients.\" src=\"\/nz\/wp-content\/uploads\/sites\/15\/2022\/10\/Flex-control-hair-spray-comp1.jpg\" loading=\"lazy\">\n   <!--==================================================== Why it works text ====================================================-->\n      <h2>Un spray de fijaci\u00f3n flexible, de ligera a media, que completa de manera impecable cualquier peinado.<\/h2>\n      <h3>Este espray ligero y vers\u00e1til proporciona una fijaci\u00f3n flexible y moldeable que no deja acumulaci\u00f3n ni residuos.<\/h3>\n      <p> Enriquecido con REJUVENIQE<sup>\u00ae<\/sup> para acondicionar el cabello para que luzca saludable.  Reforzado con REJUVENIQE<sup>\u00ae<\/sup> para ayudar a acondicionar los mechones del cabello para que se vean y se sientan m\u00e1s sanos.<\/p>\n<!--==================================================== Composition section ====================================================-->\n      <img decoding=\"async\" alt=\"MONAT STUDIO ONE\u2122 Flex Control Hairspray laying on a stone, next to greenery and ingredients.\" src=\"\/nz\/wp-content\/uploads\/sites\/15\/2022\/10\/Flex-control-hair-spray-comp1.jpg\" loading=\"lazy\">\n      <img decoding=\"async\" alt=\"Brunette female smiling and holding MONAT STUDIO ONE\u2122 Flex Control Hairspray.\" src=\"\/nz\/wp-content\/uploads\/sites\/15\/2022\/10\/Flex-control-hairspray-comp3.jpg\" loading=\"lazy\">\n            <!--==================================================== Directions text ====================================================--> \n               <h3>Instrucciones:<\/h3>\n               <p>\/ Sujeta el envase a 20-30 cm de distancia del cabello y roc\u00eda seg\u00fan tu necesidad.<\/p>\n               <p>Consejo para peinar: Roc\u00eda sobre el cabello seco con movimientos fluidos para conseguir una fijaci\u00f3n duradera en peinados lisos, ondulados o rizados<\/p>\n            <!--==================================================== Directions video ====================================================-->\n      <p>Damage Repair <br>Bond-Fortifying Hair Leave-In Cr\u00e8me  <br>1:28<\/p>\n      <a href=\"\" target=\"_blank\" role=\"button\" aria-label=\"\" rel=\"noopener\"><\/a>\n   <!--==================================================== Ingredients section  ====================================================-->\n      <h2>INGREDIENTES CLAVE<\/h2>\n               <p>REJUVENIQE<sup>\u00ae<\/sup><\/p>\n               <p>CAPIXYL<sup>\u2122<\/sup><\/p>\n               <p>Extracto de guisante<\/p>\n               <p>Protector UV<\/p>\n        <button id=\"myBtn\" type=\"button\">LISTA DE INGREDIENTES<\/button>\n      <!--==================================================== Modal content  ====================================================-->\n         \u00d7\n         <p>Tetrafluoropropene, Alcohol Denat., Heptyl Undecylenate, Diheptyl Succinate, Capryloyl Glycerin\/Sebacic Acid Copolymer, Picea Mariana Bark Extract, Pisum Sativum (Pea) Extract, Vitis Vinifera (Grape) Seed Oil, Prunus Amygdalus Dulcis (Sweet Almond) Oil, Argania Spinosa Kernel Oil, Limnanthes Alba (Meadowfoam) Seed Oil, Crambe Abyssinica Seed Oil, Camellia Oleifera Seed Oil, Solanum Lycopersicum (Tomato) Seed Oil, Daucus Carota Sativa (Carrot) Seed Oil, Citrus Limon (Lemon) Peel Oil, Citrus Aurantifolia (Lime) Oil, Citrus Aurantium Bergamia (Bergamot) Fruit Oil, Adansonia Digitata Oil, Mauritia Flexuosa Fruit Oil, Cocos Nucifera (Coconut) Oil, Gardenia Taitensis Flower Extract, Moringa Oleifera Seed Oil, Caryocar Brasiliense Fruit Oil, Helianthus Annuus (Sunflower) Seed Oil, Olea Europaea (Olive) Fruit Oil, Simmondsia Chinensis (Jojoba) Seed Extract, Glycerin, Aqua\/Water\/Eau, Fragrance\/Parfum, Benzyl Benzoate, Cinnamyl Alcohol, Citronellol, Limonene, Geraniol, Hexyl Cinnamal, Hydroxycitronellal, Linalool.<\/p>\n   <!--==================================================== You might also like section ====================================================-->\n      <h2>PUEDE QUE TAMBI\u00c9N TE GUSTE<\/h2>\n      <!--==================================================== Slider YOU MIGHT ALSO LIKE ====================================================-->\n      <!---->\n      <!--   -->\n            <!--==================================================== Slides products ====================================================-->\n            <!---->\n            <!--   <a href=\"\/es\/bb-creme\/#sand\" aria-label=\"Go to \u201eMONAT BB Cream SPF 30\u2122\" page\">-->\n            <!--      <img decoding=\"async\" src=\"\/uk\/wp-content\/uploads\/sites\/6\/2022\/09\/bb-cream-sand-ecomm.png\" alt=\"MONAT BB Cream SPF 30\u2122\" loading=\"lazy\"\/>-->\n            <!--      <p>MONAT BB Cream<br \/>SPF 30\u2122<\/p>-->\n            <!--   <\/a>-->\n            <!---->\n      <!--      -->\n      <!--         <a href=\"\/es\/blow-out-cream\/\" aria-label=\"Go to Crema de secado con calor MONAT STUDIO ONE\u2122 page\">-->\n      <!--            <img decoding=\"async\" src=\"\/wp-content\/uploads\/2022\/06\/blow-out-cream-e-comm.png\" alt=\"Crema de secado con calor MONAT STUDIO ONE\u2122\" loading=\"lazy\"\/>-->\n      <!--            <p>Crema de secado con calor<br \/>MONAT STUDIO ONE\u2122<\/p>-->\n      <!--         <\/a>-->\n      <!--      -->\n      <!--   -->\n         <!--==================================================== If we need navigation buttons  ====================================================-->\n      <!--   -->\n      <!--   -->\n         <!--==================================================== If we need paginations  ====================================================-->\n      <!--   -->\n      <!---->\n         <!--==================================================== If we need navigation buttons  ====================================================-->\n         <!--==================================================== If we need paginations  ====================================================-->\n    <a href=\"\" aria-label=\"\"><\/a>\n<!--==================================================== this link has to go last for it to work   ====================================================-->\n","protected":false},"excerpt":{"rendered":"<p>M\u00c1S VENDIDOS NUEVO M\u00c1S VENDIDOS Spray para el cabellocontrol flexible\u2122 MONAT STUDIO ONE\u2122 Un spray de fijaci\u00f3n ligera a media que completa de manera impecable cualquier peinado. Peso neto 227 g \u212e 236 ml Precio de venta Cliente00.00 \u20ac Precio Cliente VIP00.00 \u20ac Para conocer m\u00e1s sobre Spray para el cabello control flexible\u2122, ponte en&hellip;<\/p>\n","protected":false},"author":31,"featured_media":109205,"parent":0,"menu_order":0,"comment_status":"closed","ping_status":"closed","template":"","meta":{"inline_featured_image":false,"om_disable_all_campaigns":false,"_monsterinsights_skip_tracking":false,"_monsterinsights_sitenote_active":false,"_monsterinsights_sitenote_note":"","_monsterinsights_sitenote_category":0,"footnotes":""},"categories":[31],"tags":[],"class_list":["post-72618","page","type-page","status-publish","has-post-thumbnail","hentry","category-product-es"],"aioseo_notices":[],"aioseo_head":"\n\t\t<!-- All in One SEO Pro 4.9.6 - aioseo.com -->\n\t<meta name=\"description\" content=\"M\u00c1S VENDIDOS --&gt;\" \/>\n\t<meta name=\"robots\" content=\"max-image-preview:large\" \/>\n\t<link rel=\"canonical\" href=\"https:\/\/monatglobal.com\/es\/control-hairspray\/\" \/>\n\t<meta name=\"generator\" content=\"All in One SEO Pro (AIOSEO) 4.9.6\" \/>\n\t\t<meta property=\"og:locale\" content=\"en_US\" \/>\n\t\t<meta property=\"og:site_name\" content=\"MONAT Espa\u00f1a - We Are Modern Nature\u00ae\" \/>\n\t\t<meta property=\"og:type\" content=\"article\" \/>\n\t\t<meta property=\"og:title\" content=\"Spray para el cabello control flexible MONAT STUDIO ONE\u2122\" \/>\n\t\t<meta property=\"og:description\" content=\"M\u00c1S VENDIDOS --&gt;\" \/>\n\t\t<meta property=\"og:url\" content=\"https:\/\/monatglobal.com\/es\/control-hairspray\/\" \/>\n\t\t<meta property=\"article:published_time\" content=\"2023-05-19T08:00:00+00:00\" \/>\n\t\t<meta property=\"article:modified_time\" content=\"2026-02-24T14:15:04+00:00\" \/>\n\t\t<meta name=\"twitter:card\" content=\"summary_large_image\" \/>\n\t\t<meta name=\"twitter:title\" content=\"Spray para el cabello control flexible MONAT STUDIO ONE\u2122\" \/>\n\t\t<meta name=\"twitter:description\" content=\"M\u00c1S VENDIDOS --&gt;\" \/>\n\t\t<script type=\"application\/ld+json\" class=\"aioseo-schema\">\n\t\t\t{\"@context\":\"https:\\\/\\\/schema.org\",\"@graph\":[{\"@type\":\"BreadcrumbList\",\"@id\":\"https:\\\/\\\/monatglobal.com\\\/es\\\/control-hairspray\\\/#breadcrumblist\",\"itemListElement\":[{\"@type\":\"ListItem\",\"@id\":\"https:\\\/\\\/monatglobal.com\\\/es#listItem\",\"position\":1,\"name\":\"Home\",\"item\":\"https:\\\/\\\/monatglobal.com\\\/es\",\"nextItem\":{\"@type\":\"ListItem\",\"@id\":\"https:\\\/\\\/monatglobal.com\\\/es\\\/control-hairspray\\\/#listItem\",\"name\":\"Spray para el cabello control flexible MONAT STUDIO ONE\\u2122\"}},{\"@type\":\"ListItem\",\"@id\":\"https:\\\/\\\/monatglobal.com\\\/es\\\/control-hairspray\\\/#listItem\",\"position\":2,\"name\":\"Spray para el cabello control flexible MONAT STUDIO ONE\\u2122\",\"previousItem\":{\"@type\":\"ListItem\",\"@id\":\"https:\\\/\\\/monatglobal.com\\\/es#listItem\",\"name\":\"Home\"}}]},{\"@type\":\"Organization\",\"@id\":\"https:\\\/\\\/monatglobal.com\\\/es\\\/#organization\",\"name\":\"MONAT Espa\\u00f1a\",\"description\":\"We Are Modern Nature\\u00ae\",\"url\":\"https:\\\/\\\/monatglobal.com\\\/es\\\/\"},{\"@type\":\"WebPage\",\"@id\":\"https:\\\/\\\/monatglobal.com\\\/es\\\/control-hairspray\\\/#webpage\",\"url\":\"https:\\\/\\\/monatglobal.com\\\/es\\\/control-hairspray\\\/\",\"name\":\"Spray para el cabello control flexible MONAT STUDIO ONE\\u2122\",\"description\":\"M\\u00c1S VENDIDOS -->\",\"inLanguage\":\"en-US\",\"isPartOf\":{\"@id\":\"https:\\\/\\\/monatglobal.com\\\/es\\\/#website\"},\"breadcrumb\":{\"@id\":\"https:\\\/\\\/monatglobal.com\\\/es\\\/control-hairspray\\\/#breadcrumblist\"},\"image\":{\"@type\":\"ImageObject\",\"url\":\"https:\\\/\\\/monatglobal.com\\\/es\\\/wp-content\\\/uploads\\\/sites\\\/10\\\/2026\\\/02\\\/Flex-control-hairspray-e_comm-min.png\",\"@id\":\"https:\\\/\\\/monatglobal.com\\\/es\\\/control-hairspray\\\/#mainImage\",\"width\":641,\"height\":800},\"primaryImageOfPage\":{\"@id\":\"https:\\\/\\\/monatglobal.com\\\/es\\\/control-hairspray\\\/#mainImage\"},\"datePublished\":\"2023-05-19T09:00:00+01:00\",\"dateModified\":\"2026-02-24T14:15:04+00:00\"},{\"@type\":\"WebSite\",\"@id\":\"https:\\\/\\\/monatglobal.com\\\/es\\\/#website\",\"url\":\"https:\\\/\\\/monatglobal.com\\\/es\\\/\",\"name\":\"MONAT Espa\\u00f1a\",\"description\":\"We Are Modern Nature\\u00ae\",\"inLanguage\":\"en-US\",\"publisher\":{\"@id\":\"https:\\\/\\\/monatglobal.com\\\/es\\\/#organization\"}}]}\n\t\t<\/script>\n\t\t<!-- All in One SEO Pro -->\r\n\t\t<title>Spray para el cabello control flexible MONAT STUDIO ONE\u2122<\/title>\n\n","aioseo_head_json":{"title":"Spray para el cabello control flexible MONAT STUDIO ONE\u2122","description":"M\u00c1S VENDIDOS -->","canonical_url":"https:\/\/monatglobal.com\/es\/control-hairspray\/","robots":"max-image-preview:large","keywords":"","webmasterTools":{"miscellaneous":""},"schema":{"@context":"https:\/\/schema.org","@graph":[{"@type":"BreadcrumbList","@id":"https:\/\/monatglobal.com\/es\/control-hairspray\/#breadcrumblist","itemListElement":[{"@type":"ListItem","@id":"https:\/\/monatglobal.com\/es#listItem","position":1,"name":"Home","item":"https:\/\/monatglobal.com\/es","nextItem":{"@type":"ListItem","@id":"https:\/\/monatglobal.com\/es\/control-hairspray\/#listItem","name":"Spray para el cabello control flexible MONAT STUDIO ONE\u2122"}},{"@type":"ListItem","@id":"https:\/\/monatglobal.com\/es\/control-hairspray\/#listItem","position":2,"name":"Spray para el cabello control flexible MONAT STUDIO ONE\u2122","previousItem":{"@type":"ListItem","@id":"https:\/\/monatglobal.com\/es#listItem","name":"Home"}}]},{"@type":"Organization","@id":"https:\/\/monatglobal.com\/es\/#organization","name":"MONAT Espa\u00f1a","description":"We Are Modern Nature\u00ae","url":"https:\/\/monatglobal.com\/es\/"},{"@type":"WebPage","@id":"https:\/\/monatglobal.com\/es\/control-hairspray\/#webpage","url":"https:\/\/monatglobal.com\/es\/control-hairspray\/","name":"Spray para el cabello control flexible MONAT STUDIO ONE\u2122","description":"M\u00c1S VENDIDOS -->","inLanguage":"en-US","isPartOf":{"@id":"https:\/\/monatglobal.com\/es\/#website"},"breadcrumb":{"@id":"https:\/\/monatglobal.com\/es\/control-hairspray\/#breadcrumblist"},"image":{"@type":"ImageObject","url":"https:\/\/monatglobal.com\/es\/wp-content\/uploads\/sites\/10\/2026\/02\/Flex-control-hairspray-e_comm-min.png","@id":"https:\/\/monatglobal.com\/es\/control-hairspray\/#mainImage","width":641,"height":800},"primaryImageOfPage":{"@id":"https:\/\/monatglobal.com\/es\/control-hairspray\/#mainImage"},"datePublished":"2023-05-19T09:00:00+01:00","dateModified":"2026-02-24T14:15:04+00:00"},{"@type":"WebSite","@id":"https:\/\/monatglobal.com\/es\/#website","url":"https:\/\/monatglobal.com\/es\/","name":"MONAT Espa\u00f1a","description":"We Are Modern Nature\u00ae","inLanguage":"en-US","publisher":{"@id":"https:\/\/monatglobal.com\/es\/#organization"}}]},"og:locale":"en_US","og:site_name":"MONAT Espa\u00f1a - We Are Modern Nature\u00ae","og:type":"article","og:title":"Spray para el cabello control flexible MONAT STUDIO ONE\u2122","og:description":"M\u00c1S VENDIDOS --&gt;","og:url":"https:\/\/monatglobal.com\/es\/control-hairspray\/","article:published_time":"2023-05-19T08:00:00+00:00","article:modified_time":"2026-02-24T14:15:04+00:00","twitter:card":"summary_large_image","twitter:title":"Spray para el cabello control flexible MONAT STUDIO ONE\u2122","twitter:description":"M\u00c1S VENDIDOS --&gt;"},"aioseo_meta_data":{"post_id":"72618","title":"Spray para el cabello control flexible MONAT STUDIO ONE\u2122","description":null,"keywords":null,"keyphrases":{"focus":{"keyphrase":"","score":0,"analysis":{"keyphraseInTitle":{"score":0,"maxScore":9,"error":1}}},"additional":[]},"primary_term":null,"canonical_url":null,"og_title":null,"og_description":null,"og_object_type":"default","og_image_type":"default","og_image_url":null,"og_image_width":null,"og_image_height":null,"og_image_custom_url":null,"og_image_custom_fields":null,"og_video":"","og_custom_url":null,"og_article_section":null,"og_article_tags":null,"twitter_use_og":false,"twitter_card":"default","twitter_image_type":"default","twitter_image_url":null,"twitter_image_custom_url":null,"twitter_image_custom_fields":null,"twitter_title":null,"twitter_description":null,"schema":{"blockGraphs":[],"customGraphs":[],"default":{"data":{"Article":[],"Course":[],"Dataset":[],"FAQPage":[],"Movie":[],"Person":[],"Product":[],"ProductReview":[],"Car":[],"Recipe":[],"Service":[],"SoftwareApplication":[],"WebPage":[]},"graphName":"WebPage","isEnabled":true},"graphs":[]},"schema_type":"default","schema_type_options":null,"pillar_content":false,"robots_default":true,"robots_noindex":false,"robots_noarchive":false,"robots_nosnippet":false,"robots_nofollow":false,"robots_noimageindex":false,"robots_noodp":false,"robots_notranslate":false,"robots_max_snippet":"-1","robots_max_videopreview":"-1","robots_max_imagepreview":"large","priority":null,"frequency":"default","local_seo":null,"seo_analyzer_scan_date":"2026-02-24 14:47:31","limit_modified_date":false,"reviewed_by":"0","open_ai":null,"ai":{"faqs":[],"keyPoints":[],"titles":[],"descriptions":[],"socialPosts":{"email":[],"linkedin":[],"twitter":[],"facebook":[],"instagram":[]}},"created":"2023-07-26 09:38:53","updated":"2026-02-24 14:47:31"},"aioseo_breadcrumb":"<div class=\"aioseo-breadcrumbs\"><span class=\"aioseo-breadcrumb\">\n\t<a href=\"https:\/\/monatglobal.com\/es\" title=\"Home\">Home<\/a>\n<\/span><span class=\"aioseo-breadcrumb-separator\">&raquo;<\/span><span class=\"aioseo-breadcrumb\">\n\tSpray para el cabello control flexible MONAT STUDIO ONE\u2122\n<\/span><\/div>","aioseo_breadcrumb_json":[{"label":"Home","link":"https:\/\/monatglobal.com\/es"},{"label":"Spray para el cabello control flexible MONAT STUDIO ONE\u2122","link":"https:\/\/monatglobal.com\/es\/control-hairspray\/"}],"_links":{"self":[{"href":"https:\/\/monatglobal.com\/es\/wp-json\/wp\/v2\/pages\/72618","targetHints":{"allow":["GET"]}}],"collection":[{"href":"https:\/\/monatglobal.com\/es\/wp-json\/wp\/v2\/pages"}],"about":[{"href":"https:\/\/monatglobal.com\/es\/wp-json\/wp\/v2\/types\/page"}],"author":[{"embeddable":true,"href":"https:\/\/monatglobal.com\/es\/wp-json\/wp\/v2\/users\/31"}],"replies":[{"embeddable":true,"href":"https:\/\/monatglobal.com\/es\/wp-json\/wp\/v2\/comments?post=72618"}],"version-history":[{"count":42,"href":"https:\/\/monatglobal.com\/es\/wp-json\/wp\/v2\/pages\/72618\/revisions"}],"predecessor-version":[{"id":109207,"href":"https:\/\/monatglobal.com\/es\/wp-json\/wp\/v2\/pages\/72618\/revisions\/109207"}],"wp:featuredmedia":[{"embeddable":true,"href":"https:\/\/monatglobal.com\/es\/wp-json\/wp\/v2\/media\/109205"}],"wp:attachment":[{"href":"https:\/\/monatglobal.com\/es\/wp-json\/wp\/v2\/media?parent=72618"}],"wp:term":[{"taxonomy":"category","embeddable":true,"href":"https:\/\/monatglobal.com\/es\/wp-json\/wp\/v2\/categories?post=72618"},{"taxonomy":"post_tag","embeddable":true,"href":"https:\/\/monatglobal.com\/es\/wp-json\/wp\/v2\/tags?post=72618"}],"curies":[{"name":"wp","href":"https:\/\/api.w.org\/{rel}","templated":true}]}}