{"id":72615,"date":"2023-04-27T09:30:00","date_gmt":"2023-04-27T08:30:00","guid":{"rendered":"https:\/\/monatglobal.com\/es\/?page_id=72615"},"modified":"2023-06-23T13:49:48","modified_gmt":"2023-06-23T12:49:48","slug":"body-butter","status":"publish","type":"page","link":"https:\/\/monatglobal.com\/es\/body-butter\/","title":{"rendered":"MONAT BODY CARE\u2122 Bakuchiol Body Butter &#8211; LTO"},"content":{"rendered":"\n\n\t<link rel=\"stylesheet\" href=\"https:\/\/unpkg.com\/swiper\/swiper-bundle.min.css\" \/>\n<link rel=\"stylesheet\" href=\"https:\/\/monatglobal.com\/wp-content\/creative_css\/product_styles_sheet.css\" \/>\n   <!--==================================================== ECOMM SECTION ====================================================-->\n      <!--==================================================== Ecomm image ====================================================-->\n            NEW\n           \n      <img decoding=\"async\" src=\"https:\/\/monatglobal.com\/wp-content\/uploads\/2023\/04\/bakuchiol-body-butter-e-comm-1.png\" alt=\"Product shot of a MONAT BODY CARE\u2122 Bakuchiol Body butter\"\/>\n         \n      <!--==================================================== Ecomm information  ====================================================-->\n    NUEVO\n    <img decoding=\"async\" src=\"https:\/\/monatglobal.com\/uk\/wp-content\/uploads\/sites\/6\/2023\/04\/MONAT-Gratitude-Foundation-Logo-Horizontal.svg\"\/>\n \t\t\t<h1>Bakuchiol Body Butter<br \/>MONAT BODY CARE\u2122<\/h1> \n\t\t\t\n\t\t\t<p>150 ml e 5 fl. oz.<\/p>\n<p>Precio descontado: <br \/>27 \u20ac<\/p>\n\t\t\t\t\t<p>Valor al cliente: <br \/>27 \u20ac<\/p>\n\t\t\t\t\t<p>Cliente VIP paga: <br \/>27 \u20ac<\/p>\n\t\t\t<p>Para saber m\u00e1s sobre el Bakuchiol Body Butter MONAT BODY CARE\u2122 , ponte en contacto con tu Market Partner de MONAT.<\/p>\n\t\t\t<p>AGOTADO<\/p>\n\t\t\t\t\t<!--\n\t\t\t\t<a href=\"https:\/\/corp.mymonat.com\/shop\/t\/categories\/gratitude-promotion\" target=\"_blank\" aria-label=\"Go to Bakuchiol body butter shop\" rel=\"noopener\">COMPRA AHORA<\/a> \n\t\t\t-->\n   <!--==================================================== \/ECOMM SECTION  ====================================================-->\n    <img decoding=\"async\" id=\"benefits_label\" src=\"https:\/\/monatglobal.com\/uk\/wp-content\/uploads\/sites\/6\/2023\/04\/monatgratitude-foundation-logo.svg\"\/>\n   <!--==================================================== Benefits image ====================================================-->\n   \n      <source media=\"(max-width: 700px)\" srcset=\"https:\/\/monatglobal.com\/uk\/wp-content\/uploads\/sites\/6\/2023\/04\/bakuchiol-body-butter-benefits-mobile_ecomm-min.jpg\"\/>\n      <img decoding=\"async\" alt=\"Two jars of a MONAT BODY CARE\u2122 Bakuchiol Body Butter, one of this open showing its content, surrounded of a hair brush and a band of towel.\" \n      src=\"https:\/\/monatglobal.com\/uk\/wp-content\/uploads\/sites\/6\/2023\/04\/bakuchiol-body-butter-benefits-desktop_ecomm-min.jpg\"\/>\n   \n   <!--==================================================== Benefits text ====================================================-->\n          \n         <h3>Brilla con Gratitude con el Bakuchiol Body Butter MONAT BODY CARE\u2122 <\/h3>\n         <p>Esta rica hidratante corporal nutre en profundidad tu piel con hidratantes de gran rendimiento como la manteca de karit\u00e9, el aceite de coco y el bakuchiol (la alternativa vegana al retinol), para conseguir un nivel de hidrataci\u00f3n y luminosidad superiores. Al bakuchiol se le conoce a menudo como un retinol natural. Es conocido por proporcionar todos los beneficios del retinol sin provocar irritabilidad a la piel. Esto hace que sea agradable y efectivo para todo tipo de pieles, incluidas las pieles sensibles.<\/p>\n         <!--==================================================== features image  ====================================================-->\n         <img decoding=\"async\" alt=\"A product shot of MONAT BODY CARE\u2122 Bakuchiol Body Butter on top of a marble stone in front of bunch of white flowers.\" src=\"https:\/\/monatglobal.com\/uk\/wp-content\/uploads\/sites\/6\/2023\/04\/bakuchiol-body-butter-features-min.jpg\"\/>\n      <!--==================================================== features text ====================================================-->\n            <h3>Beneficios: <\/h3>\n               <p>\/ Nutre en profundidad y acondiciona la piel a la vez que aporta luminosidad.<\/p>\n               <p>\/ Reforzado con hidratantes de gran rendimiento.<\/p>\n               <p>\/ Absorbe r\u00e1pidamente sin dejar una sensaci\u00f3n pegajosa o grasa. <\/p>\n               <p>\/ Se extiende como una espuma y nutre como una crema.<\/p>\n               <p>\/ Se deshace f\u00e1cilmente para calmar la piel.<\/p>\n               <br \/>\n               <br \/>\n            <h3>Infused with REJUVENIQE S<sup>\u2122<\/sup> and shea butter, More than a Balm by MONAT\u2122 features an exotic scent of vivid fruits and flowers transitioning to lingering notes of velvety woods and musk that delivers an extra touch of hydration to skin and hair anytime, any&nbsp;place.<\/h3>\n               <p> Infused with shea butter, this luxurious body bar cleans, conditions, and refreshes for maximum smoothness and&nbsp;softness.<\/p>\n               <br \/>\n         <!--==================================================== features image  ====================================================-->\n         <img decoding=\"async\" alt=\"A product shot of MONAT BODY CARE\u2122 Bakuchiol Body Butter on top of a marble stone in front of bunch of white flowers.\" src=\"https:\/\/monatglobal.com\/uk\/wp-content\/uploads\/sites\/6\/2023\/04\/bakuchiol-body-butter-features-min.jpg\"\/>\n   <!--==================================================== composition image mobile ====================================================-->\n   <img decoding=\"async\" alt=\"Two jars of MONAT BODY CARE\u2122 Bakuchiol Body Butter over a mirror surrounded by magazines.\" src=\"https:\/\/monatglobal.com\/uk\/wp-content\/uploads\/sites\/6\/2023\/04\/Bakuchiol-body-butter-stand-alone.jpg\"\/>\n       <h2>Ingredientes principales:<\/h2>\n                   <img decoding=\"async\" src=\"https:\/\/monatglobal.com\/wp-content\/uploads\/2022\/11\/Shea-Butter.svg\" alt=\"Shea Butter\"\/>\n               <p>Manteca de karit\u00e9<\/p>\n                   <img decoding=\"async\" src=\"https:\/\/monatglobal.com\/wp-content\/uploads\/2022\/11\/Mango-Seed-Butter.svg\" alt=\"Mango Seed Butter\"\/> \n               <p>Manteca de semilla de mango<\/p>\n               <p>Bakuchiol<\/p>\n                   <img decoding=\"async\" src=\"https:\/\/monatglobal.com\/wp-content\/uploads\/2022\/11\/Coconut-Oil.svg\" alt=\"Coconut Oil\"\/> \n              <p>Aceite de coco <\/p>\n                  <img decoding=\"async\" src=\"https:\/\/monatglobal.com\/wp-content\/uploads\/2022\/11\/Ceramides.svg\" alt=\"Ceramidas\"\/> \n              <p>Ceramidas<\/p>\n                  <img decoding=\"async\" src=\"https:\/\/monatglobal.com\/wp-content\/uploads\/2022\/11\/Niacinamide-Vitamin-B3.svg\" alt=\"Niacinamide Vitamin B3\"\/>\n              <p>Niacinamida<\/p>\n<!--==================================================== Composition section ====================================================-->\n      <img decoding=\"async\" alt=\"Two jars of MONAT BODY CARE\u2122 Bakuchiol Body Butter over a mirror surrounded by magazines.\" src=\"https:\/\/monatglobal.com\/uk\/wp-content\/uploads\/sites\/6\/2023\/04\/Bakuchiol-body-butter-stand-alone.jpg\"\/>\n      <img decoding=\"async\" alt=\"Two jars of MONAT BODY CARE\u2122 Bakuchiol Body Butter on a White background overlying a texture product image.\" src=\"https:\/\/monatglobal.com\/uk\/wp-content\/uploads\/sites\/6\/2023\/04\/bakuchiol-body-butter-comp2-min.jpg\"\/>\n  <img decoding=\"async\" src=\"https:\/\/monatglobal.com\/uk\/wp-content\/uploads\/sites\/6\/2023\/04\/gratitude-fundation.svg\"\/>\n         <h2>Invirtamos juntos en futuros l\u00edderes y saquemos el potencial de la juventud<\/h2> \n         <h3>MONAT Gratitude es un movimiento global y creciente de personas que quieren cambiar el mundo y que buscan generar un impacto positivo por el bien de todos. Se cre\u00f3 como una organizaci\u00f3n sin \u00e1nimo de lucro en 2019. La Fundaci\u00f3n MONAT Gratitude ha apoyado iniciativas globales para promover un cambio positivo y empoderar a futuros l\u00edderes. <\/h3>\n         <p>Este esp\u00edritu de gratitud es el tim\u00f3n de nuestra misi\u00f3n. Esto gu\u00eda e inspira a nuestras grandes comunidades a actuar, garantizando que los ni\u00f1os, las familias y las comunidades, independientemente de su raza, nacionalidad o ingresos, tengan la oportunidad de prosperar. <\/p>\n         <p>Ya sea a trav\u00e9s de la donaci\u00f3n, el voluntariado o simplemente mostrando amor y ofreciendo tu apoyo, ninguna contribuci\u00f3n es demasiado peque\u00f1a y ning\u00fan gesto es demasiado grande.<\/p>\n         <p>El 100% de las ganancias netas procedentes de cada producto de Gratitude de edici\u00f3n limitada se dona a los programas de la Fundaci\u00f3n Gratitude de MONAT y a los socios que invierten en iniciativas educativas para j\u00f3venes.<\/p> \n         <p>Para m\u00e1s preguntas ponte en contacto con el Equipo de Gratitude en <a href=\"mailto:gratitude@monatglobal.com.\" target=\"_blank\" rel=\"noopener\"> gratitude@monatglobal.com.<\/a><\/p> \n\t\t\t<p>AGOTADO<\/p>\n    <!--\n  \t<a href=\"https:\/\/corp.mymonat.com\/shop\/t\/categories\/gratitude-promotion\" target=\"_blank\" aria-label=\"Go to Bakuchiol body butter shop\" rel=\"noopener\">COMPRA AHORA<\/a> \n   -->\n   <!--==================================================== Ingredients section  ====================================================-->\n   <!--==================================================== You might also like section ====================================================-->\n      <h2>YOU MIGHT ALSO LIKE<\/h2>\n      <!--==================================================== Slider YOU MIGHT ALSO LIKE ====================================================-->\n            <!--==================================================== Slides products ====================================================-->\n               <a href=\"\/?page_id=58676\" aria-label=\"Go to MONAT FOR MEN\u2122 Essential face Wash page\">\n                  <img decoding=\"async\" src=\"https:\/\/monatglobal.com\/pl\/wp-content\/uploads\/2022\/01\/essential-face-wash-ecomm-2022.png\" alt=\"MONAT FOR MEN\u2122 face Wash\"\/>\n                  <p>Gel corporal esencial <br \/> MONAT FOR MEN\u2122<\/p>\n               <\/a>\n               <a href=\"\/?page_id=58651\" aria-label=\"Go to MONAT FOR MEN\u2122 Essential Face Scrub page\">\n                  <img decoding=\"async\" src=\"https:\/\/monatglobal.com\/pl\/wp-content\/uploads\/2022\/01\/essential-face-scrub-ecomm-2022.png\" alt=\"MONAT FOR MEN\u2122 Essential Face Scrub\"\/>\n                  <p>Exfoliante facial esencial <br \/> MONAT FOR MEN\u2122<\/p>\n               <\/a>\n               <a href=\"\/?page_id=68050\" aria-label=\"Go to MONAT FOR MEN\u2122 Essential Face Moisturizer page\">\n                  <img decoding=\"async\" src=\"https:\/\/monatglobal.com\/pl\/wp-content\/uploads\/2022\/01\/essential-face-moisturizer-ecomm-2022.png\" alt=\"MONAT FOR MEN\u2122 Essential Face Moisturizer\"\/>\n                  <p>Hidratante facial esencial<br \/>MONAT FOR MEN\u2122<\/p>\n               <\/a>\n         <!--==================================================== If we need navigation buttons  ====================================================-->\n         <!--==================================================== If we need paginations  ====================================================-->\n     <a href=\"https:\/\/monatgratitude.com\/\" aria-label=\"Go to all Skincare Products\"><p>Learn more about Gratitude<\/p><\/a>\n<!--==================================================== this link has to go last for it to work   ====================================================-->\n\n","protected":false},"excerpt":{"rendered":"<p>NEW NUEVO Bakuchiol Body ButterMONAT BODY CARE\u2122 150 ml e 5 fl. oz. Precio descontado: 27 \u20ac Valor al cliente: 27 \u20ac Cliente VIP paga: 27 \u20ac Para saber m\u00e1s sobre el Bakuchiol Body Butter MONAT BODY CARE\u2122 , ponte en contacto con tu Market Partner de MONAT. AGOTADO Brilla con Gratitude con el Bakuchiol&hellip;<\/p>\n","protected":false},"author":31,"featured_media":0,"parent":0,"menu_order":0,"comment_status":"closed","ping_status":"closed","template":"","meta":{"inline_featured_image":false,"om_disable_all_campaigns":false,"_monsterinsights_skip_tracking":false,"_monsterinsights_sitenote_active":false,"_monsterinsights_sitenote_note":"","_monsterinsights_sitenote_category":0,"footnotes":""},"categories":[1],"tags":[],"class_list":["post-72615","page","type-page","status-publish","hentry","category-sin-categorizar"],"aioseo_notices":[],"aioseo_head":"\n\t\t<!-- All in One SEO Pro 4.9.5.2 - aioseo.com -->\n\t<meta name=\"description\" content=\"NEW NUEVO Bakuchiol Body ButterMONAT BODY CARE\u2122 150 ml e 5 fl. oz. Precio descontado: 27 \u20ac Valor al cliente: 27 \u20ac Cliente VIP paga: 27 \u20ac Para saber m\u00e1s sobre el Bakuchiol Body Butter MONAT BODY CARE\u2122 , ponte en contacto con tu Market Partner de MONAT. AGOTADO Brilla con Gratitude con el Bakuchiol\" \/>\n\t<meta name=\"robots\" content=\"max-image-preview:large\" \/>\n\t<link rel=\"canonical\" href=\"https:\/\/monatglobal.com\/es\/body-butter\/\" \/>\n\t<meta name=\"generator\" content=\"All in One SEO Pro (AIOSEO) 4.9.5.2\" \/>\n\t\t<meta property=\"og:locale\" content=\"en_US\" \/>\n\t\t<meta property=\"og:site_name\" content=\"MONAT Espa\u00f1a - We Are Modern Nature\u00ae\" \/>\n\t\t<meta property=\"og:type\" content=\"article\" \/>\n\t\t<meta property=\"og:title\" content=\"MONAT BODY CARE\u2122 Bakuchiol Body Butter \u2013 LTO - MONAT Espa\u00f1a\" \/>\n\t\t<meta property=\"og:description\" content=\"NEW NUEVO Bakuchiol Body ButterMONAT BODY CARE\u2122 150 ml e 5 fl. oz. Precio descontado: 27 \u20ac Valor al cliente: 27 \u20ac Cliente VIP paga: 27 \u20ac Para saber m\u00e1s sobre el Bakuchiol Body Butter MONAT BODY CARE\u2122 , ponte en contacto con tu Market Partner de MONAT. AGOTADO Brilla con Gratitude con el Bakuchiol\" \/>\n\t\t<meta property=\"og:url\" content=\"https:\/\/monatglobal.com\/es\/body-butter\/\" \/>\n\t\t<meta property=\"article:published_time\" content=\"2023-04-27T08:30:00+00:00\" \/>\n\t\t<meta property=\"article:modified_time\" content=\"2023-06-23T12:49:48+00:00\" \/>\n\t\t<meta name=\"twitter:card\" content=\"summary_large_image\" \/>\n\t\t<meta name=\"twitter:title\" content=\"MONAT BODY CARE\u2122 Bakuchiol Body Butter \u2013 LTO - MONAT Espa\u00f1a\" \/>\n\t\t<meta name=\"twitter:description\" content=\"NEW NUEVO Bakuchiol Body ButterMONAT BODY CARE\u2122 150 ml e 5 fl. oz. Precio descontado: 27 \u20ac Valor al cliente: 27 \u20ac Cliente VIP paga: 27 \u20ac Para saber m\u00e1s sobre el Bakuchiol Body Butter MONAT BODY CARE\u2122 , ponte en contacto con tu Market Partner de MONAT. AGOTADO Brilla con Gratitude con el Bakuchiol\" \/>\n\t\t<script type=\"application\/ld+json\" class=\"aioseo-schema\">\n\t\t\t{\"@context\":\"https:\\\/\\\/schema.org\",\"@graph\":[{\"@type\":\"BreadcrumbList\",\"@id\":\"https:\\\/\\\/monatglobal.com\\\/es\\\/body-butter\\\/#breadcrumblist\",\"itemListElement\":[{\"@type\":\"ListItem\",\"@id\":\"https:\\\/\\\/monatglobal.com\\\/es#listItem\",\"position\":1,\"name\":\"Home\",\"item\":\"https:\\\/\\\/monatglobal.com\\\/es\",\"nextItem\":{\"@type\":\"ListItem\",\"@id\":\"https:\\\/\\\/monatglobal.com\\\/es\\\/body-butter\\\/#listItem\",\"name\":\"MONAT BODY CARE\\u2122 Bakuchiol Body Butter &#8211; LTO\"}},{\"@type\":\"ListItem\",\"@id\":\"https:\\\/\\\/monatglobal.com\\\/es\\\/body-butter\\\/#listItem\",\"position\":2,\"name\":\"MONAT BODY CARE\\u2122 Bakuchiol Body Butter &#8211; LTO\",\"previousItem\":{\"@type\":\"ListItem\",\"@id\":\"https:\\\/\\\/monatglobal.com\\\/es#listItem\",\"name\":\"Home\"}}]},{\"@type\":\"Organization\",\"@id\":\"https:\\\/\\\/monatglobal.com\\\/es\\\/#organization\",\"name\":\"MONAT Espa\\u00f1a\",\"description\":\"We Are Modern Nature\\u00ae\",\"url\":\"https:\\\/\\\/monatglobal.com\\\/es\\\/\"},{\"@type\":\"WebPage\",\"@id\":\"https:\\\/\\\/monatglobal.com\\\/es\\\/body-butter\\\/#webpage\",\"url\":\"https:\\\/\\\/monatglobal.com\\\/es\\\/body-butter\\\/\",\"name\":\"MONAT BODY CARE\\u2122 Bakuchiol Body Butter \\u2013 LTO - MONAT Espa\\u00f1a\",\"description\":\"NEW NUEVO Bakuchiol Body ButterMONAT BODY CARE\\u2122 150 ml e 5 fl. oz. Precio descontado: 27 \\u20ac Valor al cliente: 27 \\u20ac Cliente VIP paga: 27 \\u20ac Para saber m\\u00e1s sobre el Bakuchiol Body Butter MONAT BODY CARE\\u2122 , ponte en contacto con tu Market Partner de MONAT. AGOTADO Brilla con Gratitude con el Bakuchiol\",\"inLanguage\":\"en-US\",\"isPartOf\":{\"@id\":\"https:\\\/\\\/monatglobal.com\\\/es\\\/#website\"},\"breadcrumb\":{\"@id\":\"https:\\\/\\\/monatglobal.com\\\/es\\\/body-butter\\\/#breadcrumblist\"},\"datePublished\":\"2023-04-27T09:30:00+01:00\",\"dateModified\":\"2023-06-23T13:49:48+01:00\"},{\"@type\":\"WebSite\",\"@id\":\"https:\\\/\\\/monatglobal.com\\\/es\\\/#website\",\"url\":\"https:\\\/\\\/monatglobal.com\\\/es\\\/\",\"name\":\"MONAT Espa\\u00f1a\",\"description\":\"We Are Modern Nature\\u00ae\",\"inLanguage\":\"en-US\",\"publisher\":{\"@id\":\"https:\\\/\\\/monatglobal.com\\\/es\\\/#organization\"}}]}\n\t\t<\/script>\n\t\t<!-- All in One SEO Pro -->\r\n\t\t<title>MONAT BODY CARE\u2122 Bakuchiol Body Butter \u2013 LTO - MONAT Espa\u00f1a<\/title>\n\n","aioseo_head_json":{"title":"MONAT BODY CARE\u2122 Bakuchiol Body Butter \u2013 LTO - MONAT Espa\u00f1a","description":"NEW NUEVO Bakuchiol Body ButterMONAT BODY CARE\u2122 150 ml e 5 fl. oz. Precio descontado: 27 \u20ac Valor al cliente: 27 \u20ac Cliente VIP paga: 27 \u20ac Para saber m\u00e1s sobre el Bakuchiol Body Butter MONAT BODY CARE\u2122 , ponte en contacto con tu Market Partner de MONAT. AGOTADO Brilla con Gratitude con el Bakuchiol","canonical_url":"https:\/\/monatglobal.com\/es\/body-butter\/","robots":"max-image-preview:large","keywords":"","webmasterTools":{"miscellaneous":""},"schema":{"@context":"https:\/\/schema.org","@graph":[{"@type":"BreadcrumbList","@id":"https:\/\/monatglobal.com\/es\/body-butter\/#breadcrumblist","itemListElement":[{"@type":"ListItem","@id":"https:\/\/monatglobal.com\/es#listItem","position":1,"name":"Home","item":"https:\/\/monatglobal.com\/es","nextItem":{"@type":"ListItem","@id":"https:\/\/monatglobal.com\/es\/body-butter\/#listItem","name":"MONAT BODY CARE\u2122 Bakuchiol Body Butter &#8211; LTO"}},{"@type":"ListItem","@id":"https:\/\/monatglobal.com\/es\/body-butter\/#listItem","position":2,"name":"MONAT BODY CARE\u2122 Bakuchiol Body Butter &#8211; LTO","previousItem":{"@type":"ListItem","@id":"https:\/\/monatglobal.com\/es#listItem","name":"Home"}}]},{"@type":"Organization","@id":"https:\/\/monatglobal.com\/es\/#organization","name":"MONAT Espa\u00f1a","description":"We Are Modern Nature\u00ae","url":"https:\/\/monatglobal.com\/es\/"},{"@type":"WebPage","@id":"https:\/\/monatglobal.com\/es\/body-butter\/#webpage","url":"https:\/\/monatglobal.com\/es\/body-butter\/","name":"MONAT BODY CARE\u2122 Bakuchiol Body Butter \u2013 LTO - MONAT Espa\u00f1a","description":"NEW NUEVO Bakuchiol Body ButterMONAT BODY CARE\u2122 150 ml e 5 fl. oz. Precio descontado: 27 \u20ac Valor al cliente: 27 \u20ac Cliente VIP paga: 27 \u20ac Para saber m\u00e1s sobre el Bakuchiol Body Butter MONAT BODY CARE\u2122 , ponte en contacto con tu Market Partner de MONAT. AGOTADO Brilla con Gratitude con el Bakuchiol","inLanguage":"en-US","isPartOf":{"@id":"https:\/\/monatglobal.com\/es\/#website"},"breadcrumb":{"@id":"https:\/\/monatglobal.com\/es\/body-butter\/#breadcrumblist"},"datePublished":"2023-04-27T09:30:00+01:00","dateModified":"2023-06-23T13:49:48+01:00"},{"@type":"WebSite","@id":"https:\/\/monatglobal.com\/es\/#website","url":"https:\/\/monatglobal.com\/es\/","name":"MONAT Espa\u00f1a","description":"We Are Modern Nature\u00ae","inLanguage":"en-US","publisher":{"@id":"https:\/\/monatglobal.com\/es\/#organization"}}]},"og:locale":"en_US","og:site_name":"MONAT Espa\u00f1a - We Are Modern Nature\u00ae","og:type":"article","og:title":"MONAT BODY CARE\u2122 Bakuchiol Body Butter \u2013 LTO - MONAT Espa\u00f1a","og:description":"NEW NUEVO Bakuchiol Body ButterMONAT BODY CARE\u2122 150 ml e 5 fl. oz. Precio descontado: 27 \u20ac Valor al cliente: 27 \u20ac Cliente VIP paga: 27 \u20ac Para saber m\u00e1s sobre el Bakuchiol Body Butter MONAT BODY CARE\u2122 , ponte en contacto con tu Market Partner de MONAT. AGOTADO Brilla con Gratitude con el Bakuchiol","og:url":"https:\/\/monatglobal.com\/es\/body-butter\/","article:published_time":"2023-04-27T08:30:00+00:00","article:modified_time":"2023-06-23T12:49:48+00:00","twitter:card":"summary_large_image","twitter:title":"MONAT BODY CARE\u2122 Bakuchiol Body Butter \u2013 LTO - MONAT Espa\u00f1a","twitter:description":"NEW NUEVO Bakuchiol Body ButterMONAT BODY CARE\u2122 150 ml e 5 fl. oz. Precio descontado: 27 \u20ac Valor al cliente: 27 \u20ac Cliente VIP paga: 27 \u20ac Para saber m\u00e1s sobre el Bakuchiol Body Butter MONAT BODY CARE\u2122 , ponte en contacto con tu Market Partner de MONAT. AGOTADO Brilla con Gratitude con el Bakuchiol"},"aioseo_meta_data":{"post_id":"72615","title":null,"description":null,"keywords":null,"keyphrases":null,"primary_term":null,"canonical_url":null,"og_title":null,"og_description":null,"og_object_type":"default","og_image_type":"default","og_image_url":null,"og_image_width":null,"og_image_height":null,"og_image_custom_url":null,"og_image_custom_fields":null,"og_video":null,"og_custom_url":null,"og_article_section":null,"og_article_tags":null,"twitter_use_og":false,"twitter_card":"default","twitter_image_type":"default","twitter_image_url":null,"twitter_image_custom_url":null,"twitter_image_custom_fields":null,"twitter_title":null,"twitter_description":null,"schema":{"blockGraphs":[],"customGraphs":[],"default":{"data":{"Article":[],"Course":[],"Dataset":[],"FAQPage":[],"Movie":[],"Person":[],"Product":[],"ProductReview":[],"Car":[],"Recipe":[],"Service":[],"SoftwareApplication":[],"WebPage":[]},"graphName":"","isEnabled":true},"graphs":[]},"schema_type":"default","schema_type_options":null,"pillar_content":false,"robots_default":true,"robots_noindex":false,"robots_noarchive":false,"robots_nosnippet":false,"robots_nofollow":false,"robots_noimageindex":false,"robots_noodp":false,"robots_notranslate":false,"robots_max_snippet":null,"robots_max_videopreview":null,"robots_max_imagepreview":"large","priority":null,"frequency":null,"local_seo":null,"seo_analyzer_scan_date":"2025-08-14 18:24:08","limit_modified_date":false,"reviewed_by":null,"open_ai":null,"ai":null,"created":"2023-07-26 09:38:53","updated":"2025-08-14 18:24:08"},"aioseo_breadcrumb":"<div class=\"aioseo-breadcrumbs\"><span class=\"aioseo-breadcrumb\">\n\t<a href=\"https:\/\/monatglobal.com\/es\" title=\"Home\">Home<\/a>\n<\/span><span class=\"aioseo-breadcrumb-separator\">&raquo;<\/span><span class=\"aioseo-breadcrumb\">\n\tMONAT BODY CARE\u2122 Bakuchiol Body Butter \u2013 LTO\n<\/span><\/div>","aioseo_breadcrumb_json":[{"label":"Home","link":"https:\/\/monatglobal.com\/es"},{"label":"MONAT BODY CARE\u2122 Bakuchiol Body Butter &#8211; LTO","link":"https:\/\/monatglobal.com\/es\/body-butter\/"}],"_links":{"self":[{"href":"https:\/\/monatglobal.com\/es\/wp-json\/wp\/v2\/pages\/72615","targetHints":{"allow":["GET"]}}],"collection":[{"href":"https:\/\/monatglobal.com\/es\/wp-json\/wp\/v2\/pages"}],"about":[{"href":"https:\/\/monatglobal.com\/es\/wp-json\/wp\/v2\/types\/page"}],"author":[{"embeddable":true,"href":"https:\/\/monatglobal.com\/es\/wp-json\/wp\/v2\/users\/31"}],"replies":[{"embeddable":true,"href":"https:\/\/monatglobal.com\/es\/wp-json\/wp\/v2\/comments?post=72615"}],"version-history":[{"count":4,"href":"https:\/\/monatglobal.com\/es\/wp-json\/wp\/v2\/pages\/72615\/revisions"}],"predecessor-version":[{"id":72944,"href":"https:\/\/monatglobal.com\/es\/wp-json\/wp\/v2\/pages\/72615\/revisions\/72944"}],"wp:attachment":[{"href":"https:\/\/monatglobal.com\/es\/wp-json\/wp\/v2\/media?parent=72615"}],"wp:term":[{"taxonomy":"category","embeddable":true,"href":"https:\/\/monatglobal.com\/es\/wp-json\/wp\/v2\/categories?post=72615"},{"taxonomy":"post_tag","embeddable":true,"href":"https:\/\/monatglobal.com\/es\/wp-json\/wp\/v2\/tags?post=72615"}],"curies":[{"name":"wp","href":"https:\/\/api.w.org\/{rel}","templated":true}]}}