{"id":72559,"date":"2023-09-27T15:28:12","date_gmt":"2023-09-27T14:28:12","guid":{"rendered":"https:\/\/monatglobal.com\/es\/?page_id=72559"},"modified":"2026-03-19T20:41:36","modified_gmt":"2026-03-19T20:41:36","slug":"join","status":"publish","type":"page","link":"https:\/\/monatglobal.com\/es\/join\/","title":{"rendered":"\u00danete a MONAT ahora | Descubre MONAT"},"content":{"rendered":"\n\n\t<section id=\"joinSec\">\n        <img decoding=\"async\" src=\"https:\/\/monatglobal.com\/de\/wp-content\/uploads\/sites\/22\/2025\/01\/oil-drop-MONAT-logo-black-.png\" alt=\"MONAT oild drop logo\" loading=\"lazy\"\/>\n        <p>Bienvenido(a) a MONAT<\/p>\n        <h1>\u00bfQu\u00e9 te gustar\u00eda <br \/>hacer hoy?<\/h1> \n                <a href=\"https:\/\/corp.mymonat.com\/pyr_core\/v2_enrollments\/select_market?sponsor_id=&#038;enroll_params=profile_form_type%3Dexpress&#038;market=es&#038;lang_code=es\" target=\"_blank\">\n                    <img decoding=\"async\" src=\"https:\/\/monatglobal.com\/wp-content\/uploads\/2025\/02\/maket-partner-min.jpg\" loading=\"lazy\"\/>\n                        <p>Monetizar mi rutina de belleza <br \/> Crear una peque\u00f1a empresa <br \/> + Crear un equipo <\/p>\n                            <p>\u00daNETE COMO<\/p>\n                            <button>MARKET PARTNER MONAT<\/button> \n                <\/a>\n                <p>Para m\u00e1s informaci\u00f3n, visita <br \/> <a href=\"https:\/\/monatglobal.com\/es\/the-monat-opportunity\/\">https:\/\/monatglobal.com\/es\/the-monat-opportunity\/<\/a><\/p>\n                <a href=\"https:\/\/corp.mymonat.com\/pyr_core\/v2_enrollments\/select_market?enroll_params=profile_form_type%3Dvip_for_life&#038;lang_code=es&#038;market=ES\" target=\"_blank\">\n                    <img decoding=\"async\" src=\"https:\/\/monatglobal.com\/wp-content\/uploads\/2025\/02\/join-as-a-VIP-min.jpg\" loading=\"lazy\"\/>\n                        <p>Compra productos premium con un&nbsp;15%&nbsp;de&nbsp;descuento <br \/>+ Gana premios para ahorrar dinero<\/p>\n                            <p>\u00daNETE COMO<\/p>\n                            <button>VIP de MONAT<\/button>\n                <\/a>\n                <p>Para m\u00e1s informaci\u00f3n, visita <br \/> <a href=\"https:\/\/monatglobal.com\/es\/vip\/\">https:\/\/monatglobal.com\/es\/vip\/<\/a><\/p>\n                <a href=\"https:\/\/corp.mymonat.com\/pyr_core\/v2_enrollments\/select_market?sponsor_id=&#038;enroll_params=profile_form_type%3Dcustomer&#038;market=es&#038;lang_code=es\" target=\"_blank\">\n                    <img decoding=\"async\" src=\"https:\/\/monatglobal.com\/wp-content\/uploads\/2025\/02\/shop-retail-price-min.jpg\" loading=\"lazy\"\/>\n                        <p>Comprar productos al precio de venta al&nbsp;p\u00fablico <\/p>\n                            <button>COMPRAR AHORA<\/button>\n                <\/a>\n                <p>Para m\u00e1s informaci\u00f3n, visita <br \/> <a href=\"https:\/\/monatglobal.com\/es\/products\/\">https:\/\/monatglobal.com\/es\/products\/<\/a><\/p>\n        <!---->\n        <!---->\n        <!---->\n       <!-- TrustBox widget - Mini -->\n  <a href=\"https:\/\/es.trustpilot.com\/review\/monatglobal.com\" target=\"_blank\" rel=\"noopener\">Trustpilot<\/a>\n<!-- End TrustBox widget -->\n<\/section>\n\n","protected":false},"excerpt":{"rendered":"<p>Bienvenido(a) a MONAT \u00bfQu\u00e9 te gustar\u00eda hacer hoy? Monetizar mi rutina de belleza Crear una peque\u00f1a empresa + Crear un equipo \u00daNETE COMO MARKET PARTNER MONAT Para m\u00e1s informaci\u00f3n, visita https:\/\/monatglobal.com\/es\/the-monat-opportunity\/ Compra productos premium con un&nbsp;15%&nbsp;de&nbsp;descuento + Gana premios para ahorrar dinero \u00daNETE COMO VIP de MONAT Para m\u00e1s informaci\u00f3n, visita https:\/\/monatglobal.com\/es\/vip\/ Comprar productos al&hellip;<\/p>\n","protected":false},"author":31,"featured_media":86433,"parent":0,"menu_order":0,"comment_status":"closed","ping_status":"closed","template":"","meta":{"inline_featured_image":false,"om_disable_all_campaigns":false,"_monsterinsights_skip_tracking":false,"_monsterinsights_sitenote_active":false,"_monsterinsights_sitenote_note":"","_monsterinsights_sitenote_category":0,"footnotes":""},"categories":[],"tags":[],"class_list":["post-72559","page","type-page","status-publish","has-post-thumbnail","hentry"],"aioseo_notices":[],"aioseo_head":"\n\t\t<!-- All in One SEO Pro 4.9.6 - aioseo.com -->\n\t<meta name=\"description\" content=\"\u00a1Descubre MONAT y comienza tu viaje hoy! Ya sea que quieras convertir en dinero tu rutina de belleza como Market Partner, disfrutar de recompensas exclusivas como VIP, o comprar como Cliente minorista, comenzar es f\u00e1cil.\" \/>\n\t<meta name=\"robots\" content=\"max-image-preview:large\" \/>\n\t<link rel=\"canonical\" href=\"https:\/\/monatglobal.com\/es\/join\/\" \/>\n\t<meta name=\"generator\" content=\"All in One SEO Pro (AIOSEO) 4.9.6\" \/>\n\t\t<meta property=\"og:locale\" content=\"en_US\" \/>\n\t\t<meta property=\"og:site_name\" content=\"MONAT Espa\u00f1a - We Are Modern Nature\u00ae\" \/>\n\t\t<meta property=\"og:type\" content=\"article\" \/>\n\t\t<meta property=\"og:title\" content=\"\u00danete a MONAT ahora | Descubre MONAT\" \/>\n\t\t<meta property=\"og:description\" content=\"\u00a1Descubre MONAT y comienza tu viaje hoy! Ya sea que quieras convertir en dinero tu rutina de belleza como Market Partner, disfrutar de recompensas exclusivas como VIP, o comprar como Cliente minorista, comenzar es f\u00e1cil.\" \/>\n\t\t<meta property=\"og:url\" content=\"https:\/\/monatglobal.com\/es\/join\/\" \/>\n\t\t<meta property=\"article:published_time\" content=\"2023-09-27T14:28:12+00:00\" \/>\n\t\t<meta property=\"article:modified_time\" content=\"2026-03-19T20:41:36+00:00\" \/>\n\t\t<meta name=\"twitter:card\" content=\"summary_large_image\" \/>\n\t\t<meta name=\"twitter:title\" content=\"\u00danete a MONAT ahora | Descubre MONAT\" \/>\n\t\t<meta name=\"twitter:description\" content=\"\u00a1Descubre MONAT y comienza tu viaje hoy! Ya sea que quieras convertir en dinero tu rutina de belleza como Market Partner, disfrutar de recompensas exclusivas como VIP, o comprar como Cliente minorista, comenzar es f\u00e1cil.\" \/>\n\t\t<script type=\"application\/ld+json\" class=\"aioseo-schema\">\n\t\t\t{\"@context\":\"https:\\\/\\\/schema.org\",\"@graph\":[{\"@type\":\"BreadcrumbList\",\"@id\":\"https:\\\/\\\/monatglobal.com\\\/es\\\/join\\\/#breadcrumblist\",\"itemListElement\":[{\"@type\":\"ListItem\",\"@id\":\"https:\\\/\\\/monatglobal.com\\\/es#listItem\",\"position\":1,\"name\":\"Home\",\"item\":\"https:\\\/\\\/monatglobal.com\\\/es\",\"nextItem\":{\"@type\":\"ListItem\",\"@id\":\"https:\\\/\\\/monatglobal.com\\\/es\\\/join\\\/#listItem\",\"name\":\"\\u00danete a MONAT ahora | Descubre MONAT\"}},{\"@type\":\"ListItem\",\"@id\":\"https:\\\/\\\/monatglobal.com\\\/es\\\/join\\\/#listItem\",\"position\":2,\"name\":\"\\u00danete a MONAT ahora | Descubre MONAT\",\"previousItem\":{\"@type\":\"ListItem\",\"@id\":\"https:\\\/\\\/monatglobal.com\\\/es#listItem\",\"name\":\"Home\"}}]},{\"@type\":\"Organization\",\"@id\":\"https:\\\/\\\/monatglobal.com\\\/es\\\/#organization\",\"name\":\"MONAT Espa\\u00f1a\",\"description\":\"We Are Modern Nature\\u00ae\",\"url\":\"https:\\\/\\\/monatglobal.com\\\/es\\\/\"},{\"@type\":\"WebPage\",\"@id\":\"https:\\\/\\\/monatglobal.com\\\/es\\\/join\\\/#webpage\",\"url\":\"https:\\\/\\\/monatglobal.com\\\/es\\\/join\\\/\",\"name\":\"\\u00danete a MONAT ahora | Descubre MONAT\",\"description\":\"\\u00a1Descubre MONAT y comienza tu viaje hoy! Ya sea que quieras convertir en dinero tu rutina de belleza como Market Partner, disfrutar de recompensas exclusivas como VIP, o comprar como Cliente minorista, comenzar es f\\u00e1cil.\",\"inLanguage\":\"en-US\",\"isPartOf\":{\"@id\":\"https:\\\/\\\/monatglobal.com\\\/es\\\/#website\"},\"breadcrumb\":{\"@id\":\"https:\\\/\\\/monatglobal.com\\\/es\\\/join\\\/#breadcrumblist\"},\"image\":{\"@type\":\"ImageObject\",\"url\":\"https:\\\/\\\/monatglobal.com\\\/es\\\/wp-content\\\/uploads\\\/sites\\\/10\\\/2025\\\/02\\\/ES_FT_IMG-min.jpg\",\"@id\":\"https:\\\/\\\/monatglobal.com\\\/es\\\/join\\\/#mainImage\",\"width\":1200,\"height\":628},\"primaryImageOfPage\":{\"@id\":\"https:\\\/\\\/monatglobal.com\\\/es\\\/join\\\/#mainImage\"},\"datePublished\":\"2023-09-27T15:28:12+01:00\",\"dateModified\":\"2026-03-19T20:41:36+00:00\"},{\"@type\":\"WebSite\",\"@id\":\"https:\\\/\\\/monatglobal.com\\\/es\\\/#website\",\"url\":\"https:\\\/\\\/monatglobal.com\\\/es\\\/\",\"name\":\"MONAT Espa\\u00f1a\",\"description\":\"We Are Modern Nature\\u00ae\",\"inLanguage\":\"en-US\",\"publisher\":{\"@id\":\"https:\\\/\\\/monatglobal.com\\\/es\\\/#organization\"}}]}\n\t\t<\/script>\n\t\t<!-- All in One SEO Pro -->\r\n\t\t<title>\u00danete a MONAT ahora | Descubre MONAT<\/title>\n\n","aioseo_head_json":{"title":"\u00danete a MONAT ahora | Descubre MONAT","description":"\u00a1Descubre MONAT y comienza tu viaje hoy! Ya sea que quieras convertir en dinero tu rutina de belleza como Market Partner, disfrutar de recompensas exclusivas como VIP, o comprar como Cliente minorista, comenzar es f\u00e1cil.","canonical_url":"https:\/\/monatglobal.com\/es\/join\/","robots":"max-image-preview:large","keywords":"","webmasterTools":{"miscellaneous":""},"schema":{"@context":"https:\/\/schema.org","@graph":[{"@type":"BreadcrumbList","@id":"https:\/\/monatglobal.com\/es\/join\/#breadcrumblist","itemListElement":[{"@type":"ListItem","@id":"https:\/\/monatglobal.com\/es#listItem","position":1,"name":"Home","item":"https:\/\/monatglobal.com\/es","nextItem":{"@type":"ListItem","@id":"https:\/\/monatglobal.com\/es\/join\/#listItem","name":"\u00danete a MONAT ahora | Descubre MONAT"}},{"@type":"ListItem","@id":"https:\/\/monatglobal.com\/es\/join\/#listItem","position":2,"name":"\u00danete a MONAT ahora | Descubre MONAT","previousItem":{"@type":"ListItem","@id":"https:\/\/monatglobal.com\/es#listItem","name":"Home"}}]},{"@type":"Organization","@id":"https:\/\/monatglobal.com\/es\/#organization","name":"MONAT Espa\u00f1a","description":"We Are Modern Nature\u00ae","url":"https:\/\/monatglobal.com\/es\/"},{"@type":"WebPage","@id":"https:\/\/monatglobal.com\/es\/join\/#webpage","url":"https:\/\/monatglobal.com\/es\/join\/","name":"\u00danete a MONAT ahora | Descubre MONAT","description":"\u00a1Descubre MONAT y comienza tu viaje hoy! Ya sea que quieras convertir en dinero tu rutina de belleza como Market Partner, disfrutar de recompensas exclusivas como VIP, o comprar como Cliente minorista, comenzar es f\u00e1cil.","inLanguage":"en-US","isPartOf":{"@id":"https:\/\/monatglobal.com\/es\/#website"},"breadcrumb":{"@id":"https:\/\/monatglobal.com\/es\/join\/#breadcrumblist"},"image":{"@type":"ImageObject","url":"https:\/\/monatglobal.com\/es\/wp-content\/uploads\/sites\/10\/2025\/02\/ES_FT_IMG-min.jpg","@id":"https:\/\/monatglobal.com\/es\/join\/#mainImage","width":1200,"height":628},"primaryImageOfPage":{"@id":"https:\/\/monatglobal.com\/es\/join\/#mainImage"},"datePublished":"2023-09-27T15:28:12+01:00","dateModified":"2026-03-19T20:41:36+00:00"},{"@type":"WebSite","@id":"https:\/\/monatglobal.com\/es\/#website","url":"https:\/\/monatglobal.com\/es\/","name":"MONAT Espa\u00f1a","description":"We Are Modern Nature\u00ae","inLanguage":"en-US","publisher":{"@id":"https:\/\/monatglobal.com\/es\/#organization"}}]},"og:locale":"en_US","og:site_name":"MONAT Espa\u00f1a - We Are Modern Nature\u00ae","og:type":"article","og:title":"\u00danete a MONAT ahora | Descubre MONAT","og:description":"\u00a1Descubre MONAT y comienza tu viaje hoy! Ya sea que quieras convertir en dinero tu rutina de belleza como Market Partner, disfrutar de recompensas exclusivas como VIP, o comprar como Cliente minorista, comenzar es f\u00e1cil.","og:url":"https:\/\/monatglobal.com\/es\/join\/","article:published_time":"2023-09-27T14:28:12+00:00","article:modified_time":"2026-03-19T20:41:36+00:00","twitter:card":"summary_large_image","twitter:title":"\u00danete a MONAT ahora | Descubre MONAT","twitter:description":"\u00a1Descubre MONAT y comienza tu viaje hoy! Ya sea que quieras convertir en dinero tu rutina de belleza como Market Partner, disfrutar de recompensas exclusivas como VIP, o comprar como Cliente minorista, comenzar es f\u00e1cil."},"aioseo_meta_data":{"post_id":"72559","title":"\u00danete a MONAT ahora | Descubre MONAT","description":"\u00a1Descubre MONAT y comienza tu viaje hoy! Ya sea que quieras convertir en dinero tu rutina de belleza como Market Partner, disfrutar de recompensas exclusivas como VIP, o comprar como Cliente minorista, comenzar es f\u00e1cil.","keywords":null,"keyphrases":{"focus":{"keyphrase":"","score":0,"analysis":{"keyphraseInTitle":{"score":0,"maxScore":9,"error":1}}},"additional":[]},"primary_term":null,"canonical_url":null,"og_title":null,"og_description":null,"og_object_type":"default","og_image_type":"default","og_image_url":null,"og_image_width":null,"og_image_height":null,"og_image_custom_url":null,"og_image_custom_fields":null,"og_video":"","og_custom_url":null,"og_article_section":null,"og_article_tags":null,"twitter_use_og":false,"twitter_card":"default","twitter_image_type":"default","twitter_image_url":null,"twitter_image_custom_url":null,"twitter_image_custom_fields":null,"twitter_title":null,"twitter_description":null,"schema":{"blockGraphs":[],"customGraphs":[],"default":{"data":{"Article":[],"Course":[],"Dataset":[],"FAQPage":[],"Movie":[],"Person":[],"Product":[],"ProductReview":[],"Car":[],"Recipe":[],"Service":[],"SoftwareApplication":[],"WebPage":[]},"graphName":"WebPage","isEnabled":true},"graphs":[]},"schema_type":"default","schema_type_options":null,"pillar_content":false,"robots_default":true,"robots_noindex":false,"robots_noarchive":false,"robots_nosnippet":false,"robots_nofollow":false,"robots_noimageindex":false,"robots_noodp":false,"robots_notranslate":false,"robots_max_snippet":"-1","robots_max_videopreview":"-1","robots_max_imagepreview":"large","priority":null,"frequency":"default","local_seo":null,"seo_analyzer_scan_date":"2026-03-20 20:35:53","limit_modified_date":false,"reviewed_by":null,"open_ai":null,"ai":null,"created":"2023-09-27 14:44:04","updated":"2026-03-20 20:36:02"},"aioseo_breadcrumb":"<div class=\"aioseo-breadcrumbs\"><span class=\"aioseo-breadcrumb\">\n\t<a href=\"https:\/\/monatglobal.com\/es\" title=\"Home\">Home<\/a>\n<\/span><span class=\"aioseo-breadcrumb-separator\">&raquo;<\/span><span class=\"aioseo-breadcrumb\">\n\t\u00danete a MONAT ahora | Descubre MONAT\n<\/span><\/div>","aioseo_breadcrumb_json":[{"label":"Home","link":"https:\/\/monatglobal.com\/es"},{"label":"\u00danete a MONAT ahora | Descubre MONAT","link":"https:\/\/monatglobal.com\/es\/join\/"}],"_links":{"self":[{"href":"https:\/\/monatglobal.com\/es\/wp-json\/wp\/v2\/pages\/72559","targetHints":{"allow":["GET"]}}],"collection":[{"href":"https:\/\/monatglobal.com\/es\/wp-json\/wp\/v2\/pages"}],"about":[{"href":"https:\/\/monatglobal.com\/es\/wp-json\/wp\/v2\/types\/page"}],"author":[{"embeddable":true,"href":"https:\/\/monatglobal.com\/es\/wp-json\/wp\/v2\/users\/31"}],"replies":[{"embeddable":true,"href":"https:\/\/monatglobal.com\/es\/wp-json\/wp\/v2\/comments?post=72559"}],"version-history":[{"count":14,"href":"https:\/\/monatglobal.com\/es\/wp-json\/wp\/v2\/pages\/72559\/revisions"}],"predecessor-version":[{"id":109283,"href":"https:\/\/monatglobal.com\/es\/wp-json\/wp\/v2\/pages\/72559\/revisions\/109283"}],"wp:featuredmedia":[{"embeddable":true,"href":"https:\/\/monatglobal.com\/es\/wp-json\/wp\/v2\/media\/86433"}],"wp:attachment":[{"href":"https:\/\/monatglobal.com\/es\/wp-json\/wp\/v2\/media?parent=72559"}],"wp:term":[{"taxonomy":"category","embeddable":true,"href":"https:\/\/monatglobal.com\/es\/wp-json\/wp\/v2\/categories?post=72559"},{"taxonomy":"post_tag","embeddable":true,"href":"https:\/\/monatglobal.com\/es\/wp-json\/wp\/v2\/tags?post=72559"}],"curies":[{"name":"wp","href":"https:\/\/api.w.org\/{rel}","templated":true}]}}