{"id":72441,"date":"2023-02-10T16:54:09","date_gmt":"2023-02-10T16:54:09","guid":{"rendered":"https:\/\/monatglobal.com\/es\/?page_id=72441"},"modified":"2026-02-06T17:54:54","modified_gmt":"2026-02-06T17:54:54","slug":"peel-pads","status":"publish","type":"page","link":"https:\/\/monatglobal.com\/es\/peel-pads\/","title":{"rendered":"Tratamiento exfoliante iluminador diario MONAT Exfoliating Peel Pads\u2122"},"content":{"rendered":"\n\n\t<link rel=\"stylesheet\" href=\"https:\/\/unpkg.com\/swiper\/swiper-bundle.min.css\" \/>\n<link rel=\"stylesheet\" href=\"https:\/\/monatglobal.com\/wp-content\/creative_css\/product_styles_sheet.css\" \/>\n   <!--==================================================== ECOMM SECTION ====================================================-->\n      <!--==================================================== Ecomm image ====================================================-->\n       \n      <img decoding=\"async\" src=\"https:\/\/monatglobal.com\/wp-content\/uploads\/2023\/01\/EXFOLIATING-PEEL-PADSBOX_Ecomm-JAN-2023-ecomm_-min.png\" alt=\"Berry Refined Scrub\u2122\" loading=\"lazy\"\/>\n         \n      <!--==================================================== Ecomm information  ====================================================-->\n         \n         <p>Tratamiento exfoliante<br \/>iluminador diario MONAT<\/p>\n         <h1>Exfoliating <br \/> Peel Pads\u2122<\/h1>\n         <p>Exfolia suavemente para reducir la intensidad de las manchas, las l\u00edneas de expresi\u00f3n y las arrugas.<\/p>\n         <p>30 parches (2.5 ml e 0.08 fl. oz.)<\/p>\n      <!--==================================================== pricing box  ====================================================-->   \n         <p>Precio de venta Cliente<br \/>00.00 \u20ac<\/p>\n         <p>Precio Cliente VIP<br \/>00.00 \u20ac<\/p>\n      <!--==================================================== pricing box  ====================================================-->     \n         <p>Para conocer m\u00e1s sobre Tratamiento exfoliante iluminador diario MONAT Exfoliating Peel Pads\u2122, ponte en contacto con tu Market Partner de MONAT.<\/p>\n          <a href=\"\" target=\"_blank\" role=\"button\" aria-label=\"\" rel=\"noopener\"><\/a>\n   <!--==================================================== \/ECOMM SECTION  ====================================================-->\n   <!--==================================================== Benefits image ====================================================-->\n  \n    <source media=\"(max-width: 700px)\" srcset=\"https:\/\/monatglobal.com\/wp-content\/uploads\/2023\/01\/Benefits-mobile-peel-pads-min.jpg\" loading=\"lazy\"\/>\n      <img decoding=\"async\" src=\"https:\/\/monatglobal.com\/wp-content\/uploads\/2023\/01\/benefits-desk-peel-pads.jpg\" \n      alt=\"picture of a brunette female holding her hair with both hands, smiling and lookin at the camera on a pink background.\" loading=\"lazy\"\/>\n    \n   <!--==================================================== Benefits text ====================================================-->\n         <h2>BENEFICIOS<\/h2>\n         <h3>Estos parches exfoliantes iluminadores trabajan en la capa m\u00e1s superficial de la piel, revelando una mejora general del tono, la luminosidad, la intensidad de las manchas, la textura, las l\u00edneas de expresi\u00f3n y las arrugas.<\/h3>\n         <!--==================================================== features image  ====================================================-->\n         <img decoding=\"async\" alt=\"female holding monat exfoliating peel pads sachet.\" src=\"https:\/\/monatglobal.com\/wp-content\/uploads\/2023\/01\/Features-peel-pads-min.jpg\" loading=\"lazy\"\/>\n      <!--==================================================== features text ====================================================-->\n            <h3>\u00a1Tu luminosidad diaria!<\/h3>  \n               <p>\/ Formulados con un 8% de \u00e1cido glic\u00f3lico patentado procedente de la ca\u00f1a de az\u00facar, lo que lo hace apto para pieles sensibles<\/p>\n               <p>\/ El 100% mostr\u00f3 una reducci\u00f3n en la intensidad de las manchas, las l\u00edneas de expresi\u00f3n y las arrugas despu\u00e9s de 28 d\u00edas*<\/p>\n               <p>\/ Exfolian suavemente las pieles muertas, revelando una piel luminosa y de aspecto m\u00e1s claro<\/p>\n               <p>\/ Mejoran el tono y la textura de la piel dejando una sensaci\u00f3n de suavidad con un brillo luminoso<\/p>\n               <p>\/ Suaves para usarlos a diario sin resecar o da\u00f1ar la piel<\/p> <br \/>\n            <p> *Basado en una prueba instrumental realizada por un laboratorio independiente.<\/p>\n            <p>Fragrance \/ Fragrance-free <\/p>\n            <p> Texture \/ Cream <\/p>\n   <!--==================================================== composition image mobile ====================================================-->\n   <img decoding=\"async\" alt=\"two MONAT exfoliating peel pads sachets over a pink satin fabric\" src=\"https:\/\/monatglobal.com\/wp-content\/uploads\/2023\/01\/comp1-peel-pads-min.jpg\" loading=\"lazy\"\/>\n   <!--==================================================== Why it works text ====================================================-->\n      <h2>Ingredientes no agresivos. Resultados potentes.<\/h2>\n      <h3>Las bolsas individuales contienen una mezcla de \u00e1cido glic\u00f3lico, amino\u00e1cidos, y refrescante agua de hamamelis y pepino para exfoliar suavemente las pieles muertas, revelando una piel radiante y de aspecto m\u00e1s claro.<\/h3>\n      \n<!--==================================================== Composition section ====================================================-->\n      <img decoding=\"async\" alt=\"two MONAT exfoliating peel pads sachets over a pink satin fabric \" src=\"https:\/\/monatglobal.com\/wp-content\/uploads\/2023\/01\/comp1-peel-pads-min.jpg\" loading=\"lazy\"\/>\n      <img decoding=\"async\" alt=\"female using monat exfoliating peel pads on her cheek on top of cucumber slices into submerged in water background\" \n      src=\"https:\/\/monatglobal.com\/wp-content\/uploads\/2023\/01\/comp2-peel-pads-min.jpg\" loading=\"lazy\"\/>\n            <!--==================================================== Directions text ====================================================--> \n               <h3>Instrucciones:<\/h3>\n                    <p>\/ Tras la limpieza, aplicar los parches exfoliantes sobre rosto, cuello y escote, evitando el contorno de los ojos. <\/p>\n                    <p>\/ Usar entre dos a tres veces durante la primera semana para permitir que la piel se acostumbre al producto.<\/p>\n                    <p>\/ Proceder a usarlos a diario una vez que se haya desarrollado tolerancia. <\/p>\n                    <p>\/ Continuar con el t\u00f3nico Essence, el s\u00e9rum, la hidratante y la protecci\u00f3n solar.<\/p>\n            <!--==================================================== Directions video ====================================================-->\n      <p>MONAT Exfoliating Peel Pads\u2122<br \/>0:49<\/p>\n         <!--==================================================== Suggestions image  ====================================================-->\n         <img decoding=\"async\" alt=\"\" src=\"https:\/\/monatglobal.com\/au\/wp-content\/uploads\/sites\/12\/2021\/12\/berry-refined-scrub-features-SUGGESTIONS.jpg\" loading=\"lazy\"\/>\n      <!--==================================================== Suggestions text ====================================================-->\n            <h3>Suggestions<\/h3>\n               <p>\/ Customise your level of exfoliation by using less water for a stronger exfoliation, or more water for a gentler exfoliation&nbsp;experience.<\/p>\n               <p>\/ Apply sunscreen 15 minutes before heading&nbsp;outside.<\/p>\n      <a href=\"\" target=\"_blank\" role=\"button\" aria-label=\"\" rel=\"noopener\"><\/a>\n   <!--==================================================== Ingredients section  ====================================================-->\n      <h2>INGREDIENTES CLAVE<\/h2>\n              <img decoding=\"async\" src=\"https:\/\/monatglobal.com\/wp-content\/uploads\/2022\/11\/Glycolic-Acid-Lactic-Acid.svg\" alt=\"\u00c1cido glic\u00f3lico \"\/>\n      <p>\u00c1cido glic\u00f3lico <\/p>\n          <img decoding=\"async\" src=\"https:\/\/monatglobal.com\/wp-content\/uploads\/2023\/01\/Hyaluronic-Acid.svg\" alt=\"\u00c1cido hialur\u00f3nico\"\/> \n      <p>\u00c1cido hialur\u00f3nico<\/p>\n           <img decoding=\"async\" src=\"https:\/\/monatglobal.com\/wp-content\/uploads\/2023\/01\/cucumber-water.svg\" alt=\"Agua de pepino\"\/>\n      <p>Agua de pepino<\/p>\n            <img decoding=\"async\" src=\"https:\/\/monatglobal.com\/wp-content\/uploads\/2023\/01\/Witch-Hazel-Water.svg\" alt=\"Agua de hamamelis\"\/> \n      <p>Agua de hamamelis<\/p>\n             <img decoding=\"async\" src=\"https:\/\/monatglobal.com\/wp-content\/uploads\/2023\/01\/Licorice-Root-Extract.svg\" alt=\"Extracto de ra\u00edz de regaliz\"\/> \n      <p>Extracto de ra\u00edz de regaliz <\/p>\n        <button id=\"myBtn\" type=\"button\">LISTA DE INGREDIENTES<\/button>\n      <!--==================================================== Modal content  ====================================================-->\n         &times;\n         <p>Aqua\/Water\/Eau, Alcohol Denat., Potassium Hydroxide, Glycolic Acid, Hamamelis Virginiana (Witch Hazel) Water, Arginine, Glycerin, Propanediol, Chamomilla Recutita (Matricaria) Flower Extract, Sodium Hyaluronate, Glycyrrhiza Glabra (Licorice) Root Extract, Terminalia Ferdinandiana Fruit Extract, Lactococcus Ferment Lysate, Cucumis Sativus (Cucumber) Fruit Water, Sodium Phytate, Benzoic Acid, Lactic Acid, Sodium Chloride, Phenylpropanol, Levulinic Acid, Sodium Levulinate, Caprylhydroxamic Acid, 1,2-Hexanediol, Citric Acid, Potassium Sorbate, Sodium Benzoate.<\/p>\n   <!--==================================================== You might also like section ====================================================-->\n      <h2>PUEDE QUE TAMBI\u00c9N TE GUSTE<\/h2>\n      <!--==================================================== Slider YOU MIGHT ALSO LIKE ====================================================-->\n          <!---->\n          <!--   -->\n                <!-- Slides products-->\n                <!---->\n                <!--   <a href=\"\/es\/bb-creme\/#sand\" aria-label=\"Go to MONAT BB Cream SPF 30\u2122 Hidratante de amplio espectro con color page\">-->\n                <!--      <img decoding=\"async\" src=\"https:\/\/monatglobal.com\/wp-content\/uploads\/2022\/12\/bb-cream-sand-ecomm-min.png\" alt=\"MONAT BB Cream SPF 30\u2122 Hidratante de amplio espectro con color\" loading=\"lazy\"\/>-->\n                <!--      <p>MONAT BB Cream SPF 30\u2122<br \/>Hidratante de amplio<br \/>espectro con color<\/p>-->\n                <!--   <\/a>-->\n                <!---->\n          <!--      -->\n          <!--         <a href=\"\/es\/skincare-night-age-control-cream\/\" aria-label=\"Go to Crema de noche antiedad Night Haven\u2122 page\">-->\n          <!--            <img decoding=\"async\" src=\"https:\/\/monatglobal.com\/wp-content\/uploads\/2022\/12\/Night-Haven-Age-control_Ecomm-min.png\" alt=\"Crema de noche antiedad Night Haven\u2122\" loading=\"lazy\"\/>-->\n          <!--            <p>Crema de noche antiedad<br \/>Night Haven\u2122<\/p>-->\n          <!--         <\/a>-->\n          <!--      -->\n          <!--   -->\n             <!-- If we need navigation buttons -->\n          <!--   -->\n          <!--   -->\n             <!-- If we need paginations -->\n          <!--   -->\n          <!---->\n         <!--==================================================== If we need navigation buttons  ====================================================-->\n         <!--==================================================== If we need paginations  ====================================================-->\n    <a href=\"\" aria-label=\"\"><\/a>\n<!--==================================================== this link has to go last for it to work   ====================================================-->\n\n","protected":false},"excerpt":{"rendered":"<p>Tratamiento exfolianteiluminador diario MONAT Exfoliating Peel Pads\u2122 Exfolia suavemente para reducir la intensidad de las manchas, las l\u00edneas de expresi\u00f3n y las arrugas. 30 parches (2.5 ml e 0.08 fl. oz.) Precio de venta Cliente00.00 \u20ac Precio Cliente VIP00.00 \u20ac Para conocer m\u00e1s sobre Tratamiento exfoliante iluminador diario MONAT Exfoliating Peel Pads\u2122, ponte en contacto&hellip;<\/p>\n","protected":false},"author":31,"featured_media":72459,"parent":0,"menu_order":0,"comment_status":"closed","ping_status":"closed","template":"","meta":{"inline_featured_image":false,"om_disable_all_campaigns":false,"_monsterinsights_skip_tracking":false,"_monsterinsights_sitenote_active":false,"_monsterinsights_sitenote_note":"","_monsterinsights_sitenote_category":0,"footnotes":""},"categories":[31],"tags":[],"class_list":["post-72441","page","type-page","status-publish","has-post-thumbnail","hentry","category-product-es"],"aioseo_notices":[],"aioseo_head":"\n\t\t<!-- All in One SEO Pro 4.9.6 - aioseo.com -->\n\t<meta name=\"description\" content=\"Tratamiento exfolianteiluminador diario MONAT Exfoliating Peel Pads\u2122 Exfolia suavemente para reducir la intensidad de las manchas, las l\u00edneas de expresi\u00f3n y las arrugas. 30 parches (2.5 ml e 0.08 fl. oz.) Precio de venta Cliente00.00 \u20ac Precio Cliente VIP00.00 \u20ac Para conocer m\u00e1s sobre Tratamiento exfoliante iluminador diario MONAT Exfoliating Peel Pads\u2122, ponte en contacto\" \/>\n\t<meta name=\"robots\" content=\"max-image-preview:large\" \/>\n\t<link rel=\"canonical\" href=\"https:\/\/monatglobal.com\/es\/peel-pads\/\" \/>\n\t<meta name=\"generator\" content=\"All in One SEO Pro (AIOSEO) 4.9.6\" \/>\n\t\t<meta property=\"og:locale\" content=\"en_US\" \/>\n\t\t<meta property=\"og:site_name\" content=\"MONAT Espa\u00f1a - We Are Modern Nature\u00ae\" \/>\n\t\t<meta property=\"og:type\" content=\"article\" \/>\n\t\t<meta property=\"og:title\" content=\"Tratamiento exfoliante iluminador diario MONAT Exfoliating Peel Pads\u2122 - MONAT Espa\u00f1a\" \/>\n\t\t<meta property=\"og:description\" content=\"Tratamiento exfolianteiluminador diario MONAT Exfoliating Peel Pads\u2122 Exfolia suavemente para reducir la intensidad de las manchas, las l\u00edneas de expresi\u00f3n y las arrugas. 30 parches (2.5 ml e 0.08 fl. oz.) Precio de venta Cliente00.00 \u20ac Precio Cliente VIP00.00 \u20ac Para conocer m\u00e1s sobre Tratamiento exfoliante iluminador diario MONAT Exfoliating Peel Pads\u2122, ponte en contacto\" \/>\n\t\t<meta property=\"og:url\" content=\"https:\/\/monatglobal.com\/es\/peel-pads\/\" \/>\n\t\t<meta property=\"article:published_time\" content=\"2023-02-10T16:54:09+00:00\" \/>\n\t\t<meta property=\"article:modified_time\" content=\"2026-02-06T17:54:54+00:00\" \/>\n\t\t<meta name=\"twitter:card\" content=\"summary_large_image\" \/>\n\t\t<meta name=\"twitter:title\" content=\"Tratamiento exfoliante iluminador diario MONAT Exfoliating Peel Pads\u2122 - MONAT Espa\u00f1a\" \/>\n\t\t<meta name=\"twitter:description\" content=\"Tratamiento exfolianteiluminador diario MONAT Exfoliating Peel Pads\u2122 Exfolia suavemente para reducir la intensidad de las manchas, las l\u00edneas de expresi\u00f3n y las arrugas. 30 parches (2.5 ml e 0.08 fl. oz.) Precio de venta Cliente00.00 \u20ac Precio Cliente VIP00.00 \u20ac Para conocer m\u00e1s sobre Tratamiento exfoliante iluminador diario MONAT Exfoliating Peel Pads\u2122, ponte en contacto\" \/>\n\t\t<script type=\"application\/ld+json\" class=\"aioseo-schema\">\n\t\t\t{\"@context\":\"https:\\\/\\\/schema.org\",\"@graph\":[{\"@type\":\"BreadcrumbList\",\"@id\":\"https:\\\/\\\/monatglobal.com\\\/es\\\/peel-pads\\\/#breadcrumblist\",\"itemListElement\":[{\"@type\":\"ListItem\",\"@id\":\"https:\\\/\\\/monatglobal.com\\\/es#listItem\",\"position\":1,\"name\":\"Home\",\"item\":\"https:\\\/\\\/monatglobal.com\\\/es\",\"nextItem\":{\"@type\":\"ListItem\",\"@id\":\"https:\\\/\\\/monatglobal.com\\\/es\\\/peel-pads\\\/#listItem\",\"name\":\"Tratamiento exfoliante iluminador diario MONAT Exfoliating Peel Pads\\u2122\"}},{\"@type\":\"ListItem\",\"@id\":\"https:\\\/\\\/monatglobal.com\\\/es\\\/peel-pads\\\/#listItem\",\"position\":2,\"name\":\"Tratamiento exfoliante iluminador diario MONAT Exfoliating Peel Pads\\u2122\",\"previousItem\":{\"@type\":\"ListItem\",\"@id\":\"https:\\\/\\\/monatglobal.com\\\/es#listItem\",\"name\":\"Home\"}}]},{\"@type\":\"Organization\",\"@id\":\"https:\\\/\\\/monatglobal.com\\\/es\\\/#organization\",\"name\":\"MONAT Espa\\u00f1a\",\"description\":\"We Are Modern Nature\\u00ae\",\"url\":\"https:\\\/\\\/monatglobal.com\\\/es\\\/\"},{\"@type\":\"WebPage\",\"@id\":\"https:\\\/\\\/monatglobal.com\\\/es\\\/peel-pads\\\/#webpage\",\"url\":\"https:\\\/\\\/monatglobal.com\\\/es\\\/peel-pads\\\/\",\"name\":\"Tratamiento exfoliante iluminador diario MONAT Exfoliating Peel Pads\\u2122 - MONAT Espa\\u00f1a\",\"description\":\"Tratamiento exfolianteiluminador diario MONAT Exfoliating Peel Pads\\u2122 Exfolia suavemente para reducir la intensidad de las manchas, las l\\u00edneas de expresi\\u00f3n y las arrugas. 30 parches (2.5 ml e 0.08 fl. oz.) Precio de venta Cliente00.00 \\u20ac Precio Cliente VIP00.00 \\u20ac Para conocer m\\u00e1s sobre Tratamiento exfoliante iluminador diario MONAT Exfoliating Peel Pads\\u2122, ponte en contacto\",\"inLanguage\":\"en-US\",\"isPartOf\":{\"@id\":\"https:\\\/\\\/monatglobal.com\\\/es\\\/#website\"},\"breadcrumb\":{\"@id\":\"https:\\\/\\\/monatglobal.com\\\/es\\\/peel-pads\\\/#breadcrumblist\"},\"image\":{\"@type\":\"ImageObject\",\"url\":\"https:\\\/\\\/monatglobal.com\\\/es\\\/wp-content\\\/uploads\\\/sites\\\/10\\\/2023\\\/02\\\/EXFOLIATING-PEEL-PADSBOX_Ecomm-JAN-2023-ecomm_-min.png\",\"@id\":\"https:\\\/\\\/monatglobal.com\\\/es\\\/peel-pads\\\/#mainImage\",\"width\":641,\"height\":800},\"primaryImageOfPage\":{\"@id\":\"https:\\\/\\\/monatglobal.com\\\/es\\\/peel-pads\\\/#mainImage\"},\"datePublished\":\"2023-02-10T16:54:09+00:00\",\"dateModified\":\"2026-02-06T17:54:54+00:00\"},{\"@type\":\"WebSite\",\"@id\":\"https:\\\/\\\/monatglobal.com\\\/es\\\/#website\",\"url\":\"https:\\\/\\\/monatglobal.com\\\/es\\\/\",\"name\":\"MONAT Espa\\u00f1a\",\"description\":\"We Are Modern Nature\\u00ae\",\"inLanguage\":\"en-US\",\"publisher\":{\"@id\":\"https:\\\/\\\/monatglobal.com\\\/es\\\/#organization\"}}]}\n\t\t<\/script>\n\t\t<!-- All in One SEO Pro -->\r\n\t\t<title>Tratamiento exfoliante iluminador diario MONAT Exfoliating Peel Pads\u2122 - MONAT Espa\u00f1a<\/title>\n\n","aioseo_head_json":{"title":"Tratamiento exfoliante iluminador diario MONAT Exfoliating Peel Pads\u2122 - MONAT Espa\u00f1a","description":"Tratamiento exfolianteiluminador diario MONAT Exfoliating Peel Pads\u2122 Exfolia suavemente para reducir la intensidad de las manchas, las l\u00edneas de expresi\u00f3n y las arrugas. 30 parches (2.5 ml e 0.08 fl. oz.) Precio de venta Cliente00.00 \u20ac Precio Cliente VIP00.00 \u20ac Para conocer m\u00e1s sobre Tratamiento exfoliante iluminador diario MONAT Exfoliating Peel Pads\u2122, ponte en contacto","canonical_url":"https:\/\/monatglobal.com\/es\/peel-pads\/","robots":"max-image-preview:large","keywords":"","webmasterTools":{"miscellaneous":""},"schema":{"@context":"https:\/\/schema.org","@graph":[{"@type":"BreadcrumbList","@id":"https:\/\/monatglobal.com\/es\/peel-pads\/#breadcrumblist","itemListElement":[{"@type":"ListItem","@id":"https:\/\/monatglobal.com\/es#listItem","position":1,"name":"Home","item":"https:\/\/monatglobal.com\/es","nextItem":{"@type":"ListItem","@id":"https:\/\/monatglobal.com\/es\/peel-pads\/#listItem","name":"Tratamiento exfoliante iluminador diario MONAT Exfoliating Peel Pads\u2122"}},{"@type":"ListItem","@id":"https:\/\/monatglobal.com\/es\/peel-pads\/#listItem","position":2,"name":"Tratamiento exfoliante iluminador diario MONAT Exfoliating Peel Pads\u2122","previousItem":{"@type":"ListItem","@id":"https:\/\/monatglobal.com\/es#listItem","name":"Home"}}]},{"@type":"Organization","@id":"https:\/\/monatglobal.com\/es\/#organization","name":"MONAT Espa\u00f1a","description":"We Are Modern Nature\u00ae","url":"https:\/\/monatglobal.com\/es\/"},{"@type":"WebPage","@id":"https:\/\/monatglobal.com\/es\/peel-pads\/#webpage","url":"https:\/\/monatglobal.com\/es\/peel-pads\/","name":"Tratamiento exfoliante iluminador diario MONAT Exfoliating Peel Pads\u2122 - MONAT Espa\u00f1a","description":"Tratamiento exfolianteiluminador diario MONAT Exfoliating Peel Pads\u2122 Exfolia suavemente para reducir la intensidad de las manchas, las l\u00edneas de expresi\u00f3n y las arrugas. 30 parches (2.5 ml e 0.08 fl. oz.) Precio de venta Cliente00.00 \u20ac Precio Cliente VIP00.00 \u20ac Para conocer m\u00e1s sobre Tratamiento exfoliante iluminador diario MONAT Exfoliating Peel Pads\u2122, ponte en contacto","inLanguage":"en-US","isPartOf":{"@id":"https:\/\/monatglobal.com\/es\/#website"},"breadcrumb":{"@id":"https:\/\/monatglobal.com\/es\/peel-pads\/#breadcrumblist"},"image":{"@type":"ImageObject","url":"https:\/\/monatglobal.com\/es\/wp-content\/uploads\/sites\/10\/2023\/02\/EXFOLIATING-PEEL-PADSBOX_Ecomm-JAN-2023-ecomm_-min.png","@id":"https:\/\/monatglobal.com\/es\/peel-pads\/#mainImage","width":641,"height":800},"primaryImageOfPage":{"@id":"https:\/\/monatglobal.com\/es\/peel-pads\/#mainImage"},"datePublished":"2023-02-10T16:54:09+00:00","dateModified":"2026-02-06T17:54:54+00:00"},{"@type":"WebSite","@id":"https:\/\/monatglobal.com\/es\/#website","url":"https:\/\/monatglobal.com\/es\/","name":"MONAT Espa\u00f1a","description":"We Are Modern Nature\u00ae","inLanguage":"en-US","publisher":{"@id":"https:\/\/monatglobal.com\/es\/#organization"}}]},"og:locale":"en_US","og:site_name":"MONAT Espa\u00f1a - We Are Modern Nature\u00ae","og:type":"article","og:title":"Tratamiento exfoliante iluminador diario MONAT Exfoliating Peel Pads\u2122 - MONAT Espa\u00f1a","og:description":"Tratamiento exfolianteiluminador diario MONAT Exfoliating Peel Pads\u2122 Exfolia suavemente para reducir la intensidad de las manchas, las l\u00edneas de expresi\u00f3n y las arrugas. 30 parches (2.5 ml e 0.08 fl. oz.) Precio de venta Cliente00.00 \u20ac Precio Cliente VIP00.00 \u20ac Para conocer m\u00e1s sobre Tratamiento exfoliante iluminador diario MONAT Exfoliating Peel Pads\u2122, ponte en contacto","og:url":"https:\/\/monatglobal.com\/es\/peel-pads\/","article:published_time":"2023-02-10T16:54:09+00:00","article:modified_time":"2026-02-06T17:54:54+00:00","twitter:card":"summary_large_image","twitter:title":"Tratamiento exfoliante iluminador diario MONAT Exfoliating Peel Pads\u2122 - MONAT Espa\u00f1a","twitter:description":"Tratamiento exfolianteiluminador diario MONAT Exfoliating Peel Pads\u2122 Exfolia suavemente para reducir la intensidad de las manchas, las l\u00edneas de expresi\u00f3n y las arrugas. 30 parches (2.5 ml e 0.08 fl. oz.) Precio de venta Cliente00.00 \u20ac Precio Cliente VIP00.00 \u20ac Para conocer m\u00e1s sobre Tratamiento exfoliante iluminador diario MONAT Exfoliating Peel Pads\u2122, ponte en contacto"},"aioseo_meta_data":{"post_id":"72441","title":null,"description":null,"keywords":null,"keyphrases":null,"primary_term":null,"canonical_url":null,"og_title":null,"og_description":null,"og_object_type":"default","og_image_type":"default","og_image_url":null,"og_image_width":null,"og_image_height":null,"og_image_custom_url":null,"og_image_custom_fields":null,"og_video":null,"og_custom_url":null,"og_article_section":null,"og_article_tags":null,"twitter_use_og":false,"twitter_card":"default","twitter_image_type":"default","twitter_image_url":null,"twitter_image_custom_url":null,"twitter_image_custom_fields":null,"twitter_title":null,"twitter_description":null,"schema":{"blockGraphs":[],"customGraphs":[],"default":{"data":{"Article":[],"Course":[],"Dataset":[],"FAQPage":[],"Movie":[],"Person":[],"Product":[],"ProductReview":[],"Car":[],"Recipe":[],"Service":[],"SoftwareApplication":[],"WebPage":[]},"graphName":"WebPage","isEnabled":true},"graphs":[]},"schema_type":"default","schema_type_options":null,"pillar_content":false,"robots_default":true,"robots_noindex":false,"robots_noarchive":false,"robots_nosnippet":false,"robots_nofollow":false,"robots_noimageindex":false,"robots_noodp":false,"robots_notranslate":false,"robots_max_snippet":null,"robots_max_videopreview":null,"robots_max_imagepreview":"large","priority":null,"frequency":null,"local_seo":null,"seo_analyzer_scan_date":"2025-08-14 18:24:07","limit_modified_date":false,"reviewed_by":null,"open_ai":null,"ai":null,"created":"2023-07-26 09:37:53","updated":"2026-02-10 05:35:25"},"aioseo_breadcrumb":"<div class=\"aioseo-breadcrumbs\"><span class=\"aioseo-breadcrumb\">\n\t<a href=\"https:\/\/monatglobal.com\/es\" title=\"Home\">Home<\/a>\n<\/span><span class=\"aioseo-breadcrumb-separator\">&raquo;<\/span><span class=\"aioseo-breadcrumb\">\n\tTratamiento exfoliante iluminador diario MONAT Exfoliating Peel Pads\u2122\n<\/span><\/div>","aioseo_breadcrumb_json":[{"label":"Home","link":"https:\/\/monatglobal.com\/es"},{"label":"Tratamiento exfoliante iluminador diario MONAT Exfoliating Peel Pads\u2122","link":"https:\/\/monatglobal.com\/es\/peel-pads\/"}],"_links":{"self":[{"href":"https:\/\/monatglobal.com\/es\/wp-json\/wp\/v2\/pages\/72441","targetHints":{"allow":["GET"]}}],"collection":[{"href":"https:\/\/monatglobal.com\/es\/wp-json\/wp\/v2\/pages"}],"about":[{"href":"https:\/\/monatglobal.com\/es\/wp-json\/wp\/v2\/types\/page"}],"author":[{"embeddable":true,"href":"https:\/\/monatglobal.com\/es\/wp-json\/wp\/v2\/users\/31"}],"replies":[{"embeddable":true,"href":"https:\/\/monatglobal.com\/es\/wp-json\/wp\/v2\/comments?post=72441"}],"version-history":[{"count":23,"href":"https:\/\/monatglobal.com\/es\/wp-json\/wp\/v2\/pages\/72441\/revisions"}],"predecessor-version":[{"id":109040,"href":"https:\/\/monatglobal.com\/es\/wp-json\/wp\/v2\/pages\/72441\/revisions\/109040"}],"wp:featuredmedia":[{"embeddable":true,"href":"https:\/\/monatglobal.com\/es\/wp-json\/wp\/v2\/media\/72459"}],"wp:attachment":[{"href":"https:\/\/monatglobal.com\/es\/wp-json\/wp\/v2\/media?parent=72441"}],"wp:term":[{"taxonomy":"category","embeddable":true,"href":"https:\/\/monatglobal.com\/es\/wp-json\/wp\/v2\/categories?post=72441"},{"taxonomy":"post_tag","embeddable":true,"href":"https:\/\/monatglobal.com\/es\/wp-json\/wp\/v2\/tags?post=72441"}],"curies":[{"name":"wp","href":"https:\/\/api.w.org\/{rel}","templated":true}]}}