{"id":71103,"date":"2022-12-14T21:29:00","date_gmt":"2022-12-14T21:29:00","guid":{"rendered":"https:\/\/monatglobal.com\/es\/?page_id=71103"},"modified":"2026-02-23T19:51:52","modified_gmt":"2026-02-23T19:51:52","slug":"violet-shampoo","status":"publish","type":"page","link":"https:\/\/monatglobal.com\/es\/violet-shampoo\/","title":{"rendered":"Violet Lights\u2122Anti-Brass Shampoo"},"content":{"rendered":"\n<link rel=\"stylesheet\" href=\"https:\/\/unpkg.com\/swiper\/swiper-bundle.min.css\">\n<link rel=\"stylesheet\" href=\"https:\/\/monatglobal.com\/wp-content\/creative_css\/product_styles_sheet.css\">\n\t<!--==================================================== ECOMM SECTION ====================================================-->\n\t\t<!--==================================================== Ecomm image ====================================================-->\n\t\t<img decoding=\"async\" src=\"https:\/\/monatglobal.com\/wp-content\/uploads\/2022\/11\/Violet-Lights-Anti-Brass-Shampoo-ecomm-2022.png\" alt=\"Product shot of Violet Lights\u2122 Anti-Brass Shampoo.\" loading=\"lazy\">\n\t\t<!--==================================================== Ecomm information  ====================================================-->\n\t\t\t\n\t\t\t<h1> Champ\u00fa <br> anti-reflejos cobrizos <br> Violet Lights\u2122 <\/h1> \n\t\t\t\n\t\t\t<p>Limpia y neutraliza los tonos metalizados para un cabello con rubio claro, te\u00f1ido, gris o plateado.<\/p>\n\t\t\t<p>237  ml \u212e 8 fl. oz.<\/p>\n        <!--==================================================== pricing box  ====================================================-->\n               <p>Precio cliente<br>00.00 \u20ac<\/p>\n               <p>Precio cliente VIP<br>00.00 \u20ac<\/p>\n\t\t<!--==================================================== pricing box  ====================================================-->\n\t\t\t<p>Para saber m\u00e1s sobre elChamp\u00fa anti-reflejos cobrizos Violet Lights\u2122 , ponte en contacto con tu Market Partner de MONAT.<\/p>\n          <a href=\"\" target=\"_blank\" role=\"button\" aria-label=\"\" rel=\"noopener\"><\/a>\n\t<!--==================================================== \/ECOMM SECTION  ====================================================-->\n\t<!--==================================================== Benefits image ====================================================-->\n\t\n\t\t<source media=\"(max-width: 700px)\" srcset=\"https:\/\/monatglobal.com\/wp-content\/uploads\/2022\/11\/Violet-Lights-Anti-Brass-shampoo-benefits-mobile.jpg\" loading=\"lazy\">\n\t\t\t<img decoding=\"async\" alt=\"Blonde female smiling while holding Violet Lights\u2122 Anti-Brass Shampoo in front of her face.\" src=\"https:\/\/monatglobal.com\/wp-content\/uploads\/2022\/11\/Violet-Lights-Anti-Brass-Shampoo-Benefits-desktop.jpg\" loading=\"lazy\">\n\t\t\n\t\t<!--==================================================== Benefits text ====================================================-->\n\t\t\t\t<h2>BENEFICIOS<\/h2>\n\t\t\t\t<h3>Limpia y elimina los tonos c\u00e1lidos y metalizados no deseados para un cabello m\u00e1s brillante y luminoso. <\/h3>\n<p>Este champ\u00fa multifunci\u00f3n est\u00e1 formulado con una mezcla de pigmentos violetas de alto rendimiento y extracto de flores para ayudar a aclarar, dar brillo y tonificar en un paso.<\/p>\n\t\t\t\t<!--==================================================== features image  ====================================================-->\n\t\t\t\t<img decoding=\"async\" alt=\"Violet Lights\u2122 Anti-Brass Shampoo on a purple background with white orchids.\" src=\"https:\/\/monatglobal.com\/wp-content\/uploads\/2022\/11\/VIOLET-LIGHT-SHAMPOO-features.jpg\" loading=\"lazy\">\n\t\t\t<!--==================================================== features text ====================================================-->\n\t\t\t\t\t<h3>  Cabello m\u00e1s brillante con un lavado<\/h3><br>\n\t\t\t\t\t\t<p>\/ La tecnolog\u00eda  IlluMONAT\u2122 pendiente de patente   incluye una mezcla de ingredientes colorantes y extractos de lavanda, romero y violeta que contrarresta los tonos metalizados e ilumina el cabello de manera visible<\/p>\n\t\t\t\t\t\t<p>\/ REJUVENIQE<sup>\u00ae<\/sup> facilita el traspaso de los tonos violeta en lo m\u00e1s profundo de la hebra capilar para reactivar excepcionalmente el color desde dentro<\/p>\n\t\t\t\t\t\t<p>\/ El 94% coincidi\u00f3 en que el cabello se ve menos metalizado tras un uso*<\/p>\n\t\t\t\t\t\t<p>\/ Rubio un 97% m\u00e1s brillante e iluminado**<\/p>\n\t\t\t\t\t\t<p>\/ Limpia y deja el cabello con una sensaci\u00f3n de estar m\u00e1s fuerte**   <\/p>\n\t\t\t\t\t\t<p>\/ Ideal para todo tipo de cabellos aclarados del oscuro al rubio claro, gris o plata<\/p>\n\t\t\t\t\t\t<br>\n\t\t\t\t\t<p>Fragancia \/ Notas florales ligeras y et\u00e9reas de rosa y violeta egipcia mezcladas con notas vigorizantes y contrastantes de enebro y cilantro con un sutil toque de vainilla.  <\/p>\n\t\t\t\t\t<p> Textura \/ Rica espuma hidratante<\/p>\n\t\t\t\t\t\t* Estudio de 35 mujeres entre los 18 y los 60 supervisado por un dermat\u00f3logo.<br>\n                              ** Basado en una prueba de percepci\u00f3n de 14 d\u00edas con 35 panelistas realizado por un laboratorio de terceros.\n                              \n\t\t<!--==================================================== composition image mobile ====================================================-->\n\t\t<img decoding=\"async\" alt=\"A hand holding Violet Lights\u2122 Anti-Brass Shampoo in the shower.\" src=\"https:\/\/monatglobal.com\/wp-content\/uploads\/2022\/11\/VIOLET-LIGHT-SHAMPOO-stand_alone.jpg\" loading=\"lazy\">\n\t\t<!--==================================================== Why it works text ====================================================-->\n\t\t\t\n\t\t\t<h3>Tecnolog\u00eda contra el metalizado con una mezcla de pigmentos violetas de alto rendimiento. <\/h3>\n\t\t\t<p>La tecnolog\u00eda IlluMONAT\u2122, pendiente de patente, trabaja junto con REJUVENIQE<sup>\u00ae<\/sup>, nuestra mezcla exclusiva de aceite nutritivo, para aportar tonos violetas en lo m\u00e1s profundo de la hebra capilar para reactivar el color de forma \u00fanica desde el interior. \u00bfEl resultado? Cabello m\u00e1s brillante con un lavado.<\/p>\n\t<!--==================================================== Composition section ====================================================-->\n\t\t\t<img decoding=\"async\" alt=\"Brunette female washing her hair in the shower with Violet Lights\u2122 Anti-Brass Shampoo, while overlaying a texture shot of Violet Lights\u2122 Anti-Brass Shampoo.\" src=\"https:\/\/monatglobal.com\/wp-content\/uploads\/2022\/11\/VIOLET-LIGHT-SHAMPOO-stand_alone.jpg\" loading=\"lazy\">\n\t\t\t<img decoding=\"async\" alt=\"Closeup of a woman's brunette hair being combed. Depicts smooth results. Subject poses in front of a solid, \n\t\t\tlavender color background.\" src=\"https:\/\/monatglobal.com\/wp-content\/uploads\/2022\/11\/VIOLET-LIGHT-SHAMPOO-comp3.jpg\" loading=\"lazy\">\n\t\t\t\t\t<!--==================================================== Directions text ====================================================--> \n\t\t\t\t\t\t<h3>Instrucciones de uso<\/h3>\n\t\t\t\t\t\t\t<p>\/ Aplicar sobre el cabello mojado. <\/p> \n\t\t\t\t\t\t\t<p>\/ Masajear para crear espuma entre 1 y 3 minutos. <\/p>\n\t\t\t\t\t\t\t<p>\/ Aclarar y repetir. <\/p>\n\t\t\t\t\t\t\t<p>\/ Seguir con la Mascarilla anti-reflejos cobrizos Violet Lights\u2122. <\/p>\n                            <p>\/ Usar dos veces a la semana o con m\u00e1s frecuencia para resultados m\u00e1s fr\u00edos. Los resultados del tono pueden variar. <\/p>\n\t\t\t\t\t<!--==================================================== Directions video ====================================================-->\n\t\tViolet Lights\u2122<br>\nanti-reflejos cobrizos \nChamp\u00fa y t\u00f3nico limpiador  <br>0:46\n      <a href=\"\" target=\"_blank\" role=\"button\" aria-label=\"\" rel=\"noopener\"><\/a>\n\t<!--==================================================== Ingredients section  ====================================================-->\n\t\t<h2>INGREDIENTES PRINCIPALES <\/h2>\n\t\t<img decoding=\"async\" src=\"https:\/\/monatglobal.com\/wp-content\/uploads\/2022\/11\/REJUVENIQE\u2122.svg\" alt=\"REJUVENIQE Icon\">\n\t\t\t\t<p>REJUVENIQE<sup>\u00ae<\/sup><\/p>\n\t\t\t\t<img decoding=\"async\" src=\"https:\/\/monatglobal.com\/wp-content\/uploads\/2022\/11\/IlluMONAT-Technology.svg \" alt=\"IlluMONAT\u2122 Technology Icon\">\n\t\t\t<p>Tecnolog\u00eda IlluMONAT\u2122 <\/p> \n\t\t<p>Extracto de corteza negra de abeto <\/p>\n\t<p>Glicerina<\/p>\n<img decoding=\"async\" src=\"https:\/\/monatglobal.com\/wp-content\/uploads\/2022\/11\/Vegan-UV-Protectant.svg\" alt=\"Naturally Derived Emollients \n&amp; Lipids Icon\">\n\t<p>Protector UV vegano<\/p>\n<img decoding=\"async\" src=\"https:\/\/monatglobal.com\/wp-content\/uploads\/2022\/11\/Naturally-Derived-Emollients-Lipids.svg \" alt=\"Naturally Derived Emollients \n&amp; Lipids Icon\">\n\t<p>Emolientes y l\u00edpidos derivados naturalmente<\/p>\n\t<button id=\"myBtn\" type=\"button\">LISTA DE INGREDIENTES\n<\/button>\n\t<!--==================================================== Modal content  ====================================================-->\n\t\t\u00d7\n\t\t<p>Aqua\/Water\/Eau, Sodium Lauroyl Methyl Isethionate, Glycerin, Sodium Cocoyl Isethionate, Lauramidopropyl Betaine, Acrylates Copolymer, Glycol Distearate, Helianthus Annuus (Sunflower) Seed Oil, Adansonia Digitata Oil, Caryocar Brasiliense Fruit Oil, Gardenia Taitensis Flower Extract, Mauritia Flexuosa Fruit Oil, Moringa Oleifera Seed Oil, Citrus Aurantifolia (Lime) Oil, Citrus Aurantium Bergamia (Bergamot) Fruit Oil, Citrus Limon (Lemon) Peel Oil, Daucus Carota Sativa (Carrot) Seed Oil, Solanum Lycopersicum (Tomato) Seed Oil, Camellia Oleifera Seed Oil, Crambe Abyssinica Seed Oil, Limnanthes Alba (Meadowfoam) Seed Oil, Caprylyl Glycol, Tocopherol, Caprylic Acid, Sodium Phosphate, Xylitol, Alcohol, Triisodecylphosphite, Zingiber Officinale (Ginger) Root Extract, Linum Usitatissimum (Linseed) Seed Oil, Cocos Nucifera (Coconut) Oil, Disodium Phosphate, Polysorbate 60, Viola Odorata Flower\/Leaf Extract, Picea Mariana Bark Extract, Rosmarinus Officinalis (Rosemary) Leaf Extract, Polyquaternium-7, Lavandula Angustifolia (Lavender) Flower\/Leaf\/Stem Extract, Cinnamidopropyltrimonium Chloride, Hydrogenated Soybean Oil, Chamomilla Recutita (Matricaria) Flower Extract, Orbignya Speciosa Kernel Oil, Disodium EDTA-Copper, Sodium Phytate, Bisabolol, Ext. Violet 2 (CI 60730), Ethylhexylglycerin, Trisodium Ethylenediamine Disuccinate, Sodium Isethionate, Hydroxyethyl Cetearamidopropyldimonium Chloride, Sodium Benzoate, Cetearyl Alcohol, Behenyl Alcohol, Hydroxyethylcellulose, Isoamyl Laurate, Sodium Chloride, Coconut Acid, Benzyl Alcohol, Citric Acid, Fragrance\/Parfum.<\/p>\n<!--==================================================== You might also like section ====================================================-->\n\t<h2>PUEDE QUE TAMBI\u00c9N TE GUSTE<\/h2>\n\t<!--==================================================== Slider YOU MIGHT ALSO LIKE ====================================================-->\n\t<!---->\n\t<!--\t-->\n\t\t\t<!--==================================================== Slides products ====================================================-->\n\t<!--\t\t-->\n\t<!--\t\t\t<a href=\"https:\/\/monatglobal.com\/es\/violet-masque\/\" aria-label=\"Go to Violet Lights\u2122 Anti-Brass Toning Masque page\">-->\n\t<!--\t\t\t\t<img decoding=\"async\" src=\"https:\/\/monatglobal.com\/wp-content\/uploads\/2022\/11\/Violet-Lights-Anti-Brass-Toning-Masque-ecomm-2022.png\" alt=\"Violet Lights\u2122 Anti-Brass Shampoo\" loading=\"lazy\"\/>-->\n\t<!--\t\t\t\t<p>Violet Lights\u2122 <br \/>Mascarilla anti-reflejos cobrizos <\/p>-->\n\t<!--\t\t\t<\/a>-->\n\t<!--\t\t-->\n\t<!--\t\t-->\n\t<!--\t\t\t<a href=\"https:\/\/monatglobal.com\/es\/hair-thermal-protectant\/\" aria-label=\"Go to MONAT STUDIO ONE\u2122 HEAT PROTECTANT SPRAY Leave-in Cr\u00e8me page\">-->\n\t<!--\t\t\t\t<img decoding=\"async\" src=\"https:\/\/monatglobal.com\/wp-content\/uploads\/2022\/11\/MONAT-STUDIO-ONE-HEAT-PROTECTANT-SPRAY-ecomm-2022.png\" alt=\"MONAT STUDIO ONE\u2122 HEAT PROTECTANT SPRAY\" loading=\"lazy\"\/>-->\n\t<!--\t\t\t\t<p>MONAT STUDIO ONE\u2122<br \/>Espray protector t\u00e9rmico<\/p>-->\n\t<!--\t\t\t<\/a>-->\n\t<!--\t\t-->\n\t<!--\t-->\n\t\t<!--==================================================== If we need navigation buttons  ====================================================-->\n\t<!--\t-->\n\t<!--\t-->\n\t\t<!--==================================================== If we need paginations  ====================================================-->\n\t<!--\t-->\n\t<!---->\n         <!--==================================================== If we need navigation buttons  ====================================================-->\n         <!--==================================================== If we need paginations  ====================================================-->\n    <a href=\"\" aria-label=\"\"><\/a>\n<!--==================================================== this link has to go last for it to work   ====================================================-->\n","protected":false},"excerpt":{"rendered":"<p>Champ\u00fa anti-reflejos cobrizos Violet Lights\u2122 Limpia y neutraliza los tonos metalizados para un cabello con rubio claro, te\u00f1ido, gris o plateado. 237 ml \u212e 8 fl. oz. Precio cliente00.00 \u20ac Precio cliente VIP00.00 \u20ac Para saber m\u00e1s sobre elChamp\u00fa anti-reflejos cobrizos Violet Lights\u2122 , ponte en contacto con tu Market Partner de MONAT. BENEFICIOS Limpia&hellip;<\/p>\n","protected":false},"author":31,"featured_media":109164,"parent":0,"menu_order":0,"comment_status":"closed","ping_status":"closed","template":"","meta":{"inline_featured_image":false,"om_disable_all_campaigns":false,"_monsterinsights_skip_tracking":false,"_monsterinsights_sitenote_active":false,"_monsterinsights_sitenote_note":"","_monsterinsights_sitenote_category":0,"footnotes":""},"categories":[31],"tags":[],"class_list":["post-71103","page","type-page","status-publish","has-post-thumbnail","hentry","category-product-es"],"aioseo_notices":[],"aioseo_head":"\n\t\t<!-- All in One SEO Pro 4.9.5.2 - aioseo.com -->\n\t<meta name=\"description\" content=\"--&gt;\" \/>\n\t<meta name=\"robots\" content=\"max-image-preview:large\" \/>\n\t<link rel=\"canonical\" href=\"https:\/\/monatglobal.com\/es\/violet-shampoo\/\" \/>\n\t<meta name=\"generator\" content=\"All in One SEO Pro (AIOSEO) 4.9.5.2\" \/>\n\t\t<meta property=\"og:locale\" content=\"en_US\" \/>\n\t\t<meta property=\"og:site_name\" content=\"MONAT Espa\u00f1a - We Are Modern Nature\u00ae\" \/>\n\t\t<meta property=\"og:type\" content=\"article\" \/>\n\t\t<meta property=\"og:title\" content=\"Violet Lights\u2122Anti-Brass Shampoo\" \/>\n\t\t<meta property=\"og:description\" content=\"--&gt;\" \/>\n\t\t<meta property=\"og:url\" content=\"https:\/\/monatglobal.com\/es\/violet-shampoo\/\" \/>\n\t\t<meta property=\"article:published_time\" content=\"2022-12-14T21:29:00+00:00\" \/>\n\t\t<meta property=\"article:modified_time\" content=\"2026-02-23T19:51:52+00:00\" \/>\n\t\t<meta name=\"twitter:card\" content=\"summary_large_image\" \/>\n\t\t<meta name=\"twitter:title\" content=\"Violet Lights\u2122Anti-Brass Shampoo\" \/>\n\t\t<meta name=\"twitter:description\" content=\"--&gt;\" \/>\n\t\t<script type=\"application\/ld+json\" class=\"aioseo-schema\">\n\t\t\t{\"@context\":\"https:\\\/\\\/schema.org\",\"@graph\":[{\"@type\":\"BreadcrumbList\",\"@id\":\"https:\\\/\\\/monatglobal.com\\\/es\\\/violet-shampoo\\\/#breadcrumblist\",\"itemListElement\":[{\"@type\":\"ListItem\",\"@id\":\"https:\\\/\\\/monatglobal.com\\\/es#listItem\",\"position\":1,\"name\":\"Home\",\"item\":\"https:\\\/\\\/monatglobal.com\\\/es\",\"nextItem\":{\"@type\":\"ListItem\",\"@id\":\"https:\\\/\\\/monatglobal.com\\\/es\\\/violet-shampoo\\\/#listItem\",\"name\":\"Violet Lights\\u2122Anti-Brass Shampoo\"}},{\"@type\":\"ListItem\",\"@id\":\"https:\\\/\\\/monatglobal.com\\\/es\\\/violet-shampoo\\\/#listItem\",\"position\":2,\"name\":\"Violet Lights\\u2122Anti-Brass Shampoo\",\"previousItem\":{\"@type\":\"ListItem\",\"@id\":\"https:\\\/\\\/monatglobal.com\\\/es#listItem\",\"name\":\"Home\"}}]},{\"@type\":\"Organization\",\"@id\":\"https:\\\/\\\/monatglobal.com\\\/es\\\/#organization\",\"name\":\"MONAT Espa\\u00f1a\",\"description\":\"We Are Modern Nature\\u00ae\",\"url\":\"https:\\\/\\\/monatglobal.com\\\/es\\\/\"},{\"@type\":\"WebPage\",\"@id\":\"https:\\\/\\\/monatglobal.com\\\/es\\\/violet-shampoo\\\/#webpage\",\"url\":\"https:\\\/\\\/monatglobal.com\\\/es\\\/violet-shampoo\\\/\",\"name\":\"Violet Lights\\u2122Anti-Brass Shampoo\",\"description\":\"-->\",\"inLanguage\":\"en-US\",\"isPartOf\":{\"@id\":\"https:\\\/\\\/monatglobal.com\\\/es\\\/#website\"},\"breadcrumb\":{\"@id\":\"https:\\\/\\\/monatglobal.com\\\/es\\\/violet-shampoo\\\/#breadcrumblist\"},\"image\":{\"@type\":\"ImageObject\",\"url\":\"https:\\\/\\\/monatglobal.com\\\/es\\\/wp-content\\\/uploads\\\/sites\\\/10\\\/2026\\\/02\\\/Violet-Lights-Anti-Brass-Shampoo-ecomm-2022.png\",\"@id\":\"https:\\\/\\\/monatglobal.com\\\/es\\\/violet-shampoo\\\/#mainImage\",\"width\":641,\"height\":800},\"primaryImageOfPage\":{\"@id\":\"https:\\\/\\\/monatglobal.com\\\/es\\\/violet-shampoo\\\/#mainImage\"},\"datePublished\":\"2022-12-14T21:29:00+00:00\",\"dateModified\":\"2026-02-23T19:51:52+00:00\"},{\"@type\":\"WebSite\",\"@id\":\"https:\\\/\\\/monatglobal.com\\\/es\\\/#website\",\"url\":\"https:\\\/\\\/monatglobal.com\\\/es\\\/\",\"name\":\"MONAT Espa\\u00f1a\",\"description\":\"We Are Modern Nature\\u00ae\",\"inLanguage\":\"en-US\",\"publisher\":{\"@id\":\"https:\\\/\\\/monatglobal.com\\\/es\\\/#organization\"}}]}\n\t\t<\/script>\n\t\t<!-- All in One SEO Pro -->\r\n\t\t<title>Violet Lights\u2122Anti-Brass Shampoo<\/title>\n\n","aioseo_head_json":{"title":"Violet Lights\u2122Anti-Brass Shampoo","description":"-->","canonical_url":"https:\/\/monatglobal.com\/es\/violet-shampoo\/","robots":"max-image-preview:large","keywords":"","webmasterTools":{"miscellaneous":""},"schema":{"@context":"https:\/\/schema.org","@graph":[{"@type":"BreadcrumbList","@id":"https:\/\/monatglobal.com\/es\/violet-shampoo\/#breadcrumblist","itemListElement":[{"@type":"ListItem","@id":"https:\/\/monatglobal.com\/es#listItem","position":1,"name":"Home","item":"https:\/\/monatglobal.com\/es","nextItem":{"@type":"ListItem","@id":"https:\/\/monatglobal.com\/es\/violet-shampoo\/#listItem","name":"Violet Lights\u2122Anti-Brass Shampoo"}},{"@type":"ListItem","@id":"https:\/\/monatglobal.com\/es\/violet-shampoo\/#listItem","position":2,"name":"Violet Lights\u2122Anti-Brass Shampoo","previousItem":{"@type":"ListItem","@id":"https:\/\/monatglobal.com\/es#listItem","name":"Home"}}]},{"@type":"Organization","@id":"https:\/\/monatglobal.com\/es\/#organization","name":"MONAT Espa\u00f1a","description":"We Are Modern Nature\u00ae","url":"https:\/\/monatglobal.com\/es\/"},{"@type":"WebPage","@id":"https:\/\/monatglobal.com\/es\/violet-shampoo\/#webpage","url":"https:\/\/monatglobal.com\/es\/violet-shampoo\/","name":"Violet Lights\u2122Anti-Brass Shampoo","description":"-->","inLanguage":"en-US","isPartOf":{"@id":"https:\/\/monatglobal.com\/es\/#website"},"breadcrumb":{"@id":"https:\/\/monatglobal.com\/es\/violet-shampoo\/#breadcrumblist"},"image":{"@type":"ImageObject","url":"https:\/\/monatglobal.com\/es\/wp-content\/uploads\/sites\/10\/2026\/02\/Violet-Lights-Anti-Brass-Shampoo-ecomm-2022.png","@id":"https:\/\/monatglobal.com\/es\/violet-shampoo\/#mainImage","width":641,"height":800},"primaryImageOfPage":{"@id":"https:\/\/monatglobal.com\/es\/violet-shampoo\/#mainImage"},"datePublished":"2022-12-14T21:29:00+00:00","dateModified":"2026-02-23T19:51:52+00:00"},{"@type":"WebSite","@id":"https:\/\/monatglobal.com\/es\/#website","url":"https:\/\/monatglobal.com\/es\/","name":"MONAT Espa\u00f1a","description":"We Are Modern Nature\u00ae","inLanguage":"en-US","publisher":{"@id":"https:\/\/monatglobal.com\/es\/#organization"}}]},"og:locale":"en_US","og:site_name":"MONAT Espa\u00f1a - We Are Modern Nature\u00ae","og:type":"article","og:title":"Violet Lights\u2122Anti-Brass Shampoo","og:description":"--&gt;","og:url":"https:\/\/monatglobal.com\/es\/violet-shampoo\/","article:published_time":"2022-12-14T21:29:00+00:00","article:modified_time":"2026-02-23T19:51:52+00:00","twitter:card":"summary_large_image","twitter:title":"Violet Lights\u2122Anti-Brass Shampoo","twitter:description":"--&gt;"},"aioseo_meta_data":{"post_id":"71103","title":"Violet Lights\u2122Anti-Brass Shampoo","description":null,"keywords":null,"keyphrases":{"focus":{"keyphrase":"","score":0,"analysis":{"keyphraseInTitle":{"score":0,"maxScore":9,"error":1}}},"additional":[]},"primary_term":null,"canonical_url":null,"og_title":null,"og_description":null,"og_object_type":"default","og_image_type":"default","og_image_url":null,"og_image_width":null,"og_image_height":null,"og_image_custom_url":null,"og_image_custom_fields":null,"og_video":"","og_custom_url":null,"og_article_section":null,"og_article_tags":null,"twitter_use_og":false,"twitter_card":"default","twitter_image_type":"default","twitter_image_url":null,"twitter_image_custom_url":null,"twitter_image_custom_fields":null,"twitter_title":null,"twitter_description":null,"schema":{"blockGraphs":[],"customGraphs":[],"default":{"data":{"Article":[],"Course":[],"Dataset":[],"FAQPage":[],"Movie":[],"Person":[],"Product":[],"ProductReview":[],"Car":[],"Recipe":[],"Service":[],"SoftwareApplication":[],"WebPage":[]},"graphName":"WebPage","isEnabled":true},"graphs":[]},"schema_type":"default","schema_type_options":null,"pillar_content":false,"robots_default":true,"robots_noindex":false,"robots_noarchive":false,"robots_nosnippet":false,"robots_nofollow":false,"robots_noimageindex":false,"robots_noodp":false,"robots_notranslate":false,"robots_max_snippet":"-1","robots_max_videopreview":"-1","robots_max_imagepreview":"large","priority":null,"frequency":"default","local_seo":null,"seo_analyzer_scan_date":"2026-02-23 19:51:53","limit_modified_date":false,"reviewed_by":"0","open_ai":null,"ai":{"faqs":[],"keyPoints":[],"titles":[],"descriptions":[],"socialPosts":{"email":[],"linkedin":[],"twitter":[],"facebook":[],"instagram":[]}},"created":"2023-07-26 09:37:53","updated":"2026-02-23 20:01:55"},"aioseo_breadcrumb":"<div class=\"aioseo-breadcrumbs\"><span class=\"aioseo-breadcrumb\">\n\t<a href=\"https:\/\/monatglobal.com\/es\" title=\"Home\">Home<\/a>\n<\/span><span class=\"aioseo-breadcrumb-separator\">&raquo;<\/span><span class=\"aioseo-breadcrumb\">\n\tViolet Lights\u2122Anti-Brass Shampoo\n<\/span><\/div>","aioseo_breadcrumb_json":[{"label":"Home","link":"https:\/\/monatglobal.com\/es"},{"label":"Violet Lights\u2122Anti-Brass Shampoo","link":"https:\/\/monatglobal.com\/es\/violet-shampoo\/"}],"_links":{"self":[{"href":"https:\/\/monatglobal.com\/es\/wp-json\/wp\/v2\/pages\/71103","targetHints":{"allow":["GET"]}}],"collection":[{"href":"https:\/\/monatglobal.com\/es\/wp-json\/wp\/v2\/pages"}],"about":[{"href":"https:\/\/monatglobal.com\/es\/wp-json\/wp\/v2\/types\/page"}],"author":[{"embeddable":true,"href":"https:\/\/monatglobal.com\/es\/wp-json\/wp\/v2\/users\/31"}],"replies":[{"embeddable":true,"href":"https:\/\/monatglobal.com\/es\/wp-json\/wp\/v2\/comments?post=71103"}],"version-history":[{"count":49,"href":"https:\/\/monatglobal.com\/es\/wp-json\/wp\/v2\/pages\/71103\/revisions"}],"predecessor-version":[{"id":109163,"href":"https:\/\/monatglobal.com\/es\/wp-json\/wp\/v2\/pages\/71103\/revisions\/109163"}],"wp:featuredmedia":[{"embeddable":true,"href":"https:\/\/monatglobal.com\/es\/wp-json\/wp\/v2\/media\/109164"}],"wp:attachment":[{"href":"https:\/\/monatglobal.com\/es\/wp-json\/wp\/v2\/media?parent=71103"}],"wp:term":[{"taxonomy":"category","embeddable":true,"href":"https:\/\/monatglobal.com\/es\/wp-json\/wp\/v2\/categories?post=71103"},{"taxonomy":"post_tag","embeddable":true,"href":"https:\/\/monatglobal.com\/es\/wp-json\/wp\/v2\/tags?post=71103"}],"curies":[{"name":"wp","href":"https:\/\/api.w.org\/{rel}","templated":true}]}}