{"id":70919,"date":"2022-12-12T14:48:04","date_gmt":"2022-12-12T14:48:04","guid":{"rendered":"https:\/\/monatglobal.com\/es\/?page_id=70919"},"modified":"2026-02-24T17:07:11","modified_gmt":"2026-02-24T17:07:11","slug":"volumizing-revive-shampoo","status":"publish","type":"page","link":"https:\/\/monatglobal.com\/es\/volumizing-revive-shampoo\/","title":{"rendered":"\u00a0 Champ\u00fa Volumen Revive\u2122"},"content":{"rendered":"\n\n\t<link rel=\"stylesheet\" href=\"https:\/\/unpkg.com\/swiper\/swiper-bundle.min.css\" \/>\n<link rel=\"stylesheet\" href=\"https:\/\/monatglobal.com\/wp-content\/creative_css\/product_styles_sheet.css\" \/> \n   <!--==================================================== ECOMM SECTION ====================================================-->\n   <p>M\u00c1S VENDIDOS<\/p>\n      <!--==================================================== Ecomm image ====================================================-->\n      <img decoding=\"async\" src=\"https:\/\/monatglobal.com\/nz\/wp-content\/uploads\/sites\/15\/2022\/10\/volumizing-revive-shampoo-ecomm.jpg\" alt=\"Product shot of Volumizing Revive Shampoo.\" loading=\"lazy\"\/>\n      <!--==================================================== Ecomm information  ====================================================-->\n         \n         <p>M\u00c1S VENDIDOS<\/p>\n         <h1>Champ\u00fa Volumen<br \/>Revive\u2122<\/h1>\n         <p>Reforzado con REJUVENIQE<sup>\u00ae<\/sup><\/p>\n         <p>Un ligero champ\u00fa para amplificar los mechones finos y&nbsp;planos.<\/p>\n         <p>237 ml \u212e 8.0 fl. oz.<\/p>\n       <!--==================================================== pricing box  ====================================================-->\n         <p>Precio de venta Cliente<br \/>00.00 \u20ac<\/p>\n         <p>Precio Cliente VIP<br \/>00.00 \u20ac<\/p>\n        <!--==================================================== pricing box  ====================================================--> \n         <p>Para conocer m\u00e1s sobre Champ\u00fa Volumen Revive\u2122, ponte en contacto con tu Market Partner de&nbsp;MONAT.<\/p>\n          <a href=\"\" target=\"_blank\" role=\"button\" aria-label=\"\" rel=\"noopener\"><\/a>\n   <!--==================================================== \/ECOMM SECTION  ====================================================-->\n   <!--==================================================== Benefits image ====================================================-->\n   \n      <source media=\"(max-width: 700px)\" srcset=\"https:\/\/monatglobal.com\/nz\/wp-content\/uploads\/sites\/15\/2022\/10\/volumizing-revive-shampoo-benefits-mobile.jpg\" loading=\"lazy\"\/>\n      <img decoding=\"async\" alt=\"Brunette female smiling and holding the Volumizing Revive Shampoo against her face.\" \n      src=\"https:\/\/monatglobal.com\/nz\/wp-content\/uploads\/sites\/15\/2022\/10\/volumizing-revive-shampoo-benefits.jpg\" loading=\"lazy\"\/>\n   \n   <!--==================================================== Benefits text ====================================================-->\n         <h2>BENEFICIOS<\/h2>\n         <h3>Limpia la suciedad, la grasa y los residuos tras el peinado para darle al cabello fino y sin vida un volumen vaporoso, suavidad y&nbsp;luminosidad.<\/h3>\n         <p>Mantiene la hidrataci\u00f3n del cabello a la vez que ayuda a reforzar y prevenir la rotura tras el peinado o el cepillado. Ideal para cabellos con textura de fina a media que busquen volumen y&nbsp;cuerpo.<\/p>\n         <!--==================================================== features image  ====================================================-->\n         <img decoding=\"async\" alt=\"Volumizing Revive Shampoo laying on a flat surface, along with ingredients such as emon slices, coconut pieces, tomatoes, carrots and oil.\" \n         src=\"https:\/\/monatglobal.com\/nz\/wp-content\/uploads\/sites\/15\/2022\/10\/volumizing-revive-shampoo-features.jpg\" loading=\"lazy\"\/>\n      <!--==================================================== features text ====================================================-->\n            <h3>Caracter\u00edsticas<\/h3>\n               <p>\/ Reforzado con REJUVENIQE<sup>\u00ae<\/sup><\/p>\n               <p>\/ F\u00f3rmula que mejora el volumen con&nbsp;CAPIXYL\u2122<\/p>\n               <p>*Based on instrumental tests by a third-party&nbsp;laboratory. <\/p>\n               <br \/>\n            <p>Fragrancia \/ Con un aroma floral de hierbas y notas de jazm\u00edn, lim\u00f3n Meyer, aceite de flor de naranjo y t\u00e9&nbsp;verde.<\/p>\n            <p> Textura \/ Crema<\/p>\n   <!--==================================================== composition image mobile ====================================================-->\n   <img decoding=\"async\" alt=\"Volumizing Revive Shampoo and Volumizing Revitalize Conditioner laying on a flat marble surface.\" src=\"https:\/\/monatglobal.com\/nz\/wp-content\/uploads\/sites\/15\/2022\/10\/Volumizing-Revive-Shampoo-standalone.jpg\" loading=\"lazy\"\/>\n   <!--==================================================== Why it works text ====================================================-->\n      <h2>Intensifica y despierta el volumen, la suavidad y el brillo del&nbsp;cabello.<\/h2>\n      <h3>Transforma el cabello fino, plano y sin vida con una mezcla de ingredientes como REJUVENIQE<sup>\u00ae<\/sup>, extracto de guisante y un protector UV vegano que aportan un acabado voluminoso y con&nbsp;cuerpo.<\/h3>\n      <p>Designed for medium to thick hair delivers our exclusive REJUVENIQE<sup>\u00ae<\/sup> oil blend, omega-fatty acids, and pea extract for healthier-looking&nbsp;strands. <\/p>\n<!--==================================================== Composition section ====================================================-->\n      <img decoding=\"async\" alt=\"Volumizing Revive Shampoo and Volumizing Revitalize Conditioner laying on a flat marble surface.\" src=\"https:\/\/monatglobal.com\/nz\/wp-content\/uploads\/sites\/15\/2022\/10\/Volumizing-Revive-Shampoo-standalone.jpg\" loading=\"lazy\"\/>\n      <img decoding=\"async\" alt=\"Brunette female washing her hair in the shower with Volumizing Revive Shampoo.\" src=\"https:\/\/monatglobal.com\/nz\/wp-content\/uploads\/sites\/15\/2022\/10\/volumizing-revive-shampoo-comp2.jpg\" loading=\"lazy\"\/>\n            <!--==================================================== Directions text ====================================================--> \n               <h3>Instrucciones de uso<\/h3>\n               <p>\/ Emulsionar en las manos y aplicar sobre el cabello&nbsp;h\u00famedo.<\/p>\n               <p>\/ Dejar que act\u00fae entre 2 y 3&nbsp;minutos.<\/p>\n               <p>\/ Aclarar y repetir.<\/p>\n               <p>\/ Para conseguir resultados \u00f3ptimos, aplicar a continuaci\u00f3n tu Acondicionador Volumen Revitalize\u2122&nbsp;MONAT.<\/p>\n            <!--==================================================== Directions video ====================================================-->\n      <p>Damage Repair <br \/>Bond-Fortifying Hair Leave-In Cr\u00e8me  <br \/>1:28<\/p> \n      <a href=\"\" target=\"_blank\" role=\"button\" aria-label=\"\" rel=\"noopener\"><\/a>\n   <!--==================================================== Ingredients section  ====================================================-->\n      <h2>INGREDIENTES CLAVE<\/h2>\n               <p>REJUVENIQE<sup>\u00ae<\/sup><\/p>\n               <p>CAPIXYL<sup>\u2122<\/sup><\/p>\n               <p>Extracto de guisante<\/p>\n               <p>Protector UV vegano<\/p>\n        <button id=\"myBtn\" type=\"button\">LISTA DE INGREDIENTES<\/button>\n      <!--==================================================== Modal content  ====================================================-->\n         &times;\n         <p>Aqua\/Water\/Eau, Sodium C14-16 Olefin Sulfonate, Sodium Methyl Cocoyl Taurate, Lauramidopropyl Betaine, Sodium Cocoamphoacetate, Acrylates Copolymer, Cinnamidopropyltrimonium Chloride, Sodium Chloride, Hydrolyzed Rice Protein, Polyquaternium-11, Pisum Sativum (Pea) Extract, Acetyl Tetrapeptide-3, Trifolium Pratense (Clover) Flower Extract, Limnanthes Alba (Meadowfoam) Seed Oil, Crambe Abyssinica Seed Oil, Camellia Oleifera Seed Oil, Solanum Lycopersicum (Tomato) Seed Oil, Daucus Carota Sativa (Carrot) Seed Oil, Citrus Limon (Lemon) Peel Oil, Citrus Aurantifolia (Lime) Oil, Citrus Aurantium Bergamia (Bergamot) Fruit Oil, Adansonia Digitata Oil, Mauritia Flexuosa Fruit Oil, Cocos Nucifera (Coconut) Oil, Gardenia Taitensis Flower Extract, Moringa Oleifera Seed Oil, Caryocar Brasiliense Fruit Oil, Helianthus Annuus (Sunflower) Seed Oil, Glycerin, Guar Hydroxypropyltrimonium Chloride, Dextran, Glycol Distearate, Cocamidopropyl Hydroxysultaine, Sodium  Hydroxypropylphosphate Decylglucoside Crosspolymer, Sodium Hydroxypropylphosphate Laurylglucoside Crosspolymer, Lauramide MIPA, Cocamidopropyl Betaine, Propanediol, Stearyldimoniumhydroxypropyl Laurylglucosides Chloride, Propylene Glycol, Butylene Glycol, Coconut Acid, Benzoic Acid, Dehydroacetic Acid, Sodium Benzoate, Caprylhydroxamic Acid, Ethylhexylglycerin, Fragrance\/Parfum, Benzyl Alcohol, Phenoxyethanol, Glyceryl Caprylate, Citric Acid, Potassium Sorbate, Aminomethyl Propanol,  Citronellol, Limonene, Hexyl Cinnamal, Linalool.<\/p>\n   <!--==================================================== You might also like section ====================================================-->\n      <h2>PUEDE QUE TAMBI\u00c9N TE&nbsp;GUSTE<\/h2>\n      <!--==================================================== Slider YOU MIGHT ALSO LIKE ====================================================-->\n      <!---->\n      <!--   -->\n            <!--==================================================== Slides products ====================================================-->\n      <!--      -->\n      <!--         <a href=\"\/es\/volumizing-revitalize-conditioner\/\" aria-label=\"Go to Acondicionador Volumen Revitalize\u2122 page\">-->\n      <!--            <img decoding=\"async\" src=\"https:\/\/monatglobal.com\/nz\/wp-content\/uploads\/sites\/15\/2022\/10\/IR-CLINICAL-THICKENING-CONDITIONER_ecomm-2022_web_page-1.jpg\" alt=\"Acondicionador Volumen Revitalize\u2122\" loading=\"lazy\"\/>-->\n      <!--            <p>Acondicionador Volumen<br \/>Revitalize\u2122<\/p>-->\n      <!--         <\/a>-->\n      <!--      -->\n      <!--      -->\n      <!--         <a href=\"\/es\/volume-spray\/\" aria-label=\"Go to Spray eleva y voluminiza MONAT STUDIO ONE\u2122 page\">-->\n      <!--            <img decoding=\"async\" src=\"https:\/\/monatglobal.com\/wp-content\/uploads\/2022\/12\/STUDIO-ONE-VOLUME-LIFT-SPRAY_-ecomm-min.png\" alt=\"Spray eleva y voluminiza MONAT STUDIO ONE\u2122\" loading=\"lazy\"\/>-->\n      <!--            <p>Spray eleva y voluminiza<br \/>MONAT STUDIO ONE\u2122<\/p>-->\n      <!--         <\/a>-->\n      <!--      -->\n      <!--   -->\n         <!--==================================================== If we need navigation buttons  ====================================================-->\n      <!--   -->\n      <!--   -->\n         <!--==================================================== If we need paginations  ====================================================-->\n      <!--   -->\n      <!---->\n         <!--==================================================== If we need navigation buttons  ====================================================-->\n         <!--==================================================== If we need paginations  ====================================================-->\n    <a href=\"\" aria-label=\"\"><\/a>\n<!--==================================================== this link has to go last for it to work   ====================================================-->\n\n","protected":false},"excerpt":{"rendered":"<p>M\u00c1S VENDIDOS M\u00c1S VENDIDOS Champ\u00fa VolumenRevive\u2122 Reforzado con REJUVENIQE\u00ae Un ligero champ\u00fa para amplificar los mechones finos y&nbsp;planos. 237 ml \u212e 8.0 fl. oz. Precio de venta Cliente00.00 \u20ac Precio Cliente VIP00.00 \u20ac Para conocer m\u00e1s sobre Champ\u00fa Volumen Revive\u2122, ponte en contacto con tu Market Partner de&nbsp;MONAT. BENEFICIOS Limpia la suciedad, la grasa y&hellip;<\/p>\n","protected":false},"author":31,"featured_media":109237,"parent":0,"menu_order":0,"comment_status":"closed","ping_status":"closed","template":"","meta":{"inline_featured_image":false,"om_disable_all_campaigns":false,"_monsterinsights_skip_tracking":false,"_monsterinsights_sitenote_active":false,"_monsterinsights_sitenote_note":"","_monsterinsights_sitenote_category":0,"footnotes":""},"categories":[31],"tags":[],"class_list":["post-70919","page","type-page","status-publish","has-post-thumbnail","hentry","category-product-es"],"aioseo_notices":[],"aioseo_head":"\n\t\t<!-- All in One SEO Pro 4.9.5.2 - aioseo.com -->\n\t<meta name=\"description\" content=\"M\u00c1S VENDIDOS M\u00c1S VENDIDOS Champ\u00fa VolumenRevive\u2122 Reforzado con REJUVENIQE\u00ae Un ligero champ\u00fa para amplificar los mechones finos y planos. 237 ml \u212e 8.0 fl. oz. Precio de venta Cliente00.00 \u20ac Precio Cliente VIP00.00 \u20ac Para conocer m\u00e1s sobre Champ\u00fa Volumen Revive\u2122, ponte en contacto con tu Market Partner de MONAT. BENEFICIOS Limpia la suciedad, la grasa y\" \/>\n\t<meta name=\"robots\" content=\"max-image-preview:large\" \/>\n\t<link rel=\"canonical\" href=\"https:\/\/monatglobal.com\/es\/volumizing-revive-shampoo\/\" \/>\n\t<meta name=\"generator\" content=\"All in One SEO Pro (AIOSEO) 4.9.5.2\" \/>\n\t\t<meta property=\"og:locale\" content=\"en_US\" \/>\n\t\t<meta property=\"og:site_name\" content=\"MONAT Espa\u00f1a - We Are Modern Nature\u00ae\" \/>\n\t\t<meta property=\"og:type\" content=\"article\" \/>\n\t\t<meta property=\"og:title\" content=\" Champ\u00fa Volumen Revive\u2122 - MONAT Espa\u00f1a\" \/>\n\t\t<meta property=\"og:description\" content=\"M\u00c1S VENDIDOS M\u00c1S VENDIDOS Champ\u00fa VolumenRevive\u2122 Reforzado con REJUVENIQE\u00ae Un ligero champ\u00fa para amplificar los mechones finos y planos. 237 ml \u212e 8.0 fl. oz. Precio de venta Cliente00.00 \u20ac Precio Cliente VIP00.00 \u20ac Para conocer m\u00e1s sobre Champ\u00fa Volumen Revive\u2122, ponte en contacto con tu Market Partner de MONAT. BENEFICIOS Limpia la suciedad, la grasa y\" \/>\n\t\t<meta property=\"og:url\" content=\"https:\/\/monatglobal.com\/es\/volumizing-revive-shampoo\/\" \/>\n\t\t<meta property=\"article:published_time\" content=\"2022-12-12T14:48:04+00:00\" \/>\n\t\t<meta property=\"article:modified_time\" content=\"2026-02-24T17:07:11+00:00\" \/>\n\t\t<meta name=\"twitter:card\" content=\"summary_large_image\" \/>\n\t\t<meta name=\"twitter:title\" content=\" Champ\u00fa Volumen Revive\u2122 - MONAT Espa\u00f1a\" \/>\n\t\t<meta name=\"twitter:description\" content=\"M\u00c1S VENDIDOS M\u00c1S VENDIDOS Champ\u00fa VolumenRevive\u2122 Reforzado con REJUVENIQE\u00ae Un ligero champ\u00fa para amplificar los mechones finos y planos. 237 ml \u212e 8.0 fl. oz. Precio de venta Cliente00.00 \u20ac Precio Cliente VIP00.00 \u20ac Para conocer m\u00e1s sobre Champ\u00fa Volumen Revive\u2122, ponte en contacto con tu Market Partner de MONAT. BENEFICIOS Limpia la suciedad, la grasa y\" \/>\n\t\t<script type=\"application\/ld+json\" class=\"aioseo-schema\">\n\t\t\t{\"@context\":\"https:\\\/\\\/schema.org\",\"@graph\":[{\"@type\":\"BreadcrumbList\",\"@id\":\"https:\\\/\\\/monatglobal.com\\\/es\\\/volumizing-revive-shampoo\\\/#breadcrumblist\",\"itemListElement\":[{\"@type\":\"ListItem\",\"@id\":\"https:\\\/\\\/monatglobal.com\\\/es#listItem\",\"position\":1,\"name\":\"Home\",\"item\":\"https:\\\/\\\/monatglobal.com\\\/es\",\"nextItem\":{\"@type\":\"ListItem\",\"@id\":\"https:\\\/\\\/monatglobal.com\\\/es\\\/volumizing-revive-shampoo\\\/#listItem\",\"name\":\"\\u00a0 Champ\\u00fa Volumen Revive\\u2122\"}},{\"@type\":\"ListItem\",\"@id\":\"https:\\\/\\\/monatglobal.com\\\/es\\\/volumizing-revive-shampoo\\\/#listItem\",\"position\":2,\"name\":\"\\u00a0 Champ\\u00fa Volumen Revive\\u2122\",\"previousItem\":{\"@type\":\"ListItem\",\"@id\":\"https:\\\/\\\/monatglobal.com\\\/es#listItem\",\"name\":\"Home\"}}]},{\"@type\":\"Organization\",\"@id\":\"https:\\\/\\\/monatglobal.com\\\/es\\\/#organization\",\"name\":\"MONAT Espa\\u00f1a\",\"description\":\"We Are Modern Nature\\u00ae\",\"url\":\"https:\\\/\\\/monatglobal.com\\\/es\\\/\"},{\"@type\":\"WebPage\",\"@id\":\"https:\\\/\\\/monatglobal.com\\\/es\\\/volumizing-revive-shampoo\\\/#webpage\",\"url\":\"https:\\\/\\\/monatglobal.com\\\/es\\\/volumizing-revive-shampoo\\\/\",\"name\":\"Champ\\u00fa Volumen Revive\\u2122 - MONAT Espa\\u00f1a\",\"description\":\"M\\u00c1S VENDIDOS M\\u00c1S VENDIDOS Champ\\u00fa VolumenRevive\\u2122 Reforzado con REJUVENIQE\\u00ae Un ligero champ\\u00fa para amplificar los mechones finos y planos. 237 ml \\u212e 8.0 fl. oz. Precio de venta Cliente00.00 \\u20ac Precio Cliente VIP00.00 \\u20ac Para conocer m\\u00e1s sobre Champ\\u00fa Volumen Revive\\u2122, ponte en contacto con tu Market Partner de MONAT. BENEFICIOS Limpia la suciedad, la grasa y\",\"inLanguage\":\"en-US\",\"isPartOf\":{\"@id\":\"https:\\\/\\\/monatglobal.com\\\/es\\\/#website\"},\"breadcrumb\":{\"@id\":\"https:\\\/\\\/monatglobal.com\\\/es\\\/volumizing-revive-shampoo\\\/#breadcrumblist\"},\"image\":{\"@type\":\"ImageObject\",\"url\":\"https:\\\/\\\/monatglobal.com\\\/es\\\/wp-content\\\/uploads\\\/sites\\\/10\\\/2026\\\/02\\\/VOLUMIZING-REVIVE-SHAMPOO-500x438-1.png\",\"@id\":\"https:\\\/\\\/monatglobal.com\\\/es\\\/volumizing-revive-shampoo\\\/#mainImage\",\"width\":438,\"height\":500},\"primaryImageOfPage\":{\"@id\":\"https:\\\/\\\/monatglobal.com\\\/es\\\/volumizing-revive-shampoo\\\/#mainImage\"},\"datePublished\":\"2022-12-12T14:48:04+00:00\",\"dateModified\":\"2026-02-24T17:07:11+00:00\"},{\"@type\":\"WebSite\",\"@id\":\"https:\\\/\\\/monatglobal.com\\\/es\\\/#website\",\"url\":\"https:\\\/\\\/monatglobal.com\\\/es\\\/\",\"name\":\"MONAT Espa\\u00f1a\",\"description\":\"We Are Modern Nature\\u00ae\",\"inLanguage\":\"en-US\",\"publisher\":{\"@id\":\"https:\\\/\\\/monatglobal.com\\\/es\\\/#organization\"}}]}\n\t\t<\/script>\n\t\t<!-- All in One SEO Pro -->\r\n\t\t<title> Champ\u00fa Volumen Revive\u2122 - MONAT Espa\u00f1a<\/title>\n\n","aioseo_head_json":{"title":" Champ\u00fa Volumen Revive\u2122 - MONAT Espa\u00f1a","description":"M\u00c1S VENDIDOS M\u00c1S VENDIDOS Champ\u00fa VolumenRevive\u2122 Reforzado con REJUVENIQE\u00ae Un ligero champ\u00fa para amplificar los mechones finos y planos. 237 ml \u212e 8.0 fl. oz. Precio de venta Cliente00.00 \u20ac Precio Cliente VIP00.00 \u20ac Para conocer m\u00e1s sobre Champ\u00fa Volumen Revive\u2122, ponte en contacto con tu Market Partner de MONAT. BENEFICIOS Limpia la suciedad, la grasa y","canonical_url":"https:\/\/monatglobal.com\/es\/volumizing-revive-shampoo\/","robots":"max-image-preview:large","keywords":"","webmasterTools":{"miscellaneous":""},"schema":{"@context":"https:\/\/schema.org","@graph":[{"@type":"BreadcrumbList","@id":"https:\/\/monatglobal.com\/es\/volumizing-revive-shampoo\/#breadcrumblist","itemListElement":[{"@type":"ListItem","@id":"https:\/\/monatglobal.com\/es#listItem","position":1,"name":"Home","item":"https:\/\/monatglobal.com\/es","nextItem":{"@type":"ListItem","@id":"https:\/\/monatglobal.com\/es\/volumizing-revive-shampoo\/#listItem","name":"\u00a0 Champ\u00fa Volumen Revive\u2122"}},{"@type":"ListItem","@id":"https:\/\/monatglobal.com\/es\/volumizing-revive-shampoo\/#listItem","position":2,"name":"\u00a0 Champ\u00fa Volumen Revive\u2122","previousItem":{"@type":"ListItem","@id":"https:\/\/monatglobal.com\/es#listItem","name":"Home"}}]},{"@type":"Organization","@id":"https:\/\/monatglobal.com\/es\/#organization","name":"MONAT Espa\u00f1a","description":"We Are Modern Nature\u00ae","url":"https:\/\/monatglobal.com\/es\/"},{"@type":"WebPage","@id":"https:\/\/monatglobal.com\/es\/volumizing-revive-shampoo\/#webpage","url":"https:\/\/monatglobal.com\/es\/volumizing-revive-shampoo\/","name":"Champ\u00fa Volumen Revive\u2122 - MONAT Espa\u00f1a","description":"M\u00c1S VENDIDOS M\u00c1S VENDIDOS Champ\u00fa VolumenRevive\u2122 Reforzado con REJUVENIQE\u00ae Un ligero champ\u00fa para amplificar los mechones finos y planos. 237 ml \u212e 8.0 fl. oz. Precio de venta Cliente00.00 \u20ac Precio Cliente VIP00.00 \u20ac Para conocer m\u00e1s sobre Champ\u00fa Volumen Revive\u2122, ponte en contacto con tu Market Partner de MONAT. BENEFICIOS Limpia la suciedad, la grasa y","inLanguage":"en-US","isPartOf":{"@id":"https:\/\/monatglobal.com\/es\/#website"},"breadcrumb":{"@id":"https:\/\/monatglobal.com\/es\/volumizing-revive-shampoo\/#breadcrumblist"},"image":{"@type":"ImageObject","url":"https:\/\/monatglobal.com\/es\/wp-content\/uploads\/sites\/10\/2026\/02\/VOLUMIZING-REVIVE-SHAMPOO-500x438-1.png","@id":"https:\/\/monatglobal.com\/es\/volumizing-revive-shampoo\/#mainImage","width":438,"height":500},"primaryImageOfPage":{"@id":"https:\/\/monatglobal.com\/es\/volumizing-revive-shampoo\/#mainImage"},"datePublished":"2022-12-12T14:48:04+00:00","dateModified":"2026-02-24T17:07:11+00:00"},{"@type":"WebSite","@id":"https:\/\/monatglobal.com\/es\/#website","url":"https:\/\/monatglobal.com\/es\/","name":"MONAT Espa\u00f1a","description":"We Are Modern Nature\u00ae","inLanguage":"en-US","publisher":{"@id":"https:\/\/monatglobal.com\/es\/#organization"}}]},"og:locale":"en_US","og:site_name":"MONAT Espa\u00f1a - We Are Modern Nature\u00ae","og:type":"article","og:title":" Champ\u00fa Volumen Revive\u2122 - MONAT Espa\u00f1a","og:description":"M\u00c1S VENDIDOS M\u00c1S VENDIDOS Champ\u00fa VolumenRevive\u2122 Reforzado con REJUVENIQE\u00ae Un ligero champ\u00fa para amplificar los mechones finos y planos. 237 ml \u212e 8.0 fl. oz. Precio de venta Cliente00.00 \u20ac Precio Cliente VIP00.00 \u20ac Para conocer m\u00e1s sobre Champ\u00fa Volumen Revive\u2122, ponte en contacto con tu Market Partner de MONAT. BENEFICIOS Limpia la suciedad, la grasa y","og:url":"https:\/\/monatglobal.com\/es\/volumizing-revive-shampoo\/","article:published_time":"2022-12-12T14:48:04+00:00","article:modified_time":"2026-02-24T17:07:11+00:00","twitter:card":"summary_large_image","twitter:title":" Champ\u00fa Volumen Revive\u2122 - MONAT Espa\u00f1a","twitter:description":"M\u00c1S VENDIDOS M\u00c1S VENDIDOS Champ\u00fa VolumenRevive\u2122 Reforzado con REJUVENIQE\u00ae Un ligero champ\u00fa para amplificar los mechones finos y planos. 237 ml \u212e 8.0 fl. oz. Precio de venta Cliente00.00 \u20ac Precio Cliente VIP00.00 \u20ac Para conocer m\u00e1s sobre Champ\u00fa Volumen Revive\u2122, ponte en contacto con tu Market Partner de MONAT. BENEFICIOS Limpia la suciedad, la grasa y"},"aioseo_meta_data":{"post_id":"70919","title":null,"description":null,"keywords":null,"keyphrases":null,"primary_term":null,"canonical_url":null,"og_title":null,"og_description":null,"og_object_type":"default","og_image_type":"default","og_image_url":null,"og_image_width":null,"og_image_height":null,"og_image_custom_url":null,"og_image_custom_fields":null,"og_video":null,"og_custom_url":null,"og_article_section":null,"og_article_tags":null,"twitter_use_og":false,"twitter_card":"default","twitter_image_type":"default","twitter_image_url":null,"twitter_image_custom_url":null,"twitter_image_custom_fields":null,"twitter_title":null,"twitter_description":null,"schema":{"blockGraphs":[],"customGraphs":[],"default":{"data":{"Article":[],"Course":[],"Dataset":[],"FAQPage":[],"Movie":[],"Person":[],"Product":[],"ProductReview":[],"Car":[],"Recipe":[],"Service":[],"SoftwareApplication":[],"WebPage":[]},"graphName":"WebPage","isEnabled":true},"graphs":[]},"schema_type":"default","schema_type_options":null,"pillar_content":false,"robots_default":true,"robots_noindex":false,"robots_noarchive":false,"robots_nosnippet":false,"robots_nofollow":false,"robots_noimageindex":false,"robots_noodp":false,"robots_notranslate":false,"robots_max_snippet":null,"robots_max_videopreview":null,"robots_max_imagepreview":"large","priority":null,"frequency":null,"local_seo":null,"seo_analyzer_scan_date":"2026-02-24 17:08:07","limit_modified_date":false,"reviewed_by":null,"open_ai":null,"ai":null,"created":"2023-07-26 09:37:53","updated":"2026-02-24 18:09:17"},"aioseo_breadcrumb":"<div class=\"aioseo-breadcrumbs\"><span class=\"aioseo-breadcrumb\">\n\t<a href=\"https:\/\/monatglobal.com\/es\" title=\"Home\">Home<\/a>\n<\/span><span class=\"aioseo-breadcrumb-separator\">&raquo;<\/span><span class=\"aioseo-breadcrumb\">\n\t  Champ\u00fa Volumen Revive\u2122\n<\/span><\/div>","aioseo_breadcrumb_json":[{"label":"Home","link":"https:\/\/monatglobal.com\/es"},{"label":"\u00a0 Champ\u00fa Volumen Revive\u2122","link":"https:\/\/monatglobal.com\/es\/volumizing-revive-shampoo\/"}],"_links":{"self":[{"href":"https:\/\/monatglobal.com\/es\/wp-json\/wp\/v2\/pages\/70919","targetHints":{"allow":["GET"]}}],"collection":[{"href":"https:\/\/monatglobal.com\/es\/wp-json\/wp\/v2\/pages"}],"about":[{"href":"https:\/\/monatglobal.com\/es\/wp-json\/wp\/v2\/types\/page"}],"author":[{"embeddable":true,"href":"https:\/\/monatglobal.com\/es\/wp-json\/wp\/v2\/users\/31"}],"replies":[{"embeddable":true,"href":"https:\/\/monatglobal.com\/es\/wp-json\/wp\/v2\/comments?post=70919"}],"version-history":[{"count":26,"href":"https:\/\/monatglobal.com\/es\/wp-json\/wp\/v2\/pages\/70919\/revisions"}],"predecessor-version":[{"id":109238,"href":"https:\/\/monatglobal.com\/es\/wp-json\/wp\/v2\/pages\/70919\/revisions\/109238"}],"wp:featuredmedia":[{"embeddable":true,"href":"https:\/\/monatglobal.com\/es\/wp-json\/wp\/v2\/media\/109237"}],"wp:attachment":[{"href":"https:\/\/monatglobal.com\/es\/wp-json\/wp\/v2\/media?parent=70919"}],"wp:term":[{"taxonomy":"category","embeddable":true,"href":"https:\/\/monatglobal.com\/es\/wp-json\/wp\/v2\/categories?post=70919"},{"taxonomy":"post_tag","embeddable":true,"href":"https:\/\/monatglobal.com\/es\/wp-json\/wp\/v2\/tags?post=70919"}],"curies":[{"name":"wp","href":"https:\/\/api.w.org\/{rel}","templated":true}]}}