{"id":70846,"date":"2022-12-12T14:18:26","date_gmt":"2022-12-12T14:18:26","guid":{"rendered":"https:\/\/monatglobal.com\/es\/?page_id=70846"},"modified":"2026-02-24T16:55:12","modified_gmt":"2026-02-24T16:55:12","slug":"volumizing-revitalize-conditioner","status":"publish","type":"page","link":"https:\/\/monatglobal.com\/es\/volumizing-revitalize-conditioner\/","title":{"rendered":"Acondicionador Volumen Revitalize\u2122"},"content":{"rendered":"\n\n\t<link rel=\"stylesheet\" href=\"https:\/\/unpkg.com\/swiper\/swiper-bundle.min.css\" \/>\n<link rel=\"stylesheet\" href=\"https:\/\/monatglobal.com\/wp-content\/creative_css\/product_styles_sheet.css\" \/> \n   <!--==================================================== ECOMM SECTION ====================================================-->\n   <p>M\u00c1S VENDIDOS<\/p>\n      <!--==================================================== Ecomm image ====================================================-->\n      <img decoding=\"async\" src=\"https:\/\/monatglobal.com\/nz\/wp-content\/uploads\/sites\/15\/2022\/10\/IR-CLINICAL-THICKENING-CONDITIONER_ecomm-2022_web_page-1.jpg\" alt=\"Product shot of Volumizing Revitalize Conditioner.\" loading=\"lazy\"\/>\n      <!--==================================================== Ecomm information  ====================================================-->\n         \n         <p>M\u00c1S VENDIDOS<\/p>\n         <h1>Acondicionador Volumen<br \/>Revitalize\u2122<\/h1>\n         <p>Reforzado con REJUVENIQE<sup>\u00ae<\/sup><\/p>\n         <p>Un acondicionador ligero y voluminoso para cabellos&nbsp;finos.<\/p>\n         <p>179 ml \u212e \/ 6 fl. oz.<\/p>\n      <!--==================================================== pricing box  ====================================================-->\n         <p>Precio de venta Cliente<br \/>00.00 \u20ac<\/p>\n         <p>Precio Cliente VIP<br \/>00.00 \u20ac<\/p>\n       <!--==================================================== pricing box  ====================================================-->  \n         <p>Para conocer m\u00e1s sobre el Acondicionador Volumen Revitalize\u2122, ponte en contacto con tu Market Partner de&nbsp;MONAT.<\/p>\n          <a href=\"\" target=\"_blank\" role=\"button\" aria-label=\"\" rel=\"noopener\"><\/a>\n   <!--==================================================== \/ECOMM SECTION  ====================================================-->\n   <!--==================================================== Benefits image ====================================================-->\n   \n      <source media=\"(max-width: 700px)\" srcset=\"https:\/\/monatglobal.com\/nz\/wp-content\/uploads\/sites\/15\/2022\/10\/volumizing-revitalize-conditioner-benefints-mobile.jpg\" loading=\"lazy\"\/>\n      <img decoding=\"async\" alt=\"Brunette female holding the Volumizing Revitalize Conditioner in front of her face.\" src=\"https:\/\/monatglobal.com\/nz\/wp-content\/uploads\/sites\/15\/2022\/10\/Volumizing-revitalize-benefits-desk.jpg\" loading=\"lazy\"\/>\n   \n   <!--==================================================== Benefits text ====================================================-->\n         <h2>BENEFICIOS<\/h2>\n         <h3>Aporta un acondicionamiento y un volumen ligeros en cabellos finos y lisos a la vez que da suavidad y brillo a los&nbsp;mechones.<\/h3>\n         <p>Ideal para cabellos con textura de fina a media que buscan volumen y&nbsp;cuerpo.<\/p>\n         <!--==================================================== features image  ====================================================-->\n         <img decoding=\"async\" alt=\"Volumizing Revitalize Conditioner laying on a flat surface, along with ingredients such as lemon slices, coconut pieces, tomatoes, carrots and oil.\" \n         src=\"https:\/\/monatglobal.com\/nz\/wp-content\/uploads\/sites\/15\/2022\/10\/volumizing-rvitalize-conditioner-features.jpg\" loading=\"lazy\"\/>\n      <!--==================================================== features text ====================================================-->\n            <h3>Caracter\u00edsticas<\/h3>\n               <p>\/ Crea un cabello de aspecto voluminoso<\/p>\n               <p>\/ A\u00f1ade volumen y cuerpo<\/p>\n               <p>*Based on instrumental tests by a third-party&nbsp;laboratory. <\/p>\n               <br \/>\n            <p>Fragancia \/ Con un aroma floral de hierbas y notas de jazm\u00edn, lim\u00f3n Meyer, aceite de flor de naranjo y t\u00e9&nbsp;verde.<\/p>\n            <p> Textura \/ Crema ligera<\/p>\n   <!--==================================================== composition image mobile ====================================================-->\n   <img decoding=\"async\" alt=\"Volumizing Revitalize Conditioner laying on a flat surface, along with ingredients such as lemon slices, coconut pieces, tomatoes, carrots and oil.\n\" src=\"Volumizing Revive Shampoo and Volumizing Revitalize Conditioner laying on a flat beige surface.\"\/>\n   <!--==================================================== Why it works text ====================================================-->\n      <h2>Aumenta el volumen, la suavidad y el&nbsp;brillo.<\/h2>\n      <h3>Transforma el cabello fino, plano y sin vida con una mezcla de ingredientes como REJUVENIQE<sup>\u00ae<\/sup>, extracto de guisante y un protector UV vegano que aportan un acabado voluminoso y con&nbsp;cuerpo.<\/h3>\n      <p>Designed for medium to thick hair delivers our exclusive REJUVENIQE<sup>\u00ae<\/sup> oil blend, omega-fatty acids, and pea extract for healthier-looking&nbsp;strands. <\/p>\n<!--==================================================== Composition section ====================================================-->\n      <img decoding=\"async\" alt=\"Volumizing Revive Shampoo and Volumizing Revitalize Conditioner laying on a flat marble surface.\n\" src=\"https:\/\/monatglobal.com\/nz\/wp-content\/uploads\/sites\/15\/2022\/10\/Volumizing-Revitallize-Conditioner-standalone.jpg\" loading=\"lazy\"\/> \n      <img decoding=\"async\" alt=\"Brunette female washing her hair in the shower, while overlaying a texture shot of  Volumizing Revitalize Conditioner.\" src=\"https:\/\/monatglobal.com\/nz\/wp-content\/uploads\/sites\/15\/2022\/10\/volumizing-revitalize-conditioner-comp3.jpg\" loading=\"lazy\"\/>\n            <!--==================================================== Directions text ====================================================--> \n               <h3>Instrucciones de uso<\/h3>\n               <p>\/ Tras lavar con el champ\u00fa Volumen Revive\u2122 MONAT, retirar el exceso de agua del&nbsp;cabello.<\/p>\n               <p>\/ Aplicar el acondicionador Volumen&nbsp;Revitalize\u2122.<\/p>\n               <p>\/ Aclarar bien.<\/p>\n            <!--==================================================== Directions video ====================================================-->\n      <p>Damage Repair <br \/>Bond-Fortifying Hair Leave-In Cr\u00e8me  <br \/>1:28<\/p>\n      <a href=\"\" target=\"_blank\" role=\"button\" aria-label=\"\" rel=\"noopener\"><\/a>\n   <!--==================================================== Ingredients section  ====================================================-->\n      <h2>INGREDIENTES CLAVE<\/h2>\n               <p>REJUVENIQE<sup>\u00ae<\/sup><\/p>\n               <p>CAPIXYL<sup>\u2122<\/sup><\/p>\n               <p>Extracto de guisante<\/p>\n               <p>Protector UV vegano<\/p>\n        <button id=\"myBtn\" type=\"button\">LISTA DE INGREDIENTES<\/button>\n      <!--==================================================== Modal content  ====================================================-->\n         &times;\n         <p>Aqua\/Water\/Eau, Cetyl Alcohol, Behentrimonium Methosulfate, Cinnamidopropyltrimonium Chloride, Isoamyl Laurate, Hydrolyzed Rice Protein, Pisum Sativum (Pea) Extract, Acetyl Tetrapeptide-3, Trifolium Pratense (Clover) Flower Extract, Limnanthes Alba (Meadowfoam) Seed Oil, Crambe Abyssinica Seed Oil, Camellia Oleifera Seed Oil, Solanum Lycopersicum (Tomato) Seed Oil, Daucus Carota Sativa (Carrot) Seed Oil, Citrus Limon (Lemon) Peel Oil, Citrus Aurantifolia (Lime) Oil, Citrus Aurantium Bergamia (Bergamot) Fruit Oil, Adansonia Digitata Oil, Mauritia Flexuosa Fruit Oil, Cocos Nucifera (Coconut) Oil, Gardenia Taitensis Flower Extract, Moringa Oleifera Seed Oil, Caryocar Brasiliense Fruit Oil, Helianthus Annuus (Sunflower) Seed Oil, Glycerin, Dextran, Polyquaternium-7, Fragrance\/Parfum, Butylene Glycol, Benzyl Alcohol, Dehydroacetic Acid, Sodium Benzoate, Potassium Sorbate, Citronellol, Hexyl Cinnamal, Limonene, Linalool.<\/p>\n   <!--==================================================== You might also like section ====================================================-->\n      <h2>PUEDE QUE TAMBI\u00c9N TE GUSTE<\/h2>\n      <!--==================================================== Slider YOU MIGHT ALSO LIKE ====================================================-->\n      <!---->\n      <!--   -->\n            <!--==================================================== Slides products ====================================================-->\n      <!--      -->\n      <!--         <a href=\"\/es\/volumizing-revive-shampoo\/\" aria-label=\"Go to Champ\u00fa Volumen Revive\u2122 page\">-->\n      <!--            <img decoding=\"async\" src=\"https:\/\/monatglobal.com\/nz\/wp-content\/uploads\/sites\/15\/2022\/10\/volumizing-revive-shampoo-ecomm.jpg\" alt=\"Champ\u00fa Volumen Revive\u2122\" loading=\"lazy\"\/>-->\n      <!--            <p>Champ\u00fa Volumen<br \/>Revive\u2122<\/p>-->\n      <!--         <\/a>-->\n      <!--      -->\n      <!--      -->\n      <!--         <a href=\"\/es\/volume-spray\/\" aria-label=\"Go to Spray eleva y voluminiza MONAT STUDIO ONE\u2122 page\">-->\n      <!--            <img decoding=\"async\" src=\"https:\/\/monatglobal.com\/wp-content\/uploads\/2022\/12\/STUDIO-ONE-VOLUME-LIFT-SPRAY_-ecomm-min.png\" alt=\"Spray eleva y voluminiza MONAT STUDIO ONE\u2122\" loading=\"lazy\"\/>-->\n      <!--            <p>Spray eleva y voluminiza<br \/>MONAT STUDIO ONE\u2122<\/p>-->\n      <!--         <\/a>-->\n      <!--      -->\n      <!--   -->\n         <!--==================================================== If we need navigation buttons  ====================================================-->\n      <!--   -->\n      <!--   -->\n         <!--==================================================== If we need paginations  ====================================================-->\n      <!--   -->\n      <!---->\n         <!--==================================================== If we need navigation buttons  ====================================================-->\n         <!--==================================================== If we need paginations  ====================================================-->\n    <a href=\"\" aria-label=\"\"><\/a>\n<!--==================================================== this link has to go last for it to work   ====================================================-->\n\n","protected":false},"excerpt":{"rendered":"<p>M\u00c1S VENDIDOS M\u00c1S VENDIDOS Acondicionador VolumenRevitalize\u2122 Reforzado con REJUVENIQE\u00ae Un acondicionador ligero y voluminoso para cabellos&nbsp;finos. 179 ml \u212e \/ 6 fl. oz. Precio de venta Cliente00.00 \u20ac Precio Cliente VIP00.00 \u20ac Para conocer m\u00e1s sobre el Acondicionador Volumen Revitalize\u2122, ponte en contacto con tu Market Partner de&nbsp;MONAT. BENEFICIOS Aporta un acondicionamiento y un volumen&hellip;<\/p>\n","protected":false},"author":31,"featured_media":109234,"parent":0,"menu_order":0,"comment_status":"closed","ping_status":"closed","template":"","meta":{"inline_featured_image":false,"om_disable_all_campaigns":false,"_monsterinsights_skip_tracking":false,"_monsterinsights_sitenote_active":false,"_monsterinsights_sitenote_note":"","_monsterinsights_sitenote_category":0,"footnotes":""},"categories":[31],"tags":[],"class_list":["post-70846","page","type-page","status-publish","has-post-thumbnail","hentry","category-product-es"],"aioseo_notices":[],"aioseo_head":"\n\t\t<!-- All in One SEO Pro 4.9.6 - aioseo.com -->\n\t<meta name=\"description\" content=\"M\u00c1S VENDIDOS M\u00c1S VENDIDOS Acondicionador VolumenRevitalize\u2122 Reforzado con REJUVENIQE\u00ae Un acondicionador ligero y voluminoso para cabellos finos. 179 ml \u212e \/ 6 fl. oz. Precio de venta Cliente00.00 \u20ac Precio Cliente VIP00.00 \u20ac Para conocer m\u00e1s sobre el Acondicionador Volumen Revitalize\u2122, ponte en contacto con tu Market Partner de MONAT. BENEFICIOS Aporta un acondicionamiento y un volumen\" \/>\n\t<meta name=\"robots\" content=\"max-image-preview:large\" \/>\n\t<link rel=\"canonical\" href=\"https:\/\/monatglobal.com\/es\/volumizing-revitalize-conditioner\/\" \/>\n\t<meta name=\"generator\" content=\"All in One SEO Pro (AIOSEO) 4.9.6\" \/>\n\t\t<meta property=\"og:locale\" content=\"en_US\" \/>\n\t\t<meta property=\"og:site_name\" content=\"MONAT Espa\u00f1a - We Are Modern Nature\u00ae\" \/>\n\t\t<meta property=\"og:type\" content=\"article\" \/>\n\t\t<meta property=\"og:title\" content=\"Acondicionador Volumen Revitalize\u2122 - MONAT Espa\u00f1a\" \/>\n\t\t<meta property=\"og:description\" content=\"M\u00c1S VENDIDOS M\u00c1S VENDIDOS Acondicionador VolumenRevitalize\u2122 Reforzado con REJUVENIQE\u00ae Un acondicionador ligero y voluminoso para cabellos finos. 179 ml \u212e \/ 6 fl. oz. Precio de venta Cliente00.00 \u20ac Precio Cliente VIP00.00 \u20ac Para conocer m\u00e1s sobre el Acondicionador Volumen Revitalize\u2122, ponte en contacto con tu Market Partner de MONAT. BENEFICIOS Aporta un acondicionamiento y un volumen\" \/>\n\t\t<meta property=\"og:url\" content=\"https:\/\/monatglobal.com\/es\/volumizing-revitalize-conditioner\/\" \/>\n\t\t<meta property=\"article:published_time\" content=\"2022-12-12T14:18:26+00:00\" \/>\n\t\t<meta property=\"article:modified_time\" content=\"2026-02-24T16:55:12+00:00\" \/>\n\t\t<meta name=\"twitter:card\" content=\"summary_large_image\" \/>\n\t\t<meta name=\"twitter:title\" content=\"Acondicionador Volumen Revitalize\u2122 - MONAT Espa\u00f1a\" \/>\n\t\t<meta name=\"twitter:description\" content=\"M\u00c1S VENDIDOS M\u00c1S VENDIDOS Acondicionador VolumenRevitalize\u2122 Reforzado con REJUVENIQE\u00ae Un acondicionador ligero y voluminoso para cabellos finos. 179 ml \u212e \/ 6 fl. oz. Precio de venta Cliente00.00 \u20ac Precio Cliente VIP00.00 \u20ac Para conocer m\u00e1s sobre el Acondicionador Volumen Revitalize\u2122, ponte en contacto con tu Market Partner de MONAT. BENEFICIOS Aporta un acondicionamiento y un volumen\" \/>\n\t\t<script type=\"application\/ld+json\" class=\"aioseo-schema\">\n\t\t\t{\"@context\":\"https:\\\/\\\/schema.org\",\"@graph\":[{\"@type\":\"BreadcrumbList\",\"@id\":\"https:\\\/\\\/monatglobal.com\\\/es\\\/volumizing-revitalize-conditioner\\\/#breadcrumblist\",\"itemListElement\":[{\"@type\":\"ListItem\",\"@id\":\"https:\\\/\\\/monatglobal.com\\\/es#listItem\",\"position\":1,\"name\":\"Home\",\"item\":\"https:\\\/\\\/monatglobal.com\\\/es\",\"nextItem\":{\"@type\":\"ListItem\",\"@id\":\"https:\\\/\\\/monatglobal.com\\\/es\\\/volumizing-revitalize-conditioner\\\/#listItem\",\"name\":\"Acondicionador Volumen Revitalize\\u2122\"}},{\"@type\":\"ListItem\",\"@id\":\"https:\\\/\\\/monatglobal.com\\\/es\\\/volumizing-revitalize-conditioner\\\/#listItem\",\"position\":2,\"name\":\"Acondicionador Volumen Revitalize\\u2122\",\"previousItem\":{\"@type\":\"ListItem\",\"@id\":\"https:\\\/\\\/monatglobal.com\\\/es#listItem\",\"name\":\"Home\"}}]},{\"@type\":\"Organization\",\"@id\":\"https:\\\/\\\/monatglobal.com\\\/es\\\/#organization\",\"name\":\"MONAT Espa\\u00f1a\",\"description\":\"We Are Modern Nature\\u00ae\",\"url\":\"https:\\\/\\\/monatglobal.com\\\/es\\\/\"},{\"@type\":\"WebPage\",\"@id\":\"https:\\\/\\\/monatglobal.com\\\/es\\\/volumizing-revitalize-conditioner\\\/#webpage\",\"url\":\"https:\\\/\\\/monatglobal.com\\\/es\\\/volumizing-revitalize-conditioner\\\/\",\"name\":\"Acondicionador Volumen Revitalize\\u2122 - MONAT Espa\\u00f1a\",\"description\":\"M\\u00c1S VENDIDOS M\\u00c1S VENDIDOS Acondicionador VolumenRevitalize\\u2122 Reforzado con REJUVENIQE\\u00ae Un acondicionador ligero y voluminoso para cabellos finos. 179 ml \\u212e \\\/ 6 fl. oz. Precio de venta Cliente00.00 \\u20ac Precio Cliente VIP00.00 \\u20ac Para conocer m\\u00e1s sobre el Acondicionador Volumen Revitalize\\u2122, ponte en contacto con tu Market Partner de MONAT. BENEFICIOS Aporta un acondicionamiento y un volumen\",\"inLanguage\":\"en-US\",\"isPartOf\":{\"@id\":\"https:\\\/\\\/monatglobal.com\\\/es\\\/#website\"},\"breadcrumb\":{\"@id\":\"https:\\\/\\\/monatglobal.com\\\/es\\\/volumizing-revitalize-conditioner\\\/#breadcrumblist\"},\"image\":{\"@type\":\"ImageObject\",\"url\":\"https:\\\/\\\/monatglobal.com\\\/es\\\/wp-content\\\/uploads\\\/sites\\\/10\\\/2026\\\/02\\\/VOLUMIZING-REVITALIZE-CONDITIONER-500x438-1.png\",\"@id\":\"https:\\\/\\\/monatglobal.com\\\/es\\\/volumizing-revitalize-conditioner\\\/#mainImage\",\"width\":438,\"height\":500},\"primaryImageOfPage\":{\"@id\":\"https:\\\/\\\/monatglobal.com\\\/es\\\/volumizing-revitalize-conditioner\\\/#mainImage\"},\"datePublished\":\"2022-12-12T14:18:26+00:00\",\"dateModified\":\"2026-02-24T16:55:12+00:00\"},{\"@type\":\"WebSite\",\"@id\":\"https:\\\/\\\/monatglobal.com\\\/es\\\/#website\",\"url\":\"https:\\\/\\\/monatglobal.com\\\/es\\\/\",\"name\":\"MONAT Espa\\u00f1a\",\"description\":\"We Are Modern Nature\\u00ae\",\"inLanguage\":\"en-US\",\"publisher\":{\"@id\":\"https:\\\/\\\/monatglobal.com\\\/es\\\/#organization\"}}]}\n\t\t<\/script>\n\t\t<!-- All in One SEO Pro -->\r\n\t\t<title>Acondicionador Volumen Revitalize\u2122 - MONAT Espa\u00f1a<\/title>\n\n","aioseo_head_json":{"title":"Acondicionador Volumen Revitalize\u2122 - MONAT Espa\u00f1a","description":"M\u00c1S VENDIDOS M\u00c1S VENDIDOS Acondicionador VolumenRevitalize\u2122 Reforzado con REJUVENIQE\u00ae Un acondicionador ligero y voluminoso para cabellos finos. 179 ml \u212e \/ 6 fl. oz. Precio de venta Cliente00.00 \u20ac Precio Cliente VIP00.00 \u20ac Para conocer m\u00e1s sobre el Acondicionador Volumen Revitalize\u2122, ponte en contacto con tu Market Partner de MONAT. BENEFICIOS Aporta un acondicionamiento y un volumen","canonical_url":"https:\/\/monatglobal.com\/es\/volumizing-revitalize-conditioner\/","robots":"max-image-preview:large","keywords":"","webmasterTools":{"miscellaneous":""},"schema":{"@context":"https:\/\/schema.org","@graph":[{"@type":"BreadcrumbList","@id":"https:\/\/monatglobal.com\/es\/volumizing-revitalize-conditioner\/#breadcrumblist","itemListElement":[{"@type":"ListItem","@id":"https:\/\/monatglobal.com\/es#listItem","position":1,"name":"Home","item":"https:\/\/monatglobal.com\/es","nextItem":{"@type":"ListItem","@id":"https:\/\/monatglobal.com\/es\/volumizing-revitalize-conditioner\/#listItem","name":"Acondicionador Volumen Revitalize\u2122"}},{"@type":"ListItem","@id":"https:\/\/monatglobal.com\/es\/volumizing-revitalize-conditioner\/#listItem","position":2,"name":"Acondicionador Volumen Revitalize\u2122","previousItem":{"@type":"ListItem","@id":"https:\/\/monatglobal.com\/es#listItem","name":"Home"}}]},{"@type":"Organization","@id":"https:\/\/monatglobal.com\/es\/#organization","name":"MONAT Espa\u00f1a","description":"We Are Modern Nature\u00ae","url":"https:\/\/monatglobal.com\/es\/"},{"@type":"WebPage","@id":"https:\/\/monatglobal.com\/es\/volumizing-revitalize-conditioner\/#webpage","url":"https:\/\/monatglobal.com\/es\/volumizing-revitalize-conditioner\/","name":"Acondicionador Volumen Revitalize\u2122 - MONAT Espa\u00f1a","description":"M\u00c1S VENDIDOS M\u00c1S VENDIDOS Acondicionador VolumenRevitalize\u2122 Reforzado con REJUVENIQE\u00ae Un acondicionador ligero y voluminoso para cabellos finos. 179 ml \u212e \/ 6 fl. oz. Precio de venta Cliente00.00 \u20ac Precio Cliente VIP00.00 \u20ac Para conocer m\u00e1s sobre el Acondicionador Volumen Revitalize\u2122, ponte en contacto con tu Market Partner de MONAT. BENEFICIOS Aporta un acondicionamiento y un volumen","inLanguage":"en-US","isPartOf":{"@id":"https:\/\/monatglobal.com\/es\/#website"},"breadcrumb":{"@id":"https:\/\/monatglobal.com\/es\/volumizing-revitalize-conditioner\/#breadcrumblist"},"image":{"@type":"ImageObject","url":"https:\/\/monatglobal.com\/es\/wp-content\/uploads\/sites\/10\/2026\/02\/VOLUMIZING-REVITALIZE-CONDITIONER-500x438-1.png","@id":"https:\/\/monatglobal.com\/es\/volumizing-revitalize-conditioner\/#mainImage","width":438,"height":500},"primaryImageOfPage":{"@id":"https:\/\/monatglobal.com\/es\/volumizing-revitalize-conditioner\/#mainImage"},"datePublished":"2022-12-12T14:18:26+00:00","dateModified":"2026-02-24T16:55:12+00:00"},{"@type":"WebSite","@id":"https:\/\/monatglobal.com\/es\/#website","url":"https:\/\/monatglobal.com\/es\/","name":"MONAT Espa\u00f1a","description":"We Are Modern Nature\u00ae","inLanguage":"en-US","publisher":{"@id":"https:\/\/monatglobal.com\/es\/#organization"}}]},"og:locale":"en_US","og:site_name":"MONAT Espa\u00f1a - We Are Modern Nature\u00ae","og:type":"article","og:title":"Acondicionador Volumen Revitalize\u2122 - MONAT Espa\u00f1a","og:description":"M\u00c1S VENDIDOS M\u00c1S VENDIDOS Acondicionador VolumenRevitalize\u2122 Reforzado con REJUVENIQE\u00ae Un acondicionador ligero y voluminoso para cabellos finos. 179 ml \u212e \/ 6 fl. oz. Precio de venta Cliente00.00 \u20ac Precio Cliente VIP00.00 \u20ac Para conocer m\u00e1s sobre el Acondicionador Volumen Revitalize\u2122, ponte en contacto con tu Market Partner de MONAT. BENEFICIOS Aporta un acondicionamiento y un volumen","og:url":"https:\/\/monatglobal.com\/es\/volumizing-revitalize-conditioner\/","article:published_time":"2022-12-12T14:18:26+00:00","article:modified_time":"2026-02-24T16:55:12+00:00","twitter:card":"summary_large_image","twitter:title":"Acondicionador Volumen Revitalize\u2122 - MONAT Espa\u00f1a","twitter:description":"M\u00c1S VENDIDOS M\u00c1S VENDIDOS Acondicionador VolumenRevitalize\u2122 Reforzado con REJUVENIQE\u00ae Un acondicionador ligero y voluminoso para cabellos finos. 179 ml \u212e \/ 6 fl. oz. Precio de venta Cliente00.00 \u20ac Precio Cliente VIP00.00 \u20ac Para conocer m\u00e1s sobre el Acondicionador Volumen Revitalize\u2122, ponte en contacto con tu Market Partner de MONAT. BENEFICIOS Aporta un acondicionamiento y un volumen"},"aioseo_meta_data":{"post_id":"70846","title":null,"description":null,"keywords":null,"keyphrases":null,"primary_term":null,"canonical_url":null,"og_title":null,"og_description":null,"og_object_type":"default","og_image_type":"default","og_image_url":null,"og_image_width":null,"og_image_height":null,"og_image_custom_url":null,"og_image_custom_fields":null,"og_video":null,"og_custom_url":null,"og_article_section":null,"og_article_tags":null,"twitter_use_og":false,"twitter_card":"default","twitter_image_type":"default","twitter_image_url":null,"twitter_image_custom_url":null,"twitter_image_custom_fields":null,"twitter_title":null,"twitter_description":null,"schema":{"blockGraphs":[],"customGraphs":[],"default":{"data":{"Article":[],"Course":[],"Dataset":[],"FAQPage":[],"Movie":[],"Person":[],"Product":[],"ProductReview":[],"Car":[],"Recipe":[],"Service":[],"SoftwareApplication":[],"WebPage":[]},"graphName":"WebPage","isEnabled":true},"graphs":[]},"schema_type":"default","schema_type_options":null,"pillar_content":false,"robots_default":true,"robots_noindex":false,"robots_noarchive":false,"robots_nosnippet":false,"robots_nofollow":false,"robots_noimageindex":false,"robots_noodp":false,"robots_notranslate":false,"robots_max_snippet":null,"robots_max_videopreview":null,"robots_max_imagepreview":"large","priority":null,"frequency":null,"local_seo":null,"seo_analyzer_scan_date":"2026-02-24 17:03:28","limit_modified_date":false,"reviewed_by":null,"open_ai":null,"ai":null,"created":"2023-07-26 09:37:53","updated":"2026-02-24 17:04:47"},"aioseo_breadcrumb":"<div class=\"aioseo-breadcrumbs\"><span class=\"aioseo-breadcrumb\">\n\t<a href=\"https:\/\/monatglobal.com\/es\" title=\"Home\">Home<\/a>\n<\/span><span class=\"aioseo-breadcrumb-separator\">&raquo;<\/span><span class=\"aioseo-breadcrumb\">\n\tAcondicionador Volumen Revitalize\u2122\n<\/span><\/div>","aioseo_breadcrumb_json":[{"label":"Home","link":"https:\/\/monatglobal.com\/es"},{"label":"Acondicionador Volumen Revitalize\u2122","link":"https:\/\/monatglobal.com\/es\/volumizing-revitalize-conditioner\/"}],"_links":{"self":[{"href":"https:\/\/monatglobal.com\/es\/wp-json\/wp\/v2\/pages\/70846","targetHints":{"allow":["GET"]}}],"collection":[{"href":"https:\/\/monatglobal.com\/es\/wp-json\/wp\/v2\/pages"}],"about":[{"href":"https:\/\/monatglobal.com\/es\/wp-json\/wp\/v2\/types\/page"}],"author":[{"embeddable":true,"href":"https:\/\/monatglobal.com\/es\/wp-json\/wp\/v2\/users\/31"}],"replies":[{"embeddable":true,"href":"https:\/\/monatglobal.com\/es\/wp-json\/wp\/v2\/comments?post=70846"}],"version-history":[{"count":30,"href":"https:\/\/monatglobal.com\/es\/wp-json\/wp\/v2\/pages\/70846\/revisions"}],"predecessor-version":[{"id":109233,"href":"https:\/\/monatglobal.com\/es\/wp-json\/wp\/v2\/pages\/70846\/revisions\/109233"}],"wp:featuredmedia":[{"embeddable":true,"href":"https:\/\/monatglobal.com\/es\/wp-json\/wp\/v2\/media\/109234"}],"wp:attachment":[{"href":"https:\/\/monatglobal.com\/es\/wp-json\/wp\/v2\/media?parent=70846"}],"wp:term":[{"taxonomy":"category","embeddable":true,"href":"https:\/\/monatglobal.com\/es\/wp-json\/wp\/v2\/categories?post=70846"},{"taxonomy":"post_tag","embeddable":true,"href":"https:\/\/monatglobal.com\/es\/wp-json\/wp\/v2\/tags?post=70846"}],"curies":[{"name":"wp","href":"https:\/\/api.w.org\/{rel}","templated":true}]}}