{"id":70792,"date":"2022-12-14T21:12:07","date_gmt":"2022-12-14T21:12:07","guid":{"rendered":"https:\/\/monatglobal.com\/es\/?page_id=70792"},"modified":"2026-03-10T14:24:34","modified_gmt":"2026-03-10T14:24:34","slug":"advanced-hydrating-conditioner","status":"publish","type":"page","link":"https:\/\/monatglobal.com\/es\/advanced-hydrating-conditioner\/","title":{"rendered":"Champ\u00fa hidratante avanzado"},"content":{"rendered":"\n\n\t<link rel=\"stylesheet\" href=\"https:\/\/cdn.jsdelivr.net\/npm\/swiper@8\/swiper-bundle.min.css\" \/>\n<link rel=\"stylesheet\" href=\"https:\/\/monatglobal.com\/wp-content\/creative_css\/product_styles_sheet.css\" \/> \n   <!--==================================================== ECOMM SECTION ====================================================-->\n      <!--==================================================== Ecomm image ====================================================-->\n      <img decoding=\"async\" src=\"https:\/\/monatglobal.com\/nz\/wp-content\/uploads\/sites\/15\/2022\/10\/Adavance-Hydrating-Conditioner-Ecomm-.png\" alt=\"Product shot of Advanced Hydrating Conditioner.\" loading=\"lazy\"\/>\n      <!--==================================================== Ecomm information  ====================================================-->\n         \n         <h1>Acondicionador hidratante<br \/>avanzado<\/h1>\n         <p>Con REJUVENIQE S\u2122<\/p>\n         <p>Un ligero acondicionador que hidrata el cabello seco.<\/p> \n         <p>118 ml \u212e 4 fl. oz.<\/p>\n     <!--==================================================== pricing box  ====================================================-->\n         <p>Precio de venta Cliente<br \/>00.00 \u20ac<\/p>\n         <p>Precio Cliente VIP<br \/>00.00 \u20ac<\/p>\n      <!--==================================================== pricing box  ====================================================-->   \n         <p>Para conocer m\u00e1s sobre el Acondicionador hidratante avanzado, ponte en contacto con tu Market Partner de MONAT.<\/p>\n          <a href=\"\" target=\"_blank\" role=\"button\" aria-label=\"\"><\/a>\n   <!--==================================================== \/ECOMM SECTION  ====================================================-->\n   <!--==================================================== Benefits image ====================================================-->\n   \n      <source media=\"(max-width: 700px)\" srcset=\"https:\/\/monatglobal.com\/nz\/wp-content\/uploads\/sites\/15\/2022\/10\/Advance-Hydrating-Conditioner-Mobile.jpg\" loading=\"lazy\"\/>\n      <img decoding=\"async\" alt=\"Brunette female smiling and holding the Advanced Hydrating Conditioner.\" \n      src=\"https:\/\/monatglobal.com\/nz\/wp-content\/uploads\/sites\/15\/2022\/10\/Advance-Conditioner-Benefits-Desk.jpg\" loading=\"lazy\"\/>\n   \n   <!--==================================================== Benefits text ====================================================-->\n         <h2>BENEFICIOS<\/h2>\n         <h3>Hidrata ligeramente el cabello usando tecnolog\u00eda de \u00e1cido hialur\u00f3nico que protege contra la sequedad y la p\u00e9rdida de humedad.<\/h3>\n         <p>Ideal para cabellos con textura fina o media, para todo tipo de cabellos, seguro para cabellos te\u00f1idos y probada dermatol\u00f3gica y oftalmol\u00f3gicamente.<\/p>\n         <!--==================================================== features image  ====================================================-->\n         <img decoding=\"async\" alt=\"Advanced Hydrating Conditioner laying on a flat surface, along with ingredients such as carrots, tomatoes and oil.\" \n         src=\"https:\/\/monatglobal.com\/nz\/wp-content\/uploads\/sites\/15\/2022\/10\/Adavance-Hydrating-Conditioner-Features.jpg\" loading=\"lazy\"\/>\n      <!--==================================================== features text ====================================================-->\n            <h3>Caracter\u00edsticas<\/h3>\n               <p>\/ Con tecnolog\u00eda a base de \u00e1cido hialur\u00f3nico que aporta un aumento en la humedad y la hidrataci\u00f3n para conseguir un cabello m\u00e1s liso, suave y brillante<\/p>\n               <p>\/ Los aceites vegetales y frutales de origen natural hidratan el cabello<\/p>\n               <p>\/ Formulado con ingredientes derivados, ricos en omega, que ayudan a hidratar, suavizar y alisar el cabello para mejorar su maleabilidad<\/p>\n               <p>*Based on instrumental tests by a third-party laboratory. <\/p>\n               <br \/>\n            <p>Fragrancia: Con toques de naranja roja, c\u00e1scara de coco, anacardo y s\u00e1ndalo.<\/p>\n            <p> Textura: Cremosa<\/p>\n   <!--==================================================== composition image mobile ====================================================-->\n   <img decoding=\"async\" alt=\"AAdvanced Hydrating Conditioner laying on a flat surface next to a white bath towel and Advanced Hydating Shampoo.\" src=\"https:\/\/monatglobal.com\/nz\/wp-content\/uploads\/sites\/15\/2022\/10\/Adavance-Hydrating-Conditioner-Comp1.jpg\" loading=\"lazy\"\/>\n   <!--==================================================== Why it works text ====================================================-->\n      <h2>Equilibra y suaviza para cabellos finos o medios con exclusiva tecnolog\u00eda calmante de MONAT.<\/h2>\n      <h3>Nutre sin apelmazar gracias a la tecnolog\u00eda exclusiva de MONAT para conseguir un cabello hidratado al instante aportando hidrataci\u00f3n inmediata para que luzca m\u00e1s suave y brillante.<\/h3>\n<!--==================================================== Composition section ====================================================-->\n      <img decoding=\"async\" alt=\"Advanced Hydrating Conditioner laying on a flat surface next to a white bath towel and Advanced Hydating Shampoo.\" src=\"https:\/\/monatglobal.com\/nz\/wp-content\/uploads\/sites\/15\/2022\/10\/Adavance-Hydrating-Conditioner-Comp1.jpg\" loading=\"lazy\"\/>\n      <img decoding=\"async\" alt=\"Brunette female washing her hair in the shower with Advanced Hydrating Conditioner, overlaying a texture shot of Advanced Hydrating Conditioner.\" src=\"https:\/\/monatglobal.com\/nz\/wp-content\/uploads\/sites\/15\/2022\/10\/Adavance-Conditioner-Comp2.jpg\" loading=\"lazy\"\/>\n            <!--==================================================== Directions text ====================================================--> \n               <h3>Instrucciones de uso<\/h3>\n               <p>\/ Lavar el cabello con el Champ\u00fa hidratante avanzado de MONAT.<\/p>\n               <p>\/ Retirar el exceso de agua.<\/p>\n               <p>\/ Aplicar el Acondicionador hidratante avanzado de MONAT.<\/p>\n               <p>\/ Aclarar bien.<\/p>\n            <!--==================================================== Directions video ====================================================-->\n      <p>Damage Repair <br \/>Bond-Fortifying Hair Leave-In Cr\u00e8me  <br \/>1:28<\/p>\n      <a href=\"\" target=\"_blank\"  role=\"button\" aria-label=\"\"><\/a>\n   <!--==================================================== Ingredients section  ====================================================-->\n      <h2>INGREDIENTES CLAVE<\/h2>\n                <img decoding=\"async\" src=\"https:\/\/monatglobal.com\/wp-content\/uploads\/2022\/11\/REJUVENIQES.svg\" alt=\"REJUVENIQE S\u2122\"\/>\n               <p>REJUVENIQE S\u2122<\/p>\n               <img decoding=\"async\" src=\"https:\/\/monatglobal.com\/wp-content\/uploads\/2022\/11\/Hyaluronic-acid.svg\" alt=\"Tecnolog\u00eda con \u00e1cido hialur\u00f3nico\"\/>\n               <p>Tecnolog\u00eda con \u00e1cido hialur\u00f3nico<\/p>\n                <img decoding=\"async\" src=\"https:\/\/monatglobal.com\/wp-content\/uploads\/2022\/11\/Vegetable-Derived-Protein.svg\" alt=\"Prote\u00edna vegetal\"\/>\n               <p>Prote\u00edna vegetal<\/p>\n        <button id=\"myBtn\" type=\"button\">LISTA DE INGREDIENTES<\/button>\n      <!--==================================================== Modal content  ====================================================-->\n         &times;\n         <p>Aqua\/Water\/Eau, Cetearyl Alcohol, Astrocaryum Murumuru Seed Butter, Brassicamidopropyl Dimethylamine, Behentrimonium Chloride, Orbignya Speciosa Kernel Oil, Cetyl Alcohol, Acetyl Tetrapeptide-3, Trifolium Pratense (Clover) Flower Extract, Adansonia Digitata Oil, Mauritia Flexuosa Fruit Oil, Cocos Nucifera (Coconut) Oil, Gardenia Taitensis Flower Extract, Caryocar Brasiliense Fruit Oil, Dextran, Simmondsia Chinensis (Jojoba) Seed Extract, Pisum Sativum (Pea) Extract, Potassium Phosphate, Citrus Aurantifolia (Lime) Oil, Citrus Aurantium Bergamia (Bergamot) Fruit Oil, Sodium Phosphate, Tocopherol, Silica Dimethyl Silylate, Camellia Oleifera Seed Oil, Olea Europaea (Olive) Fruit Oil, Solanum Lycopersicum (Tomato) Seed Oil, Daucus Carota Sativa (Carrot) Seed Oil, Citrus Limon (Lemon) Peel Oil, Glyceryl Polyacrylate, Algin, Caprylyl Glycol, Sodium Hyaluronate, Pullulan, Hydrated Silica, Disodium Phosphate, Crambe Abyssinica Seed Oil, Serine, Pentylene Glycol, Butylene Glycol, Centella Asiatica Extract, Curcuma Longa (Turmeric) Root Extract, Zingiber Officinale (Ginger) Root Oil, Moringa Oleifera Seed Oil, Limnanthes Alba (Meadowfoam) Seed Oil, Cinnamidopropyltrimonium Chloride, Trehalose, Urea, Glycerin, Cetyl Hydroxyethylcellulose, Panthenol, Hydrolyzed Pea Protein, Hydrolyzed Vegetable Protein, Polyquaternium-7, Ethylhexylglycerin, Cetearyl Glucoside, Helianthus Annuus (Sunflower) Seed Oil, Fragrance\/Parfum, Citric Acid, Potassium Sorbate, Benzyl Alcohol, Sodium Benzoate, Limonene.<\/p>\n   <!--==================================================== You might also like section ====================================================-->\n      <h2>PUEDE QUE TAMBI\u00c9N TE GUSTE<\/h2>\n      <!--==================================================== Slider YOU MIGHT ALSO LIKE ====================================================-->\n      <!---->\n      <!--   -->\n            <!--==================================================== Slides products ====================================================-->\n      <!--      -->\n      <!--         <a href=\"\/es\/advanced-hydrating-shampoo\" aria-label=\"Go to Champ\u00fa hidratante avanzado page\">-->\n      <!--            <img decoding=\"async\" src=\"https:\/\/monatglobal.com\/nz\/wp-content\/uploads\/sites\/15\/2022\/10\/intense-repair-shampoo-ecomm-.png\" alt=\"Champ\u00fa hidratante avanzado\" loading=\"lazy\"\/>-->\n      <!--            <p>Champ\u00fa hidratante<br \/>avanzado<\/p>-->\n      <!--         <\/a>-->\n      <!--      -->\n      <!--      -->\n      <!--         <a href=\"\/es\/volume-spray\/\" aria-label=\"Go to Spray eleva y voluminiza MONAT STUDIO ONE\u2122 page\">-->\n      <!--            <img decoding=\"async\" src=\"https:\/\/monatglobal.com\/wp-content\/uploads\/2022\/12\/STUDIO-ONE-VOLUME-LIFT-SPRAY_-ecomm-min.png\" alt=\"Spray eleva y voluminiza MONAT STUDIO ONE\u2122\" loading=\"lazy\"\/>-->\n      <!--            <p>Spray eleva y voluminiza<br \/>MONAT STUDIO ONE\u2122<\/p>-->\n      <!--         <\/a>-->\n      <!--      -->\n      <!--   -->\n         <!--==================================================== If we need navigation buttons  ====================================================-->\n      <!--   -->\n      <!--   -->\n         <!--==================================================== If we need paginations  ====================================================-->\n      <!--   -->\n      <!---->\n         <!--==================================================== If we need navigation buttons  ====================================================-->\n         <!--==================================================== If we need paginations  ====================================================-->\n    <a href=\"\" aria-label=\"\"><\/a>\n<!--==================================================== this link has to go last for it to work   ====================================================-->\n\n","protected":false},"excerpt":{"rendered":"<p>Acondicionador hidratanteavanzado Con REJUVENIQE S\u2122 Un ligero acondicionador que hidrata el cabello seco. 118 ml \u212e 4 fl. oz. Precio de venta Cliente00.00 \u20ac Precio Cliente VIP00.00 \u20ac Para conocer m\u00e1s sobre el Acondicionador hidratante avanzado, ponte en contacto con tu Market Partner de MONAT. BENEFICIOS Hidrata ligeramente el cabello usando tecnolog\u00eda de \u00e1cido hialur\u00f3nico&hellip;<\/p>\n","protected":false},"author":31,"featured_media":67042,"parent":0,"menu_order":0,"comment_status":"closed","ping_status":"closed","template":"","meta":{"inline_featured_image":false,"om_disable_all_campaigns":false,"_monsterinsights_skip_tracking":false,"_monsterinsights_sitenote_active":false,"_monsterinsights_sitenote_note":"","_monsterinsights_sitenote_category":0,"footnotes":""},"categories":[31],"tags":[],"class_list":["post-70792","page","type-page","status-publish","has-post-thumbnail","hentry","category-product-es"],"aioseo_notices":[],"aioseo_head":"\n\t\t<!-- All in One SEO Pro 4.9.6 - aioseo.com -->\n\t<meta name=\"description\" content=\"Acondicionador hidratanteavanzado Con REJUVENIQE S\u2122 Un ligero acondicionador que hidrata el cabello seco. 118 ml \u212e 4 fl. oz. Precio de venta Cliente00.00 \u20ac Precio Cliente VIP00.00 \u20ac Para conocer m\u00e1s sobre el Acondicionador hidratante avanzado, ponte en contacto con tu Market Partner de MONAT. BENEFICIOS Hidrata ligeramente el cabello usando tecnolog\u00eda de \u00e1cido hialur\u00f3nico\" \/>\n\t<meta name=\"robots\" content=\"max-image-preview:large\" \/>\n\t<link rel=\"canonical\" href=\"https:\/\/monatglobal.com\/es\/advanced-hydrating-conditioner\/\" \/>\n\t<meta name=\"generator\" content=\"All in One SEO Pro (AIOSEO) 4.9.6\" \/>\n\t\t<meta property=\"og:locale\" content=\"en_US\" \/>\n\t\t<meta property=\"og:site_name\" content=\"MONAT Espa\u00f1a - We Are Modern Nature\u00ae\" \/>\n\t\t<meta property=\"og:type\" content=\"article\" \/>\n\t\t<meta property=\"og:title\" content=\"Champ\u00fa hidratante avanzado - MONAT Espa\u00f1a\" \/>\n\t\t<meta property=\"og:description\" content=\"Acondicionador hidratanteavanzado Con REJUVENIQE S\u2122 Un ligero acondicionador que hidrata el cabello seco. 118 ml \u212e 4 fl. oz. Precio de venta Cliente00.00 \u20ac Precio Cliente VIP00.00 \u20ac Para conocer m\u00e1s sobre el Acondicionador hidratante avanzado, ponte en contacto con tu Market Partner de MONAT. BENEFICIOS Hidrata ligeramente el cabello usando tecnolog\u00eda de \u00e1cido hialur\u00f3nico\" \/>\n\t\t<meta property=\"og:url\" content=\"https:\/\/monatglobal.com\/es\/advanced-hydrating-conditioner\/\" \/>\n\t\t<meta property=\"article:published_time\" content=\"2022-12-14T21:12:07+00:00\" \/>\n\t\t<meta property=\"article:modified_time\" content=\"2026-03-10T14:24:34+00:00\" \/>\n\t\t<meta name=\"twitter:card\" content=\"summary_large_image\" \/>\n\t\t<meta name=\"twitter:title\" content=\"Champ\u00fa hidratante avanzado - MONAT Espa\u00f1a\" \/>\n\t\t<meta name=\"twitter:description\" content=\"Acondicionador hidratanteavanzado Con REJUVENIQE S\u2122 Un ligero acondicionador que hidrata el cabello seco. 118 ml \u212e 4 fl. oz. Precio de venta Cliente00.00 \u20ac Precio Cliente VIP00.00 \u20ac Para conocer m\u00e1s sobre el Acondicionador hidratante avanzado, ponte en contacto con tu Market Partner de MONAT. BENEFICIOS Hidrata ligeramente el cabello usando tecnolog\u00eda de \u00e1cido hialur\u00f3nico\" \/>\n\t\t<script type=\"application\/ld+json\" class=\"aioseo-schema\">\n\t\t\t{\"@context\":\"https:\\\/\\\/schema.org\",\"@graph\":[{\"@type\":\"BreadcrumbList\",\"@id\":\"https:\\\/\\\/monatglobal.com\\\/es\\\/advanced-hydrating-conditioner\\\/#breadcrumblist\",\"itemListElement\":[{\"@type\":\"ListItem\",\"@id\":\"https:\\\/\\\/monatglobal.com\\\/es#listItem\",\"position\":1,\"name\":\"Home\",\"item\":\"https:\\\/\\\/monatglobal.com\\\/es\",\"nextItem\":{\"@type\":\"ListItem\",\"@id\":\"https:\\\/\\\/monatglobal.com\\\/es\\\/advanced-hydrating-conditioner\\\/#listItem\",\"name\":\"Champ\\u00fa hidratante avanzado\"}},{\"@type\":\"ListItem\",\"@id\":\"https:\\\/\\\/monatglobal.com\\\/es\\\/advanced-hydrating-conditioner\\\/#listItem\",\"position\":2,\"name\":\"Champ\\u00fa hidratante avanzado\",\"previousItem\":{\"@type\":\"ListItem\",\"@id\":\"https:\\\/\\\/monatglobal.com\\\/es#listItem\",\"name\":\"Home\"}}]},{\"@type\":\"Organization\",\"@id\":\"https:\\\/\\\/monatglobal.com\\\/es\\\/#organization\",\"name\":\"MONAT Espa\\u00f1a\",\"description\":\"We Are Modern Nature\\u00ae\",\"url\":\"https:\\\/\\\/monatglobal.com\\\/es\\\/\"},{\"@type\":\"WebPage\",\"@id\":\"https:\\\/\\\/monatglobal.com\\\/es\\\/advanced-hydrating-conditioner\\\/#webpage\",\"url\":\"https:\\\/\\\/monatglobal.com\\\/es\\\/advanced-hydrating-conditioner\\\/\",\"name\":\"Champ\\u00fa hidratante avanzado - MONAT Espa\\u00f1a\",\"description\":\"Acondicionador hidratanteavanzado Con REJUVENIQE S\\u2122 Un ligero acondicionador que hidrata el cabello seco. 118 ml \\u212e 4 fl. oz. Precio de venta Cliente00.00 \\u20ac Precio Cliente VIP00.00 \\u20ac Para conocer m\\u00e1s sobre el Acondicionador hidratante avanzado, ponte en contacto con tu Market Partner de MONAT. BENEFICIOS Hidrata ligeramente el cabello usando tecnolog\\u00eda de \\u00e1cido hialur\\u00f3nico\",\"inLanguage\":\"en-US\",\"isPartOf\":{\"@id\":\"https:\\\/\\\/monatglobal.com\\\/es\\\/#website\"},\"breadcrumb\":{\"@id\":\"https:\\\/\\\/monatglobal.com\\\/es\\\/advanced-hydrating-conditioner\\\/#breadcrumblist\"},\"image\":{\"@type\":\"ImageObject\",\"url\":\"https:\\\/\\\/monatglobal.com\\\/es\\\/wp-content\\\/uploads\\\/sites\\\/10\\\/2021\\\/12\\\/Advanced-Hyddrating-Conditioner-ecomm-2022.png\",\"@id\":\"https:\\\/\\\/monatglobal.com\\\/es\\\/advanced-hydrating-conditioner\\\/#mainImage\",\"width\":641,\"height\":800},\"primaryImageOfPage\":{\"@id\":\"https:\\\/\\\/monatglobal.com\\\/es\\\/advanced-hydrating-conditioner\\\/#mainImage\"},\"datePublished\":\"2022-12-14T21:12:07+00:00\",\"dateModified\":\"2026-03-10T14:24:34+00:00\"},{\"@type\":\"WebSite\",\"@id\":\"https:\\\/\\\/monatglobal.com\\\/es\\\/#website\",\"url\":\"https:\\\/\\\/monatglobal.com\\\/es\\\/\",\"name\":\"MONAT Espa\\u00f1a\",\"description\":\"We Are Modern Nature\\u00ae\",\"inLanguage\":\"en-US\",\"publisher\":{\"@id\":\"https:\\\/\\\/monatglobal.com\\\/es\\\/#organization\"}}]}\n\t\t<\/script>\n\t\t<!-- All in One SEO Pro -->\r\n\t\t<title>Champ\u00fa hidratante avanzado - MONAT Espa\u00f1a<\/title>\n\n","aioseo_head_json":{"title":"Champ\u00fa hidratante avanzado - MONAT Espa\u00f1a","description":"Acondicionador hidratanteavanzado Con REJUVENIQE S\u2122 Un ligero acondicionador que hidrata el cabello seco. 118 ml \u212e 4 fl. oz. Precio de venta Cliente00.00 \u20ac Precio Cliente VIP00.00 \u20ac Para conocer m\u00e1s sobre el Acondicionador hidratante avanzado, ponte en contacto con tu Market Partner de MONAT. BENEFICIOS Hidrata ligeramente el cabello usando tecnolog\u00eda de \u00e1cido hialur\u00f3nico","canonical_url":"https:\/\/monatglobal.com\/es\/advanced-hydrating-conditioner\/","robots":"max-image-preview:large","keywords":"","webmasterTools":{"miscellaneous":""},"schema":{"@context":"https:\/\/schema.org","@graph":[{"@type":"BreadcrumbList","@id":"https:\/\/monatglobal.com\/es\/advanced-hydrating-conditioner\/#breadcrumblist","itemListElement":[{"@type":"ListItem","@id":"https:\/\/monatglobal.com\/es#listItem","position":1,"name":"Home","item":"https:\/\/monatglobal.com\/es","nextItem":{"@type":"ListItem","@id":"https:\/\/monatglobal.com\/es\/advanced-hydrating-conditioner\/#listItem","name":"Champ\u00fa hidratante avanzado"}},{"@type":"ListItem","@id":"https:\/\/monatglobal.com\/es\/advanced-hydrating-conditioner\/#listItem","position":2,"name":"Champ\u00fa hidratante avanzado","previousItem":{"@type":"ListItem","@id":"https:\/\/monatglobal.com\/es#listItem","name":"Home"}}]},{"@type":"Organization","@id":"https:\/\/monatglobal.com\/es\/#organization","name":"MONAT Espa\u00f1a","description":"We Are Modern Nature\u00ae","url":"https:\/\/monatglobal.com\/es\/"},{"@type":"WebPage","@id":"https:\/\/monatglobal.com\/es\/advanced-hydrating-conditioner\/#webpage","url":"https:\/\/monatglobal.com\/es\/advanced-hydrating-conditioner\/","name":"Champ\u00fa hidratante avanzado - MONAT Espa\u00f1a","description":"Acondicionador hidratanteavanzado Con REJUVENIQE S\u2122 Un ligero acondicionador que hidrata el cabello seco. 118 ml \u212e 4 fl. oz. Precio de venta Cliente00.00 \u20ac Precio Cliente VIP00.00 \u20ac Para conocer m\u00e1s sobre el Acondicionador hidratante avanzado, ponte en contacto con tu Market Partner de MONAT. BENEFICIOS Hidrata ligeramente el cabello usando tecnolog\u00eda de \u00e1cido hialur\u00f3nico","inLanguage":"en-US","isPartOf":{"@id":"https:\/\/monatglobal.com\/es\/#website"},"breadcrumb":{"@id":"https:\/\/monatglobal.com\/es\/advanced-hydrating-conditioner\/#breadcrumblist"},"image":{"@type":"ImageObject","url":"https:\/\/monatglobal.com\/es\/wp-content\/uploads\/sites\/10\/2021\/12\/Advanced-Hyddrating-Conditioner-ecomm-2022.png","@id":"https:\/\/monatglobal.com\/es\/advanced-hydrating-conditioner\/#mainImage","width":641,"height":800},"primaryImageOfPage":{"@id":"https:\/\/monatglobal.com\/es\/advanced-hydrating-conditioner\/#mainImage"},"datePublished":"2022-12-14T21:12:07+00:00","dateModified":"2026-03-10T14:24:34+00:00"},{"@type":"WebSite","@id":"https:\/\/monatglobal.com\/es\/#website","url":"https:\/\/monatglobal.com\/es\/","name":"MONAT Espa\u00f1a","description":"We Are Modern Nature\u00ae","inLanguage":"en-US","publisher":{"@id":"https:\/\/monatglobal.com\/es\/#organization"}}]},"og:locale":"en_US","og:site_name":"MONAT Espa\u00f1a - We Are Modern Nature\u00ae","og:type":"article","og:title":"Champ\u00fa hidratante avanzado - MONAT Espa\u00f1a","og:description":"Acondicionador hidratanteavanzado Con REJUVENIQE S\u2122 Un ligero acondicionador que hidrata el cabello seco. 118 ml \u212e 4 fl. oz. Precio de venta Cliente00.00 \u20ac Precio Cliente VIP00.00 \u20ac Para conocer m\u00e1s sobre el Acondicionador hidratante avanzado, ponte en contacto con tu Market Partner de MONAT. BENEFICIOS Hidrata ligeramente el cabello usando tecnolog\u00eda de \u00e1cido hialur\u00f3nico","og:url":"https:\/\/monatglobal.com\/es\/advanced-hydrating-conditioner\/","article:published_time":"2022-12-14T21:12:07+00:00","article:modified_time":"2026-03-10T14:24:34+00:00","twitter:card":"summary_large_image","twitter:title":"Champ\u00fa hidratante avanzado - MONAT Espa\u00f1a","twitter:description":"Acondicionador hidratanteavanzado Con REJUVENIQE S\u2122 Un ligero acondicionador que hidrata el cabello seco. 118 ml \u212e 4 fl. oz. Precio de venta Cliente00.00 \u20ac Precio Cliente VIP00.00 \u20ac Para conocer m\u00e1s sobre el Acondicionador hidratante avanzado, ponte en contacto con tu Market Partner de MONAT. BENEFICIOS Hidrata ligeramente el cabello usando tecnolog\u00eda de \u00e1cido hialur\u00f3nico"},"aioseo_meta_data":{"post_id":"70792","title":"Champ\u00fa hidratante avanzado - MONAT Espa\u00f1a","description":null,"keywords":null,"keyphrases":{"focus":{"keyphrase":"","score":0,"analysis":{"keyphraseInTitle":{"score":0,"maxScore":9,"error":1}}},"additional":[]},"primary_term":null,"canonical_url":null,"og_title":null,"og_description":null,"og_object_type":"default","og_image_type":"default","og_image_url":null,"og_image_width":null,"og_image_height":null,"og_image_custom_url":null,"og_image_custom_fields":null,"og_video":"","og_custom_url":null,"og_article_section":null,"og_article_tags":null,"twitter_use_og":false,"twitter_card":"default","twitter_image_type":"default","twitter_image_url":null,"twitter_image_custom_url":null,"twitter_image_custom_fields":null,"twitter_title":null,"twitter_description":null,"schema":{"blockGraphs":[],"customGraphs":[],"default":{"data":{"Article":[],"Course":[],"Dataset":[],"FAQPage":[],"Movie":[],"Person":[],"Product":[],"ProductReview":[],"Car":[],"Recipe":[],"Service":[],"SoftwareApplication":[],"WebPage":[]},"graphName":"WebPage","isEnabled":true},"graphs":[]},"schema_type":"default","schema_type_options":null,"pillar_content":false,"robots_default":true,"robots_noindex":false,"robots_noarchive":false,"robots_nosnippet":false,"robots_nofollow":false,"robots_noimageindex":false,"robots_noodp":false,"robots_notranslate":false,"robots_max_snippet":"-1","robots_max_videopreview":"-1","robots_max_imagepreview":"large","priority":null,"frequency":"default","local_seo":null,"seo_analyzer_scan_date":"2026-03-10 14:26:55","limit_modified_date":false,"reviewed_by":"0","open_ai":null,"ai":{"faqs":[],"keyPoints":[],"titles":[],"descriptions":[],"socialPosts":{"email":[],"linkedin":[],"twitter":[],"facebook":[],"instagram":[]}},"created":"2023-07-26 09:37:53","updated":"2026-03-10 14:26:55"},"aioseo_breadcrumb":"<div class=\"aioseo-breadcrumbs\"><span class=\"aioseo-breadcrumb\">\n\t<a href=\"https:\/\/monatglobal.com\/es\" title=\"Home\">Home<\/a>\n<\/span><span class=\"aioseo-breadcrumb-separator\">&raquo;<\/span><span class=\"aioseo-breadcrumb\">\n\tChamp\u00fa hidratante avanzado\n<\/span><\/div>","aioseo_breadcrumb_json":[{"label":"Home","link":"https:\/\/monatglobal.com\/es"},{"label":"Champ\u00fa hidratante avanzado","link":"https:\/\/monatglobal.com\/es\/advanced-hydrating-conditioner\/"}],"_links":{"self":[{"href":"https:\/\/monatglobal.com\/es\/wp-json\/wp\/v2\/pages\/70792","targetHints":{"allow":["GET"]}}],"collection":[{"href":"https:\/\/monatglobal.com\/es\/wp-json\/wp\/v2\/pages"}],"about":[{"href":"https:\/\/monatglobal.com\/es\/wp-json\/wp\/v2\/types\/page"}],"author":[{"embeddable":true,"href":"https:\/\/monatglobal.com\/es\/wp-json\/wp\/v2\/users\/31"}],"replies":[{"embeddable":true,"href":"https:\/\/monatglobal.com\/es\/wp-json\/wp\/v2\/comments?post=70792"}],"version-history":[{"count":25,"href":"https:\/\/monatglobal.com\/es\/wp-json\/wp\/v2\/pages\/70792\/revisions"}],"predecessor-version":[{"id":109275,"href":"https:\/\/monatglobal.com\/es\/wp-json\/wp\/v2\/pages\/70792\/revisions\/109275"}],"wp:featuredmedia":[{"embeddable":true,"href":"https:\/\/monatglobal.com\/es\/wp-json\/wp\/v2\/media\/67042"}],"wp:attachment":[{"href":"https:\/\/monatglobal.com\/es\/wp-json\/wp\/v2\/media?parent=70792"}],"wp:term":[{"taxonomy":"category","embeddable":true,"href":"https:\/\/monatglobal.com\/es\/wp-json\/wp\/v2\/categories?post=70792"},{"taxonomy":"post_tag","embeddable":true,"href":"https:\/\/monatglobal.com\/es\/wp-json\/wp\/v2\/tags?post=70792"}],"curies":[{"name":"wp","href":"https:\/\/api.w.org\/{rel}","templated":true}]}}