{"id":70782,"date":"2022-11-23T15:51:02","date_gmt":"2022-11-23T15:51:02","guid":{"rendered":"https:\/\/monatglobal.com\/es\/?page_id=70782"},"modified":"2025-02-06T15:22:22","modified_gmt":"2025-02-06T15:22:22","slug":"special-annual-awards","status":"publish","type":"page","link":"https:\/\/monatglobal.com\/es\/special-annual-awards\/","title":{"rendered":"Special Annual Awards"},"content":{"rendered":"\n\n            <img decoding=\"async\" src=\"https:\/\/monatglobal.com\/wp-content\/uploads\/2018\/05\/01.-Managing-market-partner.png\" loading=\"lazy\"\/>\n            <h1>Ganadores del<br \/>\npremio especial anual\n <br \/>de 2023<\/h1><br \/>\n            <p>WATCH VIDEO<\/p>\n        <p>Los premios anuales Chairman, CEO y Presidente se otorgan a los Market Partners que hayan logrado grandes \u00e9xitos y representen la cultura y el car\u00e1cter de MONAT que otros buscan igualar. <\/p>\n        <p>Estos premios anuales se presentan durante el evento Espectacular Dream Bigger en MONATions.<\/p>\n                <h2>Premio <br \/>Chairman<\/h2>\n                <hr \/>\n                <p>El prestigioso premio Chairman reconoce a un Market Mentor o superior que es nominado por los socios. Esta persona ejemplifica los ideales de gratitud, benevolencia, servicio a la comunidad, humildad, filantrop\u00eda y liderazgo de MONAT.<\/p>\n                <img decoding=\"async\" src=\"https:\/\/monatglobal.com\/wp-content\/uploads\/2023\/12\/chairman-award_2023-min.png\" loading=\"lazy\"\/>\n            <p>El ganador o ganadora de este premio anual es alguien que los Market Partners admiran, que ven como un modelo y que contribuye con el trabajo social o de entrega en su comunidad.<\/p>\n        <hr \/>\n                    <img decoding=\"async\" src=\"https:\/\/monatglobal.com\/wp-content\/uploads\/2021\/07\/USA-flag.png\" loading=\"lazy\"\/>\n                    <p>Brittany<br \/>Sauer<\/p>\n                    <h2>Premio Chairman:<\/h2>\n                    <p>De los seis eventos MONATions a los que Brittany ha asistido -cada a\u00f1o desde su inicio en MONAT en 2017-, el \u00faltimo en 2023 puede que sea el m\u00e1s inolvidable.<\/p>\n                    <br \/>\n                    <hr \/>\n                    <br \/>\n                    <p>Fue ah\u00ed cuando recibi\u00f3 el m\u00e1ximo galard\u00f3n de MONAT: el Premio Chairman, concedido al Market Partner elegido por sus compa\u00f1eros como H\u00e9roe de MONAT del a\u00f1o.<\/p>\n                    <br \/>\n                    <hr \/>\n                    <br \/>\n                    <p>Con rango de carrera de Senior Executive Director que reside con su marido en Miami Beach, Florida, Brittany es miembro orgulloso del Club 1 Mill\u00f3n y del MONAT Motor Club.<\/p>\n            <p>Fue ah\u00ed cuando recibi\u00f3 el m\u00e1ximo galard\u00f3n de MONAT: el Premio Chairman, concedido al Market Partner elegido por sus compa\u00f1eros como H\u00e9roe de MONAT del a\u00f1o..<\/p>\n            <hr \/>\n            <p>Con rango de carrera de Senior Executive Director que reside con su marido en Miami Beach, Florida, Brittany es miembro orgulloso del Club 1 Mill\u00f3n y del MONAT Motor Club.<\/p>\n        <hr \/>\n                <h2>Premio <br \/>del CEO<\/h2>\n                <hr \/>\n                <p>La persona con mayor desempe\u00f1o MONAT de este a\u00f1o es un Associate Executive Director o superior que lleve un a\u00f1o o m\u00e1s con MONAT. Esta persona demuestra un compromiso inquebrantable para crecer su negocio MONAT, superando obst\u00e1culos y sirviendo como ejemplo competente para los dem\u00e1s.<\/p>\n                <img decoding=\"async\" src=\"https:\/\/monatglobal.com\/wp-content\/uploads\/2023\/12\/ceo-award_2023-min.png\" loading=\"lazy\"\/>\n            <p>El ganador o la ganadora se selecciona bas\u00e1ndose en un sistema de puntos que se conceden al conseguir el primer, segundo o tercer puesto en alguna de las categor\u00edas de reconocimiento en el evento anual Espectacular Dream Bigger.<\/p>\n        <hr \/>\n                    <img decoding=\"async\" src=\"https:\/\/monatglobal.com\/wp-content\/uploads\/2021\/07\/USA-flag.png\" loading=\"lazy\"\/>\n                      <p>Jade<br \/>Free<\/p>\n                      <h2>Premio CEO:<\/h2>\n                    Esposa, madre y residente en California, Jade Free ha disfrutado de un camino emocionante y lleno de \u00e9xitos con MONAT desde su inicio en 2019:\n\n                    <br \/>\n                    <hr \/>\n                    <br \/>\n                    Ha logrado ser miembro tanto del Motor Club MONAT como del Club 100K y ascender a Associate Executive Director en julio de 2022.\n\n<br \/>\n                    <hr \/>\n                    <br \/>\n                    <p>Jade ha participado en cuatro MONATions, en la \u00faltima de las cuales se llev\u00f3 a casa el distinguido premio CEO de 2023.<\/p>\n            <p>Ha logrado ser miembro tanto del Motor Club MONAT como del Club 100K y ascender a Associate Executive Director en julio de 2022.<\/p>\n            <hr \/>\n            <p>Jade ha participado en cuatro MONATions, en la \u00faltima de las cuales se llev\u00f3 a casa el distinguido premio CEO de 2023.<\/p>\n        <hr \/>\n                <h2>Premio <br \/>del presidente<\/h2>\n                <hr \/>\n                <p>El premio del presidente es la versi\u00f3n de MONAT del principiante del a\u00f1o. Se presenta a un Market Mentor o superior que ha estado con MONAT menos de un a\u00f1o. El ganador o la ganadora es reconocido(a) por liderar siendo un ejemplo, servir a la organizaci\u00f3n, demostrar una MONATitude y apoyar a los dem\u00e1s.<\/p>\n                <img decoding=\"async\" src=\"https:\/\/monatglobal.com\/wp-content\/uploads\/2023\/12\/president-award_2023-min.png\" loading=\"lazy\"\/>\n            <p>Este Market Partner personifica lo que cada Market Partner de MONAT deber\u00eda esforzarse en hacer para poder convertirse en ello. El ganador o la ganadora se selecciona bas\u00e1ndose en un sistema de puntos que se conceden al conseguir el primer, segundo o tercer puesto en alguna de las categor\u00edas de reconocimiento en el evento anual Espectacular Dream Bigger.<\/p>\n        <hr \/>\n                    <img decoding=\"async\" src=\"https:\/\/monatglobal.com\/wp-content\/uploads\/2021\/09\/Australia-flag.png\" loading=\"lazy\"\/>\n                    <p>Malaahi <br \/>Davis<\/p>\n                        <h2>Premio del Presidente:<\/h2>\n                    <p>Malaahi Davis, una estrella brillante de nuestra MOfam australiana, comenz\u00f3 su andadura en MONAT en diciembre de 2022 y ascendi\u00f3 hasta convertirse en Managing Market Mentor en mayo de 2023.<\/p>\n                    <br \/>\n                    <hr \/>\n                    <br \/>\n                    <p>Un logro impresionante para esta madre tan ocupada.<\/p>\n                    <br \/>\n                    <hr \/>\n                    <br \/>\n                    <p>La dedicaci\u00f3n y pasi\u00f3n de Malaahi por MONAT la inspiraron a viajar a Estados Unidos para el evento MONATions United 2023, donde fue galardonada con el prestigioso Premio del Presidente.<\/p>\n            <p>Un logro impresionante para esta madre tan ocupada.<\/p>\n            <hr \/>\n            <p>La dedicaci\u00f3n y pasi\u00f3n de Malaahi por MONAT la inspiraron a viajar a Estados Unidos para el evento MONATions United 2023, donde fue galardonada con el prestigioso Premio del Presidente.<\/p>\n            <h2>\u00a1Felicidades a todos los ganadores por vuestros incre\u00edbles logros! <\/h2>\n            <p>\u00a1Esto es solo el comienzo!<\/p>\n            <p>SEE OUR 2020<br \/> DREAM BIGGER<br \/> WINNERS<\/p>\n\n","protected":false},"excerpt":{"rendered":"<p>Ganadores del premio especial anual de 2023 WATCH VIDEO Los premios anuales Chairman, CEO y Presidente se otorgan a los Market Partners que hayan logrado grandes \u00e9xitos y representen la cultura y el car\u00e1cter de MONAT que otros buscan igualar. Estos premios anuales se presentan durante el evento Espectacular Dream Bigger en MONATions. Premio Chairman&hellip;<\/p>\n","protected":false},"author":33,"featured_media":0,"parent":0,"menu_order":0,"comment_status":"closed","ping_status":"closed","template":"","meta":{"inline_featured_image":false,"om_disable_all_campaigns":false,"_monsterinsights_skip_tracking":false,"_monsterinsights_sitenote_active":false,"_monsterinsights_sitenote_note":"","_monsterinsights_sitenote_category":0,"footnotes":""},"categories":[],"tags":[],"class_list":["post-70782","page","type-page","status-publish","hentry"],"aioseo_notices":[],"aioseo_head":"\n\t\t<!-- All in One SEO Pro 4.9.5.2 - aioseo.com -->\n\t<meta name=\"description\" content=\"Ganadores del premio especial anual de 2023 WATCH VIDEO Los premios anuales Chairman, CEO y Presidente se otorgan a los Market Partners que hayan logrado grandes \u00e9xitos y representen la cultura y el car\u00e1cter de MONAT que otros buscan igualar. Estos premios anuales se presentan durante el evento Espectacular Dream Bigger en MONATions. Premio Chairman\" \/>\n\t<meta name=\"robots\" content=\"max-image-preview:large\" \/>\n\t<link rel=\"canonical\" href=\"https:\/\/monatglobal.com\/es\/special-annual-awards\/\" \/>\n\t<meta name=\"generator\" content=\"All in One SEO Pro (AIOSEO) 4.9.5.2\" \/>\n\t\t<meta property=\"og:locale\" content=\"en_US\" \/>\n\t\t<meta property=\"og:site_name\" content=\"MONAT Espa\u00f1a - We Are Modern Nature\u00ae\" \/>\n\t\t<meta property=\"og:type\" content=\"article\" \/>\n\t\t<meta property=\"og:title\" content=\"Special Annual Awards - MONAT Espa\u00f1a\" \/>\n\t\t<meta property=\"og:description\" content=\"Ganadores del premio especial anual de 2023 WATCH VIDEO Los premios anuales Chairman, CEO y Presidente se otorgan a los Market Partners que hayan logrado grandes \u00e9xitos y representen la cultura y el car\u00e1cter de MONAT que otros buscan igualar. Estos premios anuales se presentan durante el evento Espectacular Dream Bigger en MONATions. Premio Chairman\" \/>\n\t\t<meta property=\"og:url\" content=\"https:\/\/monatglobal.com\/es\/special-annual-awards\/\" \/>\n\t\t<meta property=\"article:published_time\" content=\"2022-11-23T15:51:02+00:00\" \/>\n\t\t<meta property=\"article:modified_time\" content=\"2025-02-06T15:22:22+00:00\" \/>\n\t\t<meta name=\"twitter:card\" content=\"summary_large_image\" \/>\n\t\t<meta name=\"twitter:title\" content=\"Special Annual Awards - MONAT Espa\u00f1a\" \/>\n\t\t<meta name=\"twitter:description\" content=\"Ganadores del premio especial anual de 2023 WATCH VIDEO Los premios anuales Chairman, CEO y Presidente se otorgan a los Market Partners que hayan logrado grandes \u00e9xitos y representen la cultura y el car\u00e1cter de MONAT que otros buscan igualar. Estos premios anuales se presentan durante el evento Espectacular Dream Bigger en MONATions. Premio Chairman\" \/>\n\t\t<script type=\"application\/ld+json\" class=\"aioseo-schema\">\n\t\t\t{\"@context\":\"https:\\\/\\\/schema.org\",\"@graph\":[{\"@type\":\"BreadcrumbList\",\"@id\":\"https:\\\/\\\/monatglobal.com\\\/es\\\/special-annual-awards\\\/#breadcrumblist\",\"itemListElement\":[{\"@type\":\"ListItem\",\"@id\":\"https:\\\/\\\/monatglobal.com\\\/es#listItem\",\"position\":1,\"name\":\"Home\",\"item\":\"https:\\\/\\\/monatglobal.com\\\/es\",\"nextItem\":{\"@type\":\"ListItem\",\"@id\":\"https:\\\/\\\/monatglobal.com\\\/es\\\/special-annual-awards\\\/#listItem\",\"name\":\"Special Annual Awards\"}},{\"@type\":\"ListItem\",\"@id\":\"https:\\\/\\\/monatglobal.com\\\/es\\\/special-annual-awards\\\/#listItem\",\"position\":2,\"name\":\"Special Annual Awards\",\"previousItem\":{\"@type\":\"ListItem\",\"@id\":\"https:\\\/\\\/monatglobal.com\\\/es#listItem\",\"name\":\"Home\"}}]},{\"@type\":\"Organization\",\"@id\":\"https:\\\/\\\/monatglobal.com\\\/es\\\/#organization\",\"name\":\"MONAT Espa\\u00f1a\",\"description\":\"We Are Modern Nature\\u00ae\",\"url\":\"https:\\\/\\\/monatglobal.com\\\/es\\\/\"},{\"@type\":\"WebPage\",\"@id\":\"https:\\\/\\\/monatglobal.com\\\/es\\\/special-annual-awards\\\/#webpage\",\"url\":\"https:\\\/\\\/monatglobal.com\\\/es\\\/special-annual-awards\\\/\",\"name\":\"Special Annual Awards - MONAT Espa\\u00f1a\",\"description\":\"Ganadores del premio especial anual de 2023 WATCH VIDEO Los premios anuales Chairman, CEO y Presidente se otorgan a los Market Partners que hayan logrado grandes \\u00e9xitos y representen la cultura y el car\\u00e1cter de MONAT que otros buscan igualar. Estos premios anuales se presentan durante el evento Espectacular Dream Bigger en MONATions. Premio Chairman\",\"inLanguage\":\"en-US\",\"isPartOf\":{\"@id\":\"https:\\\/\\\/monatglobal.com\\\/es\\\/#website\"},\"breadcrumb\":{\"@id\":\"https:\\\/\\\/monatglobal.com\\\/es\\\/special-annual-awards\\\/#breadcrumblist\"},\"datePublished\":\"2022-11-23T15:51:02+00:00\",\"dateModified\":\"2025-02-06T15:22:22+00:00\"},{\"@type\":\"WebSite\",\"@id\":\"https:\\\/\\\/monatglobal.com\\\/es\\\/#website\",\"url\":\"https:\\\/\\\/monatglobal.com\\\/es\\\/\",\"name\":\"MONAT Espa\\u00f1a\",\"description\":\"We Are Modern Nature\\u00ae\",\"inLanguage\":\"en-US\",\"publisher\":{\"@id\":\"https:\\\/\\\/monatglobal.com\\\/es\\\/#organization\"}}]}\n\t\t<\/script>\n\t\t<!-- All in One SEO Pro -->\r\n\t\t<title>Special Annual Awards - MONAT Espa\u00f1a<\/title>\n\n","aioseo_head_json":{"title":"Special Annual Awards - MONAT Espa\u00f1a","description":"Ganadores del premio especial anual de 2023 WATCH VIDEO Los premios anuales Chairman, CEO y Presidente se otorgan a los Market Partners que hayan logrado grandes \u00e9xitos y representen la cultura y el car\u00e1cter de MONAT que otros buscan igualar. Estos premios anuales se presentan durante el evento Espectacular Dream Bigger en MONATions. Premio Chairman","canonical_url":"https:\/\/monatglobal.com\/es\/special-annual-awards\/","robots":"max-image-preview:large","keywords":"","webmasterTools":{"miscellaneous":""},"schema":{"@context":"https:\/\/schema.org","@graph":[{"@type":"BreadcrumbList","@id":"https:\/\/monatglobal.com\/es\/special-annual-awards\/#breadcrumblist","itemListElement":[{"@type":"ListItem","@id":"https:\/\/monatglobal.com\/es#listItem","position":1,"name":"Home","item":"https:\/\/monatglobal.com\/es","nextItem":{"@type":"ListItem","@id":"https:\/\/monatglobal.com\/es\/special-annual-awards\/#listItem","name":"Special Annual Awards"}},{"@type":"ListItem","@id":"https:\/\/monatglobal.com\/es\/special-annual-awards\/#listItem","position":2,"name":"Special Annual Awards","previousItem":{"@type":"ListItem","@id":"https:\/\/monatglobal.com\/es#listItem","name":"Home"}}]},{"@type":"Organization","@id":"https:\/\/monatglobal.com\/es\/#organization","name":"MONAT Espa\u00f1a","description":"We Are Modern Nature\u00ae","url":"https:\/\/monatglobal.com\/es\/"},{"@type":"WebPage","@id":"https:\/\/monatglobal.com\/es\/special-annual-awards\/#webpage","url":"https:\/\/monatglobal.com\/es\/special-annual-awards\/","name":"Special Annual Awards - MONAT Espa\u00f1a","description":"Ganadores del premio especial anual de 2023 WATCH VIDEO Los premios anuales Chairman, CEO y Presidente se otorgan a los Market Partners que hayan logrado grandes \u00e9xitos y representen la cultura y el car\u00e1cter de MONAT que otros buscan igualar. Estos premios anuales se presentan durante el evento Espectacular Dream Bigger en MONATions. Premio Chairman","inLanguage":"en-US","isPartOf":{"@id":"https:\/\/monatglobal.com\/es\/#website"},"breadcrumb":{"@id":"https:\/\/monatglobal.com\/es\/special-annual-awards\/#breadcrumblist"},"datePublished":"2022-11-23T15:51:02+00:00","dateModified":"2025-02-06T15:22:22+00:00"},{"@type":"WebSite","@id":"https:\/\/monatglobal.com\/es\/#website","url":"https:\/\/monatglobal.com\/es\/","name":"MONAT Espa\u00f1a","description":"We Are Modern Nature\u00ae","inLanguage":"en-US","publisher":{"@id":"https:\/\/monatglobal.com\/es\/#organization"}}]},"og:locale":"en_US","og:site_name":"MONAT Espa\u00f1a - We Are Modern Nature\u00ae","og:type":"article","og:title":"Special Annual Awards - MONAT Espa\u00f1a","og:description":"Ganadores del premio especial anual de 2023 WATCH VIDEO Los premios anuales Chairman, CEO y Presidente se otorgan a los Market Partners que hayan logrado grandes \u00e9xitos y representen la cultura y el car\u00e1cter de MONAT que otros buscan igualar. Estos premios anuales se presentan durante el evento Espectacular Dream Bigger en MONATions. Premio Chairman","og:url":"https:\/\/monatglobal.com\/es\/special-annual-awards\/","article:published_time":"2022-11-23T15:51:02+00:00","article:modified_time":"2025-02-06T15:22:22+00:00","twitter:card":"summary_large_image","twitter:title":"Special Annual Awards - MONAT Espa\u00f1a","twitter:description":"Ganadores del premio especial anual de 2023 WATCH VIDEO Los premios anuales Chairman, CEO y Presidente se otorgan a los Market Partners que hayan logrado grandes \u00e9xitos y representen la cultura y el car\u00e1cter de MONAT que otros buscan igualar. Estos premios anuales se presentan durante el evento Espectacular Dream Bigger en MONATions. Premio Chairman"},"aioseo_meta_data":{"post_id":"70782","title":null,"description":null,"keywords":null,"keyphrases":null,"primary_term":null,"canonical_url":null,"og_title":null,"og_description":null,"og_object_type":"default","og_image_type":"default","og_image_url":null,"og_image_width":null,"og_image_height":null,"og_image_custom_url":null,"og_image_custom_fields":null,"og_video":null,"og_custom_url":null,"og_article_section":null,"og_article_tags":null,"twitter_use_og":false,"twitter_card":"default","twitter_image_type":"default","twitter_image_url":null,"twitter_image_custom_url":null,"twitter_image_custom_fields":null,"twitter_title":null,"twitter_description":null,"schema":{"blockGraphs":[],"customGraphs":[],"default":{"data":{"Article":[],"Course":[],"Dataset":[],"FAQPage":[],"Movie":[],"Person":[],"Product":[],"ProductReview":[],"Car":[],"Recipe":[],"Service":[],"SoftwareApplication":[],"WebPage":[]},"graphName":"WebPage","isEnabled":true},"graphs":[]},"schema_type":"default","schema_type_options":null,"pillar_content":false,"robots_default":true,"robots_noindex":false,"robots_noarchive":false,"robots_nosnippet":false,"robots_nofollow":false,"robots_noimageindex":false,"robots_noodp":false,"robots_notranslate":false,"robots_max_snippet":null,"robots_max_videopreview":null,"robots_max_imagepreview":"large","priority":null,"frequency":null,"local_seo":null,"seo_analyzer_scan_date":"2025-08-14 18:18:13","limit_modified_date":false,"reviewed_by":null,"open_ai":null,"ai":null,"created":"2023-07-26 09:36:04","updated":"2026-02-10 05:31:02"},"aioseo_breadcrumb":"<div class=\"aioseo-breadcrumbs\"><span class=\"aioseo-breadcrumb\">\n\t<a href=\"https:\/\/monatglobal.com\/es\" title=\"Home\">Home<\/a>\n<\/span><span class=\"aioseo-breadcrumb-separator\">&raquo;<\/span><span class=\"aioseo-breadcrumb\">\n\tSpecial Annual Awards\n<\/span><\/div>","aioseo_breadcrumb_json":[{"label":"Home","link":"https:\/\/monatglobal.com\/es"},{"label":"Special Annual Awards","link":"https:\/\/monatglobal.com\/es\/special-annual-awards\/"}],"_links":{"self":[{"href":"https:\/\/monatglobal.com\/es\/wp-json\/wp\/v2\/pages\/70782","targetHints":{"allow":["GET"]}}],"collection":[{"href":"https:\/\/monatglobal.com\/es\/wp-json\/wp\/v2\/pages"}],"about":[{"href":"https:\/\/monatglobal.com\/es\/wp-json\/wp\/v2\/types\/page"}],"author":[{"embeddable":true,"href":"https:\/\/monatglobal.com\/es\/wp-json\/wp\/v2\/users\/33"}],"replies":[{"embeddable":true,"href":"https:\/\/monatglobal.com\/es\/wp-json\/wp\/v2\/comments?post=70782"}],"version-history":[{"count":4,"href":"https:\/\/monatglobal.com\/es\/wp-json\/wp\/v2\/pages\/70782\/revisions"}],"predecessor-version":[{"id":86377,"href":"https:\/\/monatglobal.com\/es\/wp-json\/wp\/v2\/pages\/70782\/revisions\/86377"}],"wp:attachment":[{"href":"https:\/\/monatglobal.com\/es\/wp-json\/wp\/v2\/media?parent=70782"}],"wp:term":[{"taxonomy":"category","embeddable":true,"href":"https:\/\/monatglobal.com\/es\/wp-json\/wp\/v2\/categories?post=70782"},{"taxonomy":"post_tag","embeddable":true,"href":"https:\/\/monatglobal.com\/es\/wp-json\/wp\/v2\/tags?post=70782"}],"curies":[{"name":"wp","href":"https:\/\/api.w.org\/{rel}","templated":true}]}}