{"id":70769,"date":"2022-12-07T17:03:14","date_gmt":"2022-12-07T17:03:14","guid":{"rendered":"https:\/\/monatglobal.com\/es\/?page_id=70769"},"modified":"2026-02-23T21:18:32","modified_gmt":"2026-02-23T21:18:32","slug":"advanced-hydrating-shampoo","status":"publish","type":"page","link":"https:\/\/monatglobal.com\/es\/advanced-hydrating-shampoo\/","title":{"rendered":"Champ\u00fa Hidratante avanzado\u00a0"},"content":{"rendered":"\n<link rel=\"stylesheet\" href=\"https:\/\/cdn.jsdelivr.net\/npm\/swiper@8\/swiper-bundle.min.css\">\n<link rel=\"stylesheet\" href=\"https:\/\/monatglobal.com\/wp-content\/creative_css\/product_styles_sheet.css\"> \n   <!--==================================================== ECOMM SECTION ====================================================-->\n      <!--==================================================== Ecomm image ====================================================-->\n      <img decoding=\"async\" src=\"https:\/\/monatglobal.com\/nz\/wp-content\/uploads\/sites\/15\/2022\/10\/intense-repair-shampoo-ecomm-.png\" alt=\"Product shot of Advanced Hydrating Shampoo.\" loading=\"lazy\">\n      <!--==================================================== Ecomm information  ====================================================-->\n         \n         <h1>Champ\u00fa hidratante<br>avanzado<\/h1>\n         <p>Reforzado con REJUVENIQE S\u2122<\/p>\n         <p>Un ligero champ\u00fa hidratante que limpia e hidrata en cabellos finos o medios.<\/p> \n         <p>237 ml \u212e 8 fl. oz.<\/p>\n     <!--==================================================== pricing box  ====================================================-->\n         <p>Precio de venta Cliente<br>00.00 \u20ac<\/p>\n         <p>Precio Cliente VIP<br>00.00 \u20ac<\/p>\n     <!--==================================================== pricing box  ====================================================-->     \n         <p>Para conocer m\u00e1s sobre el Champ\u00fa Hidratante avanzado, ponte en contacto con tu Market Partner de MONAT.<\/p>\n          <a href=\"\" target=\"_blank\" role=\"button\" aria-label=\"\" rel=\"noopener\"><\/a>\n   <!--==================================================== \/ECOMM SECTION  ====================================================-->\n   <!--==================================================== Benefits image ====================================================-->\n   \n      <source media=\"(max-width: 700px)\" srcset=\"https:\/\/monatglobal.com\/nz\/wp-content\/uploads\/sites\/15\/2022\/10\/Advance-Hydrating-Shampoo-Benefits-Mobile.jpg\" loading=\"lazy\">\n      <img decoding=\"async\" alt=\"Brunette female holding the Advanced Hydrating Shampoo in front of her face.\" src=\"https:\/\/monatglobal.com\/nz\/wp-content\/uploads\/sites\/15\/2022\/10\/Advance-hydrating-Shampoo-Benefits-Desk.jpg\" loading=\"lazy\">\n   \n   <!--==================================================== Benefits text ====================================================-->\n         <h2>BENEFICIOS<\/h2>\n         <h3>Aporta un aumento del 20 % de hidrataci\u00f3n para combatir el cabello seco a trav\u00e9s del uso de tecnolog\u00eda basada en \u00e1cido hialur\u00f3nico.<\/h3>\n         <p> Este champ\u00fa, seguro para proteger el color, limpia para nutrir, revelando un cabello radiante y suave. <\/p>\n         <!--==================================================== features image  ====================================================-->\n         <img decoding=\"async\" alt=\"Advanced Hydrating Shampoo laying on a flat surface, along with ingredients such as lemon slices, coconut pieces, tomatoes and oil.\" src=\"https:\/\/monatglobal.com\/nz\/wp-content\/uploads\/sites\/15\/2022\/10\/Advance-Hydrating-Shampoo-Features.jpg\" loading=\"lazy\">\n      <!--==================================================== features text ====================================================-->\n            <h3>Caracter\u00edsticas<\/h3>\n               <p>\/ Limpia para revelar un cabello radiante con aceites naturales derivados de las plantas y las frutas<\/p>\n               <p>\/ REJUVENIQE S\u2122<\/p>\n               <br>\n            <p>Fragancia \/ Contiene notas de naranja roja, c\u00e1scara de coco, anacardo y s\u00e1ndalo.<\/p>\n            <p> Textura \/ Crema<\/p>\n   <!--==================================================== composition image mobile ====================================================-->\n   <img decoding=\"async\" alt=\"Advanced Hydrating Shampoo and Advanced Hydrating Conditioner on a marble surface.\" src=\"https:\/\/monatglobal.com\/nz\/wp-content\/uploads\/sites\/15\/2022\/10\/Adavance-Hydrating-Conditioner-Comp_1.jpg\" loading=\"lazy\">\n   <!--==================================================== Why it works text ====================================================-->\n      <h2>Equilibra el cabello de fino a medio con una tecnolog\u00eda de enfriamiento exclusiva de MONAT.<\/h2>\n      <h3>Aumenta la hidrataci\u00f3n a la vez que limpia e hidrata el cabello. <\/h3>\n      <p>Un tr\u00edo de activos hidratantes formado por REJUVENIQE S\u2122, \u00e1cido hialur\u00f3nico y prote\u00edna vegetal creada para suavizar y equilibrar el cabello.<\/p>\n<!--==================================================== Composition section ====================================================-->\n      <img decoding=\"async\" alt=\"Advanced Hydrating Shampoo and Advanced Hydrating Conditioner on a marble surface.\" src=\"https:\/\/monatglobal.com\/nz\/wp-content\/uploads\/sites\/15\/2022\/10\/Adavance-Hydrating-Conditioner-Comp_1.jpg\" loading=\"lazy\">\n      <img decoding=\"async\" alt=\"Brunette female washing her hair in the shower with Advanced Hydrating Shampoo, overlaying a texture shot of Advanced Hydrating Shampoo.\" src=\"https:\/\/monatglobal.com\/nz\/wp-content\/uploads\/sites\/15\/2022\/10\/Advance-Hydrating-shampoo-Comp.jpg\" loading=\"lazy\">\n            <!--==================================================== Directions text ====================================================--> \n               <h3>Instrucciones de uso<\/h3>\n               <p>\/ Emulsionar en las manos.<\/p>\n               <p>\/ Aplicar sobre el cabello mojado.<\/p>\n               <p>\/ Dejar que act\u00fae entre 1 y 2 minutos.<\/p>\n               <p>\/ Aclarar y repetir.<\/p>\n               <p>\/ Continuar con el Acondicionador hidratante avanzado.<\/p>\n            <!--==================================================== Directions video ====================================================-->\n      <p>Damage Repair <br>Bond-Fortifying Hair Leave-In Cr\u00e8me  <br>1:28<\/p>\n      <a href=\"\" target=\"_blank\" role=\"button\" aria-label=\"\" rel=\"noopener\"><\/a>\n   <!--==================================================== Ingredients section  ====================================================-->\n      <h2>INGREDIENTES CLAVE<\/h2>\n                <img decoding=\"async\" src=\"https:\/\/monatglobal.com\/wp-content\/uploads\/2022\/11\/REJUVENIQES.svg\" alt=\"REJUVENIQE S\u2122\">\n               <p> REJUVENIQE S\u2122<\/p>\n               <img decoding=\"async\" src=\"https:\/\/monatglobal.com\/wp-content\/uploads\/2022\/11\/Hyaluronic-acid.svg\" alt=\"Hyaluronic Acid Technology\">\n               <p>Tecnolog\u00eda de \u00e1cido hialur\u00f3nico<\/p>\n                <img decoding=\"async\" src=\"https:\/\/monatglobal.com\/wp-content\/uploads\/2022\/11\/Vegetable-Derived-Protein.svg\" alt=\"Vegetable-Derived Protein\">\n               <p>Prote\u00edna vegetal<\/p>\n        <button id=\"myBtn\" type=\"button\">LISTA DE INGREDIENTES<\/button>\n      <!--==================================================== Modal content  ====================================================-->\n         \u00d7\n         <p>Aqua\/Water\/Eau, Sodium Lauroyl Methyl Isethionate, Glycerin, Sodium Cocoyl Isethionate, Lauramidopropyl Betaine, Glycol Distearate, Hydroxyethyl Diethylenetriamine Dioleamide\/Palmitamide, Acrylates Copolymer, Isoamyl Laurate, Acetyl Tetrapeptide-3, Pisum Sativum (Pea) Extract, Trifolium Pratense (Clover) Flower Extract, Hydrolyzed Pea Protein, Hydrolyzed Vegetable Protein, Limnanthes Alba (Meadowfoam) Seed Oil, Crambe Abyssinica Seed Oil, Camellia Oleifera Seed Oil, Solanum Lycopersicum (Tomato) Seed Oil, Daucus Carota Sativa (Carrot) Seed Oil, Citrus Limon (Lemon) Peel Oil, Citrus Aurantifolia (Lime) Oil, Citrus Aurantium Bergamia (Bergamot) Fruit Oil, Adansonia Digitata Oil, Mauritia Flexuosa Fruit Oil, Cocos Nucifera (Coconut) Oil, Gardenia Taitensis Flower Extract, Moringa Oleifera Seed Oil, Caryocar Brasiliense Fruit Oil, Helianthus Annuus (Sunflower) Seed Oil, Olea Europaea (Olive) Fruit Oil, Simmondsia Chinensis (Jojoba) Seed Extract, Polyquaternium-7, Sodium Hyaluronate, Hydroxyethylcellulose, Disodium Phosphate, Sodium Phosphate, Polysorbate 60, Sodium Phytate, Alcohol, Behenyl Alcohol, Cetearyl Alcohol, Hydroxyethyl Cetearamidopropyldimonium Chloride, Triisodecyl Phosphite, Coconut Acid, Sodium Isethionate, Trisodium Ethylenediamine Disuccinate, Cinnamidopropyltrimonium Chloride, Trehalose, Urea, Serine, Pentylene Glycol, Glyceryl Polyacrylate, Algin, Caprylyl Glycol, Pullulan, Potassium Phosphate, Butylene Glycol, Dextran, Methylchloroisothiazolinone, Methylisothiazolinone, Sodium Chloride, Sodium Benzoate, Potassium Sorbate, Fragrance\/Parfum, Citric Acid.<\/p>\n   <!--==================================================== You might also like section ====================================================-->\n      <h2>PUEDE QUE TAMBI\u00c9N TE GUSTE<\/h2>\n      <!--==================================================== Slider YOU MIGHT ALSO LIKE ====================================================-->\n      <!---->\n      <!--   -->\n            <!--==================================================== Slides products ====================================================-->\n      <!--      -->\n      <!--         <a href=\"\/es\/advanced-hydrating-conditioner\/\" aria-label=\"Go to Acondicionador hidratante avanzado page\">-->\n      <!--            <img decoding=\"async\" src=\"https:\/\/monatglobal.com\/wp-content\/uploads\/2022\/12\/Adavance-Hydrating-Conditioner-Ecomm-min.png\" alt=\"Acondicionador hidratante avanzado\" loading=\"lazy\"\/>-->\n      <!--            <p>Acondicionador hidratante<br \/>avanzado<\/p>-->\n      <!--         <\/a>-->\n      <!--      -->\n      <!--      -->\n      <!--         <a href=\"\/es\/volume-spray\/\" aria-label=\"Go to Spray eleva y voluminiza MONAT STUDIO ONE\u2122 page\">-->\n      <!--            <img decoding=\"async\" src=\"https:\/\/monatglobal.com\/wp-content\/uploads\/2022\/12\/STUDIO-ONE-VOLUME-LIFT-SPRAY_-ecomm-min.png\" alt=\"Spray eleva y voluminiza MONAT STUDIO ONE\u2122\" loading=\"lazy\"\/>-->\n      <!--            <p>Spray eleva y voluminiza <br \/> MONAT STUDIO ONE\u2122<\/p>-->\n      <!--         <\/a>-->\n      <!--      -->\n      <!--   -->\n         <!--==================================================== If we need navigation buttons  ====================================================-->\n      <!--   -->\n      <!--   -->\n         <!--==================================================== If we need paginations  ====================================================-->\n      <!--   -->\n      <!---->\n         <!--==================================================== If we need navigation buttons  ====================================================-->\n         <!--==================================================== If we need paginations  ====================================================-->\n    <a href=\"\" aria-label=\"\"><\/a>\n<!--==================================================== this link has to go last for it to work   ====================================================-->\n","protected":false},"excerpt":{"rendered":"<p>Champ\u00fa hidratanteavanzado Reforzado con REJUVENIQE S\u2122 Un ligero champ\u00fa hidratante que limpia e hidrata en cabellos finos o medios. 237 ml \u212e 8 fl. oz. Precio de venta Cliente00.00 \u20ac Precio Cliente VIP00.00 \u20ac Para conocer m\u00e1s sobre el Champ\u00fa Hidratante avanzado, ponte en contacto con tu Market Partner de MONAT. BENEFICIOS Aporta un aumento&hellip;<\/p>\n","protected":false},"author":31,"featured_media":109194,"parent":0,"menu_order":0,"comment_status":"closed","ping_status":"closed","template":"","meta":{"inline_featured_image":false,"om_disable_all_campaigns":false,"_monsterinsights_skip_tracking":false,"_monsterinsights_sitenote_active":false,"_monsterinsights_sitenote_note":"","_monsterinsights_sitenote_category":0,"footnotes":""},"categories":[31],"tags":[],"class_list":["post-70769","page","type-page","status-publish","has-post-thumbnail","hentry","category-product-es"],"aioseo_notices":[],"aioseo_head":"\n\t\t<!-- All in One SEO Pro 4.9.6 - aioseo.com -->\n\t<meta name=\"description\" content=\"--&gt;\" \/>\n\t<meta name=\"robots\" content=\"max-image-preview:large\" \/>\n\t<link rel=\"canonical\" href=\"https:\/\/monatglobal.com\/es\/advanced-hydrating-shampoo\/\" \/>\n\t<meta name=\"generator\" content=\"All in One SEO Pro (AIOSEO) 4.9.6\" \/>\n\t\t<meta property=\"og:locale\" content=\"en_US\" \/>\n\t\t<meta property=\"og:site_name\" content=\"MONAT Espa\u00f1a - We Are Modern Nature\u00ae\" \/>\n\t\t<meta property=\"og:type\" content=\"article\" \/>\n\t\t<meta property=\"og:title\" content=\"Champ\u00fa Hidratante avanzado\" \/>\n\t\t<meta property=\"og:description\" content=\"--&gt;\" \/>\n\t\t<meta property=\"og:url\" content=\"https:\/\/monatglobal.com\/es\/advanced-hydrating-shampoo\/\" \/>\n\t\t<meta property=\"article:published_time\" content=\"2022-12-07T17:03:14+00:00\" \/>\n\t\t<meta property=\"article:modified_time\" content=\"2026-02-23T21:18:32+00:00\" \/>\n\t\t<meta name=\"twitter:card\" content=\"summary_large_image\" \/>\n\t\t<meta name=\"twitter:title\" content=\"Champ\u00fa Hidratante avanzado\" \/>\n\t\t<meta name=\"twitter:description\" content=\"--&gt;\" \/>\n\t\t<script type=\"application\/ld+json\" class=\"aioseo-schema\">\n\t\t\t{\"@context\":\"https:\\\/\\\/schema.org\",\"@graph\":[{\"@type\":\"BreadcrumbList\",\"@id\":\"https:\\\/\\\/monatglobal.com\\\/es\\\/advanced-hydrating-shampoo\\\/#breadcrumblist\",\"itemListElement\":[{\"@type\":\"ListItem\",\"@id\":\"https:\\\/\\\/monatglobal.com\\\/es#listItem\",\"position\":1,\"name\":\"Home\",\"item\":\"https:\\\/\\\/monatglobal.com\\\/es\",\"nextItem\":{\"@type\":\"ListItem\",\"@id\":\"https:\\\/\\\/monatglobal.com\\\/es\\\/advanced-hydrating-shampoo\\\/#listItem\",\"name\":\"Champ\\u00fa Hidratante avanzado\\u00a0\"}},{\"@type\":\"ListItem\",\"@id\":\"https:\\\/\\\/monatglobal.com\\\/es\\\/advanced-hydrating-shampoo\\\/#listItem\",\"position\":2,\"name\":\"Champ\\u00fa Hidratante avanzado\\u00a0\",\"previousItem\":{\"@type\":\"ListItem\",\"@id\":\"https:\\\/\\\/monatglobal.com\\\/es#listItem\",\"name\":\"Home\"}}]},{\"@type\":\"Organization\",\"@id\":\"https:\\\/\\\/monatglobal.com\\\/es\\\/#organization\",\"name\":\"MONAT Espa\\u00f1a\",\"description\":\"We Are Modern Nature\\u00ae\",\"url\":\"https:\\\/\\\/monatglobal.com\\\/es\\\/\"},{\"@type\":\"WebPage\",\"@id\":\"https:\\\/\\\/monatglobal.com\\\/es\\\/advanced-hydrating-shampoo\\\/#webpage\",\"url\":\"https:\\\/\\\/monatglobal.com\\\/es\\\/advanced-hydrating-shampoo\\\/\",\"name\":\"Champ\\u00fa Hidratante avanzado\",\"description\":\"-->\",\"inLanguage\":\"en-US\",\"isPartOf\":{\"@id\":\"https:\\\/\\\/monatglobal.com\\\/es\\\/#website\"},\"breadcrumb\":{\"@id\":\"https:\\\/\\\/monatglobal.com\\\/es\\\/advanced-hydrating-shampoo\\\/#breadcrumblist\"},\"image\":{\"@type\":\"ImageObject\",\"url\":\"https:\\\/\\\/monatglobal.com\\\/es\\\/wp-content\\\/uploads\\\/sites\\\/10\\\/2026\\\/02\\\/ADVANCED-HYDRATING-SHAMPOO-500x438-1.png\",\"@id\":\"https:\\\/\\\/monatglobal.com\\\/es\\\/advanced-hydrating-shampoo\\\/#mainImage\",\"width\":438,\"height\":500},\"primaryImageOfPage\":{\"@id\":\"https:\\\/\\\/monatglobal.com\\\/es\\\/advanced-hydrating-shampoo\\\/#mainImage\"},\"datePublished\":\"2022-12-07T17:03:14+00:00\",\"dateModified\":\"2026-02-23T21:18:32+00:00\"},{\"@type\":\"WebSite\",\"@id\":\"https:\\\/\\\/monatglobal.com\\\/es\\\/#website\",\"url\":\"https:\\\/\\\/monatglobal.com\\\/es\\\/\",\"name\":\"MONAT Espa\\u00f1a\",\"description\":\"We Are Modern Nature\\u00ae\",\"inLanguage\":\"en-US\",\"publisher\":{\"@id\":\"https:\\\/\\\/monatglobal.com\\\/es\\\/#organization\"}}]}\n\t\t<\/script>\n\t\t<!-- All in One SEO Pro -->\r\n\t\t<title>Champ\u00fa Hidratante avanzado<\/title>\n\n","aioseo_head_json":{"title":"Champ\u00fa Hidratante avanzado","description":"-->","canonical_url":"https:\/\/monatglobal.com\/es\/advanced-hydrating-shampoo\/","robots":"max-image-preview:large","keywords":"","webmasterTools":{"miscellaneous":""},"schema":{"@context":"https:\/\/schema.org","@graph":[{"@type":"BreadcrumbList","@id":"https:\/\/monatglobal.com\/es\/advanced-hydrating-shampoo\/#breadcrumblist","itemListElement":[{"@type":"ListItem","@id":"https:\/\/monatglobal.com\/es#listItem","position":1,"name":"Home","item":"https:\/\/monatglobal.com\/es","nextItem":{"@type":"ListItem","@id":"https:\/\/monatglobal.com\/es\/advanced-hydrating-shampoo\/#listItem","name":"Champ\u00fa Hidratante avanzado\u00a0"}},{"@type":"ListItem","@id":"https:\/\/monatglobal.com\/es\/advanced-hydrating-shampoo\/#listItem","position":2,"name":"Champ\u00fa Hidratante avanzado\u00a0","previousItem":{"@type":"ListItem","@id":"https:\/\/monatglobal.com\/es#listItem","name":"Home"}}]},{"@type":"Organization","@id":"https:\/\/monatglobal.com\/es\/#organization","name":"MONAT Espa\u00f1a","description":"We Are Modern Nature\u00ae","url":"https:\/\/monatglobal.com\/es\/"},{"@type":"WebPage","@id":"https:\/\/monatglobal.com\/es\/advanced-hydrating-shampoo\/#webpage","url":"https:\/\/monatglobal.com\/es\/advanced-hydrating-shampoo\/","name":"Champ\u00fa Hidratante avanzado","description":"-->","inLanguage":"en-US","isPartOf":{"@id":"https:\/\/monatglobal.com\/es\/#website"},"breadcrumb":{"@id":"https:\/\/monatglobal.com\/es\/advanced-hydrating-shampoo\/#breadcrumblist"},"image":{"@type":"ImageObject","url":"https:\/\/monatglobal.com\/es\/wp-content\/uploads\/sites\/10\/2026\/02\/ADVANCED-HYDRATING-SHAMPOO-500x438-1.png","@id":"https:\/\/monatglobal.com\/es\/advanced-hydrating-shampoo\/#mainImage","width":438,"height":500},"primaryImageOfPage":{"@id":"https:\/\/monatglobal.com\/es\/advanced-hydrating-shampoo\/#mainImage"},"datePublished":"2022-12-07T17:03:14+00:00","dateModified":"2026-02-23T21:18:32+00:00"},{"@type":"WebSite","@id":"https:\/\/monatglobal.com\/es\/#website","url":"https:\/\/monatglobal.com\/es\/","name":"MONAT Espa\u00f1a","description":"We Are Modern Nature\u00ae","inLanguage":"en-US","publisher":{"@id":"https:\/\/monatglobal.com\/es\/#organization"}}]},"og:locale":"en_US","og:site_name":"MONAT Espa\u00f1a - We Are Modern Nature\u00ae","og:type":"article","og:title":"Champ\u00fa Hidratante avanzado","og:description":"--&gt;","og:url":"https:\/\/monatglobal.com\/es\/advanced-hydrating-shampoo\/","article:published_time":"2022-12-07T17:03:14+00:00","article:modified_time":"2026-02-23T21:18:32+00:00","twitter:card":"summary_large_image","twitter:title":"Champ\u00fa Hidratante avanzado","twitter:description":"--&gt;"},"aioseo_meta_data":{"post_id":"70769","title":"Champ\u00fa Hidratante avanzado","description":null,"keywords":null,"keyphrases":{"focus":{"keyphrase":"","score":0,"analysis":{"keyphraseInTitle":{"score":0,"maxScore":9,"error":1}}},"additional":[]},"primary_term":null,"canonical_url":null,"og_title":null,"og_description":null,"og_object_type":"default","og_image_type":"default","og_image_url":null,"og_image_width":null,"og_image_height":null,"og_image_custom_url":null,"og_image_custom_fields":null,"og_video":"","og_custom_url":null,"og_article_section":null,"og_article_tags":null,"twitter_use_og":false,"twitter_card":"default","twitter_image_type":"default","twitter_image_url":null,"twitter_image_custom_url":null,"twitter_image_custom_fields":null,"twitter_title":null,"twitter_description":null,"schema":{"blockGraphs":[],"customGraphs":[],"default":{"data":{"Article":[],"Course":[],"Dataset":[],"FAQPage":[],"Movie":[],"Person":[],"Product":[],"ProductReview":[],"Car":[],"Recipe":[],"Service":[],"SoftwareApplication":[],"WebPage":[]},"graphName":"WebPage","isEnabled":true},"graphs":[]},"schema_type":"default","schema_type_options":null,"pillar_content":false,"robots_default":true,"robots_noindex":false,"robots_noarchive":false,"robots_nosnippet":false,"robots_nofollow":false,"robots_noimageindex":false,"robots_noodp":false,"robots_notranslate":false,"robots_max_snippet":"-1","robots_max_videopreview":"-1","robots_max_imagepreview":"large","priority":null,"frequency":"default","local_seo":null,"seo_analyzer_scan_date":"2026-02-23 21:28:44","limit_modified_date":false,"reviewed_by":"0","open_ai":null,"ai":{"faqs":[],"keyPoints":[],"titles":[],"descriptions":[],"socialPosts":{"email":[],"linkedin":[],"twitter":[],"facebook":[],"instagram":[]}},"created":"2023-07-26 09:37:53","updated":"2026-02-23 21:28:44"},"aioseo_breadcrumb":"<div class=\"aioseo-breadcrumbs\"><span class=\"aioseo-breadcrumb\">\n\t<a href=\"https:\/\/monatglobal.com\/es\" title=\"Home\">Home<\/a>\n<\/span><span class=\"aioseo-breadcrumb-separator\">&raquo;<\/span><span class=\"aioseo-breadcrumb\">\n\tChamp\u00fa Hidratante avanzado \n<\/span><\/div>","aioseo_breadcrumb_json":[{"label":"Home","link":"https:\/\/monatglobal.com\/es"},{"label":"Champ\u00fa Hidratante avanzado\u00a0","link":"https:\/\/monatglobal.com\/es\/advanced-hydrating-shampoo\/"}],"_links":{"self":[{"href":"https:\/\/monatglobal.com\/es\/wp-json\/wp\/v2\/pages\/70769","targetHints":{"allow":["GET"]}}],"collection":[{"href":"https:\/\/monatglobal.com\/es\/wp-json\/wp\/v2\/pages"}],"about":[{"href":"https:\/\/monatglobal.com\/es\/wp-json\/wp\/v2\/types\/page"}],"author":[{"embeddable":true,"href":"https:\/\/monatglobal.com\/es\/wp-json\/wp\/v2\/users\/31"}],"replies":[{"embeddable":true,"href":"https:\/\/monatglobal.com\/es\/wp-json\/wp\/v2\/comments?post=70769"}],"version-history":[{"count":27,"href":"https:\/\/monatglobal.com\/es\/wp-json\/wp\/v2\/pages\/70769\/revisions"}],"predecessor-version":[{"id":109195,"href":"https:\/\/monatglobal.com\/es\/wp-json\/wp\/v2\/pages\/70769\/revisions\/109195"}],"wp:featuredmedia":[{"embeddable":true,"href":"https:\/\/monatglobal.com\/es\/wp-json\/wp\/v2\/media\/109194"}],"wp:attachment":[{"href":"https:\/\/monatglobal.com\/es\/wp-json\/wp\/v2\/media?parent=70769"}],"wp:term":[{"taxonomy":"category","embeddable":true,"href":"https:\/\/monatglobal.com\/es\/wp-json\/wp\/v2\/categories?post=70769"},{"taxonomy":"post_tag","embeddable":true,"href":"https:\/\/monatglobal.com\/es\/wp-json\/wp\/v2\/tags?post=70769"}],"curies":[{"name":"wp","href":"https:\/\/api.w.org\/{rel}","templated":true}]}}