{"id":70738,"date":"2023-01-20T19:46:53","date_gmt":"2023-01-20T19:46:53","guid":{"rendered":"https:\/\/monatglobal.com\/es\/?page_id=70738"},"modified":"2026-04-06T16:18:35","modified_gmt":"2026-04-06T15:18:35","slug":"restore-leave-in-conditioner","status":"publish","type":"page","link":"https:\/\/monatglobal.com\/es\/restore-leave-in-conditioner\/","title":{"rendered":"Acondicionador sin aclarado Restore\u2122"},"content":{"rendered":"\n\n\t<link rel=\"stylesheet\" href=\"https:\/\/unpkg.com\/swiper\/swiper-bundle.min.css\" \/>\n<link rel=\"stylesheet\" href=\"https:\/\/monatglobal.com\/wp-content\/creative_css\/product_styles_sheet.css\" \/> \n   <!--==================================================== ECOMM SECTION ====================================================-->\n    <p>M\u00c1S VENDIDOS<\/p>\n      <!--==================================================== Ecomm image ====================================================-->\n      <img decoding=\"async\" src=\"https:\/\/monatglobal.com\/nz\/wp-content\/uploads\/sites\/15\/2022\/10\/RESTORE-LEAVE-IN-CONDITIONER-ecomm.png\" alt=\"Product shot of Restore Leave-In Conditioner.\" loading=\"lazy\"\/>\n      <!--==================================================== Ecomm information  ====================================================--> \n          \n         <p>M\u00c1S VENDIDOS<\/p>\n         <h1>Acondicionador sin<br \/>aclarado Restore\u2122<\/h1>\n         <p>con REJUVENIQE<sup>\u00ae<\/sup><\/p>\n         <p>Un acondicionador sin aclarado para hidratar el cabello&nbsp;seco.<\/p>\n         <p>134 ml \u212e 4.5 fl. oz.<\/p>\n       <!--==================================================== pricing box  ====================================================-->\n         <p>Precio de venta Cliente<br \/>00.00 \u20ac<\/p>\n         <p>Precio Cliente VIP<br \/>00.00 \u20ac<\/p>\n       <!--==================================================== pricing box  ====================================================-->  \n         <p>Para conocer m\u00e1s sobre el Acondicionador sin aclarado Restore\u2122,  ponte en contacto con tu Market Partner de&nbsp;MONAT.<\/p>\n          <a href=\"\" target=\"_blank\" role=\"button\" aria-label=\"\"><\/a>\n   <!--==================================================== \/ECOMM SECTION  ====================================================-->\n   <!--==================================================== Benefits image ====================================================-->\n   \n      <source media=\"(max-width: 700px)\" srcset=\"https:\/\/monatglobal.com\/nz\/wp-content\/uploads\/sites\/15\/2022\/10\/Restore-leave-in-benefits-mobile.jpg\" loading=\"lazy\"\/>\n      <img decoding=\"async\" alt=\"A brunette female smiling.\" \n      src=\"https:\/\/monatglobal.com\/nz\/wp-content\/uploads\/sites\/15\/2022\/10\/Restore-leave-in-benefits-desktop.jpg\" loading=\"lazy\"\/>\n   \n   <!--==================================================== Benefits text ====================================================-->\n         <h2>BENEFICIOS<\/h2>\n         <h3>Este nutritivo acondicionador sin aclarado restaura la humedad esencial sin apelmazar el&nbsp;cabello.<\/h3>\n         <p>El 86% de los usuarios est\u00e1 de acuerdo en que el producto desenreda el&nbsp;cabello. *<\/p>\n         <p>El 83% de los usuarios est\u00e1 de acuerdo en que el producto proporciona una hidrataci\u00f3n ligera e&nbsp;inmediata. *<\/p>\n         <p>*Estudio realizado por un dermat\u00f3logo en 35 mujeres de entre 38 y&nbsp;60 a\u00f1os.<\/p>\n         <!--==================================================== features image  ====================================================-->\n         <img decoding=\"async\" alt=\"Restore Leave-In Conditioner laying on a flat surface, along with ingredients such as lemon and orange slices, a flower and green beans.\" \n         src=\"https:\/\/monatglobal.com\/nz\/wp-content\/uploads\/sites\/15\/2022\/10\/Restore-leave-in-features.jpg\" loading=\"lazy\"\/>\n      <!--==================================================== features text ====================================================-->\n            <h3>Caracter\u00edsticas<\/h3>\n               <p>\/ Hidrata con la ayuda de&nbsp;REJUVENIQE<sup>\u00ae<\/sup><\/p>\n               <p>\/ Rico en \u00e1cidos grasos&nbsp;omega<\/p>\n               <p>*Based on instrumental tests by a third-party&nbsp;laboratory. <\/p>\n               <br \/>\n            <p>Fragancia \/ Aroma a flores y hierbas con notas de jazm\u00edn, lim\u00f3n Meyer, neroli y t\u00e9&nbsp;verde. <\/p>\n            <p> Textura \/ Crema<\/p>\n   <!--==================================================== composition image mobile ====================================================-->\n   <img decoding=\"async\" alt=\"Renew Shampoo and Restore Leave-In Conditioner on a marble surface, next to a white towel.\" src=\"https:\/\/monatglobal.com\/nz\/wp-content\/uploads\/sites\/15\/2022\/10\/Restore-leave-in-benefits-comp1.jpg\" loading=\"lazy\"\/>\n   <!--==================================================== Why it works text ====================================================-->\n      <h2>ESTA CREMA ACONDICIONADORA LIGERA Y MULTIFUNCI\u00d3N COMBATE LA SEQUEDAD DEL CABELLO DE MEDIO A&nbsp;GRUESO.<\/h2>\n      <h3>Nuestra f\u00f3rmula sin aclarado proporciona una hidrataci\u00f3n duradera para mejorar la manejabilidad y conseguir un cabello suave al tacto, m\u00e1s fuerte y&nbsp;radiante.<\/h3>\n      <p>Designed for medium to thick hair delivers our exclusive REJUVENIQE<sup>\u00ae<\/sup> oil blend, omega-fatty acids, and pea extract for healthier-looking&nbsp;strands. <\/p>\n<!--==================================================== Composition section ====================================================-->\n      <img decoding=\"async\" alt=\"Renew Shampoo and Restore Leave-In Conditioner on a marble surface, next to a white towel.\" src=\"https:\/\/monatglobal.com\/nz\/wp-content\/uploads\/sites\/15\/2022\/10\/Restore-leave-in-benefits-comp1.jpg\" loading=\"lazy\"\/>\n      <img decoding=\"async\" alt=\"A blonde female smiling, overlapping a photo of a texture shot of Renew Shampoo.\" src=\"https:\/\/monatglobal.com\/nz\/wp-content\/uploads\/sites\/15\/2022\/10\/Restore-leave-in-comp3.jpg\" loading=\"lazy\"\/>\n            <!--==================================================== Directions text ====================================================--> \n               <h3>Instrucciones de uso<\/h3>\n               <p>\/ Aplicar en medios y puntas sobre el cabello&nbsp;h\u00famedo.<\/p>\n               <p>\/ Peinar y moldear como&nbsp;desees.<\/p>\n            <!--==================================================== Directions video ====================================================-->\n      <p>Damage Repair <br \/>Bond-Fortifying Hair Leave-In Cr\u00e8me  <br \/>1:28<\/p> \n      <a href=\"\" target=\"_blank\"  role=\"button\" aria-label=\"\"><\/a>\n   <!--==================================================== Ingredients section  ====================================================-->\n      <h2>INGREDIENTES CLAVE<\/h2>\n               <p>REJUVENIQE<sup>\u00ae<\/sup><\/p>\n               <p>CAPIXYL<sup>\u2122<\/sup><\/p>\n               <p>Extracto de guisante<\/p>\n               <p>Protector de origen vegano contra los rayos UV<\/p>\n        <button id=\"myBtn\" type=\"button\">LISTA DE INGREDIENTES<\/button>\n      <!--==================================================== Modal content  ====================================================-->\n         &times;\n         <p>Aqua\/Water\/Eau, Cetearyl Alcohol, Quaternium-91, Isoamyl Laurate, Cinnamidopropyltrimonium Chloride,Pisum Sativum (Pea) Extract, Acetyl Tetrapeptide-3,Trifolium Pratense (Clover) Flower Extract, Limnanthes Alba (Meadowfoam) Seed Oil, Crambe Abyssinica Seed Oil      ,Camellia Oleifera Seed Oil, Solanum Lycopersicum (Tomato) Seed Oil, Daucus Carota Sativa (Carrot) Seed Oil, Citrus Limon (Lemon) Peel Oil, Citrus Aurantifolia (Lime) Oil, Citrus Aurantium Bergamia (Bergamot) Fruit Oil, Adansonia Digitata Oil, Mauritia Flexuosa Fruit Oil,Cocos Nucifera (Coconut) Oil, Gardenia Taitensis Flower Extract, Moringa Oleifera Seed Oil, Caryocar Brasiliense Fruit Oil, Helianthus Annuus (Sunflower) Seed Oil, Hydrolyzed Wheat Protein, Myristyl Myristate, Glycerin, Dextran, Citric Acid, Behentrimonium Chloride, Fragrance\/Parfum, Butylene Glycol, Glyceryl Caprylate, Caprylhydroxamic Acid, Benzyl Alcohol, Dehydroacetic Acid, Sodium Benzoate, Potassium Sorbate, Citronellol, Limonene, Hexyl Cinnamal, Linalool, Citral. <\/p>\n   <!--==================================================== You might also like section ====================================================-->\n      <h2>PUEDE QUE TAMBI\u00c9N TE&nbsp;GUSTE<\/h2>\n      <!--==================================================== Slider YOU MIGHT ALSO LIKE ====================================================-->\n      <!---->\n      <!--   -->\n            <!--==================================================== Slides products ====================================================-->\n      <!--      -->\n      <!--         <a href=\"\/es\/renew-shampoo\" aria-label=\"Go to Champ\u00fa Renew\u2122 page\">-->\n      <!--            <img decoding=\"async\" src=\"https:\/\/monatglobal.com\/wp-content\/uploads\/2022\/06\/renew-shampoo-e-comm.png\" alt=\"Champ\u00fa Renew\u2122\" loading=\"lazy\"\/>-->\n      <!--            <p>Champ\u00fa Renew\u2122<\/p>-->\n      <!--         <\/a>-->\n      <!--      -->\n      <!--      -->\n      <!--         <a href=\"\/es\/replenish-masque\/\" aria-label=\"Go to Mascarilla Replenish\u2122 page\">-->\n      <!--            <img decoding=\"async\" src=\"https:\/\/monatglobal.com\/wp-content\/uploads\/2022\/06\/replenish-masque-e-comm.png\" alt=\"Mascarilla Replenish\u2122\" loading=\"lazy\"\/>-->\n      <!--            <p>Mascarilla Replenish\u2122<\/p>-->\n      <!--         <\/a>-->\n      <!--      -->\n      <!--      -->\n      <!--         <a href=\"\/es\/rejuveniqe-oil\/\" aria-label=\"Go to REJUVENIQE\u00ae page\">-->\n      <!--            <img decoding=\"async\" src=\"https:\/\/monatglobal.com\/es\/wp-content\/uploads\/sites\/10\/2021\/10\/rejuveniqe_2021-ecomm.png\" alt=\"REJUVENIQE\u00ae\" loading=\"lazy\"\/>-->\n      <!--            <p>REJUVENIQE<sup>\u00ae<\/sup><\/p>-->\n      <!--         <\/a>-->\n      <!--      -->\n      <!--   -->\n         <!--==================================================== If we need navigation buttons  ====================================================-->\n      <!--   -->\n      <!--   -->\n         <!--==================================================== If we need paginations  ====================================================-->\n      <!--   -->\n      <!---->\n         <!--==================================================== If we need navigation buttons  ====================================================-->\n         <!--==================================================== If we need paginations  ====================================================-->\n    <a href=\"\" aria-label=\"\"><\/a>\n<!--==================================================== this link has to go last for it to work   ====================================================-->\n\n","protected":false},"excerpt":{"rendered":"<p>M\u00c1S VENDIDOS M\u00c1S VENDIDOS Acondicionador sinaclarado Restore\u2122 con REJUVENIQE\u00ae Un acondicionador sin aclarado para hidratar el cabello&nbsp;seco. 134 ml \u212e 4.5 fl. oz. Precio de venta Cliente00.00 \u20ac Precio Cliente VIP00.00 \u20ac Para conocer m\u00e1s sobre el Acondicionador sin aclarado Restore\u2122, ponte en contacto con tu Market Partner de&nbsp;MONAT. BENEFICIOS Este nutritivo acondicionador sin aclarado&hellip;<\/p>\n","protected":false},"author":31,"featured_media":109200,"parent":0,"menu_order":0,"comment_status":"closed","ping_status":"closed","template":"","meta":{"inline_featured_image":false,"om_disable_all_campaigns":false,"_monsterinsights_skip_tracking":false,"_monsterinsights_sitenote_active":false,"_monsterinsights_sitenote_note":"","_monsterinsights_sitenote_category":0,"footnotes":""},"categories":[31],"tags":[],"class_list":["post-70738","page","type-page","status-publish","has-post-thumbnail","hentry","category-product-es"],"aioseo_notices":[],"aioseo_head":"\n\t\t<!-- All in One SEO Pro 4.9.6 - aioseo.com -->\n\t<meta name=\"description\" content=\"M\u00c1S VENDIDOS M\u00c1S VENDIDOS Acondicionador sinaclarado Restore\u2122 con REJUVENIQE\u00ae Un acondicionador sin aclarado para hidratar el cabello seco. 134 ml \u212e 4.5 fl. oz. Precio de venta Cliente00.00 \u20ac Precio Cliente VIP00.00 \u20ac Para conocer m\u00e1s sobre el Acondicionador sin aclarado Restore\u2122, ponte en contacto con tu Market Partner de MONAT. BENEFICIOS Este nutritivo acondicionador sin aclarado\" \/>\n\t<meta name=\"robots\" content=\"max-image-preview:large\" \/>\n\t<link rel=\"canonical\" href=\"https:\/\/monatglobal.com\/es\/restore-leave-in-conditioner\/\" \/>\n\t<meta name=\"generator\" content=\"All in One SEO Pro (AIOSEO) 4.9.6\" \/>\n\t\t<meta property=\"og:locale\" content=\"en_US\" \/>\n\t\t<meta property=\"og:site_name\" content=\"MONAT Espa\u00f1a - We Are Modern Nature\u00ae\" \/>\n\t\t<meta property=\"og:type\" content=\"article\" \/>\n\t\t<meta property=\"og:title\" content=\"Acondicionador sin aclarado Restore\u2122 - MONAT Espa\u00f1a\" \/>\n\t\t<meta property=\"og:description\" content=\"M\u00c1S VENDIDOS M\u00c1S VENDIDOS Acondicionador sinaclarado Restore\u2122 con REJUVENIQE\u00ae Un acondicionador sin aclarado para hidratar el cabello seco. 134 ml \u212e 4.5 fl. oz. Precio de venta Cliente00.00 \u20ac Precio Cliente VIP00.00 \u20ac Para conocer m\u00e1s sobre el Acondicionador sin aclarado Restore\u2122, ponte en contacto con tu Market Partner de MONAT. BENEFICIOS Este nutritivo acondicionador sin aclarado\" \/>\n\t\t<meta property=\"og:url\" content=\"https:\/\/monatglobal.com\/es\/restore-leave-in-conditioner\/\" \/>\n\t\t<meta property=\"article:published_time\" content=\"2023-01-20T19:46:53+00:00\" \/>\n\t\t<meta property=\"article:modified_time\" content=\"2026-04-06T15:18:35+00:00\" \/>\n\t\t<meta name=\"twitter:card\" content=\"summary_large_image\" \/>\n\t\t<meta name=\"twitter:title\" content=\"Acondicionador sin aclarado Restore\u2122 - MONAT Espa\u00f1a\" \/>\n\t\t<meta name=\"twitter:description\" content=\"M\u00c1S VENDIDOS M\u00c1S VENDIDOS Acondicionador sinaclarado Restore\u2122 con REJUVENIQE\u00ae Un acondicionador sin aclarado para hidratar el cabello seco. 134 ml \u212e 4.5 fl. oz. Precio de venta Cliente00.00 \u20ac Precio Cliente VIP00.00 \u20ac Para conocer m\u00e1s sobre el Acondicionador sin aclarado Restore\u2122, ponte en contacto con tu Market Partner de MONAT. BENEFICIOS Este nutritivo acondicionador sin aclarado\" \/>\n\t\t<script type=\"application\/ld+json\" class=\"aioseo-schema\">\n\t\t\t{\"@context\":\"https:\\\/\\\/schema.org\",\"@graph\":[{\"@type\":\"BreadcrumbList\",\"@id\":\"https:\\\/\\\/monatglobal.com\\\/es\\\/restore-leave-in-conditioner\\\/#breadcrumblist\",\"itemListElement\":[{\"@type\":\"ListItem\",\"@id\":\"https:\\\/\\\/monatglobal.com\\\/es#listItem\",\"position\":1,\"name\":\"Home\",\"item\":\"https:\\\/\\\/monatglobal.com\\\/es\",\"nextItem\":{\"@type\":\"ListItem\",\"@id\":\"https:\\\/\\\/monatglobal.com\\\/es\\\/restore-leave-in-conditioner\\\/#listItem\",\"name\":\"Acondicionador sin aclarado Restore\\u2122\"}},{\"@type\":\"ListItem\",\"@id\":\"https:\\\/\\\/monatglobal.com\\\/es\\\/restore-leave-in-conditioner\\\/#listItem\",\"position\":2,\"name\":\"Acondicionador sin aclarado Restore\\u2122\",\"previousItem\":{\"@type\":\"ListItem\",\"@id\":\"https:\\\/\\\/monatglobal.com\\\/es#listItem\",\"name\":\"Home\"}}]},{\"@type\":\"Organization\",\"@id\":\"https:\\\/\\\/monatglobal.com\\\/es\\\/#organization\",\"name\":\"MONAT Espa\\u00f1a\",\"description\":\"We Are Modern Nature\\u00ae\",\"url\":\"https:\\\/\\\/monatglobal.com\\\/es\\\/\"},{\"@type\":\"WebPage\",\"@id\":\"https:\\\/\\\/monatglobal.com\\\/es\\\/restore-leave-in-conditioner\\\/#webpage\",\"url\":\"https:\\\/\\\/monatglobal.com\\\/es\\\/restore-leave-in-conditioner\\\/\",\"name\":\"Acondicionador sin aclarado Restore\\u2122 - MONAT Espa\\u00f1a\",\"description\":\"M\\u00c1S VENDIDOS M\\u00c1S VENDIDOS Acondicionador sinaclarado Restore\\u2122 con REJUVENIQE\\u00ae Un acondicionador sin aclarado para hidratar el cabello seco. 134 ml \\u212e 4.5 fl. oz. Precio de venta Cliente00.00 \\u20ac Precio Cliente VIP00.00 \\u20ac Para conocer m\\u00e1s sobre el Acondicionador sin aclarado Restore\\u2122, ponte en contacto con tu Market Partner de MONAT. BENEFICIOS Este nutritivo acondicionador sin aclarado\",\"inLanguage\":\"en-US\",\"isPartOf\":{\"@id\":\"https:\\\/\\\/monatglobal.com\\\/es\\\/#website\"},\"breadcrumb\":{\"@id\":\"https:\\\/\\\/monatglobal.com\\\/es\\\/restore-leave-in-conditioner\\\/#breadcrumblist\"},\"image\":{\"@type\":\"ImageObject\",\"url\":\"https:\\\/\\\/monatglobal.com\\\/es\\\/wp-content\\\/uploads\\\/sites\\\/10\\\/2026\\\/02\\\/RESTORE-LEAVE-IN-CONDITIONER-500x438-1.png\",\"@id\":\"https:\\\/\\\/monatglobal.com\\\/es\\\/restore-leave-in-conditioner\\\/#mainImage\",\"width\":438,\"height\":500},\"primaryImageOfPage\":{\"@id\":\"https:\\\/\\\/monatglobal.com\\\/es\\\/restore-leave-in-conditioner\\\/#mainImage\"},\"datePublished\":\"2023-01-20T19:46:53+00:00\",\"dateModified\":\"2026-04-06T16:18:35+01:00\"},{\"@type\":\"WebSite\",\"@id\":\"https:\\\/\\\/monatglobal.com\\\/es\\\/#website\",\"url\":\"https:\\\/\\\/monatglobal.com\\\/es\\\/\",\"name\":\"MONAT Espa\\u00f1a\",\"description\":\"We Are Modern Nature\\u00ae\",\"inLanguage\":\"en-US\",\"publisher\":{\"@id\":\"https:\\\/\\\/monatglobal.com\\\/es\\\/#organization\"}}]}\n\t\t<\/script>\n\t\t<!-- All in One SEO Pro -->\r\n\t\t<title>Acondicionador sin aclarado Restore\u2122 - MONAT Espa\u00f1a<\/title>\n\n","aioseo_head_json":{"title":"Acondicionador sin aclarado Restore\u2122 - MONAT Espa\u00f1a","description":"M\u00c1S VENDIDOS M\u00c1S VENDIDOS Acondicionador sinaclarado Restore\u2122 con REJUVENIQE\u00ae Un acondicionador sin aclarado para hidratar el cabello seco. 134 ml \u212e 4.5 fl. oz. Precio de venta Cliente00.00 \u20ac Precio Cliente VIP00.00 \u20ac Para conocer m\u00e1s sobre el Acondicionador sin aclarado Restore\u2122, ponte en contacto con tu Market Partner de MONAT. BENEFICIOS Este nutritivo acondicionador sin aclarado","canonical_url":"https:\/\/monatglobal.com\/es\/restore-leave-in-conditioner\/","robots":"max-image-preview:large","keywords":"","webmasterTools":{"miscellaneous":""},"schema":{"@context":"https:\/\/schema.org","@graph":[{"@type":"BreadcrumbList","@id":"https:\/\/monatglobal.com\/es\/restore-leave-in-conditioner\/#breadcrumblist","itemListElement":[{"@type":"ListItem","@id":"https:\/\/monatglobal.com\/es#listItem","position":1,"name":"Home","item":"https:\/\/monatglobal.com\/es","nextItem":{"@type":"ListItem","@id":"https:\/\/monatglobal.com\/es\/restore-leave-in-conditioner\/#listItem","name":"Acondicionador sin aclarado Restore\u2122"}},{"@type":"ListItem","@id":"https:\/\/monatglobal.com\/es\/restore-leave-in-conditioner\/#listItem","position":2,"name":"Acondicionador sin aclarado Restore\u2122","previousItem":{"@type":"ListItem","@id":"https:\/\/monatglobal.com\/es#listItem","name":"Home"}}]},{"@type":"Organization","@id":"https:\/\/monatglobal.com\/es\/#organization","name":"MONAT Espa\u00f1a","description":"We Are Modern Nature\u00ae","url":"https:\/\/monatglobal.com\/es\/"},{"@type":"WebPage","@id":"https:\/\/monatglobal.com\/es\/restore-leave-in-conditioner\/#webpage","url":"https:\/\/monatglobal.com\/es\/restore-leave-in-conditioner\/","name":"Acondicionador sin aclarado Restore\u2122 - MONAT Espa\u00f1a","description":"M\u00c1S VENDIDOS M\u00c1S VENDIDOS Acondicionador sinaclarado Restore\u2122 con REJUVENIQE\u00ae Un acondicionador sin aclarado para hidratar el cabello seco. 134 ml \u212e 4.5 fl. oz. Precio de venta Cliente00.00 \u20ac Precio Cliente VIP00.00 \u20ac Para conocer m\u00e1s sobre el Acondicionador sin aclarado Restore\u2122, ponte en contacto con tu Market Partner de MONAT. BENEFICIOS Este nutritivo acondicionador sin aclarado","inLanguage":"en-US","isPartOf":{"@id":"https:\/\/monatglobal.com\/es\/#website"},"breadcrumb":{"@id":"https:\/\/monatglobal.com\/es\/restore-leave-in-conditioner\/#breadcrumblist"},"image":{"@type":"ImageObject","url":"https:\/\/monatglobal.com\/es\/wp-content\/uploads\/sites\/10\/2026\/02\/RESTORE-LEAVE-IN-CONDITIONER-500x438-1.png","@id":"https:\/\/monatglobal.com\/es\/restore-leave-in-conditioner\/#mainImage","width":438,"height":500},"primaryImageOfPage":{"@id":"https:\/\/monatglobal.com\/es\/restore-leave-in-conditioner\/#mainImage"},"datePublished":"2023-01-20T19:46:53+00:00","dateModified":"2026-04-06T16:18:35+01:00"},{"@type":"WebSite","@id":"https:\/\/monatglobal.com\/es\/#website","url":"https:\/\/monatglobal.com\/es\/","name":"MONAT Espa\u00f1a","description":"We Are Modern Nature\u00ae","inLanguage":"en-US","publisher":{"@id":"https:\/\/monatglobal.com\/es\/#organization"}}]},"og:locale":"en_US","og:site_name":"MONAT Espa\u00f1a - We Are Modern Nature\u00ae","og:type":"article","og:title":"Acondicionador sin aclarado Restore\u2122 - MONAT Espa\u00f1a","og:description":"M\u00c1S VENDIDOS M\u00c1S VENDIDOS Acondicionador sinaclarado Restore\u2122 con REJUVENIQE\u00ae Un acondicionador sin aclarado para hidratar el cabello seco. 134 ml \u212e 4.5 fl. oz. Precio de venta Cliente00.00 \u20ac Precio Cliente VIP00.00 \u20ac Para conocer m\u00e1s sobre el Acondicionador sin aclarado Restore\u2122, ponte en contacto con tu Market Partner de MONAT. BENEFICIOS Este nutritivo acondicionador sin aclarado","og:url":"https:\/\/monatglobal.com\/es\/restore-leave-in-conditioner\/","article:published_time":"2023-01-20T19:46:53+00:00","article:modified_time":"2026-04-06T15:18:35+00:00","twitter:card":"summary_large_image","twitter:title":"Acondicionador sin aclarado Restore\u2122 - MONAT Espa\u00f1a","twitter:description":"M\u00c1S VENDIDOS M\u00c1S VENDIDOS Acondicionador sinaclarado Restore\u2122 con REJUVENIQE\u00ae Un acondicionador sin aclarado para hidratar el cabello seco. 134 ml \u212e 4.5 fl. oz. Precio de venta Cliente00.00 \u20ac Precio Cliente VIP00.00 \u20ac Para conocer m\u00e1s sobre el Acondicionador sin aclarado Restore\u2122, ponte en contacto con tu Market Partner de MONAT. BENEFICIOS Este nutritivo acondicionador sin aclarado"},"aioseo_meta_data":{"post_id":"70738","title":"Acondicionador sin aclarado Restore\u2122 - MONAT Espa\u00f1a","description":null,"keywords":null,"keyphrases":{"focus":{"keyphrase":"","score":0,"analysis":{"keyphraseInTitle":{"score":0,"maxScore":9,"error":1}}},"additional":[]},"primary_term":null,"canonical_url":null,"og_title":null,"og_description":null,"og_object_type":"default","og_image_type":"default","og_image_url":null,"og_image_width":null,"og_image_height":null,"og_image_custom_url":null,"og_image_custom_fields":null,"og_video":"","og_custom_url":null,"og_article_section":null,"og_article_tags":null,"twitter_use_og":false,"twitter_card":"default","twitter_image_type":"default","twitter_image_url":null,"twitter_image_custom_url":null,"twitter_image_custom_fields":null,"twitter_title":null,"twitter_description":null,"schema":{"blockGraphs":[],"customGraphs":[],"default":{"data":{"Article":[],"Course":[],"Dataset":[],"FAQPage":[],"Movie":[],"Person":[],"Product":[],"ProductReview":[],"Car":[],"Recipe":[],"Service":[],"SoftwareApplication":[],"WebPage":[]},"graphName":"WebPage","isEnabled":true},"graphs":[]},"schema_type":"default","schema_type_options":null,"pillar_content":false,"robots_default":true,"robots_noindex":false,"robots_noarchive":false,"robots_nosnippet":false,"robots_nofollow":false,"robots_noimageindex":false,"robots_noodp":false,"robots_notranslate":false,"robots_max_snippet":"-1","robots_max_videopreview":"-1","robots_max_imagepreview":"large","priority":null,"frequency":"default","local_seo":null,"seo_analyzer_scan_date":"2026-04-06 16:13:40","limit_modified_date":false,"reviewed_by":"0","open_ai":null,"ai":{"faqs":[],"keyPoints":[],"titles":[],"descriptions":[],"socialPosts":{"email":[],"linkedin":[],"twitter":[],"facebook":[],"instagram":[]}},"created":"2023-07-26 09:37:53","updated":"2026-04-06 16:23:07"},"aioseo_breadcrumb":"<div class=\"aioseo-breadcrumbs\"><span class=\"aioseo-breadcrumb\">\n\t<a href=\"https:\/\/monatglobal.com\/es\" title=\"Home\">Home<\/a>\n<\/span><span class=\"aioseo-breadcrumb-separator\">&raquo;<\/span><span class=\"aioseo-breadcrumb\">\n\tAcondicionador sin aclarado Restore\u2122\n<\/span><\/div>","aioseo_breadcrumb_json":[{"label":"Home","link":"https:\/\/monatglobal.com\/es"},{"label":"Acondicionador sin aclarado Restore\u2122","link":"https:\/\/monatglobal.com\/es\/restore-leave-in-conditioner\/"}],"_links":{"self":[{"href":"https:\/\/monatglobal.com\/es\/wp-json\/wp\/v2\/pages\/70738","targetHints":{"allow":["GET"]}}],"collection":[{"href":"https:\/\/monatglobal.com\/es\/wp-json\/wp\/v2\/pages"}],"about":[{"href":"https:\/\/monatglobal.com\/es\/wp-json\/wp\/v2\/types\/page"}],"author":[{"embeddable":true,"href":"https:\/\/monatglobal.com\/es\/wp-json\/wp\/v2\/users\/31"}],"replies":[{"embeddable":true,"href":"https:\/\/monatglobal.com\/es\/wp-json\/wp\/v2\/comments?post=70738"}],"version-history":[{"count":27,"href":"https:\/\/monatglobal.com\/es\/wp-json\/wp\/v2\/pages\/70738\/revisions"}],"predecessor-version":[{"id":109300,"href":"https:\/\/monatglobal.com\/es\/wp-json\/wp\/v2\/pages\/70738\/revisions\/109300"}],"wp:featuredmedia":[{"embeddable":true,"href":"https:\/\/monatglobal.com\/es\/wp-json\/wp\/v2\/media\/109200"}],"wp:attachment":[{"href":"https:\/\/monatglobal.com\/es\/wp-json\/wp\/v2\/media?parent=70738"}],"wp:term":[{"taxonomy":"category","embeddable":true,"href":"https:\/\/monatglobal.com\/es\/wp-json\/wp\/v2\/categories?post=70738"},{"taxonomy":"post_tag","embeddable":true,"href":"https:\/\/monatglobal.com\/es\/wp-json\/wp\/v2\/tags?post=70738"}],"curies":[{"name":"wp","href":"https:\/\/api.w.org\/{rel}","templated":true}]}}