{"id":70729,"date":"2022-11-17T18:06:29","date_gmt":"2022-11-17T18:06:29","guid":{"rendered":"https:\/\/monatglobal.com\/es\/?page_id=70729"},"modified":"2025-01-27T21:14:18","modified_gmt":"2025-01-27T21:14:18","slug":"culture","status":"publish","type":"page","link":"https:\/\/monatglobal.com\/es\/culture\/","title":{"rendered":"Culture"},"content":{"rendered":"\n\n\t<link rel=\"stylesheet\" href=\"https:\/\/unpkg.com\/swiper\/swiper-bundle.min.css\" \/>\n<section id=\"welcomeSec\"> \n            <p>\u00a1Bienvenido\/a<\/p>\n            <img decoding=\"async\" src=\"https:\/\/monatglobal.com\/wp-content\/uploads\/2022\/10\/Rectangle-15Imagen1-1.png\" loading=\"lazy\"\/>\n            <img decoding=\"async\" src=\"https:\/\/monatglobal.com\/wp-content\/uploads\/2022\/10\/193168168a50b2ff3e7a2b160179a2b9-min.gif\" loading=\"lazy\"\/>\n            <p>a la familia<\/p>\n            <p>MONAT!<\/p>\n            <img decoding=\"async\" src=\"https:\/\/monatglobal.com\/wp-content\/uploads\/2022\/10\/Rectangle-16Imagen3-1.png\" loading=\"lazy\"\/>\n        <p>LA CULTURA MONAT<\/p>\n<\/section>\n<section id=\"aboutSec\">\n        <img decoding=\"async\" src=\"https:\/\/monatglobal.com\/es\/wp-content\/uploads\/sites\/10\/2022\/12\/circulo-es.png\" loading=\"lazy\"\/>\n            <h2>En MONAT, nos enorgullecemos de los productos de base natural que creamos, \u00a1pero somos mucho m\u00e1s que cabellos hermosos y pieles&nbsp;radiantes!<\/h2>\n            <p>Nuestro mayor orgullo reside en las vidas que cambiamos a trav\u00e9s de la incre\u00edble oportunidad que ofrecemos, porque cambiar vidas es un negocio con verdadero&nbsp;prop\u00f3sito.<\/p>\n<\/section> \n<section id=\"largeSec\">\n                <h2>Nuestra misi\u00f3n es ayudar a que m\u00e1s y m\u00e1s personas disfruten de vidas hermosas, saludables y plenas a trav\u00e9s de productos naturales excepcionales, una divertida y gratificante oportunidad de negocios y una cultura de familia, servicio y&nbsp;gratitud.<\/h2>\n                            <img decoding=\"async\" src=\"https:\/\/monatglobal.com\/wp-content\/uploads\/2022\/10\/slider3.jpg\" alt=\"\" loading=\"lazy\"\/>\n                            <img decoding=\"async\" src=\"https:\/\/monatglobal.com\/wp-content\/uploads\/2022\/10\/slider1.jpg\" alt=\"\" loading=\"lazy\"\/>\n                            <img decoding=\"async\" src=\"https:\/\/monatglobal.com\/wp-content\/uploads\/2022\/10\/slider2.jpg\" alt=\"\" loading=\"lazy\"\/>\n                <img decoding=\"async\" src=\"https:\/\/monatglobal.com\/wp-content\/uploads\/2022\/10\/hover1.jpg\" loading=\"lazy\"\/>\n                    <h2>productos naturales excepcionales<\/h2>\n                <img decoding=\"async\" src=\"https:\/\/monatglobal.com\/wp-content\/uploads\/2022\/10\/hover2.jpg\" loading=\"lazy\"\/>\n                    <h2>una divertida y gratificante oportunidad<\/h2>\n                <img decoding=\"async\" src=\"https:\/\/monatglobal.com\/wp-content\/uploads\/2022\/10\/hover3-1.jpg\" loading=\"lazy\"\/>\n                    <h2>cultura de familia, servicio y&nbsp;gratitud<\/h2>\n            <h2>Nos comprometemos con los valores fundamentales que forman parte de cada decisi\u00f3n que&nbsp;tomamos.<\/h2>\n            <img decoding=\"async\" src=\"https:\/\/monatglobal.com\/wp-content\/uploads\/2022\/10\/Rectangle-230familia-con-perrito.jpg\" loading=\"lazy\"\/> \n                <h2>Nos comprometemos con los valores fundamentales que forman parte de cada decisi\u00f3n que&nbsp;tomamos.<\/h2>\n                <p>Trabajamos para garantizar que estamos cambiando vidas de manera positiva y significativa. Lo m\u00e1s importante, creemos que la familia siempre es lo primero -y que nuestros Market Partners y sus clientes siempre deben ser tratados como&nbsp;familia.<\/p>\n<\/section>\n<section id=\"philosophySec\">\n        <img decoding=\"async\" src=\"https:\/\/monatglobal.com\/wp-content\/uploads\/2022\/10\/EJR09178-1Philosofy2.jpg\" loading=\"lazy\"\/>\n                <h2>Nuestra filosof\u00eda es muy&nbsp;simple<\/h2>\n                <h3>Tenemos \u00e9xito cuando ayudamos a otros a tener&nbsp;\u00e9xito.<\/h3>\n                <p>Somos felices cuando ayudamos a otros a encontrar alegr\u00eda. En MONAT, ayudamos a otros a disfrutar de vidas hermosas, de dentro hacia fuera. \u00a1Esto tambi\u00e9n significa sentir Gratitud por todas nuestras bendiciones y dar a las comunidades en las que vivimos y&nbsp;prosperamos!<\/p>\n        <img decoding=\"async\" src=\"https:\/\/monatglobal.com\/wp-content\/uploads\/2022\/10\/Component-7Pholosophy.jpg\" loading=\"lazy\"\/>\n        <img decoding=\"async\" src=\"https:\/\/monatglobal.com\/wp-content\/uploads\/2022\/10\/EJR09178-1Philosofy2.jpg\" loading=\"lazy\"\/>\n<\/section>\n\n","protected":false},"excerpt":{"rendered":"<p>\u00a1Bienvenido\/a a la familia MONAT! LA CULTURA MONAT En MONAT, nos enorgullecemos de los productos de base natural que creamos, \u00a1pero somos mucho m\u00e1s que cabellos hermosos y pieles&nbsp;radiantes! Nuestro mayor orgullo reside en las vidas que cambiamos a trav\u00e9s de la incre\u00edble oportunidad que ofrecemos, porque cambiar vidas es un negocio con verdadero&nbsp;prop\u00f3sito. Nuestra&hellip;<\/p>\n","protected":false},"author":33,"featured_media":0,"parent":0,"menu_order":0,"comment_status":"closed","ping_status":"closed","template":"","meta":{"inline_featured_image":false,"om_disable_all_campaigns":false,"_monsterinsights_skip_tracking":false,"_monsterinsights_sitenote_active":false,"_monsterinsights_sitenote_note":"","_monsterinsights_sitenote_category":0,"footnotes":""},"categories":[],"tags":[],"class_list":["post-70729","page","type-page","status-publish","hentry"],"aioseo_notices":[],"aioseo_head":"\n\t\t<!-- All in One SEO Pro 4.9.6 - aioseo.com -->\n\t<meta name=\"description\" content=\"\u00a1Bienvenido\/a a la familia MONAT! LA CULTURA MONAT En MONAT, nos enorgullecemos de los productos de base natural que creamos, \u00a1pero somos mucho m\u00e1s que cabellos hermosos y pieles radiantes! Nuestro mayor orgullo reside en las vidas que cambiamos a trav\u00e9s de la incre\u00edble oportunidad que ofrecemos, porque cambiar vidas es un negocio con verdadero prop\u00f3sito. Nuestra\" \/>\n\t<meta name=\"robots\" content=\"max-image-preview:large\" \/>\n\t<link rel=\"canonical\" href=\"https:\/\/monatglobal.com\/es\/culture\/\" \/>\n\t<meta name=\"generator\" content=\"All in One SEO Pro (AIOSEO) 4.9.6\" \/>\n\t\t<meta property=\"og:locale\" content=\"en_US\" \/>\n\t\t<meta property=\"og:site_name\" content=\"MONAT Espa\u00f1a - We Are Modern Nature\u00ae\" \/>\n\t\t<meta property=\"og:type\" content=\"article\" \/>\n\t\t<meta property=\"og:title\" content=\"Culture - MONAT Espa\u00f1a\" \/>\n\t\t<meta property=\"og:description\" content=\"\u00a1Bienvenido\/a a la familia MONAT! LA CULTURA MONAT En MONAT, nos enorgullecemos de los productos de base natural que creamos, \u00a1pero somos mucho m\u00e1s que cabellos hermosos y pieles radiantes! Nuestro mayor orgullo reside en las vidas que cambiamos a trav\u00e9s de la incre\u00edble oportunidad que ofrecemos, porque cambiar vidas es un negocio con verdadero prop\u00f3sito. Nuestra\" \/>\n\t\t<meta property=\"og:url\" content=\"https:\/\/monatglobal.com\/es\/culture\/\" \/>\n\t\t<meta property=\"article:published_time\" content=\"2022-11-17T18:06:29+00:00\" \/>\n\t\t<meta property=\"article:modified_time\" content=\"2025-01-27T21:14:18+00:00\" \/>\n\t\t<meta name=\"twitter:card\" content=\"summary_large_image\" \/>\n\t\t<meta name=\"twitter:title\" content=\"Culture - MONAT Espa\u00f1a\" \/>\n\t\t<meta name=\"twitter:description\" content=\"\u00a1Bienvenido\/a a la familia MONAT! LA CULTURA MONAT En MONAT, nos enorgullecemos de los productos de base natural que creamos, \u00a1pero somos mucho m\u00e1s que cabellos hermosos y pieles radiantes! Nuestro mayor orgullo reside en las vidas que cambiamos a trav\u00e9s de la incre\u00edble oportunidad que ofrecemos, porque cambiar vidas es un negocio con verdadero prop\u00f3sito. Nuestra\" \/>\n\t\t<script type=\"application\/ld+json\" class=\"aioseo-schema\">\n\t\t\t{\"@context\":\"https:\\\/\\\/schema.org\",\"@graph\":[{\"@type\":\"BreadcrumbList\",\"@id\":\"https:\\\/\\\/monatglobal.com\\\/es\\\/culture\\\/#breadcrumblist\",\"itemListElement\":[{\"@type\":\"ListItem\",\"@id\":\"https:\\\/\\\/monatglobal.com\\\/es#listItem\",\"position\":1,\"name\":\"Home\",\"item\":\"https:\\\/\\\/monatglobal.com\\\/es\",\"nextItem\":{\"@type\":\"ListItem\",\"@id\":\"https:\\\/\\\/monatglobal.com\\\/es\\\/culture\\\/#listItem\",\"name\":\"Culture\"}},{\"@type\":\"ListItem\",\"@id\":\"https:\\\/\\\/monatglobal.com\\\/es\\\/culture\\\/#listItem\",\"position\":2,\"name\":\"Culture\",\"previousItem\":{\"@type\":\"ListItem\",\"@id\":\"https:\\\/\\\/monatglobal.com\\\/es#listItem\",\"name\":\"Home\"}}]},{\"@type\":\"Organization\",\"@id\":\"https:\\\/\\\/monatglobal.com\\\/es\\\/#organization\",\"name\":\"MONAT Espa\\u00f1a\",\"description\":\"We Are Modern Nature\\u00ae\",\"url\":\"https:\\\/\\\/monatglobal.com\\\/es\\\/\"},{\"@type\":\"WebPage\",\"@id\":\"https:\\\/\\\/monatglobal.com\\\/es\\\/culture\\\/#webpage\",\"url\":\"https:\\\/\\\/monatglobal.com\\\/es\\\/culture\\\/\",\"name\":\"Culture - MONAT Espa\\u00f1a\",\"description\":\"\\u00a1Bienvenido\\\/a a la familia MONAT! LA CULTURA MONAT En MONAT, nos enorgullecemos de los productos de base natural que creamos, \\u00a1pero somos mucho m\\u00e1s que cabellos hermosos y pieles radiantes! Nuestro mayor orgullo reside en las vidas que cambiamos a trav\\u00e9s de la incre\\u00edble oportunidad que ofrecemos, porque cambiar vidas es un negocio con verdadero prop\\u00f3sito. Nuestra\",\"inLanguage\":\"en-US\",\"isPartOf\":{\"@id\":\"https:\\\/\\\/monatglobal.com\\\/es\\\/#website\"},\"breadcrumb\":{\"@id\":\"https:\\\/\\\/monatglobal.com\\\/es\\\/culture\\\/#breadcrumblist\"},\"datePublished\":\"2022-11-17T18:06:29+00:00\",\"dateModified\":\"2025-01-27T21:14:18+00:00\"},{\"@type\":\"WebSite\",\"@id\":\"https:\\\/\\\/monatglobal.com\\\/es\\\/#website\",\"url\":\"https:\\\/\\\/monatglobal.com\\\/es\\\/\",\"name\":\"MONAT Espa\\u00f1a\",\"description\":\"We Are Modern Nature\\u00ae\",\"inLanguage\":\"en-US\",\"publisher\":{\"@id\":\"https:\\\/\\\/monatglobal.com\\\/es\\\/#organization\"}}]}\n\t\t<\/script>\n\t\t<!-- All in One SEO Pro -->\r\n\t\t<title>Culture - MONAT Espa\u00f1a<\/title>\n\n","aioseo_head_json":{"title":"Culture - MONAT Espa\u00f1a","description":"\u00a1Bienvenido\/a a la familia MONAT! LA CULTURA MONAT En MONAT, nos enorgullecemos de los productos de base natural que creamos, \u00a1pero somos mucho m\u00e1s que cabellos hermosos y pieles radiantes! Nuestro mayor orgullo reside en las vidas que cambiamos a trav\u00e9s de la incre\u00edble oportunidad que ofrecemos, porque cambiar vidas es un negocio con verdadero prop\u00f3sito. Nuestra","canonical_url":"https:\/\/monatglobal.com\/es\/culture\/","robots":"max-image-preview:large","keywords":"","webmasterTools":{"miscellaneous":""},"schema":{"@context":"https:\/\/schema.org","@graph":[{"@type":"BreadcrumbList","@id":"https:\/\/monatglobal.com\/es\/culture\/#breadcrumblist","itemListElement":[{"@type":"ListItem","@id":"https:\/\/monatglobal.com\/es#listItem","position":1,"name":"Home","item":"https:\/\/monatglobal.com\/es","nextItem":{"@type":"ListItem","@id":"https:\/\/monatglobal.com\/es\/culture\/#listItem","name":"Culture"}},{"@type":"ListItem","@id":"https:\/\/monatglobal.com\/es\/culture\/#listItem","position":2,"name":"Culture","previousItem":{"@type":"ListItem","@id":"https:\/\/monatglobal.com\/es#listItem","name":"Home"}}]},{"@type":"Organization","@id":"https:\/\/monatglobal.com\/es\/#organization","name":"MONAT Espa\u00f1a","description":"We Are Modern Nature\u00ae","url":"https:\/\/monatglobal.com\/es\/"},{"@type":"WebPage","@id":"https:\/\/monatglobal.com\/es\/culture\/#webpage","url":"https:\/\/monatglobal.com\/es\/culture\/","name":"Culture - MONAT Espa\u00f1a","description":"\u00a1Bienvenido\/a a la familia MONAT! LA CULTURA MONAT En MONAT, nos enorgullecemos de los productos de base natural que creamos, \u00a1pero somos mucho m\u00e1s que cabellos hermosos y pieles radiantes! Nuestro mayor orgullo reside en las vidas que cambiamos a trav\u00e9s de la incre\u00edble oportunidad que ofrecemos, porque cambiar vidas es un negocio con verdadero prop\u00f3sito. Nuestra","inLanguage":"en-US","isPartOf":{"@id":"https:\/\/monatglobal.com\/es\/#website"},"breadcrumb":{"@id":"https:\/\/monatglobal.com\/es\/culture\/#breadcrumblist"},"datePublished":"2022-11-17T18:06:29+00:00","dateModified":"2025-01-27T21:14:18+00:00"},{"@type":"WebSite","@id":"https:\/\/monatglobal.com\/es\/#website","url":"https:\/\/monatglobal.com\/es\/","name":"MONAT Espa\u00f1a","description":"We Are Modern Nature\u00ae","inLanguage":"en-US","publisher":{"@id":"https:\/\/monatglobal.com\/es\/#organization"}}]},"og:locale":"en_US","og:site_name":"MONAT Espa\u00f1a - We Are Modern Nature\u00ae","og:type":"article","og:title":"Culture - MONAT Espa\u00f1a","og:description":"\u00a1Bienvenido\/a a la familia MONAT! LA CULTURA MONAT En MONAT, nos enorgullecemos de los productos de base natural que creamos, \u00a1pero somos mucho m\u00e1s que cabellos hermosos y pieles radiantes! Nuestro mayor orgullo reside en las vidas que cambiamos a trav\u00e9s de la incre\u00edble oportunidad que ofrecemos, porque cambiar vidas es un negocio con verdadero prop\u00f3sito. Nuestra","og:url":"https:\/\/monatglobal.com\/es\/culture\/","article:published_time":"2022-11-17T18:06:29+00:00","article:modified_time":"2025-01-27T21:14:18+00:00","twitter:card":"summary_large_image","twitter:title":"Culture - MONAT Espa\u00f1a","twitter:description":"\u00a1Bienvenido\/a a la familia MONAT! LA CULTURA MONAT En MONAT, nos enorgullecemos de los productos de base natural que creamos, \u00a1pero somos mucho m\u00e1s que cabellos hermosos y pieles radiantes! Nuestro mayor orgullo reside en las vidas que cambiamos a trav\u00e9s de la incre\u00edble oportunidad que ofrecemos, porque cambiar vidas es un negocio con verdadero prop\u00f3sito. Nuestra"},"aioseo_meta_data":{"post_id":"70729","title":null,"description":null,"keywords":null,"keyphrases":null,"primary_term":null,"canonical_url":null,"og_title":null,"og_description":null,"og_object_type":"default","og_image_type":"default","og_image_url":null,"og_image_width":null,"og_image_height":null,"og_image_custom_url":null,"og_image_custom_fields":null,"og_video":null,"og_custom_url":null,"og_article_section":null,"og_article_tags":null,"twitter_use_og":false,"twitter_card":"default","twitter_image_type":"default","twitter_image_url":null,"twitter_image_custom_url":null,"twitter_image_custom_fields":null,"twitter_title":null,"twitter_description":null,"schema":{"blockGraphs":[],"customGraphs":[],"default":{"data":{"Article":[],"Course":[],"Dataset":[],"FAQPage":[],"Movie":[],"Person":[],"Product":[],"ProductReview":[],"Car":[],"Recipe":[],"Service":[],"SoftwareApplication":[],"WebPage":[]},"graphName":"","isEnabled":true},"graphs":[]},"schema_type":"default","schema_type_options":null,"pillar_content":false,"robots_default":true,"robots_noindex":false,"robots_noarchive":false,"robots_nosnippet":false,"robots_nofollow":false,"robots_noimageindex":false,"robots_noodp":false,"robots_notranslate":false,"robots_max_snippet":null,"robots_max_videopreview":null,"robots_max_imagepreview":"large","priority":null,"frequency":null,"local_seo":null,"seo_analyzer_scan_date":"2025-08-14 18:18:07","limit_modified_date":false,"reviewed_by":null,"open_ai":null,"ai":null,"created":"2023-07-26 09:36:04","updated":"2026-02-10 05:31:01"},"aioseo_breadcrumb":"<div class=\"aioseo-breadcrumbs\"><span class=\"aioseo-breadcrumb\">\n\t<a href=\"https:\/\/monatglobal.com\/es\" title=\"Home\">Home<\/a>\n<\/span><span class=\"aioseo-breadcrumb-separator\">&raquo;<\/span><span class=\"aioseo-breadcrumb\">\n\tCulture\n<\/span><\/div>","aioseo_breadcrumb_json":[{"label":"Home","link":"https:\/\/monatglobal.com\/es"},{"label":"Culture","link":"https:\/\/monatglobal.com\/es\/culture\/"}],"_links":{"self":[{"href":"https:\/\/monatglobal.com\/es\/wp-json\/wp\/v2\/pages\/70729","targetHints":{"allow":["GET"]}}],"collection":[{"href":"https:\/\/monatglobal.com\/es\/wp-json\/wp\/v2\/pages"}],"about":[{"href":"https:\/\/monatglobal.com\/es\/wp-json\/wp\/v2\/types\/page"}],"author":[{"embeddable":true,"href":"https:\/\/monatglobal.com\/es\/wp-json\/wp\/v2\/users\/33"}],"replies":[{"embeddable":true,"href":"https:\/\/monatglobal.com\/es\/wp-json\/wp\/v2\/comments?post=70729"}],"version-history":[{"count":5,"href":"https:\/\/monatglobal.com\/es\/wp-json\/wp\/v2\/pages\/70729\/revisions"}],"predecessor-version":[{"id":86343,"href":"https:\/\/monatglobal.com\/es\/wp-json\/wp\/v2\/pages\/70729\/revisions\/86343"}],"wp:attachment":[{"href":"https:\/\/monatglobal.com\/es\/wp-json\/wp\/v2\/media?parent=70729"}],"wp:term":[{"taxonomy":"category","embeddable":true,"href":"https:\/\/monatglobal.com\/es\/wp-json\/wp\/v2\/categories?post=70729"},{"taxonomy":"post_tag","embeddable":true,"href":"https:\/\/monatglobal.com\/es\/wp-json\/wp\/v2\/tags?post=70729"}],"curies":[{"name":"wp","href":"https:\/\/api.w.org\/{rel}","templated":true}]}}