{"id":70726,"date":"2022-11-17T17:44:20","date_gmt":"2022-11-17T17:44:20","guid":{"rendered":"https:\/\/monatglobal.com\/es\/?page_id=70726"},"modified":"2025-01-27T21:10:42","modified_gmt":"2025-01-27T21:10:42","slug":"history","status":"publish","type":"page","link":"https:\/\/monatglobal.com\/es\/history\/","title":{"rendered":"Historia"},"content":{"rendered":"\n\n\t<link rel='stylesheet' href='https:\/\/unpkg.com\/swiper\/swiper-bundle.min.css'\/>\n<section id=\"bannerSec\">\n        <p>Todo comenz\u00f3<\/p>\n        <p>con una visi\u00f3n&#8230;<\/p>\n<\/section> \n<section id=\"dateSec\"> \n            <h1>LA HISTORIA DE MONAT<\/h1>\n            <h3>El movimiento MONAT nace a partir de una familia con un gran sue\u00f1o: hacer del mundo un lugar mejor, una persona a la vez, mientras se ofrecen productos de primera calidad y una oportunidad&nbsp;gratificante.<\/h3>\n            <img decoding=\"async\" alt=\"Blonde female spraying hairspray onto a brunette female's curly hair.\" src=\"https:\/\/monatglobal.com\/wp-content\/uploads\/2022\/10\/our-story-MONAT-LAUNCH-2014.jpg\" loading=\"lazy\"\/> \n                    <h2>Los Urdaneta lanzaron MONAT en octubre de&nbsp;2014.<\/h2>\n                    <p>Y en tan solo unos pocos a\u00f1os, inspiraron una revoluci\u00f3n gracias a la dedicaci\u00f3n de los Market Partners, al apoyo entusiasta de los Clientes VIP y al personal talentoso de la oficina&nbsp;corporativa.<\/p>\n<\/section> \n<section id=\"encompassesSec\"> \n    <p>El movimiento MONAT no solo abarca productos innovadores <em>para el Cuidado del Cabello, para el Cuidado de la Piel<\/em> y para <em>el Bienestar,<\/em> sino tambi\u00e9n una dedicaci\u00f3n genuina por ayudar a otros a construir vidas&nbsp;hermosas.<\/p>\n        <img decoding=\"async\" id=\"oilImg\" alt=\"Oil texture\" src=\"https:\/\/monatglobal.com\/wp-content\/uploads\/2022\/10\/oil-texture_history.png\" loading=\"lazy\"\/>\n        <img decoding=\"async\" id=\"cremeImg\" alt=\"Texture shot of Sun Veil\u2122.\" src=\"https:\/\/monatglobal.com\/wp-content\/uploads\/2022\/10\/creme-texture_history.png\" loading=\"lazy\"\/>    \n                <p>El movimiento MONAT no solo abarca productos innovadores <em>para el Cuidado del Cabello, para el Cuidado de la Piel<\/em> y para <em>el Bienestar,<\/em> sino tambi\u00e9n una dedicaci\u00f3n genuina por ayudar a otros a construir vidas&nbsp;hermosas.<\/p>\n                <img decoding=\"async\" alt=\"A brunette woman applying MONAT Makeup on one of her cheekbones.\" src=\"https:\/\/monatglobal.com\/uk\/wp-content\/uploads\/sites\/6\/2025\/01\/makeup-our-story.jpg\" loading=\"lazy\"\/>\n               <p>MONAT ofrece un generoso plan de compensaci\u00f3n, un sistema de apoyo excepcionalmente enriquecedor y l\u00edderes comprometidos y atentos que te har\u00e1n sentir como parte de la&nbsp;familia.<\/p>\n                <img decoding=\"async\" alt=\"Brunette female touching her hair while standing outside.\" src=\"https:\/\/monatglobal.com\/wp-content\/uploads\/2022\/10\/haircare-our-story.jpg\" loading=\"lazy\"\/>\n                <img decoding=\"async\" alt=\"Brunette female standing near a pink wall with the shadows of palm trees, while kissing Sun Veil\u2122.\" src=\"https:\/\/monatglobal.com\/wp-content\/uploads\/2022\/10\/skincare-our-story.jpg\" loading=\"lazy\"\/>\n<\/section> \n<section id=\"videoSec\">\n<\/section> \n<section id=\"readySec\"> \n        <h2>\u00bfEst\u00e1s listo para ser parte de <br \/>esta extraordinaria&nbsp;comunidad?<\/h2>\n                <p>\u00a1Nunca ha habido un mejor momento que ahora para unirse a la familia&nbsp;MONAT!<\/p>\n                <a href=\"https:\/\/corp.mymonat.com\/?globallanguage=es&#038;globalmarket=es&#038;monat_global_join_now=true&#038;monat_global_profile_type=express&#038;join_now=true&#038;_gl=1*17ydod8*_ga*OTI0Njk1MjYyLjE2NjYxMTg0NzI.*_ga_NEVL8VM1F8*MTY2ODcwNDg0NS42NC4xLjE2Njg3MDg2ODcuMC4wLjA.\">\u00danete a MONAT<\/a>\n            <img decoding=\"async\" alt=\"Female sitting inside a shopping cart with MONAT boxes, while another female pushes the cart.\" src=\"https:\/\/monatglobal.com\/wp-content\/uploads\/2022\/10\/monat-family-our-story.jpg \" loading=\"lazy\"\/>\n        <a href=\"https:\/\/corp.mymonat.com\/?globallanguage=es&#038;globalmarket=es&#038;monat_global_join_now=true&#038;monat_global_profile_type=express&#038;join_now=true&#038;_gl=1*1xgbzgm*_ga*OTI0Njk1MjYyLjE2NjYxMTg0NzI.*_ga_NEVL8VM1F8*MTY2ODcwNDg0NS42NC4xLjE2Njg3MDg2ODcuMC4wLjA.\">\u00danete a MONAT<\/a>\n<\/section> \n\n","protected":false},"excerpt":{"rendered":"<p>Todo comenz\u00f3 con una visi\u00f3n&#8230; LA HISTORIA DE MONAT El movimiento MONAT nace a partir de una familia con un gran sue\u00f1o: hacer del mundo un lugar mejor, una persona a la vez, mientras se ofrecen productos de primera calidad y una oportunidad&nbsp;gratificante. Los Urdaneta lanzaron MONAT en octubre de&nbsp;2014. Y en tan solo unos&hellip;<\/p>\n","protected":false},"author":49,"featured_media":0,"parent":0,"menu_order":0,"comment_status":"closed","ping_status":"closed","template":"","meta":{"inline_featured_image":false,"om_disable_all_campaigns":false,"_monsterinsights_skip_tracking":false,"_monsterinsights_sitenote_active":false,"_monsterinsights_sitenote_note":"","_monsterinsights_sitenote_category":0,"footnotes":""},"categories":[],"tags":[],"class_list":["post-70726","page","type-page","status-publish","hentry"],"aioseo_notices":[],"aioseo_head":"\n\t\t<!-- All in One SEO Pro 4.9.5.2 - aioseo.com -->\n\t<meta name=\"description\" content=\"Todo comenz\u00f3 con una visi\u00f3n... LA HISTORIA DE MONAT El movimiento MONAT nace a partir de una familia con un gran sue\u00f1o: hacer del mundo un lugar mejor, una persona a la vez, mientras se ofrecen productos de primera calidad y una oportunidad gratificante. Los Urdaneta lanzaron MONAT en octubre de 2014. Y en tan solo unos\" \/>\n\t<meta name=\"robots\" content=\"max-image-preview:large\" \/>\n\t<link rel=\"canonical\" href=\"https:\/\/monatglobal.com\/es\/history\/\" \/>\n\t<meta name=\"generator\" content=\"All in One SEO Pro (AIOSEO) 4.9.5.2\" \/>\n\t\t<meta property=\"og:locale\" content=\"en_US\" \/>\n\t\t<meta property=\"og:site_name\" content=\"MONAT Espa\u00f1a - We Are Modern Nature\u00ae\" \/>\n\t\t<meta property=\"og:type\" content=\"article\" \/>\n\t\t<meta property=\"og:title\" content=\"Historia - MONAT Espa\u00f1a\" \/>\n\t\t<meta property=\"og:description\" content=\"Todo comenz\u00f3 con una visi\u00f3n... LA HISTORIA DE MONAT El movimiento MONAT nace a partir de una familia con un gran sue\u00f1o: hacer del mundo un lugar mejor, una persona a la vez, mientras se ofrecen productos de primera calidad y una oportunidad gratificante. Los Urdaneta lanzaron MONAT en octubre de 2014. Y en tan solo unos\" \/>\n\t\t<meta property=\"og:url\" content=\"https:\/\/monatglobal.com\/es\/history\/\" \/>\n\t\t<meta property=\"article:published_time\" content=\"2022-11-17T17:44:20+00:00\" \/>\n\t\t<meta property=\"article:modified_time\" content=\"2025-01-27T21:10:42+00:00\" \/>\n\t\t<meta name=\"twitter:card\" content=\"summary_large_image\" \/>\n\t\t<meta name=\"twitter:title\" content=\"Historia - MONAT Espa\u00f1a\" \/>\n\t\t<meta name=\"twitter:description\" content=\"Todo comenz\u00f3 con una visi\u00f3n... LA HISTORIA DE MONAT El movimiento MONAT nace a partir de una familia con un gran sue\u00f1o: hacer del mundo un lugar mejor, una persona a la vez, mientras se ofrecen productos de primera calidad y una oportunidad gratificante. Los Urdaneta lanzaron MONAT en octubre de 2014. Y en tan solo unos\" \/>\n\t\t<script type=\"application\/ld+json\" class=\"aioseo-schema\">\n\t\t\t{\"@context\":\"https:\\\/\\\/schema.org\",\"@graph\":[{\"@type\":\"BreadcrumbList\",\"@id\":\"https:\\\/\\\/monatglobal.com\\\/es\\\/history\\\/#breadcrumblist\",\"itemListElement\":[{\"@type\":\"ListItem\",\"@id\":\"https:\\\/\\\/monatglobal.com\\\/es#listItem\",\"position\":1,\"name\":\"Home\",\"item\":\"https:\\\/\\\/monatglobal.com\\\/es\",\"nextItem\":{\"@type\":\"ListItem\",\"@id\":\"https:\\\/\\\/monatglobal.com\\\/es\\\/history\\\/#listItem\",\"name\":\"Historia\"}},{\"@type\":\"ListItem\",\"@id\":\"https:\\\/\\\/monatglobal.com\\\/es\\\/history\\\/#listItem\",\"position\":2,\"name\":\"Historia\",\"previousItem\":{\"@type\":\"ListItem\",\"@id\":\"https:\\\/\\\/monatglobal.com\\\/es#listItem\",\"name\":\"Home\"}}]},{\"@type\":\"Organization\",\"@id\":\"https:\\\/\\\/monatglobal.com\\\/es\\\/#organization\",\"name\":\"MONAT Espa\\u00f1a\",\"description\":\"We Are Modern Nature\\u00ae\",\"url\":\"https:\\\/\\\/monatglobal.com\\\/es\\\/\"},{\"@type\":\"WebPage\",\"@id\":\"https:\\\/\\\/monatglobal.com\\\/es\\\/history\\\/#webpage\",\"url\":\"https:\\\/\\\/monatglobal.com\\\/es\\\/history\\\/\",\"name\":\"Historia - MONAT Espa\\u00f1a\",\"description\":\"Todo comenz\\u00f3 con una visi\\u00f3n... LA HISTORIA DE MONAT El movimiento MONAT nace a partir de una familia con un gran sue\\u00f1o: hacer del mundo un lugar mejor, una persona a la vez, mientras se ofrecen productos de primera calidad y una oportunidad gratificante. Los Urdaneta lanzaron MONAT en octubre de 2014. Y en tan solo unos\",\"inLanguage\":\"en-US\",\"isPartOf\":{\"@id\":\"https:\\\/\\\/monatglobal.com\\\/es\\\/#website\"},\"breadcrumb\":{\"@id\":\"https:\\\/\\\/monatglobal.com\\\/es\\\/history\\\/#breadcrumblist\"},\"datePublished\":\"2022-11-17T17:44:20+00:00\",\"dateModified\":\"2025-01-27T21:10:42+00:00\"},{\"@type\":\"WebSite\",\"@id\":\"https:\\\/\\\/monatglobal.com\\\/es\\\/#website\",\"url\":\"https:\\\/\\\/monatglobal.com\\\/es\\\/\",\"name\":\"MONAT Espa\\u00f1a\",\"description\":\"We Are Modern Nature\\u00ae\",\"inLanguage\":\"en-US\",\"publisher\":{\"@id\":\"https:\\\/\\\/monatglobal.com\\\/es\\\/#organization\"}}]}\n\t\t<\/script>\n\t\t<!-- All in One SEO Pro -->\r\n\t\t<title>Historia - MONAT Espa\u00f1a<\/title>\n\n","aioseo_head_json":{"title":"Historia - MONAT Espa\u00f1a","description":"Todo comenz\u00f3 con una visi\u00f3n... LA HISTORIA DE MONAT El movimiento MONAT nace a partir de una familia con un gran sue\u00f1o: hacer del mundo un lugar mejor, una persona a la vez, mientras se ofrecen productos de primera calidad y una oportunidad gratificante. Los Urdaneta lanzaron MONAT en octubre de 2014. Y en tan solo unos","canonical_url":"https:\/\/monatglobal.com\/es\/history\/","robots":"max-image-preview:large","keywords":"","webmasterTools":{"miscellaneous":""},"schema":{"@context":"https:\/\/schema.org","@graph":[{"@type":"BreadcrumbList","@id":"https:\/\/monatglobal.com\/es\/history\/#breadcrumblist","itemListElement":[{"@type":"ListItem","@id":"https:\/\/monatglobal.com\/es#listItem","position":1,"name":"Home","item":"https:\/\/monatglobal.com\/es","nextItem":{"@type":"ListItem","@id":"https:\/\/monatglobal.com\/es\/history\/#listItem","name":"Historia"}},{"@type":"ListItem","@id":"https:\/\/monatglobal.com\/es\/history\/#listItem","position":2,"name":"Historia","previousItem":{"@type":"ListItem","@id":"https:\/\/monatglobal.com\/es#listItem","name":"Home"}}]},{"@type":"Organization","@id":"https:\/\/monatglobal.com\/es\/#organization","name":"MONAT Espa\u00f1a","description":"We Are Modern Nature\u00ae","url":"https:\/\/monatglobal.com\/es\/"},{"@type":"WebPage","@id":"https:\/\/monatglobal.com\/es\/history\/#webpage","url":"https:\/\/monatglobal.com\/es\/history\/","name":"Historia - MONAT Espa\u00f1a","description":"Todo comenz\u00f3 con una visi\u00f3n... LA HISTORIA DE MONAT El movimiento MONAT nace a partir de una familia con un gran sue\u00f1o: hacer del mundo un lugar mejor, una persona a la vez, mientras se ofrecen productos de primera calidad y una oportunidad gratificante. Los Urdaneta lanzaron MONAT en octubre de 2014. Y en tan solo unos","inLanguage":"en-US","isPartOf":{"@id":"https:\/\/monatglobal.com\/es\/#website"},"breadcrumb":{"@id":"https:\/\/monatglobal.com\/es\/history\/#breadcrumblist"},"datePublished":"2022-11-17T17:44:20+00:00","dateModified":"2025-01-27T21:10:42+00:00"},{"@type":"WebSite","@id":"https:\/\/monatglobal.com\/es\/#website","url":"https:\/\/monatglobal.com\/es\/","name":"MONAT Espa\u00f1a","description":"We Are Modern Nature\u00ae","inLanguage":"en-US","publisher":{"@id":"https:\/\/monatglobal.com\/es\/#organization"}}]},"og:locale":"en_US","og:site_name":"MONAT Espa\u00f1a - We Are Modern Nature\u00ae","og:type":"article","og:title":"Historia - MONAT Espa\u00f1a","og:description":"Todo comenz\u00f3 con una visi\u00f3n... LA HISTORIA DE MONAT El movimiento MONAT nace a partir de una familia con un gran sue\u00f1o: hacer del mundo un lugar mejor, una persona a la vez, mientras se ofrecen productos de primera calidad y una oportunidad gratificante. Los Urdaneta lanzaron MONAT en octubre de 2014. Y en tan solo unos","og:url":"https:\/\/monatglobal.com\/es\/history\/","article:published_time":"2022-11-17T17:44:20+00:00","article:modified_time":"2025-01-27T21:10:42+00:00","twitter:card":"summary_large_image","twitter:title":"Historia - MONAT Espa\u00f1a","twitter:description":"Todo comenz\u00f3 con una visi\u00f3n... LA HISTORIA DE MONAT El movimiento MONAT nace a partir de una familia con un gran sue\u00f1o: hacer del mundo un lugar mejor, una persona a la vez, mientras se ofrecen productos de primera calidad y una oportunidad gratificante. Los Urdaneta lanzaron MONAT en octubre de 2014. Y en tan solo unos"},"aioseo_meta_data":{"post_id":"70726","title":null,"description":null,"keywords":null,"keyphrases":null,"primary_term":null,"canonical_url":null,"og_title":null,"og_description":null,"og_object_type":"default","og_image_type":"default","og_image_url":null,"og_image_width":null,"og_image_height":null,"og_image_custom_url":null,"og_image_custom_fields":null,"og_video":null,"og_custom_url":null,"og_article_section":null,"og_article_tags":null,"twitter_use_og":false,"twitter_card":"default","twitter_image_type":"default","twitter_image_url":null,"twitter_image_custom_url":null,"twitter_image_custom_fields":null,"twitter_title":null,"twitter_description":null,"schema":{"blockGraphs":[],"customGraphs":[],"default":{"data":{"Article":[],"Course":[],"Dataset":[],"FAQPage":[],"Movie":[],"Person":[],"Product":[],"ProductReview":[],"Car":[],"Recipe":[],"Service":[],"SoftwareApplication":[],"WebPage":[]},"graphName":"","isEnabled":true},"graphs":[]},"schema_type":"default","schema_type_options":null,"pillar_content":false,"robots_default":true,"robots_noindex":false,"robots_noarchive":false,"robots_nosnippet":false,"robots_nofollow":false,"robots_noimageindex":false,"robots_noodp":false,"robots_notranslate":false,"robots_max_snippet":null,"robots_max_videopreview":null,"robots_max_imagepreview":"large","priority":null,"frequency":null,"local_seo":null,"seo_analyzer_scan_date":"2025-08-14 18:18:05","limit_modified_date":false,"reviewed_by":null,"open_ai":null,"ai":null,"created":"2023-07-26 09:36:04","updated":"2026-02-10 05:31:01"},"aioseo_breadcrumb":"<div class=\"aioseo-breadcrumbs\"><span class=\"aioseo-breadcrumb\">\n\t<a href=\"https:\/\/monatglobal.com\/es\" title=\"Home\">Home<\/a>\n<\/span><span class=\"aioseo-breadcrumb-separator\">&raquo;<\/span><span class=\"aioseo-breadcrumb\">\n\tHistoria\n<\/span><\/div>","aioseo_breadcrumb_json":[{"label":"Home","link":"https:\/\/monatglobal.com\/es"},{"label":"Historia","link":"https:\/\/monatglobal.com\/es\/history\/"}],"_links":{"self":[{"href":"https:\/\/monatglobal.com\/es\/wp-json\/wp\/v2\/pages\/70726","targetHints":{"allow":["GET"]}}],"collection":[{"href":"https:\/\/monatglobal.com\/es\/wp-json\/wp\/v2\/pages"}],"about":[{"href":"https:\/\/monatglobal.com\/es\/wp-json\/wp\/v2\/types\/page"}],"author":[{"embeddable":true,"href":"https:\/\/monatglobal.com\/es\/wp-json\/wp\/v2\/users\/49"}],"replies":[{"embeddable":true,"href":"https:\/\/monatglobal.com\/es\/wp-json\/wp\/v2\/comments?post=70726"}],"version-history":[{"count":10,"href":"https:\/\/monatglobal.com\/es\/wp-json\/wp\/v2\/pages\/70726\/revisions"}],"predecessor-version":[{"id":86342,"href":"https:\/\/monatglobal.com\/es\/wp-json\/wp\/v2\/pages\/70726\/revisions\/86342"}],"wp:attachment":[{"href":"https:\/\/monatglobal.com\/es\/wp-json\/wp\/v2\/media?parent=70726"}],"wp:term":[{"taxonomy":"category","embeddable":true,"href":"https:\/\/monatglobal.com\/es\/wp-json\/wp\/v2\/categories?post=70726"},{"taxonomy":"post_tag","embeddable":true,"href":"https:\/\/monatglobal.com\/es\/wp-json\/wp\/v2\/tags?post=70726"}],"curies":[{"name":"wp","href":"https:\/\/api.w.org\/{rel}","templated":true}]}}