{"id":70300,"date":"2022-09-07T16:35:05","date_gmt":"2022-09-07T15:35:05","guid":{"rendered":"https:\/\/monatglobal.com\/es\/?page_id=70300"},"modified":"2026-02-23T20:53:41","modified_gmt":"2026-02-23T20:53:41","slug":"intense-repair-serum","status":"publish","type":"page","link":"https:\/\/monatglobal.com\/es\/intense-repair-serum\/","title":{"rendered":"S\u00e9rum para el cuero cabelludo"},"content":{"rendered":"\n<link rel=\"stylesheet\" href=\"https:\/\/unpkg.com\/swiper\/swiper-bundle.min.css\">\n<link rel=\"stylesheet\" href=\"https:\/\/monatglobal.com\/wp-content\/creative_css\/product_styles_sheet.css\">\n\t<!--==================================================== ECOMM SECTION ====================================================-->\n\t <p>M\u00c1S VENDIDOS<\/p>\n\t\t<!--==================================================== Ecomm image ====================================================-->\n\t\t<img decoding=\"async\" src=\"https:\/\/monatglobal.com\/wp-content\/uploads\/2026\/01\/IR-CLINICAL-HAIR-THINNING-DEFENSE-SERUM_ecomm-2022_webpage-logo.png\" alt=\"Product shot of IR Clinical\u2122 Hair Thinning Defense.\" loading=\"lazy\">\n\t\t<!--==================================================== Ecomm information  ====================================================-->\n\t\t\t\n\t       NUEVO\n\t        <p>M\u00c1S VENDIDOS<\/p>\n\t\t\t<p>S\u00e9rum para el cuero cabelludo <\/p>\n\t\t\t<h1>Cuidado para cabellos debilitados<\/h1> \n\t\t\t\t<p>IR Clinical\u2122<\/p>\n\t\t\t\n\t\t\t<p>Este ligero s\u00e9rum no graso reduce inmediatamente la rotura y la ca\u00edda del cabello en un 92 %* y ha demostrado resultados notables de un cabello m\u00e1s grueso y con volumen en 60&nbsp;d\u00edas**. <\/p>\n\t\t\t<p>* Basado en un estudio de rotura del cabello tras el peinado y el cepillado.<\/p>\n\t\t\t<p> ** Basado en una prueba instrumental que mide el di\u00e1metro de la fibra capilar despu\u00e9s de la aplicaci\u00f3n del S\u00e9rum para el cuero cabelludo Cuidado para cabellos debilitados IR&nbsp;Clinical\u2122.<\/p>\n\t\t\t<p>50 ml \u212e 1.7 fl. oz<\/p>   \n\t    <!--==================================================== pricing box  ====================================================-->\n         <p>Precio de venta Cliente<br>00.00 \u20ac<\/p>\n         <p>Precio Cliente VIP<br>00.00 \u20ac<\/p>\n\t\t<!--==================================================== pricing box  ====================================================-->\t \n\t\t\t<p>Para saber m\u00e1s sobre el S\u00e9rum para el cuero cabelludo Cuidado para cabellos debilitados IR Clinical\u2122, ponte en contacto con tu Market Partner de MONAT.<\/p>\n          <a href=\"\" target=\"_blank\" role=\"button\" aria-label=\"\" rel=\"noopener\"><\/a>\n\t<!--==================================================== \/ECOMM SECTION  ====================================================-->\n\t<!--==================================================== Benefits image ====================================================-->\n\t\n\t\t<source media=\"(max-width: 700px)\" srcset=\"https:\/\/monatglobal.com\/wp-content\/uploads\/2022\/08\/benefits-mobile-Ir-clinical-scalp-serum.jpg\" loading=\"lazy\">\n\t\t\t<img decoding=\"async\" alt=\"Female with brown curly hair smiling while holding IR Clinical\u2122 Hair Thinning Defense.\" src=\"https:\/\/monatglobal.com\/wp-content\/uploads\/2022\/08\/IRC-scalp-serum-desktop.jpg\" loading=\"lazy\">\n\t\t\n\t\t<!--==================================================== Benefits text ====================================================-->\n\t\t\t\t<h2>BENEFICIOS<\/h2>\n\t\t\t\t<h3>Este innovador s\u00e9rum para el cuero cabelludo reduce la ca\u00edda del cabello en un 92 %*  para conseguir un cabello con un aspecto m\u00e1s fuerte, radiante y con m\u00e1s volumen.**<\/h3>\n\t\t\t\t<br>  \n\t\t\t\t<p>Con cafe\u00edna para aportar energ\u00eda, melatonina para un cuero cabelludo sano y antioxidantes para proteger, este s\u00e9rum mejora la calidad del cuero cabelludo y del cabello con un uso repetido. <\/p>\n                    * Basado en un estudio de rotura del cabello tras el peinado y el cepillado.<br>\n                    ** Basado en una prueba instrumental que mide el di\u00e1metro de la fibra capilar despu\u00e9s de la aplicaci\u00f3n del S\u00e9rum para el cuero cabelludo Cuidado para cabellos debilitados IR Clinical\u2122.\n  \n\t\t\t\t<!--==================================================== features image  ====================================================-->\n\t\t\t\t<img decoding=\"async\" alt=\"Petri dishes with different ingredients sitting on a lavendar surface.\" src=\"https:\/\/monatglobal.com\/wp-content\/uploads\/2022\/08\/IR-Clinical-scalp-serum-ingredients-2-.jpg\" loading=\"lazy\">\n\t\t\t<!--==================================================== features text ====================================================-->\n\t\t\t\t\t<h3>Propiedades<\/h3> \n\t\t\t\t\t    <p>\/ Melatonina y cafe\u00edna, conocidos por reducir la dihidrotestosterona que provoca el adelgazamiento del cabello<\/p>\n\t\t\t\t\t\t<p>\/ CAPIXYL\u2122, ayuda a fortalecer, engrosar y aumentar la densidad<\/p>\n\t\t\t\t\t\t<p>\/ D-biotina, un bioactivo necesario para la salud capilar<\/p>\n\t\t\t\t\t\t<p>\/ Resveratrol, para ayudar a aportar beneficios calmantes al cuero cabelludo<\/p>\n\t\t\t\t\t\t<br>\n\t\t\t\t\t<p>Fragrancia \/ Sin Fragrancia <\/p>\n\t\t\t\t\t<p> Textura \/  S\u00e9rum ligero, no graso<\/p>\n\t\t<!--==================================================== composition image mobile ====================================================-->\n\t\t<img decoding=\"async\" alt=\"IR Clinical\u2122 Hair Thinning Defense sitting on a clear cylinder, next to different clear and white ceramic objects.\" src=\"https:\/\/monatglobal.com\/wp-content\/uploads\/2022\/08\/IR-Clinical-Composition-1-scalp-serum.jpg\" loading=\"lazy\">\n\t\t<!--==================================================== Why it works text ====================================================-->\n\t\t\t\n\t\t\t<h3>8 de cada 10 consumidores sintieron que el producto ayud\u00f3 a mejorar el crecimiento del&nbsp;cabello*\n         <\/h3>\n              <p>Este s\u00e9rum pendiente de patente contiene una poderosa mezcla de tecnolog\u00eda que penetra en el cuero cabelludo, nutriendo el cabello desde los cimientos.<\/p>\n\t\t\t<p>* El estudio estaba formado por 39 mujeres con edades entre los 18 y los 70 supervisadas y evaluadas por un&nbsp;dermat\u00f3logo.<\/p>\n\t<!--==================================================== Composition section ====================================================-->\n\t\t\t<img decoding=\"async\" alt=\"IR Clinical\u2122 Hair Thinning Defense sitting on a clear cylinder, next to different clear and white ceramic objects.\" src=\"https:\/\/monatglobal.com\/wp-content\/uploads\/2022\/08\/IR-Clinical-Composition-1-scalp-serum.jpg\" loading=\"lazy\">\n\t\t\t<img decoding=\"async\" alt=\"Brunette female smiling while applying IR Clinical\u2122 Hair Thinning Defense to her curly hair, overlaying a photo of bubbles on a purple surface.\" src=\"https:\/\/monatglobal.com\/wp-content\/uploads\/2022\/08\/IR-Clinical-scalp-serum-Composition-2-.jpg\" loading=\"lazy\">\n\t\t\t\t\t<!--==================================================== Directions text ====================================================--> \n\t\t\t\t\t\t<h3>Instrucciones de uso<\/h3>\n\t\t\t\t\t\t\t\/ Aplicar el s\u00e9rum con el cuentagotas directamente sobre el cuero cabelludo h\u00famedo y seco separando el cabello en secciones. Aplicar hasta 1 o 3 gotas para cubrir el cuero cabelludo&nbsp;entero.\n  \n\t\t\t\t\t\t\t<p>\/ Masajear con los dedos. No aclarar. Usar una vez al&nbsp;d\u00eda.<\/p>\n\t\t\t\t\t\t\t\t<p>\/ Para mejores resultados, usar el  <a href=\"https:\/\/monatglobal.com\/es\/irt-shampoo\/\" aria-label=\"Go to Champ\u00fa espesante IR Clinical\u2122 page\">Champ\u00fa espesante IR Clinical\u2122<\/a> y <a href=\"https:\/\/monatglobal.com\/es\/intense-repair-treatment-conditioner\/\" aria-label=\"Go to Acondicionador espesante IR Clinical\u2122 page\"> Acondicionador espesante IR Clinical\u2122<\/a>.  Para resultados \u00f3ptimos, el S\u00e9rum para el cuero cabelludo Cuidado para cabellos debilitados IR Clinical\u2122 deber\u00eda ser parte de tu rutina diaria del cuidado del&nbsp;cabello.<\/p>\n\t\t\t\t\t<!--==================================================== Directions video ====================================================-->\n\t\t\nS\u00e9rum para el cuero cabelludo<br>Cuidado para cabellos debilitados<br>IR Clinical\u2122\n<br>0:43\n      <a href=\"\" target=\"_blank\" role=\"button\" aria-label=\"\" rel=\"noopener\"><\/a>\n\t<!--==================================================== Ingredients section  ====================================================-->\n\t\t<h2>INGREDIENTES PRINCIPALES<\/h2>\n\t\t\t\t\t<img decoding=\"async\" src=\"https:\/\/monatglobal.com\/wp-content\/uploads\/2022\/11\/Caffeine.svg\" alt=\"Cafe\u00edna\">\n\t\t\t\t<p>Cafe\u00edna<\/p>\n\t\t<img decoding=\"async\" src=\"https:\/\/monatglobal.com\/wp-content\/uploads\/2022\/11\/Melatonin.svg\" alt=\"Melatonina\">\n\t\t\t<p>Melatonina<\/p>\n\t\t\t<img decoding=\"async\" src=\"https:\/\/monatglobal.com\/wp-content\/uploads\/2022\/11\/capixyl.svg\" alt=\"CAPIXYL\u2122\">\n\t\t<p>CAPIXYL\u2122 <\/p>\n\t<img decoding=\"async\" src=\"https:\/\/monatglobal.com\/wp-content\/uploads\/2022\/11\/Resveratrol.svg\" alt=\"Resveratrol\">\n\t<p>Resveratrol<\/p>\n<img decoding=\"async\" src=\"https:\/\/monatglobal.com\/wp-content\/uploads\/2022\/11\/Biotin.svg\" alt=\"D-Biotina\">\n\t<p>D-Biotina<\/p>\n\t<img decoding=\"async\" src=\"https:\/\/monatglobal.com\/wp-content\/uploads\/2022\/08\/bakuchiol.svg\" alt=\"Bakuchiol\">\n\t<p>Bakuchiol<\/p>\n\t<button id=\"myBtn\" type=\"button\">LISTA DE INGREDIENTES<\/button>\n\t<!--==================================================== Modal content  ====================================================-->\n\t\t\u00d7\n\t\tAqua\/Water\/Eau, Propanediol, Glycerin, Butylene Glycol, Acetyl Tetrapeptide-3, Bakuchiol, Trifolium Pratense (Clover) Flower Extract, Pisum Sativum (Pea) Extract, Picea Mariana Bark Extract, Sodium Hyaluronate, Biotin, Caffeine, Dextran, Melatonin, 1,2-Hexanediol, Hydroxyethyl Acrylate\/Sodium Acryloyldimethyl Taurate Copolymer, Polyglyceryl-4 Laurate\/Sebacate, Polyglyceryl-6 Caprylate\/Caprate, Xanthan Gum, Resveratrol, Sodium Ascorbyl Phosphate, Sodium Benzoate, Sodium Gluconate, Sodium Polyglutamate, Citric Acid, Sorbitan Isostearate, Tocopherol, Ethylhexylglycerin, Benzyl Alcohol.\n\n<!--==================================================== You might also like section ====================================================-->\n\t<h2>PUEDE QUE TAMBI\u00c9N TE GUSTE<\/h2>\n\t<!--==================================================== Slider YOU MIGHT ALSO LIKE ====================================================-->\n\t<!---->\n\t<!--\t-->\n\t\t\t<!--==================================================== Slides products ====================================================-->\n\t<!--\t\t-->\n\t<!--\t\t\t<a href=\"\/es\/irt-shampoo\/\" aria-label=\"Go to Champ\u00fa espesante IR Clinical\u2122 page\">-->\n\t<!--\t\t\t\t<img decoding=\"async\" src=\"https:\/\/monatglobal.com\/wp-content\/uploads\/2022\/12\/IR-CLINICAL-THICKENING-SHAMPOO_Ecomm-min-1.png\" alt=\"Champ\u00fa espesante IR Clinical\u2122\" loading=\"lazy\"\/>-->\n\t<!--\t\t\t\t<p>Champ\u00fa espesante <br \/>IR Clinical\u2122<\/p>-->\n\t<!--\t\t\t<\/a>-->\n\t<!--\t\t-->\n\t<!--\t\t-->\n\t<!--\t\t\t<a href=\"\/es\/intense-repair-treatment-conditioner\/\" aria-label=\"Go to Acondicionador espesante IR Clinical\u2122 page\">-->\n\t<!--\t\t\t\t<img decoding=\"async\" src=\"https:\/\/monatglobal.com\/wp-content\/uploads\/2022\/12\/IR-CLINICAL-THICKENING-CONDITIONER_E_comm-min.png\" alt=\"Acondicionador espesante IR Clinical\u2122\" loading=\"lazy\"\/>-->\n\t<!--\t\t\t\t<p>Acondicionador espesante<br \/>IR Clinical\u2122<\/p>-->\n\t<!--\t\t\t<\/a>-->\n\t<!--\t\t-->\n\t<!--\t\t-->\n\t<!--\t\t\t<a href=\"\/es\/volume-spray\/\" aria-label=\"Go to Spray eleva y voluminiza MONAT STUDIO ONE\u2122 page\">-->\n\t<!--\t\t\t\t<img decoding=\"async\" src=\"https:\/\/monatglobal.com\/wp-content\/uploads\/2022\/12\/STUDIO-ONE-VOLUME-LIFT-SPRAY_-ecomm-min.png\" alt=\"Spray eleva y voluminiza MONAT STUDIO ONE\u2122\" loading=\"lazy\"\/>-->\n\t<!--\t\t\t\t<p>Spray eleva y voluminiza <br \/> MONAT STUDIO ONE\u2122<\/p>-->\n\t<!--\t\t\t<\/a>-->\n\t<!--\t\t-->\n\t<!--\t-->\n\t\t<!--==================================================== If we need navigation buttons  ====================================================-->\n\t<!--\t-->\n\t<!--\t-->\n\t\t<!--==================================================== If we need paginations  ====================================================-->\n\t<!--\t-->\n\t<!---->\n         <!--==================================================== If we need navigation buttons  ====================================================-->\n         <!--==================================================== If we need paginations  ====================================================-->\n    <a href=\"\" aria-label=\"\"><\/a>\n<!--==================================================== this link has to go last for it to work   ====================================================-->\n","protected":false},"excerpt":{"rendered":"<p>M\u00c1S VENDIDOS NUEVO M\u00c1S VENDIDOS S\u00e9rum para el cuero cabelludo Cuidado para cabellos debilitados IR Clinical\u2122 Este ligero s\u00e9rum no graso reduce inmediatamente la rotura y la ca\u00edda del cabello en un 92 %* y ha demostrado resultados notables de un cabello m\u00e1s grueso y con volumen en 60&nbsp;d\u00edas**. * Basado en un estudio de&hellip;<\/p>\n","protected":false},"author":31,"featured_media":70358,"parent":0,"menu_order":0,"comment_status":"closed","ping_status":"closed","template":"","meta":{"inline_featured_image":false,"om_disable_all_campaigns":false,"_monsterinsights_skip_tracking":false,"_monsterinsights_sitenote_active":false,"_monsterinsights_sitenote_note":"","_monsterinsights_sitenote_category":0,"footnotes":""},"categories":[31],"tags":[],"class_list":["post-70300","page","type-page","status-publish","has-post-thumbnail","hentry","category-product-es"],"aioseo_notices":[],"aioseo_head":"\n\t\t<!-- All in One SEO Pro 4.9.6 - aioseo.com -->\n\t<meta name=\"description\" content=\"M\u00c1S VENDIDOS --&gt;\" \/>\n\t<meta name=\"robots\" content=\"max-image-preview:large\" \/>\n\t<link rel=\"canonical\" href=\"https:\/\/monatglobal.com\/es\/intense-repair-serum\/\" \/>\n\t<meta name=\"generator\" content=\"All in One SEO Pro (AIOSEO) 4.9.6\" \/>\n\t\t<meta property=\"og:locale\" content=\"en_US\" \/>\n\t\t<meta property=\"og:site_name\" content=\"MONAT Espa\u00f1a - We Are Modern Nature\u00ae\" \/>\n\t\t<meta property=\"og:type\" content=\"article\" \/>\n\t\t<meta property=\"og:title\" content=\"S\u00e9rum para el cuero cabelludo - MONAT Espa\u00f1a\" \/>\n\t\t<meta property=\"og:description\" content=\"M\u00c1S VENDIDOS --&gt;\" \/>\n\t\t<meta property=\"og:url\" content=\"https:\/\/monatglobal.com\/es\/intense-repair-serum\/\" \/>\n\t\t<meta property=\"article:published_time\" content=\"2022-09-07T15:35:05+00:00\" \/>\n\t\t<meta property=\"article:modified_time\" content=\"2026-02-23T20:53:41+00:00\" \/>\n\t\t<meta name=\"twitter:card\" content=\"summary_large_image\" \/>\n\t\t<meta name=\"twitter:title\" content=\"S\u00e9rum para el cuero cabelludo - MONAT Espa\u00f1a\" \/>\n\t\t<meta name=\"twitter:description\" content=\"M\u00c1S VENDIDOS --&gt;\" \/>\n\t\t<script type=\"application\/ld+json\" class=\"aioseo-schema\">\n\t\t\t{\"@context\":\"https:\\\/\\\/schema.org\",\"@graph\":[{\"@type\":\"BreadcrumbList\",\"@id\":\"https:\\\/\\\/monatglobal.com\\\/es\\\/intense-repair-serum\\\/#breadcrumblist\",\"itemListElement\":[{\"@type\":\"ListItem\",\"@id\":\"https:\\\/\\\/monatglobal.com\\\/es#listItem\",\"position\":1,\"name\":\"Home\",\"item\":\"https:\\\/\\\/monatglobal.com\\\/es\",\"nextItem\":{\"@type\":\"ListItem\",\"@id\":\"https:\\\/\\\/monatglobal.com\\\/es\\\/intense-repair-serum\\\/#listItem\",\"name\":\"S\\u00e9rum para el cuero cabelludo\"}},{\"@type\":\"ListItem\",\"@id\":\"https:\\\/\\\/monatglobal.com\\\/es\\\/intense-repair-serum\\\/#listItem\",\"position\":2,\"name\":\"S\\u00e9rum para el cuero cabelludo\",\"previousItem\":{\"@type\":\"ListItem\",\"@id\":\"https:\\\/\\\/monatglobal.com\\\/es#listItem\",\"name\":\"Home\"}}]},{\"@type\":\"Organization\",\"@id\":\"https:\\\/\\\/monatglobal.com\\\/es\\\/#organization\",\"name\":\"MONAT Espa\\u00f1a\",\"description\":\"We Are Modern Nature\\u00ae\",\"url\":\"https:\\\/\\\/monatglobal.com\\\/es\\\/\"},{\"@type\":\"WebPage\",\"@id\":\"https:\\\/\\\/monatglobal.com\\\/es\\\/intense-repair-serum\\\/#webpage\",\"url\":\"https:\\\/\\\/monatglobal.com\\\/es\\\/intense-repair-serum\\\/\",\"name\":\"S\\u00e9rum para el cuero cabelludo - MONAT Espa\\u00f1a\",\"description\":\"M\\u00c1S VENDIDOS -->\",\"inLanguage\":\"en-US\",\"isPartOf\":{\"@id\":\"https:\\\/\\\/monatglobal.com\\\/es\\\/#website\"},\"breadcrumb\":{\"@id\":\"https:\\\/\\\/monatglobal.com\\\/es\\\/intense-repair-serum\\\/#breadcrumblist\"},\"image\":{\"@type\":\"ImageObject\",\"url\":\"https:\\\/\\\/monatglobal.com\\\/es\\\/wp-content\\\/uploads\\\/sites\\\/10\\\/2022\\\/09\\\/IR-CLINICAL-HAIR-THINNING-DEFENSE-SERUM_ecomm-2022_webpage-1.png\",\"@id\":\"https:\\\/\\\/monatglobal.com\\\/es\\\/intense-repair-serum\\\/#mainImage\",\"width\":641,\"height\":800},\"primaryImageOfPage\":{\"@id\":\"https:\\\/\\\/monatglobal.com\\\/es\\\/intense-repair-serum\\\/#mainImage\"},\"datePublished\":\"2022-09-07T16:35:05+01:00\",\"dateModified\":\"2026-02-23T20:53:41+00:00\"},{\"@type\":\"WebSite\",\"@id\":\"https:\\\/\\\/monatglobal.com\\\/es\\\/#website\",\"url\":\"https:\\\/\\\/monatglobal.com\\\/es\\\/\",\"name\":\"MONAT Espa\\u00f1a\",\"description\":\"We Are Modern Nature\\u00ae\",\"inLanguage\":\"en-US\",\"publisher\":{\"@id\":\"https:\\\/\\\/monatglobal.com\\\/es\\\/#organization\"}}]}\n\t\t<\/script>\n\t\t<!-- All in One SEO Pro -->\r\n\t\t<title>S\u00e9rum para el cuero cabelludo - MONAT Espa\u00f1a<\/title>\n\n","aioseo_head_json":{"title":"S\u00e9rum para el cuero cabelludo - MONAT Espa\u00f1a","description":"M\u00c1S VENDIDOS -->","canonical_url":"https:\/\/monatglobal.com\/es\/intense-repair-serum\/","robots":"max-image-preview:large","keywords":"","webmasterTools":{"miscellaneous":""},"schema":{"@context":"https:\/\/schema.org","@graph":[{"@type":"BreadcrumbList","@id":"https:\/\/monatglobal.com\/es\/intense-repair-serum\/#breadcrumblist","itemListElement":[{"@type":"ListItem","@id":"https:\/\/monatglobal.com\/es#listItem","position":1,"name":"Home","item":"https:\/\/monatglobal.com\/es","nextItem":{"@type":"ListItem","@id":"https:\/\/monatglobal.com\/es\/intense-repair-serum\/#listItem","name":"S\u00e9rum para el cuero cabelludo"}},{"@type":"ListItem","@id":"https:\/\/monatglobal.com\/es\/intense-repair-serum\/#listItem","position":2,"name":"S\u00e9rum para el cuero cabelludo","previousItem":{"@type":"ListItem","@id":"https:\/\/monatglobal.com\/es#listItem","name":"Home"}}]},{"@type":"Organization","@id":"https:\/\/monatglobal.com\/es\/#organization","name":"MONAT Espa\u00f1a","description":"We Are Modern Nature\u00ae","url":"https:\/\/monatglobal.com\/es\/"},{"@type":"WebPage","@id":"https:\/\/monatglobal.com\/es\/intense-repair-serum\/#webpage","url":"https:\/\/monatglobal.com\/es\/intense-repair-serum\/","name":"S\u00e9rum para el cuero cabelludo - MONAT Espa\u00f1a","description":"M\u00c1S VENDIDOS -->","inLanguage":"en-US","isPartOf":{"@id":"https:\/\/monatglobal.com\/es\/#website"},"breadcrumb":{"@id":"https:\/\/monatglobal.com\/es\/intense-repair-serum\/#breadcrumblist"},"image":{"@type":"ImageObject","url":"https:\/\/monatglobal.com\/es\/wp-content\/uploads\/sites\/10\/2022\/09\/IR-CLINICAL-HAIR-THINNING-DEFENSE-SERUM_ecomm-2022_webpage-1.png","@id":"https:\/\/monatglobal.com\/es\/intense-repair-serum\/#mainImage","width":641,"height":800},"primaryImageOfPage":{"@id":"https:\/\/monatglobal.com\/es\/intense-repair-serum\/#mainImage"},"datePublished":"2022-09-07T16:35:05+01:00","dateModified":"2026-02-23T20:53:41+00:00"},{"@type":"WebSite","@id":"https:\/\/monatglobal.com\/es\/#website","url":"https:\/\/monatglobal.com\/es\/","name":"MONAT Espa\u00f1a","description":"We Are Modern Nature\u00ae","inLanguage":"en-US","publisher":{"@id":"https:\/\/monatglobal.com\/es\/#organization"}}]},"og:locale":"en_US","og:site_name":"MONAT Espa\u00f1a - We Are Modern Nature\u00ae","og:type":"article","og:title":"S\u00e9rum para el cuero cabelludo - MONAT Espa\u00f1a","og:description":"M\u00c1S VENDIDOS --&gt;","og:url":"https:\/\/monatglobal.com\/es\/intense-repair-serum\/","article:published_time":"2022-09-07T15:35:05+00:00","article:modified_time":"2026-02-23T20:53:41+00:00","twitter:card":"summary_large_image","twitter:title":"S\u00e9rum para el cuero cabelludo - MONAT Espa\u00f1a","twitter:description":"M\u00c1S VENDIDOS --&gt;"},"aioseo_meta_data":{"post_id":"70300","title":"S\u00e9rum para el cuero cabelludo - MONAT Espa\u00f1a","description":null,"keywords":null,"keyphrases":{"focus":{"keyphrase":"","score":0,"analysis":{"keyphraseInTitle":{"score":0,"maxScore":9,"error":1}}},"additional":[]},"primary_term":null,"canonical_url":null,"og_title":null,"og_description":null,"og_object_type":"default","og_image_type":"default","og_image_url":null,"og_image_width":null,"og_image_height":null,"og_image_custom_url":null,"og_image_custom_fields":null,"og_video":"","og_custom_url":null,"og_article_section":null,"og_article_tags":null,"twitter_use_og":false,"twitter_card":"default","twitter_image_type":"default","twitter_image_url":null,"twitter_image_custom_url":null,"twitter_image_custom_fields":null,"twitter_title":null,"twitter_description":null,"schema":{"blockGraphs":[],"customGraphs":[],"default":{"data":{"Article":[],"Course":[],"Dataset":[],"FAQPage":[],"Movie":[],"Person":[],"Product":[],"ProductReview":[],"Car":[],"Recipe":[],"Service":[],"SoftwareApplication":[],"WebPage":[]},"graphName":"WebPage","isEnabled":true},"graphs":[]},"schema_type":"default","schema_type_options":null,"pillar_content":false,"robots_default":true,"robots_noindex":false,"robots_noarchive":false,"robots_nosnippet":false,"robots_nofollow":false,"robots_noimageindex":false,"robots_noodp":false,"robots_notranslate":false,"robots_max_snippet":"-1","robots_max_videopreview":"-1","robots_max_imagepreview":"large","priority":null,"frequency":"default","local_seo":null,"seo_analyzer_scan_date":"2026-02-23 20:53:58","limit_modified_date":false,"reviewed_by":"0","open_ai":null,"ai":{"faqs":[],"keyPoints":[],"titles":[],"descriptions":[],"socialPosts":{"email":[],"linkedin":[],"twitter":[],"facebook":[],"instagram":[]}},"created":"2023-07-26 09:36:04","updated":"2026-02-23 21:07:50"},"aioseo_breadcrumb":"<div class=\"aioseo-breadcrumbs\"><span class=\"aioseo-breadcrumb\">\n\t<a href=\"https:\/\/monatglobal.com\/es\" title=\"Home\">Home<\/a>\n<\/span><span class=\"aioseo-breadcrumb-separator\">&raquo;<\/span><span class=\"aioseo-breadcrumb\">\n\tS\u00e9rum para el cuero cabelludo\n<\/span><\/div>","aioseo_breadcrumb_json":[{"label":"Home","link":"https:\/\/monatglobal.com\/es"},{"label":"S\u00e9rum para el cuero cabelludo","link":"https:\/\/monatglobal.com\/es\/intense-repair-serum\/"}],"_links":{"self":[{"href":"https:\/\/monatglobal.com\/es\/wp-json\/wp\/v2\/pages\/70300","targetHints":{"allow":["GET"]}}],"collection":[{"href":"https:\/\/monatglobal.com\/es\/wp-json\/wp\/v2\/pages"}],"about":[{"href":"https:\/\/monatglobal.com\/es\/wp-json\/wp\/v2\/types\/page"}],"author":[{"embeddable":true,"href":"https:\/\/monatglobal.com\/es\/wp-json\/wp\/v2\/users\/31"}],"replies":[{"embeddable":true,"href":"https:\/\/monatglobal.com\/es\/wp-json\/wp\/v2\/comments?post=70300"}],"version-history":[{"count":53,"href":"https:\/\/monatglobal.com\/es\/wp-json\/wp\/v2\/pages\/70300\/revisions"}],"predecessor-version":[{"id":109185,"href":"https:\/\/monatglobal.com\/es\/wp-json\/wp\/v2\/pages\/70300\/revisions\/109185"}],"wp:featuredmedia":[{"embeddable":true,"href":"https:\/\/monatglobal.com\/es\/wp-json\/wp\/v2\/media\/70358"}],"wp:attachment":[{"href":"https:\/\/monatglobal.com\/es\/wp-json\/wp\/v2\/media?parent=70300"}],"wp:term":[{"taxonomy":"category","embeddable":true,"href":"https:\/\/monatglobal.com\/es\/wp-json\/wp\/v2\/categories?post=70300"},{"taxonomy":"post_tag","embeddable":true,"href":"https:\/\/monatglobal.com\/es\/wp-json\/wp\/v2\/tags?post=70300"}],"curies":[{"name":"wp","href":"https:\/\/api.w.org\/{rel}","templated":true}]}}