{"id":70127,"date":"2022-08-09T20:43:12","date_gmt":"2022-08-09T19:43:12","guid":{"rendered":"https:\/\/monatglobal.com\/es\/?page_id=70127"},"modified":"2022-12-14T20:12:31","modified_gmt":"2022-12-14T20:12:31","slug":"reunion","status":"publish","type":"page","link":"https:\/\/monatglobal.com\/es\/reunion\/","title":{"rendered":"Reunion 2023"},"content":{"rendered":"\n\n\t<link rel='stylesheet' href='https:\/\/unpkg.com\/swiper\/swiper-bundle.min.css'\/>\n        <h1>\n            Malta,<br \/>\n            la joya desconocida<br \/>\n            del Mediterr\u00e1neo\n        <\/h1>\n        <p>Calificaci\u00f3n: <br \/>1 de agosto de 2022 &#8211; 31 de enero de 2023<\/p>\n                <h3>\u00a1Ven con nosotros a Malta!: un&nbsp;oasis mediterr\u00e1neo de lujo y&nbsp;tranquilidad.<\/h3> \n                    <p>Cualquiera que haya estado con nosotros en una Reuni\u00f3n sabe que esto es mucho m\u00e1s que un simple viaje: \u00a1es algo que nunca olvidar\u00e1s! Har\u00e1s amigos para toda la vida, te reencontrar\u00e1s con los antiguos y vivir\u00e1s una de las mejores experiencias que el dinero no puede&nbsp;comprar.<\/p>\n                    Tendr\u00e1s la oportunidad de acompa\u00f1arnos en una experiencia MONAT Europe y en un crucero al atardecer. Bailaremos toda la noche en nuestra cena de gala y te invitaremos a una estancia en un EXCLUSIVO hotel de 5 estrellas situado en su PROPIA pen\u00ednsula bordeada por el&nbsp;mar.\n\n                Malta es din\u00e1mica, acogedora, hist\u00f3rica&#8230; \u00a1y te espera en mayo de 2023! \u00bfTe veremos por&nbsp;all\u00ed?\n \n                <img decoding=\"async\" src=\"https:\/\/monatglobal.com\/wp-content\/uploads\/2022\/08\/comp_1_ue.png\"\/>\n            <img decoding=\"async\" src=\"https:\/\/monatglobal.com\/wp-content\/uploads\/2022\/08\/banner_automatic_ue_23.jpg\"\/>\n                    <p>AGOSTO ES<br \/> AUTOM\u00c1TICO<\/p>\n                    <p>\u00a1Empieza tu calificaci\u00f3n ya en&nbsp;agosto!<\/p> \n                    <p>\u00a1DUPLICA tu primer mes <br \/>con 1.500 VP!<\/p>\n                    <p>Nuevos Market Partners en agosto: \u00a1Certif\u00edcate autom\u00e1ticamente en tu primer&nbsp;mes!<\/p>\n                    <p><a href=\"#powerup\">\u00a1Consulta informaci\u00f3n abajo!<\/a><\/p> \n            <h2>AGENDA<\/h2>\n            <p>Agenda is subject to change<\/p>\n                <p>Day 01<\/p>\n                    <p>Monday, April 3<\/p>\n                    <p>Arrivals and hotel check-in <\/p>\n                <p>Day 02<\/p>\n                    <p>Tuesday, April 4<\/p>\n                    General Session 9:30 a.m-4:00 p.m<br \/>\n                    Evening Reception 7:00-8:30 p.m\n                <p>Day 03<\/p>\n                    <p>Wednesday, April 5<\/p>\n                    <p>Full day of leisure<\/p>\n                <p>Day 04<\/p>\n                    <p>Thursday, April 6<\/p>\n                    <p>Hotel checkout and departures<\/p>\n            <img decoding=\"async\" alt=\"\" src=\"https:\/\/monatglobal.com\/wp-content\/uploads\/2022\/08\/reunion_22_1.jpg\" \/>\n            <img decoding=\"async\" alt=\"\" src=\"https:\/\/monatglobal.com\/wp-content\/uploads\/2022\/08\/reunion_22_2.jpg\" \/>\n            <img decoding=\"async\" alt=\"\" src=\"https:\/\/monatglobal.com\/wp-content\/uploads\/2022\/08\/reunion_22_3.jpg\"\/>\n            <img decoding=\"async\" alt=\"\" src=\"https:\/\/monatglobal.com\/wp-content\/uploads\/2022\/08\/reunion_22_4.jpg\"\/>\n            <img decoding=\"async\" alt=\"\" src=\"https:\/\/monatglobal.com\/wp-content\/uploads\/2022\/08\/reunion_22_5.jpg\" \/>\n            <img decoding=\"async\" alt=\"\" src=\"https:\/\/monatglobal.com\/wp-content\/uploads\/2022\/08\/EJR08712-scaled.jpg\"\/>\n            <img decoding=\"async\" alt=\"\" src=\"https:\/\/monatglobal.com\/wp-content\/uploads\/2022\/08\/reunion_22_6.jpg\"\/>\n            <img decoding=\"async\" alt=\"\" src=\"https:\/\/monatglobal.com\/wp-content\/uploads\/2022\/08\/reunion_22_7.jpg\" \/>\n    <!---->\n        <h3>Criterios de calificaci\u00f3n<\/h3> \n        <p>Tienes que inscribir a 5 nuevos Clientes VIP con un pedido m\u00ednimo de 100 VP dentro del per\u00edodo de calificaci\u00f3n Y cumplir el requisito de VP que se indica a&nbsp;continuaci\u00f3n.<\/p>\n               <p>Requisito de VP: <br \/>Se debe cumplir al menos 5 meses de los 6 meses del periodo de calificaci\u00f3n<\/p>\n               <p>Rango de carrera: <br \/> MP, MMP, AMB y MB a partir del 1 de agosto de 2022<\/p>\n               <p>Rango de carrera: <br \/> MMB y superior a partir del 1 de agosto de 2022<\/p>\n               <p>Nivel 1<\/p>\n               <p>Premio<\/p>\n               <p>1.500 VP*<\/p>\n               <p>2.000 VP**<\/p>\n               <p>Viaje + habitaci\u00f3n compartida<\/p>\n               <p>Nivel 2<\/p>\n               <p>Premio<\/p>\n               <p>3.000 VP*<\/p>\n               <p>3.500 VP**<\/p>\n               <p>Viaje + habitaci\u00f3n individual + 250 \u00a3<\/p>\n               <p>Nivel 3<\/p>\n               <p>Premio<\/p>\n               <p>4.000 VP*<\/p> \n               <p>5.000 VP**<\/p>\n               <p>Viaje para 2 (el viaje de ida y vuelta para el c\u00f3nyuge\/adulto acompa\u00f1ante que no es MP debe seguir el mismo itinerario) + habitaci\u00f3n compartida + 250&nbsp;\u00a3<\/p>\n                    <p>Requisito de inscripci\u00f3n VIP (todos los niveles y rangos)<\/p>\n                    <p>Inscribir a 5 o m\u00e1s nuevos clientes VIP (con pedidos de m\u00e1s de 100 VP en total) durante el per\u00edodo de calificaci\u00f3n de 6 meses.<\/p>\n                    <p>*M\u00ednimo 1.000 VP debe proceder de las compras de clientes de cada mes (Cliente VIP o Cliente).<br \/>**M\u00ednimo 1.500&nbsp;VP debe proceder de las compras de clientes de cada mes (Cliente VIP o&nbsp;Cliente).<\/p>\n               <p>El viaje incluye el trayecto de ida y vuelta, 3 noches de alojamiento con desayuno incluido, una cena de gala, una experiencia MONAT y \u00a1muchos momentos especiales y sorpresas de MONAT&nbsp;Europe!<\/p>\n        <p>TODOS LOS MARKET PARTNERS DEBEN SER PAGADOS COMO MMP O SUPERIOR EN ENERO DE 2023 PARA CALIFICARSE.<\/p>\n        <h2>AGOSTO ES<br \/> AUTOM\u00c1TICO<\/h2>\n        <p>\u00a1Aprovecha este impulso para calificarte!<\/p>  \n        1 al 31 de agosto \n                        <p>DUPLICA tu<br \/>primer mes<\/p>\n                        <p>Los Market Partners que consigan un Volumen personal (VP) de 1.500 o m\u00e1s en agosto recibir\u00e1n AUTOM\u00c1TICAMENTE un segundo mes que contar\u00e1 para su calificaci\u00f3n para el Nivel&nbsp;1.<\/p>\n                        <p>Nuevos<br \/>Market Partners<\/p>\n                        <p>Los nuevos Market Partner que se inscriban con cualquier pack de productos en agosto conseguir\u00e1n AUTOM\u00c1TICAMENTE su primer mes de la calificaci\u00f3n para el Nivel 1, con un valor de 1.500 VP. \u00a1Adem\u00e1s, le regalaremos un segundo mes a aquellos que consigan m\u00e1s de 1.500 VP durante su primer&nbsp;mes!<\/p>\n                <img decoding=\"async\" src=\"https:\/\/monatglobal.com\/wp-content\/uploads\/2022\/08\/participate_ue_ph.png\"\/>\n                <h2>\u00bfQui\u00e9n puede participar?<\/h2>\n                <p>Todos los Market Partners en Reino Unido, Irlanda, Polonia,<br \/>Espa\u00f1a y Lituania <\/p>\n       <h2>\u00bfQu\u00e9 incluye el viaje?<\/h2>  \n               <p>Viaje de ida y vuelta desde los principales aeropuertos de Reino Unido, Irlanda, Polonia, Espa\u00f1a y Lituania*<\/p> \n               <p>3 noches de alojamiento con desayuno&nbsp;incluido<\/p>\n               <p>Cena de gala<\/p>\n               <p>Experiencia especial de MONAT<\/p> \n               <p>\u00a1Muchos momentos especiales y sorpresas de MONAT&nbsp;Europe!<\/p>\n               <p>\u00a1Un vale de 250 \u00a3 para que lo utilices como quieras! (Solo para los niveles 2 y&nbsp;3)<\/p>\n         <a href=\"https:\/\/monatglobal.com\/es\/wp-content\/uploads\/sites\/10\/2022\/08\/SP_Reunion-2023-FAQs_080122_v2.pdf\" target=\"_blank\" aria-label=\"go to FAQ\" rel=\"noopener\">FAQ<\/a>\n       <p>*Consulta los <a id=\"tandc_txt\" href=\"https:\/\/monatglobal.com\/es\/wp-content\/uploads\/sites\/10\/2022\/08\/SP_Reunion-2023_Terms-and-Conditions_072822_v2.pdf\" target=\"_blank\" aria-label=\"Go to Terms and Conditions\" rel=\"noopener\">T\u00e9rminos y condiciones<\/a> sobre la aceptaci\u00f3n de la tarifa a\u00e9rea pagada por MONAT Global.<\/p> \n\n","protected":false},"excerpt":{"rendered":"<p>Malta, la joya desconocida del Mediterr\u00e1neo Calificaci\u00f3n: 1 de agosto de 2022 &#8211; 31 de enero de 2023 \u00a1Ven con nosotros a Malta!: un&nbsp;oasis mediterr\u00e1neo de lujo y&nbsp;tranquilidad. Cualquiera que haya estado con nosotros en una Reuni\u00f3n sabe que esto es mucho m\u00e1s que un simple viaje: \u00a1es algo que nunca olvidar\u00e1s! Har\u00e1s amigos para&hellip;<\/p>\n","protected":false},"author":33,"featured_media":70135,"parent":0,"menu_order":0,"comment_status":"closed","ping_status":"closed","template":"","meta":{"inline_featured_image":false,"om_disable_all_campaigns":false,"_monsterinsights_skip_tracking":false,"_monsterinsights_sitenote_active":false,"_monsterinsights_sitenote_note":"","_monsterinsights_sitenote_category":0,"footnotes":""},"categories":[],"tags":[],"class_list":["post-70127","page","type-page","status-publish","has-post-thumbnail","hentry"],"aioseo_notices":[],"aioseo_head":"\n\t\t<!-- All in One SEO Pro 4.9.5.2 - aioseo.com -->\n\t<meta name=\"description\" content=\"Malta, la joya desconocida del Mediterr\u00e1neo Calificaci\u00f3n: 1 de agosto de 2022 - 31 de enero de 2023 \u00a1Ven con nosotros a Malta!: un oasis mediterr\u00e1neo de lujo y tranquilidad. Cualquiera que haya estado con nosotros en una Reuni\u00f3n sabe que esto es mucho m\u00e1s que un simple viaje: \u00a1es algo que nunca olvidar\u00e1s! Har\u00e1s amigos para\" \/>\n\t<meta name=\"robots\" content=\"max-image-preview:large\" \/>\n\t<link rel=\"canonical\" href=\"https:\/\/monatglobal.com\/es\/reunion\/\" \/>\n\t<meta name=\"generator\" content=\"All in One SEO Pro (AIOSEO) 4.9.5.2\" \/>\n\t\t<meta property=\"og:locale\" content=\"en_US\" \/>\n\t\t<meta property=\"og:site_name\" content=\"MONAT Espa\u00f1a - We Are Modern Nature\u00ae\" \/>\n\t\t<meta property=\"og:type\" content=\"article\" \/>\n\t\t<meta property=\"og:title\" content=\"Reunion 2023 - MONAT Espa\u00f1a\" \/>\n\t\t<meta property=\"og:description\" content=\"Malta, la joya desconocida del Mediterr\u00e1neo Calificaci\u00f3n: 1 de agosto de 2022 - 31 de enero de 2023 \u00a1Ven con nosotros a Malta!: un oasis mediterr\u00e1neo de lujo y tranquilidad. Cualquiera que haya estado con nosotros en una Reuni\u00f3n sabe que esto es mucho m\u00e1s que un simple viaje: \u00a1es algo que nunca olvidar\u00e1s! Har\u00e1s amigos para\" \/>\n\t\t<meta property=\"og:url\" content=\"https:\/\/monatglobal.com\/es\/reunion\/\" \/>\n\t\t<meta property=\"article:published_time\" content=\"2022-08-09T19:43:12+00:00\" \/>\n\t\t<meta property=\"article:modified_time\" content=\"2022-12-14T20:12:31+00:00\" \/>\n\t\t<meta name=\"twitter:card\" content=\"summary_large_image\" \/>\n\t\t<meta name=\"twitter:title\" content=\"Reunion 2023 - MONAT Espa\u00f1a\" \/>\n\t\t<meta name=\"twitter:description\" content=\"Malta, la joya desconocida del Mediterr\u00e1neo Calificaci\u00f3n: 1 de agosto de 2022 - 31 de enero de 2023 \u00a1Ven con nosotros a Malta!: un oasis mediterr\u00e1neo de lujo y tranquilidad. Cualquiera que haya estado con nosotros en una Reuni\u00f3n sabe que esto es mucho m\u00e1s que un simple viaje: \u00a1es algo que nunca olvidar\u00e1s! Har\u00e1s amigos para\" \/>\n\t\t<script type=\"application\/ld+json\" class=\"aioseo-schema\">\n\t\t\t{\"@context\":\"https:\\\/\\\/schema.org\",\"@graph\":[{\"@type\":\"BreadcrumbList\",\"@id\":\"https:\\\/\\\/monatglobal.com\\\/es\\\/reunion\\\/#breadcrumblist\",\"itemListElement\":[{\"@type\":\"ListItem\",\"@id\":\"https:\\\/\\\/monatglobal.com\\\/es#listItem\",\"position\":1,\"name\":\"Home\",\"item\":\"https:\\\/\\\/monatglobal.com\\\/es\",\"nextItem\":{\"@type\":\"ListItem\",\"@id\":\"https:\\\/\\\/monatglobal.com\\\/es\\\/reunion\\\/#listItem\",\"name\":\"Reunion 2023\"}},{\"@type\":\"ListItem\",\"@id\":\"https:\\\/\\\/monatglobal.com\\\/es\\\/reunion\\\/#listItem\",\"position\":2,\"name\":\"Reunion 2023\",\"previousItem\":{\"@type\":\"ListItem\",\"@id\":\"https:\\\/\\\/monatglobal.com\\\/es#listItem\",\"name\":\"Home\"}}]},{\"@type\":\"Organization\",\"@id\":\"https:\\\/\\\/monatglobal.com\\\/es\\\/#organization\",\"name\":\"MONAT Espa\\u00f1a\",\"description\":\"We Are Modern Nature\\u00ae\",\"url\":\"https:\\\/\\\/monatglobal.com\\\/es\\\/\"},{\"@type\":\"WebPage\",\"@id\":\"https:\\\/\\\/monatglobal.com\\\/es\\\/reunion\\\/#webpage\",\"url\":\"https:\\\/\\\/monatglobal.com\\\/es\\\/reunion\\\/\",\"name\":\"Reunion 2023 - MONAT Espa\\u00f1a\",\"description\":\"Malta, la joya desconocida del Mediterr\\u00e1neo Calificaci\\u00f3n: 1 de agosto de 2022 - 31 de enero de 2023 \\u00a1Ven con nosotros a Malta!: un oasis mediterr\\u00e1neo de lujo y tranquilidad. Cualquiera que haya estado con nosotros en una Reuni\\u00f3n sabe que esto es mucho m\\u00e1s que un simple viaje: \\u00a1es algo que nunca olvidar\\u00e1s! Har\\u00e1s amigos para\",\"inLanguage\":\"en-US\",\"isPartOf\":{\"@id\":\"https:\\\/\\\/monatglobal.com\\\/es\\\/#website\"},\"breadcrumb\":{\"@id\":\"https:\\\/\\\/monatglobal.com\\\/es\\\/reunion\\\/#breadcrumblist\"},\"image\":{\"@type\":\"ImageObject\",\"url\":\"https:\\\/\\\/monatglobal.com\\\/es\\\/wp-content\\\/uploads\\\/sites\\\/10\\\/2022\\\/08\\\/reunion_23_ue_thumb.jpg\",\"@id\":\"https:\\\/\\\/monatglobal.com\\\/es\\\/reunion\\\/#mainImage\",\"width\":450,\"height\":350},\"primaryImageOfPage\":{\"@id\":\"https:\\\/\\\/monatglobal.com\\\/es\\\/reunion\\\/#mainImage\"},\"datePublished\":\"2022-08-09T20:43:12+01:00\",\"dateModified\":\"2022-12-14T20:12:31+00:00\"},{\"@type\":\"WebSite\",\"@id\":\"https:\\\/\\\/monatglobal.com\\\/es\\\/#website\",\"url\":\"https:\\\/\\\/monatglobal.com\\\/es\\\/\",\"name\":\"MONAT Espa\\u00f1a\",\"description\":\"We Are Modern Nature\\u00ae\",\"inLanguage\":\"en-US\",\"publisher\":{\"@id\":\"https:\\\/\\\/monatglobal.com\\\/es\\\/#organization\"}}]}\n\t\t<\/script>\n\t\t<!-- All in One SEO Pro -->\r\n\t\t<title>Reunion 2023 - MONAT Espa\u00f1a<\/title>\n\n","aioseo_head_json":{"title":"Reunion 2023 - MONAT Espa\u00f1a","description":"Malta, la joya desconocida del Mediterr\u00e1neo Calificaci\u00f3n: 1 de agosto de 2022 - 31 de enero de 2023 \u00a1Ven con nosotros a Malta!: un oasis mediterr\u00e1neo de lujo y tranquilidad. Cualquiera que haya estado con nosotros en una Reuni\u00f3n sabe que esto es mucho m\u00e1s que un simple viaje: \u00a1es algo que nunca olvidar\u00e1s! Har\u00e1s amigos para","canonical_url":"https:\/\/monatglobal.com\/es\/reunion\/","robots":"max-image-preview:large","keywords":"","webmasterTools":{"miscellaneous":""},"schema":{"@context":"https:\/\/schema.org","@graph":[{"@type":"BreadcrumbList","@id":"https:\/\/monatglobal.com\/es\/reunion\/#breadcrumblist","itemListElement":[{"@type":"ListItem","@id":"https:\/\/monatglobal.com\/es#listItem","position":1,"name":"Home","item":"https:\/\/monatglobal.com\/es","nextItem":{"@type":"ListItem","@id":"https:\/\/monatglobal.com\/es\/reunion\/#listItem","name":"Reunion 2023"}},{"@type":"ListItem","@id":"https:\/\/monatglobal.com\/es\/reunion\/#listItem","position":2,"name":"Reunion 2023","previousItem":{"@type":"ListItem","@id":"https:\/\/monatglobal.com\/es#listItem","name":"Home"}}]},{"@type":"Organization","@id":"https:\/\/monatglobal.com\/es\/#organization","name":"MONAT Espa\u00f1a","description":"We Are Modern Nature\u00ae","url":"https:\/\/monatglobal.com\/es\/"},{"@type":"WebPage","@id":"https:\/\/monatglobal.com\/es\/reunion\/#webpage","url":"https:\/\/monatglobal.com\/es\/reunion\/","name":"Reunion 2023 - MONAT Espa\u00f1a","description":"Malta, la joya desconocida del Mediterr\u00e1neo Calificaci\u00f3n: 1 de agosto de 2022 - 31 de enero de 2023 \u00a1Ven con nosotros a Malta!: un oasis mediterr\u00e1neo de lujo y tranquilidad. Cualquiera que haya estado con nosotros en una Reuni\u00f3n sabe que esto es mucho m\u00e1s que un simple viaje: \u00a1es algo que nunca olvidar\u00e1s! Har\u00e1s amigos para","inLanguage":"en-US","isPartOf":{"@id":"https:\/\/monatglobal.com\/es\/#website"},"breadcrumb":{"@id":"https:\/\/monatglobal.com\/es\/reunion\/#breadcrumblist"},"image":{"@type":"ImageObject","url":"https:\/\/monatglobal.com\/es\/wp-content\/uploads\/sites\/10\/2022\/08\/reunion_23_ue_thumb.jpg","@id":"https:\/\/monatglobal.com\/es\/reunion\/#mainImage","width":450,"height":350},"primaryImageOfPage":{"@id":"https:\/\/monatglobal.com\/es\/reunion\/#mainImage"},"datePublished":"2022-08-09T20:43:12+01:00","dateModified":"2022-12-14T20:12:31+00:00"},{"@type":"WebSite","@id":"https:\/\/monatglobal.com\/es\/#website","url":"https:\/\/monatglobal.com\/es\/","name":"MONAT Espa\u00f1a","description":"We Are Modern Nature\u00ae","inLanguage":"en-US","publisher":{"@id":"https:\/\/monatglobal.com\/es\/#organization"}}]},"og:locale":"en_US","og:site_name":"MONAT Espa\u00f1a - We Are Modern Nature\u00ae","og:type":"article","og:title":"Reunion 2023 - MONAT Espa\u00f1a","og:description":"Malta, la joya desconocida del Mediterr\u00e1neo Calificaci\u00f3n: 1 de agosto de 2022 - 31 de enero de 2023 \u00a1Ven con nosotros a Malta!: un oasis mediterr\u00e1neo de lujo y tranquilidad. Cualquiera que haya estado con nosotros en una Reuni\u00f3n sabe que esto es mucho m\u00e1s que un simple viaje: \u00a1es algo que nunca olvidar\u00e1s! Har\u00e1s amigos para","og:url":"https:\/\/monatglobal.com\/es\/reunion\/","article:published_time":"2022-08-09T19:43:12+00:00","article:modified_time":"2022-12-14T20:12:31+00:00","twitter:card":"summary_large_image","twitter:title":"Reunion 2023 - MONAT Espa\u00f1a","twitter:description":"Malta, la joya desconocida del Mediterr\u00e1neo Calificaci\u00f3n: 1 de agosto de 2022 - 31 de enero de 2023 \u00a1Ven con nosotros a Malta!: un oasis mediterr\u00e1neo de lujo y tranquilidad. Cualquiera que haya estado con nosotros en una Reuni\u00f3n sabe que esto es mucho m\u00e1s que un simple viaje: \u00a1es algo que nunca olvidar\u00e1s! Har\u00e1s amigos para"},"aioseo_meta_data":{"post_id":"70127","title":null,"description":null,"keywords":null,"keyphrases":null,"primary_term":null,"canonical_url":null,"og_title":null,"og_description":null,"og_object_type":"default","og_image_type":"default","og_image_url":null,"og_image_width":null,"og_image_height":null,"og_image_custom_url":null,"og_image_custom_fields":null,"og_video":null,"og_custom_url":null,"og_article_section":null,"og_article_tags":null,"twitter_use_og":false,"twitter_card":"default","twitter_image_type":"default","twitter_image_url":null,"twitter_image_custom_url":null,"twitter_image_custom_fields":null,"twitter_title":null,"twitter_description":null,"schema":{"blockGraphs":[],"customGraphs":[],"default":{"data":{"Article":[],"Course":[],"Dataset":[],"FAQPage":[],"Movie":[],"Person":[],"Product":[],"ProductReview":[],"Car":[],"Recipe":[],"Service":[],"SoftwareApplication":[],"WebPage":[]},"graphName":"","isEnabled":true},"graphs":[]},"schema_type":"default","schema_type_options":null,"pillar_content":false,"robots_default":true,"robots_noindex":false,"robots_noarchive":false,"robots_nosnippet":false,"robots_nofollow":false,"robots_noimageindex":false,"robots_noodp":false,"robots_notranslate":false,"robots_max_snippet":null,"robots_max_videopreview":null,"robots_max_imagepreview":"large","priority":null,"frequency":null,"local_seo":null,"seo_analyzer_scan_date":"2025-08-14 18:12:01","limit_modified_date":false,"reviewed_by":null,"open_ai":null,"ai":null,"created":"2023-07-26 09:36:04","updated":"2025-08-14 18:12:01"},"aioseo_breadcrumb":"<div class=\"aioseo-breadcrumbs\"><span class=\"aioseo-breadcrumb\">\n\t<a href=\"https:\/\/monatglobal.com\/es\" title=\"Home\">Home<\/a>\n<\/span><span class=\"aioseo-breadcrumb-separator\">&raquo;<\/span><span class=\"aioseo-breadcrumb\">\n\tReunion 2023\n<\/span><\/div>","aioseo_breadcrumb_json":[{"label":"Home","link":"https:\/\/monatglobal.com\/es"},{"label":"Reunion 2023","link":"https:\/\/monatglobal.com\/es\/reunion\/"}],"_links":{"self":[{"href":"https:\/\/monatglobal.com\/es\/wp-json\/wp\/v2\/pages\/70127","targetHints":{"allow":["GET"]}}],"collection":[{"href":"https:\/\/monatglobal.com\/es\/wp-json\/wp\/v2\/pages"}],"about":[{"href":"https:\/\/monatglobal.com\/es\/wp-json\/wp\/v2\/types\/page"}],"author":[{"embeddable":true,"href":"https:\/\/monatglobal.com\/es\/wp-json\/wp\/v2\/users\/33"}],"replies":[{"embeddable":true,"href":"https:\/\/monatglobal.com\/es\/wp-json\/wp\/v2\/comments?post=70127"}],"version-history":[{"count":9,"href":"https:\/\/monatglobal.com\/es\/wp-json\/wp\/v2\/pages\/70127\/revisions"}],"predecessor-version":[{"id":70984,"href":"https:\/\/monatglobal.com\/es\/wp-json\/wp\/v2\/pages\/70127\/revisions\/70984"}],"wp:featuredmedia":[{"embeddable":true,"href":"https:\/\/monatglobal.com\/es\/wp-json\/wp\/v2\/media\/70135"}],"wp:attachment":[{"href":"https:\/\/monatglobal.com\/es\/wp-json\/wp\/v2\/media?parent=70127"}],"wp:term":[{"taxonomy":"category","embeddable":true,"href":"https:\/\/monatglobal.com\/es\/wp-json\/wp\/v2\/categories?post=70127"},{"taxonomy":"post_tag","embeddable":true,"href":"https:\/\/monatglobal.com\/es\/wp-json\/wp\/v2\/tags?post=70127"}],"curies":[{"name":"wp","href":"https:\/\/api.w.org\/{rel}","templated":true}]}}