{"id":69577,"date":"2022-05-20T05:21:51","date_gmt":"2022-05-20T04:21:51","guid":{"rendered":"https:\/\/monatglobal.com\/es\/?page_id=68946"},"modified":"2025-02-27T18:03:59","modified_gmt":"2025-02-27T18:03:59","slug":"contact","status":"publish","type":"page","link":"https:\/\/monatglobal.com\/es\/contact\/","title":{"rendered":"Contact"},"content":{"rendered":"\n<p>INFORMACI\u00d3N IMPORTANTE: Para tu protecci\u00f3n, nunca env\u00edes los datos de tu tarjeta de cr\u00e9dito o informaci\u00f3n sensible por correo electr\u00f3nico o chat.<\/p>\n    <h1>Ponte en contacto con nosotros<\/h1>\n    <h2>Por correo electr\u00f3nico<\/h2>\n            <a href=\"mailto:productquestions@monatglobal.com \">productquestions@monatglobal.com \u2197<\/a>\n            <p>For questions regarding product ingredients and usage<\/p>\n            <a href=\"mailto:ESMONATSoporte@monatglobal.com\">ESMONATSoporte@monatglobal.com \u2197<\/a>\n            <p>Market Partner de Espa\u00f1a<\/p>\n            <a href=\"mailto:MPCareUSA_ESP@monatglobal.com\">MPCareUSA_ESP@monatglobal.com \u2197<\/a>\n            <p>Market Partner Spanish<\/p>\n            <a href=\"mailto:CustomerCareUSA@monatglobal.com\">CustomerCareUSA@monatglobal.com \u2197<\/a>\n            <p>VIP &amp; Retail Customer<\/p>\n            <a href=\"mailto:CustomerCareUSA_ESP@monatglobal.com\">CustomerCareUSA_ESP@monatglobal.com \u2197<\/a>\n            <p>VIP &amp; Retail Customer Spanish<\/p>\n            <a href=\"mailto:media@monatglobal.com\">media@monatglobal.com \u2197<\/a>\n            <p>Media inquiries<\/p>\n            <a href=\"mailto:gratitude@monatglobal.com\">gratitude@monatglobal.com \u2197 <\/a>\n            <p>Gratitude ideas<\/p>\n            <a href=\"mailto:recognition@monatglobal.com\">recognition@monatglobal.com \u2197<\/a>\n            <p>Recognition inquiries<\/p>\n            <a href=\"mailto:brandguidelines@monatglobal.com\">brandguidelines@monatglobal.com \u2197<\/a>\n            <p>Use of MONAT logo, participation in trade shows<\/p>\n            <a href=\"mailto:toursusa@monatglobal.com\">toursusa@monatglobal.com \u2197<\/a>\n            <p>Home Office visits or tours<\/p>\n    <h2>Por tel\u00e9fono<\/h2>\n                <p>900 963 262<\/p>\n                <p>Atenci\u00f3n al Cliente VIP y Market Partner (Espa\u00f1a)<\/p>\n                <p>(855) 450-0055<\/p>\n                <p>Retail, VIP Customer &amp; Market Partner Care (Puerto Rico)<\/p>\n                <p>Horario Atenci\u00f3n al Cliente<\/p>\n                <p>Lunes a viernes &#8211; 10:00 a.m. &#8211; 18:30 p.m. CET<\/p>\n                <p>S\u00e1bados, domingos y festivos: Cerrado<\/p>\n    <h2>By Mail<\/h2>\n    <p>3450 NW 115th Ave.<\/p>\n    Doral, FL 33178\n","protected":false},"excerpt":{"rendered":"<p>INFORMACI\u00d3N IMPORTANTE: Para tu protecci\u00f3n, nunca env\u00edes los datos de tu tarjeta de cr\u00e9dito o informaci\u00f3n sensible por correo electr\u00f3nico o chat. Ponte en contacto con nosotros Por correo electr\u00f3nico productquestions@monatglobal.com \u2197 For questions regarding product ingredients and usage ESMONATSoporte@monatglobal.com \u2197 Market Partner de Espa\u00f1a MPCareUSA_ESP@monatglobal.com \u2197 Market Partner Spanish CustomerCareUSA@monatglobal.com \u2197 VIP &amp; Retail&hellip;<\/p>\n","protected":false},"author":31,"featured_media":0,"parent":0,"menu_order":0,"comment_status":"closed","ping_status":"closed","template":"","meta":{"inline_featured_image":false,"om_disable_all_campaigns":false,"_monsterinsights_skip_tracking":false,"_monsterinsights_sitenote_active":false,"_monsterinsights_sitenote_note":"","_monsterinsights_sitenote_category":0,"footnotes":""},"categories":[],"tags":[],"class_list":["post-69577","page","type-page","status-publish","hentry"],"aioseo_notices":[],"aioseo_head":"\n\t\t<!-- All in One SEO Pro 4.9.6 - aioseo.com -->\n\t<meta name=\"description\" content=\"INFORMACI\u00d3N IMPORTANTE: Para tu protecci\u00f3n, nunca env\u00edes los datos de tu tarjeta de cr\u00e9dito o informaci\u00f3n sensible por correo electr\u00f3nico o chat. Ponte en contacto con nosotros Por correo electr\u00f3nico productquestions@monatglobal.com \u2197 For questions regarding product ingredients and usage ESMONATSoporte@monatglobal.com \u2197 Market Partner de Espa\u00f1a MPCareUSA_ESP@monatglobal.com \u2197 Market Partner Spanish CustomerCareUSA@monatglobal.com \u2197 VIP &amp; Retail\" \/>\n\t<meta name=\"robots\" content=\"max-image-preview:large\" \/>\n\t<link rel=\"canonical\" href=\"https:\/\/monatglobal.com\/es\/contact\/\" \/>\n\t<meta name=\"generator\" content=\"All in One SEO Pro (AIOSEO) 4.9.6\" \/>\n\t\t<meta property=\"og:locale\" content=\"en_US\" \/>\n\t\t<meta property=\"og:site_name\" content=\"MONAT Espa\u00f1a - We Are Modern Nature\u00ae\" \/>\n\t\t<meta property=\"og:type\" content=\"article\" \/>\n\t\t<meta property=\"og:title\" content=\"Contact - MONAT Espa\u00f1a\" \/>\n\t\t<meta property=\"og:description\" content=\"INFORMACI\u00d3N IMPORTANTE: Para tu protecci\u00f3n, nunca env\u00edes los datos de tu tarjeta de cr\u00e9dito o informaci\u00f3n sensible por correo electr\u00f3nico o chat. Ponte en contacto con nosotros Por correo electr\u00f3nico productquestions@monatglobal.com \u2197 For questions regarding product ingredients and usage ESMONATSoporte@monatglobal.com \u2197 Market Partner de Espa\u00f1a MPCareUSA_ESP@monatglobal.com \u2197 Market Partner Spanish CustomerCareUSA@monatglobal.com \u2197 VIP &amp; Retail\" \/>\n\t\t<meta property=\"og:url\" content=\"https:\/\/monatglobal.com\/es\/contact\/\" \/>\n\t\t<meta property=\"article:published_time\" content=\"2022-05-20T04:21:51+00:00\" \/>\n\t\t<meta property=\"article:modified_time\" content=\"2025-02-27T18:03:59+00:00\" \/>\n\t\t<meta name=\"twitter:card\" content=\"summary_large_image\" \/>\n\t\t<meta name=\"twitter:title\" content=\"Contact - MONAT Espa\u00f1a\" \/>\n\t\t<meta name=\"twitter:description\" content=\"INFORMACI\u00d3N IMPORTANTE: Para tu protecci\u00f3n, nunca env\u00edes los datos de tu tarjeta de cr\u00e9dito o informaci\u00f3n sensible por correo electr\u00f3nico o chat. Ponte en contacto con nosotros Por correo electr\u00f3nico productquestions@monatglobal.com \u2197 For questions regarding product ingredients and usage ESMONATSoporte@monatglobal.com \u2197 Market Partner de Espa\u00f1a MPCareUSA_ESP@monatglobal.com \u2197 Market Partner Spanish CustomerCareUSA@monatglobal.com \u2197 VIP &amp; Retail\" \/>\n\t\t<script type=\"application\/ld+json\" class=\"aioseo-schema\">\n\t\t\t{\"@context\":\"https:\\\/\\\/schema.org\",\"@graph\":[{\"@type\":\"BreadcrumbList\",\"@id\":\"https:\\\/\\\/monatglobal.com\\\/es\\\/contact\\\/#breadcrumblist\",\"itemListElement\":[{\"@type\":\"ListItem\",\"@id\":\"https:\\\/\\\/monatglobal.com\\\/es#listItem\",\"position\":1,\"name\":\"Home\",\"item\":\"https:\\\/\\\/monatglobal.com\\\/es\",\"nextItem\":{\"@type\":\"ListItem\",\"@id\":\"https:\\\/\\\/monatglobal.com\\\/es\\\/contact\\\/#listItem\",\"name\":\"Contact\"}},{\"@type\":\"ListItem\",\"@id\":\"https:\\\/\\\/monatglobal.com\\\/es\\\/contact\\\/#listItem\",\"position\":2,\"name\":\"Contact\",\"previousItem\":{\"@type\":\"ListItem\",\"@id\":\"https:\\\/\\\/monatglobal.com\\\/es#listItem\",\"name\":\"Home\"}}]},{\"@type\":\"Organization\",\"@id\":\"https:\\\/\\\/monatglobal.com\\\/es\\\/#organization\",\"name\":\"MONAT Espa\\u00f1a\",\"description\":\"We Are Modern Nature\\u00ae\",\"url\":\"https:\\\/\\\/monatglobal.com\\\/es\\\/\"},{\"@type\":\"WebPage\",\"@id\":\"https:\\\/\\\/monatglobal.com\\\/es\\\/contact\\\/#webpage\",\"url\":\"https:\\\/\\\/monatglobal.com\\\/es\\\/contact\\\/\",\"name\":\"Contact - MONAT Espa\\u00f1a\",\"description\":\"INFORMACI\\u00d3N IMPORTANTE: Para tu protecci\\u00f3n, nunca env\\u00edes los datos de tu tarjeta de cr\\u00e9dito o informaci\\u00f3n sensible por correo electr\\u00f3nico o chat. Ponte en contacto con nosotros Por correo electr\\u00f3nico productquestions@monatglobal.com \\u2197 For questions regarding product ingredients and usage ESMONATSoporte@monatglobal.com \\u2197 Market Partner de Espa\\u00f1a MPCareUSA_ESP@monatglobal.com \\u2197 Market Partner Spanish CustomerCareUSA@monatglobal.com \\u2197 VIP & Retail\",\"inLanguage\":\"en-US\",\"isPartOf\":{\"@id\":\"https:\\\/\\\/monatglobal.com\\\/es\\\/#website\"},\"breadcrumb\":{\"@id\":\"https:\\\/\\\/monatglobal.com\\\/es\\\/contact\\\/#breadcrumblist\"},\"datePublished\":\"2022-05-20T05:21:51+01:00\",\"dateModified\":\"2025-02-27T18:03:59+00:00\"},{\"@type\":\"WebSite\",\"@id\":\"https:\\\/\\\/monatglobal.com\\\/es\\\/#website\",\"url\":\"https:\\\/\\\/monatglobal.com\\\/es\\\/\",\"name\":\"MONAT Espa\\u00f1a\",\"description\":\"We Are Modern Nature\\u00ae\",\"inLanguage\":\"en-US\",\"publisher\":{\"@id\":\"https:\\\/\\\/monatglobal.com\\\/es\\\/#organization\"}}]}\n\t\t<\/script>\n\t\t<!-- All in One SEO Pro -->\r\n\t\t<title>Contact - MONAT Espa\u00f1a<\/title>\n\n","aioseo_head_json":{"title":"Contact - MONAT Espa\u00f1a","description":"INFORMACI\u00d3N IMPORTANTE: Para tu protecci\u00f3n, nunca env\u00edes los datos de tu tarjeta de cr\u00e9dito o informaci\u00f3n sensible por correo electr\u00f3nico o chat. Ponte en contacto con nosotros Por correo electr\u00f3nico productquestions@monatglobal.com \u2197 For questions regarding product ingredients and usage ESMONATSoporte@monatglobal.com \u2197 Market Partner de Espa\u00f1a MPCareUSA_ESP@monatglobal.com \u2197 Market Partner Spanish CustomerCareUSA@monatglobal.com \u2197 VIP & Retail","canonical_url":"https:\/\/monatglobal.com\/es\/contact\/","robots":"max-image-preview:large","keywords":"","webmasterTools":{"miscellaneous":""},"schema":{"@context":"https:\/\/schema.org","@graph":[{"@type":"BreadcrumbList","@id":"https:\/\/monatglobal.com\/es\/contact\/#breadcrumblist","itemListElement":[{"@type":"ListItem","@id":"https:\/\/monatglobal.com\/es#listItem","position":1,"name":"Home","item":"https:\/\/monatglobal.com\/es","nextItem":{"@type":"ListItem","@id":"https:\/\/monatglobal.com\/es\/contact\/#listItem","name":"Contact"}},{"@type":"ListItem","@id":"https:\/\/monatglobal.com\/es\/contact\/#listItem","position":2,"name":"Contact","previousItem":{"@type":"ListItem","@id":"https:\/\/monatglobal.com\/es#listItem","name":"Home"}}]},{"@type":"Organization","@id":"https:\/\/monatglobal.com\/es\/#organization","name":"MONAT Espa\u00f1a","description":"We Are Modern Nature\u00ae","url":"https:\/\/monatglobal.com\/es\/"},{"@type":"WebPage","@id":"https:\/\/monatglobal.com\/es\/contact\/#webpage","url":"https:\/\/monatglobal.com\/es\/contact\/","name":"Contact - MONAT Espa\u00f1a","description":"INFORMACI\u00d3N IMPORTANTE: Para tu protecci\u00f3n, nunca env\u00edes los datos de tu tarjeta de cr\u00e9dito o informaci\u00f3n sensible por correo electr\u00f3nico o chat. Ponte en contacto con nosotros Por correo electr\u00f3nico productquestions@monatglobal.com \u2197 For questions regarding product ingredients and usage ESMONATSoporte@monatglobal.com \u2197 Market Partner de Espa\u00f1a MPCareUSA_ESP@monatglobal.com \u2197 Market Partner Spanish CustomerCareUSA@monatglobal.com \u2197 VIP & Retail","inLanguage":"en-US","isPartOf":{"@id":"https:\/\/monatglobal.com\/es\/#website"},"breadcrumb":{"@id":"https:\/\/monatglobal.com\/es\/contact\/#breadcrumblist"},"datePublished":"2022-05-20T05:21:51+01:00","dateModified":"2025-02-27T18:03:59+00:00"},{"@type":"WebSite","@id":"https:\/\/monatglobal.com\/es\/#website","url":"https:\/\/monatglobal.com\/es\/","name":"MONAT Espa\u00f1a","description":"We Are Modern Nature\u00ae","inLanguage":"en-US","publisher":{"@id":"https:\/\/monatglobal.com\/es\/#organization"}}]},"og:locale":"en_US","og:site_name":"MONAT Espa\u00f1a - We Are Modern Nature\u00ae","og:type":"article","og:title":"Contact - MONAT Espa\u00f1a","og:description":"INFORMACI\u00d3N IMPORTANTE: Para tu protecci\u00f3n, nunca env\u00edes los datos de tu tarjeta de cr\u00e9dito o informaci\u00f3n sensible por correo electr\u00f3nico o chat. Ponte en contacto con nosotros Por correo electr\u00f3nico productquestions@monatglobal.com \u2197 For questions regarding product ingredients and usage ESMONATSoporte@monatglobal.com \u2197 Market Partner de Espa\u00f1a MPCareUSA_ESP@monatglobal.com \u2197 Market Partner Spanish CustomerCareUSA@monatglobal.com \u2197 VIP &amp; Retail","og:url":"https:\/\/monatglobal.com\/es\/contact\/","article:published_time":"2022-05-20T04:21:51+00:00","article:modified_time":"2025-02-27T18:03:59+00:00","twitter:card":"summary_large_image","twitter:title":"Contact - MONAT Espa\u00f1a","twitter:description":"INFORMACI\u00d3N IMPORTANTE: Para tu protecci\u00f3n, nunca env\u00edes los datos de tu tarjeta de cr\u00e9dito o informaci\u00f3n sensible por correo electr\u00f3nico o chat. Ponte en contacto con nosotros Por correo electr\u00f3nico productquestions@monatglobal.com \u2197 For questions regarding product ingredients and usage ESMONATSoporte@monatglobal.com \u2197 Market Partner de Espa\u00f1a MPCareUSA_ESP@monatglobal.com \u2197 Market Partner Spanish CustomerCareUSA@monatglobal.com \u2197 VIP &amp; Retail"},"aioseo_meta_data":{"post_id":"69577","title":null,"description":null,"keywords":null,"keyphrases":{"focus":{"keyphrase":"","score":0,"analysis":{"keyphraseInTitle":{"score":0,"maxScore":9,"error":1}}},"additional":[]},"primary_term":null,"canonical_url":null,"og_title":null,"og_description":null,"og_object_type":"default","og_image_type":"default","og_image_url":null,"og_image_width":null,"og_image_height":null,"og_image_custom_url":null,"og_image_custom_fields":null,"og_video":"","og_custom_url":null,"og_article_section":null,"og_article_tags":null,"twitter_use_og":false,"twitter_card":"default","twitter_image_type":"default","twitter_image_url":null,"twitter_image_custom_url":null,"twitter_image_custom_fields":null,"twitter_title":null,"twitter_description":null,"schema":{"blockGraphs":[],"customGraphs":[],"default":{"data":{"Article":[],"Course":[],"Dataset":[],"FAQPage":[],"Movie":[],"Person":[],"Product":[],"ProductReview":[],"Car":[],"Recipe":[],"Service":[],"SoftwareApplication":[],"WebPage":[]},"graphName":"WebPage","isEnabled":true},"graphs":[]},"schema_type":"default","schema_type_options":null,"pillar_content":false,"robots_default":true,"robots_noindex":false,"robots_noarchive":false,"robots_nosnippet":false,"robots_nofollow":false,"robots_noimageindex":false,"robots_noodp":false,"robots_notranslate":false,"robots_max_snippet":"-1","robots_max_videopreview":"-1","robots_max_imagepreview":"large","priority":null,"frequency":"default","local_seo":null,"seo_analyzer_scan_date":"2025-08-14 18:05:52","limit_modified_date":false,"reviewed_by":null,"open_ai":null,"ai":null,"created":"2023-07-26 09:30:42","updated":"2026-02-10 05:26:44"},"aioseo_breadcrumb":"<div class=\"aioseo-breadcrumbs\"><span class=\"aioseo-breadcrumb\">\n\t<a href=\"https:\/\/monatglobal.com\/es\" title=\"Home\">Home<\/a>\n<\/span><span class=\"aioseo-breadcrumb-separator\">&raquo;<\/span><span class=\"aioseo-breadcrumb\">\n\tContact\n<\/span><\/div>","aioseo_breadcrumb_json":[{"label":"Home","link":"https:\/\/monatglobal.com\/es"},{"label":"Contact","link":"https:\/\/monatglobal.com\/es\/contact\/"}],"_links":{"self":[{"href":"https:\/\/monatglobal.com\/es\/wp-json\/wp\/v2\/pages\/69577","targetHints":{"allow":["GET"]}}],"collection":[{"href":"https:\/\/monatglobal.com\/es\/wp-json\/wp\/v2\/pages"}],"about":[{"href":"https:\/\/monatglobal.com\/es\/wp-json\/wp\/v2\/types\/page"}],"author":[{"embeddable":true,"href":"https:\/\/monatglobal.com\/es\/wp-json\/wp\/v2\/users\/31"}],"replies":[{"embeddable":true,"href":"https:\/\/monatglobal.com\/es\/wp-json\/wp\/v2\/comments?post=69577"}],"version-history":[{"count":3,"href":"https:\/\/monatglobal.com\/es\/wp-json\/wp\/v2\/pages\/69577\/revisions"}],"predecessor-version":[{"id":86434,"href":"https:\/\/monatglobal.com\/es\/wp-json\/wp\/v2\/pages\/69577\/revisions\/86434"}],"wp:attachment":[{"href":"https:\/\/monatglobal.com\/es\/wp-json\/wp\/v2\/media?parent=69577"}],"wp:term":[{"taxonomy":"category","embeddable":true,"href":"https:\/\/monatglobal.com\/es\/wp-json\/wp\/v2\/categories?post=69577"},{"taxonomy":"post_tag","embeddable":true,"href":"https:\/\/monatglobal.com\/es\/wp-json\/wp\/v2\/tags?post=69577"}],"curies":[{"name":"wp","href":"https:\/\/api.w.org\/{rel}","templated":true}]}}