{"id":69575,"date":"2022-05-01T05:00:20","date_gmt":"2022-05-01T04:00:20","guid":{"rendered":"https:\/\/monatglobal.com\/es\/?page_id=62542"},"modified":"2025-11-27T00:21:38","modified_gmt":"2025-11-27T00:21:38","slug":"vip","status":"publish","type":"page","link":"https:\/\/monatglobal.com\/es\/vip\/","title":{"rendered":"vip"},"content":{"rendered":"\n\n\t<style>\n    :root{\n        --gray: #F4F3F2;\n        --green: #8C966A;\n    } \n<\/style>\n    <section id=\"bannerSec\">\n            <h3>BIENVENIDO A <\/h3>\n            <img decoding=\"async\" id=\"monatLogo_w\" src=\"https:\/\/monatglobal.com\/wp-content\/uploads\/2023\/08\/monat-logo-white-1.svg\" alt=\"monat logo\"\/>\n            <h1>VIP PERKS\u2122<\/h1> \n            <h2>Gana m\u00e1s con nuevas recompensas.<\/h2>\n            <a href=\"https:\/\/corp.mymonat.com\/pyr_core\/v2_enrollments\/select_market?enroll_params=profile_form_type%3Dvip_for_life&#038;lang_code=es&#038;market=ES\" target=\"_blank\" rel=\"noopener\">\u00daNETE AHORA<\/a>\n    <\/section> \n        <a href=\"https:\/\/monatglobal.com\/es\/vip\/#healthy-savings\">AHORROS INCRE\u00cdBLES<\/a> \n        <a href=\"https:\/\/monatglobal.com\/es\/vip\/#exclusive-rewards\">RECOMPENSAS EXCLUSIVAS<\/a>\n        <a href=\"https:\/\/monatglobal.com\/es\/vip\/#beautiful-results\">RESULTADOS REALES<\/a>\n    <img decoding=\"async\" src=\"https:\/\/monatglobal.com\/wp-content\/uploads\/2024\/11\/vip-perks-main-banner-2024-final-min.jpg\" alt=\"A woman with dark brown hair sitting on a couch, smiling while holding a MONAT Product bottle, set in a cozy, natural-lit living room\" loading=\"lazy\"\/>\n    <img decoding=\"async\" src=\"https:\/\/monatglobal.com\/wp-content\/uploads\/2024\/11\/vip-perks-main-banner-2024-mobile-min.jpg\" alt=\"A woman with dark brown hair sitting on a couch, smiling while holding a MONAT Product bottle, set in a cozy, natural-lit living room\" loading=\"lazy\"\/>\n        <p>Convi\u00e9rtete en un VIP de MONAT y disfrutar\u00e1s de una gran cantidad de beneficios que incluyen ahorros incre\u00edbles, recompensas exclusivas, resultados reales y mucho m\u00e1s.<\/p>\n        <p>\u00daNETE HOY MISMO Y EMPIEZA A DISFRUTAR DE LOS BENEFICIOS.<\/p>\n    <section id=\"healthy-savings\">\n                <h2>01 AHORROS <br \/>INCRE\u00cdBLES<\/h2>\n            <img decoding=\"async\" src=\"https:\/\/monatglobal.com\/uk\/wp-content\/uploads\/sites\/6\/2024\/11\/HEALTHY-SAVINGS-banner-EU.jpg\" alt=\"A blonde woman wearing a white top smiling as she holds a yellow bottle of Monat product outdoors near a poolside.\" loading=\"lazy\"\/>\n                <img decoding=\"async\" src=\"https:\/\/monatglobal.com\/wp-content\/uploads\/2024\/11\/15-OFF.svg\" alt=\"15 off icon\"\/>\n                <h3>15% DE DESCUENTO<\/h3>\n                <p>En todos los productos. <br \/>Todos los d\u00edas.<\/p>\n                <p>Siempre recibir\u00e1s un 15% de descuento sobre el precio al cliente de cualquier producto MONAT.<\/p>\n                <img decoding=\"async\" src=\"https:\/\/monatglobal.com\/wp-content\/uploads\/2024\/11\/PURCHASE.svg\" alt=\"PURCHASE+ icon\"\/>\n                <h3>AHORRA A\u00daN M\u00c1S CON<\/h3>\n                <p>MONAT Purchase +\u2122<\/p>\n                <p>Recibe entre un 15 y un 25% de descuento adicional en tu compra, de acuerdo con el total de tu pedido.<\/p>\n                <img decoding=\"async\" src=\"https:\/\/monatglobal.com\/wp-content\/uploads\/2024\/11\/FLAT-RATE-SHIPPING.svg\" alt=\"FLAT RATE SHIPPING icon\"\/>\n                <h3>ENV\u00cdO GRATIS<\/h3>\n                <p>Comprar es f\u00e1cil.<\/p>\n                <p>\u00a1Los pedidos Flexship de m\u00e1s de 75 \u20ac se env\u00edan gratis!<\/p>\n    <\/section>\n    <section id=\"exclusive-rewards\">\n            <img decoding=\"async\" src=\"https:\/\/monatglobal.com\/wp-content\/uploads\/2024\/11\/Exclusive-Rewards-NA-pages-min.jpg\" alt=\"A brunette woman holding and examining two Monat product bottles in a warm, homey setting with light wood tones.\" loading=\"lazy\"\/>\n                <h2>02 RECOMPENSAS <br \/> EXCLUSIVAS<\/h2>\n                <img decoding=\"async\" src=\"https:\/\/monatglobal.com\/wp-content\/uploads\/2024\/11\/VIP-POINTS.svg\" alt=\"VIP POINTS icon\"\/>\n                <h3>PUNTOS VIP<\/h3>\n                <p>Gana, canjea, ahorra.<\/p>\n                <p>Gana puntos con cada compra y canj\u00e9alos por recompensas exclusivas, como productos destacados o ahorros adicionales.<\/p>\n                <img decoding=\"async\" src=\"https:\/\/monatglobal.com\/wp-content\/uploads\/2024\/11\/BIRTHDAY-GIFT.svg\" alt=\"BIRTHDAY GIFT icon\"\/>\n                <h3>BONO DE <br \/> CUMPLEA\u00d1OS<\/h3>\n                <p>Nuestro regalo para ti.<\/p>\n                <p>Recibe una recompensa de 25&nbsp;\u20ac en tu d\u00eda especial.<\/p>\n                <img decoding=\"async\" src=\"https:\/\/monatglobal.com\/wp-content\/uploads\/2024\/11\/ANNI-GIFT.svg\" alt=\"ANNI GIFT icon\"\/>\n                <h3>REGALO DE <br \/> ANIVERSARIO<\/h3>\n                <p>Gracias por todo lo que haces.<\/p>\n                <p>Celebra con una recompensa adicional de 10&nbsp;\u20ac en tu aniversario de MONAT.<\/p>\n    <\/section>\n    <section id=\"beautiful-results\">\n                <h2>03 RESULTADOS <br \/> REALES<\/h2> \n            <img decoding=\"async\" src=\"https:\/\/monatglobal.com\/uk\/wp-content\/uploads\/sites\/6\/2024\/11\/Beautiful-Results-EU-2024-min.jpg\" alt=\"A dark-haired woman in a bathroom, smiling while reaching for a Monat product on a stylish shelf filled with other beauty products.\" loading=\"lazy\"\/>\n                <img decoding=\"async\" src=\"https:\/\/monatglobal.com\/wp-content\/uploads\/2024\/11\/FLEXSHIP-1.svg\" alt=\"FLEXSHIP icon\"\/>\n                <h3>FLEXSHIP<\/h3>\n                <p>Nunca te quedes sin tus productos imprescindibles.<\/p>\n                <p>Elige tus productos y tu frecuencia: cada 30 o 60&nbsp;d\u00edas. Actualiza tu pedido o ajusta tu cronograma en cualquier momento, sin complicaciones.<\/p>\n                <img decoding=\"async\" src=\"https:\/\/monatglobal.com\/wp-content\/uploads\/2024\/11\/FREE-PRODUCTS-SPANISH.svg\" alt=\"FREE icon\"\/>\n                <h3>PRODUCTOS GRATIS<\/h3>\n                <p>Flexship merece la pena.<\/p>\n                <p>Recibe un producto GRATUITO en tu segundo, tercer y cuarto pedido Flexship 75&nbsp;\u20ac o m\u00e1s.<\/p>\n                <img decoding=\"async\" src=\"https:\/\/monatglobal.com\/wp-content\/uploads\/2024\/11\/SALES-AND-PROMOS.svg\" alt=\"SALES AND PROMOS icon\"\/>\n                <h3>VENTAS Y PROMOCIONES <br \/> EXCLUSIVAS<\/h3>\n                <p>Lo lograste.<\/p>\n                <p>Disfruta de acceso exclusivo a ventas flash y promociones especiales donde ahorrar\u00e1s a\u00fan&nbsp;m\u00e1s.<\/p>\n    <\/section>\n<section id=\"preFooter\">\n    <h2>\u00bfLISTO PARA SER UN <br \/> VIP DE MONAT?<\/h2>\n        <p>\u00danete hoy para tomar el primer paso para tener tu mejor cabello y piel. <br \/> Luego, empieza a ganar Puntos VIP en cada compra y ver\u00e1s c\u00f3mo se acumulan las recompensas.<\/p>\n        <a href=\"https:\/\/corp.mymonat.com\/pyr_core\/v2_enrollments\/select_market?enroll_params=profile_form_type%3Dvip_for_life&#038;lang_code=es&#038;market=ES\" target=\"_blank\" rel=\"noopener\">\u00daNETE AHORA<\/a>\n        <a href=\"https:\/\/monatglobal.com\/es\/wp-content\/uploads\/sites\/10\/2025\/11\/SP_MONAT-VIP-Perks\u2122-FAQs_111725_v7.pdf\" target=\"_blank\" id=\"faq_btn\" rel=\"noopener\">PREGUNTAS FRECUENTES DE MONAT VIP PERKS\u2122<\/a>\n        <a href=\"https:\/\/monatglobal.com\/es\/wp-content\/uploads\/sites\/10\/2024\/11\/SP_MONAT-VIP-Perks\u2122_TC_112024_v2-1.pdf\" target=\"_blank\" id=\"faq_btn\" rel=\"noopener\">T\u00c9RMINOS Y CONDICIONES<\/a>\n   <!-- TrustBox widget - Slider -->\n  <a href=\"https:\/\/es.trustpilot.com\/review\/monatglobal.com\" target=\"_blank\" rel=\"noopener\">Trustpilot<\/a>\n<!-- End TrustBox widget -->\n    <\/section>\n\n","protected":false},"excerpt":{"rendered":"<p>BIENVENIDO A VIP PERKS\u2122 Gana m\u00e1s con nuevas recompensas. \u00daNETE AHORA AHORROS INCRE\u00cdBLES RECOMPENSAS EXCLUSIVAS RESULTADOS REALES Convi\u00e9rtete en un VIP de MONAT y disfrutar\u00e1s de una gran cantidad de beneficios que incluyen ahorros incre\u00edbles, recompensas exclusivas, resultados reales y mucho m\u00e1s. \u00daNETE HOY MISMO Y EMPIEZA A DISFRUTAR DE LOS BENEFICIOS. 01 AHORROS INCRE\u00cdBLES&hellip;<\/p>\n","protected":false},"author":31,"featured_media":0,"parent":0,"menu_order":0,"comment_status":"closed","ping_status":"closed","template":"","meta":{"inline_featured_image":false,"om_disable_all_campaigns":false,"_monsterinsights_skip_tracking":false,"_monsterinsights_sitenote_active":false,"_monsterinsights_sitenote_note":"","_monsterinsights_sitenote_category":0,"footnotes":""},"categories":[],"tags":[],"class_list":["post-69575","page","type-page","status-publish","hentry"],"aioseo_notices":[],"aioseo_head":"\n\t\t<!-- All in One SEO Pro 4.9.5.2 - aioseo.com -->\n\t<meta name=\"description\" content=\"BIENVENIDO A VIP PERKS\u2122 Gana m\u00e1s con nuevas recompensas. \u00daNETE AHORA AHORROS INCRE\u00cdBLES RECOMPENSAS EXCLUSIVAS RESULTADOS REALES Convi\u00e9rtete en un VIP de MONAT y disfrutar\u00e1s de una gran cantidad de beneficios que incluyen ahorros incre\u00edbles, recompensas exclusivas, resultados reales y mucho m\u00e1s. \u00daNETE HOY MISMO Y EMPIEZA A DISFRUTAR DE LOS BENEFICIOS. 01 AHORROS INCRE\u00cdBLES\" \/>\n\t<meta name=\"robots\" content=\"max-image-preview:large\" \/>\n\t<link rel=\"canonical\" href=\"https:\/\/monatglobal.com\/es\/vip\/\" \/>\n\t<meta name=\"generator\" content=\"All in One SEO Pro (AIOSEO) 4.9.5.2\" \/>\n\t\t<meta property=\"og:locale\" content=\"en_US\" \/>\n\t\t<meta property=\"og:site_name\" content=\"MONAT Espa\u00f1a - We Are Modern Nature\u00ae\" \/>\n\t\t<meta property=\"og:type\" content=\"article\" \/>\n\t\t<meta property=\"og:title\" content=\"vip - MONAT Espa\u00f1a\" \/>\n\t\t<meta property=\"og:description\" content=\"BIENVENIDO A VIP PERKS\u2122 Gana m\u00e1s con nuevas recompensas. \u00daNETE AHORA AHORROS INCRE\u00cdBLES RECOMPENSAS EXCLUSIVAS RESULTADOS REALES Convi\u00e9rtete en un VIP de MONAT y disfrutar\u00e1s de una gran cantidad de beneficios que incluyen ahorros incre\u00edbles, recompensas exclusivas, resultados reales y mucho m\u00e1s. \u00daNETE HOY MISMO Y EMPIEZA A DISFRUTAR DE LOS BENEFICIOS. 01 AHORROS INCRE\u00cdBLES\" \/>\n\t\t<meta property=\"og:url\" content=\"https:\/\/monatglobal.com\/es\/vip\/\" \/>\n\t\t<meta property=\"article:published_time\" content=\"2022-05-01T04:00:20+00:00\" \/>\n\t\t<meta property=\"article:modified_time\" content=\"2025-11-27T00:21:38+00:00\" \/>\n\t\t<meta name=\"twitter:card\" content=\"summary_large_image\" \/>\n\t\t<meta name=\"twitter:title\" content=\"vip - MONAT Espa\u00f1a\" \/>\n\t\t<meta name=\"twitter:description\" content=\"BIENVENIDO A VIP PERKS\u2122 Gana m\u00e1s con nuevas recompensas. \u00daNETE AHORA AHORROS INCRE\u00cdBLES RECOMPENSAS EXCLUSIVAS RESULTADOS REALES Convi\u00e9rtete en un VIP de MONAT y disfrutar\u00e1s de una gran cantidad de beneficios que incluyen ahorros incre\u00edbles, recompensas exclusivas, resultados reales y mucho m\u00e1s. \u00daNETE HOY MISMO Y EMPIEZA A DISFRUTAR DE LOS BENEFICIOS. 01 AHORROS INCRE\u00cdBLES\" \/>\n\t\t<script type=\"application\/ld+json\" class=\"aioseo-schema\">\n\t\t\t{\"@context\":\"https:\\\/\\\/schema.org\",\"@graph\":[{\"@type\":\"BreadcrumbList\",\"@id\":\"https:\\\/\\\/monatglobal.com\\\/es\\\/vip\\\/#breadcrumblist\",\"itemListElement\":[{\"@type\":\"ListItem\",\"@id\":\"https:\\\/\\\/monatglobal.com\\\/es#listItem\",\"position\":1,\"name\":\"Home\",\"item\":\"https:\\\/\\\/monatglobal.com\\\/es\",\"nextItem\":{\"@type\":\"ListItem\",\"@id\":\"https:\\\/\\\/monatglobal.com\\\/es\\\/vip\\\/#listItem\",\"name\":\"vip\"}},{\"@type\":\"ListItem\",\"@id\":\"https:\\\/\\\/monatglobal.com\\\/es\\\/vip\\\/#listItem\",\"position\":2,\"name\":\"vip\",\"previousItem\":{\"@type\":\"ListItem\",\"@id\":\"https:\\\/\\\/monatglobal.com\\\/es#listItem\",\"name\":\"Home\"}}]},{\"@type\":\"Organization\",\"@id\":\"https:\\\/\\\/monatglobal.com\\\/es\\\/#organization\",\"name\":\"MONAT Espa\\u00f1a\",\"description\":\"We Are Modern Nature\\u00ae\",\"url\":\"https:\\\/\\\/monatglobal.com\\\/es\\\/\"},{\"@type\":\"WebPage\",\"@id\":\"https:\\\/\\\/monatglobal.com\\\/es\\\/vip\\\/#webpage\",\"url\":\"https:\\\/\\\/monatglobal.com\\\/es\\\/vip\\\/\",\"name\":\"vip - MONAT Espa\\u00f1a\",\"description\":\"BIENVENIDO A VIP PERKS\\u2122 Gana m\\u00e1s con nuevas recompensas. \\u00daNETE AHORA AHORROS INCRE\\u00cdBLES RECOMPENSAS EXCLUSIVAS RESULTADOS REALES Convi\\u00e9rtete en un VIP de MONAT y disfrutar\\u00e1s de una gran cantidad de beneficios que incluyen ahorros incre\\u00edbles, recompensas exclusivas, resultados reales y mucho m\\u00e1s. \\u00daNETE HOY MISMO Y EMPIEZA A DISFRUTAR DE LOS BENEFICIOS. 01 AHORROS INCRE\\u00cdBLES\",\"inLanguage\":\"en-US\",\"isPartOf\":{\"@id\":\"https:\\\/\\\/monatglobal.com\\\/es\\\/#website\"},\"breadcrumb\":{\"@id\":\"https:\\\/\\\/monatglobal.com\\\/es\\\/vip\\\/#breadcrumblist\"},\"datePublished\":\"2022-05-01T05:00:20+01:00\",\"dateModified\":\"2025-11-27T00:21:38+00:00\"},{\"@type\":\"WebSite\",\"@id\":\"https:\\\/\\\/monatglobal.com\\\/es\\\/#website\",\"url\":\"https:\\\/\\\/monatglobal.com\\\/es\\\/\",\"name\":\"MONAT Espa\\u00f1a\",\"description\":\"We Are Modern Nature\\u00ae\",\"inLanguage\":\"en-US\",\"publisher\":{\"@id\":\"https:\\\/\\\/monatglobal.com\\\/es\\\/#organization\"}}]}\n\t\t<\/script>\n\t\t<!-- All in One SEO Pro -->\r\n\t\t<title>vip - MONAT Espa\u00f1a<\/title>\n\n","aioseo_head_json":{"title":"vip - MONAT Espa\u00f1a","description":"BIENVENIDO A VIP PERKS\u2122 Gana m\u00e1s con nuevas recompensas. \u00daNETE AHORA AHORROS INCRE\u00cdBLES RECOMPENSAS EXCLUSIVAS RESULTADOS REALES Convi\u00e9rtete en un VIP de MONAT y disfrutar\u00e1s de una gran cantidad de beneficios que incluyen ahorros incre\u00edbles, recompensas exclusivas, resultados reales y mucho m\u00e1s. \u00daNETE HOY MISMO Y EMPIEZA A DISFRUTAR DE LOS BENEFICIOS. 01 AHORROS INCRE\u00cdBLES","canonical_url":"https:\/\/monatglobal.com\/es\/vip\/","robots":"max-image-preview:large","keywords":"","webmasterTools":{"miscellaneous":""},"schema":{"@context":"https:\/\/schema.org","@graph":[{"@type":"BreadcrumbList","@id":"https:\/\/monatglobal.com\/es\/vip\/#breadcrumblist","itemListElement":[{"@type":"ListItem","@id":"https:\/\/monatglobal.com\/es#listItem","position":1,"name":"Home","item":"https:\/\/monatglobal.com\/es","nextItem":{"@type":"ListItem","@id":"https:\/\/monatglobal.com\/es\/vip\/#listItem","name":"vip"}},{"@type":"ListItem","@id":"https:\/\/monatglobal.com\/es\/vip\/#listItem","position":2,"name":"vip","previousItem":{"@type":"ListItem","@id":"https:\/\/monatglobal.com\/es#listItem","name":"Home"}}]},{"@type":"Organization","@id":"https:\/\/monatglobal.com\/es\/#organization","name":"MONAT Espa\u00f1a","description":"We Are Modern Nature\u00ae","url":"https:\/\/monatglobal.com\/es\/"},{"@type":"WebPage","@id":"https:\/\/monatglobal.com\/es\/vip\/#webpage","url":"https:\/\/monatglobal.com\/es\/vip\/","name":"vip - MONAT Espa\u00f1a","description":"BIENVENIDO A VIP PERKS\u2122 Gana m\u00e1s con nuevas recompensas. \u00daNETE AHORA AHORROS INCRE\u00cdBLES RECOMPENSAS EXCLUSIVAS RESULTADOS REALES Convi\u00e9rtete en un VIP de MONAT y disfrutar\u00e1s de una gran cantidad de beneficios que incluyen ahorros incre\u00edbles, recompensas exclusivas, resultados reales y mucho m\u00e1s. \u00daNETE HOY MISMO Y EMPIEZA A DISFRUTAR DE LOS BENEFICIOS. 01 AHORROS INCRE\u00cdBLES","inLanguage":"en-US","isPartOf":{"@id":"https:\/\/monatglobal.com\/es\/#website"},"breadcrumb":{"@id":"https:\/\/monatglobal.com\/es\/vip\/#breadcrumblist"},"datePublished":"2022-05-01T05:00:20+01:00","dateModified":"2025-11-27T00:21:38+00:00"},{"@type":"WebSite","@id":"https:\/\/monatglobal.com\/es\/#website","url":"https:\/\/monatglobal.com\/es\/","name":"MONAT Espa\u00f1a","description":"We Are Modern Nature\u00ae","inLanguage":"en-US","publisher":{"@id":"https:\/\/monatglobal.com\/es\/#organization"}}]},"og:locale":"en_US","og:site_name":"MONAT Espa\u00f1a - We Are Modern Nature\u00ae","og:type":"article","og:title":"vip - MONAT Espa\u00f1a","og:description":"BIENVENIDO A VIP PERKS\u2122 Gana m\u00e1s con nuevas recompensas. \u00daNETE AHORA AHORROS INCRE\u00cdBLES RECOMPENSAS EXCLUSIVAS RESULTADOS REALES Convi\u00e9rtete en un VIP de MONAT y disfrutar\u00e1s de una gran cantidad de beneficios que incluyen ahorros incre\u00edbles, recompensas exclusivas, resultados reales y mucho m\u00e1s. \u00daNETE HOY MISMO Y EMPIEZA A DISFRUTAR DE LOS BENEFICIOS. 01 AHORROS INCRE\u00cdBLES","og:url":"https:\/\/monatglobal.com\/es\/vip\/","article:published_time":"2022-05-01T04:00:20+00:00","article:modified_time":"2025-11-27T00:21:38+00:00","twitter:card":"summary_large_image","twitter:title":"vip - MONAT Espa\u00f1a","twitter:description":"BIENVENIDO A VIP PERKS\u2122 Gana m\u00e1s con nuevas recompensas. \u00daNETE AHORA AHORROS INCRE\u00cdBLES RECOMPENSAS EXCLUSIVAS RESULTADOS REALES Convi\u00e9rtete en un VIP de MONAT y disfrutar\u00e1s de una gran cantidad de beneficios que incluyen ahorros incre\u00edbles, recompensas exclusivas, resultados reales y mucho m\u00e1s. \u00daNETE HOY MISMO Y EMPIEZA A DISFRUTAR DE LOS BENEFICIOS. 01 AHORROS INCRE\u00cdBLES"},"aioseo_meta_data":{"post_id":"69575","title":null,"description":null,"keywords":null,"keyphrases":null,"primary_term":null,"canonical_url":null,"og_title":null,"og_description":null,"og_object_type":"default","og_image_type":"default","og_image_url":null,"og_image_width":null,"og_image_height":null,"og_image_custom_url":null,"og_image_custom_fields":null,"og_video":null,"og_custom_url":null,"og_article_section":null,"og_article_tags":null,"twitter_use_og":false,"twitter_card":"default","twitter_image_type":"default","twitter_image_url":null,"twitter_image_custom_url":null,"twitter_image_custom_fields":null,"twitter_title":null,"twitter_description":null,"schema":{"blockGraphs":[],"customGraphs":[],"default":{"data":{"Article":[],"Course":[],"Dataset":[],"FAQPage":[],"Movie":[],"Person":[],"Product":[],"ProductReview":[],"Car":[],"Recipe":[],"Service":[],"SoftwareApplication":[],"WebPage":[]},"graphName":"WebPage","isEnabled":true},"graphs":[]},"schema_type":"default","schema_type_options":null,"pillar_content":false,"robots_default":true,"robots_noindex":false,"robots_noarchive":false,"robots_nosnippet":false,"robots_nofollow":false,"robots_noimageindex":false,"robots_noodp":false,"robots_notranslate":false,"robots_max_snippet":null,"robots_max_videopreview":null,"robots_max_imagepreview":"large","priority":null,"frequency":null,"local_seo":null,"seo_analyzer_scan_date":"2025-08-14 18:05:50","limit_modified_date":false,"reviewed_by":null,"open_ai":null,"ai":null,"created":"2023-07-26 09:30:42","updated":"2026-02-10 05:26:44"},"aioseo_breadcrumb":"<div class=\"aioseo-breadcrumbs\"><span class=\"aioseo-breadcrumb\">\n\t<a href=\"https:\/\/monatglobal.com\/es\" title=\"Home\">Home<\/a>\n<\/span><span class=\"aioseo-breadcrumb-separator\">&raquo;<\/span><span class=\"aioseo-breadcrumb\">\n\tvip\n<\/span><\/div>","aioseo_breadcrumb_json":[{"label":"Home","link":"https:\/\/monatglobal.com\/es"},{"label":"vip","link":"https:\/\/monatglobal.com\/es\/vip\/"}],"_links":{"self":[{"href":"https:\/\/monatglobal.com\/es\/wp-json\/wp\/v2\/pages\/69575","targetHints":{"allow":["GET"]}}],"collection":[{"href":"https:\/\/monatglobal.com\/es\/wp-json\/wp\/v2\/pages"}],"about":[{"href":"https:\/\/monatglobal.com\/es\/wp-json\/wp\/v2\/types\/page"}],"author":[{"embeddable":true,"href":"https:\/\/monatglobal.com\/es\/wp-json\/wp\/v2\/users\/31"}],"replies":[{"embeddable":true,"href":"https:\/\/monatglobal.com\/es\/wp-json\/wp\/v2\/comments?post=69575"}],"version-history":[{"count":31,"href":"https:\/\/monatglobal.com\/es\/wp-json\/wp\/v2\/pages\/69575\/revisions"}],"predecessor-version":[{"id":108751,"href":"https:\/\/monatglobal.com\/es\/wp-json\/wp\/v2\/pages\/69575\/revisions\/108751"}],"wp:attachment":[{"href":"https:\/\/monatglobal.com\/es\/wp-json\/wp\/v2\/media?parent=69575"}],"wp:term":[{"taxonomy":"category","embeddable":true,"href":"https:\/\/monatglobal.com\/es\/wp-json\/wp\/v2\/categories?post=69575"},{"taxonomy":"post_tag","embeddable":true,"href":"https:\/\/monatglobal.com\/es\/wp-json\/wp\/v2\/tags?post=69575"}],"curies":[{"name":"wp","href":"https:\/\/api.w.org\/{rel}","templated":true}]}}