{"id":69574,"date":"2022-02-21T09:00:25","date_gmt":"2022-02-21T09:00:25","guid":{"rendered":"https:\/\/monatglobal.com\/es\/?page_id=65945"},"modified":"2026-02-24T19:07:13","modified_gmt":"2026-02-24T19:07:13","slug":"bakuchiol","status":"publish","type":"page","link":"https:\/\/monatglobal.com\/es\/bakuchiol\/","title":{"rendered":"Bakuchiol Bot\u00e1nico, loci\u00f3n vegana alternativa al retinol."},"content":{"rendered":"\n\n\t<link rel=\"stylesheet\" href=\"https:\/\/unpkg.com\/swiper\/swiper-bundle.min.css\" \/>\n<link rel=\"stylesheet\" href=\"https:\/\/monatglobal.com\/wp-content\/creative_css\/product_styles_sheet.css\" \/>\n   <!--==================================================== ECOMM SECTION ====================================================-->\n      <!--==================================================== Ecomm image ====================================================-->\n      <img decoding=\"async\" src=\"https:\/\/monatglobal.com\/es\/wp-content\/uploads\/sites\/10\/2021\/12\/Bakuchiol-Botanic-ecomm.png\" alt=\"Bakuchiol Bot\u00e1nico, loci\u00f3n vegana alternativa al retinol.\" loading=\"lazy\"\/>\n      <!--==================================================== Ecomm information  ====================================================-->\n         \n         <h1>Bakuchiol<br \/> Bot\u00e1nico<\/h1>\n         <p>Loci\u00f3n vegana alternativa al retinol.<\/p>\n         Una ligera loci\u00f3n vegana alternativa al retinol de r\u00e1pida absorci\u00f3n y agradable para \n         usar a diario de manera&nbsp;segura.\n         <p>30 ml \u212e 1 fl oz<\/p>\n       <!--==================================================== pricing box  ====================================================-->  \n         <p>Precio de venta Cliente<br \/>00.00 \u20ac<\/p>\n         <p>Precio Cliente VIP<br \/>00.00 \u20ac<\/p>\n        <!--==================================================== pricing box  ====================================================-->\n         <p>Para saber m\u00e1s sobre Bakuchiol Bot\u00e1nico, loci\u00f3n vegana alternativa al retinol ponte en contacto con tu Market Partner de&nbsp;MONAT.<\/p>\n          <a href=\"\" target=\"_blank\" role=\"button\" aria-label=\"\" rel=\"noopener\"><\/a>\n   <!--==================================================== \/ECOMM SECTION  ====================================================-->\n   <!--==================================================== Benefits image ====================================================-->\n  \n    <source media=\"(max-width: 700px)\" srcset=\"https:\/\/monatglobal.com\/es\/wp-content\/uploads\/sites\/10\/2021\/12\/bakuchiol-benefits_mobile.jpg\" loading=\"lazy\"\/>\n      <img decoding=\"async\" src=\"https:\/\/monatglobal.com\/es\/wp-content\/uploads\/sites\/10\/2021\/12\/bakuchiol-benefits.jpg\" \n      alt=\"\" loading=\"lazy\"\/>\n    \n   <!--==================================================== Benefits text ====================================================-->\n         <h2>BENEFICIOS<\/h2>\n         <h3>Impulsada por la naturaleza, esta ligera loci\u00f3n est\u00e1 compuesta de una potente mezcla de activos \n         bot\u00e1nicos que trabajan juntos para reducir la apariencia de las manchas de envejecimiento, el tono desigual de la piel, las l\u00edneas de \n         expresi\u00f3n y las&nbsp;arrugas.<\/h3>\n         <!--==================================================== features image  ====================================================-->\n         <img decoding=\"async\" alt=\"\" src=\"https:\/\/monatglobal.com\/es\/wp-content\/uploads\/sites\/10\/2021\/12\/botanic-bakuchiol-features.jpg\" loading=\"lazy\"\/>\n      <!--==================================================== features text ====================================================-->\n            <h3>Caracter\u00edsticas<\/h3>\n               <p>\/ Ayuda a reducir la apariencia de las manchas de envejecimiento para un tono de piel m\u00e1s&nbsp;uniforme<\/p>\n               <p>\/ Mejora el tono y la textura de la&nbsp;piel<\/p>\n               <p>\/ Promueve un cutis m\u00e1s suave y&nbsp;radiante<\/p>\n               <p>\/ Disminuye la aparici\u00f3n de las l\u00edneas de expresi\u00f3n y las&nbsp;arrugas<\/p>\n               <p>\/ Para todo tipo de pieles, incluidas las pieles&nbsp;sensibles<\/p>\n               <p>\/ Aporta 24 horas de&nbsp;hidrataci\u00f3n<\/p>\n               <br \/>\n            <p>Fragrance \/ Unwind and enjoy a coconut-forward, citrusy aroma with notes of blood orange, coconut husk, cashew nut and&nbsp;sandalwood. <\/p>\n            <p> Texture \/ Cream <\/p>\n   <!--==================================================== composition image mobile ====================================================-->\n   <img decoding=\"async\" alt=\"\" src=\"https:\/\/monatglobal.com\/es\/wp-content\/uploads\/sites\/10\/2021\/12\/botanic-bakuchiol-composition-1.jpg\" loading=\"lazy\"\/>\n   <!--==================================================== Why it works text ====================================================-->\n      \n      <h3>Nuestra ligera f\u00f3rmula de f\u00e1cil absorci\u00f3n es apta para todo tipo de pieles y promueve una \n      apariencia general m\u00e1s radiante y&nbsp;suave.<\/h3>\n      Mejora la rutina del cuidado de la piel con Bakuchiol Bot\u00e1nico, una loci\u00f3n vegana alternativa al retinol. \n      Nuestra f\u00f3rmula de base natural es una mezcla de activos bot\u00e1nicos que incluyen REJUVENIQE S\u2122, bakuchiol y la planta escualeno. \n      En un mundo como el de ahora, los resultados de Bakuchiol, similares al retinol, convierten a esta loci\u00f3n en una alternativa excelente \n      para el cuidado de la&nbsp;piel.\n<!--==================================================== Composition section ====================================================-->\n      <img decoding=\"async\" alt=\"\" src=\"https:\/\/monatglobal.com\/es\/wp-content\/uploads\/sites\/10\/2021\/12\/botanic-bakuchiol-composition-1.jpg\" loading=\"lazy\"\/>\n      <img decoding=\"async\" alt=\"\" \n      src=\"https:\/\/monatglobal.com\/es\/wp-content\/uploads\/sites\/10\/2021\/12\/botanic-bakuchiol-composition-2-2.jpg\" loading=\"lazy\"\/>\n            <!--==================================================== Directions text ====================================================--> \n               <h3>Modo de uso<\/h3>\n                    <p>Uso diario.<\/p>\n                    <p>\/ Usa las yemas de los dedos para aplicar de manera&nbsp;uniforme.<\/p>\n                    <p>\/ Masajea suavemente sobre la piel limpia haciendo movimientos&nbsp;circulares.<\/p>\n                    <p>\/ Deja que se absorba completamente antes de aplicar tu hidratante&nbsp;MONAT.<\/p>\n                    <p>\/ Usa la crema de protecci\u00f3n solar diariamente seg\u00fan lo&nbsp;indicado.<\/p>\n            <!--==================================================== Directions video ====================================================-->\n      <p>Be Balanced\u2122 <br \/>Lightweight Moisturizer <br \/>0:35<\/p>\n         <!--==================================================== features image  ====================================================-->\n         <img decoding=\"async\" alt=\"\" src=\"https:\/\/monatglobal.com\/es\/wp-content\/uploads\/sites\/10\/2021\/12\/botanic-bakuchiol-suggestions.jpg\" loading=\"lazy\"\/>\n      <!--==================================================== features text ====================================================-->\n            <h3>Truco para una piel sana<\/h3>\n               \/ Al Bakuchiol se le conoce a menudo como retinol natural. Es conocido por proporcionar todos los beneficios del retinol \n               sin provocar irritabilidad a la piel. Esto hace que sea agradable y efectivo para todo tipo de pieles, incluidas las pieles \n               sensibles. Para mejores resultados, usar despu\u00e9s del serum MONAT como parte de la rutina&nbsp;diaria.\n               &nbsp;&nbsp;&nbsp;Combina con el N\u00e9ctar anti-edad Rewind\u2122 para obtener resultados \u00f3ptimos de una \n               piel radiante y sana a cualquier&nbsp;edad.\n      <a href=\"\" target=\"_blank\" role=\"button\" aria-label=\"\" rel=\"noopener\"><\/a>\n   <!--==================================================== Ingredients section  ====================================================-->\n      <h2>INGREDIENTES ACTIVOS CLAVE<\/h2>\n      <p>REJUVENIQE S\u2122<\/p>\n      <p>Bakuchiol<\/p>\n      <p>Planta escualeno<\/p>\n      <p>Padinami<\/p>\n      <p>Aceite de sacha&nbsp;inchi<\/p>\n      <p>Extracto de la flor de Pata de&nbsp;canguro<\/p>\n      <p>\u00c1cido retinoico<\/p>\n        <button id=\"myBtn\" type=\"button\">VER LISTA COMPLETA DE INGREDIENTES<\/button>\n      <!--==================================================== Modal content  ====================================================-->\n         &times;\n         Aqua\/Water\/Eau, Squalane, Glycerin, Propanediol, Hydroxyethyl Acrylate\/Sodium Acryloyldimethyl Taurate Copolymer, Bakuchiol, \n         Hydroxypinacolone Retinoate, Padina Pavonica Thallus Extract, Plukenetia Volubilis Seed Oil, Anigozanthos Flavidus Extract, Simmondsia Chinensis \n         (Jojoba) Seed Oil, Limnanthes Alba (Meadowfoam) Seed Oil, Crambe Abyssinica Seed Oil, Camellia Oleifera Seed Oil, Solanum Lycopersicum (Tomato) \n         Seed Oil, Daucus Carota Sativa (Carrot) Seed Oil, Citrus Limon (Lemon) Peel Oil, Citrus Aurantifolia (Lime) Oil, Citrus Aurantium Bergamia \n         (Bergamot) Fruit Oil, Adansonia Digitata Oil, Mauritia Flexuosa Fruit Oil, Cocos Nucifera (Coconut) Oil, Gardenia Taitensis Flower Extract, \n         Moringa Oleifera Seed Oil, Caryocar Brasiliense Fruit Oil, Helianthus Annuus (Sunflower) Seed Oil, Olea Europaea (Olive) Fruit Oil, Simmondsia \n         Chinensis (Jojoba) Seed Extract, Glyceryl Polyacrylate, Sodium Phytate, Sodium Stearoyl Lactylate, Hydrogenated Lecithin, Dimethyl Isosorbide, \n         Fragrance\/Parfum, Tocopherol, Ethylhexylglycerin, Benzyl&nbsp;Alcohol.\n   <!--==================================================== You might also like section ====================================================-->\n      <h2>PUEDE QUE TAMBI\u00c9N TE GUSTE<\/h2>\n      <!--==================================================== Slider YOU MIGHT ALSO LIKE ====================================================-->\n          <!---->\n          <!--   -->\n                <!-- Slides products-->\n          <!--      -->\n          <!--         <a href=\"\/es\/skincare-night-age-control-cream\/\" target=\"_blank\" aria-label=\"Go to CREMA DE NOCHE ANTIEDAD NIGHT HAVEN\u2122 shop\" rel=\"noopener\">-->\n          <!--          <img decoding=\"async\" src=\"https:\/\/monatglobal.com\/wp-content\/uploads\/2022\/12\/Night-Haven-Age-control_Ecomm-min.png\" alt=\"CREMA DE NOCHE ANTIEDAD NIGHT HAVEN\u2122\" loading=\"lazy\"\/>-->\n          <!--          <p>CREMA DE NOCHE ANTIEDAD NIGHT&nbsp;HAVEN\u2122<\/p>-->\n          <!--        <\/a>-->\n          <!--      -->\n          <!--      -->\n          <!--         <a href=\"\/es\/age-control-nectar\/\" target=\"_blank\" aria-label=\"Go to N\u00c9CTAR ANTI-EDAD REWIND\u2122 shop\" rel=\"noopener\">-->\n          <!--          <img decoding=\"async\" src=\"https:\/\/monatglobal.com\/wp-content\/uploads\/2022\/12\/Rewind-Age-Control-Nectar-ecomm-min.png\" alt=\"N\u00c9CTAR ANTI-EDAD REWIND\u2122\" loading=\"lazy\"\/>-->\n          <!--          <p>N\u00c9CTAR ANTI-EDAD REWIND\u2122<\/p>-->\n          <!--        <\/a>-->\n          <!--      -->\n          <!--      -->\n          <!--         <a href=\"\/es\/skin-revitalizing\/\" target=\"_blank\" aria-label=\"Go to Skin Revitalizing Essence\u2122 shop\" rel=\"noopener\">-->\n          <!--            <img decoding=\"async\" src=\"https:\/\/monatglobal.com\/wp-content\/uploads\/2022\/12\/Skin-Revitalizing-Essence-ecomm-2022-min.png\" alt=\"Skin Revitalizing Essence\u2122\" loading=\"lazy\"\/>-->\n          <!--            <p>Skin Revitalizing Essence\u2122<\/p>-->\n          <!--         <\/a>-->\n          <!--      -->\n          <!--   -->\n             <!-- If we need navigation buttons -->\n          <!--   -->\n          <!--   -->\n             <!-- If we need paginations -->\n          <!--   -->\n          <!---->\n         <!--==================================================== If we need navigation buttons  ====================================================-->\n         <!--==================================================== If we need paginations  ====================================================-->\n    <a href=\"\" aria-label=\"\"><\/a>\n<!--==================================================== this link has to go last for it to work   ====================================================-->\n\n","protected":false},"excerpt":{"rendered":"<p>Bakuchiol Bot\u00e1nico Loci\u00f3n vegana alternativa al retinol. Una ligera loci\u00f3n vegana alternativa al retinol de r\u00e1pida absorci\u00f3n y agradable para usar a diario de manera&nbsp;segura. 30 ml \u212e 1 fl oz Precio de venta Cliente00.00 \u20ac Precio Cliente VIP00.00 \u20ac Para saber m\u00e1s sobre Bakuchiol Bot\u00e1nico, loci\u00f3n vegana alternativa al retinol ponte en contacto con&hellip;<\/p>\n","protected":false},"author":31,"featured_media":71875,"parent":0,"menu_order":0,"comment_status":"closed","ping_status":"closed","template":"","meta":{"inline_featured_image":false,"om_disable_all_campaigns":false,"_monsterinsights_skip_tracking":false,"_monsterinsights_sitenote_active":false,"_monsterinsights_sitenote_note":"","_monsterinsights_sitenote_category":0,"footnotes":""},"categories":[31],"tags":[],"class_list":["post-69574","page","type-page","status-publish","has-post-thumbnail","hentry","category-product-es"],"aioseo_notices":[],"aioseo_head":"\n\t\t<!-- All in One SEO Pro 4.9.5.2 - aioseo.com -->\n\t<meta name=\"description\" content=\"Bakuchiol Bot\u00e1nico Loci\u00f3n vegana alternativa al retinol. Una ligera loci\u00f3n vegana alternativa al retinol de r\u00e1pida absorci\u00f3n y agradable para usar a diario de manera segura. 30 ml \u212e 1 fl oz Precio de venta Cliente00.00 \u20ac Precio Cliente VIP00.00 \u20ac Para saber m\u00e1s sobre Bakuchiol Bot\u00e1nico, loci\u00f3n vegana alternativa al retinol ponte en contacto con\" \/>\n\t<meta name=\"robots\" content=\"max-image-preview:large\" \/>\n\t<link rel=\"canonical\" href=\"https:\/\/monatglobal.com\/es\/bakuchiol\/\" \/>\n\t<meta name=\"generator\" content=\"All in One SEO Pro (AIOSEO) 4.9.5.2\" \/>\n\t\t<meta property=\"og:locale\" content=\"en_US\" \/>\n\t\t<meta property=\"og:site_name\" content=\"MONAT Espa\u00f1a - We Are Modern Nature\u00ae\" \/>\n\t\t<meta property=\"og:type\" content=\"article\" \/>\n\t\t<meta property=\"og:title\" content=\"Bakuchiol Bot\u00e1nico, loci\u00f3n vegana alternativa al retinol. - MONAT Espa\u00f1a\" \/>\n\t\t<meta property=\"og:description\" content=\"Bakuchiol Bot\u00e1nico Loci\u00f3n vegana alternativa al retinol. Una ligera loci\u00f3n vegana alternativa al retinol de r\u00e1pida absorci\u00f3n y agradable para usar a diario de manera segura. 30 ml \u212e 1 fl oz Precio de venta Cliente00.00 \u20ac Precio Cliente VIP00.00 \u20ac Para saber m\u00e1s sobre Bakuchiol Bot\u00e1nico, loci\u00f3n vegana alternativa al retinol ponte en contacto con\" \/>\n\t\t<meta property=\"og:url\" content=\"https:\/\/monatglobal.com\/es\/bakuchiol\/\" \/>\n\t\t<meta property=\"article:published_time\" content=\"2022-02-21T09:00:25+00:00\" \/>\n\t\t<meta property=\"article:modified_time\" content=\"2026-02-24T19:07:13+00:00\" \/>\n\t\t<meta name=\"twitter:card\" content=\"summary_large_image\" \/>\n\t\t<meta name=\"twitter:title\" content=\"Bakuchiol Bot\u00e1nico, loci\u00f3n vegana alternativa al retinol. - MONAT Espa\u00f1a\" \/>\n\t\t<meta name=\"twitter:description\" content=\"Bakuchiol Bot\u00e1nico Loci\u00f3n vegana alternativa al retinol. Una ligera loci\u00f3n vegana alternativa al retinol de r\u00e1pida absorci\u00f3n y agradable para usar a diario de manera segura. 30 ml \u212e 1 fl oz Precio de venta Cliente00.00 \u20ac Precio Cliente VIP00.00 \u20ac Para saber m\u00e1s sobre Bakuchiol Bot\u00e1nico, loci\u00f3n vegana alternativa al retinol ponte en contacto con\" \/>\n\t\t<script type=\"application\/ld+json\" class=\"aioseo-schema\">\n\t\t\t{\"@context\":\"https:\\\/\\\/schema.org\",\"@graph\":[{\"@type\":\"BreadcrumbList\",\"@id\":\"https:\\\/\\\/monatglobal.com\\\/es\\\/bakuchiol\\\/#breadcrumblist\",\"itemListElement\":[{\"@type\":\"ListItem\",\"@id\":\"https:\\\/\\\/monatglobal.com\\\/es#listItem\",\"position\":1,\"name\":\"Home\",\"item\":\"https:\\\/\\\/monatglobal.com\\\/es\",\"nextItem\":{\"@type\":\"ListItem\",\"@id\":\"https:\\\/\\\/monatglobal.com\\\/es\\\/bakuchiol\\\/#listItem\",\"name\":\"Bakuchiol Bot\\u00e1nico, loci\\u00f3n vegana alternativa al retinol.\"}},{\"@type\":\"ListItem\",\"@id\":\"https:\\\/\\\/monatglobal.com\\\/es\\\/bakuchiol\\\/#listItem\",\"position\":2,\"name\":\"Bakuchiol Bot\\u00e1nico, loci\\u00f3n vegana alternativa al retinol.\",\"previousItem\":{\"@type\":\"ListItem\",\"@id\":\"https:\\\/\\\/monatglobal.com\\\/es#listItem\",\"name\":\"Home\"}}]},{\"@type\":\"Organization\",\"@id\":\"https:\\\/\\\/monatglobal.com\\\/es\\\/#organization\",\"name\":\"MONAT Espa\\u00f1a\",\"description\":\"We Are Modern Nature\\u00ae\",\"url\":\"https:\\\/\\\/monatglobal.com\\\/es\\\/\"},{\"@type\":\"WebPage\",\"@id\":\"https:\\\/\\\/monatglobal.com\\\/es\\\/bakuchiol\\\/#webpage\",\"url\":\"https:\\\/\\\/monatglobal.com\\\/es\\\/bakuchiol\\\/\",\"name\":\"Bakuchiol Bot\\u00e1nico, loci\\u00f3n vegana alternativa al retinol. - MONAT Espa\\u00f1a\",\"description\":\"Bakuchiol Bot\\u00e1nico Loci\\u00f3n vegana alternativa al retinol. Una ligera loci\\u00f3n vegana alternativa al retinol de r\\u00e1pida absorci\\u00f3n y agradable para usar a diario de manera segura. 30 ml \\u212e 1 fl oz Precio de venta Cliente00.00 \\u20ac Precio Cliente VIP00.00 \\u20ac Para saber m\\u00e1s sobre Bakuchiol Bot\\u00e1nico, loci\\u00f3n vegana alternativa al retinol ponte en contacto con\",\"inLanguage\":\"en-US\",\"isPartOf\":{\"@id\":\"https:\\\/\\\/monatglobal.com\\\/es\\\/#website\"},\"breadcrumb\":{\"@id\":\"https:\\\/\\\/monatglobal.com\\\/es\\\/bakuchiol\\\/#breadcrumblist\"},\"image\":{\"@type\":\"ImageObject\",\"url\":\"https:\\\/\\\/monatglobal.com\\\/es\\\/wp-content\\\/uploads\\\/sites\\\/10\\\/2021\\\/12\\\/Bakuchiol-Botanic-ecomm.png\",\"@id\":\"https:\\\/\\\/monatglobal.com\\\/es\\\/bakuchiol\\\/#mainImage\",\"width\":641,\"height\":800},\"primaryImageOfPage\":{\"@id\":\"https:\\\/\\\/monatglobal.com\\\/es\\\/bakuchiol\\\/#mainImage\"},\"datePublished\":\"2022-02-21T09:00:25+00:00\",\"dateModified\":\"2026-02-24T19:07:13+00:00\"},{\"@type\":\"WebSite\",\"@id\":\"https:\\\/\\\/monatglobal.com\\\/es\\\/#website\",\"url\":\"https:\\\/\\\/monatglobal.com\\\/es\\\/\",\"name\":\"MONAT Espa\\u00f1a\",\"description\":\"We Are Modern Nature\\u00ae\",\"inLanguage\":\"en-US\",\"publisher\":{\"@id\":\"https:\\\/\\\/monatglobal.com\\\/es\\\/#organization\"}}]}\n\t\t<\/script>\n\t\t<!-- All in One SEO Pro -->\r\n\t\t<title>Bakuchiol Bot\u00e1nico, loci\u00f3n vegana alternativa al retinol. - MONAT Espa\u00f1a<\/title>\n\n","aioseo_head_json":{"title":"Bakuchiol Bot\u00e1nico, loci\u00f3n vegana alternativa al retinol. - MONAT Espa\u00f1a","description":"Bakuchiol Bot\u00e1nico Loci\u00f3n vegana alternativa al retinol. Una ligera loci\u00f3n vegana alternativa al retinol de r\u00e1pida absorci\u00f3n y agradable para usar a diario de manera segura. 30 ml \u212e 1 fl oz Precio de venta Cliente00.00 \u20ac Precio Cliente VIP00.00 \u20ac Para saber m\u00e1s sobre Bakuchiol Bot\u00e1nico, loci\u00f3n vegana alternativa al retinol ponte en contacto con","canonical_url":"https:\/\/monatglobal.com\/es\/bakuchiol\/","robots":"max-image-preview:large","keywords":"","webmasterTools":{"miscellaneous":""},"schema":{"@context":"https:\/\/schema.org","@graph":[{"@type":"BreadcrumbList","@id":"https:\/\/monatglobal.com\/es\/bakuchiol\/#breadcrumblist","itemListElement":[{"@type":"ListItem","@id":"https:\/\/monatglobal.com\/es#listItem","position":1,"name":"Home","item":"https:\/\/monatglobal.com\/es","nextItem":{"@type":"ListItem","@id":"https:\/\/monatglobal.com\/es\/bakuchiol\/#listItem","name":"Bakuchiol Bot\u00e1nico, loci\u00f3n vegana alternativa al retinol."}},{"@type":"ListItem","@id":"https:\/\/monatglobal.com\/es\/bakuchiol\/#listItem","position":2,"name":"Bakuchiol Bot\u00e1nico, loci\u00f3n vegana alternativa al retinol.","previousItem":{"@type":"ListItem","@id":"https:\/\/monatglobal.com\/es#listItem","name":"Home"}}]},{"@type":"Organization","@id":"https:\/\/monatglobal.com\/es\/#organization","name":"MONAT Espa\u00f1a","description":"We Are Modern Nature\u00ae","url":"https:\/\/monatglobal.com\/es\/"},{"@type":"WebPage","@id":"https:\/\/monatglobal.com\/es\/bakuchiol\/#webpage","url":"https:\/\/monatglobal.com\/es\/bakuchiol\/","name":"Bakuchiol Bot\u00e1nico, loci\u00f3n vegana alternativa al retinol. - MONAT Espa\u00f1a","description":"Bakuchiol Bot\u00e1nico Loci\u00f3n vegana alternativa al retinol. Una ligera loci\u00f3n vegana alternativa al retinol de r\u00e1pida absorci\u00f3n y agradable para usar a diario de manera segura. 30 ml \u212e 1 fl oz Precio de venta Cliente00.00 \u20ac Precio Cliente VIP00.00 \u20ac Para saber m\u00e1s sobre Bakuchiol Bot\u00e1nico, loci\u00f3n vegana alternativa al retinol ponte en contacto con","inLanguage":"en-US","isPartOf":{"@id":"https:\/\/monatglobal.com\/es\/#website"},"breadcrumb":{"@id":"https:\/\/monatglobal.com\/es\/bakuchiol\/#breadcrumblist"},"image":{"@type":"ImageObject","url":"https:\/\/monatglobal.com\/es\/wp-content\/uploads\/sites\/10\/2021\/12\/Bakuchiol-Botanic-ecomm.png","@id":"https:\/\/monatglobal.com\/es\/bakuchiol\/#mainImage","width":641,"height":800},"primaryImageOfPage":{"@id":"https:\/\/monatglobal.com\/es\/bakuchiol\/#mainImage"},"datePublished":"2022-02-21T09:00:25+00:00","dateModified":"2026-02-24T19:07:13+00:00"},{"@type":"WebSite","@id":"https:\/\/monatglobal.com\/es\/#website","url":"https:\/\/monatglobal.com\/es\/","name":"MONAT Espa\u00f1a","description":"We Are Modern Nature\u00ae","inLanguage":"en-US","publisher":{"@id":"https:\/\/monatglobal.com\/es\/#organization"}}]},"og:locale":"en_US","og:site_name":"MONAT Espa\u00f1a - We Are Modern Nature\u00ae","og:type":"article","og:title":"Bakuchiol Bot\u00e1nico, loci\u00f3n vegana alternativa al retinol. - MONAT Espa\u00f1a","og:description":"Bakuchiol Bot\u00e1nico Loci\u00f3n vegana alternativa al retinol. Una ligera loci\u00f3n vegana alternativa al retinol de r\u00e1pida absorci\u00f3n y agradable para usar a diario de manera segura. 30 ml \u212e 1 fl oz Precio de venta Cliente00.00 \u20ac Precio Cliente VIP00.00 \u20ac Para saber m\u00e1s sobre Bakuchiol Bot\u00e1nico, loci\u00f3n vegana alternativa al retinol ponte en contacto con","og:url":"https:\/\/monatglobal.com\/es\/bakuchiol\/","article:published_time":"2022-02-21T09:00:25+00:00","article:modified_time":"2026-02-24T19:07:13+00:00","twitter:card":"summary_large_image","twitter:title":"Bakuchiol Bot\u00e1nico, loci\u00f3n vegana alternativa al retinol. - MONAT Espa\u00f1a","twitter:description":"Bakuchiol Bot\u00e1nico Loci\u00f3n vegana alternativa al retinol. Una ligera loci\u00f3n vegana alternativa al retinol de r\u00e1pida absorci\u00f3n y agradable para usar a diario de manera segura. 30 ml \u212e 1 fl oz Precio de venta Cliente00.00 \u20ac Precio Cliente VIP00.00 \u20ac Para saber m\u00e1s sobre Bakuchiol Bot\u00e1nico, loci\u00f3n vegana alternativa al retinol ponte en contacto con"},"aioseo_meta_data":{"post_id":"69574","title":null,"description":null,"keywords":null,"keyphrases":null,"primary_term":null,"canonical_url":null,"og_title":null,"og_description":null,"og_object_type":"default","og_image_type":"default","og_image_url":null,"og_image_width":null,"og_image_height":null,"og_image_custom_url":null,"og_image_custom_fields":null,"og_video":null,"og_custom_url":null,"og_article_section":null,"og_article_tags":null,"twitter_use_og":false,"twitter_card":"default","twitter_image_type":"default","twitter_image_url":null,"twitter_image_custom_url":null,"twitter_image_custom_fields":null,"twitter_title":null,"twitter_description":null,"schema":{"blockGraphs":[],"customGraphs":[],"default":{"data":{"Article":[],"Course":[],"Dataset":[],"FAQPage":[],"Movie":[],"Person":[],"Product":[],"ProductReview":[],"Car":[],"Recipe":[],"Service":[],"SoftwareApplication":[],"WebPage":[]},"graphName":"WebPage","isEnabled":true},"graphs":[]},"schema_type":"default","schema_type_options":null,"pillar_content":false,"robots_default":true,"robots_noindex":false,"robots_noarchive":false,"robots_nosnippet":false,"robots_nofollow":false,"robots_noimageindex":false,"robots_noodp":false,"robots_notranslate":false,"robots_max_snippet":null,"robots_max_videopreview":null,"robots_max_imagepreview":"large","priority":null,"frequency":null,"local_seo":null,"seo_analyzer_scan_date":"2026-02-24 19:14:35","limit_modified_date":false,"reviewed_by":null,"open_ai":null,"ai":null,"created":"2023-07-26 09:27:25","updated":"2026-02-24 19:14:35"},"aioseo_breadcrumb":"<div class=\"aioseo-breadcrumbs\"><span class=\"aioseo-breadcrumb\">\n\t<a href=\"https:\/\/monatglobal.com\/es\" title=\"Home\">Home<\/a>\n<\/span><span class=\"aioseo-breadcrumb-separator\">&raquo;<\/span><span class=\"aioseo-breadcrumb\">\n\tBakuchiol Bot\u00e1nico, loci\u00f3n vegana alternativa al retinol.\n<\/span><\/div>","aioseo_breadcrumb_json":[{"label":"Home","link":"https:\/\/monatglobal.com\/es"},{"label":"Bakuchiol Bot\u00e1nico, loci\u00f3n vegana alternativa al retinol.","link":"https:\/\/monatglobal.com\/es\/bakuchiol\/"}],"_links":{"self":[{"href":"https:\/\/monatglobal.com\/es\/wp-json\/wp\/v2\/pages\/69574","targetHints":{"allow":["GET"]}}],"collection":[{"href":"https:\/\/monatglobal.com\/es\/wp-json\/wp\/v2\/pages"}],"about":[{"href":"https:\/\/monatglobal.com\/es\/wp-json\/wp\/v2\/types\/page"}],"author":[{"embeddable":true,"href":"https:\/\/monatglobal.com\/es\/wp-json\/wp\/v2\/users\/31"}],"replies":[{"embeddable":true,"href":"https:\/\/monatglobal.com\/es\/wp-json\/wp\/v2\/comments?post=69574"}],"version-history":[{"count":24,"href":"https:\/\/monatglobal.com\/es\/wp-json\/wp\/v2\/pages\/69574\/revisions"}],"predecessor-version":[{"id":109255,"href":"https:\/\/monatglobal.com\/es\/wp-json\/wp\/v2\/pages\/69574\/revisions\/109255"}],"wp:featuredmedia":[{"embeddable":true,"href":"https:\/\/monatglobal.com\/es\/wp-json\/wp\/v2\/media\/71875"}],"wp:attachment":[{"href":"https:\/\/monatglobal.com\/es\/wp-json\/wp\/v2\/media?parent=69574"}],"wp:term":[{"taxonomy":"category","embeddable":true,"href":"https:\/\/monatglobal.com\/es\/wp-json\/wp\/v2\/categories?post=69574"},{"taxonomy":"post_tag","embeddable":true,"href":"https:\/\/monatglobal.com\/es\/wp-json\/wp\/v2\/tags?post=69574"}],"curies":[{"name":"wp","href":"https:\/\/api.w.org\/{rel}","templated":true}]}}