{"id":69573,"date":"2022-01-28T16:16:20","date_gmt":"2022-01-28T16:16:20","guid":{"rendered":"https:\/\/monatglobal.com\/es\/?page_id=67747"},"modified":"2024-03-06T20:31:31","modified_gmt":"2024-03-06T20:31:31","slug":"before-and-after-submit","status":"publish","type":"page","link":"https:\/\/monatglobal.com\/es\/before-and-after-submit\/","title":{"rendered":"Antes y Despu\u00e9s"},"content":{"rendered":"\n\n         <h1>Antes y Despu\u00e9s<\/h1>\n         <h2>COMPARTE <br \/>TUS FOTOS DE <br \/>ANTES Y DESPU\u00c9S<\/h2>\n               <p>Antes de usar un <br \/>desenredante de nudos<\/p>\n               Despu\u00e9s de usar un <br \/>desenredante de nudos\n               <h2>\u00a1Gracias por compartir tus fotos del Antes y Despu\u00e9s con&nbsp;nosotros!<\/h2>\n               Si ya has publicado una de tus fotos del Antes y Despu\u00e9s, por favor, no subas la misma. \n               \u00a1Nos gustar\u00eda ver algo&nbsp;nuevo!\n                       * Si eres estilista y te gustar\u00eda subir varias fotos del Antes y Despu\u00e9s, env\u00eda un correo electr\u00f3nico a \n                       <a href=\"mailto:marketing@monatglobal.com\">marketing@monatglobal.com<\/a>.\n            <hr id=\"Guidelines\"\/>\n         <h3>Consejos para unas fotos de&nbsp;\u00e9xito:<\/h3>\n         <p>Cuando hagas y subas tus fotos del antes y del despu\u00e9s, sigue las siguientes instrucciones de c\u00f3mo&nbsp;hacerlo:<\/p>\n               <h2>Requisitos para los productos MONAT del Cuidado del&nbsp;cabello:<\/h2>\n                    <p>\/ Todas las entregas deben mostrar resultados y fotos&nbsp;aut\u00e9nticos.<\/p>\n                    <p>\/ Para la foto del \u00abAntes\u00bb, aseg\u00farate de que el pelo no tiene ning\u00fan producto del cuidado del cabello aplicado. La foto del \u00abDespu\u00e9s\u00bb debe contener \u00daNICAMENTE los resultados del uso de los productos&nbsp;MONAT.<\/p>\n                    <p>\/ Indica el periodo de tiempo en el que has usado el producto. Ejemplo de la etiqueta: La foto del antes dir\u00eda \u00abD\u00eda 1 usando [nombre del producto]\u00bb, y la foto del despu\u00e9s dir\u00eda \u00abD\u00eda 30 usando [nombre del&nbsp;producto]\u00bb.<\/p>\n                    <p>\/ Dinos la frecuencia y durante cu\u00e1nto tiempo usaste el producto&nbsp;MONAT.<\/p>\n                    <p>\/ Enumera el nombre de los productos MONAT&nbsp;usados.<\/p>\n                    <a href=\"\/?page_id=69573#form\">SUBIR IM\u00c1GENES<\/a>\n               <h2>Requisitos para los productos MONAT del Cuidado de la&nbsp;piel:<\/h2>\n                    <p>\/ Todas las entregas deben mostrar resultados y fotos&nbsp;aut\u00e9nticos.<\/p>\n                    \/ Para las fotos del antes y el despu\u00e9s en las que se muestren productos para el cuidado de la piel, \n                    se puede usar maquillaje siempre que no altere el impacto de los resultados. La foto del \u00abDespu\u00e9s\u00bb debe contener \u00daNICAMENTE los resultados del uso de los productos&nbsp;MONAT.\n                    <p>\/ No dejes que el cabello cubra el&nbsp;rostro.<\/p>\n                    <p>\/ Indica el periodo de tiempo en el que has usado el producto. Ejemplo de la etiqueta: la foto del antes dir\u00eda \u00abD\u00eda 1 usando [nombre del producto]\u00bb, y la foto del despu\u00e9s dir\u00eda \u00abD\u00eda 30 usando [nombre del&nbsp;producto]\u00bb.<\/p>\n                    <p>\/ Dinos la frecuencia y durante cu\u00e1nto tiempo usaste el producto&nbsp;MONAT.<\/p>\n                    <p>\/ Enumera el nombre de los productos MONAT&nbsp;usados.<\/p>\n                    <a href=\"\/?page_id=69573#form\">SUBIR IM\u00c1GENES<\/a>\n         <h3>Otros requisitos necesarios:<\/h3>\n                <p>\/ Todas las fotos que se suban deber\u00e1n apoyar y ser consistentes con las afirmaciones del producto&nbsp;MONAT.<\/p>\n                <p>\/ Se debe usar la misma iluminaci\u00f3n, el mismo \u00e1ngulo de c\u00e1mara (se prefiere frontal), la misma pose y un fondo neutro\/s\u00f3lido en todas las&nbsp;fotos.<\/p>\n                <p>\/ NO se permiten retoques, ediciones de foto o&nbsp;filtros.<\/p>\n                \/ Para las fotos con los productos para el Cuidado del cabello MONAT del Antes y Despu\u00e9s SOLO se permite maquillaje facial. \n                El dise\u00f1o del maquillaje y\/o los colores y texturas DEBE ser el mismo en ambas&nbsp;fotograf\u00edas.\n                \/ Las fotos deben tener una alta resoluci\u00f3n (al menos 300 dpi o superior). \n                Usa los ajustes de alta definici\u00f3n de tu c\u00e1mara o&nbsp;tel\u00e9fono.\n                <p>\/ Las fotos deben ser de ti y se te debe reconocer como la misma persona en&nbsp;ambas.<\/p>\n                <p>\/ Incluye la fecha en la que fueron tomadas las fotos y anota la duraci\u00f3n entre la foto del antes y la de&nbsp;despu\u00e9s.<\/p>\n                \/ Si las fotos las hace un\/a fot\u00f3grafo\/a, aseg\u00farate de tener su permiso para usarlas en las redes de MONAT, \n                las redes sociales o materiales de&nbsp;promoci\u00f3n.\n                <p>\/ Ten copias firmadas y fechadas de tus fotos de Antes y Despu\u00e9s, testimonios y&nbsp;verificaciones.<\/p>\n                <p>\/ Incluye tus datos de contacto, incluido el ID de Market Partner de MONAT, nombre completo, direcci\u00f3n, n\u00famero de tel\u00e9fono y correo&nbsp;electr\u00f3nico.<\/p>\n\t<strong>CL\u00c1USULA DE EXENCI\u00d3N DE RESPONSABILIDAD: <\/strong>\nNo todo el mundo obtendr\u00e1 los mismos resultados. Los resultados pueden variar dependiendo de factores individuales como la edad, los productos utilizados, el g\u00e9nero, la salud, la dieta y el estilo de vida. Todas las fotos enviadas ser\u00e1n propiedad de MONAT. MONAT ser\u00e1 libre de usar dichas fotograf\u00edas en sus materiales de marketing y en cualquier medio de comunicaci\u00f3n, incluidas las redes sociales. Al enviar tus fotos a MONAT, confirmas que eres mayor de edad y que cedes a MONAT, y a cualquier persona autorizada por MONAT, el derecho y la licencia absolutos e irrevocables de utilizar, reproducir, editar, exhibir, proyectar, exponer, registrar los derechos de autor y\/o publicar y difundir las fotos en todas las formas y medios de comunicaci\u00f3n con fines art\u00edsticos, publicitarios, de exhibici\u00f3n p\u00fablica, exposiciones y\/o cualquier otro prop\u00f3sito. Tambi\u00e9n aceptas que no ser\u00e1s recompensado\/a o recibir\u00e1s ning\u00fan dinero, premio o remuneraci\u00f3n a cambio del uso que haga MONAT de tus fotograf\u00edas. El env\u00edo de una foto o testimonio no garantiza que estos sean seleccionados por MONAT para su uso promocional.\n\n\n","protected":false},"excerpt":{"rendered":"<p>Antes y Despu\u00e9s COMPARTE TUS FOTOS DE ANTES Y DESPU\u00c9S Antes de usar un desenredante de nudos Despu\u00e9s de usar un desenredante de nudos \u00a1Gracias por compartir tus fotos del Antes y Despu\u00e9s con&nbsp;nosotros! Si ya has publicado una de tus fotos del Antes y Despu\u00e9s, por favor, no subas la misma. \u00a1Nos gustar\u00eda ver&hellip;<\/p>\n","protected":false},"author":31,"featured_media":0,"parent":0,"menu_order":0,"comment_status":"closed","ping_status":"closed","template":"","meta":{"inline_featured_image":false,"om_disable_all_campaigns":false,"_monsterinsights_skip_tracking":false,"_monsterinsights_sitenote_active":false,"_monsterinsights_sitenote_note":"","_monsterinsights_sitenote_category":0,"footnotes":""},"categories":[],"tags":[],"class_list":["post-69573","page","type-page","status-publish","hentry"],"aioseo_notices":[],"aioseo_head":"\n\t\t<!-- All in One SEO Pro 4.9.5.2 - aioseo.com -->\n\t<meta name=\"description\" content=\"Antes y Despu\u00e9s COMPARTE TUS FOTOS DE ANTES Y DESPU\u00c9S Antes de usar un desenredante de nudos Despu\u00e9s de usar un desenredante de nudos \u00a1Gracias por compartir tus fotos del Antes y Despu\u00e9s con nosotros! Si ya has publicado una de tus fotos del Antes y Despu\u00e9s, por favor, no subas la misma. \u00a1Nos gustar\u00eda ver\" \/>\n\t<meta name=\"robots\" content=\"max-image-preview:large\" \/>\n\t<link rel=\"canonical\" href=\"https:\/\/monatglobal.com\/es\/before-and-after-submit\/\" \/>\n\t<meta name=\"generator\" content=\"All in One SEO Pro (AIOSEO) 4.9.5.2\" \/>\n\t\t<meta property=\"og:locale\" content=\"en_US\" \/>\n\t\t<meta property=\"og:site_name\" content=\"MONAT Espa\u00f1a - We Are Modern Nature\u00ae\" \/>\n\t\t<meta property=\"og:type\" content=\"article\" \/>\n\t\t<meta property=\"og:title\" content=\"Antes y Despu\u00e9s - MONAT Espa\u00f1a\" \/>\n\t\t<meta property=\"og:description\" content=\"Antes y Despu\u00e9s COMPARTE TUS FOTOS DE ANTES Y DESPU\u00c9S Antes de usar un desenredante de nudos Despu\u00e9s de usar un desenredante de nudos \u00a1Gracias por compartir tus fotos del Antes y Despu\u00e9s con nosotros! Si ya has publicado una de tus fotos del Antes y Despu\u00e9s, por favor, no subas la misma. \u00a1Nos gustar\u00eda ver\" \/>\n\t\t<meta property=\"og:url\" content=\"https:\/\/monatglobal.com\/es\/before-and-after-submit\/\" \/>\n\t\t<meta property=\"article:published_time\" content=\"2022-01-28T16:16:20+00:00\" \/>\n\t\t<meta property=\"article:modified_time\" content=\"2024-03-06T20:31:31+00:00\" \/>\n\t\t<meta name=\"twitter:card\" content=\"summary_large_image\" \/>\n\t\t<meta name=\"twitter:title\" content=\"Antes y Despu\u00e9s - MONAT Espa\u00f1a\" \/>\n\t\t<meta name=\"twitter:description\" content=\"Antes y Despu\u00e9s COMPARTE TUS FOTOS DE ANTES Y DESPU\u00c9S Antes de usar un desenredante de nudos Despu\u00e9s de usar un desenredante de nudos \u00a1Gracias por compartir tus fotos del Antes y Despu\u00e9s con nosotros! Si ya has publicado una de tus fotos del Antes y Despu\u00e9s, por favor, no subas la misma. \u00a1Nos gustar\u00eda ver\" \/>\n\t\t<script type=\"application\/ld+json\" class=\"aioseo-schema\">\n\t\t\t{\"@context\":\"https:\\\/\\\/schema.org\",\"@graph\":[{\"@type\":\"BreadcrumbList\",\"@id\":\"https:\\\/\\\/monatglobal.com\\\/es\\\/before-and-after-submit\\\/#breadcrumblist\",\"itemListElement\":[{\"@type\":\"ListItem\",\"@id\":\"https:\\\/\\\/monatglobal.com\\\/es#listItem\",\"position\":1,\"name\":\"Home\",\"item\":\"https:\\\/\\\/monatglobal.com\\\/es\",\"nextItem\":{\"@type\":\"ListItem\",\"@id\":\"https:\\\/\\\/monatglobal.com\\\/es\\\/before-and-after-submit\\\/#listItem\",\"name\":\"Antes y Despu\\u00e9s\"}},{\"@type\":\"ListItem\",\"@id\":\"https:\\\/\\\/monatglobal.com\\\/es\\\/before-and-after-submit\\\/#listItem\",\"position\":2,\"name\":\"Antes y Despu\\u00e9s\",\"previousItem\":{\"@type\":\"ListItem\",\"@id\":\"https:\\\/\\\/monatglobal.com\\\/es#listItem\",\"name\":\"Home\"}}]},{\"@type\":\"Organization\",\"@id\":\"https:\\\/\\\/monatglobal.com\\\/es\\\/#organization\",\"name\":\"MONAT Espa\\u00f1a\",\"description\":\"We Are Modern Nature\\u00ae\",\"url\":\"https:\\\/\\\/monatglobal.com\\\/es\\\/\"},{\"@type\":\"WebPage\",\"@id\":\"https:\\\/\\\/monatglobal.com\\\/es\\\/before-and-after-submit\\\/#webpage\",\"url\":\"https:\\\/\\\/monatglobal.com\\\/es\\\/before-and-after-submit\\\/\",\"name\":\"Antes y Despu\\u00e9s - MONAT Espa\\u00f1a\",\"description\":\"Antes y Despu\\u00e9s COMPARTE TUS FOTOS DE ANTES Y DESPU\\u00c9S Antes de usar un desenredante de nudos Despu\\u00e9s de usar un desenredante de nudos \\u00a1Gracias por compartir tus fotos del Antes y Despu\\u00e9s con nosotros! Si ya has publicado una de tus fotos del Antes y Despu\\u00e9s, por favor, no subas la misma. \\u00a1Nos gustar\\u00eda ver\",\"inLanguage\":\"en-US\",\"isPartOf\":{\"@id\":\"https:\\\/\\\/monatglobal.com\\\/es\\\/#website\"},\"breadcrumb\":{\"@id\":\"https:\\\/\\\/monatglobal.com\\\/es\\\/before-and-after-submit\\\/#breadcrumblist\"},\"datePublished\":\"2022-01-28T16:16:20+00:00\",\"dateModified\":\"2024-03-06T20:31:31+00:00\"},{\"@type\":\"WebSite\",\"@id\":\"https:\\\/\\\/monatglobal.com\\\/es\\\/#website\",\"url\":\"https:\\\/\\\/monatglobal.com\\\/es\\\/\",\"name\":\"MONAT Espa\\u00f1a\",\"description\":\"We Are Modern Nature\\u00ae\",\"inLanguage\":\"en-US\",\"publisher\":{\"@id\":\"https:\\\/\\\/monatglobal.com\\\/es\\\/#organization\"}}]}\n\t\t<\/script>\n\t\t<!-- All in One SEO Pro -->\r\n\t\t<title>Antes y Despu\u00e9s - MONAT Espa\u00f1a<\/title>\n\n","aioseo_head_json":{"title":"Antes y Despu\u00e9s - MONAT Espa\u00f1a","description":"Antes y Despu\u00e9s COMPARTE TUS FOTOS DE ANTES Y DESPU\u00c9S Antes de usar un desenredante de nudos Despu\u00e9s de usar un desenredante de nudos \u00a1Gracias por compartir tus fotos del Antes y Despu\u00e9s con nosotros! Si ya has publicado una de tus fotos del Antes y Despu\u00e9s, por favor, no subas la misma. \u00a1Nos gustar\u00eda ver","canonical_url":"https:\/\/monatglobal.com\/es\/before-and-after-submit\/","robots":"max-image-preview:large","keywords":"","webmasterTools":{"miscellaneous":""},"schema":{"@context":"https:\/\/schema.org","@graph":[{"@type":"BreadcrumbList","@id":"https:\/\/monatglobal.com\/es\/before-and-after-submit\/#breadcrumblist","itemListElement":[{"@type":"ListItem","@id":"https:\/\/monatglobal.com\/es#listItem","position":1,"name":"Home","item":"https:\/\/monatglobal.com\/es","nextItem":{"@type":"ListItem","@id":"https:\/\/monatglobal.com\/es\/before-and-after-submit\/#listItem","name":"Antes y Despu\u00e9s"}},{"@type":"ListItem","@id":"https:\/\/monatglobal.com\/es\/before-and-after-submit\/#listItem","position":2,"name":"Antes y Despu\u00e9s","previousItem":{"@type":"ListItem","@id":"https:\/\/monatglobal.com\/es#listItem","name":"Home"}}]},{"@type":"Organization","@id":"https:\/\/monatglobal.com\/es\/#organization","name":"MONAT Espa\u00f1a","description":"We Are Modern Nature\u00ae","url":"https:\/\/monatglobal.com\/es\/"},{"@type":"WebPage","@id":"https:\/\/monatglobal.com\/es\/before-and-after-submit\/#webpage","url":"https:\/\/monatglobal.com\/es\/before-and-after-submit\/","name":"Antes y Despu\u00e9s - MONAT Espa\u00f1a","description":"Antes y Despu\u00e9s COMPARTE TUS FOTOS DE ANTES Y DESPU\u00c9S Antes de usar un desenredante de nudos Despu\u00e9s de usar un desenredante de nudos \u00a1Gracias por compartir tus fotos del Antes y Despu\u00e9s con nosotros! Si ya has publicado una de tus fotos del Antes y Despu\u00e9s, por favor, no subas la misma. \u00a1Nos gustar\u00eda ver","inLanguage":"en-US","isPartOf":{"@id":"https:\/\/monatglobal.com\/es\/#website"},"breadcrumb":{"@id":"https:\/\/monatglobal.com\/es\/before-and-after-submit\/#breadcrumblist"},"datePublished":"2022-01-28T16:16:20+00:00","dateModified":"2024-03-06T20:31:31+00:00"},{"@type":"WebSite","@id":"https:\/\/monatglobal.com\/es\/#website","url":"https:\/\/monatglobal.com\/es\/","name":"MONAT Espa\u00f1a","description":"We Are Modern Nature\u00ae","inLanguage":"en-US","publisher":{"@id":"https:\/\/monatglobal.com\/es\/#organization"}}]},"og:locale":"en_US","og:site_name":"MONAT Espa\u00f1a - We Are Modern Nature\u00ae","og:type":"article","og:title":"Antes y Despu\u00e9s - MONAT Espa\u00f1a","og:description":"Antes y Despu\u00e9s COMPARTE TUS FOTOS DE ANTES Y DESPU\u00c9S Antes de usar un desenredante de nudos Despu\u00e9s de usar un desenredante de nudos \u00a1Gracias por compartir tus fotos del Antes y Despu\u00e9s con nosotros! Si ya has publicado una de tus fotos del Antes y Despu\u00e9s, por favor, no subas la misma. \u00a1Nos gustar\u00eda ver","og:url":"https:\/\/monatglobal.com\/es\/before-and-after-submit\/","article:published_time":"2022-01-28T16:16:20+00:00","article:modified_time":"2024-03-06T20:31:31+00:00","twitter:card":"summary_large_image","twitter:title":"Antes y Despu\u00e9s - MONAT Espa\u00f1a","twitter:description":"Antes y Despu\u00e9s COMPARTE TUS FOTOS DE ANTES Y DESPU\u00c9S Antes de usar un desenredante de nudos Despu\u00e9s de usar un desenredante de nudos \u00a1Gracias por compartir tus fotos del Antes y Despu\u00e9s con nosotros! Si ya has publicado una de tus fotos del Antes y Despu\u00e9s, por favor, no subas la misma. \u00a1Nos gustar\u00eda ver"},"aioseo_meta_data":{"post_id":"69573","title":null,"description":null,"keywords":[],"keyphrases":{"focus":{"keyphrase":"","score":0,"analysis":{"keyphraseInTitle":{"score":0,"maxScore":9,"error":1}}},"additional":[]},"primary_term":null,"canonical_url":null,"og_title":null,"og_description":null,"og_object_type":"default","og_image_type":"default","og_image_url":null,"og_image_width":null,"og_image_height":null,"og_image_custom_url":null,"og_image_custom_fields":null,"og_video":"","og_custom_url":null,"og_article_section":null,"og_article_tags":[],"twitter_use_og":false,"twitter_card":"default","twitter_image_type":"default","twitter_image_url":null,"twitter_image_custom_url":null,"twitter_image_custom_fields":null,"twitter_title":null,"twitter_description":null,"schema":{"blockGraphs":[],"customGraphs":[],"default":{"data":{"Article":[],"Course":[],"Dataset":[],"FAQPage":[],"Movie":[],"Person":[],"Product":[],"ProductReview":[],"Car":[],"Recipe":[],"Service":[],"SoftwareApplication":[],"WebPage":[]},"graphName":"WebPage","isEnabled":true},"graphs":[]},"schema_type":"default","schema_type_options":null,"pillar_content":false,"robots_default":true,"robots_noindex":false,"robots_noarchive":false,"robots_nosnippet":false,"robots_nofollow":false,"robots_noimageindex":false,"robots_noodp":false,"robots_notranslate":false,"robots_max_snippet":"-1","robots_max_videopreview":"-1","robots_max_imagepreview":"large","priority":null,"frequency":"default","local_seo":null,"seo_analyzer_scan_date":"2025-08-14 17:49:39","limit_modified_date":false,"reviewed_by":null,"open_ai":"{\"title\":{\"suggestions\":[],\"usage\":0},\"description\":{\"suggestions\":[],\"usage\":0}}","ai":null,"created":"2023-07-26 09:27:24","updated":"2025-08-14 17:49:39"},"aioseo_breadcrumb":"<div class=\"aioseo-breadcrumbs\"><span class=\"aioseo-breadcrumb\">\n\t<a href=\"https:\/\/monatglobal.com\/es\" title=\"Home\">Home<\/a>\n<\/span><span class=\"aioseo-breadcrumb-separator\">&raquo;<\/span><span class=\"aioseo-breadcrumb\">\n\tAntes y Despu\u00e9s\n<\/span><\/div>","aioseo_breadcrumb_json":[{"label":"Home","link":"https:\/\/monatglobal.com\/es"},{"label":"Antes y Despu\u00e9s","link":"https:\/\/monatglobal.com\/es\/before-and-after-submit\/"}],"_links":{"self":[{"href":"https:\/\/monatglobal.com\/es\/wp-json\/wp\/v2\/pages\/69573","targetHints":{"allow":["GET"]}}],"collection":[{"href":"https:\/\/monatglobal.com\/es\/wp-json\/wp\/v2\/pages"}],"about":[{"href":"https:\/\/monatglobal.com\/es\/wp-json\/wp\/v2\/types\/page"}],"author":[{"embeddable":true,"href":"https:\/\/monatglobal.com\/es\/wp-json\/wp\/v2\/users\/31"}],"replies":[{"embeddable":true,"href":"https:\/\/monatglobal.com\/es\/wp-json\/wp\/v2\/comments?post=69573"}],"version-history":[{"count":5,"href":"https:\/\/monatglobal.com\/es\/wp-json\/wp\/v2\/pages\/69573\/revisions"}],"predecessor-version":[{"id":84163,"href":"https:\/\/monatglobal.com\/es\/wp-json\/wp\/v2\/pages\/69573\/revisions\/84163"}],"wp:attachment":[{"href":"https:\/\/monatglobal.com\/es\/wp-json\/wp\/v2\/media?parent=69573"}],"wp:term":[{"taxonomy":"category","embeddable":true,"href":"https:\/\/monatglobal.com\/es\/wp-json\/wp\/v2\/categories?post=69573"},{"taxonomy":"post_tag","embeddable":true,"href":"https:\/\/monatglobal.com\/es\/wp-json\/wp\/v2\/tags?post=69573"}],"curies":[{"name":"wp","href":"https:\/\/api.w.org\/{rel}","templated":true}]}}